{"id":418,"date":"2021-09-11T15:55:13","date_gmt":"2021-09-11T12:55:13","guid":{"rendered":"https:\/\/www.myvize.com.tr\/cin\/?page_id=418"},"modified":"2022-04-04T13:44:03","modified_gmt":"2022-04-04T10:44:03","slug":"cin-vize-reddi","status":"publish","type":"page","link":"https:\/\/www.myvize.com.tr\/cin\/cin-vize-reddi\/","title":{"rendered":"\u00c7in Vize Reddi"},"content":{"rendered":"<h2><strong><span style=\"font-family: Roboto; font-size: 27px;\">\u00c7in Vize Reddi 2022<\/span><\/strong><\/h2>\n<p><span style=\"font-family: Roboto; font-size: 14px;\">\u00c7in\u2019e seyahat edecek olan Umuma Mahsus sahipleri seyahatleri \u00f6ncesinde <span style=\"color: #2acec2;\"><strong><a style=\"color: #2acec2;\" href=\"https:\/\/www.myvize.com.tr\/cin\/cin-vizesi\/\" target=\"_blank\" rel=\"noopener\">\u00c7in vizesi<\/a><\/strong><\/span> almal\u0131d\u0131r. Diplomatik, Hizmet ve Hususi Pasaport sahibi olan T\u00fcrk vatanda\u015flar\u0131 \u00c7in 30 g\u00fcn\u00fc ge\u00e7meyen seyahatlerde vize almas\u0131na gerek yoktur.<\/span><\/p>\n<p><span style=\"font-family: Roboto; font-size: 14px;\"><strong>\u00c7in vize<\/strong> ba\u015fvurular\u0131 \u00c7in\u2019in T\u00fcrkiye\u2019de bulunan temsilcilikleri taraf\u0131ndan yetkilendirilmi\u015f <strong>vize ba\u015fvuru<\/strong> merkezlerine yap\u0131lmaktad\u0131r. Ancak ba\u015fvurular\u0131 de\u011ferlendirme yetkisi \u00c7in\u2019in Ankara B\u00fcy\u00fckel\u00e7ili\u011fi\u2019ne ve \u00c7in \u0130stanbul Ba\u015fkonsoloslu\u011funa yap\u0131lmal\u0131d\u0131r.<\/span><\/p>\n<p><span style=\"font-family: Roboto; font-size: 14px;\">\u00c7in temsilcilikleri, <strong>\u00c7in vize<\/strong> ba\u015fvurular\u0131n\u0131 b\u00fcy\u00fck oranda olumlu sonu\u00e7land\u0131rmaktad\u0131r. Ancak baz\u0131 durumlarda <strong>\u00c7in vize<\/strong> ba\u015fvurular\u0131 reddedilmektedir. Yaz\u0131n\u0131n devam\u0131nda \u00c7in vize reddine neden olan durumlar a\u015fa\u011f\u0131da verilmi\u015ftir.<\/span><\/p>\n<ul>\n<li><span style=\"font-family: Roboto; font-size: 14px;\"><strong>Evraklardan Kaynakl\u0131 Vize Reddi:\u00a0<\/strong>\u00c7in\u2019e seyahat edecek olan T\u00fcrkiye vatanda\u015flar\u0131 <strong>vize ba\u015fvurusu<\/strong> i\u00e7in istenen evraklar\u0131 \u00c7in temsilciliklerinin belirledi\u011fi \u015fekilde haz\u0131rlamal\u0131d\u0131r. Belgeler g\u00fcncel, y\u0131pranmam\u0131\u015f ve eksiksiz olmal\u0131d\u0131r.<\/span><\/li>\n<li><span style=\"font-family: Roboto; font-size: 14px;\"><strong>Seyahat Sa\u011fl\u0131k Sigortas\u0131:<\/strong>\u00a0\u00c7in seyahatleri s\u0131ras\u0131nda acil sa\u011fl\u0131k durumlar\u0131nda kullan\u0131lmas\u0131 i\u00e7in uluslararas\u0131 ge\u00e7erlili\u011fi olan ve en az 30.000 Euro teminat\u0131 olan Seyahat Sa\u011fl\u0131k Sigortas\u0131 yapt\u0131rmal\u0131d\u0131r.<\/span><\/li>\n<li><span style=\"font-family: Roboto; font-size: 14px;\"><strong>Foto\u011fraftan Kaynakl\u0131 Vize Reddi:<\/strong>\u00a0\u00c7in vize ba\u015fvurusu s\u0131ras\u0131nda istenen foto\u011fraflar biyometrik foto\u011fraf \u00f6zelli\u011fi ta\u015f\u0131mal\u0131d\u0131r. Foto\u011fraflar beyaz fon \u00fczerinde ve y\u00fcz\u00fcn\u00fcz\u00fcn tan\u0131nacak \u015fekilde \u00e7ekilmesi gerekmektedir.<\/span><\/li>\n<li><span style=\"font-family: Roboto; font-size: 14px;\"><strong>Finansal Nedenlerden Vize Reddi:<\/strong>\u00a0\u00c7in seyahatleri boyunca seyahat masraflar\u0131n\u0131 kar\u015f\u0131laman\u0131z istenmektedir. \u00c7in seyahat masraflar\u0131n\u0131z\u0131 kar\u015f\u0131layabilece\u011finizi finansal belgeler ile kan\u0131tlaman\u0131z gerekmektedir.<\/span><\/li>\n<\/ul>\n<p><span style=\"font-family: Roboto; font-size: 14px;\"><span style=\"color: #2acec2;\"><strong><a style=\"color: #2acec2;\" href=\"https:\/\/www.myvize.com.tr\/cin\/vize-islemleri\/cin-vize-ucreti\/\" target=\"_blank\" rel=\"noopener\">\u00c7in Vize \u00dccreti<\/a><\/strong><\/span> ile ilgili bilgi almak i\u00e7in bizi aray\u0131n.<\/span><\/p>\n<h2><span style=\"font-family: Roboto; font-size: 27px;\"><strong>\u00c7in Vize Reddi Hakk\u0131nda<\/strong><\/span><\/h2>\n<p><span style=\"font-family: Roboto; font-size: 14px;\"><strong>\u00c7in Halk Cumhuriyeti vize i\u015flemleri<\/strong> konusunda son derece titiz davranan \u00fclkelerden biridir. Bir\u00e7ok farkl\u0131 vize i\u015fleminin bulunmas\u0131 ve vize kategorilerine uygun evraklar\u0131n eksiksiz olarak haz\u0131rlanmas\u0131 b\u00fcy\u00fck bir \u00f6nem ta\u015f\u0131maktad\u0131r. Bu i\u015flemler s\u0131ras\u0131nda en \u00e7ok dikkat edilmesi gereken konulardan birisi vize t\u00fcr\u00fcne uygun evraklar\u0131n haz\u0131rlanmas\u0131n\u0131n gereklili\u011fidir. Evraklar\u0131n\u0131n eksik haz\u0131rlanmamas\u0131 ya da vize kategorisine uygun davran\u0131lmamas\u0131 vizenizin reddedilmesine neden olmaktad\u0131r.<\/span><\/p>\n<p><span style=\"font-family: Roboto; font-size: 14px;\">Bununla birlikte dikkat etmeniz gereken en \u00f6nemli konu pasaportunuzun uygun olmas\u0131 ve i\u00e7erisinde bo\u015f yaprak olmas\u0131d\u0131r. Buna ek olarak ba\u015fvuru formunu detayl\u0131 bir \u015fekilde doldurmal\u0131 ve her t\u00fcrl\u00fc vize i\u015fleminin eksiksiz yap\u0131lmas\u0131 gereklidir. Vize i\u015flemlerinde en \u00f6nemli konular aras\u0131nda belgelerinizin g\u00fcncel olmas\u0131 da en \u00f6nemli noktalar aras\u0131ndad\u0131r. Bunlara uyulmad\u0131\u011f\u0131nda\u00a0<strong>\u00c7in vize reddi<\/strong>\u00a0alabilirsiniz.<\/span><\/p>\n<p><span style=\"font-family: Roboto; font-size: 14px;\"><strong>\u00c7in vize reddi<\/strong> ald\u0131\u011f\u0131n\u0131z takdirde yat\u0131rd\u0131\u011f\u0131n\u0131z har\u00e7lar\u0131n geri \u00f6denmesi m\u00fcmk\u00fcn de\u011fildir. Bu nedenle vize i\u015flemlerinizi mutlaka eksiksiz yerine getirmeli ve bu i\u015flemleri zaman\u0131nda yap\u0131lmas\u0131 \u00f6nemli olmaktad\u0131r. <strong>\u00c7in Vize reddi<\/strong> ald\u0131\u011f\u0131n\u0131z takdirde itiraz dilek\u00e7esi haz\u0131rlayarak gerekli itirazlar\u0131n\u0131z\u0131 kurumlara yapabilirsiniz. Ancak itirazlar\u0131n\u0131z\u0131 evrak tasdik i\u015flemleri tamamlan\u0131r vize reddi ald\u0131\u011f\u0131n\u0131z kesinle\u015ftikten sonra yapman\u0131z ve belirli bir s\u00fcrede a\u015fman\u0131z gerekmektedir.<\/span><\/p>\n","protected":false},"excerpt":{"rendered":"<p>\u00c7in Vize Reddi 2022 \u00c7in\u2019e seyahat edecek olan Umuma Mahsus sahipleri seyahatleri \u00f6ncesinde \u00c7in vizesi almal\u0131d\u0131r. Diplomatik, Hizmet ve Hususi Pasaport sahibi olan T\u00fcrk vatanda\u015flar\u0131 \u00c7in 30 g\u00fcn\u00fc ge\u00e7meyen seyahatlerde vize almas\u0131na gerek yoktur. \u00c7in vize ba\u015fvurular\u0131 \u00c7in\u2019in T\u00fcrkiye\u2019de bulunan temsilcilikleri taraf\u0131ndan yetkilendirilmi\u015f vize ba\u015fvuru merkezlerine yap\u0131lmaktad\u0131r. Ancak ba\u015fvurular\u0131 de\u011ferlendirme yetkisi \u00c7in\u2019in Ankara B\u00fcy\u00fckel\u00e7ili\u011fi\u2019ne ve<\/p>\n","protected":false},"author":1,"featured_media":0,"parent":0,"menu_order":0,"comment_status":"open","ping_status":"closed","template":"","meta":{"footnotes":""},"class_list":["post-418","page","type-page","status-publish","hentry"],"yoast_head":"<!-- This site is optimized with the Yoast SEO plugin v26.8 - https:\/\/yoast.com\/product\/yoast-seo-wordpress\/ -->\n<title>\u00c7in Vize Reddi - \u00c7in Vize Reddi Nedenleri - MyVize<\/title>\n<meta name=\"description\" content=\"\u00c7in Vize Reddi nedenleri neler? \u00c7in Vize Reddi olmamas\u0131 i\u00e7in dikkat edilmesi gerekenler nelerdir? Bilgi \u0130\u00e7in Hemen Aray\u0131n: 0850 346 84 93\" \/>\n<meta name=\"robots\" content=\"index, follow, max-snippet:-1, max-image-preview:large, max-video-preview:-1\" \/>\n<link rel=\"canonical\" href=\"https:\/\/www.myvize.com.tr\/cin\/cin-vize-reddi\/\" \/>\n<meta property=\"og:locale\" content=\"tr_TR\" \/>\n<meta property=\"og:type\" content=\"article\" \/>\n<meta property=\"og:title\" content=\"\u00c7in Vize Reddi - \u00c7in Vize Reddi Nedenleri - MyVize\" \/>\n<meta property=\"og:description\" content=\"\u00c7in Vize Reddi nedenleri neler? \u00c7in Vize Reddi olmamas\u0131 i\u00e7in dikkat edilmesi gerekenler nelerdir? Bilgi \u0130\u00e7in Hemen Aray\u0131n: 0850 346 84 93\" \/>\n<meta property=\"og:url\" content=\"https:\/\/www.myvize.com.tr\/cin\/cin-vize-reddi\/\" \/>\n<meta property=\"og:site_name\" content=\"\u00c7in Vizesi\" \/>\n<meta property=\"article:modified_time\" content=\"2022-04-04T10:44:03+00:00\" \/>\n<meta name=\"twitter:card\" content=\"summary_large_image\" \/>\n<meta name=\"twitter:label1\" content=\"Tahmini okuma s\u00fcresi\" \/>\n\t<meta name=\"twitter:data1\" content=\"2 dakika\" \/>\n<script type=\"application\/ld+json\" class=\"yoast-schema-graph\">{\"@context\":\"https:\/\/schema.org\",\"@graph\":[{\"@type\":\"WebPage\",\"@id\":\"https:\/\/www.myvize.com.tr\/cin\/cin-vize-reddi\/\",\"url\":\"https:\/\/www.myvize.com.tr\/cin\/cin-vize-reddi\/\",\"name\":\"\u00c7in Vize Reddi - \u00c7in Vize Reddi Nedenleri - MyVize\",\"isPartOf\":{\"@id\":\"https:\/\/www.myvize.com.tr\/cin\/#website\"},\"datePublished\":\"2021-09-11T12:55:13+00:00\",\"dateModified\":\"2022-04-04T10:44:03+00:00\",\"description\":\"\u00c7in Vize Reddi nedenleri neler? \u00c7in Vize Reddi olmamas\u0131 i\u00e7in dikkat edilmesi gerekenler nelerdir? Bilgi \u0130\u00e7in Hemen Aray\u0131n: 0850 346 84 93\",\"breadcrumb\":{\"@id\":\"https:\/\/www.myvize.com.tr\/cin\/cin-vize-reddi\/#breadcrumb\"},\"inLanguage\":\"tr\",\"potentialAction\":[{\"@type\":\"ReadAction\",\"target\":[\"https:\/\/www.myvize.com.tr\/cin\/cin-vize-reddi\/\"]}]},{\"@type\":\"BreadcrumbList\",\"@id\":\"https:\/\/www.myvize.com.tr\/cin\/cin-vize-reddi\/#breadcrumb\",\"itemListElement\":[{\"@type\":\"ListItem\",\"position\":1,\"name\":\"Anasayfa\",\"item\":\"https:\/\/www.myvize.com.tr\/cin\/\"},{\"@type\":\"ListItem\",\"position\":2,\"name\":\"\u00c7in Vize Reddi\"}]},{\"@type\":\"WebSite\",\"@id\":\"https:\/\/www.myvize.com.tr\/cin\/#website\",\"url\":\"https:\/\/www.myvize.com.tr\/cin\/\",\"name\":\"\u00c7in Vizesi\",\"description\":\"\",\"potentialAction\":[{\"@type\":\"SearchAction\",\"target\":{\"@type\":\"EntryPoint\",\"urlTemplate\":\"https:\/\/www.myvize.com.tr\/cin\/?s={search_term_string}\"},\"query-input\":{\"@type\":\"PropertyValueSpecification\",\"valueRequired\":true,\"valueName\":\"search_term_string\"}}],\"inLanguage\":\"tr\"}]}<\/script>\n<!-- \/ Yoast SEO plugin. -->","yoast_head_json":{"title":"\u00c7in Vize Reddi - \u00c7in Vize Reddi Nedenleri - MyVize","description":"\u00c7in Vize Reddi nedenleri neler? \u00c7in Vize Reddi olmamas\u0131 i\u00e7in dikkat edilmesi gerekenler nelerdir? Bilgi \u0130\u00e7in Hemen Aray\u0131n: 0850 346 84 93","robots":{"index":"index","follow":"follow","max-snippet":"max-snippet:-1","max-image-preview":"max-image-preview:large","max-video-preview":"max-video-preview:-1"},"canonical":"https:\/\/www.myvize.com.tr\/cin\/cin-vize-reddi\/","og_locale":"tr_TR","og_type":"article","og_title":"\u00c7in Vize Reddi - \u00c7in Vize Reddi Nedenleri - MyVize","og_description":"\u00c7in Vize Reddi nedenleri neler? \u00c7in Vize Reddi olmamas\u0131 i\u00e7in dikkat edilmesi gerekenler nelerdir? Bilgi \u0130\u00e7in Hemen Aray\u0131n: 0850 346 84 93","og_url":"https:\/\/www.myvize.com.tr\/cin\/cin-vize-reddi\/","og_site_name":"\u00c7in Vizesi","article_modified_time":"2022-04-04T10:44:03+00:00","twitter_card":"summary_large_image","twitter_misc":{"Tahmini okuma s\u00fcresi":"2 dakika"},"schema":{"@context":"https:\/\/schema.org","@graph":[{"@type":"WebPage","@id":"https:\/\/www.myvize.com.tr\/cin\/cin-vize-reddi\/","url":"https:\/\/www.myvize.com.tr\/cin\/cin-vize-reddi\/","name":"\u00c7in Vize Reddi - \u00c7in Vize Reddi Nedenleri - MyVize","isPartOf":{"@id":"https:\/\/www.myvize.com.tr\/cin\/#website"},"datePublished":"2021-09-11T12:55:13+00:00","dateModified":"2022-04-04T10:44:03+00:00","description":"\u00c7in Vize Reddi nedenleri neler? \u00c7in Vize Reddi olmamas\u0131 i\u00e7in dikkat edilmesi gerekenler nelerdir? Bilgi \u0130\u00e7in Hemen Aray\u0131n: 0850 346 84 93","breadcrumb":{"@id":"https:\/\/www.myvize.com.tr\/cin\/cin-vize-reddi\/#breadcrumb"},"inLanguage":"tr","potentialAction":[{"@type":"ReadAction","target":["https:\/\/www.myvize.com.tr\/cin\/cin-vize-reddi\/"]}]},{"@type":"BreadcrumbList","@id":"https:\/\/www.myvize.com.tr\/cin\/cin-vize-reddi\/#breadcrumb","itemListElement":[{"@type":"ListItem","position":1,"name":"Anasayfa","item":"https:\/\/www.myvize.com.tr\/cin\/"},{"@type":"ListItem","position":2,"name":"\u00c7in Vize Reddi"}]},{"@type":"WebSite","@id":"https:\/\/www.myvize.com.tr\/cin\/#website","url":"https:\/\/www.myvize.com.tr\/cin\/","name":"\u00c7in Vizesi","description":"","potentialAction":[{"@type":"SearchAction","target":{"@type":"EntryPoint","urlTemplate":"https:\/\/www.myvize.com.tr\/cin\/?s={search_term_string}"},"query-input":{"@type":"PropertyValueSpecification","valueRequired":true,"valueName":"search_term_string"}}],"inLanguage":"tr"}]}},"_links":{"self":[{"href":"https:\/\/www.myvize.com.tr\/cin\/wp-json\/wp\/v2\/pages\/418","targetHints":{"allow":["GET"]}}],"collection":[{"href":"https:\/\/www.myvize.com.tr\/cin\/wp-json\/wp\/v2\/pages"}],"about":[{"href":"https:\/\/www.myvize.com.tr\/cin\/wp-json\/wp\/v2\/types\/page"}],"author":[{"embeddable":true,"href":"https:\/\/www.myvize.com.tr\/cin\/wp-json\/wp\/v2\/users\/1"}],"replies":[{"embeddable":true,"href":"https:\/\/www.myvize.com.tr\/cin\/wp-json\/wp\/v2\/comments?post=418"}],"version-history":[{"count":4,"href":"https:\/\/www.myvize.com.tr\/cin\/wp-json\/wp\/v2\/pages\/418\/revisions"}],"predecessor-version":[{"id":655,"href":"https:\/\/www.myvize.com.tr\/cin\/wp-json\/wp\/v2\/pages\/418\/revisions\/655"}],"wp:attachment":[{"href":"https:\/\/www.myvize.com.tr\/cin\/wp-json\/wp\/v2\/media?parent=418"}],"curies":[{"name":"wp","href":"https:\/\/api.w.org\/{rel}","templated":true}]}}