{"id":421,"date":"2021-09-11T16:01:00","date_gmt":"2021-09-11T13:01:00","guid":{"rendered":"https:\/\/www.myvize.com.tr\/cin\/?page_id=421"},"modified":"2022-04-04T13:47:43","modified_gmt":"2022-04-04T10:47:43","slug":"turkiyede-oturum-ve-calisma-izni","status":"publish","type":"page","link":"https:\/\/www.myvize.com.tr\/cin\/turkiyede-oturum-ve-calisma-izni\/","title":{"rendered":"\u00c7in T\u00fcrkiye\u2019de Oturum ve \u00c7al\u0131\u015fma \u0130zni"},"content":{"rendered":"<h2><span style=\"font-family: Roboto; font-size: 27px;\">\u00c7in vatanda\u015flar\u0131 i\u00e7in T\u00fcrkiye\u2019de Oturum ve \u00c7al\u0131\u015fma \u0130zni 2021<\/span><\/h2>\n<p><span style=\"font-family: Roboto; font-size: 14px;\">T\u00fcrkiye\u2019de ikamet etmek isteyen \u00c7in Halk Cumhuriyeti vatanda\u015flar\u0131, T\u00fcrkiye\u2019de yasal olarak uzun s\u00fcreli kalmak i\u00e7in T\u00fcrkiye oturum izni almal\u0131d\u0131r. T\u00fcrkiye oturum izni ba\u015fvurusu yapacak olan <strong>\u00c7in vatanda\u015flar\u0131 oturum izni<\/strong> ba\u015fvurular\u0131n\u0131, T\u00fcrkiye\u2019nin \u00c7in\u2019de bulunan temsilciliklerine yapabilir. Ge\u00e7erli bir T\u00fcrkiye vizeyle T\u00fcrkiye\u2019de bulunan <strong>\u00c7in vatanda\u015flar\u0131<\/strong> bulunduklar\u0131 ilin valili\u011fine yapabilir.<\/span><\/p>\n<p><span style=\"font-family: Roboto; font-size: 14px;\">T\u00fcrkiye oturum izni alacak olan <strong>\u00c7in vatanda\u015flar\u0131<\/strong>, oturum izni ba\u015fvurular\u0131 i\u00e7in gerekli olan evraklar\u0131 do\u011fru ve eksiksiz bir \u015fekilde tamamlamal\u0131d\u0131r. T\u00fcrkiye oturum izni ba\u015fvurusunda bulunacak \u00c7in Halk Cumhuriyeti vatanda\u015flar\u0131n\u0131n pasaportlar\u0131n\u0131n ge\u00e7erlili\u011fi talep edilen ikamet izninden 60 g\u00fcn daha fazla ge\u00e7erli olmal\u0131d\u0131r.<\/span><\/p>\n<p><span style=\"font-family: Roboto; font-size: 14px;\">\u00c7in vatanda\u015flar\u0131, T\u00fcrkiye\u2019de \u00e7al\u0131\u015fmak ise <strong>T\u00fcrkiye<\/strong> <strong>\u00e7al\u0131\u015fma izni<\/strong> ba\u015fvurusunda bulunmal\u0131d\u0131r. <strong>\u00c7al\u0131\u015fma izni<\/strong> ba\u015fvurular\u0131 \u00c7in\u2019de bulunan temsilciliklere yap\u0131lmal\u0131d\u0131r. T\u00fcrkiye\u2019de bulunan ki\u015filer ise ba\u015fvurular\u0131n\u0131 T\u00fcrk valiliklerine yapabilir. \u00c7in vatanda\u015flar\u0131, T\u00fcrkiye\u2019de \u00e7al\u0131\u015f\u0131lacak olan \u015firketten davetiye almal\u0131d\u0131r. Ayr\u0131ca T\u00fcrkiye\u2019de bulunan \u015firkette ba\u015fvuruda bulunmal\u0131d\u0131r. \u0130\u015fveren ba\u015fvurular\u0131n\u0131 \u00c7al\u0131\u015fma ve Sosyal G\u00fcvenlik Bakanl\u0131\u011f\u0131\u2019na yapmal\u0131d\u0131r. T\u00fcrkiye \u00e7al\u0131\u015fma izni olan \u00c7in Halk Cumhuriyeti vatanda\u015flar\u0131n\u0131n oturum izni almas\u0131na gerek bulunmamaktad\u0131r.<\/span><\/p>\n<p><span style=\"font-family: Roboto; font-size: 14px;\"><span style=\"color: #2acec2;\"><strong><a style=\"color: #2acec2;\" href=\"https:\/\/www.myvize.com.tr\/cin\/cin-vize-reddi\/\" target=\"_blank\" rel=\"noopener\">\u00c7in Vize Reddi<\/a><\/strong><\/span> ile ilgili bilgi almak i\u00e7in bizi aray\u0131n.<\/span><\/p>\n<h2><span style=\"font-family: Roboto; font-size: 27px;\"><strong>T\u00fcrkiye\u2019de Oturum ve \u00c7al\u0131\u015fma \u0130zni Hakk\u0131nda<\/strong><\/span><\/h2>\n<p><span style=\"font-family: Roboto; font-size: 14px;\">T\u00fcrkiye Cumhuriyeti bir\u00e7ok \u00fclke gibi son derece geni\u015f olanaklar\u0131 bulunan \u00fclkelerden biridir. Yurt d\u0131\u015f\u0131ndan gelen yabanc\u0131lar <strong>oturum ve \u00e7al\u0131\u015fma izni<\/strong> alarak T\u00fcrkiye\u2019de bir ya\u015fam kurma avantaj\u0131 elde edebilirler. T\u00fcrkiye\u2019de oturum ve \u00e7al\u0131\u015fma izni konusunda ki\u015filerin mutlaka belgelerini tam olarak haz\u0131rlayarak G\u00f6\u00e7menlik B\u00fcrosu\u2019na vermelidirler. Bu belgeler i\u00e7erisinde T\u00fcrkiye\u2019de bulunma durumunuzu belirten bir\u00e7ok \u00f6nemli evrak bulunuyor.<\/span><\/p>\n<p><span style=\"font-family: Roboto; font-size: 14px;\">E\u011fer \u00e7al\u0131\u015fma nedeniyle T\u00fcrkiye\u2019ye gelecek olan <strong>\u00c7in vatanda\u015f\u0131<\/strong> varsa mutlaka T\u00fcrkiye\u2019de ki bir firmadan davetiye almalar\u0131 gerekiyor. Davetiye \u00fczerinde mutlaka g\u00f6nderen \u015firketin t\u00fcm bilgilerinin olmas\u0131 gerekiyor. Bunun yan\u0131nda e\u011fer bir sponsor arac\u0131l\u0131\u011f\u0131 ile geliniyor ise spor bilgilerine de vize evraklar\u0131 i\u00e7erisinde yer verilmelidir.<\/span><\/p>\n<p><span style=\"font-family: Roboto; font-size: 14px;\"><strong>T\u00fcrkiye\u2019de oturum ve \u00e7al\u0131\u015fma izni<\/strong>\u00a0alacak olan yabanc\u0131lar\u0131n \u00f6ncelikle T\u00fcrkiye\u2019ye gelebilmek i\u00e7in kendi \u00fclkelerinde ki T\u00fcrk konsolosluklar\u0131ndan vize almalar\u0131 gerekir. <strong>\u00c7in vatanda\u015flar\u0131<\/strong> e\u011fer oturum ve \u00e7al\u0131\u015fma vizelerinin s\u00fcresi dolarsa bu i\u015flemleri tekrar G\u00f6\u00e7menlik B\u00fcrolar\u0131na ba\u015fvuru yaparak uzatabilmektedirler. Her i\u015flem i\u015fin ki\u015filerden birtak\u0131m evrak istenmektedir. Belgelerin eksiksiz olmas\u0131 olduk\u00e7a \u00f6nemli bir konudur.<\/span><\/p>\n<p><span style=\"font-family: Roboto; font-size: 14px;\"><strong><a href=\"https:\/\/www.myvize.com.tr\/cin\/vize-islemleri\/cin-vize-ucreti\/\" target=\"_blank\" rel=\"noopener\"><span style=\"color: #2acec2;\">\u00c7in Vize \u00dccreti<\/span><\/a><\/strong> ile ilgili bilgi almak i\u00e7in bizi aray\u0131n\u0131z.<\/span><\/p>\n","protected":false},"excerpt":{"rendered":"<p>\u00c7in vatanda\u015flar\u0131 i\u00e7in T\u00fcrkiye\u2019de Oturum ve \u00c7al\u0131\u015fma \u0130zni 2021 T\u00fcrkiye\u2019de ikamet etmek isteyen \u00c7in Halk Cumhuriyeti vatanda\u015flar\u0131, T\u00fcrkiye\u2019de yasal olarak uzun s\u00fcreli kalmak i\u00e7in T\u00fcrkiye oturum izni almal\u0131d\u0131r. T\u00fcrkiye oturum izni ba\u015fvurusu yapacak olan \u00c7in vatanda\u015flar\u0131 oturum izni ba\u015fvurular\u0131n\u0131, T\u00fcrkiye\u2019nin \u00c7in\u2019de bulunan temsilciliklerine yapabilir. Ge\u00e7erli bir T\u00fcrkiye vizeyle T\u00fcrkiye\u2019de bulunan \u00c7in vatanda\u015flar\u0131 bulunduklar\u0131 ilin valili\u011fine<\/p>\n","protected":false},"author":1,"featured_media":0,"parent":0,"menu_order":0,"comment_status":"open","ping_status":"closed","template":"","meta":{"footnotes":""},"class_list":["post-421","page","type-page","status-publish","hentry"],"yoast_head":"<!-- This site is optimized with the Yoast SEO plugin v26.8 - https:\/\/yoast.com\/product\/yoast-seo-wordpress\/ -->\n<title>\u00c7in T\u00fcrkiye\u2019de Oturum ve \u00c7al\u0131\u015fma \u0130zni - MyVize<\/title>\n<meta name=\"description\" content=\"\u00c7in T\u00fcrkiye\u2019de Oturum ve \u00c7al\u0131\u015fma \u0130zni Nas\u0131l Al\u0131n\u0131r? \u00c7in T\u00fcrkiye\u2019de Oturum ve \u00c7al\u0131\u015fma \u0130zni \u015eartlar\u0131 Nelerdir 2022?\" \/>\n<meta name=\"robots\" content=\"index, follow, max-snippet:-1, max-image-preview:large, max-video-preview:-1\" \/>\n<link rel=\"canonical\" href=\"https:\/\/www.myvize.com.tr\/cin\/turkiyede-oturum-ve-calisma-izni\/\" \/>\n<meta property=\"og:locale\" content=\"tr_TR\" \/>\n<meta property=\"og:type\" content=\"article\" \/>\n<meta property=\"og:title\" content=\"\u00c7in T\u00fcrkiye\u2019de Oturum ve \u00c7al\u0131\u015fma \u0130zni - MyVize\" \/>\n<meta property=\"og:description\" content=\"\u00c7in T\u00fcrkiye\u2019de Oturum ve \u00c7al\u0131\u015fma \u0130zni Nas\u0131l Al\u0131n\u0131r? \u00c7in T\u00fcrkiye\u2019de Oturum ve \u00c7al\u0131\u015fma \u0130zni \u015eartlar\u0131 Nelerdir 2022?\" \/>\n<meta property=\"og:url\" content=\"https:\/\/www.myvize.com.tr\/cin\/turkiyede-oturum-ve-calisma-izni\/\" \/>\n<meta property=\"og:site_name\" content=\"\u00c7in Vizesi\" \/>\n<meta property=\"article:modified_time\" content=\"2022-04-04T10:47:43+00:00\" \/>\n<meta name=\"twitter:card\" content=\"summary_large_image\" \/>\n<meta name=\"twitter:label1\" content=\"Tahmini okuma s\u00fcresi\" \/>\n\t<meta name=\"twitter:data1\" content=\"2 dakika\" \/>\n<script type=\"application\/ld+json\" class=\"yoast-schema-graph\">{\"@context\":\"https:\/\/schema.org\",\"@graph\":[{\"@type\":\"WebPage\",\"@id\":\"https:\/\/www.myvize.com.tr\/cin\/turkiyede-oturum-ve-calisma-izni\/\",\"url\":\"https:\/\/www.myvize.com.tr\/cin\/turkiyede-oturum-ve-calisma-izni\/\",\"name\":\"\u00c7in T\u00fcrkiye\u2019de Oturum ve \u00c7al\u0131\u015fma \u0130zni - MyVize\",\"isPartOf\":{\"@id\":\"https:\/\/www.myvize.com.tr\/cin\/#website\"},\"datePublished\":\"2021-09-11T13:01:00+00:00\",\"dateModified\":\"2022-04-04T10:47:43+00:00\",\"description\":\"\u00c7in T\u00fcrkiye\u2019de Oturum ve \u00c7al\u0131\u015fma \u0130zni Nas\u0131l Al\u0131n\u0131r? \u00c7in T\u00fcrkiye\u2019de Oturum ve \u00c7al\u0131\u015fma \u0130zni \u015eartlar\u0131 Nelerdir 2022?\",\"breadcrumb\":{\"@id\":\"https:\/\/www.myvize.com.tr\/cin\/turkiyede-oturum-ve-calisma-izni\/#breadcrumb\"},\"inLanguage\":\"tr\",\"potentialAction\":[{\"@type\":\"ReadAction\",\"target\":[\"https:\/\/www.myvize.com.tr\/cin\/turkiyede-oturum-ve-calisma-izni\/\"]}]},{\"@type\":\"BreadcrumbList\",\"@id\":\"https:\/\/www.myvize.com.tr\/cin\/turkiyede-oturum-ve-calisma-izni\/#breadcrumb\",\"itemListElement\":[{\"@type\":\"ListItem\",\"position\":1,\"name\":\"Anasayfa\",\"item\":\"https:\/\/www.myvize.com.tr\/cin\/\"},{\"@type\":\"ListItem\",\"position\":2,\"name\":\"\u00c7in T\u00fcrkiye\u2019de Oturum ve \u00c7al\u0131\u015fma \u0130zni\"}]},{\"@type\":\"WebSite\",\"@id\":\"https:\/\/www.myvize.com.tr\/cin\/#website\",\"url\":\"https:\/\/www.myvize.com.tr\/cin\/\",\"name\":\"\u00c7in Vizesi\",\"description\":\"\",\"potentialAction\":[{\"@type\":\"SearchAction\",\"target\":{\"@type\":\"EntryPoint\",\"urlTemplate\":\"https:\/\/www.myvize.com.tr\/cin\/?s={search_term_string}\"},\"query-input\":{\"@type\":\"PropertyValueSpecification\",\"valueRequired\":true,\"valueName\":\"search_term_string\"}}],\"inLanguage\":\"tr\"}]}<\/script>\n<!-- \/ Yoast SEO plugin. -->","yoast_head_json":{"title":"\u00c7in T\u00fcrkiye\u2019de Oturum ve \u00c7al\u0131\u015fma \u0130zni - MyVize","description":"\u00c7in T\u00fcrkiye\u2019de Oturum ve \u00c7al\u0131\u015fma \u0130zni Nas\u0131l Al\u0131n\u0131r? \u00c7in T\u00fcrkiye\u2019de Oturum ve \u00c7al\u0131\u015fma \u0130zni \u015eartlar\u0131 Nelerdir 2022?","robots":{"index":"index","follow":"follow","max-snippet":"max-snippet:-1","max-image-preview":"max-image-preview:large","max-video-preview":"max-video-preview:-1"},"canonical":"https:\/\/www.myvize.com.tr\/cin\/turkiyede-oturum-ve-calisma-izni\/","og_locale":"tr_TR","og_type":"article","og_title":"\u00c7in T\u00fcrkiye\u2019de Oturum ve \u00c7al\u0131\u015fma \u0130zni - MyVize","og_description":"\u00c7in T\u00fcrkiye\u2019de Oturum ve \u00c7al\u0131\u015fma \u0130zni Nas\u0131l Al\u0131n\u0131r? \u00c7in T\u00fcrkiye\u2019de Oturum ve \u00c7al\u0131\u015fma \u0130zni \u015eartlar\u0131 Nelerdir 2022?","og_url":"https:\/\/www.myvize.com.tr\/cin\/turkiyede-oturum-ve-calisma-izni\/","og_site_name":"\u00c7in Vizesi","article_modified_time":"2022-04-04T10:47:43+00:00","twitter_card":"summary_large_image","twitter_misc":{"Tahmini okuma s\u00fcresi":"2 dakika"},"schema":{"@context":"https:\/\/schema.org","@graph":[{"@type":"WebPage","@id":"https:\/\/www.myvize.com.tr\/cin\/turkiyede-oturum-ve-calisma-izni\/","url":"https:\/\/www.myvize.com.tr\/cin\/turkiyede-oturum-ve-calisma-izni\/","name":"\u00c7in T\u00fcrkiye\u2019de Oturum ve \u00c7al\u0131\u015fma \u0130zni - MyVize","isPartOf":{"@id":"https:\/\/www.myvize.com.tr\/cin\/#website"},"datePublished":"2021-09-11T13:01:00+00:00","dateModified":"2022-04-04T10:47:43+00:00","description":"\u00c7in T\u00fcrkiye\u2019de Oturum ve \u00c7al\u0131\u015fma \u0130zni Nas\u0131l Al\u0131n\u0131r? \u00c7in T\u00fcrkiye\u2019de Oturum ve \u00c7al\u0131\u015fma \u0130zni \u015eartlar\u0131 Nelerdir 2022?","breadcrumb":{"@id":"https:\/\/www.myvize.com.tr\/cin\/turkiyede-oturum-ve-calisma-izni\/#breadcrumb"},"inLanguage":"tr","potentialAction":[{"@type":"ReadAction","target":["https:\/\/www.myvize.com.tr\/cin\/turkiyede-oturum-ve-calisma-izni\/"]}]},{"@type":"BreadcrumbList","@id":"https:\/\/www.myvize.com.tr\/cin\/turkiyede-oturum-ve-calisma-izni\/#breadcrumb","itemListElement":[{"@type":"ListItem","position":1,"name":"Anasayfa","item":"https:\/\/www.myvize.com.tr\/cin\/"},{"@type":"ListItem","position":2,"name":"\u00c7in T\u00fcrkiye\u2019de Oturum ve \u00c7al\u0131\u015fma \u0130zni"}]},{"@type":"WebSite","@id":"https:\/\/www.myvize.com.tr\/cin\/#website","url":"https:\/\/www.myvize.com.tr\/cin\/","name":"\u00c7in Vizesi","description":"","potentialAction":[{"@type":"SearchAction","target":{"@type":"EntryPoint","urlTemplate":"https:\/\/www.myvize.com.tr\/cin\/?s={search_term_string}"},"query-input":{"@type":"PropertyValueSpecification","valueRequired":true,"valueName":"search_term_string"}}],"inLanguage":"tr"}]}},"_links":{"self":[{"href":"https:\/\/www.myvize.com.tr\/cin\/wp-json\/wp\/v2\/pages\/421","targetHints":{"allow":["GET"]}}],"collection":[{"href":"https:\/\/www.myvize.com.tr\/cin\/wp-json\/wp\/v2\/pages"}],"about":[{"href":"https:\/\/www.myvize.com.tr\/cin\/wp-json\/wp\/v2\/types\/page"}],"author":[{"embeddable":true,"href":"https:\/\/www.myvize.com.tr\/cin\/wp-json\/wp\/v2\/users\/1"}],"replies":[{"embeddable":true,"href":"https:\/\/www.myvize.com.tr\/cin\/wp-json\/wp\/v2\/comments?post=421"}],"version-history":[{"count":6,"href":"https:\/\/www.myvize.com.tr\/cin\/wp-json\/wp\/v2\/pages\/421\/revisions"}],"predecessor-version":[{"id":755,"href":"https:\/\/www.myvize.com.tr\/cin\/wp-json\/wp\/v2\/pages\/421\/revisions\/755"}],"wp:attachment":[{"href":"https:\/\/www.myvize.com.tr\/cin\/wp-json\/wp\/v2\/media?parent=421"}],"curies":[{"name":"wp","href":"https:\/\/api.w.org\/{rel}","templated":true}]}}