{"id":424,"date":"2021-09-11T16:06:17","date_gmt":"2021-09-11T13:06:17","guid":{"rendered":"https:\/\/www.myvize.com.tr\/cin\/?page_id=424"},"modified":"2022-04-04T13:45:02","modified_gmt":"2022-04-04T10:45:02","slug":"cin-universite-egitimi","status":"publish","type":"page","link":"https:\/\/www.myvize.com.tr\/cin\/cin-universite-egitimi\/","title":{"rendered":"\u00c7in \u00dcniversite E\u011fitimi"},"content":{"rendered":"<h2><strong><span style=\"font-family: Roboto; font-size: 27px;\">\u00c7in \u00dcniversite E\u011fitimi 2022<\/span><\/strong><\/h2>\n<p><span style=\"font-family: Roboto; font-size: 14px;\">\u00c7in \u00fcniversite e\u011fitimlerinde modern teknikler kullanan bir \u00fclkedir. <strong>\u00c7in\u2019de \u00fcniversite e\u011fitimi<\/strong> almak isteyen ki\u015filerin <strong>\u00c7in e\u011fitim vizesi<\/strong> almas\u0131 gerekmektedir. <strong>\u00c7in e\u011fitim vizesi<\/strong> ba\u015fvurular\u0131, \u00c7in\u2019in T\u00fcrkiye\u2019de bulunan temsilcilikleri taraf\u0131ndan yetkilendirilmi\u015f vize ba\u015fvuru merkezlerine yap\u0131lmal\u0131d\u0131r.<\/span><\/p>\n<p><span style=\"font-family: Roboto; font-size: 14px;\">\u00c7in\u2019deki \u00fcniversiteler <strong>\u0130ngilizce<\/strong> ve<strong> \u00c7ince<\/strong> e\u011fitim vermektedir. \u00c7in\u2019de girece\u011finiz b\u00f6l\u00fcm\u00fcn dil yeterlili\u011fini g\u00f6stermeniz gerekmektedir. Dil yeterlili\u011finiz bulunmuyor ise bir y\u0131l haz\u0131rl\u0131k okuman\u0131z gerekmektedir. \u00c7in \u00fcniversiteleri <strong>Mandarin leh\u00e7esi<\/strong> ile e\u011fitim vermektedir. \u00c7ince haz\u0131rl\u0131k e\u011fitimini tamamlayan ki\u015filer, \u00c7ince yeterlilik s\u0131nav\u0131 olan HS s\u0131nav\u0131na girmelidir. Bu s\u0131navdan 7 \u00fczerinden 4 puan al\u0131nmal\u0131d\u0131r.<\/span><\/p>\n<p><span style=\"font-family: Roboto; font-size: 14px;\">\u00c7in\u2019de lisans e\u011fitimleri genellikle 4 y\u0131ld\u0131r. Ancak di\u015f hekimli\u011fi b\u00f6l\u00fcm\u00fc 5 y\u0131l ve t\u0131p b\u00f6l\u00fcm\u00fc 6 y\u0131ld\u0131r.<strong> \u00dcniversite \u00fccretleri<\/strong> b\u00f6l\u00fcme ve \u00fcniversiteye g\u00f6re farkl\u0131l\u0131k g\u00f6stermektedir. Ancak ortalama olarak 1500 ile 5000 Dolar aras\u0131nda farkl\u0131l\u0131k g\u00f6stermektedir. Ya\u015fam maliyeti ise bir \u00f6\u011frenci i\u00e7in ayl\u0131k olarak 200-500 dolara aras\u0131nda de\u011fi\u015fmektedir.<\/span><\/p>\n<p><span style=\"font-family: Roboto; font-size: 14px;\">\u00c7in\u2019de bulunan baz\u0131 \u00fcniversiteler \u015fu \u015fekildedir;<\/span><\/p>\n<ul>\n<li><span style=\"font-family: Roboto; font-size: 14px;\">Pekin \u00dcniversitesi<\/span><\/li>\n<li><span style=\"font-family: Roboto; font-size: 14px;\">Guangxi \u00dcniversitesi<\/span><\/li>\n<li><span style=\"font-family: Roboto; font-size: 14px;\">Tsinghua \u00dcniversitesi<\/span><\/li>\n<li><span style=\"font-family: Roboto; font-size: 14px;\">Si \u015fuan \u00dcniversitesi<\/span><\/li>\n<li><span style=\"font-family: Roboto; font-size: 14px;\">\u015eangay Jiao Tong \u00dcniversitesi<\/span><\/li>\n<li><span style=\"font-family: Roboto; font-size: 14px;\">Fudan \u00dcniversitesi<\/span><\/li>\n<li><span style=\"font-family: Roboto; font-size: 14px;\">Zhejiang \u00dcniversitesi<\/span><\/li>\n<li><span style=\"font-family: Roboto; font-size: 14px;\">Hong Kong \u00dcniversitesi<\/span><\/li>\n<\/ul>\n<h2><span style=\"font-family: Roboto; font-size: 27px;\"><strong>\u00c7in \u00dcniversite E\u011fitimi Hakk\u0131nda<\/strong><\/span><\/h2>\n<p><span style=\"font-family: Roboto; font-size: 14px;\"><strong>\u00c7in Halk Cumhuriyeti<\/strong> \u00e7ok kalabal\u0131k bir \u00fclke olmas\u0131na ra\u011fmen e\u011fitim konusunda farkl\u0131 \u00fclkelerden \u00f6\u011frencilere de ev sahipli\u011fi yapmaktad\u0131r. \u00d6\u011frenci vizesi konusunda gerekli t\u00fcm i\u015flemleri yapt\u0131rd\u0131\u011f\u0131n\u0131z takdirde bu \u00fclkede \u00f6\u011frenci olarak bulunabilme imkan\u0131 elde edebilirsiniz.\u00a0<strong>\u00c7in \u00fcniversite e\u011fitimi<\/strong>\u00a0konusunda bu \u00fclkede ki bir \u00fcniversiteye yasal olarak ba\u015fvuru yapman\u0131z gerekiyor. Devlet ya da \u00f6zel \u00fcniversitelerden birinde farkl\u0131 kategorilerde e\u011fitimler alabilme imk\u00e2n\u0131 elde edebilirsiniz.<\/span><\/p>\n<p><span style=\"font-family: Roboto; font-size: 14px;\">\u00dcniversitelere ba\u015fvuru yapt\u0131ktan sonra sizlere bir davet ya da kabul mektubu g\u00f6nderilmelidir. Bu belge gelmeden vize evraklar\u0131n\u0131z\u0131 haz\u0131rlamaya ba\u015flamaman\u0131z gerekiyor. E\u011fer kabul edildi\u011finizi belirten bir mektup ald\u0131ysan\u0131z<span style=\"color: #2acec2;\"><strong><a style=\"color: #2acec2;\" href=\"https:\/\/www.myvize.com.tr\/cin\/cin-vize-randevusu\/\" target=\"_blank\" rel=\"noopener\"> \u00c7in vize randevusu<\/a><\/strong><\/span> almal\u0131 ve randevu tarihine kadar da belgelerinizi haz\u0131rlaman\u0131z gereklidir. <strong>\u00c7in \u00fcniversite e\u011fitimi<\/strong> i\u00e7in gerekli t\u00fcm belgeleri haz\u0131rlaman\u0131z gerekiyor. Bu s\u00fcre\u00e7te \u00f6zel s\u0131navlara girmeniz gerekiyorsa ya da bir yeterlilik belgesi alman\u0131z gerekiyorsa bunlar\u0131 da zaman\u0131nda yapt\u0131rman\u0131z gereklidir.<\/span><\/p>\n<p><span style=\"font-family: Roboto; font-size: 14px;\"><strong>\u00c7in \u00fcniversite e\u011fitimi<\/strong> konusunda profesyonellerden de hizmet alabilirsiniz. \u00c7\u00fcnk\u00fc e\u011fitim \u00f6\u011fretim d\u00f6nemi ba\u015flamadan \u00f6nce mutlaka vizenizin al\u0131nm\u0131\u015f olmas\u0131 gerekmektedir. <span style=\"color: #2acec2;\"><strong><a style=\"color: #2acec2;\" href=\"https:\/\/www.myvize.com.tr\/cin\/vize-islemleri\/\" target=\"_blank\" rel=\"noopener\">\u00c7in Vize i\u015flemleri<\/a><\/strong><\/span> s\u0131ras\u0131nda her belgenin g\u00fcncel olmas\u0131na dikkat etmelisiniz.<\/span><\/p>\n","protected":false},"excerpt":{"rendered":"<p>\u00c7in \u00dcniversite E\u011fitimi 2022 \u00c7in \u00fcniversite e\u011fitimlerinde modern teknikler kullanan bir \u00fclkedir. \u00c7in\u2019de \u00fcniversite e\u011fitimi almak isteyen ki\u015filerin \u00c7in e\u011fitim vizesi almas\u0131 gerekmektedir. \u00c7in e\u011fitim vizesi ba\u015fvurular\u0131, \u00c7in\u2019in T\u00fcrkiye\u2019de bulunan temsilcilikleri taraf\u0131ndan yetkilendirilmi\u015f vize ba\u015fvuru merkezlerine yap\u0131lmal\u0131d\u0131r. \u00c7in\u2019deki \u00fcniversiteler \u0130ngilizce ve \u00c7ince e\u011fitim vermektedir. \u00c7in\u2019de girece\u011finiz b\u00f6l\u00fcm\u00fcn dil yeterlili\u011fini g\u00f6stermeniz gerekmektedir. Dil yeterlili\u011finiz bulunmuyor ise<\/p>\n","protected":false},"author":1,"featured_media":0,"parent":0,"menu_order":0,"comment_status":"open","ping_status":"closed","template":"","meta":{"footnotes":""},"class_list":["post-424","page","type-page","status-publish","hentry"],"yoast_head":"<!-- This site is optimized with the Yoast SEO plugin v26.8 - https:\/\/yoast.com\/product\/yoast-seo-wordpress\/ -->\n<title>\u00c7in \u00dcniversite E\u011fitimi Vizesi - \u00c7in Vize \u0130\u015flemi - MyVize<\/title>\n<meta name=\"description\" content=\"\u00c7in \u00dcniversite E\u011fitimi Vizesi Nas\u0131l Al\u0131n\u0131r? \u00c7in \u00dcniversite E\u011fitimi \u015eartlar\u0131 Nelerdir? Bilgi \u0130\u00e7in Vize Uzmanlar\u0131m\u0131z\u0131 Aray\u0131n: 0850 346 84 93\" \/>\n<meta name=\"robots\" content=\"index, follow, max-snippet:-1, max-image-preview:large, max-video-preview:-1\" \/>\n<link rel=\"canonical\" href=\"https:\/\/www.myvize.com.tr\/cin\/cin-universite-egitimi\/\" \/>\n<meta property=\"og:locale\" content=\"tr_TR\" \/>\n<meta property=\"og:type\" content=\"article\" \/>\n<meta property=\"og:title\" content=\"\u00c7in \u00dcniversite E\u011fitimi Vizesi - \u00c7in Vize \u0130\u015flemi - MyVize\" \/>\n<meta property=\"og:description\" content=\"\u00c7in \u00dcniversite E\u011fitimi Vizesi Nas\u0131l Al\u0131n\u0131r? \u00c7in \u00dcniversite E\u011fitimi \u015eartlar\u0131 Nelerdir? Bilgi \u0130\u00e7in Vize Uzmanlar\u0131m\u0131z\u0131 Aray\u0131n: 0850 346 84 93\" \/>\n<meta property=\"og:url\" content=\"https:\/\/www.myvize.com.tr\/cin\/cin-universite-egitimi\/\" \/>\n<meta property=\"og:site_name\" content=\"\u00c7in Vizesi\" \/>\n<meta property=\"article:modified_time\" content=\"2022-04-04T10:45:02+00:00\" \/>\n<meta name=\"twitter:card\" content=\"summary_large_image\" \/>\n<meta name=\"twitter:label1\" content=\"Tahmini okuma s\u00fcresi\" \/>\n\t<meta name=\"twitter:data1\" content=\"2 dakika\" \/>\n<script type=\"application\/ld+json\" class=\"yoast-schema-graph\">{\"@context\":\"https:\/\/schema.org\",\"@graph\":[{\"@type\":\"WebPage\",\"@id\":\"https:\/\/www.myvize.com.tr\/cin\/cin-universite-egitimi\/\",\"url\":\"https:\/\/www.myvize.com.tr\/cin\/cin-universite-egitimi\/\",\"name\":\"\u00c7in \u00dcniversite E\u011fitimi Vizesi - \u00c7in Vize \u0130\u015flemi - MyVize\",\"isPartOf\":{\"@id\":\"https:\/\/www.myvize.com.tr\/cin\/#website\"},\"datePublished\":\"2021-09-11T13:06:17+00:00\",\"dateModified\":\"2022-04-04T10:45:02+00:00\",\"description\":\"\u00c7in \u00dcniversite E\u011fitimi Vizesi Nas\u0131l Al\u0131n\u0131r? \u00c7in \u00dcniversite E\u011fitimi \u015eartlar\u0131 Nelerdir? Bilgi \u0130\u00e7in Vize Uzmanlar\u0131m\u0131z\u0131 Aray\u0131n: 0850 346 84 93\",\"breadcrumb\":{\"@id\":\"https:\/\/www.myvize.com.tr\/cin\/cin-universite-egitimi\/#breadcrumb\"},\"inLanguage\":\"tr\",\"potentialAction\":[{\"@type\":\"ReadAction\",\"target\":[\"https:\/\/www.myvize.com.tr\/cin\/cin-universite-egitimi\/\"]}]},{\"@type\":\"BreadcrumbList\",\"@id\":\"https:\/\/www.myvize.com.tr\/cin\/cin-universite-egitimi\/#breadcrumb\",\"itemListElement\":[{\"@type\":\"ListItem\",\"position\":1,\"name\":\"Anasayfa\",\"item\":\"https:\/\/www.myvize.com.tr\/cin\/\"},{\"@type\":\"ListItem\",\"position\":2,\"name\":\"\u00c7in \u00dcniversite E\u011fitimi\"}]},{\"@type\":\"WebSite\",\"@id\":\"https:\/\/www.myvize.com.tr\/cin\/#website\",\"url\":\"https:\/\/www.myvize.com.tr\/cin\/\",\"name\":\"\u00c7in Vizesi\",\"description\":\"\",\"potentialAction\":[{\"@type\":\"SearchAction\",\"target\":{\"@type\":\"EntryPoint\",\"urlTemplate\":\"https:\/\/www.myvize.com.tr\/cin\/?s={search_term_string}\"},\"query-input\":{\"@type\":\"PropertyValueSpecification\",\"valueRequired\":true,\"valueName\":\"search_term_string\"}}],\"inLanguage\":\"tr\"}]}<\/script>\n<!-- \/ Yoast SEO plugin. -->","yoast_head_json":{"title":"\u00c7in \u00dcniversite E\u011fitimi Vizesi - \u00c7in Vize \u0130\u015flemi - MyVize","description":"\u00c7in \u00dcniversite E\u011fitimi Vizesi Nas\u0131l Al\u0131n\u0131r? \u00c7in \u00dcniversite E\u011fitimi \u015eartlar\u0131 Nelerdir? Bilgi \u0130\u00e7in Vize Uzmanlar\u0131m\u0131z\u0131 Aray\u0131n: 0850 346 84 93","robots":{"index":"index","follow":"follow","max-snippet":"max-snippet:-1","max-image-preview":"max-image-preview:large","max-video-preview":"max-video-preview:-1"},"canonical":"https:\/\/www.myvize.com.tr\/cin\/cin-universite-egitimi\/","og_locale":"tr_TR","og_type":"article","og_title":"\u00c7in \u00dcniversite E\u011fitimi Vizesi - \u00c7in Vize \u0130\u015flemi - MyVize","og_description":"\u00c7in \u00dcniversite E\u011fitimi Vizesi Nas\u0131l Al\u0131n\u0131r? \u00c7in \u00dcniversite E\u011fitimi \u015eartlar\u0131 Nelerdir? Bilgi \u0130\u00e7in Vize Uzmanlar\u0131m\u0131z\u0131 Aray\u0131n: 0850 346 84 93","og_url":"https:\/\/www.myvize.com.tr\/cin\/cin-universite-egitimi\/","og_site_name":"\u00c7in Vizesi","article_modified_time":"2022-04-04T10:45:02+00:00","twitter_card":"summary_large_image","twitter_misc":{"Tahmini okuma s\u00fcresi":"2 dakika"},"schema":{"@context":"https:\/\/schema.org","@graph":[{"@type":"WebPage","@id":"https:\/\/www.myvize.com.tr\/cin\/cin-universite-egitimi\/","url":"https:\/\/www.myvize.com.tr\/cin\/cin-universite-egitimi\/","name":"\u00c7in \u00dcniversite E\u011fitimi Vizesi - \u00c7in Vize \u0130\u015flemi - MyVize","isPartOf":{"@id":"https:\/\/www.myvize.com.tr\/cin\/#website"},"datePublished":"2021-09-11T13:06:17+00:00","dateModified":"2022-04-04T10:45:02+00:00","description":"\u00c7in \u00dcniversite E\u011fitimi Vizesi Nas\u0131l Al\u0131n\u0131r? \u00c7in \u00dcniversite E\u011fitimi \u015eartlar\u0131 Nelerdir? Bilgi \u0130\u00e7in Vize Uzmanlar\u0131m\u0131z\u0131 Aray\u0131n: 0850 346 84 93","breadcrumb":{"@id":"https:\/\/www.myvize.com.tr\/cin\/cin-universite-egitimi\/#breadcrumb"},"inLanguage":"tr","potentialAction":[{"@type":"ReadAction","target":["https:\/\/www.myvize.com.tr\/cin\/cin-universite-egitimi\/"]}]},{"@type":"BreadcrumbList","@id":"https:\/\/www.myvize.com.tr\/cin\/cin-universite-egitimi\/#breadcrumb","itemListElement":[{"@type":"ListItem","position":1,"name":"Anasayfa","item":"https:\/\/www.myvize.com.tr\/cin\/"},{"@type":"ListItem","position":2,"name":"\u00c7in \u00dcniversite E\u011fitimi"}]},{"@type":"WebSite","@id":"https:\/\/www.myvize.com.tr\/cin\/#website","url":"https:\/\/www.myvize.com.tr\/cin\/","name":"\u00c7in Vizesi","description":"","potentialAction":[{"@type":"SearchAction","target":{"@type":"EntryPoint","urlTemplate":"https:\/\/www.myvize.com.tr\/cin\/?s={search_term_string}"},"query-input":{"@type":"PropertyValueSpecification","valueRequired":true,"valueName":"search_term_string"}}],"inLanguage":"tr"}]}},"_links":{"self":[{"href":"https:\/\/www.myvize.com.tr\/cin\/wp-json\/wp\/v2\/pages\/424","targetHints":{"allow":["GET"]}}],"collection":[{"href":"https:\/\/www.myvize.com.tr\/cin\/wp-json\/wp\/v2\/pages"}],"about":[{"href":"https:\/\/www.myvize.com.tr\/cin\/wp-json\/wp\/v2\/types\/page"}],"author":[{"embeddable":true,"href":"https:\/\/www.myvize.com.tr\/cin\/wp-json\/wp\/v2\/users\/1"}],"replies":[{"embeddable":true,"href":"https:\/\/www.myvize.com.tr\/cin\/wp-json\/wp\/v2\/comments?post=424"}],"version-history":[{"count":5,"href":"https:\/\/www.myvize.com.tr\/cin\/wp-json\/wp\/v2\/pages\/424\/revisions"}],"predecessor-version":[{"id":659,"href":"https:\/\/www.myvize.com.tr\/cin\/wp-json\/wp\/v2\/pages\/424\/revisions\/659"}],"wp:attachment":[{"href":"https:\/\/www.myvize.com.tr\/cin\/wp-json\/wp\/v2\/media?parent=424"}],"curies":[{"name":"wp","href":"https:\/\/api.w.org\/{rel}","templated":true}]}}