{"id":428,"date":"2021-09-11T16:10:23","date_gmt":"2021-09-11T13:10:23","guid":{"rendered":"https:\/\/www.myvize.com.tr\/cin\/?page_id=428"},"modified":"2022-04-04T13:46:50","modified_gmt":"2022-04-04T10:46:50","slug":"cin-vatandaslik-islemleri","status":"publish","type":"page","link":"https:\/\/www.myvize.com.tr\/cin\/cin-vatandaslik-islemleri\/","title":{"rendered":"\u00c7in Vatanda\u015fl\u0131k \u0130\u015flemleri"},"content":{"rendered":"<h2><strong><span style=\"font-family: Roboto; font-size: 27px;\">\u00c7in Vatanda\u015fl\u0131k \u0130\u015flemleri 2022<\/span><\/strong><\/h2>\n<p><span style=\"font-family: Roboto; font-size: 14px;\"><strong>\u00c7in vatanda\u015fl\u0131\u011f\u0131<\/strong> almak isteyen ki\u015filer \u00f6ncelikle \u00c7in vatanda\u015fl\u0131\u011f\u0131n\u0131n al\u0131nmas\u0131 en zor vatanda\u015fl\u0131klardan birisi oldu\u011funu bilmesi gerekmektedir. Bunun nedeni \u00c7in\u2019in d\u00fcnyan\u0131n en kalabal\u0131k \u00fclkesi olmas\u0131d\u0131r. <strong>\u00c7in vatanda\u015fl\u0131\u011f\u0131<\/strong> i\u00e7in bir\u00e7ok \u00f6l\u00e7\u00fct, \u015fart ve yasa bulunmaktad\u0131r. Ki\u015filer bu \u015fartlar\u0131 kar\u015f\u0131lamad\u0131\u011f\u0131 s\u00fcrece ba\u015fvurular olumlu sonu\u00e7lanmamaktad\u0131r.<\/span><\/p>\n<p><span style=\"font-family: Roboto; font-size: 14px;\">\u00c7in vatanda\u015fl\u0131\u011f\u0131 en belirgin \u015fekilde kan yolu ile kazan\u0131labilir. Bunun i\u00e7in ebeveynlerden birisinin<strong> \u00c7in Halk Cumhuriyeti vatanda\u015f\u0131<\/strong> olmas\u0131 gerekmektedir. \u00c7in vatanda\u015fl\u0131\u011f\u0131 i\u00e7in \u00c7in G\u00f6\u00e7menlik ve Vatanda\u015fl\u0131k Ofisi\u2019nin belirledi\u011fi \u015fartlar yetine getirilmelidir. Bu \u015fartlar \u015fu \u015fekildedir;<\/span><\/p>\n<ul>\n<li><span style=\"font-family: Roboto; font-size: 14px;\">\u00c7in\u2019in istikrar\u0131n\u0131 artt\u0131racak yat\u0131r\u0131mlar yapmak<\/span><\/li>\n<li><span style=\"font-family: Roboto; font-size: 14px;\">\u00c7in\u2019de \u00fcst d\u00fczey bir g\u00f6rev yapmak<\/span><\/li>\n<li><span style=\"font-family: Roboto; font-size: 14px;\">\u00c7in vatanda\u015flar\u0131n\u0131n i\u015f istihdam\u0131n\u0131 artt\u0131racak ki\u015filer<\/span><\/li>\n<\/ul>\n<p><span style=\"font-family: Roboto; font-size: 14px;\">Bu ko\u015fullar\u0131n en az birisini sa\u011flayan ki\u015filer ki\u015filerin 18 ya\u015f alt\u0131ndaki \u00e7ocuklar\u0131 da daimi ikamet talebinde bulunabilir. Ayr\u0131ca <strong>\u00c7in vatanda\u015f\u0131<\/strong> ile evli olan ki\u015filer \u00c7in daimi ikame talebinde bulunabilir. 18 ya\u015f alt\u0131 ve evli olan \u00e7ocuklar\u0131 ile e\u015fleri de<span style=\"color: #2acec2;\"><strong><a style=\"color: #2acec2;\" href=\"https:\/\/www.myvize.com.tr\/cin\/cin-oturum-izni\/\" target=\"_blank\" rel=\"noopener\"> \u00c7in oturum izni <\/a><\/strong><\/span>talebinde bulunabilir.<\/span><\/p>\n<p><span style=\"font-family: Roboto; font-size: 14px;\"><strong>\u00c7in vatanda\u015fl\u0131\u011f\u0131<\/strong> alacak ki\u015filerin iyi derecede \u00c7ince bilmesi gerekmektedir. Ayr\u0131ca \u00c7in hukuku, tarihi, anayasas\u0131 ve sosyal ya\u015fam\u0131 hakk\u0131nda bilgi sahibi olmas\u0131 gerekmektedir.<\/span><\/p>\n<h2><span style=\"font-family: Roboto; font-size: 27px;\"><strong>\u00c7in Vatanda\u015fl\u0131k \u0130\u015flemleri Hakk\u0131nda<\/strong><\/span><\/h2>\n<p><span style=\"font-family: Roboto; font-size: 14px;\">\u00c7in Halk Cumhuriyeti\u2019nde t\u00fcm haklardan s\u0131n\u0131rs\u0131z bir \u015fekilde yararlanabilmek i\u00e7in bu \u00fclkenin vatanda\u015f\u0131 olman\u0131z gerekiyor. Yasalara g\u00f6re ki\u015filer kan ba\u011f\u0131 yolu ile yani \u00c7in anne ve baban\u0131n \u00e7ocu\u011fu olarak d\u00fcnyaya gelir ise vatanda\u015f olabilme hakk\u0131na sahip olmaktad\u0131r. Ancak vatanda\u015fl\u0131k yasalar\u0131na g\u00f6re ki\u015filer sonradan da <strong>\u00c7in vatanda\u015f\u0131<\/strong> olabilme hakk\u0131na sahip olmaktad\u0131r.<\/span><\/p>\n<p><span style=\"font-family: Roboto; font-size: 14px;\"><strong>\u00c7in vatanda\u015fl\u0131\u011f\u0131<\/strong> kazanabilmek i\u00e7in bu \u00fclkenin vatanda\u015f\u0131 olan biriyle evlenmeniz gerekir. Bu en pratik ve h\u0131zl\u0131 vatanda\u015fl\u0131k kazanma yollar\u0131ndan biridir. Bir di\u011fer yol ise y\u00fckl\u00fc miktarda bu \u00fclkeye yat\u0131r\u0131m yapmakt\u0131r. Bir i\u015f yeri a\u00e7mak, emlak almak ya da bir \u015firket ortakl\u0131\u011f\u0131 arac\u0131l\u0131\u011f\u0131 ile yat\u0131r\u0131m ger\u00e7ekle\u015ftirmek de <strong>\u00c7in vatanda\u015fl\u0131\u011f\u0131<\/strong> alabilmenizde etkili olmaktad\u0131r.<\/span><\/p>\n<p><span style=\"font-family: Roboto; font-size: 14px;\"><strong>\u00c7in vatanda\u015fl\u0131k i\u015flemleri<\/strong>\u00a0s\u0131ras\u0131nda haz\u0131rlanmas\u0131 gereken belgeler vard\u0131r. Her belgenin mutlaka tam ve eksiksiz olmas\u0131na dikkat etmeniz gerekiyor. Ayn\u0131 zamanda e\u011fer evlenme yolu ile vatanda\u015fl\u0131k ba\u015fvurusu yapacaksan\u0131z belgelerinizin mutlaka tam olmas\u0131n\u0131n yan\u0131nda e\u015finizin de belgelerinin olmas\u0131na \u00f6zen g\u00f6stermelisiniz. Vatanda\u015fl\u0131k konusunda bir\u00e7ok evrak haz\u0131rlanmas\u0131 gereklidir ve bu s\u00fcre\u00e7 normal vize s\u00fcrecine g\u00f6re daha da uzun s\u00fcrebilir.<\/span><\/p>\n<p><span style=\"font-family: Roboto; font-size: 14px;\"><span style=\"color: #2acec2;\"><strong><a style=\"color: #2acec2;\" href=\"https:\/\/www.myvize.com.tr\/cin\/cin-calisma-izni\/\" target=\"_blank\" rel=\"noopener\">\u00c7in \u00c7al\u0131\u015fma \u0130zni<\/a><\/strong><\/span> ile ilgili bilgi almak i\u00e7in bizi aray\u0131n\u0131z.<\/span><\/p>\n","protected":false},"excerpt":{"rendered":"<p>\u00c7in Vatanda\u015fl\u0131k \u0130\u015flemleri 2022 \u00c7in vatanda\u015fl\u0131\u011f\u0131 almak isteyen ki\u015filer \u00f6ncelikle \u00c7in vatanda\u015fl\u0131\u011f\u0131n\u0131n al\u0131nmas\u0131 en zor vatanda\u015fl\u0131klardan birisi oldu\u011funu bilmesi gerekmektedir. Bunun nedeni \u00c7in\u2019in d\u00fcnyan\u0131n en kalabal\u0131k \u00fclkesi olmas\u0131d\u0131r. \u00c7in vatanda\u015fl\u0131\u011f\u0131 i\u00e7in bir\u00e7ok \u00f6l\u00e7\u00fct, \u015fart ve yasa bulunmaktad\u0131r. Ki\u015filer bu \u015fartlar\u0131 kar\u015f\u0131lamad\u0131\u011f\u0131 s\u00fcrece ba\u015fvurular olumlu sonu\u00e7lanmamaktad\u0131r. \u00c7in vatanda\u015fl\u0131\u011f\u0131 en belirgin \u015fekilde kan yolu ile kazan\u0131labilir. Bunun<\/p>\n","protected":false},"author":1,"featured_media":0,"parent":0,"menu_order":0,"comment_status":"open","ping_status":"closed","template":"","meta":{"footnotes":""},"class_list":["post-428","page","type-page","status-publish","hentry"],"yoast_head":"<!-- This site is optimized with the Yoast SEO plugin v26.8 - https:\/\/yoast.com\/product\/yoast-seo-wordpress\/ -->\n<title>\u00c7in Vatanda\u015fl\u0131k \u0130\u015flemleri - MyVize Vize Ba\u015fvuru Merkezi<\/title>\n<meta name=\"description\" content=\"\u00c7in Vatanda\u015fl\u0131k \u0130\u015flemleri Nelerdir? \u00c7in Vatanda\u015fl\u0131k \u015eartlar\u0131 Nelerdir? \u00c7in Vatanda\u015fl\u0131\u011f\u0131 nas\u0131l al\u0131n\u0131r? Bilgi \u0130\u00e7in Hemen Aray\u0131n: 0850 346 84 93\" \/>\n<meta name=\"robots\" content=\"index, follow, max-snippet:-1, max-image-preview:large, max-video-preview:-1\" \/>\n<link rel=\"canonical\" href=\"https:\/\/www.myvize.com.tr\/cin\/cin-vatandaslik-islemleri\/\" \/>\n<meta property=\"og:locale\" content=\"tr_TR\" \/>\n<meta property=\"og:type\" content=\"article\" \/>\n<meta property=\"og:title\" content=\"\u00c7in Vatanda\u015fl\u0131k \u0130\u015flemleri - MyVize Vize Ba\u015fvuru Merkezi\" \/>\n<meta property=\"og:description\" content=\"\u00c7in Vatanda\u015fl\u0131k \u0130\u015flemleri Nelerdir? \u00c7in Vatanda\u015fl\u0131k \u015eartlar\u0131 Nelerdir? \u00c7in Vatanda\u015fl\u0131\u011f\u0131 nas\u0131l al\u0131n\u0131r? Bilgi \u0130\u00e7in Hemen Aray\u0131n: 0850 346 84 93\" \/>\n<meta property=\"og:url\" content=\"https:\/\/www.myvize.com.tr\/cin\/cin-vatandaslik-islemleri\/\" \/>\n<meta property=\"og:site_name\" content=\"\u00c7in Vizesi\" \/>\n<meta property=\"article:modified_time\" content=\"2022-04-04T10:46:50+00:00\" \/>\n<meta name=\"twitter:card\" content=\"summary_large_image\" \/>\n<meta name=\"twitter:label1\" content=\"Tahmini okuma s\u00fcresi\" \/>\n\t<meta name=\"twitter:data1\" content=\"2 dakika\" \/>\n<script type=\"application\/ld+json\" class=\"yoast-schema-graph\">{\"@context\":\"https:\/\/schema.org\",\"@graph\":[{\"@type\":\"WebPage\",\"@id\":\"https:\/\/www.myvize.com.tr\/cin\/cin-vatandaslik-islemleri\/\",\"url\":\"https:\/\/www.myvize.com.tr\/cin\/cin-vatandaslik-islemleri\/\",\"name\":\"\u00c7in Vatanda\u015fl\u0131k \u0130\u015flemleri - MyVize Vize Ba\u015fvuru Merkezi\",\"isPartOf\":{\"@id\":\"https:\/\/www.myvize.com.tr\/cin\/#website\"},\"datePublished\":\"2021-09-11T13:10:23+00:00\",\"dateModified\":\"2022-04-04T10:46:50+00:00\",\"description\":\"\u00c7in Vatanda\u015fl\u0131k \u0130\u015flemleri Nelerdir? \u00c7in Vatanda\u015fl\u0131k \u015eartlar\u0131 Nelerdir? \u00c7in Vatanda\u015fl\u0131\u011f\u0131 nas\u0131l al\u0131n\u0131r? Bilgi \u0130\u00e7in Hemen Aray\u0131n: 0850 346 84 93\",\"breadcrumb\":{\"@id\":\"https:\/\/www.myvize.com.tr\/cin\/cin-vatandaslik-islemleri\/#breadcrumb\"},\"inLanguage\":\"tr\",\"potentialAction\":[{\"@type\":\"ReadAction\",\"target\":[\"https:\/\/www.myvize.com.tr\/cin\/cin-vatandaslik-islemleri\/\"]}]},{\"@type\":\"BreadcrumbList\",\"@id\":\"https:\/\/www.myvize.com.tr\/cin\/cin-vatandaslik-islemleri\/#breadcrumb\",\"itemListElement\":[{\"@type\":\"ListItem\",\"position\":1,\"name\":\"Anasayfa\",\"item\":\"https:\/\/www.myvize.com.tr\/cin\/\"},{\"@type\":\"ListItem\",\"position\":2,\"name\":\"\u00c7in Vatanda\u015fl\u0131k \u0130\u015flemleri\"}]},{\"@type\":\"WebSite\",\"@id\":\"https:\/\/www.myvize.com.tr\/cin\/#website\",\"url\":\"https:\/\/www.myvize.com.tr\/cin\/\",\"name\":\"\u00c7in Vizesi\",\"description\":\"\",\"potentialAction\":[{\"@type\":\"SearchAction\",\"target\":{\"@type\":\"EntryPoint\",\"urlTemplate\":\"https:\/\/www.myvize.com.tr\/cin\/?s={search_term_string}\"},\"query-input\":{\"@type\":\"PropertyValueSpecification\",\"valueRequired\":true,\"valueName\":\"search_term_string\"}}],\"inLanguage\":\"tr\"}]}<\/script>\n<!-- \/ Yoast SEO plugin. -->","yoast_head_json":{"title":"\u00c7in Vatanda\u015fl\u0131k \u0130\u015flemleri - MyVize Vize Ba\u015fvuru Merkezi","description":"\u00c7in Vatanda\u015fl\u0131k \u0130\u015flemleri Nelerdir? \u00c7in Vatanda\u015fl\u0131k \u015eartlar\u0131 Nelerdir? \u00c7in Vatanda\u015fl\u0131\u011f\u0131 nas\u0131l al\u0131n\u0131r? Bilgi \u0130\u00e7in Hemen Aray\u0131n: 0850 346 84 93","robots":{"index":"index","follow":"follow","max-snippet":"max-snippet:-1","max-image-preview":"max-image-preview:large","max-video-preview":"max-video-preview:-1"},"canonical":"https:\/\/www.myvize.com.tr\/cin\/cin-vatandaslik-islemleri\/","og_locale":"tr_TR","og_type":"article","og_title":"\u00c7in Vatanda\u015fl\u0131k \u0130\u015flemleri - MyVize Vize Ba\u015fvuru Merkezi","og_description":"\u00c7in Vatanda\u015fl\u0131k \u0130\u015flemleri Nelerdir? \u00c7in Vatanda\u015fl\u0131k \u015eartlar\u0131 Nelerdir? \u00c7in Vatanda\u015fl\u0131\u011f\u0131 nas\u0131l al\u0131n\u0131r? Bilgi \u0130\u00e7in Hemen Aray\u0131n: 0850 346 84 93","og_url":"https:\/\/www.myvize.com.tr\/cin\/cin-vatandaslik-islemleri\/","og_site_name":"\u00c7in Vizesi","article_modified_time":"2022-04-04T10:46:50+00:00","twitter_card":"summary_large_image","twitter_misc":{"Tahmini okuma s\u00fcresi":"2 dakika"},"schema":{"@context":"https:\/\/schema.org","@graph":[{"@type":"WebPage","@id":"https:\/\/www.myvize.com.tr\/cin\/cin-vatandaslik-islemleri\/","url":"https:\/\/www.myvize.com.tr\/cin\/cin-vatandaslik-islemleri\/","name":"\u00c7in Vatanda\u015fl\u0131k \u0130\u015flemleri - MyVize Vize Ba\u015fvuru Merkezi","isPartOf":{"@id":"https:\/\/www.myvize.com.tr\/cin\/#website"},"datePublished":"2021-09-11T13:10:23+00:00","dateModified":"2022-04-04T10:46:50+00:00","description":"\u00c7in Vatanda\u015fl\u0131k \u0130\u015flemleri Nelerdir? \u00c7in Vatanda\u015fl\u0131k \u015eartlar\u0131 Nelerdir? \u00c7in Vatanda\u015fl\u0131\u011f\u0131 nas\u0131l al\u0131n\u0131r? Bilgi \u0130\u00e7in Hemen Aray\u0131n: 0850 346 84 93","breadcrumb":{"@id":"https:\/\/www.myvize.com.tr\/cin\/cin-vatandaslik-islemleri\/#breadcrumb"},"inLanguage":"tr","potentialAction":[{"@type":"ReadAction","target":["https:\/\/www.myvize.com.tr\/cin\/cin-vatandaslik-islemleri\/"]}]},{"@type":"BreadcrumbList","@id":"https:\/\/www.myvize.com.tr\/cin\/cin-vatandaslik-islemleri\/#breadcrumb","itemListElement":[{"@type":"ListItem","position":1,"name":"Anasayfa","item":"https:\/\/www.myvize.com.tr\/cin\/"},{"@type":"ListItem","position":2,"name":"\u00c7in Vatanda\u015fl\u0131k \u0130\u015flemleri"}]},{"@type":"WebSite","@id":"https:\/\/www.myvize.com.tr\/cin\/#website","url":"https:\/\/www.myvize.com.tr\/cin\/","name":"\u00c7in Vizesi","description":"","potentialAction":[{"@type":"SearchAction","target":{"@type":"EntryPoint","urlTemplate":"https:\/\/www.myvize.com.tr\/cin\/?s={search_term_string}"},"query-input":{"@type":"PropertyValueSpecification","valueRequired":true,"valueName":"search_term_string"}}],"inLanguage":"tr"}]}},"_links":{"self":[{"href":"https:\/\/www.myvize.com.tr\/cin\/wp-json\/wp\/v2\/pages\/428","targetHints":{"allow":["GET"]}}],"collection":[{"href":"https:\/\/www.myvize.com.tr\/cin\/wp-json\/wp\/v2\/pages"}],"about":[{"href":"https:\/\/www.myvize.com.tr\/cin\/wp-json\/wp\/v2\/types\/page"}],"author":[{"embeddable":true,"href":"https:\/\/www.myvize.com.tr\/cin\/wp-json\/wp\/v2\/users\/1"}],"replies":[{"embeddable":true,"href":"https:\/\/www.myvize.com.tr\/cin\/wp-json\/wp\/v2\/comments?post=428"}],"version-history":[{"count":4,"href":"https:\/\/www.myvize.com.tr\/cin\/wp-json\/wp\/v2\/pages\/428\/revisions"}],"predecessor-version":[{"id":658,"href":"https:\/\/www.myvize.com.tr\/cin\/wp-json\/wp\/v2\/pages\/428\/revisions\/658"}],"wp:attachment":[{"href":"https:\/\/www.myvize.com.tr\/cin\/wp-json\/wp\/v2\/media?parent=428"}],"curies":[{"name":"wp","href":"https:\/\/api.w.org\/{rel}","templated":true}]}}