{"id":439,"date":"2021-09-17T09:37:10","date_gmt":"2021-09-17T06:37:10","guid":{"rendered":"https:\/\/www.myvize.com.tr\/cin\/?page_id=439"},"modified":"2022-04-04T13:58:17","modified_gmt":"2022-04-04T10:58:17","slug":"cin-bodrum-fahri-konsoloslugu","status":"publish","type":"page","link":"https:\/\/www.myvize.com.tr\/cin\/cin-bodrum-fahri-konsoloslugu\/","title":{"rendered":"\u00c7in Bodrum Fahri Konsoloslu\u011fu"},"content":{"rendered":"<p><span style=\"font-family: Roboto; font-size: 14px;\"><strong>\u00c7in\u2019nin Bodrum Fahri Konsoloslu\u011fu<\/strong>, \u00c7in Halk Cumhuriyeti\u2019nin T\u00fcrkiye\u2019nin Bodrum ilinde bulunan ve diplomatik bir yetkisi bulunmayan temsilciliklerindendir. Fahri Konsoloslu\u011funun genel amac\u0131 ticari ili\u015fkilerdir. Bodrum Fahri Konsoloslu\u011fu, bunun yan\u0131nda baz\u0131 farkl\u0131 hizmetlerde vermektedir.<\/span><\/p>\n<p><span style=\"font-family: Roboto; font-size: 14px;\">\u00c7in Bodrum Fahri Konsoloslu\u011fu\u2019na diplomatik bir yetki verilmemi\u015ftir. <strong>Bodrum Fahri Konsoloslu\u011fu<\/strong>, bundan dolay\u0131 konsolosluk hizmeti vermemektedir.<strong> Bodrum Fahri Konsoloslu\u011fu<\/strong>, sadece Bodrum ve \u00e7evresinde bulunan acil durumlarda fotokopi ve belge tasdiki i\u015flemi yapmaktad\u0131r. \u00c7in ile T\u00fcrkiye\u2019nin Bodrum ve \u00e7evresinde bulunan ticari ili\u015fkilerini geli\u015ftirmektedir. \u00c7in ad\u0131na Bodrum\u2019da ve \u00e7evresinde yeni yat\u0131r\u0131m alanlar\u0131 ortaya \u00e7\u0131karmay\u0131 ama\u00e7lar. <strong>\u00c7in Bodrum Fahri Konsoloslu\u011fu<\/strong>, Bodrum ve yetki alan\u0131 i\u00e7erisindeki b\u00f6lgelerde k\u00fclt\u00fcr al\u0131\u015fveri\u015fi yapmay\u0131 sa\u011flamaktad\u0131r.<\/span><\/p>\n<p><span style=\"font-family: Roboto; font-size: 22px;\"><strong><span style=\"font-size: 20px;\">\u00c7in Bodrum Fahri Konsoloslu\u011fu Adresi, \u00c7al\u0131\u015fma Saatleri<\/span> <\/strong><\/span><\/p>\n<p><span style=\"font-family: Roboto; font-size: 14px;\">Adres: Bitez Mahallesi, P\u0131narl\u0131 Caddesi, No: 48, Bodrum\/Mu\u011fla\u00a0\u00a0<\/span><\/p>\n<p><span style=\"font-family: Roboto; font-size: 14px;\">\u00c7al\u0131\u015fma Saatleri:<strong> Bodrum<\/strong> <strong>\u00c7in Fahri Konsoloslu\u011fu<\/strong>, hafta i\u00e7i her g\u00fcn saat 09.00 ile 16.30 aras\u0131nda \u00e7al\u0131\u015fmaktad\u0131r. T\u00fcrkiye ve \u00c7in resmi tatillerinde hizmet vermemektedir.<\/span><\/p>\n<p><span style=\"font-family: Roboto; font-size: 14px;\"><span style=\"color: #2acec2;\"><strong><a style=\"color: #2acec2;\" href=\"https:\/\/www.myvize.com.tr\/cin\/cin-vize-randevusu\/\" target=\"_blank\" rel=\"noopener\">\u00c7in Vize Randevusu<\/a><\/strong><\/span> ile ilgili bilgi almak i\u00e7in bizi aray\u0131n.<\/span><\/p>\n<h2><span style=\"font-family: Roboto; font-size: 27px;\"><strong>\u00c7in Bodrum Fahri Konsoloslu\u011fu Hakk\u0131nda<\/strong><\/span><\/h2>\n<p><span style=\"font-family: Roboto; font-size: 14px;\"><strong>\u00c7in Bodrum Fahri Konsoloslu\u011fu<\/strong> iki \u00fclke aras\u0131nda bulunan ticari ve k\u00fclt\u00fcrel ili\u015fkilerin s\u00fcrd\u00fcr\u00fclmesi ve geli\u015ftirilmesinden sorumlu olan resmi kurumdur. \u00a0\u0130ki \u00fclke aras\u0131nda yap\u0131lacak olan g\u00f6r\u00fc\u015fmelerde do\u011frudan s\u00f6z sahibi olan fahri konsoloslu\u011fun<span style=\"color: #2acec2;\"><a style=\"color: #2acec2;\" href=\"https:\/\/www.myvize.com.tr\/cin\/vize-islemleri\/\" target=\"_blank\" rel=\"noopener\"><strong> vize i\u015flemleri<\/strong> <\/a><\/span>ve diplomatik hizmetler konusunda yetkisi bulunmaz. T\u00fcrkiye\u2019de ikamet eden \u00c7in vatanda\u015flar\u0131n\u0131n acil evrak talebinde vatanda\u015flar\u0131na hizmette bulunan <strong>\u00c7in Fahri konsoloslu\u011fu<\/strong> ayn\u0131 zamanda vatanda\u015flar\u0131na gerek olan acil fotokopi hizmetini de sa\u011flar.<\/span><\/p>\n<p><span style=\"font-family: Roboto; font-size: 14px;\"><strong>\u00c7in Fahri Konsoloslu\u011fu<\/strong> ile ileti\u015fime ge\u00e7en vatanda\u015flar \u00c7in\u2019e gidi\u015f i\u00e7in gerekli olacak vize ba\u015fvurular\u0131n\u0131 fahri konsolosluk arac\u0131l\u0131\u011f\u0131 ile ger\u00e7ekle\u015ftirebilir. Fahri konsolosluk sadece vatanda\u015flar\u0131n vize ba\u015fvurular\u0131n\u0131 kabul etmek ile yetkilidir. Vize evraklar\u0131n\u0131n incelenmesi ve vize de\u011ferlendirme s\u00fcreci gibi i\u015flemler konsolosluklarda ger\u00e7ekle\u015ftirilir. Fahri konsolosluklar ba\u015fvurular\u0131 al\u0131r ve konsolosluklara iletir. Verilen vize karar\u0131n\u0131n vatanda\u015fa bildirilmesi ile birlikte, olumlu yan\u0131t alan vatanda\u015flar vize almaya hak kazanabilir.<\/span><\/p>\n<p><span style=\"font-family: Roboto; font-size: 14px;\"><strong>\u00c7in Bodrum Fahri Konsoloslu\u011fu<\/strong>\u00a0iki \u00fclke i\u00e7in resmi olarak tatil ilan edilen g\u00fcnlerde hizmete kapal\u0131d\u0131r. Di\u011fer g\u00fcnlerde mesai saatlerinde vatanda\u015flar burada bulunarak evrak i\u015flemlerini k\u0131sa s\u00fcre i\u00e7erisinde halledebilir.<\/span><\/p>\n","protected":false},"excerpt":{"rendered":"<p>\u00c7in\u2019nin Bodrum Fahri Konsoloslu\u011fu, \u00c7in Halk Cumhuriyeti\u2019nin T\u00fcrkiye\u2019nin Bodrum ilinde bulunan ve diplomatik bir yetkisi bulunmayan temsilciliklerindendir. Fahri Konsoloslu\u011funun genel amac\u0131 ticari ili\u015fkilerdir. Bodrum Fahri Konsoloslu\u011fu, bunun yan\u0131nda baz\u0131 farkl\u0131 hizmetlerde vermektedir. \u00c7in Bodrum Fahri Konsoloslu\u011fu\u2019na diplomatik bir yetki verilmemi\u015ftir. Bodrum Fahri Konsoloslu\u011fu, bundan dolay\u0131 konsolosluk hizmeti vermemektedir. Bodrum Fahri Konsoloslu\u011fu, sadece Bodrum ve \u00e7evresinde<\/p>\n","protected":false},"author":1,"featured_media":0,"parent":0,"menu_order":0,"comment_status":"closed","ping_status":"closed","template":"","meta":{"footnotes":""},"class_list":["post-439","page","type-page","status-publish","hentry"],"yoast_head":"<!-- This site is optimized with the Yoast SEO plugin v26.8 - https:\/\/yoast.com\/product\/yoast-seo-wordpress\/ -->\n<title>\u00c7in Bodrum Fahri Konsoloslu\u011fu - MyVize Vize Ba\u015fvuru Merkezi<\/title>\n<meta name=\"description\" content=\"\u00c7in Bodrum Fahri Konsoloslu\u011fu \u0130leti\u015fim Bilgileri Telefon Numaras\u0131 Mail Adresi Bilgileri \u0130\u00e7erir. \u00c7in Vize Dan\u0131\u015fman\u0131 \u0130\u00e7in Hemen Aray\u0131n.\" \/>\n<meta name=\"robots\" content=\"index, follow, max-snippet:-1, max-image-preview:large, max-video-preview:-1\" \/>\n<link rel=\"canonical\" href=\"https:\/\/www.myvize.com.tr\/cin\/cin-bodrum-fahri-konsoloslugu\/\" \/>\n<meta property=\"og:locale\" content=\"tr_TR\" \/>\n<meta property=\"og:type\" content=\"article\" \/>\n<meta property=\"og:title\" content=\"\u00c7in Bodrum Fahri Konsoloslu\u011fu - MyVize Vize Ba\u015fvuru Merkezi\" \/>\n<meta property=\"og:description\" content=\"\u00c7in Bodrum Fahri Konsoloslu\u011fu \u0130leti\u015fim Bilgileri Telefon Numaras\u0131 Mail Adresi Bilgileri \u0130\u00e7erir. \u00c7in Vize Dan\u0131\u015fman\u0131 \u0130\u00e7in Hemen Aray\u0131n.\" \/>\n<meta property=\"og:url\" content=\"https:\/\/www.myvize.com.tr\/cin\/cin-bodrum-fahri-konsoloslugu\/\" \/>\n<meta property=\"og:site_name\" content=\"\u00c7in Vizesi\" \/>\n<meta property=\"article:modified_time\" content=\"2022-04-04T10:58:17+00:00\" \/>\n<meta name=\"twitter:card\" content=\"summary_large_image\" \/>\n<meta name=\"twitter:label1\" content=\"Tahmini okuma s\u00fcresi\" \/>\n\t<meta name=\"twitter:data1\" content=\"2 dakika\" \/>\n<script type=\"application\/ld+json\" class=\"yoast-schema-graph\">{\"@context\":\"https:\/\/schema.org\",\"@graph\":[{\"@type\":\"WebPage\",\"@id\":\"https:\/\/www.myvize.com.tr\/cin\/cin-bodrum-fahri-konsoloslugu\/\",\"url\":\"https:\/\/www.myvize.com.tr\/cin\/cin-bodrum-fahri-konsoloslugu\/\",\"name\":\"\u00c7in Bodrum Fahri Konsoloslu\u011fu - MyVize Vize Ba\u015fvuru Merkezi\",\"isPartOf\":{\"@id\":\"https:\/\/www.myvize.com.tr\/cin\/#website\"},\"datePublished\":\"2021-09-17T06:37:10+00:00\",\"dateModified\":\"2022-04-04T10:58:17+00:00\",\"description\":\"\u00c7in Bodrum Fahri Konsoloslu\u011fu \u0130leti\u015fim Bilgileri Telefon Numaras\u0131 Mail Adresi Bilgileri \u0130\u00e7erir. \u00c7in Vize Dan\u0131\u015fman\u0131 \u0130\u00e7in Hemen Aray\u0131n.\",\"breadcrumb\":{\"@id\":\"https:\/\/www.myvize.com.tr\/cin\/cin-bodrum-fahri-konsoloslugu\/#breadcrumb\"},\"inLanguage\":\"tr\",\"potentialAction\":[{\"@type\":\"ReadAction\",\"target\":[\"https:\/\/www.myvize.com.tr\/cin\/cin-bodrum-fahri-konsoloslugu\/\"]}]},{\"@type\":\"BreadcrumbList\",\"@id\":\"https:\/\/www.myvize.com.tr\/cin\/cin-bodrum-fahri-konsoloslugu\/#breadcrumb\",\"itemListElement\":[{\"@type\":\"ListItem\",\"position\":1,\"name\":\"Anasayfa\",\"item\":\"https:\/\/www.myvize.com.tr\/cin\/\"},{\"@type\":\"ListItem\",\"position\":2,\"name\":\"\u00c7in Bodrum Fahri Konsoloslu\u011fu\"}]},{\"@type\":\"WebSite\",\"@id\":\"https:\/\/www.myvize.com.tr\/cin\/#website\",\"url\":\"https:\/\/www.myvize.com.tr\/cin\/\",\"name\":\"\u00c7in Vizesi\",\"description\":\"\",\"potentialAction\":[{\"@type\":\"SearchAction\",\"target\":{\"@type\":\"EntryPoint\",\"urlTemplate\":\"https:\/\/www.myvize.com.tr\/cin\/?s={search_term_string}\"},\"query-input\":{\"@type\":\"PropertyValueSpecification\",\"valueRequired\":true,\"valueName\":\"search_term_string\"}}],\"inLanguage\":\"tr\"}]}<\/script>\n<!-- \/ Yoast SEO plugin. -->","yoast_head_json":{"title":"\u00c7in Bodrum Fahri Konsoloslu\u011fu - MyVize Vize Ba\u015fvuru Merkezi","description":"\u00c7in Bodrum Fahri Konsoloslu\u011fu \u0130leti\u015fim Bilgileri Telefon Numaras\u0131 Mail Adresi Bilgileri \u0130\u00e7erir. \u00c7in Vize Dan\u0131\u015fman\u0131 \u0130\u00e7in Hemen Aray\u0131n.","robots":{"index":"index","follow":"follow","max-snippet":"max-snippet:-1","max-image-preview":"max-image-preview:large","max-video-preview":"max-video-preview:-1"},"canonical":"https:\/\/www.myvize.com.tr\/cin\/cin-bodrum-fahri-konsoloslugu\/","og_locale":"tr_TR","og_type":"article","og_title":"\u00c7in Bodrum Fahri Konsoloslu\u011fu - MyVize Vize Ba\u015fvuru Merkezi","og_description":"\u00c7in Bodrum Fahri Konsoloslu\u011fu \u0130leti\u015fim Bilgileri Telefon Numaras\u0131 Mail Adresi Bilgileri \u0130\u00e7erir. \u00c7in Vize Dan\u0131\u015fman\u0131 \u0130\u00e7in Hemen Aray\u0131n.","og_url":"https:\/\/www.myvize.com.tr\/cin\/cin-bodrum-fahri-konsoloslugu\/","og_site_name":"\u00c7in Vizesi","article_modified_time":"2022-04-04T10:58:17+00:00","twitter_card":"summary_large_image","twitter_misc":{"Tahmini okuma s\u00fcresi":"2 dakika"},"schema":{"@context":"https:\/\/schema.org","@graph":[{"@type":"WebPage","@id":"https:\/\/www.myvize.com.tr\/cin\/cin-bodrum-fahri-konsoloslugu\/","url":"https:\/\/www.myvize.com.tr\/cin\/cin-bodrum-fahri-konsoloslugu\/","name":"\u00c7in Bodrum Fahri Konsoloslu\u011fu - MyVize Vize Ba\u015fvuru Merkezi","isPartOf":{"@id":"https:\/\/www.myvize.com.tr\/cin\/#website"},"datePublished":"2021-09-17T06:37:10+00:00","dateModified":"2022-04-04T10:58:17+00:00","description":"\u00c7in Bodrum Fahri Konsoloslu\u011fu \u0130leti\u015fim Bilgileri Telefon Numaras\u0131 Mail Adresi Bilgileri \u0130\u00e7erir. \u00c7in Vize Dan\u0131\u015fman\u0131 \u0130\u00e7in Hemen Aray\u0131n.","breadcrumb":{"@id":"https:\/\/www.myvize.com.tr\/cin\/cin-bodrum-fahri-konsoloslugu\/#breadcrumb"},"inLanguage":"tr","potentialAction":[{"@type":"ReadAction","target":["https:\/\/www.myvize.com.tr\/cin\/cin-bodrum-fahri-konsoloslugu\/"]}]},{"@type":"BreadcrumbList","@id":"https:\/\/www.myvize.com.tr\/cin\/cin-bodrum-fahri-konsoloslugu\/#breadcrumb","itemListElement":[{"@type":"ListItem","position":1,"name":"Anasayfa","item":"https:\/\/www.myvize.com.tr\/cin\/"},{"@type":"ListItem","position":2,"name":"\u00c7in Bodrum Fahri Konsoloslu\u011fu"}]},{"@type":"WebSite","@id":"https:\/\/www.myvize.com.tr\/cin\/#website","url":"https:\/\/www.myvize.com.tr\/cin\/","name":"\u00c7in Vizesi","description":"","potentialAction":[{"@type":"SearchAction","target":{"@type":"EntryPoint","urlTemplate":"https:\/\/www.myvize.com.tr\/cin\/?s={search_term_string}"},"query-input":{"@type":"PropertyValueSpecification","valueRequired":true,"valueName":"search_term_string"}}],"inLanguage":"tr"}]}},"_links":{"self":[{"href":"https:\/\/www.myvize.com.tr\/cin\/wp-json\/wp\/v2\/pages\/439","targetHints":{"allow":["GET"]}}],"collection":[{"href":"https:\/\/www.myvize.com.tr\/cin\/wp-json\/wp\/v2\/pages"}],"about":[{"href":"https:\/\/www.myvize.com.tr\/cin\/wp-json\/wp\/v2\/types\/page"}],"author":[{"embeddable":true,"href":"https:\/\/www.myvize.com.tr\/cin\/wp-json\/wp\/v2\/users\/1"}],"replies":[{"embeddable":true,"href":"https:\/\/www.myvize.com.tr\/cin\/wp-json\/wp\/v2\/comments?post=439"}],"version-history":[{"count":4,"href":"https:\/\/www.myvize.com.tr\/cin\/wp-json\/wp\/v2\/pages\/439\/revisions"}],"predecessor-version":[{"id":767,"href":"https:\/\/www.myvize.com.tr\/cin\/wp-json\/wp\/v2\/pages\/439\/revisions\/767"}],"wp:attachment":[{"href":"https:\/\/www.myvize.com.tr\/cin\/wp-json\/wp\/v2\/media?parent=439"}],"curies":[{"name":"wp","href":"https:\/\/api.w.org\/{rel}","templated":true}]}}