{"id":444,"date":"2021-09-17T10:13:38","date_gmt":"2021-09-17T07:13:38","guid":{"rendered":"https:\/\/www.myvize.com.tr\/cin\/?page_id=444"},"modified":"2022-04-04T14:11:19","modified_gmt":"2022-04-04T11:11:19","slug":"cin-kayseri-fahri-konsoloslugu","status":"publish","type":"page","link":"https:\/\/www.myvize.com.tr\/cin\/cin-kayseri-fahri-konsoloslugu\/","title":{"rendered":"\u00c7in Kayseri Fahri Konsoloslu\u011fu"},"content":{"rendered":"<p><span style=\"font-family: Roboto; font-size: 14px;\"><strong>\u00c7in Halk Cumhuriyeti Kayseri Fahri Konsoloslu\u011fu<\/strong>, \u00c7in Halk Cumhuriyeti\u2019nin Kayseri\u2019de bulunan diplomatik bir yetkisi bulunmayan temsilciliklerindendir. Fahri Konsoloslu\u011funun genel amac\u0131 ticari ili\u015fkilerdir. <strong>Kayseri Fahri Konsoloslu\u011fu<\/strong>, bunun yan\u0131nda baz\u0131 farkl\u0131 hizmetlerde vermektedir. \u00c7in Halk Cumhuriyeti Fahri Konsoloslu\u011fu\u2019nun verdi\u011fi baz\u0131 hizmetler a\u015fa\u011f\u0131da verilmi\u015ftir.<\/span><\/p>\n<ul>\n<li><span style=\"font-family: Roboto; font-size: 14px;\"><strong>Konsolosluk Hizmeti:\u00a0<\/strong>\u00c7in Halk Cumhuriyeti Kayseri Fahri Konsoloslu\u011fu\u2019na diplomatik bir yetki verilmemi\u015ftir. Kayseri Fahri Konsoloslu\u011fu, bundan dolay\u0131 konsolosluk hizmeti vermemektedir. Kayseri Fahri Konsoloslu\u011fu, sadece \u00c7in vatanda\u015flar\u0131na acil durumlarda fotokopi ve belge tasdiki i\u015flemi yapmaktad\u0131r.<\/span><\/li>\n<li><span style=\"font-family: Roboto; font-size: 14px;\"><strong>Ticari Hizmet:<\/strong>\u00a0\u00c7in Halk Cumhuriyeti ile T\u00fcrkiye\u2019nin<strong> Kayseri <\/strong>ve \u00e7evresinde ticari ili\u015fkilerini geli\u015ftirmektedir. \u00c7in Halk Cumhuriyeti ad\u0131na Kayseri\u2019de yeni yat\u0131r\u0131m alanlar\u0131 \u00e7\u0131karmay\u0131 ama\u00e7lar.<\/span><\/li>\n<li><span style=\"font-family: Roboto; font-size: 14px;\"><strong>K\u00fclt\u00fcrel \u0130li\u015fkiler:\u00a0<\/strong>\u00c7in Halk Cumhuriyeti ve T\u00fcrkiye\u2019nin Kayseri ili ve \u00e7evresindeki iller ile k\u00fclt\u00fcr al\u0131\u015fveri\u015fi yapmaktad\u0131r.<\/span><\/li>\n<\/ul>\n<p><span style=\"font-family: Roboto; font-size: 20px;\"><strong>\u00c7in Kayseri Fahri Konsoloslu\u011fu Adresi, \u00c7al\u0131\u015fma Saatleri\u00a0<\/strong><\/span><\/p>\n<p><span style=\"font-family: Roboto; font-size: 14px;\">Adres: Osmangazi Mahallesi, 451. Sokak, No: 14, Kocasinan\/Kayseri<\/span><\/p>\n<p><span style=\"font-family: Roboto; font-size: 14px;\">\u00c7al\u0131\u015fma Saatleri: <strong>\u00c7in Halk Cumhuriyeti Kayseri Fahri Konsoloslu\u011fu<\/strong> hafta i\u00e7i saat 08.00 ile 17.00 aras\u0131nda hizmet vermektedir. T\u00fcrkiye ile \u00c7in Halk Cumhuriyeti\u2019nin resmi tatillerinde \u00e7al\u0131\u015fmamaktad\u0131r.<\/span><\/p>\n<p><span style=\"font-family: Roboto; font-size: 14px;\"><span style=\"color: #2acec2;\"><strong><a style=\"color: #2acec2;\" href=\"https:\/\/www.myvize.com.tr\/cin\/cin-vize-reddi\/\" target=\"_blank\" rel=\"noopener\">\u00c7in Vize Reddi <\/a><\/strong><\/span>ile ilgili bilgi almak i\u00e7in bizi aray\u0131n.<\/span><\/p>\n<h2><span style=\"font-family: Roboto; font-size: 27px;\"><strong>\u00c7in Kayseri Konsoloslu\u011fu ile \u0130lgili Bilgiler<\/strong><\/span><\/h2>\n<p><span style=\"font-family: Roboto; font-size: 14px;\"><strong>\u00c7in Kayseri Fahri Konsoloslu\u011fu\u00a0<\/strong>T\u00fcrkiye\u2019nin Kayseri \u015fehrinde \u00c7in vatanda\u015flar\u0131na hizmet veren ve \u00c7in Halk Cumhuriyeti\u2019ne do\u011frudan ba\u011fl\u0131 olan bir resmi kurumdur. Fahri konsolosluk olarak iki \u00fclke aras\u0131nda ger\u00e7ekle\u015fecek olan turistik, ticari ve sosyo- k\u00fclt\u00fcrel ili\u015fkilerin geli\u015ftirilmesinde do\u011frudan yetki sahibidir. Diplomatik anlamda herhangi bir yetkisi bulunmayan <strong>\u00c7in Kayseri Fahri Konsoloslu\u011fu<\/strong> ayn\u0131 zamanda Kayseri ve civar\u0131nda ikamet eden \u00c7in vatanda\u015flar\u0131na gerekli olacak acil evrak hizmetini de sunmaktad\u0131r. Acil durumlarda gerekli olacak fotokopi ve evrak tasdik gibi hizmetlerde <strong>\u00c7in vatanda\u015flar\u0131<\/strong> Kayseri\u2019de hizmet veren <strong>\u00c7in Fahri Konsoloslu\u011fu<\/strong> ile ileti\u015fime ge\u00e7ebilirler.<\/span><\/p>\n<p><span style=\"font-family: Roboto; font-size: 14px;\"><strong>\u00c7in Fahri Konsoloslu\u011fu<\/strong> Kayseri\u2019de Osmangazi Mahallesi 451.Sokak No:14 Kocasinan \/ Kayseri adresinde hizmet vermektedir. Hafta i\u00e7i her g\u00fcn mesai saatleri aras\u0131nda vatanda\u015flar ihtiya\u00e7lar\u0131 olan evrak hizmeti i\u00e7in konsoloslukta haz\u0131r bulunabilirler. <strong>\u00c7in Halk Cumhuriyeti<\/strong> ve T\u00fcrkiye Cumhuriyeti i\u00e7in resmi olarak tatil ilan edilmi\u015f g\u00fcnlerde <strong>\u00c7in Fahri Konsoloslu\u011fu<\/strong> da hizmete kapal\u0131d\u0131r. Di\u011fer tarihlerde mesai saatleri aras\u0131nda randevu alan \u00c7in vatanda\u015flar\u0131 her t\u00fcrl\u00fc hizmeti g\u00fcvenli ko\u015fullarda sa\u011flayabilirler.<\/span><\/p>\n","protected":false},"excerpt":{"rendered":"<p>\u00c7in Halk Cumhuriyeti Kayseri Fahri Konsoloslu\u011fu, \u00c7in Halk Cumhuriyeti\u2019nin Kayseri\u2019de bulunan diplomatik bir yetkisi bulunmayan temsilciliklerindendir. Fahri Konsoloslu\u011funun genel amac\u0131 ticari ili\u015fkilerdir. Kayseri Fahri Konsoloslu\u011fu, bunun yan\u0131nda baz\u0131 farkl\u0131 hizmetlerde vermektedir. \u00c7in Halk Cumhuriyeti Fahri Konsoloslu\u011fu\u2019nun verdi\u011fi baz\u0131 hizmetler a\u015fa\u011f\u0131da verilmi\u015ftir. Konsolosluk Hizmeti:\u00a0\u00c7in Halk Cumhuriyeti Kayseri Fahri Konsoloslu\u011fu\u2019na diplomatik bir yetki verilmemi\u015ftir. Kayseri Fahri Konsoloslu\u011fu,<\/p>\n","protected":false},"author":1,"featured_media":0,"parent":0,"menu_order":0,"comment_status":"closed","ping_status":"closed","template":"","meta":{"footnotes":""},"class_list":["post-444","page","type-page","status-publish","hentry"],"yoast_head":"<!-- This site is optimized with the Yoast SEO plugin v26.8 - https:\/\/yoast.com\/product\/yoast-seo-wordpress\/ -->\n<title>\u00c7in Kayseri Fahri Konsoloslu\u011fu - \u00c7in Vizesi - MyVize<\/title>\n<meta name=\"description\" content=\"\u00c7in Kayseri Fahri Konsoloslu\u011fu \u0130leti\u015fim Bilgileri Telefon Numaras\u0131 Mail Adresi Bilgileri \u0130\u00e7erir. \u00c7in Vize Dan\u0131\u015fman\u0131 \u0130\u00e7in Hemen Aray\u0131n.\" \/>\n<meta name=\"robots\" content=\"index, follow, max-snippet:-1, max-image-preview:large, max-video-preview:-1\" \/>\n<link rel=\"canonical\" href=\"https:\/\/www.myvize.com.tr\/cin\/cin-kayseri-fahri-konsoloslugu\/\" \/>\n<meta property=\"og:locale\" content=\"tr_TR\" \/>\n<meta property=\"og:type\" content=\"article\" \/>\n<meta property=\"og:title\" content=\"\u00c7in Kayseri Fahri Konsoloslu\u011fu - \u00c7in Vizesi - MyVize\" \/>\n<meta property=\"og:description\" content=\"\u00c7in Kayseri Fahri Konsoloslu\u011fu \u0130leti\u015fim Bilgileri Telefon Numaras\u0131 Mail Adresi Bilgileri \u0130\u00e7erir. \u00c7in Vize Dan\u0131\u015fman\u0131 \u0130\u00e7in Hemen Aray\u0131n.\" \/>\n<meta property=\"og:url\" content=\"https:\/\/www.myvize.com.tr\/cin\/cin-kayseri-fahri-konsoloslugu\/\" \/>\n<meta property=\"og:site_name\" content=\"\u00c7in Vizesi\" \/>\n<meta property=\"article:modified_time\" content=\"2022-04-04T11:11:19+00:00\" \/>\n<meta name=\"twitter:card\" content=\"summary_large_image\" \/>\n<meta name=\"twitter:label1\" content=\"Tahmini okuma s\u00fcresi\" \/>\n\t<meta name=\"twitter:data1\" content=\"2 dakika\" \/>\n<script type=\"application\/ld+json\" class=\"yoast-schema-graph\">{\"@context\":\"https:\/\/schema.org\",\"@graph\":[{\"@type\":\"WebPage\",\"@id\":\"https:\/\/www.myvize.com.tr\/cin\/cin-kayseri-fahri-konsoloslugu\/\",\"url\":\"https:\/\/www.myvize.com.tr\/cin\/cin-kayseri-fahri-konsoloslugu\/\",\"name\":\"\u00c7in Kayseri Fahri Konsoloslu\u011fu - \u00c7in Vizesi - MyVize\",\"isPartOf\":{\"@id\":\"https:\/\/www.myvize.com.tr\/cin\/#website\"},\"datePublished\":\"2021-09-17T07:13:38+00:00\",\"dateModified\":\"2022-04-04T11:11:19+00:00\",\"description\":\"\u00c7in Kayseri Fahri Konsoloslu\u011fu \u0130leti\u015fim Bilgileri Telefon Numaras\u0131 Mail Adresi Bilgileri \u0130\u00e7erir. \u00c7in Vize Dan\u0131\u015fman\u0131 \u0130\u00e7in Hemen Aray\u0131n.\",\"breadcrumb\":{\"@id\":\"https:\/\/www.myvize.com.tr\/cin\/cin-kayseri-fahri-konsoloslugu\/#breadcrumb\"},\"inLanguage\":\"tr\",\"potentialAction\":[{\"@type\":\"ReadAction\",\"target\":[\"https:\/\/www.myvize.com.tr\/cin\/cin-kayseri-fahri-konsoloslugu\/\"]}]},{\"@type\":\"BreadcrumbList\",\"@id\":\"https:\/\/www.myvize.com.tr\/cin\/cin-kayseri-fahri-konsoloslugu\/#breadcrumb\",\"itemListElement\":[{\"@type\":\"ListItem\",\"position\":1,\"name\":\"Anasayfa\",\"item\":\"https:\/\/www.myvize.com.tr\/cin\/\"},{\"@type\":\"ListItem\",\"position\":2,\"name\":\"\u00c7in Kayseri Fahri Konsoloslu\u011fu\"}]},{\"@type\":\"WebSite\",\"@id\":\"https:\/\/www.myvize.com.tr\/cin\/#website\",\"url\":\"https:\/\/www.myvize.com.tr\/cin\/\",\"name\":\"\u00c7in Vizesi\",\"description\":\"\",\"potentialAction\":[{\"@type\":\"SearchAction\",\"target\":{\"@type\":\"EntryPoint\",\"urlTemplate\":\"https:\/\/www.myvize.com.tr\/cin\/?s={search_term_string}\"},\"query-input\":{\"@type\":\"PropertyValueSpecification\",\"valueRequired\":true,\"valueName\":\"search_term_string\"}}],\"inLanguage\":\"tr\"}]}<\/script>\n<!-- \/ Yoast SEO plugin. -->","yoast_head_json":{"title":"\u00c7in Kayseri Fahri Konsoloslu\u011fu - \u00c7in Vizesi - MyVize","description":"\u00c7in Kayseri Fahri Konsoloslu\u011fu \u0130leti\u015fim Bilgileri Telefon Numaras\u0131 Mail Adresi Bilgileri \u0130\u00e7erir. \u00c7in Vize Dan\u0131\u015fman\u0131 \u0130\u00e7in Hemen Aray\u0131n.","robots":{"index":"index","follow":"follow","max-snippet":"max-snippet:-1","max-image-preview":"max-image-preview:large","max-video-preview":"max-video-preview:-1"},"canonical":"https:\/\/www.myvize.com.tr\/cin\/cin-kayseri-fahri-konsoloslugu\/","og_locale":"tr_TR","og_type":"article","og_title":"\u00c7in Kayseri Fahri Konsoloslu\u011fu - \u00c7in Vizesi - MyVize","og_description":"\u00c7in Kayseri Fahri Konsoloslu\u011fu \u0130leti\u015fim Bilgileri Telefon Numaras\u0131 Mail Adresi Bilgileri \u0130\u00e7erir. \u00c7in Vize Dan\u0131\u015fman\u0131 \u0130\u00e7in Hemen Aray\u0131n.","og_url":"https:\/\/www.myvize.com.tr\/cin\/cin-kayseri-fahri-konsoloslugu\/","og_site_name":"\u00c7in Vizesi","article_modified_time":"2022-04-04T11:11:19+00:00","twitter_card":"summary_large_image","twitter_misc":{"Tahmini okuma s\u00fcresi":"2 dakika"},"schema":{"@context":"https:\/\/schema.org","@graph":[{"@type":"WebPage","@id":"https:\/\/www.myvize.com.tr\/cin\/cin-kayseri-fahri-konsoloslugu\/","url":"https:\/\/www.myvize.com.tr\/cin\/cin-kayseri-fahri-konsoloslugu\/","name":"\u00c7in Kayseri Fahri Konsoloslu\u011fu - \u00c7in Vizesi - MyVize","isPartOf":{"@id":"https:\/\/www.myvize.com.tr\/cin\/#website"},"datePublished":"2021-09-17T07:13:38+00:00","dateModified":"2022-04-04T11:11:19+00:00","description":"\u00c7in Kayseri Fahri Konsoloslu\u011fu \u0130leti\u015fim Bilgileri Telefon Numaras\u0131 Mail Adresi Bilgileri \u0130\u00e7erir. \u00c7in Vize Dan\u0131\u015fman\u0131 \u0130\u00e7in Hemen Aray\u0131n.","breadcrumb":{"@id":"https:\/\/www.myvize.com.tr\/cin\/cin-kayseri-fahri-konsoloslugu\/#breadcrumb"},"inLanguage":"tr","potentialAction":[{"@type":"ReadAction","target":["https:\/\/www.myvize.com.tr\/cin\/cin-kayseri-fahri-konsoloslugu\/"]}]},{"@type":"BreadcrumbList","@id":"https:\/\/www.myvize.com.tr\/cin\/cin-kayseri-fahri-konsoloslugu\/#breadcrumb","itemListElement":[{"@type":"ListItem","position":1,"name":"Anasayfa","item":"https:\/\/www.myvize.com.tr\/cin\/"},{"@type":"ListItem","position":2,"name":"\u00c7in Kayseri Fahri Konsoloslu\u011fu"}]},{"@type":"WebSite","@id":"https:\/\/www.myvize.com.tr\/cin\/#website","url":"https:\/\/www.myvize.com.tr\/cin\/","name":"\u00c7in Vizesi","description":"","potentialAction":[{"@type":"SearchAction","target":{"@type":"EntryPoint","urlTemplate":"https:\/\/www.myvize.com.tr\/cin\/?s={search_term_string}"},"query-input":{"@type":"PropertyValueSpecification","valueRequired":true,"valueName":"search_term_string"}}],"inLanguage":"tr"}]}},"_links":{"self":[{"href":"https:\/\/www.myvize.com.tr\/cin\/wp-json\/wp\/v2\/pages\/444","targetHints":{"allow":["GET"]}}],"collection":[{"href":"https:\/\/www.myvize.com.tr\/cin\/wp-json\/wp\/v2\/pages"}],"about":[{"href":"https:\/\/www.myvize.com.tr\/cin\/wp-json\/wp\/v2\/types\/page"}],"author":[{"embeddable":true,"href":"https:\/\/www.myvize.com.tr\/cin\/wp-json\/wp\/v2\/users\/1"}],"replies":[{"embeddable":true,"href":"https:\/\/www.myvize.com.tr\/cin\/wp-json\/wp\/v2\/comments?post=444"}],"version-history":[{"count":6,"href":"https:\/\/www.myvize.com.tr\/cin\/wp-json\/wp\/v2\/pages\/444\/revisions"}],"predecessor-version":[{"id":771,"href":"https:\/\/www.myvize.com.tr\/cin\/wp-json\/wp\/v2\/pages\/444\/revisions\/771"}],"wp:attachment":[{"href":"https:\/\/www.myvize.com.tr\/cin\/wp-json\/wp\/v2\/media?parent=444"}],"curies":[{"name":"wp","href":"https:\/\/api.w.org\/{rel}","templated":true}]}}