{"id":447,"date":"2021-09-17T10:21:42","date_gmt":"2021-09-17T07:21:42","guid":{"rendered":"https:\/\/www.myvize.com.tr\/cin\/?page_id=447"},"modified":"2022-04-04T14:14:14","modified_gmt":"2022-04-04T11:14:14","slug":"cin-bursa-fahri-konsoloslugu","status":"publish","type":"page","link":"https:\/\/www.myvize.com.tr\/cin\/cin-bursa-fahri-konsoloslugu\/","title":{"rendered":"\u00c7in Bursa Fahri Konsoloslu\u011fu"},"content":{"rendered":"<h2><span style=\"font-family: Roboto; font-size: 27px;\">\u00c7in Bursa Konsoloslu\u011fu<\/span><\/h2>\n<p><span style=\"font-family: Roboto; font-size: 14px;\"><strong>\u00c7in Halk Cumhuriyeti\u2019nin Bursa Fahri Konsoloslu\u011fu<\/strong>, \u00c7in\u2019in T\u00fcrkiye\u2019nin Bursa ilinde bulunan ve diplomatik bir yetkisi olmayan temsilcili\u011fidir. \u00c7in Bursa Fahri Konsoloslu\u011fu\u2019nun genel amac\u0131 ticari ili\u015fkilerdir.<strong> Bursa Fahri Konsoloslu\u011fu<\/strong>, bunun yan\u0131nda baz\u0131 farkl\u0131 hizmetlerde vermektedir. <strong>\u00c7in Halk Cumhuriyeti Bursa Fahri Konsoloslu\u011fu\u2019nun<\/strong> verdi\u011fi hizmetler a\u015fa\u011f\u0131da verilmi\u015ftir.<\/span><\/p>\n<ul>\n<li><span style=\"font-family: Roboto; font-size: 14px;\"><strong>Konsolosluk Hizmeti:\u00a0<\/strong>\u00c7in Halk Cumhuriyeti Bursa Fahri Konsoloslu\u011fu\u2019na diplomatik bir yetki verilmemi\u015ftir. Bursa Fahri Konsoloslu\u011fu, bundan dolay\u0131 konsolosluk hizmeti vermemektedir. <strong>Bursa Fahri Konsoloslu\u011fu<\/strong>, sadece Bursa ve \u00e7evresinde bulunan acil durumlarda fotokopi ve belge tasdiki i\u015flemi yapmaktad\u0131r.<\/span><\/li>\n<li><span style=\"font-family: Roboto; font-size: 14px;\"><strong>Ticari Hizmet:<\/strong>\u00a0\u00c7in Halk Cumhuriyeti ile T\u00fcrkiye\u2019nin Bursa ve \u00e7evresinde bulunan ticari ili\u015fkilerini geli\u015ftirmektedir. \u00c7in Halk Cumhuriyeti ad\u0131na Bursa\u2019da yeni yat\u0131r\u0131m alanlar\u0131 ortaya \u00e7\u0131karmay\u0131 ama\u00e7lar.<\/span><\/li>\n<li><span style=\"font-family: Roboto; font-size: 14px;\"><strong>K\u00fclt\u00fcrel \u0130li\u015fkiler:\u00a0<\/strong>\u00c7in Halk Cumhuriyeti Bursa Fahri Konsoloslu\u011fu, <strong>Bursa<\/strong> ve yetki alan\u0131 i\u00e7erisindeki b\u00f6lgelerde k\u00fclt\u00fcr al\u0131\u015fveri\u015fi yapmay\u0131 sa\u011flamaktad\u0131r.<\/span><\/li>\n<\/ul>\n<p><span style=\"font-family: Roboto; font-size: 14px;\"><strong>\u00c7in Halk Cumhuriyeti Bursa Fahri Konsoloslu\u011fu adresi, \u00e7al\u0131\u015fma saatleri\u00a0<\/strong><\/span><\/p>\n<p><span style=\"font-family: Roboto; font-size: 14px;\">Adres: Cerrah Mahallesi, 2015. Sokak, No: 87, \u0130neg\u00f6l\/Bursa<\/span><\/p>\n<p><span style=\"font-family: Roboto; font-size: 14px;\">\u00c7al\u0131\u015fma Saatleri: <strong>\u00c7in Bursa Fahri Konsoloslu\u011fu<\/strong> hafta i\u00e7i saat 08.30 ile 17.00 aras\u0131nda hizmet vermektedir. Bursa Fahri Konsoloslu\u011fu, T\u00fcrkiye ile \u00c7in Halk Cumhuriyeti\u2019nin resmi tatillerinde \u00e7al\u0131\u015fmamaktad\u0131r.<\/span><\/p>\n<p><span style=\"font-family: Roboto; font-size: 14px;\"><span style=\"color: #2acec2;\"><strong><a style=\"color: #2acec2;\" href=\"https:\/\/www.myvize.com.tr\/cin\/form-ve-dilekce\/vize-basvuru-formu\/\" target=\"_blank\" rel=\"noopener\">\u00c7in Vize Ba\u015fvuru Formu <\/a><\/strong><\/span>ile ilgili bilgi almak i\u00e7in bizi aray\u0131n.<\/span><\/p>\n<h2><span style=\"font-family: Roboto; font-size: 27px;\"><strong>\u00c7in Bursa Fahri Konsoloslu\u011fu Hakk\u0131nda<\/strong><\/span><\/h2>\n<p><span style=\"font-family: Roboto; font-size: 14px;\"><strong>\u00c7in Bursa Fahri Konsoloslu\u011fu\u00a0<\/strong>T\u00fcrkiye\u2019nin Bursa \u015fehrinde hizmet vermektedir. \u00a0Fahri konsolosluklar diplomatik hizmetlerde yetkili de\u011fildir. Bunun haricinde ticari ili\u015fkiler ve hizmetler konusunda gerekli t\u00fcm hizmeti vatanda\u015flara sunmaktad\u0131r. Bununla birlikte <strong>Bursa Fahri Konsoloslu\u011fu<\/strong> birka\u00e7 farkl\u0131 hizmet i\u00e7in daha tercih edilebilir. Bursa\u2019da ikamet eden <strong>\u00c7in vatanda\u015flar\u0131 konsoloslu\u011fa<\/strong> gelerek belge tasdiki ve fotokopi gibi ihtiya\u00e7lar\u0131na da kar\u015f\u0131l\u0131k bulabilirler.<\/span><\/p>\n<p><span style=\"font-family: Roboto; font-size: 14px;\">\u00c7in Bursa Fahri Konsoloslu\u011fu\u2019nun vatanda\u015flara sundu\u011fu di\u011fer hizmetler \u015fu \u015fekildedir;<\/span><\/p>\n<ul>\n<li><span style=\"font-family: Roboto; font-size: 14px;\"><strong>Ticari Hizmet:<\/strong>\u00a0\u00c7in Halk Cumhuriyeti ile T\u00fcrkiye Cumhuriyeti aras\u0131nda gerekli olacak ticari ili\u015fkiler fahri konsolosluklar arac\u0131l\u0131\u011f\u0131 ile ger\u00e7ekle\u015ftirilir. Bursa\u2019da bulunan yat\u0131r\u0131m alanlar\u0131n\u0131n incelenmesi ve de\u011ferlendirilmesi gibi konularda fahri konsolosluk ram yetki sahibidir.<\/span><\/li>\n<li><span style=\"font-family: Roboto; font-size: 14px;\"><strong>K\u00fclt\u00fcrel \u0130li\u015fkiler:<\/strong>\u00a0<strong>\u00c7in Halk Cumhuriyeti<\/strong> ile <strong>T\u00fcrkiye Cumhuriyeti aras\u0131nda<\/strong> yetki sahibi olunan b\u00f6lgelerde gerekli olacak k\u00fclt\u00fcr al\u0131\u015fveri\u015fi yine fahri konsolosluklar arac\u0131l\u0131\u011f\u0131 ile sa\u011flan\u0131r.<\/span><\/li>\n<\/ul>\n<p><span style=\"font-family: Roboto; font-size: 14px;\">T\u00fcrkiye\u2019de ikamet eden <strong>\u00c7inli vatanda\u015flar<\/strong> hafta i\u00e7i her g\u00fcn 09.00- 17.00 saatleri aras\u0131nda konsolosluktan gerekli hizmeti alabilirler.\u00a0 Konsolosluk iki \u00fclke i\u00e7in ge\u00e7erli olacak resm\u00ee tatil g\u00fcnlerinde hizmete kapal\u0131d\u0131r.<\/span><\/p>\n","protected":false},"excerpt":{"rendered":"<p>\u00c7in Bursa Konsoloslu\u011fu \u00c7in Halk Cumhuriyeti\u2019nin Bursa Fahri Konsoloslu\u011fu, \u00c7in\u2019in T\u00fcrkiye\u2019nin Bursa ilinde bulunan ve diplomatik bir yetkisi olmayan temsilcili\u011fidir. \u00c7in Bursa Fahri Konsoloslu\u011fu\u2019nun genel amac\u0131 ticari ili\u015fkilerdir. Bursa Fahri Konsoloslu\u011fu, bunun yan\u0131nda baz\u0131 farkl\u0131 hizmetlerde vermektedir. \u00c7in Halk Cumhuriyeti Bursa Fahri Konsoloslu\u011fu\u2019nun verdi\u011fi hizmetler a\u015fa\u011f\u0131da verilmi\u015ftir. Konsolosluk Hizmeti:\u00a0\u00c7in Halk Cumhuriyeti Bursa Fahri Konsoloslu\u011fu\u2019na diplomatik<\/p>\n","protected":false},"author":1,"featured_media":0,"parent":0,"menu_order":0,"comment_status":"closed","ping_status":"closed","template":"","meta":{"footnotes":""},"class_list":["post-447","page","type-page","status-publish","hentry"],"yoast_head":"<!-- This site is optimized with the Yoast SEO plugin v26.8 - https:\/\/yoast.com\/product\/yoast-seo-wordpress\/ -->\n<title>\u00c7in Bursa Fahri Konsoloslu\u011fu - MyVize Vize Ba\u015fvuru Merkezi<\/title>\n<meta name=\"description\" content=\"\u00c7in Bursa Fahri Konsoloslu\u011fu \u0130leti\u015fim Bilgileri Telefon Numaras\u0131 Mail Adresi Bilgileri \u0130\u00e7erir. \u00c7in Vize Dan\u0131\u015fman\u0131 \u0130\u00e7in Hemen Aray\u0131n.\" \/>\n<meta name=\"robots\" content=\"index, follow, max-snippet:-1, max-image-preview:large, max-video-preview:-1\" \/>\n<link rel=\"canonical\" href=\"https:\/\/www.myvize.com.tr\/cin\/cin-bursa-fahri-konsoloslugu\/\" \/>\n<meta property=\"og:locale\" content=\"tr_TR\" \/>\n<meta property=\"og:type\" content=\"article\" \/>\n<meta property=\"og:title\" content=\"\u00c7in Bursa Fahri Konsoloslu\u011fu - MyVize Vize Ba\u015fvuru Merkezi\" \/>\n<meta property=\"og:description\" content=\"\u00c7in Bursa Fahri Konsoloslu\u011fu \u0130leti\u015fim Bilgileri Telefon Numaras\u0131 Mail Adresi Bilgileri \u0130\u00e7erir. \u00c7in Vize Dan\u0131\u015fman\u0131 \u0130\u00e7in Hemen Aray\u0131n.\" \/>\n<meta property=\"og:url\" content=\"https:\/\/www.myvize.com.tr\/cin\/cin-bursa-fahri-konsoloslugu\/\" \/>\n<meta property=\"og:site_name\" content=\"\u00c7in Vizesi\" \/>\n<meta property=\"article:modified_time\" content=\"2022-04-04T11:14:14+00:00\" \/>\n<meta name=\"twitter:card\" content=\"summary_large_image\" \/>\n<meta name=\"twitter:label1\" content=\"Tahmini okuma s\u00fcresi\" \/>\n\t<meta name=\"twitter:data1\" content=\"3 dakika\" \/>\n<script type=\"application\/ld+json\" class=\"yoast-schema-graph\">{\"@context\":\"https:\/\/schema.org\",\"@graph\":[{\"@type\":\"WebPage\",\"@id\":\"https:\/\/www.myvize.com.tr\/cin\/cin-bursa-fahri-konsoloslugu\/\",\"url\":\"https:\/\/www.myvize.com.tr\/cin\/cin-bursa-fahri-konsoloslugu\/\",\"name\":\"\u00c7in Bursa Fahri Konsoloslu\u011fu - MyVize Vize Ba\u015fvuru Merkezi\",\"isPartOf\":{\"@id\":\"https:\/\/www.myvize.com.tr\/cin\/#website\"},\"datePublished\":\"2021-09-17T07:21:42+00:00\",\"dateModified\":\"2022-04-04T11:14:14+00:00\",\"description\":\"\u00c7in Bursa Fahri Konsoloslu\u011fu \u0130leti\u015fim Bilgileri Telefon Numaras\u0131 Mail Adresi Bilgileri \u0130\u00e7erir. \u00c7in Vize Dan\u0131\u015fman\u0131 \u0130\u00e7in Hemen Aray\u0131n.\",\"breadcrumb\":{\"@id\":\"https:\/\/www.myvize.com.tr\/cin\/cin-bursa-fahri-konsoloslugu\/#breadcrumb\"},\"inLanguage\":\"tr\",\"potentialAction\":[{\"@type\":\"ReadAction\",\"target\":[\"https:\/\/www.myvize.com.tr\/cin\/cin-bursa-fahri-konsoloslugu\/\"]}]},{\"@type\":\"BreadcrumbList\",\"@id\":\"https:\/\/www.myvize.com.tr\/cin\/cin-bursa-fahri-konsoloslugu\/#breadcrumb\",\"itemListElement\":[{\"@type\":\"ListItem\",\"position\":1,\"name\":\"Anasayfa\",\"item\":\"https:\/\/www.myvize.com.tr\/cin\/\"},{\"@type\":\"ListItem\",\"position\":2,\"name\":\"\u00c7in Bursa Fahri Konsoloslu\u011fu\"}]},{\"@type\":\"WebSite\",\"@id\":\"https:\/\/www.myvize.com.tr\/cin\/#website\",\"url\":\"https:\/\/www.myvize.com.tr\/cin\/\",\"name\":\"\u00c7in Vizesi\",\"description\":\"\",\"potentialAction\":[{\"@type\":\"SearchAction\",\"target\":{\"@type\":\"EntryPoint\",\"urlTemplate\":\"https:\/\/www.myvize.com.tr\/cin\/?s={search_term_string}\"},\"query-input\":{\"@type\":\"PropertyValueSpecification\",\"valueRequired\":true,\"valueName\":\"search_term_string\"}}],\"inLanguage\":\"tr\"}]}<\/script>\n<!-- \/ Yoast SEO plugin. -->","yoast_head_json":{"title":"\u00c7in Bursa Fahri Konsoloslu\u011fu - MyVize Vize Ba\u015fvuru Merkezi","description":"\u00c7in Bursa Fahri Konsoloslu\u011fu \u0130leti\u015fim Bilgileri Telefon Numaras\u0131 Mail Adresi Bilgileri \u0130\u00e7erir. \u00c7in Vize Dan\u0131\u015fman\u0131 \u0130\u00e7in Hemen Aray\u0131n.","robots":{"index":"index","follow":"follow","max-snippet":"max-snippet:-1","max-image-preview":"max-image-preview:large","max-video-preview":"max-video-preview:-1"},"canonical":"https:\/\/www.myvize.com.tr\/cin\/cin-bursa-fahri-konsoloslugu\/","og_locale":"tr_TR","og_type":"article","og_title":"\u00c7in Bursa Fahri Konsoloslu\u011fu - MyVize Vize Ba\u015fvuru Merkezi","og_description":"\u00c7in Bursa Fahri Konsoloslu\u011fu \u0130leti\u015fim Bilgileri Telefon Numaras\u0131 Mail Adresi Bilgileri \u0130\u00e7erir. \u00c7in Vize Dan\u0131\u015fman\u0131 \u0130\u00e7in Hemen Aray\u0131n.","og_url":"https:\/\/www.myvize.com.tr\/cin\/cin-bursa-fahri-konsoloslugu\/","og_site_name":"\u00c7in Vizesi","article_modified_time":"2022-04-04T11:14:14+00:00","twitter_card":"summary_large_image","twitter_misc":{"Tahmini okuma s\u00fcresi":"3 dakika"},"schema":{"@context":"https:\/\/schema.org","@graph":[{"@type":"WebPage","@id":"https:\/\/www.myvize.com.tr\/cin\/cin-bursa-fahri-konsoloslugu\/","url":"https:\/\/www.myvize.com.tr\/cin\/cin-bursa-fahri-konsoloslugu\/","name":"\u00c7in Bursa Fahri Konsoloslu\u011fu - MyVize Vize Ba\u015fvuru Merkezi","isPartOf":{"@id":"https:\/\/www.myvize.com.tr\/cin\/#website"},"datePublished":"2021-09-17T07:21:42+00:00","dateModified":"2022-04-04T11:14:14+00:00","description":"\u00c7in Bursa Fahri Konsoloslu\u011fu \u0130leti\u015fim Bilgileri Telefon Numaras\u0131 Mail Adresi Bilgileri \u0130\u00e7erir. \u00c7in Vize Dan\u0131\u015fman\u0131 \u0130\u00e7in Hemen Aray\u0131n.","breadcrumb":{"@id":"https:\/\/www.myvize.com.tr\/cin\/cin-bursa-fahri-konsoloslugu\/#breadcrumb"},"inLanguage":"tr","potentialAction":[{"@type":"ReadAction","target":["https:\/\/www.myvize.com.tr\/cin\/cin-bursa-fahri-konsoloslugu\/"]}]},{"@type":"BreadcrumbList","@id":"https:\/\/www.myvize.com.tr\/cin\/cin-bursa-fahri-konsoloslugu\/#breadcrumb","itemListElement":[{"@type":"ListItem","position":1,"name":"Anasayfa","item":"https:\/\/www.myvize.com.tr\/cin\/"},{"@type":"ListItem","position":2,"name":"\u00c7in Bursa Fahri Konsoloslu\u011fu"}]},{"@type":"WebSite","@id":"https:\/\/www.myvize.com.tr\/cin\/#website","url":"https:\/\/www.myvize.com.tr\/cin\/","name":"\u00c7in Vizesi","description":"","potentialAction":[{"@type":"SearchAction","target":{"@type":"EntryPoint","urlTemplate":"https:\/\/www.myvize.com.tr\/cin\/?s={search_term_string}"},"query-input":{"@type":"PropertyValueSpecification","valueRequired":true,"valueName":"search_term_string"}}],"inLanguage":"tr"}]}},"_links":{"self":[{"href":"https:\/\/www.myvize.com.tr\/cin\/wp-json\/wp\/v2\/pages\/447","targetHints":{"allow":["GET"]}}],"collection":[{"href":"https:\/\/www.myvize.com.tr\/cin\/wp-json\/wp\/v2\/pages"}],"about":[{"href":"https:\/\/www.myvize.com.tr\/cin\/wp-json\/wp\/v2\/types\/page"}],"author":[{"embeddable":true,"href":"https:\/\/www.myvize.com.tr\/cin\/wp-json\/wp\/v2\/users\/1"}],"replies":[{"embeddable":true,"href":"https:\/\/www.myvize.com.tr\/cin\/wp-json\/wp\/v2\/comments?post=447"}],"version-history":[{"count":5,"href":"https:\/\/www.myvize.com.tr\/cin\/wp-json\/wp\/v2\/pages\/447\/revisions"}],"predecessor-version":[{"id":775,"href":"https:\/\/www.myvize.com.tr\/cin\/wp-json\/wp\/v2\/pages\/447\/revisions\/775"}],"wp:attachment":[{"href":"https:\/\/www.myvize.com.tr\/cin\/wp-json\/wp\/v2\/media?parent=447"}],"curies":[{"name":"wp","href":"https:\/\/api.w.org\/{rel}","templated":true}]}}