{"id":450,"date":"2021-09-17T10:24:48","date_gmt":"2021-09-17T07:24:48","guid":{"rendered":"https:\/\/www.myvize.com.tr\/cin\/?page_id=450"},"modified":"2022-04-04T14:15:14","modified_gmt":"2022-04-04T11:15:14","slug":"cin-antalya-konsoloslugu","status":"publish","type":"page","link":"https:\/\/www.myvize.com.tr\/cin\/cin-antalya-konsoloslugu\/","title":{"rendered":"\u00c7in Antalya Konsoloslu\u011fu"},"content":{"rendered":"<p><span style=\"font-family: Roboto; font-size: 14px;\"><strong>\u00c7in Halk Cumhuriyeti Antalya Konsoloslu\u011fu<\/strong>, <span style=\"color: #2acec2;\"><strong><a style=\"color: #2acec2;\" href=\"https:\/\/www.myvize.com.tr\/cin\/konsolosluklar\/cin-buyukelciligi-ankara\/\" target=\"_blank\" rel=\"noopener\">\u00c7in Halk Cumhuriyeti Ankara B\u00fcy\u00fckel\u00e7ili\u011fi<\/a><\/strong><\/span>\u2019ne ba\u011fl\u0131 olarak faaliyet g\u00f6sterir. T\u00fcrk h\u00fck\u00fcmetleri ile \u00c7in aras\u0131ndaki ba\u011flar\u0131 g\u00fc\u00e7lendirmeyi desteklemektedir. \u00c7in ile T\u00fcrkiye\u2019nin Antalya ili aras\u0131ndaki ticari ili\u015fkileri d\u00fczenler. T\u00fcrkiye ve \u00c7in aras\u0131ndaki ticareti te\u015fvik eder. Yetki alan\u0131 <strong>Antalya<\/strong>, Isparta, Mersin, Karaman illeri bulunmaktad\u0131r.<\/span><\/p>\n<p><span style=\"font-family: Roboto; font-size: 14px;\"><strong>\u00c7in Halk Cumhuriyeti<\/strong> vatanda\u015flar\u0131na konsolosluk hizmeti vermektedir. \u00c7in\u2019e belirli seyahat etmek isteyen T\u00fcrklere vize hizmeti sa\u011flamaktad\u0131r. \u00c7in\u2019in ve \u00c7in vatanda\u015flar\u0131n\u0131n T\u00fcrkiye\u2019deki \u00e7\u0131karlar\u0131n\u0131 korumak amac\u0131 ile T\u00fcrk hukukuna, \u00c7in hukukuna ve uluslararas\u0131 hukuka ba\u011fl\u0131 \u00e7al\u0131\u015fmalar y\u00fcr\u00fct\u00fcr. T\u00fcrkiye\u2019de \u00e7al\u0131\u015fan ya da T\u00fcrkiye ile ticaret yapan \u00c7in vatanda\u015flar\u0131na destek olmaktad\u0131r.<\/span><\/p>\n<h2><span style=\"font-family: Roboto; font-size: 27px;\"><strong>\u00c7in Halk Cumhuriyeti Antalya Konsoloslu\u011fu Adresi ve \u00c7al\u0131\u015fma Saatleri<\/strong><\/span><\/h2>\n<p><span style=\"font-family: Roboto; font-size: 14px;\">Adresi:\u00a0<strong>\u00a0<\/strong>Fener Mahallesi, Tekelio\u011flu Caddesi, No: 88, Daire: 3, Muratpa\u015fa\/Antalya<\/span><\/p>\n<p><span style=\"font-family: Roboto; font-size: 14px;\">\u00c7al\u0131ma Saatleri: \u00c7in\u2019in Antalya\u2019da bulunan Konsoloslu\u011fu, hafta i\u00e7i her g\u00fcn saat 09.30 ile 16.30 aras\u0131nda hizmet vermektedir. \u00c7in\u2019in Antalya Konsoloslu\u011fu T\u00fcrkiye ve \u00c7in\u2019in resmi ve ulusal tatillerinde \u00e7al\u0131\u015fmamaktad\u0131r.<\/span><\/p>\n<h2><span style=\"font-family: Roboto; font-size: 27px;\"><strong>\u00c7in Antalya Konsoloslu\u011fu Hakk\u0131nda<\/strong><\/span><\/h2>\n<p><span style=\"font-family: Roboto; font-size: 14px;\"><strong>\u00c7in Antalya Konsoloslu\u011fu\u00a0<\/strong>T\u00fcrkiye\u2019de Antalya \u015fehrinde vatanda\u015flara hizmet vermektedir. T\u00fcrkiye\u2019de ikamet eden vatanda\u015flar herhangi bir ikamete ba\u011fl\u0131 kalmadan Antalya\u2019da bulunan \u00c7in Konsoloslu\u011fu ile ileti\u015fime ge\u00e7erek resmi i\u015flemlerini sorunsuz bir \u015fekilde ger\u00e7ekle\u015ftirebilirler.\u00a0 \u0130kamet yeri ba\u011f\u0131ms\u0131z olacak \u015fekilde <strong>\u00c7in konsoloslu\u011fu<\/strong> vatanda\u015flar\u0131n vize ba\u015fvurular\u0131n\u0131 da kabul etmektedir. Konsolosluk ile ileti\u015fime ge\u00e7erek gerekli vizelerin neler oldu\u011funu \u00f6\u011frenen vatanda\u015flar belgelerini haz\u0131rlad\u0131ktan sonra vize i\u00e7in ba\u015fvuru s\u00fcrecini ba\u015flatabilirler. <strong>\u00c7in Antalya Ba\u015fkonsoloslu\u011fu\u2019na<\/strong> uzak mesafede ikamet eden vatanda\u015flar konsoloslu\u011fun yetkilendirdi\u011fi vize merkezleri ile ileti\u015fime ge\u00e7erek de vize ba\u015fvuru i\u015flemlerini ba\u015flatabilirler.<\/span><\/p>\n<p><span style=\"font-family: Roboto; font-size: 14px;\"><strong>\u00c7in Halk Cumhuriyeti<\/strong> T\u00fcrkiye\u2019den giden vatanda\u015flar i\u00e7in vize talebinde bulunmaktad\u0131r. Ge\u00e7erli bir pasaportu bulunan vatanda\u015flar \u00c7in vizesi sahibi olarak rahat bir \u015fekilde \u00fclkeye giri\u015f yapabilirler.<\/span><\/p>\n<p><span style=\"font-family: Roboto; font-size: 14px;\">Antalya\u2019da hizmet veren <strong>\u00c7in Konsoloslu\u011fu<\/strong> resm\u00ee tatil ilan edilmeyen g\u00fcnlerde hafta i\u00e7i her g\u00fcn 09.00- 17.00 saatleri aras\u0131na vatanda\u015flara hizmet vermektedir. Pazar g\u00fcnleri kapal\u0131 olan konsolosluk cumartesi g\u00fcnleri de 10.00- 14.00 saatleri aras\u0131nda hizmete devam etmektedir. <span style=\"color: #2acec2;\"><strong><a style=\"color: #2acec2;\" href=\"https:\/\/www.myvize.com.tr\/cin\/cin-vize-randevusu\/\" target=\"_blank\" rel=\"noopener\">\u00c7in Vize Randevusu <\/a><\/strong><\/span>alan vatanda\u015flar vize i\u015flemlerini beklemeden k\u0131sa s\u00fcre i\u00e7erisinde halledebilirler.<\/span><\/p>\n","protected":false},"excerpt":{"rendered":"<p>\u00c7in Halk Cumhuriyeti Antalya Konsoloslu\u011fu, \u00c7in Halk Cumhuriyeti Ankara B\u00fcy\u00fckel\u00e7ili\u011fi\u2019ne ba\u011fl\u0131 olarak faaliyet g\u00f6sterir. T\u00fcrk h\u00fck\u00fcmetleri ile \u00c7in aras\u0131ndaki ba\u011flar\u0131 g\u00fc\u00e7lendirmeyi desteklemektedir. \u00c7in ile T\u00fcrkiye\u2019nin Antalya ili aras\u0131ndaki ticari ili\u015fkileri d\u00fczenler. T\u00fcrkiye ve \u00c7in aras\u0131ndaki ticareti te\u015fvik eder. Yetki alan\u0131 Antalya, Isparta, Mersin, Karaman illeri bulunmaktad\u0131r. \u00c7in Halk Cumhuriyeti vatanda\u015flar\u0131na konsolosluk hizmeti vermektedir. \u00c7in\u2019e belirli<\/p>\n","protected":false},"author":1,"featured_media":0,"parent":0,"menu_order":0,"comment_status":"closed","ping_status":"closed","template":"","meta":{"footnotes":""},"class_list":["post-450","page","type-page","status-publish","hentry"],"yoast_head":"<!-- This site is optimized with the Yoast SEO plugin v26.8 - https:\/\/yoast.com\/product\/yoast-seo-wordpress\/ -->\n<title>\u00c7in Antalya Konsoloslu\u011fu - \u00c7in Vizesi - MyVize<\/title>\n<meta name=\"description\" content=\"\u00c7in Antalya Konsoloslu\u011fu \u0130leti\u015fim Bilgileri Telefon Numaras\u0131 Mail Adresi Bilgileri \u0130\u00e7erir. \u00c7in Vize Dan\u0131\u015fman\u0131 \u0130\u00e7in Hemen Aray\u0131n.\" \/>\n<meta name=\"robots\" content=\"index, follow, max-snippet:-1, max-image-preview:large, max-video-preview:-1\" \/>\n<link rel=\"canonical\" href=\"https:\/\/www.myvize.com.tr\/cin\/cin-antalya-konsoloslugu\/\" \/>\n<meta property=\"og:locale\" content=\"tr_TR\" \/>\n<meta property=\"og:type\" content=\"article\" \/>\n<meta property=\"og:title\" content=\"\u00c7in Antalya Konsoloslu\u011fu - \u00c7in Vizesi - MyVize\" \/>\n<meta property=\"og:description\" content=\"\u00c7in Antalya Konsoloslu\u011fu \u0130leti\u015fim Bilgileri Telefon Numaras\u0131 Mail Adresi Bilgileri \u0130\u00e7erir. \u00c7in Vize Dan\u0131\u015fman\u0131 \u0130\u00e7in Hemen Aray\u0131n.\" \/>\n<meta property=\"og:url\" content=\"https:\/\/www.myvize.com.tr\/cin\/cin-antalya-konsoloslugu\/\" \/>\n<meta property=\"og:site_name\" content=\"\u00c7in Vizesi\" \/>\n<meta property=\"article:modified_time\" content=\"2022-04-04T11:15:14+00:00\" \/>\n<meta name=\"twitter:card\" content=\"summary_large_image\" \/>\n<meta name=\"twitter:label1\" content=\"Tahmini okuma s\u00fcresi\" \/>\n\t<meta name=\"twitter:data1\" content=\"2 dakika\" \/>\n<script type=\"application\/ld+json\" class=\"yoast-schema-graph\">{\"@context\":\"https:\/\/schema.org\",\"@graph\":[{\"@type\":\"WebPage\",\"@id\":\"https:\/\/www.myvize.com.tr\/cin\/cin-antalya-konsoloslugu\/\",\"url\":\"https:\/\/www.myvize.com.tr\/cin\/cin-antalya-konsoloslugu\/\",\"name\":\"\u00c7in Antalya Konsoloslu\u011fu - \u00c7in Vizesi - MyVize\",\"isPartOf\":{\"@id\":\"https:\/\/www.myvize.com.tr\/cin\/#website\"},\"datePublished\":\"2021-09-17T07:24:48+00:00\",\"dateModified\":\"2022-04-04T11:15:14+00:00\",\"description\":\"\u00c7in Antalya Konsoloslu\u011fu \u0130leti\u015fim Bilgileri Telefon Numaras\u0131 Mail Adresi Bilgileri \u0130\u00e7erir. \u00c7in Vize Dan\u0131\u015fman\u0131 \u0130\u00e7in Hemen Aray\u0131n.\",\"breadcrumb\":{\"@id\":\"https:\/\/www.myvize.com.tr\/cin\/cin-antalya-konsoloslugu\/#breadcrumb\"},\"inLanguage\":\"tr\",\"potentialAction\":[{\"@type\":\"ReadAction\",\"target\":[\"https:\/\/www.myvize.com.tr\/cin\/cin-antalya-konsoloslugu\/\"]}]},{\"@type\":\"BreadcrumbList\",\"@id\":\"https:\/\/www.myvize.com.tr\/cin\/cin-antalya-konsoloslugu\/#breadcrumb\",\"itemListElement\":[{\"@type\":\"ListItem\",\"position\":1,\"name\":\"Anasayfa\",\"item\":\"https:\/\/www.myvize.com.tr\/cin\/\"},{\"@type\":\"ListItem\",\"position\":2,\"name\":\"\u00c7in Antalya Konsoloslu\u011fu\"}]},{\"@type\":\"WebSite\",\"@id\":\"https:\/\/www.myvize.com.tr\/cin\/#website\",\"url\":\"https:\/\/www.myvize.com.tr\/cin\/\",\"name\":\"\u00c7in Vizesi\",\"description\":\"\",\"potentialAction\":[{\"@type\":\"SearchAction\",\"target\":{\"@type\":\"EntryPoint\",\"urlTemplate\":\"https:\/\/www.myvize.com.tr\/cin\/?s={search_term_string}\"},\"query-input\":{\"@type\":\"PropertyValueSpecification\",\"valueRequired\":true,\"valueName\":\"search_term_string\"}}],\"inLanguage\":\"tr\"}]}<\/script>\n<!-- \/ Yoast SEO plugin. -->","yoast_head_json":{"title":"\u00c7in Antalya Konsoloslu\u011fu - \u00c7in Vizesi - MyVize","description":"\u00c7in Antalya Konsoloslu\u011fu \u0130leti\u015fim Bilgileri Telefon Numaras\u0131 Mail Adresi Bilgileri \u0130\u00e7erir. \u00c7in Vize Dan\u0131\u015fman\u0131 \u0130\u00e7in Hemen Aray\u0131n.","robots":{"index":"index","follow":"follow","max-snippet":"max-snippet:-1","max-image-preview":"max-image-preview:large","max-video-preview":"max-video-preview:-1"},"canonical":"https:\/\/www.myvize.com.tr\/cin\/cin-antalya-konsoloslugu\/","og_locale":"tr_TR","og_type":"article","og_title":"\u00c7in Antalya Konsoloslu\u011fu - \u00c7in Vizesi - MyVize","og_description":"\u00c7in Antalya Konsoloslu\u011fu \u0130leti\u015fim Bilgileri Telefon Numaras\u0131 Mail Adresi Bilgileri \u0130\u00e7erir. \u00c7in Vize Dan\u0131\u015fman\u0131 \u0130\u00e7in Hemen Aray\u0131n.","og_url":"https:\/\/www.myvize.com.tr\/cin\/cin-antalya-konsoloslugu\/","og_site_name":"\u00c7in Vizesi","article_modified_time":"2022-04-04T11:15:14+00:00","twitter_card":"summary_large_image","twitter_misc":{"Tahmini okuma s\u00fcresi":"2 dakika"},"schema":{"@context":"https:\/\/schema.org","@graph":[{"@type":"WebPage","@id":"https:\/\/www.myvize.com.tr\/cin\/cin-antalya-konsoloslugu\/","url":"https:\/\/www.myvize.com.tr\/cin\/cin-antalya-konsoloslugu\/","name":"\u00c7in Antalya Konsoloslu\u011fu - \u00c7in Vizesi - MyVize","isPartOf":{"@id":"https:\/\/www.myvize.com.tr\/cin\/#website"},"datePublished":"2021-09-17T07:24:48+00:00","dateModified":"2022-04-04T11:15:14+00:00","description":"\u00c7in Antalya Konsoloslu\u011fu \u0130leti\u015fim Bilgileri Telefon Numaras\u0131 Mail Adresi Bilgileri \u0130\u00e7erir. \u00c7in Vize Dan\u0131\u015fman\u0131 \u0130\u00e7in Hemen Aray\u0131n.","breadcrumb":{"@id":"https:\/\/www.myvize.com.tr\/cin\/cin-antalya-konsoloslugu\/#breadcrumb"},"inLanguage":"tr","potentialAction":[{"@type":"ReadAction","target":["https:\/\/www.myvize.com.tr\/cin\/cin-antalya-konsoloslugu\/"]}]},{"@type":"BreadcrumbList","@id":"https:\/\/www.myvize.com.tr\/cin\/cin-antalya-konsoloslugu\/#breadcrumb","itemListElement":[{"@type":"ListItem","position":1,"name":"Anasayfa","item":"https:\/\/www.myvize.com.tr\/cin\/"},{"@type":"ListItem","position":2,"name":"\u00c7in Antalya Konsoloslu\u011fu"}]},{"@type":"WebSite","@id":"https:\/\/www.myvize.com.tr\/cin\/#website","url":"https:\/\/www.myvize.com.tr\/cin\/","name":"\u00c7in Vizesi","description":"","potentialAction":[{"@type":"SearchAction","target":{"@type":"EntryPoint","urlTemplate":"https:\/\/www.myvize.com.tr\/cin\/?s={search_term_string}"},"query-input":{"@type":"PropertyValueSpecification","valueRequired":true,"valueName":"search_term_string"}}],"inLanguage":"tr"}]}},"_links":{"self":[{"href":"https:\/\/www.myvize.com.tr\/cin\/wp-json\/wp\/v2\/pages\/450","targetHints":{"allow":["GET"]}}],"collection":[{"href":"https:\/\/www.myvize.com.tr\/cin\/wp-json\/wp\/v2\/pages"}],"about":[{"href":"https:\/\/www.myvize.com.tr\/cin\/wp-json\/wp\/v2\/types\/page"}],"author":[{"embeddable":true,"href":"https:\/\/www.myvize.com.tr\/cin\/wp-json\/wp\/v2\/users\/1"}],"replies":[{"embeddable":true,"href":"https:\/\/www.myvize.com.tr\/cin\/wp-json\/wp\/v2\/comments?post=450"}],"version-history":[{"count":5,"href":"https:\/\/www.myvize.com.tr\/cin\/wp-json\/wp\/v2\/pages\/450\/revisions"}],"predecessor-version":[{"id":777,"href":"https:\/\/www.myvize.com.tr\/cin\/wp-json\/wp\/v2\/pages\/450\/revisions\/777"}],"wp:attachment":[{"href":"https:\/\/www.myvize.com.tr\/cin\/wp-json\/wp\/v2\/media?parent=450"}],"curies":[{"name":"wp","href":"https:\/\/api.w.org\/{rel}","templated":true}]}}