{"id":459,"date":"2021-09-17T10:32:37","date_gmt":"2021-09-17T07:32:37","guid":{"rendered":"https:\/\/www.myvize.com.tr\/cin\/?page_id=459"},"modified":"2022-04-04T14:19:52","modified_gmt":"2022-04-04T11:19:52","slug":"cin-trabzon-fahri-konsoloslugu","status":"publish","type":"page","link":"https:\/\/www.myvize.com.tr\/cin\/cin-trabzon-fahri-konsoloslugu\/","title":{"rendered":"\u00c7in Trabzon Fahri Konsoloslu\u011fu"},"content":{"rendered":"<p><span style=\"font-family: Roboto; font-size: 14px;\"><strong>\u00c7in\u2019in Trabzon Fahri Konsoloslu\u011fu<\/strong>, \u00c7in Halk Cumhuriyeti\u2019nin T\u00fcrkiye\u2019nin Trabzon ilinde bulunan ve diplomatik bir yetkisi bulunmayan temsilciliklerindendir. Fahri Konsoloslu\u011funun genel amac\u0131 ticari ili\u015fkilerdir. <strong>Trabzon Fahri Konsoloslu\u011fu<\/strong>, bunun yan\u0131nda baz\u0131 farkl\u0131 hizmetlerde vermektedir. \u00c7in Trabzon Fahri Konsoloslu\u011fu\u2019nun verdi\u011fi baz\u0131 hizmetler a\u015fa\u011f\u0131da verilmi\u015ftir.<\/span><\/p>\n<ul>\n<li><span style=\"font-family: Roboto; font-size: 14px;\"><strong>Konsolosluk Hizmeti:\u00a0<\/strong>\u00c7in Trabzon Fahri Konsoloslu\u011fu\u2019na diplomatik bir yetki verilmemi\u015ftir. Trabzon Fahri Konsoloslu\u011fu, bundan dolay\u0131 konsolosluk hizmeti vermemektedir. <strong>Trabzon Fahri Konsoloslu\u011fu<\/strong>, sadece Trabzon ve \u00e7evresinde bulunan belge tasdiki i\u015flemi yapmaktad\u0131r.<\/span><\/li>\n<li><span style=\"font-family: Roboto; font-size: 14px;\"><strong>Ticari Hizmet:<\/strong>\u00a0\u00c7in ile T\u00fcrkiye\u2019nin <span style=\"color: #2acec2;\"><strong><a style=\"color: #2acec2;\" href=\"https:\/\/www.myvize.com.tr\/cin\/subelerimiz\/trabzon\/\" target=\"_blank\" rel=\"noopener\">Trabzon<\/a><\/strong><\/span> ve \u00e7evresinde bulunan ticari ili\u015fkilerini geli\u015ftirmektedir. \u00c7in ad\u0131na Trabzon ve \u00e7evresinde yeni yat\u0131r\u0131m alanlar\u0131 yapmay\u0131 ama\u00e7lar.<\/span><\/li>\n<li><span style=\"font-family: Roboto; font-size: 14px;\"><strong>K\u00fclt\u00fcrel \u0130li\u015fkiler:\u00a0\u00c7in Trabzon Fahri Konsoloslu\u011fu<\/strong>, Trabzon ve yetki alan\u0131 i\u00e7erisindeki illerde k\u00fclt\u00fcr al\u0131\u015fveri\u015fi yapmay\u0131 sa\u011flamaktad\u0131r.<\/span><\/li>\n<\/ul>\n<p><span style=\"font-family: Roboto; font-size: 20px;\"><strong>\u00c7in Trabzon Fahri Konsoloslu\u011fu Adresi, \u00c7al\u0131\u015fma Saatleri\u00a0<\/strong><\/span><\/p>\n<p><span style=\"font-family: Roboto; font-size: 14px;\">Adres: Orta Hisar Mahallesi, 459. Sokak, No: 85, Trabzon Merkez\/Trabzon<\/span><\/p>\n<p><span style=\"font-family: Roboto; font-size: 14px;\">\u00c7al\u0131\u015fma Saatleri: <strong>\u00c7in Halk Cumhuriyeti Trabzon Fahri Konsoloslu\u011fu<\/strong> hafta i\u00e7i saat 08.00 ile 17.30 aras\u0131nda hizmet vermektedir. Trabzon Fahri Konsoloslu\u011fu, T\u00fcrkiye ile \u00c7in\u2019nin resmi tatillerinde \u00e7al\u0131\u015fmamaktad\u0131r.<\/span><\/p>\n<p><span style=\"font-family: Roboto; font-size: 14px;\"><span style=\"color: #2acec2;\"><strong><a style=\"color: #2acec2;\" href=\"https:\/\/www.myvize.com.tr\/cin\/cin-vizesi\/\" target=\"_blank\" rel=\"noopener\">\u00c7in Vizesi <\/a><\/strong><\/span>ile ilgili bilgi almak i\u00e7in bizi aray\u0131n.<\/span><\/p>\n<h2><span style=\"font-family: Roboto; font-size: 27px;\"><strong>\u00c7in Trabzon Fahri Konsoloslu\u011fu Hakk\u0131nda<\/strong><\/span><\/h2>\n<p><span style=\"font-family: Roboto; font-size: 14px;\">\u00c7in Halk Cumhuriyeti\u2019nin Trabzon\u2019da bulunan konsolosluk binas\u0131 Orta Hisar Mahallesi 459. Sokak No: 85 Trabzon\/ Merkez adresinde yer almaktad\u0131r. Trabzon\u2019da ikamet eden \u00c7inli vatanda\u015flar\u0131n resmi evrak i\u015flemleri i\u00e7 in ba\u015fvuracaklar\u0131 konsolosluk binas\u0131 ayn\u0131 zamanda evrak ibraz\u0131 ve onay al\u0131nmas\u0131 gereken durumlarda da yetki sahibidir. Vatanda\u015flar diplomatik hizmetler haricinde ihtiya\u00e7lar\u0131 olacak hizmetleri almak i\u00e7in\u00a0<strong>\u00c7in Trabzon Fahri Konsoloslu\u011fu\u00a0<\/strong>binas\u0131nda haz\u0131r bulunabilirler.<\/span><\/p>\n<p><span style=\"font-family: Roboto; font-size: 14px;\">\u00c7inli vatanda\u015flara gerekli olacak evrak hizmetini sunabilecek olan <strong>\u00c7in Konsoloslu\u011fu<\/strong> iki \u00fclke i\u00e7in resmi olarak tatil ilan edilen g\u00fcnlerde hizmete kapal\u0131d\u0131r. \u0130ki \u00fclke i\u00e7in resm\u00ee tatil say\u0131lan g\u00fcnler \u015fu \u015fekildedir;<\/span><\/p>\n<ul>\n<li><span style=\"font-family: Roboto; font-size: 14px;\">1 Ocak Y\u0131lba\u015f\u0131 Tatili<\/span><\/li>\n<li><span style=\"font-family: Roboto; font-size: 14px;\">24-30 Ocak \u00c7in Yeni Y\u0131l\u0131<\/span><\/li>\n<li><span style=\"font-family: Roboto; font-size: 14px;\">8 Mart D\u00fcnya Kad\u0131nlar G\u00fcn\u00fc<\/span><\/li>\n<li><span style=\"font-family: Roboto; font-size: 14px;\">29 Nisan Kingming Festivali<\/span><\/li>\n<li><span style=\"font-family: Roboto; font-size: 14px;\">1 May\u0131s \u0130\u015f\u00e7i Bayram\u0131<\/span><\/li>\n<li><span style=\"font-family: Roboto; font-size: 14px;\">4 May\u0131s Gen\u00e7lik G\u00fcn\u00fc<\/span><\/li>\n<li><span style=\"font-family: Roboto; font-size: 14px;\">24-26 May\u0131s Ramazan Bayram\u0131<\/span><\/li>\n<li><span style=\"font-family: Roboto; font-size: 14px;\">25 Haziran Duanvu Festivali<\/span><\/li>\n<li><span style=\"font-family: Roboto; font-size: 14px;\">1 Temmuz \u00c7in Kom\u00fcnist Partisinin Kurulu\u015fu<\/span><\/li>\n<li><span style=\"font-family: Roboto; font-size: 14px;\">30 A\u011fustos Zafer Bayram\u0131<\/span><\/li>\n<li><span style=\"font-family: Roboto; font-size: 14px;\">20 Ekim Cumhuriyet Bayram\u0131<\/span><\/li>\n<\/ul>\n<p><span style=\"font-family: Roboto; font-size: 14px;\"><strong>\u00c7in konsoloslu\u011fu<\/strong> hizmete a\u00e7\u0131k oldu\u011fu g\u00fcnlerde 08.30- 17.30 saatleri aras\u0131nda hizmet vermektedir. Hafta sonu tatil olan kurum hafta i\u00e7i mesai saatleri i\u00e7erisinde vatanda\u015flara hizmete devam etmektedir. <strong>\u00c7in Trabzon Fahri Konsoloslu\u011fu<\/strong> vize verme konusunda yetkiye sahip de\u011fildir. Vize harici gerekecek ticari ve turistik faaliyetler i\u00e7in<strong> \u00c7in Fahri Konsoloslu\u011fu<\/strong> ile ileti\u015fime ge\u00e7ilebilir.<\/span><\/p>\n","protected":false},"excerpt":{"rendered":"<p>\u00c7in\u2019in Trabzon Fahri Konsoloslu\u011fu, \u00c7in Halk Cumhuriyeti\u2019nin T\u00fcrkiye\u2019nin Trabzon ilinde bulunan ve diplomatik bir yetkisi bulunmayan temsilciliklerindendir. Fahri Konsoloslu\u011funun genel amac\u0131 ticari ili\u015fkilerdir. Trabzon Fahri Konsoloslu\u011fu, bunun yan\u0131nda baz\u0131 farkl\u0131 hizmetlerde vermektedir. \u00c7in Trabzon Fahri Konsoloslu\u011fu\u2019nun verdi\u011fi baz\u0131 hizmetler a\u015fa\u011f\u0131da verilmi\u015ftir. Konsolosluk Hizmeti:\u00a0\u00c7in Trabzon Fahri Konsoloslu\u011fu\u2019na diplomatik bir yetki verilmemi\u015ftir. Trabzon Fahri Konsoloslu\u011fu, bundan dolay\u0131<\/p>\n","protected":false},"author":1,"featured_media":0,"parent":0,"menu_order":0,"comment_status":"closed","ping_status":"closed","template":"","meta":{"footnotes":""},"class_list":["post-459","page","type-page","status-publish","hentry"],"yoast_head":"<!-- This site is optimized with the Yoast SEO plugin v26.8 - https:\/\/yoast.com\/product\/yoast-seo-wordpress\/ -->\n<title>\u00c7in Trabzon Konsoloslu\u011fu - MyVize Vize Ba\u015fvuru Merkezi<\/title>\n<meta name=\"description\" content=\"\u00c7in Trabzon Fahri Konsoloslu\u011fu \u0130leti\u015fim Bilgileri Telefon Numaras\u0131 Mail Adresi Bilgileri \u0130\u00e7erir. \u00c7in Vize Dan\u0131\u015fman\u0131 \u0130\u00e7in Hemen Aray\u0131n.\" \/>\n<meta name=\"robots\" content=\"index, follow, max-snippet:-1, max-image-preview:large, max-video-preview:-1\" \/>\n<link rel=\"canonical\" href=\"https:\/\/www.myvize.com.tr\/cin\/cin-trabzon-fahri-konsoloslugu\/\" \/>\n<meta property=\"og:locale\" content=\"tr_TR\" \/>\n<meta property=\"og:type\" content=\"article\" \/>\n<meta property=\"og:title\" content=\"\u00c7in Trabzon Konsoloslu\u011fu - MyVize Vize Ba\u015fvuru Merkezi\" \/>\n<meta property=\"og:description\" content=\"\u00c7in Trabzon Fahri Konsoloslu\u011fu \u0130leti\u015fim Bilgileri Telefon Numaras\u0131 Mail Adresi Bilgileri \u0130\u00e7erir. \u00c7in Vize Dan\u0131\u015fman\u0131 \u0130\u00e7in Hemen Aray\u0131n.\" \/>\n<meta property=\"og:url\" content=\"https:\/\/www.myvize.com.tr\/cin\/cin-trabzon-fahri-konsoloslugu\/\" \/>\n<meta property=\"og:site_name\" content=\"\u00c7in Vizesi\" \/>\n<meta property=\"article:modified_time\" content=\"2022-04-04T11:19:52+00:00\" \/>\n<meta name=\"twitter:card\" content=\"summary_large_image\" \/>\n<meta name=\"twitter:label1\" content=\"Tahmini okuma s\u00fcresi\" \/>\n\t<meta name=\"twitter:data1\" content=\"3 dakika\" \/>\n<script type=\"application\/ld+json\" class=\"yoast-schema-graph\">{\"@context\":\"https:\/\/schema.org\",\"@graph\":[{\"@type\":\"WebPage\",\"@id\":\"https:\/\/www.myvize.com.tr\/cin\/cin-trabzon-fahri-konsoloslugu\/\",\"url\":\"https:\/\/www.myvize.com.tr\/cin\/cin-trabzon-fahri-konsoloslugu\/\",\"name\":\"\u00c7in Trabzon Konsoloslu\u011fu - MyVize Vize Ba\u015fvuru Merkezi\",\"isPartOf\":{\"@id\":\"https:\/\/www.myvize.com.tr\/cin\/#website\"},\"datePublished\":\"2021-09-17T07:32:37+00:00\",\"dateModified\":\"2022-04-04T11:19:52+00:00\",\"description\":\"\u00c7in Trabzon Fahri Konsoloslu\u011fu \u0130leti\u015fim Bilgileri Telefon Numaras\u0131 Mail Adresi Bilgileri \u0130\u00e7erir. \u00c7in Vize Dan\u0131\u015fman\u0131 \u0130\u00e7in Hemen Aray\u0131n.\",\"breadcrumb\":{\"@id\":\"https:\/\/www.myvize.com.tr\/cin\/cin-trabzon-fahri-konsoloslugu\/#breadcrumb\"},\"inLanguage\":\"tr\",\"potentialAction\":[{\"@type\":\"ReadAction\",\"target\":[\"https:\/\/www.myvize.com.tr\/cin\/cin-trabzon-fahri-konsoloslugu\/\"]}]},{\"@type\":\"BreadcrumbList\",\"@id\":\"https:\/\/www.myvize.com.tr\/cin\/cin-trabzon-fahri-konsoloslugu\/#breadcrumb\",\"itemListElement\":[{\"@type\":\"ListItem\",\"position\":1,\"name\":\"Anasayfa\",\"item\":\"https:\/\/www.myvize.com.tr\/cin\/\"},{\"@type\":\"ListItem\",\"position\":2,\"name\":\"\u00c7in Trabzon Fahri Konsoloslu\u011fu\"}]},{\"@type\":\"WebSite\",\"@id\":\"https:\/\/www.myvize.com.tr\/cin\/#website\",\"url\":\"https:\/\/www.myvize.com.tr\/cin\/\",\"name\":\"\u00c7in Vizesi\",\"description\":\"\",\"potentialAction\":[{\"@type\":\"SearchAction\",\"target\":{\"@type\":\"EntryPoint\",\"urlTemplate\":\"https:\/\/www.myvize.com.tr\/cin\/?s={search_term_string}\"},\"query-input\":{\"@type\":\"PropertyValueSpecification\",\"valueRequired\":true,\"valueName\":\"search_term_string\"}}],\"inLanguage\":\"tr\"}]}<\/script>\n<!-- \/ Yoast SEO plugin. -->","yoast_head_json":{"title":"\u00c7in Trabzon Konsoloslu\u011fu - MyVize Vize Ba\u015fvuru Merkezi","description":"\u00c7in Trabzon Fahri Konsoloslu\u011fu \u0130leti\u015fim Bilgileri Telefon Numaras\u0131 Mail Adresi Bilgileri \u0130\u00e7erir. \u00c7in Vize Dan\u0131\u015fman\u0131 \u0130\u00e7in Hemen Aray\u0131n.","robots":{"index":"index","follow":"follow","max-snippet":"max-snippet:-1","max-image-preview":"max-image-preview:large","max-video-preview":"max-video-preview:-1"},"canonical":"https:\/\/www.myvize.com.tr\/cin\/cin-trabzon-fahri-konsoloslugu\/","og_locale":"tr_TR","og_type":"article","og_title":"\u00c7in Trabzon Konsoloslu\u011fu - MyVize Vize Ba\u015fvuru Merkezi","og_description":"\u00c7in Trabzon Fahri Konsoloslu\u011fu \u0130leti\u015fim Bilgileri Telefon Numaras\u0131 Mail Adresi Bilgileri \u0130\u00e7erir. \u00c7in Vize Dan\u0131\u015fman\u0131 \u0130\u00e7in Hemen Aray\u0131n.","og_url":"https:\/\/www.myvize.com.tr\/cin\/cin-trabzon-fahri-konsoloslugu\/","og_site_name":"\u00c7in Vizesi","article_modified_time":"2022-04-04T11:19:52+00:00","twitter_card":"summary_large_image","twitter_misc":{"Tahmini okuma s\u00fcresi":"3 dakika"},"schema":{"@context":"https:\/\/schema.org","@graph":[{"@type":"WebPage","@id":"https:\/\/www.myvize.com.tr\/cin\/cin-trabzon-fahri-konsoloslugu\/","url":"https:\/\/www.myvize.com.tr\/cin\/cin-trabzon-fahri-konsoloslugu\/","name":"\u00c7in Trabzon Konsoloslu\u011fu - MyVize Vize Ba\u015fvuru Merkezi","isPartOf":{"@id":"https:\/\/www.myvize.com.tr\/cin\/#website"},"datePublished":"2021-09-17T07:32:37+00:00","dateModified":"2022-04-04T11:19:52+00:00","description":"\u00c7in Trabzon Fahri Konsoloslu\u011fu \u0130leti\u015fim Bilgileri Telefon Numaras\u0131 Mail Adresi Bilgileri \u0130\u00e7erir. \u00c7in Vize Dan\u0131\u015fman\u0131 \u0130\u00e7in Hemen Aray\u0131n.","breadcrumb":{"@id":"https:\/\/www.myvize.com.tr\/cin\/cin-trabzon-fahri-konsoloslugu\/#breadcrumb"},"inLanguage":"tr","potentialAction":[{"@type":"ReadAction","target":["https:\/\/www.myvize.com.tr\/cin\/cin-trabzon-fahri-konsoloslugu\/"]}]},{"@type":"BreadcrumbList","@id":"https:\/\/www.myvize.com.tr\/cin\/cin-trabzon-fahri-konsoloslugu\/#breadcrumb","itemListElement":[{"@type":"ListItem","position":1,"name":"Anasayfa","item":"https:\/\/www.myvize.com.tr\/cin\/"},{"@type":"ListItem","position":2,"name":"\u00c7in Trabzon Fahri Konsoloslu\u011fu"}]},{"@type":"WebSite","@id":"https:\/\/www.myvize.com.tr\/cin\/#website","url":"https:\/\/www.myvize.com.tr\/cin\/","name":"\u00c7in Vizesi","description":"","potentialAction":[{"@type":"SearchAction","target":{"@type":"EntryPoint","urlTemplate":"https:\/\/www.myvize.com.tr\/cin\/?s={search_term_string}"},"query-input":{"@type":"PropertyValueSpecification","valueRequired":true,"valueName":"search_term_string"}}],"inLanguage":"tr"}]}},"_links":{"self":[{"href":"https:\/\/www.myvize.com.tr\/cin\/wp-json\/wp\/v2\/pages\/459","targetHints":{"allow":["GET"]}}],"collection":[{"href":"https:\/\/www.myvize.com.tr\/cin\/wp-json\/wp\/v2\/pages"}],"about":[{"href":"https:\/\/www.myvize.com.tr\/cin\/wp-json\/wp\/v2\/types\/page"}],"author":[{"embeddable":true,"href":"https:\/\/www.myvize.com.tr\/cin\/wp-json\/wp\/v2\/users\/1"}],"replies":[{"embeddable":true,"href":"https:\/\/www.myvize.com.tr\/cin\/wp-json\/wp\/v2\/comments?post=459"}],"version-history":[{"count":3,"href":"https:\/\/www.myvize.com.tr\/cin\/wp-json\/wp\/v2\/pages\/459\/revisions"}],"predecessor-version":[{"id":781,"href":"https:\/\/www.myvize.com.tr\/cin\/wp-json\/wp\/v2\/pages\/459\/revisions\/781"}],"wp:attachment":[{"href":"https:\/\/www.myvize.com.tr\/cin\/wp-json\/wp\/v2\/media?parent=459"}],"curies":[{"name":"wp","href":"https:\/\/api.w.org\/{rel}","templated":true}]}}