{"id":463,"date":"2021-09-17T10:40:38","date_gmt":"2021-09-17T07:40:38","guid":{"rendered":"https:\/\/www.myvize.com.tr\/cin\/?page_id=463"},"modified":"2022-04-04T14:19:07","modified_gmt":"2022-04-04T11:19:07","slug":"cin-edirne-fahri-konsoloslugu","status":"publish","type":"page","link":"https:\/\/www.myvize.com.tr\/cin\/cin-edirne-fahri-konsoloslugu\/","title":{"rendered":"\u00c7in Edirne Fahri Konsoloslu\u011fu"},"content":{"rendered":"<p><span style=\"font-family: Roboto; font-size: 14px;\"><strong>\u00c7in\u2019in Edirne Fahri Konsoloslu\u011fu<\/strong>, \u00c7in\u2019in T\u00fcrkiye\u2019nin Edirne ilinde bulunan ve diplomatik yetkisi olmayan bir temsilcili\u011fidir. \u00c7in Bodurum Fahri Konsoloslu\u011fu\u2019nun genel amac\u0131 ticari ili\u015fkilerdir.<\/span><\/p>\n<p><span style=\"font-family: Roboto; font-size: 14px;\">\u00c7in Edirne Fahri Konsoloslu\u011fu\u2019na diplomatik bir yetki verilmemi\u015ftir.<strong> Edirne Fahri Konsoloslu\u011fu,<\/strong> diplomatik yetki verilmedi\u011finden\u00a0dolay\u0131 konsolosluk hizmeti vermemektedir. Edirne Fahri Konsoloslu\u011fu, sadece <span style=\"color: #2acec2;\"><strong><a style=\"color: #2acec2;\" href=\"https:\/\/www.myvize.com.tr\/cin\/subelerimiz\/edirne\/\" target=\"_blank\" rel=\"noopener\">Edirne<\/a><\/strong><\/span> ve \u00e7evresinde bulunan acil durumlarda ya\u015fam belgesi, fotokopi onay\u0131 ve belge tasdiki i\u015flemi yapmaktad\u0131r. \u00c7in ile T\u00fcrkiye\u2019nin Edirne ve \u00e7evresinde bulunan ticari ili\u015fkilerini geli\u015ftirmektedir. \u00c7in ad\u0131na Edirne\u2019de yeni yat\u0131r\u0131m ve ticari alanlar bulmay\u0131 ama\u00e7lar.<strong> \u00c7in Edirne Fahri Konsoloslu\u011fu<\/strong>, Edirne ve yetki alan\u0131 i\u00e7erisindeki b\u00f6lgelerde k\u00fclt\u00fcr al\u0131\u015fveri\u015fi yapmay\u0131 sa\u011flamaktad\u0131r.<\/span><\/p>\n<p><span style=\"font-family: Roboto; font-size: 20px;\"><strong>\u00c7in Edirne Fahri Konsoloslu\u011fu Adresi, \u00c7al\u0131\u015fma Saatleri\u00a0<\/strong><\/span><\/p>\n<p><span style=\"font-family: Roboto; font-size: 14px;\">Adres: Sar\u0131capa\u015fa Mahallesi, Su Sokak, No: 14, Daire: 3, PK: 22030, Edirne Merkez\/Edirne<\/span><\/p>\n<p><span style=\"font-family: Roboto; font-size: 14px;\">\u00c7al\u0131\u015fma Saatleri: <strong>Edirne \u00c7in Fahri Konsoloslu\u011fu<\/strong>, hafta i\u00e7i her g\u00fcn saat 09.00 ile 16.30 aras\u0131nda hizmet vermektedir. T\u00fcrkiye ve \u00c7in Halk Cumhuriyeti resmi tatillerinde \u00e7al\u0131\u015fmamaktad\u0131r.<\/span><\/p>\n<h2><span style=\"font-family: Roboto; font-size: 27px;\"><strong>\u00c7in Edirne Fahri Konsoloslu\u011fu Hakk\u0131nda<\/strong><\/span><\/h2>\n<p><span style=\"font-family: Roboto; font-size: 14px;\"><strong>\u00c7in Edirne Fahri Konsoloslu\u011fu\u00a0<\/strong>T\u00fcrkiye\u2019de Edirne \u015fehrinde vatanda\u015flar\u0131na hizmet vermektedir. Vatanda\u015flar<strong> Edirne Fahri Konsoloslu\u011fa<\/strong> Sar\u0131capa\u015fa Mahallesi Su Sokak No: 14 Edirne Merkez adresinden ula\u015fabilirler. Fahri konsolosluklar diplomatik hizmet verme konusunda yetki sahibi de\u011fildirler. Bu anlamda sadece iki \u00fclke aras\u0131nda ticari ve k\u00fclt\u00fcrel ili\u015fkilerin korunmas\u0131nda ve geli\u015ftirilmesinde g\u00f6rev al\u0131rlar. Edirne\u2019de ve \u00e7evre illerde ikamet eden \u00c7in vatanda\u015flar\u0131 acil durumlarda gerekli olacak fotokopi i\u015flemi ve evrak tasdik i\u015flemi i\u00e7in fahri konsolosluk ile ileti\u015fime ge\u00e7ebilir ve konsolosluk binas\u0131na gidebilirler.<\/span><\/p>\n<p><span style=\"font-family: Roboto; font-size: 14px;\">Edirne\u2019de hizmet veren <strong>\u00c7in Konsoloslu\u011fu<\/strong> iki \u00fclke i\u00e7in \u00f6zel say\u0131lan resm\u00ee tatil g\u00fcnlerinde hizmete kapal\u0131d\u0131r. Normal g\u00fcnlerde vatanda\u015flar hafta i\u00e7i her g\u00fcn 09.00- 16.30 saatleri aras\u0131nda konsolosluktan erekli hizmeti alabilirler. Konsolosluk hafta sonlar\u0131 vatanda\u015flara hizmet vermemektedir.<\/span><\/p>\n<p><span style=\"font-family: Roboto; font-size: 14px;\"><strong>\u00c7in Fahri Konsoloslu\u011fu<\/strong> Edirne ve \u00e7evresinde yat\u0131r\u0131ma a\u00e7\u0131lan yeni alanlar\u0131 her daim desteklemek ve \u00c7in ile T\u00fcrkiye aras\u0131ndaki ticari ili\u015fkilere destek olmakla g\u00f6revlidir. Bunun haricinde iki \u00fclke aras\u0131nda ger\u00e7ekle\u015fecek olan k\u00fclt\u00fcrel faaliyetlerde de yine s\u00f6z sahibidir.<\/span><\/p>\n<p><span style=\"font-family: Roboto; font-size: 14px;\"><span style=\"color: #2acec2;\"><strong><a style=\"color: #2acec2;\" href=\"https:\/\/www.myvize.com.tr\/cin\/cin-vize-randevusu\/\" target=\"_blank\" rel=\"noopener\">\u00c7in Vize Randevusu<\/a><\/strong><\/span> ile ilgili bilgi almak i\u00e7in bizi aray\u0131n\u0131z.<\/span><\/p>\n","protected":false},"excerpt":{"rendered":"<p>\u00c7in\u2019in Edirne Fahri Konsoloslu\u011fu, \u00c7in\u2019in T\u00fcrkiye\u2019nin Edirne ilinde bulunan ve diplomatik yetkisi olmayan bir temsilcili\u011fidir. \u00c7in Bodurum Fahri Konsoloslu\u011fu\u2019nun genel amac\u0131 ticari ili\u015fkilerdir. \u00c7in Edirne Fahri Konsoloslu\u011fu\u2019na diplomatik bir yetki verilmemi\u015ftir. Edirne Fahri Konsoloslu\u011fu, diplomatik yetki verilmedi\u011finden\u00a0dolay\u0131 konsolosluk hizmeti vermemektedir. Edirne Fahri Konsoloslu\u011fu, sadece Edirne ve \u00e7evresinde bulunan acil durumlarda ya\u015fam belgesi, fotokopi onay\u0131 ve<\/p>\n","protected":false},"author":1,"featured_media":0,"parent":0,"menu_order":0,"comment_status":"closed","ping_status":"closed","template":"","meta":{"footnotes":""},"class_list":["post-463","page","type-page","status-publish","hentry"],"yoast_head":"<!-- This site is optimized with the Yoast SEO plugin v26.8 - https:\/\/yoast.com\/product\/yoast-seo-wordpress\/ -->\n<title>\u00c7in Edirne Fahri Konsoloslu\u011fu - \u00c7in Vizesi - MyVize<\/title>\n<meta name=\"description\" content=\"\u00c7in Edirne Fahri Konsoloslu\u011fu \u0130leti\u015fim Bilgileri Telefon Numaras\u0131 Mail Adresi Bilgileri \u0130\u00e7erir. \u00c7in Vize Dan\u0131\u015fman\u0131 \u0130\u00e7in Hemen Aray\u0131n.\" \/>\n<meta name=\"robots\" content=\"index, follow, max-snippet:-1, max-image-preview:large, max-video-preview:-1\" \/>\n<link rel=\"canonical\" href=\"https:\/\/www.myvize.com.tr\/cin\/cin-edirne-fahri-konsoloslugu\/\" \/>\n<meta property=\"og:locale\" content=\"tr_TR\" \/>\n<meta property=\"og:type\" content=\"article\" \/>\n<meta property=\"og:title\" content=\"\u00c7in Edirne Fahri Konsoloslu\u011fu - \u00c7in Vizesi - MyVize\" \/>\n<meta property=\"og:description\" content=\"\u00c7in Edirne Fahri Konsoloslu\u011fu \u0130leti\u015fim Bilgileri Telefon Numaras\u0131 Mail Adresi Bilgileri \u0130\u00e7erir. \u00c7in Vize Dan\u0131\u015fman\u0131 \u0130\u00e7in Hemen Aray\u0131n.\" \/>\n<meta property=\"og:url\" content=\"https:\/\/www.myvize.com.tr\/cin\/cin-edirne-fahri-konsoloslugu\/\" \/>\n<meta property=\"og:site_name\" content=\"\u00c7in Vizesi\" \/>\n<meta property=\"article:modified_time\" content=\"2022-04-04T11:19:07+00:00\" \/>\n<meta name=\"twitter:card\" content=\"summary_large_image\" \/>\n<meta name=\"twitter:label1\" content=\"Tahmini okuma s\u00fcresi\" \/>\n\t<meta name=\"twitter:data1\" content=\"2 dakika\" \/>\n<script type=\"application\/ld+json\" class=\"yoast-schema-graph\">{\"@context\":\"https:\/\/schema.org\",\"@graph\":[{\"@type\":\"WebPage\",\"@id\":\"https:\/\/www.myvize.com.tr\/cin\/cin-edirne-fahri-konsoloslugu\/\",\"url\":\"https:\/\/www.myvize.com.tr\/cin\/cin-edirne-fahri-konsoloslugu\/\",\"name\":\"\u00c7in Edirne Fahri Konsoloslu\u011fu - \u00c7in Vizesi - MyVize\",\"isPartOf\":{\"@id\":\"https:\/\/www.myvize.com.tr\/cin\/#website\"},\"datePublished\":\"2021-09-17T07:40:38+00:00\",\"dateModified\":\"2022-04-04T11:19:07+00:00\",\"description\":\"\u00c7in Edirne Fahri Konsoloslu\u011fu \u0130leti\u015fim Bilgileri Telefon Numaras\u0131 Mail Adresi Bilgileri \u0130\u00e7erir. \u00c7in Vize Dan\u0131\u015fman\u0131 \u0130\u00e7in Hemen Aray\u0131n.\",\"breadcrumb\":{\"@id\":\"https:\/\/www.myvize.com.tr\/cin\/cin-edirne-fahri-konsoloslugu\/#breadcrumb\"},\"inLanguage\":\"tr\",\"potentialAction\":[{\"@type\":\"ReadAction\",\"target\":[\"https:\/\/www.myvize.com.tr\/cin\/cin-edirne-fahri-konsoloslugu\/\"]}]},{\"@type\":\"BreadcrumbList\",\"@id\":\"https:\/\/www.myvize.com.tr\/cin\/cin-edirne-fahri-konsoloslugu\/#breadcrumb\",\"itemListElement\":[{\"@type\":\"ListItem\",\"position\":1,\"name\":\"Anasayfa\",\"item\":\"https:\/\/www.myvize.com.tr\/cin\/\"},{\"@type\":\"ListItem\",\"position\":2,\"name\":\"\u00c7in Edirne Fahri Konsoloslu\u011fu\"}]},{\"@type\":\"WebSite\",\"@id\":\"https:\/\/www.myvize.com.tr\/cin\/#website\",\"url\":\"https:\/\/www.myvize.com.tr\/cin\/\",\"name\":\"\u00c7in Vizesi\",\"description\":\"\",\"potentialAction\":[{\"@type\":\"SearchAction\",\"target\":{\"@type\":\"EntryPoint\",\"urlTemplate\":\"https:\/\/www.myvize.com.tr\/cin\/?s={search_term_string}\"},\"query-input\":{\"@type\":\"PropertyValueSpecification\",\"valueRequired\":true,\"valueName\":\"search_term_string\"}}],\"inLanguage\":\"tr\"}]}<\/script>\n<!-- \/ Yoast SEO plugin. -->","yoast_head_json":{"title":"\u00c7in Edirne Fahri Konsoloslu\u011fu - \u00c7in Vizesi - MyVize","description":"\u00c7in Edirne Fahri Konsoloslu\u011fu \u0130leti\u015fim Bilgileri Telefon Numaras\u0131 Mail Adresi Bilgileri \u0130\u00e7erir. \u00c7in Vize Dan\u0131\u015fman\u0131 \u0130\u00e7in Hemen Aray\u0131n.","robots":{"index":"index","follow":"follow","max-snippet":"max-snippet:-1","max-image-preview":"max-image-preview:large","max-video-preview":"max-video-preview:-1"},"canonical":"https:\/\/www.myvize.com.tr\/cin\/cin-edirne-fahri-konsoloslugu\/","og_locale":"tr_TR","og_type":"article","og_title":"\u00c7in Edirne Fahri Konsoloslu\u011fu - \u00c7in Vizesi - MyVize","og_description":"\u00c7in Edirne Fahri Konsoloslu\u011fu \u0130leti\u015fim Bilgileri Telefon Numaras\u0131 Mail Adresi Bilgileri \u0130\u00e7erir. \u00c7in Vize Dan\u0131\u015fman\u0131 \u0130\u00e7in Hemen Aray\u0131n.","og_url":"https:\/\/www.myvize.com.tr\/cin\/cin-edirne-fahri-konsoloslugu\/","og_site_name":"\u00c7in Vizesi","article_modified_time":"2022-04-04T11:19:07+00:00","twitter_card":"summary_large_image","twitter_misc":{"Tahmini okuma s\u00fcresi":"2 dakika"},"schema":{"@context":"https:\/\/schema.org","@graph":[{"@type":"WebPage","@id":"https:\/\/www.myvize.com.tr\/cin\/cin-edirne-fahri-konsoloslugu\/","url":"https:\/\/www.myvize.com.tr\/cin\/cin-edirne-fahri-konsoloslugu\/","name":"\u00c7in Edirne Fahri Konsoloslu\u011fu - \u00c7in Vizesi - MyVize","isPartOf":{"@id":"https:\/\/www.myvize.com.tr\/cin\/#website"},"datePublished":"2021-09-17T07:40:38+00:00","dateModified":"2022-04-04T11:19:07+00:00","description":"\u00c7in Edirne Fahri Konsoloslu\u011fu \u0130leti\u015fim Bilgileri Telefon Numaras\u0131 Mail Adresi Bilgileri \u0130\u00e7erir. \u00c7in Vize Dan\u0131\u015fman\u0131 \u0130\u00e7in Hemen Aray\u0131n.","breadcrumb":{"@id":"https:\/\/www.myvize.com.tr\/cin\/cin-edirne-fahri-konsoloslugu\/#breadcrumb"},"inLanguage":"tr","potentialAction":[{"@type":"ReadAction","target":["https:\/\/www.myvize.com.tr\/cin\/cin-edirne-fahri-konsoloslugu\/"]}]},{"@type":"BreadcrumbList","@id":"https:\/\/www.myvize.com.tr\/cin\/cin-edirne-fahri-konsoloslugu\/#breadcrumb","itemListElement":[{"@type":"ListItem","position":1,"name":"Anasayfa","item":"https:\/\/www.myvize.com.tr\/cin\/"},{"@type":"ListItem","position":2,"name":"\u00c7in Edirne Fahri Konsoloslu\u011fu"}]},{"@type":"WebSite","@id":"https:\/\/www.myvize.com.tr\/cin\/#website","url":"https:\/\/www.myvize.com.tr\/cin\/","name":"\u00c7in Vizesi","description":"","potentialAction":[{"@type":"SearchAction","target":{"@type":"EntryPoint","urlTemplate":"https:\/\/www.myvize.com.tr\/cin\/?s={search_term_string}"},"query-input":{"@type":"PropertyValueSpecification","valueRequired":true,"valueName":"search_term_string"}}],"inLanguage":"tr"}]}},"_links":{"self":[{"href":"https:\/\/www.myvize.com.tr\/cin\/wp-json\/wp\/v2\/pages\/463","targetHints":{"allow":["GET"]}}],"collection":[{"href":"https:\/\/www.myvize.com.tr\/cin\/wp-json\/wp\/v2\/pages"}],"about":[{"href":"https:\/\/www.myvize.com.tr\/cin\/wp-json\/wp\/v2\/types\/page"}],"author":[{"embeddable":true,"href":"https:\/\/www.myvize.com.tr\/cin\/wp-json\/wp\/v2\/users\/1"}],"replies":[{"embeddable":true,"href":"https:\/\/www.myvize.com.tr\/cin\/wp-json\/wp\/v2\/comments?post=463"}],"version-history":[{"count":3,"href":"https:\/\/www.myvize.com.tr\/cin\/wp-json\/wp\/v2\/pages\/463\/revisions"}],"predecessor-version":[{"id":780,"href":"https:\/\/www.myvize.com.tr\/cin\/wp-json\/wp\/v2\/pages\/463\/revisions\/780"}],"wp:attachment":[{"href":"https:\/\/www.myvize.com.tr\/cin\/wp-json\/wp\/v2\/media?parent=463"}],"curies":[{"name":"wp","href":"https:\/\/api.w.org\/{rel}","templated":true}]}}