{"id":466,"date":"2021-09-17T10:43:12","date_gmt":"2021-09-17T07:43:12","guid":{"rendered":"https:\/\/www.myvize.com.tr\/cin\/?page_id=466"},"modified":"2022-04-04T14:16:00","modified_gmt":"2022-04-04T11:16:00","slug":"cin-gaziantep-fahri-konsoloslugu","status":"publish","type":"page","link":"https:\/\/www.myvize.com.tr\/cin\/cin-gaziantep-fahri-konsoloslugu\/","title":{"rendered":"\u00c7in Gaziantep Fahri Konsoloslu\u011fu"},"content":{"rendered":"<p><span style=\"font-family: Roboto; font-size: 14px;\"><strong>\u00c7in Gaziantep Fahri Konsoloslu\u011fu<\/strong>, \u00c7in Halk Cumhuriyeti\u2019nin Gaziantep\u2019te bulunan diplomatik bir yetkisi bulunmayan temsilciliklerindendir. Fahri Konsoloslu\u011funun genel amac\u0131 ticari ili\u015fkilerdir. <strong>Gaziantep Fahri Konsoloslu\u011fu<\/strong>, bunun yan\u0131nda baz\u0131 farkl\u0131 hizmetlerde vermektedir. \u00c7in Gaziantep Fahri Konsoloslu\u011fu\u2019nun verdi\u011fi baz\u0131 hizmetler a\u015fa\u011f\u0131da verilmi\u015ftir.<\/span><\/p>\n<ul>\n<li><span style=\"font-family: Roboto; font-size: 14px;\"><strong>Konsolosluk Hizmeti:\u00a0\u00c7in Gaziantep Fahri Konsoloslu\u011fu\u2019na<\/strong> diplomatik bir yetki verilmemi\u015ftir. Gaziantep Fahri Konsoloslu\u011fu, bundan dolay\u0131 konsolosluk hizmeti vermemektedir. <strong>Gaziantep Fahri Konsoloslu\u011fu<\/strong>, sadece acil durumlarda fotokopi ve belge tasdiki i\u015flemi yapmaktad\u0131r.<\/span><\/li>\n<li><span style=\"font-family: Roboto; font-size: 14px;\"><strong>Ticari Hizmet:<\/strong>\u00a0\u00c7in ile T\u00fcrkiye\u2019nin<span style=\"color: #2acec2;\"><strong><a style=\"color: #2acec2;\" href=\"https:\/\/www.myvize.com.tr\/cin\/subelerimiz\/gaziantep\/\" target=\"_blank\" rel=\"noopener\"> Gaziantep <\/a><\/strong><\/span>ve \u00e7evresinde bulunan ticari ili\u015fkilerini geli\u015ftirmektedir. \u00c7in ad\u0131na Gaziantep\u2019te yeni yat\u0131r\u0131m alanlar\u0131 ortaya \u00e7\u0131karmay\u0131 ama\u00e7lar.<\/span><\/li>\n<li><span style=\"font-family: Roboto; font-size: 14px;\"><strong>K\u00fclt\u00fcrel \u0130li\u015fkiler:\u00a0<\/strong>\u00c7in ve T\u00fcrkiye\u2019nin Gaziantep ili ve \u00e7evresindeki iller ile k\u00fclt\u00fcr al\u0131\u015fveri\u015fi yapmaktad\u0131r.<\/span><\/li>\n<\/ul>\n<h2><span style=\"font-family: Roboto; font-size: 27px;\"><strong>\u00c7in Gaziantep Fahri Konsoloslu\u011fu Adresi, \u00c7al\u0131\u015fma Saatleri\u00a0<\/strong><\/span><\/h2>\n<p><span style=\"font-family: Roboto; font-size: 14px;\">Adres: \u0130ncili P\u0131nar Mahallesi, 1451. Sokak, No: 45, PK: 27090, \u015eehitkamil\/Gaziantep<\/span><\/p>\n<p><span style=\"font-family: Roboto; font-size: 14px;\">\u00c7al\u0131\u015fma Saatleri: \u00c7in Halk Cumhuriyeti\u2019nin Gaziantep Fahri Konsoloslu\u011fu hafta i\u00e7i saat 09.30 ile 17.00 aras\u0131nda hizmet vermektedir. T\u00fcrkiye ile \u00c7in\u2019in resmi tatillerinde \u00e7al\u0131\u015fmamaktad\u0131r.<\/span><\/p>\n<p><span style=\"font-family: Roboto; font-size: 14px;\"><span style=\"color: #2acec2;\"><strong><a style=\"color: #2acec2;\" href=\"https:\/\/www.myvize.com.tr\/cin\/cin-vatandaslik-islemleri\/\" target=\"_blank\" rel=\"noopener\">\u00c7in Vatanda\u015fl\u0131k \u0130\u015flemleri<\/a><\/strong><\/span> ile ilgili bilgi almak i\u00e7in bizi aray\u0131n.<\/span><\/p>\n<h2><span style=\"font-family: Roboto; font-size: 27px;\"><strong>\u00c7in Gaziantep Fahri Konsoloslu\u011fu Hakk\u0131nda<\/strong><\/span><\/h2>\n<p><span style=\"font-family: Roboto; font-size: 14px;\"><strong>\u00c7in Gaziantep Fahri Konsoloslu\u011fu\u00a0<\/strong>T\u00fcrkiye\u2019de Gaziantep \u015fehrinde hizmet vermektedir. <strong>\u00c7in Halk Cumhuriyeti<\/strong> ile do\u011frudan ba\u011flant\u0131da olan konsolosluk diplomatik anlamda herhangi bir \u00e7al\u0131\u015fma yetkisine sahip de\u011fildir. Bunun d\u0131\u015f\u0131nda k\u00fclt\u00fcrel alanlar ba\u015fta olmak \u00fczere bir\u00e7ok farkl\u0131 alanda vatanda\u015flar\u0131na hizmet vermeye devam eder.<\/span><\/p>\n<p><span style=\"font-family: Roboto; font-size: 14px;\">\u00c7in Gaziantep Fahri Konsoloslu\u011fu\u2019nun vatanda\u015flara sundu\u011fu hizmetler \u015fu \u015fekildedir;<\/span><\/p>\n<ul>\n<li><span style=\"font-family: Roboto; font-size: 14px;\">Konsolosluk Hizmeti: Gaziantep\u2019te bulunan <strong>\u00c7in Fahri Konsoloslu\u011fu<\/strong> vatanda\u015flar\u0131na acil durumlarda gerekli olacak fotokopi ve belge tasdiki gibi hizmetleri sunmaktad\u0131r.<\/span><\/li>\n<li><span style=\"font-family: Roboto; font-size: 14px;\">Ticari Hizmet: <strong>\u00c7in Fahri Konsoloslu\u011fu<\/strong> iki \u00fclke aras\u0131ndaki ticari ili\u015fkileri desteklemek ve geli\u015ftirmek ile g\u00f6revlidir. Bu anlamda Gaziantep\u2019te yeni yat\u0131r\u0131m alanlar\u0131 \u00e7\u0131kar\u0131lmas\u0131 konusunda \u00c7in\u2019e destek olur.<\/span><\/li>\n<li><span style=\"font-family: Roboto; font-size: 14px;\">K\u00fclt\u00fcrel \u0130li\u015fkiler: \u00c7in Fahri Konsoloslu\u011fu\u2019nun di\u011fer g\u00f6revi iki \u00fclke aras\u0131nda bulunan k\u00fclt\u00fcrel ili\u015fkileri desteklemek ve geli\u015ftirmektir. Gaziantep ve \u00e7evresinde gerekli olacak k\u00fclt\u00fcr al\u0131\u015fveri\u015fi konusunda <strong>\u00c7in Fahri konsoloslu\u011fu<\/strong> do\u011frudan yetki sahibidir.<\/span><\/li>\n<\/ul>\n<p><span style=\"font-family: Roboto; font-size: 14px;\"><strong>\u00c7in Fahri Konsoloslu\u011fu<\/strong> iki \u00fclke i\u00e7in resm\u00ee tatil ilan edilmeyen g\u00fcnlerde hizmete a\u00e7\u0131kt\u0131r. Vatanda\u015flar randevu alarak konsoloslukta s\u0131ra beklemeden b\u00fct\u00fcn i\u015flemlerini k\u0131sa s\u00fcre i\u00e7erisinde ger\u00e7ekle\u015ftirebilirler.<\/span><\/p>\n","protected":false},"excerpt":{"rendered":"<p>\u00c7in Gaziantep Fahri Konsoloslu\u011fu, \u00c7in Halk Cumhuriyeti\u2019nin Gaziantep\u2019te bulunan diplomatik bir yetkisi bulunmayan temsilciliklerindendir. Fahri Konsoloslu\u011funun genel amac\u0131 ticari ili\u015fkilerdir. Gaziantep Fahri Konsoloslu\u011fu, bunun yan\u0131nda baz\u0131 farkl\u0131 hizmetlerde vermektedir. \u00c7in Gaziantep Fahri Konsoloslu\u011fu\u2019nun verdi\u011fi baz\u0131 hizmetler a\u015fa\u011f\u0131da verilmi\u015ftir. Konsolosluk Hizmeti:\u00a0\u00c7in Gaziantep Fahri Konsoloslu\u011fu\u2019na diplomatik bir yetki verilmemi\u015ftir. Gaziantep Fahri Konsoloslu\u011fu, bundan dolay\u0131 konsolosluk hizmeti vermemektedir.<\/p>\n","protected":false},"author":1,"featured_media":0,"parent":0,"menu_order":0,"comment_status":"closed","ping_status":"closed","template":"","meta":{"footnotes":""},"class_list":["post-466","page","type-page","status-publish","hentry"],"yoast_head":"<!-- This site is optimized with the Yoast SEO plugin v26.8 - https:\/\/yoast.com\/product\/yoast-seo-wordpress\/ -->\n<title>\u00c7in Gaziantep Fahri Konsoloslu\u011fu - \u00c7in Vizesi - MyVize<\/title>\n<meta name=\"description\" content=\"\u00c7in Gaziantep Fahri Konsoloslu\u011fu \u0130leti\u015fim Bilgileri Telefon Numaras\u0131 Mail Adresi Bilgileri \u0130\u00e7erir. \u00c7in Vize Dan\u0131\u015fman\u0131 \u0130\u00e7in Hemen Aray\u0131n.\" \/>\n<meta name=\"robots\" content=\"index, follow, max-snippet:-1, max-image-preview:large, max-video-preview:-1\" \/>\n<link rel=\"canonical\" href=\"https:\/\/www.myvize.com.tr\/cin\/cin-gaziantep-fahri-konsoloslugu\/\" \/>\n<meta property=\"og:locale\" content=\"tr_TR\" \/>\n<meta property=\"og:type\" content=\"article\" \/>\n<meta property=\"og:title\" content=\"\u00c7in Gaziantep Fahri Konsoloslu\u011fu - \u00c7in Vizesi - MyVize\" \/>\n<meta property=\"og:description\" content=\"\u00c7in Gaziantep Fahri Konsoloslu\u011fu \u0130leti\u015fim Bilgileri Telefon Numaras\u0131 Mail Adresi Bilgileri \u0130\u00e7erir. \u00c7in Vize Dan\u0131\u015fman\u0131 \u0130\u00e7in Hemen Aray\u0131n.\" \/>\n<meta property=\"og:url\" content=\"https:\/\/www.myvize.com.tr\/cin\/cin-gaziantep-fahri-konsoloslugu\/\" \/>\n<meta property=\"og:site_name\" content=\"\u00c7in Vizesi\" \/>\n<meta property=\"article:modified_time\" content=\"2022-04-04T11:16:00+00:00\" \/>\n<meta name=\"twitter:card\" content=\"summary_large_image\" \/>\n<meta name=\"twitter:label1\" content=\"Tahmini okuma s\u00fcresi\" \/>\n\t<meta name=\"twitter:data1\" content=\"2 dakika\" \/>\n<script type=\"application\/ld+json\" class=\"yoast-schema-graph\">{\"@context\":\"https:\/\/schema.org\",\"@graph\":[{\"@type\":\"WebPage\",\"@id\":\"https:\/\/www.myvize.com.tr\/cin\/cin-gaziantep-fahri-konsoloslugu\/\",\"url\":\"https:\/\/www.myvize.com.tr\/cin\/cin-gaziantep-fahri-konsoloslugu\/\",\"name\":\"\u00c7in Gaziantep Fahri Konsoloslu\u011fu - \u00c7in Vizesi - MyVize\",\"isPartOf\":{\"@id\":\"https:\/\/www.myvize.com.tr\/cin\/#website\"},\"datePublished\":\"2021-09-17T07:43:12+00:00\",\"dateModified\":\"2022-04-04T11:16:00+00:00\",\"description\":\"\u00c7in Gaziantep Fahri Konsoloslu\u011fu \u0130leti\u015fim Bilgileri Telefon Numaras\u0131 Mail Adresi Bilgileri \u0130\u00e7erir. \u00c7in Vize Dan\u0131\u015fman\u0131 \u0130\u00e7in Hemen Aray\u0131n.\",\"breadcrumb\":{\"@id\":\"https:\/\/www.myvize.com.tr\/cin\/cin-gaziantep-fahri-konsoloslugu\/#breadcrumb\"},\"inLanguage\":\"tr\",\"potentialAction\":[{\"@type\":\"ReadAction\",\"target\":[\"https:\/\/www.myvize.com.tr\/cin\/cin-gaziantep-fahri-konsoloslugu\/\"]}]},{\"@type\":\"BreadcrumbList\",\"@id\":\"https:\/\/www.myvize.com.tr\/cin\/cin-gaziantep-fahri-konsoloslugu\/#breadcrumb\",\"itemListElement\":[{\"@type\":\"ListItem\",\"position\":1,\"name\":\"Anasayfa\",\"item\":\"https:\/\/www.myvize.com.tr\/cin\/\"},{\"@type\":\"ListItem\",\"position\":2,\"name\":\"\u00c7in Gaziantep Fahri Konsoloslu\u011fu\"}]},{\"@type\":\"WebSite\",\"@id\":\"https:\/\/www.myvize.com.tr\/cin\/#website\",\"url\":\"https:\/\/www.myvize.com.tr\/cin\/\",\"name\":\"\u00c7in Vizesi\",\"description\":\"\",\"potentialAction\":[{\"@type\":\"SearchAction\",\"target\":{\"@type\":\"EntryPoint\",\"urlTemplate\":\"https:\/\/www.myvize.com.tr\/cin\/?s={search_term_string}\"},\"query-input\":{\"@type\":\"PropertyValueSpecification\",\"valueRequired\":true,\"valueName\":\"search_term_string\"}}],\"inLanguage\":\"tr\"}]}<\/script>\n<!-- \/ Yoast SEO plugin. -->","yoast_head_json":{"title":"\u00c7in Gaziantep Fahri Konsoloslu\u011fu - \u00c7in Vizesi - MyVize","description":"\u00c7in Gaziantep Fahri Konsoloslu\u011fu \u0130leti\u015fim Bilgileri Telefon Numaras\u0131 Mail Adresi Bilgileri \u0130\u00e7erir. \u00c7in Vize Dan\u0131\u015fman\u0131 \u0130\u00e7in Hemen Aray\u0131n.","robots":{"index":"index","follow":"follow","max-snippet":"max-snippet:-1","max-image-preview":"max-image-preview:large","max-video-preview":"max-video-preview:-1"},"canonical":"https:\/\/www.myvize.com.tr\/cin\/cin-gaziantep-fahri-konsoloslugu\/","og_locale":"tr_TR","og_type":"article","og_title":"\u00c7in Gaziantep Fahri Konsoloslu\u011fu - \u00c7in Vizesi - MyVize","og_description":"\u00c7in Gaziantep Fahri Konsoloslu\u011fu \u0130leti\u015fim Bilgileri Telefon Numaras\u0131 Mail Adresi Bilgileri \u0130\u00e7erir. \u00c7in Vize Dan\u0131\u015fman\u0131 \u0130\u00e7in Hemen Aray\u0131n.","og_url":"https:\/\/www.myvize.com.tr\/cin\/cin-gaziantep-fahri-konsoloslugu\/","og_site_name":"\u00c7in Vizesi","article_modified_time":"2022-04-04T11:16:00+00:00","twitter_card":"summary_large_image","twitter_misc":{"Tahmini okuma s\u00fcresi":"2 dakika"},"schema":{"@context":"https:\/\/schema.org","@graph":[{"@type":"WebPage","@id":"https:\/\/www.myvize.com.tr\/cin\/cin-gaziantep-fahri-konsoloslugu\/","url":"https:\/\/www.myvize.com.tr\/cin\/cin-gaziantep-fahri-konsoloslugu\/","name":"\u00c7in Gaziantep Fahri Konsoloslu\u011fu - \u00c7in Vizesi - MyVize","isPartOf":{"@id":"https:\/\/www.myvize.com.tr\/cin\/#website"},"datePublished":"2021-09-17T07:43:12+00:00","dateModified":"2022-04-04T11:16:00+00:00","description":"\u00c7in Gaziantep Fahri Konsoloslu\u011fu \u0130leti\u015fim Bilgileri Telefon Numaras\u0131 Mail Adresi Bilgileri \u0130\u00e7erir. \u00c7in Vize Dan\u0131\u015fman\u0131 \u0130\u00e7in Hemen Aray\u0131n.","breadcrumb":{"@id":"https:\/\/www.myvize.com.tr\/cin\/cin-gaziantep-fahri-konsoloslugu\/#breadcrumb"},"inLanguage":"tr","potentialAction":[{"@type":"ReadAction","target":["https:\/\/www.myvize.com.tr\/cin\/cin-gaziantep-fahri-konsoloslugu\/"]}]},{"@type":"BreadcrumbList","@id":"https:\/\/www.myvize.com.tr\/cin\/cin-gaziantep-fahri-konsoloslugu\/#breadcrumb","itemListElement":[{"@type":"ListItem","position":1,"name":"Anasayfa","item":"https:\/\/www.myvize.com.tr\/cin\/"},{"@type":"ListItem","position":2,"name":"\u00c7in Gaziantep Fahri Konsoloslu\u011fu"}]},{"@type":"WebSite","@id":"https:\/\/www.myvize.com.tr\/cin\/#website","url":"https:\/\/www.myvize.com.tr\/cin\/","name":"\u00c7in Vizesi","description":"","potentialAction":[{"@type":"SearchAction","target":{"@type":"EntryPoint","urlTemplate":"https:\/\/www.myvize.com.tr\/cin\/?s={search_term_string}"},"query-input":{"@type":"PropertyValueSpecification","valueRequired":true,"valueName":"search_term_string"}}],"inLanguage":"tr"}]}},"_links":{"self":[{"href":"https:\/\/www.myvize.com.tr\/cin\/wp-json\/wp\/v2\/pages\/466","targetHints":{"allow":["GET"]}}],"collection":[{"href":"https:\/\/www.myvize.com.tr\/cin\/wp-json\/wp\/v2\/pages"}],"about":[{"href":"https:\/\/www.myvize.com.tr\/cin\/wp-json\/wp\/v2\/types\/page"}],"author":[{"embeddable":true,"href":"https:\/\/www.myvize.com.tr\/cin\/wp-json\/wp\/v2\/users\/1"}],"replies":[{"embeddable":true,"href":"https:\/\/www.myvize.com.tr\/cin\/wp-json\/wp\/v2\/comments?post=466"}],"version-history":[{"count":3,"href":"https:\/\/www.myvize.com.tr\/cin\/wp-json\/wp\/v2\/pages\/466\/revisions"}],"predecessor-version":[{"id":778,"href":"https:\/\/www.myvize.com.tr\/cin\/wp-json\/wp\/v2\/pages\/466\/revisions\/778"}],"wp:attachment":[{"href":"https:\/\/www.myvize.com.tr\/cin\/wp-json\/wp\/v2\/media?parent=466"}],"curies":[{"name":"wp","href":"https:\/\/api.w.org\/{rel}","templated":true}]}}