{"id":171,"date":"2021-06-19T12:00:06","date_gmt":"2021-06-19T09:00:06","guid":{"rendered":"https:\/\/www.myvize.com.tr\/danimarka\/?page_id=171"},"modified":"2023-01-22T18:05:59","modified_gmt":"2023-01-22T15:05:59","slug":"duyurular","status":"publish","type":"page","link":"https:\/\/www.myvize.com.tr\/danimarka\/duyurular\/","title":{"rendered":"DUYURULAR"},"content":{"rendered":"<p><span style=\"font-family: Roboto;\"><\/span><\/p>\r\n<h2><span style=\"font-family: Roboto; font-size: 27px;\"><strong>Danimarka Covid19 Sonras\u0131 Vize S\u00fcreci<\/strong><\/span><\/h2>\r\n<p><span style=\"font-family: Roboto; font-size: 14px;\">\r\n\r\n<\/span><\/p>\r\n<p><span style=\"font-family: Roboto; font-size: 14px;\">Covid19 her t\u00fcrl\u00fc alanda hayat\u0131n durmas\u0131na sebep olmu\u015ftur.\u00a0 Vize s\u00fcre\u00e7leri de k\u0131s\u0131tlamalardan \u00f6t\u00fcr\u00fc bir\u00e7ok \u00fclkede ask\u0131ya al\u0131nm\u0131\u015ft\u0131r.\u00a0<strong>Danimarka Covid19 Sonras\u0131 Vize S\u00fcreci\u00a0<\/strong>tekrardan faaliyete ge\u00e7mi\u015ftir. Vize ba\u015fvurular\u0131n\u0131z\u0131 rahat bir \u015fekilde beyan edebilirsiniz. Ancak belirli kurallara uyulmas\u0131 gerekmektedir. Bilindi\u011fi \u00fczere d\u00fcnya zorlu bir salg\u0131nla m\u00fccadele etmektedir. Hala da bu s\u00fcre\u00e7 devam etmektedir. Vize i\u015flemleri t\u00fcm h\u0131z\u0131 ile s\u00fcrerken Danimarka da giri\u015f yapacak olanlar\u0131n PCR testinin yap\u0131lmas\u0131 \u00fclkeye ikamet edebilmeleri i\u00e7in gerekli bir tedbirdir. Vizeniz olsa bile bu test belge ile beyan edemiyorsan\u0131z sorun ya\u015fayabilirsiniz.<\/span><\/p>\r\n<p><span style=\"font-family: Roboto; font-size: 14px;\">\r\n\r\n<\/span><\/p>\r\n<p><span style=\"font-family: Roboto; font-size: 14px;\"><strong>Danimarka Covid19 Sonras\u0131 Vize S\u00fcreci\u00a0<\/strong>art\u0131k u\u00e7u\u015flara izin verdi\u011finden dolay\u0131 vize i\u015flemleri de s\u00fcrd\u00fcrmektedir. Elbette ki vize \u00e7\u0131k\u0131\u015f\u0131, vize t\u00fcr\u00fcne ba\u011fl\u0131 olarak erken \u00e7\u0131kabilece\u011fi \u00fczere, bir aya yak\u0131nda s\u00fcrebilmektedir. Ba\u015fvurular\u0131n erkenden yap\u0131lmas\u0131 bu s\u00fcreci rahat ge\u00e7irilmesi a\u00e7\u0131s\u0131ndan \u00f6nemli olacakt\u0131r. \u00dclke gitmeden \u00f6nce yetmi\u015f iki saat \u00f6ncesinde PCR testi yapman\u0131z ve sa\u011fl\u0131\u011f\u0131n\u0131z hakk\u0131nda yaz\u0131l\u0131 belgeleri yetkililere ibraz etmeniz halinde sorunsuz olarak Danimarka \u00fclkesine ikamet edebilirsiniz.<\/span><\/p>\r\n<p><span style=\"font-family: Roboto;\"><\/span><\/p>","protected":false},"excerpt":{"rendered":"<p>Danimarka Covid19 Sonras\u0131 Vize S\u00fcreci Covid19 her t\u00fcrl\u00fc alanda hayat\u0131n durmas\u0131na sebep olmu\u015ftur.\u00a0 Vize s\u00fcre\u00e7leri de k\u0131s\u0131tlamalardan \u00f6t\u00fcr\u00fc bir\u00e7ok \u00fclkede ask\u0131ya al\u0131nm\u0131\u015ft\u0131r.\u00a0Danimarka Covid19 Sonras\u0131 Vize S\u00fcreci\u00a0tekrardan faaliyete ge\u00e7mi\u015ftir. Vize ba\u015fvurular\u0131n\u0131z\u0131 rahat bir \u015fekilde beyan edebilirsiniz. Ancak belirli kurallara uyulmas\u0131 gerekmektedir. Bilindi\u011fi \u00fczere d\u00fcnya zorlu bir salg\u0131nla m\u00fccadele etmektedir. Hala da bu s\u00fcre\u00e7 devam etmektedir. Vize<\/p>\n","protected":false},"author":1,"featured_media":0,"parent":0,"menu_order":0,"comment_status":"closed","ping_status":"closed","template":"","meta":{"footnotes":""},"class_list":["post-171","page","type-page","status-publish","hentry"],"yoast_head":"<!-- This site is optimized with the Yoast SEO plugin v24.0 - https:\/\/yoast.com\/wordpress\/plugins\/seo\/ -->\n<title>Danimarka Konsoloslu\u011fu COVID-19 Duyurular\u0131 - MyVize<\/title>\n<meta name=\"description\" content=\"Danimarka Vizesi Duyurular\u0131 Nelerdir? Danimarka Konsoloslu\u011fu Covid19 Duyurular\u0131. Bilgi \u0130\u00e7in Vize Uzmanlar\u0131m\u0131z\u0131 Aray\u0131n: 0850 346 84 93\" \/>\n<meta name=\"robots\" content=\"index, follow, max-snippet:-1, max-image-preview:large, max-video-preview:-1\" \/>\n<link rel=\"canonical\" href=\"https:\/\/www.myvize.com.tr\/danimarka\/duyurular\/\" \/>\n<meta property=\"og:locale\" content=\"tr_TR\" \/>\n<meta property=\"og:type\" content=\"article\" \/>\n<meta property=\"og:title\" content=\"Danimarka Konsoloslu\u011fu COVID-19 Duyurular\u0131 - MyVize\" \/>\n<meta property=\"og:description\" content=\"Danimarka Vizesi Duyurular\u0131 Nelerdir? Danimarka Konsoloslu\u011fu Covid19 Duyurular\u0131. Bilgi \u0130\u00e7in Vize Uzmanlar\u0131m\u0131z\u0131 Aray\u0131n: 0850 346 84 93\" \/>\n<meta property=\"og:url\" content=\"https:\/\/www.myvize.com.tr\/danimarka\/duyurular\/\" \/>\n<meta property=\"og:site_name\" content=\"Danimarka Vizesi\" \/>\n<meta property=\"article:modified_time\" content=\"2023-01-22T15:05:59+00:00\" \/>\n<meta name=\"twitter:card\" content=\"summary_large_image\" \/>\n<meta name=\"twitter:label1\" content=\"Tahmini okuma s\u00fcresi\" \/>\n\t<meta name=\"twitter:data1\" content=\"1 dakika\" \/>\n<script type=\"application\/ld+json\" class=\"yoast-schema-graph\">{\"@context\":\"https:\/\/schema.org\",\"@graph\":[{\"@type\":\"WebPage\",\"@id\":\"https:\/\/www.myvize.com.tr\/danimarka\/duyurular\/\",\"url\":\"https:\/\/www.myvize.com.tr\/danimarka\/duyurular\/\",\"name\":\"Danimarka Konsoloslu\u011fu COVID-19 Duyurular\u0131 - MyVize\",\"isPartOf\":{\"@id\":\"https:\/\/www.myvize.com.tr\/danimarka\/#website\"},\"datePublished\":\"2021-06-19T09:00:06+00:00\",\"dateModified\":\"2023-01-22T15:05:59+00:00\",\"description\":\"Danimarka Vizesi Duyurular\u0131 Nelerdir? Danimarka Konsoloslu\u011fu Covid19 Duyurular\u0131. Bilgi \u0130\u00e7in Vize Uzmanlar\u0131m\u0131z\u0131 Aray\u0131n: 0850 346 84 93\",\"breadcrumb\":{\"@id\":\"https:\/\/www.myvize.com.tr\/danimarka\/duyurular\/#breadcrumb\"},\"inLanguage\":\"tr\",\"potentialAction\":[{\"@type\":\"ReadAction\",\"target\":[\"https:\/\/www.myvize.com.tr\/danimarka\/duyurular\/\"]}]},{\"@type\":\"BreadcrumbList\",\"@id\":\"https:\/\/www.myvize.com.tr\/danimarka\/duyurular\/#breadcrumb\",\"itemListElement\":[{\"@type\":\"ListItem\",\"position\":1,\"name\":\"Anasayfa\",\"item\":\"https:\/\/www.myvize.com.tr\/danimarka\/\"},{\"@type\":\"ListItem\",\"position\":2,\"name\":\"DUYURULAR\"}]},{\"@type\":\"WebSite\",\"@id\":\"https:\/\/www.myvize.com.tr\/danimarka\/#website\",\"url\":\"https:\/\/www.myvize.com.tr\/danimarka\/\",\"name\":\"Danimarka Vizesi\",\"description\":\"\",\"potentialAction\":[{\"@type\":\"SearchAction\",\"target\":{\"@type\":\"EntryPoint\",\"urlTemplate\":\"https:\/\/www.myvize.com.tr\/danimarka\/?s={search_term_string}\"},\"query-input\":{\"@type\":\"PropertyValueSpecification\",\"valueRequired\":true,\"valueName\":\"search_term_string\"}}],\"inLanguage\":\"tr\"}]}<\/script>\n<!-- \/ Yoast SEO plugin. -->","yoast_head_json":{"title":"Danimarka Konsoloslu\u011fu COVID-19 Duyurular\u0131 - MyVize","description":"Danimarka Vizesi Duyurular\u0131 Nelerdir? Danimarka Konsoloslu\u011fu Covid19 Duyurular\u0131. Bilgi \u0130\u00e7in Vize Uzmanlar\u0131m\u0131z\u0131 Aray\u0131n: 0850 346 84 93","robots":{"index":"index","follow":"follow","max-snippet":"max-snippet:-1","max-image-preview":"max-image-preview:large","max-video-preview":"max-video-preview:-1"},"canonical":"https:\/\/www.myvize.com.tr\/danimarka\/duyurular\/","og_locale":"tr_TR","og_type":"article","og_title":"Danimarka Konsoloslu\u011fu COVID-19 Duyurular\u0131 - MyVize","og_description":"Danimarka Vizesi Duyurular\u0131 Nelerdir? Danimarka Konsoloslu\u011fu Covid19 Duyurular\u0131. Bilgi \u0130\u00e7in Vize Uzmanlar\u0131m\u0131z\u0131 Aray\u0131n: 0850 346 84 93","og_url":"https:\/\/www.myvize.com.tr\/danimarka\/duyurular\/","og_site_name":"Danimarka Vizesi","article_modified_time":"2023-01-22T15:05:59+00:00","twitter_card":"summary_large_image","twitter_misc":{"Tahmini okuma s\u00fcresi":"1 dakika"},"schema":{"@context":"https:\/\/schema.org","@graph":[{"@type":"WebPage","@id":"https:\/\/www.myvize.com.tr\/danimarka\/duyurular\/","url":"https:\/\/www.myvize.com.tr\/danimarka\/duyurular\/","name":"Danimarka Konsoloslu\u011fu COVID-19 Duyurular\u0131 - MyVize","isPartOf":{"@id":"https:\/\/www.myvize.com.tr\/danimarka\/#website"},"datePublished":"2021-06-19T09:00:06+00:00","dateModified":"2023-01-22T15:05:59+00:00","description":"Danimarka Vizesi Duyurular\u0131 Nelerdir? Danimarka Konsoloslu\u011fu Covid19 Duyurular\u0131. Bilgi \u0130\u00e7in Vize Uzmanlar\u0131m\u0131z\u0131 Aray\u0131n: 0850 346 84 93","breadcrumb":{"@id":"https:\/\/www.myvize.com.tr\/danimarka\/duyurular\/#breadcrumb"},"inLanguage":"tr","potentialAction":[{"@type":"ReadAction","target":["https:\/\/www.myvize.com.tr\/danimarka\/duyurular\/"]}]},{"@type":"BreadcrumbList","@id":"https:\/\/www.myvize.com.tr\/danimarka\/duyurular\/#breadcrumb","itemListElement":[{"@type":"ListItem","position":1,"name":"Anasayfa","item":"https:\/\/www.myvize.com.tr\/danimarka\/"},{"@type":"ListItem","position":2,"name":"DUYURULAR"}]},{"@type":"WebSite","@id":"https:\/\/www.myvize.com.tr\/danimarka\/#website","url":"https:\/\/www.myvize.com.tr\/danimarka\/","name":"Danimarka Vizesi","description":"","potentialAction":[{"@type":"SearchAction","target":{"@type":"EntryPoint","urlTemplate":"https:\/\/www.myvize.com.tr\/danimarka\/?s={search_term_string}"},"query-input":{"@type":"PropertyValueSpecification","valueRequired":true,"valueName":"search_term_string"}}],"inLanguage":"tr"}]}},"_links":{"self":[{"href":"https:\/\/www.myvize.com.tr\/danimarka\/wp-json\/wp\/v2\/pages\/171","targetHints":{"allow":["GET"]}}],"collection":[{"href":"https:\/\/www.myvize.com.tr\/danimarka\/wp-json\/wp\/v2\/pages"}],"about":[{"href":"https:\/\/www.myvize.com.tr\/danimarka\/wp-json\/wp\/v2\/types\/page"}],"author":[{"embeddable":true,"href":"https:\/\/www.myvize.com.tr\/danimarka\/wp-json\/wp\/v2\/users\/1"}],"replies":[{"embeddable":true,"href":"https:\/\/www.myvize.com.tr\/danimarka\/wp-json\/wp\/v2\/comments?post=171"}],"version-history":[{"count":5,"href":"https:\/\/www.myvize.com.tr\/danimarka\/wp-json\/wp\/v2\/pages\/171\/revisions"}],"predecessor-version":[{"id":815,"href":"https:\/\/www.myvize.com.tr\/danimarka\/wp-json\/wp\/v2\/pages\/171\/revisions\/815"}],"wp:attachment":[{"href":"https:\/\/www.myvize.com.tr\/danimarka\/wp-json\/wp\/v2\/media?parent=171"}],"curies":[{"name":"wp","href":"https:\/\/api.w.org\/{rel}","templated":true}]}}