{"id":318,"date":"2021-06-19T12:00:00","date_gmt":"2021-06-19T09:00:00","guid":{"rendered":"https:\/\/www.myvize.com.tr\/danimarka\/?page_id=318"},"modified":"2023-02-05T19:53:23","modified_gmt":"2023-02-05T16:53:23","slug":"danimarka-transit-vize","status":"publish","type":"page","link":"https:\/\/www.myvize.com.tr\/danimarka\/danimarka-transit-vize\/","title":{"rendered":"Danimarka Transit Vize"},"content":{"rendered":"<p><span style=\"font-family: Roboto;\"><\/span><\/p>\r\n<p><span style=\"font-family: Roboto; font-size: 14px;\">Danimarka \u00fclkesinden aktarmal\u0131 olarak ya da kendi arac\u0131n\u0131z ile ge\u00e7mek durumunda kald\u0131\u011f\u0131n\u0131zda alaca\u011f\u0131n\u0131z vize t\u00fcr\u00fc transit vizedir.\u00a0<strong>Danimarka transit vize<\/strong>\u00a0k\u0131sa s\u00fcreli vize t\u00fcrleri aras\u0131nda yer almaktad\u0131r. Bu vizeyi alabilmek i\u00e7in her belgenin g\u00fcncel ve zamanl\u0131 olmas\u0131 gereklidir. \u00d6rne\u011fin pasaportunuzun mutlaka seyahat sonras\u0131nda da ge\u00e7erli olmas\u0131 gereklidir.<\/span><\/p>\r\n<p><span style=\"font-family: Roboto; font-size: 14px;\">\r\n\r\n<\/span><\/p>\r\n<p><span style=\"font-family: Roboto; font-size: 14px;\">Baz\u0131 \u00fclkeler 12 saate kadar olan s\u00fcreler i\u00e7in transit vize isteminde bulunmasa da uzun s\u00fcreli kal\u0131\u015flar i\u00e7in mutlaka bu vizeyi alman\u0131z gerekmektedir. <span style=\"color: #2acec2;\"><strong><a style=\"color: #2acec2;\" href=\"https:\/\/www.myvize.com.tr\/danimarka\/vize-islemleri\/\" target=\"_blank\" rel=\"noopener\">Danimarka Vize i\u015flemleri<\/a><\/strong><\/span> s\u0131ras\u0131nda dikkat etmeniz gereken en \u00f6nemli konu pasaportun i\u00e7erisinde bo\u015f yaprak olmas\u0131 ve son on y\u0131l i\u00e7erisinde al\u0131nm\u0131\u015f olmas\u0131d\u0131r. <strong>Danimarka transit vize<\/strong>\u00a0i\u015flemlerinin yerine getirilmesinde \u00f6zellikle dilek\u00e7enizin detayl\u0131 olarak haz\u0131rlanmas\u0131na da dikkat etmek gerekmektedir.<\/span><\/p>\r\n<h2><span style=\"font-family: Roboto; font-size: 27px;\"><strong>Danimarka Transit Vize Hakk\u0131nda<\/strong><\/span><\/h2>\r\n<p><span style=\"font-family: Roboto; font-size: 14px;\">Danimarka\u2019ya seyahat edecek i\u00e7in farkl\u0131 vize t\u00fcr\u00fc bulunmaktad\u0131r. Seyahat ama\u00e7lar\u0131na g\u00f6re bir Schengen vizesi ba\u015fvurmak gerekli. Danimarka ziyaret amac\u0131 e\u011fitim ya da \u00e7al\u0131\u015fmaya ba\u011fl\u0131 olabilir. Yada sadece bu \u00fclkede ge\u00e7iyorsan\u0131z bir ya da birka\u00e7 g\u00fcn i\u00e7in transit vize almak isteyebiliyorsunuz.<\/span><br \/><span style=\"font-family: Roboto; font-size: 14px;\">Danimarka 2001 y\u0131l\u0131ndan itibaren Avrupa Birli\u011fe \u00fcye devletdir. Schengen i\u00e7in <strong>Danimarka vizesi<\/strong> ba\u015fvuru yapabilirsiniz. Schengen vize AEA ya da Avrupa Birli\u011fi denilen Avrupa devleti aras\u0131nda, vizesiz seyahat etme kaps\u0131yor. E\u011fer yolculuk plan\u0131n\u0131z bir \u00fclkeye gidip o \u00fclkede ba\u015fka bir ara\u00e7 ile aktarma olarak yolculu\u011fa devam etme varsa transit vizesi al\u0131rs\u0131n\u0131z. Transit vize ya da kap\u0131da vize uygulamas\u0131n\u0131 yaln\u0131zca k\u0131sa d\u00f6nem i\u00e7in o \u00fclkede bulunman\u0131z olanak veren vize \u00e7e\u015fididir. \u00c7o\u011funluk ile birka\u00e7 g\u00fcn i\u00e7in ge\u00e7erli baz\u0131 durumda da 1 g\u00fcn i\u00e7erisinde havaalan\u0131nda ayr\u0131lman\u0131z beklenir. Baz\u0131 devlet havaalan\u0131ndan \u00e7\u0131kmad\u0131\u011f\u0131n\u0131z s\u00fcrece vize talebi etmezler. Uygulama \u00fclkeden \u00fclkeye de\u011fi\u015fiklik g\u00f6sterebilmektedir.<\/span><br \/><span style=\"font-family: Roboto; font-size: 14px;\">Danimarka i\u00e7in <strong>Transit Schengen Vize<\/strong> almak gereklidir. <strong>Danimarka vizesi<\/strong> uygulamas\u0131nda Schengen uluslararas\u0131 kural\u0131na ba\u011fl\u0131d\u0131r. \u0130ki \u00e7e\u015fit transfer vize sunuluyor denizci i\u00e7in transit schengen vize ve havaalan\u0131 transit schengen vize.<\/span><br \/><span style=\"font-family: Roboto; font-size: 14px;\">\u0130ki \u015fekilde gerekli olan evrak \u015funlard\u0131r.<\/span><br \/><span style=\"font-family: Roboto; font-size: 14px;\">2 adet biyometrik foto\u011fraf.<\/span><br \/><span style=\"font-family: Roboto; font-size: 14px;\">En az 180 g\u00fcnl\u00fck s\u00fcresi olan pasaport.<\/span><br \/><span style=\"font-family: Roboto; font-size: 14px;\">Konsolosluk hitaben \u201dtercihen \u0130ngilizce yaz\u0131lm\u0131\u015f olan vize talep dilek\u00e7esi\u201d<\/span><br \/><span style=\"font-family: Roboto; font-size: 14px;\"><span style=\"color: #2acec2;\"><strong><a style=\"color: #2acec2;\" href=\"https:\/\/www.myvize.com.tr\/danimarka\/form-ve-dilekce\/danimarka-vize-basvuru-formu\/\" target=\"_blank\" rel=\"noopener\">Danimarka Vize ba\u015fvuru formu<\/a><\/strong><\/span> (tam ve do\u011fru doldurulan)<\/span><\/p>\r\n<h2><span style=\"font-family: Roboto; font-size: 27px;\"><strong>Danimarka Transit Vize nedir?<\/strong><\/span><\/h2>\r\n<p><span style=\"font-family: Roboto; font-size: 14px;\"><strong>Danimarka Transit Vize nedir<\/strong> transit vize k\u0131sa s\u00fcreli vize kategorisi aras\u0131nda yer almaktad\u0131r. Bu vizeyi almaktaki ama\u00e7, as\u0131l gidilecek \u00fclkeye ba\u015fka bir \u00fclke \u00fczerinden aktarmal\u0131 ge\u00e7i\u015f yapmay\u0131 sa\u011flamakt\u0131r. Danimarka transit vize de T\u00fcrkiye\u2019den yurt d\u0131\u015f\u0131 \u00fclkelerinden birisine Danimarka havaalan\u0131ndan aktarmal\u0131 olarak ge\u00e7i\u015f yapman\u0131z\u0131 sa\u011flar. \u00a0Danimarka\u2019da yakla\u015f\u0131k 24 saat boyunca belli bir s\u0131n\u0131r i\u00e7inde kalman\u0131z\u0131 sa\u011flayan transit vize ile Danimarka s\u0131n\u0131rlar\u0131 i\u00e7inde ba\u015fka bir eylemde bulunman\u0131z imkans\u0131zd\u0131r.\u00a0 Danimarka transit vize\u00a0\u00a0 \u00fclkede size serbest dola\u015fma hakk\u0131 vermemektedir. \u00a0\u00a0\u00a0\u00a0\u00a0\u00a0\u00a0\u00a0\u00a0\u00a0\u00a0\u00a0\u00a0\u00a0\u00a0\u00a0\u00a0\u00a0\u00a0\u00a0\u00a0\u00a0\u00a0\u00a0\u00a0\u00a0 <\/span><span style=\"font-family: Roboto; font-size: 14px;\"><strong>Danimarka transit vize alabilmek<\/strong> i\u00e7in \u00fclkenin belirledi\u011fi transit vize standartlar\u0131na uygun olman\u0131z gerekir. \u00a0Bu vizeyi almadan \u00f6nce as\u0131l gidece\u011finiz \u00fclkeye i\u00e7in seyahat amac\u0131n\u0131za uygun vize ba\u015fvurusunda bulunman\u0131z gerekmektedir. \u00a0E\u011fer gidece\u011finiz \u00fclke Schengen \u00fclkeleri aras\u0131nda yer al\u0131yorsa Danimarka transit vize alman\u0131z gerek yoktur. Bunun d\u0131\u015f\u0131nda diplomatik, hizmet ve hususi pasaportu olanlar da Danimarka vizeden muaf tutulmaktad\u0131r. Danimarka transit vize ba\u015fvurusunda bulunacak olanlar as\u0131l gidece\u011fi \u00fclkeye ait u\u00e7u\u015f bilgilerini beyan etmeleri gerekiyor.<\/span><\/p>\r\n<h2><span style=\"font-family: Roboto; font-size: 27px;\"><strong>Danimarka Transit Vize \u0130stiyor Mu?<\/strong><\/span><\/h2>\r\n<p><span style=\"font-family: Roboto; font-size: 14px;\"><strong>Danimarka Transit Vize istiyor mu,<\/strong> e\u011fer gidece\u011finiz \u00fclke Schengen \u00fclkesi de\u011filse ve Danimarka vize muafiyetiniz bulunmuyorsa, Danimarka \u00fczerinden ba\u015fka bir \u00fclkeye yapaca\u011f\u0131n\u0131z aktarmal\u0131 seyahatler i\u00e7in Danimarka transit vize talep etmektedir. \u00a0Danimarka transit vize alanlar transit vizesi s\u00fcresince\u00a0\u00a0 Danimarka transit b\u00f6lgeden ba\u015fka bir yere ayr\u0131lmamas\u0131 gerekmektedir. Danimarka transit vize al\u0131yor mu sorusu i\u00e7in verilecek en do\u011fru cevap asl\u0131nda Danimarka H\u00fck\u00fcmetinin vize muafiyeti bulunmayan T\u00fcrk vatanda\u015flar\u0131ndan\u00a0 \u00a0transit vize talebinde bulunmas\u0131d\u0131r. Danimarka transit vizesi, Danimarka h\u00fck\u00fcmetinin yetki verdi\u011fi vize i\u015flem merkezleri taraf\u0131ndan verilmektedir.<\/span><\/p>\r\n<ul>\r\n<li><span style=\"font-family: Roboto; font-size: 14px;\"><strong>Danimarka transit vize muafiyeti<\/strong> olanlar ise \u015funlard\u0131r;<\/span><\/li>\r\n<li><span style=\"font-family: Roboto; font-size: 14px;\">Diplomatik pasaport sahibi T\u00fcrk vatanda\u015f\u0131 Danimarka transit vizeden muaft\u0131r.<\/span><\/li>\r\n<li><span style=\"font-family: Roboto; font-size: 14px;\">Hususi pasaportu bulunan T\u00fcrk vatanda\u015flar\u0131\u00a0\u00a0\u00a0 Danimarka transit vizesinden muaft\u0131r\u00a0<\/span><\/li>\r\n<li><span style=\"font-family: Roboto; font-size: 14px;\">Hizmet pasaportu bulunan\u00a0\u00a0 T\u00fcrk vatanda\u015flar\u0131 Danimarka transit vizeden muaft\u0131r<\/span><\/li>\r\n<li><span style=\"font-family: Roboto; font-size: 14px;\">Schengen \u00fclke vatanda\u015flar\u0131 Danimarka transit vizesinden muaft\u0131r<\/span><\/li>\r\n<\/ul>\r\n<h2><span style=\"font-family: Roboto; font-size: 27px;\"><strong>Danimarka Transit Vize Veriyor Mu?<\/strong><\/span><\/h2>\r\n<p><span style=\"font-family: Roboto; font-size: 14px;\"><strong>Danimarka Transit Vize veriyor mu<\/strong>\u00a0sorusunun cevab\u0131 da evet olmaktad\u0131r. Vize muafiyeti bulunan \u00fclkelerin Danimarka transit ise almalar\u0131na gerek yoktur. Fakat vize muafiyeti bulunmayanlar\u0131n yurt d\u0131\u015f\u0131 seyahatlerinde Danimarka s\u0131n\u0131rlar\u0131ndan aktarmal\u0131 ge\u00e7i\u015f yapmalar\u0131 durumunda transit vize zorunlulu\u011fu vard\u0131r. Danimarka h\u00fck\u00fcmeti de transit ve almak durumunda olanlar\u0131 gerekli \u015fartlar\u0131 yerine getirmeleri halinde transit vermektedir.<\/span><\/p>\r\n<p><span style=\"font-family: Roboto; font-size: 14px;\"><strong>\u00a0 \u00a0Danimarka vize muafiyeti<\/strong> olan T\u00fcrk vatanda\u015flar\u0131n\u0131 \u00f6zellikleri yukar\u0131da anlatm\u0131\u015ft\u0131k. Danimarka transit vize ba\u015fvurular\u0131 vize dan\u0131\u015fman\u0131 firmalar\u0131 arac\u0131l\u0131\u011f\u0131 ile yap\u0131lmas\u0131 gerekir. \u00d6ncelikle transit vize ba\u015fvurusu formu doldurularak vize ba\u015fvuru merkezlerinden vize randevusu al\u0131nmas\u0131 gerekir.\u00a0 <strong>Danimarka transit vize randevusu<\/strong> tarihi ve g\u00fcn\u00fcde transit vize i\u00e7in gerekli belge ve evraklarla birlikte vize i\u015flem merkezlerinde bulunulmas\u0131 gerekir. \u00a0Randevu tarihine kadar transit vize i\u00e7in gerekli t\u00fcm evraklar eksiksiz bire \u015fekilde haz\u0131rlanmas\u0131 gerekir. Evraklar Danimarka vize temsilcili\u011fini istedi\u011fi \u015fekilde haz\u0131rlanmas\u0131 gerekmektedir. \u00a0<\/span><\/p>\r\n<h2><span style=\"font-family: Roboto; font-size: 27px;\"><strong>Danimarka Transit Vize Almak<\/strong><\/span><\/h2>\r\n<p><span style=\"font-family: Roboto; font-size: 14px;\">Danimarka i\u00e7in Transit Schengen Vize almak gereklidir. <strong>Danimarka vizesi<\/strong> uygulamas\u0131nda Schengen uluslararas\u0131 kural\u0131na ba\u011fl\u0131d\u0131r. \u0130ki \u00e7e\u015fit transfer vize sunuluyor denizci i\u00e7in transit schengen vize ve havaalan\u0131 transit schengen vize.<\/span><br \/><span style=\"font-family: Roboto; font-size: 14px;\">\u0130ki \u015fekilde gerekli olan evrak \u015funlard\u0131r.<\/span><br \/><span style=\"font-family: Roboto; font-size: 14px;\">2 adet biyometrik foto\u011fraf.<\/span><br \/><span style=\"font-family: Roboto; font-size: 14px;\">En az 180 g\u00fcnl\u00fck s\u00fcresi olan pasaport.<\/span><br \/><span style=\"font-family: Roboto; font-size: 14px;\">Konsolosluk hitaben \u201dtercihen \u0130ngilizce yaz\u0131lm\u0131\u015f olan vize talep dilek\u00e7esi\u201d<\/span><br \/><span style=\"font-family: Roboto; font-size: 14px;\"><strong>Danimarka Vize ba\u015fvuru formu<\/strong> (tam ve do\u011fru doldurulan)<\/span><br \/><span style=\"font-family: Roboto; font-size: 14px;\">Danimarka\u2019ya seyahat edecek i\u00e7in farkl\u0131 vize t\u00fcr\u00fc bulunmaktad\u0131r. Seyahat ama\u00e7lar\u0131na g\u00f6re bir Schengen vizesi ba\u015fvurmak gerekli. Danimarka ziyaret amac\u0131 e\u011fitim ya da \u00e7al\u0131\u015fmaya ba\u011fl\u0131 olabilir. Yada sadece bu \u00fclkede ge\u00e7iyorsan\u0131z bir ya da birka\u00e7 g\u00fcn i\u00e7in transit vize almak isteyebiliyorsunuz.<\/span><br \/><span style=\"font-family: Roboto; font-size: 14px;\">Danimarka 2001 y\u0131l\u0131ndan itibaren Avrupa Birli\u011fe \u00fcye devletdir. Schengen i\u00e7in<strong> Danimarka vizesi ba\u015fvuru<\/strong> yapabilirsiniz. Schengen vize AEA ya da Avrupa Birli\u011fi denilen Avrupa devleti aras\u0131nda, vizesiz seyahat etme kaps\u0131yor. E\u011fer yolculuk plan\u0131n\u0131z bir \u00fclkeye gidip o \u00fclkede ba\u015fka bir ara\u00e7 ile aktarma olarak yolculu\u011fa devam etme varsa transit vizesi al\u0131rs\u0131n\u0131z.<strong> Danimarka Transit vize<\/strong> ya da kap\u0131da vize uygulamas\u0131n\u0131 yaln\u0131zca k\u0131sa d\u00f6nem i\u00e7in o \u00fclkede bulunman\u0131z olanak veren vize \u00e7e\u015fididir. \u00c7o\u011funluk ile birka\u00e7 g\u00fcn i\u00e7in ge\u00e7erli baz\u0131 durumda da 1 g\u00fcn i\u00e7erisinde havaalan\u0131nda ayr\u0131lman\u0131z beklenir. Baz\u0131 devlet havaalan\u0131ndan \u00e7\u0131kmad\u0131\u011f\u0131n\u0131z s\u00fcrece vize talebi etmezler. Uygulama \u00fclkeden \u00fclkeye de\u011fi\u015fiklik g\u00f6sterebilmektedir.<\/span><\/p>\r\n<p><span style=\"font-family: Roboto; font-size: 14px;\"> <img decoding=\"async\" src=\"https:\/\/www.myvize.com.tr\/danimarka\/wp-content\/uploads\/2021\/10\/34.jpg\" \/> <\/span><\/p>\r\n<h3><span style=\"font-family: Roboto; font-size: 24px;\"><strong>Danimarka Transit Vize \u0130\u015flemleri<\/strong><\/span><\/h3>\r\n<p><span style=\"font-family: Roboto; font-size: 14px;\">\r\n\r\n<\/span><\/p>\r\n<p><span style=\"font-family: Roboto; font-size: 14px;\">Danimarka \u00fczerinden yap\u0131lan aktarmal\u0131 u\u00e7u\u015flarda ki\u015filerin transit vize almas\u0131 zorunlu tutulmaktad\u0131r. Bununla birlikte ba\u015fvuru formunuzu transit vizeye uygun olarak haz\u0131rlaman\u0131z da gereklidir. Buna ek olarak pasaport ve iki tane biyometrik foto\u011fraf dosyada yer almal\u0131d\u0131r. Bu evraklar yan\u0131nda haz\u0131rlanmas\u0131 gereken belgeler yan\u0131nda vize talep dilek\u00e7eniz de olmal\u0131d\u0131r. Dilek\u00e7enizin mutlaka \u0131slak imzal\u0131, tarihli ve antentli ka\u011f\u0131da yaz\u0131lm\u0131\u015f olmas\u0131 gerekir.<\/span><\/p>\r\n<p><span style=\"font-family: Roboto; font-size: 14px;\">\r\n\r\n<\/span><\/p>\r\n<p><span style=\"font-family: Roboto; font-size: 14px;\">Tam vukuatl\u0131 n\u00fcfus kay\u0131t \u00f6rne\u011fi, u\u00e7ak bileti rezervasyonu, <strong>seyahat sa\u011fl\u0131k sigortas\u0131<\/strong> da istenilen belgeler aras\u0131nda bulunuyor. E\u011fer kendi arac\u0131n\u0131z ile seyahat edecekseniz ehliyetinizin de uluslararas\u0131 alanda ge\u00e7erli olmas\u0131 gereklidir. Vize i\u015flemlerinin eksiksiz olarak yap\u0131lmas\u0131 son derece \u00f6nemlidir.<\/span><\/p>\r\n<p><span style=\"font-family: Roboto;\"><\/span><\/p>","protected":false},"excerpt":{"rendered":"<p>Danimarka \u00fclkesinden aktarmal\u0131 olarak ya da kendi arac\u0131n\u0131z ile ge\u00e7mek durumunda kald\u0131\u011f\u0131n\u0131zda alaca\u011f\u0131n\u0131z vize t\u00fcr\u00fc transit vizedir.\u00a0Danimarka transit vize\u00a0k\u0131sa s\u00fcreli vize t\u00fcrleri aras\u0131nda yer almaktad\u0131r. Bu vizeyi alabilmek i\u00e7in her belgenin g\u00fcncel ve zamanl\u0131 olmas\u0131 gereklidir. \u00d6rne\u011fin pasaportunuzun mutlaka seyahat sonras\u0131nda da ge\u00e7erli olmas\u0131 gereklidir. Baz\u0131 \u00fclkeler 12 saate kadar olan s\u00fcreler i\u00e7in transit vize<\/p>\n","protected":false},"author":1,"featured_media":0,"parent":0,"menu_order":0,"comment_status":"open","ping_status":"closed","template":"","meta":{"footnotes":""},"class_list":["post-318","page","type-page","status-publish","hentry"],"yoast_head":"<!-- This site is optimized with the Yoast SEO plugin v24.0 - https:\/\/yoast.com\/wordpress\/plugins\/seo\/ -->\n<title>Danimarka Transit Vize - MyVize Vize Ba\u015fvuru Merkezi<\/title>\n<meta name=\"description\" content=\"Danimarka transit vizesi i\u00e7in gerekli evraklar. Danimarka transit vize ba\u015fvuru i\u015flemleri. Danimarka transit vize s\u00fcresi ka\u00e7 g\u00fcnde \u00e7\u0131kar?\" \/>\n<meta name=\"robots\" content=\"index, follow, max-snippet:-1, max-image-preview:large, max-video-preview:-1\" \/>\n<link rel=\"canonical\" href=\"https:\/\/www.myvize.com.tr\/danimarka\/danimarka-transit-vize\/\" \/>\n<meta property=\"og:locale\" content=\"tr_TR\" \/>\n<meta property=\"og:type\" content=\"article\" \/>\n<meta property=\"og:title\" content=\"Danimarka Transit Vize - MyVize Vize Ba\u015fvuru Merkezi\" \/>\n<meta property=\"og:description\" content=\"Danimarka transit vizesi i\u00e7in gerekli evraklar. Danimarka transit vize ba\u015fvuru i\u015flemleri. Danimarka transit vize s\u00fcresi ka\u00e7 g\u00fcnde \u00e7\u0131kar?\" \/>\n<meta property=\"og:url\" content=\"https:\/\/www.myvize.com.tr\/danimarka\/danimarka-transit-vize\/\" \/>\n<meta property=\"og:site_name\" content=\"Danimarka Vizesi\" \/>\n<meta property=\"article:modified_time\" content=\"2023-02-05T16:53:23+00:00\" \/>\n<meta property=\"og:image\" content=\"https:\/\/www.myvize.com.tr\/danimarka\/wp-content\/uploads\/2021\/10\/34.jpg\" \/>\n<meta name=\"twitter:card\" content=\"summary_large_image\" \/>\n<meta name=\"twitter:label1\" content=\"Tahmini okuma s\u00fcresi\" \/>\n\t<meta name=\"twitter:data1\" content=\"5 dakika\" \/>\n<script type=\"application\/ld+json\" class=\"yoast-schema-graph\">{\"@context\":\"https:\/\/schema.org\",\"@graph\":[{\"@type\":\"WebPage\",\"@id\":\"https:\/\/www.myvize.com.tr\/danimarka\/danimarka-transit-vize\/\",\"url\":\"https:\/\/www.myvize.com.tr\/danimarka\/danimarka-transit-vize\/\",\"name\":\"Danimarka Transit Vize - MyVize Vize Ba\u015fvuru Merkezi\",\"isPartOf\":{\"@id\":\"https:\/\/www.myvize.com.tr\/danimarka\/#website\"},\"primaryImageOfPage\":{\"@id\":\"https:\/\/www.myvize.com.tr\/danimarka\/danimarka-transit-vize\/#primaryimage\"},\"image\":{\"@id\":\"https:\/\/www.myvize.com.tr\/danimarka\/danimarka-transit-vize\/#primaryimage\"},\"thumbnailUrl\":\"https:\/\/www.myvize.com.tr\/danimarka\/wp-content\/uploads\/2021\/10\/34.jpg\",\"datePublished\":\"2021-06-19T09:00:00+00:00\",\"dateModified\":\"2023-02-05T16:53:23+00:00\",\"description\":\"Danimarka transit vizesi i\u00e7in gerekli evraklar. Danimarka transit vize ba\u015fvuru i\u015flemleri. Danimarka transit vize s\u00fcresi ka\u00e7 g\u00fcnde \u00e7\u0131kar?\",\"breadcrumb\":{\"@id\":\"https:\/\/www.myvize.com.tr\/danimarka\/danimarka-transit-vize\/#breadcrumb\"},\"inLanguage\":\"tr\",\"potentialAction\":[{\"@type\":\"ReadAction\",\"target\":[\"https:\/\/www.myvize.com.tr\/danimarka\/danimarka-transit-vize\/\"]}]},{\"@type\":\"ImageObject\",\"inLanguage\":\"tr\",\"@id\":\"https:\/\/www.myvize.com.tr\/danimarka\/danimarka-transit-vize\/#primaryimage\",\"url\":\"https:\/\/www.myvize.com.tr\/danimarka\/wp-content\/uploads\/2021\/10\/34.jpg\",\"contentUrl\":\"https:\/\/www.myvize.com.tr\/danimarka\/wp-content\/uploads\/2021\/10\/34.jpg\",\"width\":800,\"height\":500,\"caption\":\"Danimarka Transit Vize\"},{\"@type\":\"BreadcrumbList\",\"@id\":\"https:\/\/www.myvize.com.tr\/danimarka\/danimarka-transit-vize\/#breadcrumb\",\"itemListElement\":[{\"@type\":\"ListItem\",\"position\":1,\"name\":\"Anasayfa\",\"item\":\"https:\/\/www.myvize.com.tr\/danimarka\/\"},{\"@type\":\"ListItem\",\"position\":2,\"name\":\"Danimarka Transit Vize\"}]},{\"@type\":\"WebSite\",\"@id\":\"https:\/\/www.myvize.com.tr\/danimarka\/#website\",\"url\":\"https:\/\/www.myvize.com.tr\/danimarka\/\",\"name\":\"Danimarka Vizesi\",\"description\":\"\",\"potentialAction\":[{\"@type\":\"SearchAction\",\"target\":{\"@type\":\"EntryPoint\",\"urlTemplate\":\"https:\/\/www.myvize.com.tr\/danimarka\/?s={search_term_string}\"},\"query-input\":{\"@type\":\"PropertyValueSpecification\",\"valueRequired\":true,\"valueName\":\"search_term_string\"}}],\"inLanguage\":\"tr\"}]}<\/script>\n<!-- \/ Yoast SEO plugin. -->","yoast_head_json":{"title":"Danimarka Transit Vize - MyVize Vize Ba\u015fvuru Merkezi","description":"Danimarka transit vizesi i\u00e7in gerekli evraklar. Danimarka transit vize ba\u015fvuru i\u015flemleri. Danimarka transit vize s\u00fcresi ka\u00e7 g\u00fcnde \u00e7\u0131kar?","robots":{"index":"index","follow":"follow","max-snippet":"max-snippet:-1","max-image-preview":"max-image-preview:large","max-video-preview":"max-video-preview:-1"},"canonical":"https:\/\/www.myvize.com.tr\/danimarka\/danimarka-transit-vize\/","og_locale":"tr_TR","og_type":"article","og_title":"Danimarka Transit Vize - MyVize Vize Ba\u015fvuru Merkezi","og_description":"Danimarka transit vizesi i\u00e7in gerekli evraklar. Danimarka transit vize ba\u015fvuru i\u015flemleri. Danimarka transit vize s\u00fcresi ka\u00e7 g\u00fcnde \u00e7\u0131kar?","og_url":"https:\/\/www.myvize.com.tr\/danimarka\/danimarka-transit-vize\/","og_site_name":"Danimarka Vizesi","article_modified_time":"2023-02-05T16:53:23+00:00","og_image":[{"url":"https:\/\/www.myvize.com.tr\/danimarka\/wp-content\/uploads\/2021\/10\/34.jpg","type":"","width":"","height":""}],"twitter_card":"summary_large_image","twitter_misc":{"Tahmini okuma s\u00fcresi":"5 dakika"},"schema":{"@context":"https:\/\/schema.org","@graph":[{"@type":"WebPage","@id":"https:\/\/www.myvize.com.tr\/danimarka\/danimarka-transit-vize\/","url":"https:\/\/www.myvize.com.tr\/danimarka\/danimarka-transit-vize\/","name":"Danimarka Transit Vize - MyVize Vize Ba\u015fvuru Merkezi","isPartOf":{"@id":"https:\/\/www.myvize.com.tr\/danimarka\/#website"},"primaryImageOfPage":{"@id":"https:\/\/www.myvize.com.tr\/danimarka\/danimarka-transit-vize\/#primaryimage"},"image":{"@id":"https:\/\/www.myvize.com.tr\/danimarka\/danimarka-transit-vize\/#primaryimage"},"thumbnailUrl":"https:\/\/www.myvize.com.tr\/danimarka\/wp-content\/uploads\/2021\/10\/34.jpg","datePublished":"2021-06-19T09:00:00+00:00","dateModified":"2023-02-05T16:53:23+00:00","description":"Danimarka transit vizesi i\u00e7in gerekli evraklar. Danimarka transit vize ba\u015fvuru i\u015flemleri. Danimarka transit vize s\u00fcresi ka\u00e7 g\u00fcnde \u00e7\u0131kar?","breadcrumb":{"@id":"https:\/\/www.myvize.com.tr\/danimarka\/danimarka-transit-vize\/#breadcrumb"},"inLanguage":"tr","potentialAction":[{"@type":"ReadAction","target":["https:\/\/www.myvize.com.tr\/danimarka\/danimarka-transit-vize\/"]}]},{"@type":"ImageObject","inLanguage":"tr","@id":"https:\/\/www.myvize.com.tr\/danimarka\/danimarka-transit-vize\/#primaryimage","url":"https:\/\/www.myvize.com.tr\/danimarka\/wp-content\/uploads\/2021\/10\/34.jpg","contentUrl":"https:\/\/www.myvize.com.tr\/danimarka\/wp-content\/uploads\/2021\/10\/34.jpg","width":800,"height":500,"caption":"Danimarka Transit Vize"},{"@type":"BreadcrumbList","@id":"https:\/\/www.myvize.com.tr\/danimarka\/danimarka-transit-vize\/#breadcrumb","itemListElement":[{"@type":"ListItem","position":1,"name":"Anasayfa","item":"https:\/\/www.myvize.com.tr\/danimarka\/"},{"@type":"ListItem","position":2,"name":"Danimarka Transit Vize"}]},{"@type":"WebSite","@id":"https:\/\/www.myvize.com.tr\/danimarka\/#website","url":"https:\/\/www.myvize.com.tr\/danimarka\/","name":"Danimarka Vizesi","description":"","potentialAction":[{"@type":"SearchAction","target":{"@type":"EntryPoint","urlTemplate":"https:\/\/www.myvize.com.tr\/danimarka\/?s={search_term_string}"},"query-input":{"@type":"PropertyValueSpecification","valueRequired":true,"valueName":"search_term_string"}}],"inLanguage":"tr"}]}},"_links":{"self":[{"href":"https:\/\/www.myvize.com.tr\/danimarka\/wp-json\/wp\/v2\/pages\/318","targetHints":{"allow":["GET"]}}],"collection":[{"href":"https:\/\/www.myvize.com.tr\/danimarka\/wp-json\/wp\/v2\/pages"}],"about":[{"href":"https:\/\/www.myvize.com.tr\/danimarka\/wp-json\/wp\/v2\/types\/page"}],"author":[{"embeddable":true,"href":"https:\/\/www.myvize.com.tr\/danimarka\/wp-json\/wp\/v2\/users\/1"}],"replies":[{"embeddable":true,"href":"https:\/\/www.myvize.com.tr\/danimarka\/wp-json\/wp\/v2\/comments?post=318"}],"version-history":[{"count":8,"href":"https:\/\/www.myvize.com.tr\/danimarka\/wp-json\/wp\/v2\/pages\/318\/revisions"}],"predecessor-version":[{"id":831,"href":"https:\/\/www.myvize.com.tr\/danimarka\/wp-json\/wp\/v2\/pages\/318\/revisions\/831"}],"wp:attachment":[{"href":"https:\/\/www.myvize.com.tr\/danimarka\/wp-json\/wp\/v2\/media?parent=318"}],"curies":[{"name":"wp","href":"https:\/\/api.w.org\/{rel}","templated":true}]}}