{"id":90,"date":"2020-11-30T13:06:29","date_gmt":"2020-11-30T10:06:29","guid":{"rendered":"https:\/\/www.myvize.com.tr\/danimarka\/?page_id=90"},"modified":"2022-04-04T16:03:06","modified_gmt":"2022-04-04T13:03:06","slug":"gaziantep-fahri-konsoloslugu","status":"publish","type":"page","link":"https:\/\/www.myvize.com.tr\/danimarka\/konsolosluklar\/gaziantep-fahri-konsoloslugu\/","title":{"rendered":"Danimarka Gaziantep Konsoloslu\u011fu"},"content":{"rendered":"<h2><strong><span style=\"font-family: Roboto; font-size: 27px;\">Danimarka Gaziantep Konsoloslu\u011fu Hakk\u0131nda<\/span><\/strong><\/h2>\n<p><span style=\"font-family: Roboto; font-size: 14px;\"><strong>Danimarka Gaziantep Fahri Konsoloslu\u011fu<\/strong> ile bir\u00e7ok vize i\u015fleminizi rahat \u015fekilde halledebilirsiniz.<strong> Danimarka Konsoloslu\u011fu Gaziantep<\/strong> y\u00f6n\u00fcnde iki tarafl\u0131 bir g\u00f6rev edinir. Ayr\u0131ca \u00fclkemiz ad\u0131na olan Danimarka ilgisini peki\u015ftirir. Konsolosluk bunun yan\u0131 s\u0131ra k\u00fclt\u00fcrel bazda olan ileti\u015fimin geli\u015ftirilmesi konusunda da aktif olarak rol sahibidir diyebiliriz. Yerel bas\u0131nla olan ileti\u015fimi sa\u011flamaktad\u0131r. Gaziantep \u015fehrindeki <strong>Danimarka Konsoloslu\u011fu\u2019nun<\/strong> T\u00fcrkiye temsilcisi \u015eebnem Ayata Kaplan olmaktad\u0131r. Telefon numaras\u0131 ise +90 342 321 60 10 olmaktad\u0131r. Dilerseniz sefkap@umgate.dk e-mail adresinden de ula\u015fabilirsiniz. Konsoloslu\u011fun \u00e7al\u0131\u015fma saatleri ise haberiniz olmadan de\u011fi\u015febilmektedir. Bu nedenle gelmeden evvel saatleri kontrol etmek ama\u00e7l\u0131 arama yapabilirsiniz. G\u00fcn\u00fcm\u00fczde her konsolosluk ziyaret etmeden evvel randevu alman\u0131z\u0131 talep ediyor. \u00c7o\u011fu zaman randevular <strong>e-mail<\/strong> ve <strong>telefon<\/strong> yoluyla al\u0131n\u0131yor. \u015eayet Gaziantep \u015fehrindeki Danimarka Konsoloslu\u011fu\u2019nda bir i\u015finiz varsa resmi web sitesi \u00fczerinden de daha detayl\u0131 bilgi alabilirsiniz. Gaziantep\u2019in \u00e7evre illerinde ya\u015f\u0131yorsan\u0131z da buraya gelerek destek alabiliyorsunuz. Fakat kendi ilinizde zaten halihaz\u0131rda bir konsolosluk yer al\u0131yorsa Gaziantep\u2019e gelmenize gerek yoktur, i\u015flemlerinizi oradan da halledebilirsiniz.<\/span><\/p>\n<h2><strong><span style=\"font-family: Roboto; font-size: 27px;\">Danimarka Gaziantep Konsolosu Kimdir?<\/span><\/strong><\/h2>\n<p><span style=\"font-family: Roboto; font-size: 14px;\">Av. \u015eEF\u0130KA \u015eEBNEM AYATA KAPLAN<\/span><br \/>\n<span style=\"font-family: Roboto; font-size: 14px;\">1965 Gaziantep do\u011fumlu. 1983 y\u0131l\u0131nda Gaziantep Anadolu Lisesi bitirdikten sonra 1988<\/span><br \/>\n<span style=\"font-family: Roboto; font-size: 14px;\">y\u0131l\u0131nda Ankara \u00dcniversitesi Hukuk Fak\u00fcltesi B\u00f6l\u00fcm\u00fcnde mezun olmu\u015ftur. \u0130leri derecede \u0130ngilizce bilmekte. Evlidir. \u015eirket Hukuku, \u0130dare Hukuk, Aile Hukuk, G\u00f6\u00e7 ve Yabanc\u0131 Hukuku, Ticaret Hukuk, \u0130\u015f Hukuku ve Bor\u00e7lar Hukuk konusunda mesleki faaliyetde bulunmaktad\u0131r. Halen 1989 y\u0131l\u0131nda itibaren Gaziantep\u2019te serbest avukatl\u0131k faaliyete devam etmektedir. Meslek d\u0131\u015f\u0131 faaliyet konusunda (1993-1995) \u00c7a\u011fda\u015f Ya\u015fam\u0131 Destekleme<\/span><br \/>\n<span style=\"font-family: Roboto; font-size: 14px;\">Derneki Gaziantep \u015eube \u00dcyeli\u011fi, (2001-2003) Gaziantep Kul\u00fcb\u00fc Dernek \u00dcyeli\u011fi, (2007- 2011) Gaziantep Barosu Disiplin Kurul \u00dcyeli\u011fi yapm\u0131\u015ft\u0131r.2016 y\u0131l\u0131nda itibaren Gaziantep Baro \u00c7ocuk Haklar\u0131 Merkezi \u00dcyelik ve 2015 y\u0131l\u0131ndan bu yana da Danimarka Krall\u0131k Gaziantep Fahri Konsolosluku g\u00f6revini s\u00fcrd\u00fcrmektedir.<\/span><\/p>\n<h3><strong><span style=\"font-family: Roboto; font-size: 24px;\">Danimarka Gaziantep Konsoloslu\u011fu Vize \u0130\u015flemleri<\/span><\/strong><\/h3>\n<p><span style=\"font-family: Roboto; font-size: 14px;\">Danimarka\u2019ya seyahat edecek olan ki\u015fi seyahatlerini ger\u00e7ekle\u015ftirmek i\u00e7in Gaziantep konsoloslu\u011fundan vize almal\u0131d\u0131r. Danimarka vize alacak olan ki\u015fi, <strong>Danimarka vize<\/strong> i\u015flemini ara\u015ft\u0131rmaktad\u0131r. Bu yaz\u0131 da Danimarka vize alacak olan ki\u015fi i\u00e7in Danimarka vize i\u015flemi hakk\u0131nda bilgi verilmi\u015ftir.<\/span><br \/>\n<span style=\"font-family: Roboto; font-size: 14px;\">Danimarka vize alacak olan ki\u015fi, \u00f6ncelikle Danimarka vize t\u00fcr\u00fc belirlemelidir. <span style=\"color: #2acec2;\"><strong><a style=\"color: #2acec2;\" href=\"https:\/\/www.myvize.com.tr\/danimarka\/vize-islemleri\/danimarka-schengen-vizesi\/\" target=\"_blank\" rel=\"noopener\">Danimarka Schengen vizesi <\/a><\/strong><\/span>ba\u015fvurusu Danimarka vize ba\u015fvuru merkezine, Ulusal vizesi ba\u015fvurular\u0131 ise Danimarka Gaziantep konsoloslu\u011funa yap\u0131lmal\u0131d\u0131r. Danimarka vize t\u00fcr\u00fc belirleyen ki\u015fi, Danimarka vizesi ba\u015fvurusu yapaca\u011f\u0131 yerden Danimarka vizesi randevusu almal\u0131d\u0131r. Danimarka vizesi randevusu alan ki\u015fi, Danimarka vizesi randevusu tarihe kadar gerekli olan vize evrak\u0131n\u0131 haz\u0131rlamal\u0131d\u0131r.<\/span><br \/>\n<span style=\"font-family: Roboto; font-size: 14px;\">Haz\u0131rlanan <strong>Danimarka vizesi evraklar\u0131<\/strong>, Danimarka vize randevu tarihinde Gaziantep konsoloslu\u011funa teslim edilmelidir.<\/span><br \/>\n<span style=\"font-family: Roboto; font-size: 14px;\">Danimarka vize ba\u015fvurusunu inceleme yetkisi T\u00fcrkiye\u2019de bulunan Danimarka temsilcili\u011fine aittir. <strong>Danimarka vizesi<\/strong> ba\u015fvuru ortalama olarak 1 hafta ila 4 hafta aras\u0131nda sonu\u00e7lanmakta.<\/span><br \/>\n<span style=\"font-family: Roboto; font-size: 14px;\"><strong>Danimarka vizesi ba\u015fvurusu<\/strong> yapacak olan ki\u015fi, Danimarka seyahat amac\u0131 Danimarka Gaziantep konsoloslu\u011funa evrak ile kan\u0131tlamal\u0131d\u0131r. Danimarka vizesi ba\u015fvuru i\u00e7in istenen evrak birbiri ile uyu\u015fmal\u0131d\u0131r. Ba\u015fvuru yapacak olan ki\u015fi, Danimarka\u2019da bulundu\u011fu s\u00fcre boyunca seyahati masraf\u0131n\u0131 kar\u015f\u0131layacak ekonomik durumu olmas\u0131 gerekmekte.<\/span><\/p>\n<h2><strong><span style=\"font-family: Roboto; font-size: 27px;\">Danimarka Gaziantep Konsoloslu\u011fu Vize Ba\u015fvurusu<\/span><\/strong><\/h2>\n<p><span style=\"font-family: Roboto; font-size: 14px;\"><strong>Danimarka vize<\/strong> ba\u015fvurusuna buluncak olan ki\u015fi seyahat amac\u0131na g\u00f6re ba\u015fvursunu farkl\u0131 yere yapabilir. Danimarka vizesi ba\u015fvurusu a\u015fa\u011f\u0131daki yere yap\u0131labilmekte.<\/span><br \/>\n<span style=\"font-family: Roboto; font-size: 14px;\">90 g\u00fcn ge\u00e7meyen k\u0131sa s\u00fcre <strong>Danimarka vizesi ba\u015fvurusu<\/strong> Danimarka vizesi Gaziantep konsoloslu\u011fun ba\u015fvuru merkezine yap\u0131lmal\u0131. Ba\u015fvuru yapacak olan ki\u015fi \u00fczerinde yap\u0131lmal\u0131d\u0131r.<\/span><br \/>\n<span style=\"font-family: Roboto; font-size: 14px;\">90 g\u00fcn ge\u00e7en <strong>Danimarka vizesi ba\u015fvurusu<\/strong> ise Danimarka\u2019n\u0131n Gaziantep konsoloslu\u011fu, T\u00fcrkiyedeki temsilcili\u011fine yap\u0131lmal\u0131.<\/span><br \/>\n<span style=\"font-family: Roboto; font-size: 14px;\">Her 2 ba\u015fvuruda da ba\u015fvurusu de\u011ferlendirme yetkisi Danimarka Konsoloslu\u011funa aittir.<\/span><br \/>\n<span style=\"font-family: Roboto; font-size: 14px;\">Danimarka vize ba\u015fvuru i\u015flemleri yapacak olan ki\u015fi i\u015flemini randevu alarak ger\u00e7ekle\u015ftirmeli. Ba\u015fvuru yapacak olan ki\u015fi gerekli olan belgeyi eksiksiz olarak haz\u0131rlamal\u0131. Ba\u015fvuru s\u00fcrecinde kimse imtiyaz veya \u00a0ayr\u0131cal\u0131k tan\u0131nmamakta. <strong>Danimarka vizesi ba\u015fvurusu<\/strong> da bulunurken Gaziantep konsoloslu\u011fundan destek alabilirsiniz.<\/span><br \/>\n<span style=\"font-family: Roboto; font-size: 14px;\"><strong>Danimarka vizesi<\/strong> ba\u015fvurusu yapan ki\u015finin Seyahat Sa\u011fl\u0131k Sigortas\u0131n\u0131 yapt\u0131rmas\u0131 gerekmekte. Ayr\u0131ca ba\u015fvuru sahiblerinin Danimarka seyahat masraf\u0131n\u0131 kar\u015f\u0131layabilece\u011fi gerekli belge ile kan\u0131tlamal\u0131. Ba\u015fvuru sahiblerinin ayr\u0131ca adli sicil kayd\u0131 sunmas\u0131 gerekmekte ve sicilinin temiz olmas\u0131 gerekmekte.<\/span><br \/>\n<span style=\"font-family: Roboto; font-size: 14px;\"><strong>Danimarka vizesi ba\u015fvuru<\/strong> i\u00e7in istenen belge eksiksiz olmal\u0131. Eksik belgeden dolay\u0131 vize ba\u015fvuru reddedilmekte. Bilerek hatal\u0131 belgeler \u00a0sunulmas\u0131 bir su\u00e7 unsurudur.<\/span><\/p>\n<h3><span style=\"font-size: 24px;\"><strong><span style=\"font-family: Roboto;\">Danimarka Gaziantep Konsoloslu\u011fu Vize Randevusu<\/span><\/strong><\/span><\/h3>\n<p><span style=\"font-family: Roboto; font-size: 14px;\"><strong>Danimarkaya seyahat edecek<\/strong> olan ki\u015fi seyahatini ger\u00e7ekle\u015ftirmek i\u00e7in vize almal\u0131. Danimarka vize alacak olan ki\u015finin vize ba\u015fvurusunu yerine getirebilme i\u00e7in randevu almalar\u0131 gerekmektedir. <strong>Danimarka vizesi ba\u015fvuru<\/strong> i\u00e7in randevu alacak olan ki\u015fi, randevu i\u015flemini merak etmekte. Bu yaz\u0131da Danimarka vizesi ba\u015fvurusu yapacak olan ki\u015fi i\u00e7in Danimarka vize randevusu hakk\u0131nda bilgiler verilmi\u015ftir.<\/span><br \/>\n<span style=\"font-family: Roboto; font-size: 14px;\">Danimarka vizesi ba\u015fvurusu i\u00e7in randevu al\u0131nmal\u0131. Danimarka\u2019ya 90 g\u00fcnde daha k\u0131sa s\u00fcreli i\u00e7in seyahat edecek olan ki\u015finin Danimarka k\u0131sa s\u00fcre vize almas\u0131 gerekmekte. K\u0131sa s\u00fcre<strong> Danimarka vize ba\u015fvurusu<\/strong> Gaziantep konsoloslu\u011fu vize ba\u015fvuru merkezine yap\u0131lmaktad\u0131r. Ba\u015fvuru i\u00e7in<strong> Danimarka vize randevu<\/strong> da Gaziantep konsoloslu\u011fu \u00fczerinden al\u0131nmal\u0131. Gaziantep konsoloslu\u011fu \u00fczerinden randevu alacak olan ki\u015fi, Gaziantep \u00a0konsoloslu\u011fu internet site \u00fczerinden randevu alabilir.<\/span><br \/>\n<span style=\"font-family: Roboto; font-size: 14px;\">Uzun s\u00fcre olarak yani 90 g\u00fcnde daha fazla s\u00fcre i\u00e7in Danimarkaya seyahat edecek olan ki\u015fi, <strong>Danimarka vizesi<\/strong> ba\u015fvurusunu Danimarka\u2019n\u0131n Gaziantep konsoloslu\u011fu T\u00fcrkiyedeki temsilcili\u011fine yap\u0131lmal\u0131d\u0131r. Randevu ise Danimarka temsilcili\u011finden al\u0131nmal\u0131d\u0131r. <strong>Danimarka vizesi<\/strong> randevu <strong>Danimarka Gaziantep konsoloslu\u011fu<\/strong>, temsilcilikleri ile ileti\u015fime ge\u00e7ilerek al\u0131nabilir.<\/span><br \/>\n<span style=\"font-family: Roboto; font-size: 14px;\">Danimarka vizesi randevusu bizzat kat\u0131lma gerekmektedir. Randevu tarihi ka\u00e7\u0131ran ki\u015fi i\u015flemi yap\u0131lmayabilir.<\/span><\/p>\n<h3><strong><span style=\"font-family: Roboto; font-size: 24px;\">Danimarka Gaziantep Konsoloslu\u011fu Adres Ve \u0130leti\u015fim Bilgileri<\/span><\/strong><\/h3>\n<p><span style=\"font-family: Roboto; font-size: 14px;\">Telefon numaras\u0131: 0850 346 84 93<\/span><br \/>\n<span style=\"font-family: Roboto; font-size: 14px;\">E posta: sefkap@umgate.dk<\/span><br \/>\n<span style=\"font-family: Roboto; font-size: 14px;\">Web sitesi: tyrkiet.um.dk<\/span><br \/>\n<span style=\"font-family: Roboto; font-size: 14px;\">Konsolos: Sebnem Ayata Kaplan<\/span><br \/>\n<span style=\"font-family: Roboto; font-size: 14px;\">\u00c7al\u0131\u015fma Saatleri: Pazartesi \u2013 Cuma, 08.30 \u2013 17.00 saatleri aras\u0131nda konsolosluk i\u015flemleri ger\u00e7ekle\u015fmektedir. Randevular Danimarka Gaziantep temsilcili\u011finden al\u0131nmal\u0131d\u0131r. <strong>Danimarka vizesi<\/strong>, randevusu<strong> Danimarka Gaziantep konsoloslu\u011fu<\/strong> ya da \u00a0temsilcilikler ile ileti\u015fime ge\u00e7ilerek al\u0131nabilir.<\/span><br \/>\n<span style=\"font-family: Roboto; font-size: 14px;\"><strong>Danimarka vizesi randevusu<\/strong> bizzat kat\u0131lma gerekmektedir. Randevu tarihi ka\u00e7\u0131ran ki\u015fi i\u015flemi yap\u0131lmayabilir.<\/span><br \/>\n<span style=\"font-family: Roboto; font-size: 14px;\">Danimarka Gaziantep Fahri Konsoloslu\u011fu Adres : Fatih Mahallesi &#8211; Fevzi Cakmak Bulvari &#8211; 220 04 nolu Sokak Kurtulus Apt. Etage: 2 Lejlighed: 3 Sehitkamil &#8211; Gaziantep &#8211; Turkey<\/span><br \/>\n<span style=\"font-family: Roboto; font-size: 14px;\">Danimarka Konsoloslu\u011fu,Gaziantep\u2019da iki y\u00f6nl\u00fc bir \u00a0g\u00f6rev vard\u0131r ve T\u00fcrkiye\u2019ya olan Danimarka ilgisini desteklemektedir.<\/span><br \/>\n<span style=\"font-family: Roboto; font-size: 14px;\">Konsolosluk ayr\u0131ca, k\u00fclt\u00fcrel ili\u015fkinin geli\u015ftirilmesine \u00f6nemli bir rol oynar ve yerel bas\u0131n\u0131 ile ileti\u015fimi sa\u011flar<\/span><br \/>\n<span style=\"font-family: Roboto; font-size: 14px;\"><strong>Gaziantep&#8217;deki Danimarka Konsoloslu\u011fu<\/strong>, T\u00fcrkiye Konsolosu Sebnem Ayata Kaplan taraf\u0131nda y\u00f6netilmektedir. 2015 y\u0131l\u0131ndan bu yana da Danimarka Krall\u0131k Gaziantep Fahri Konsolosluku g\u00f6revini s\u00fcrd\u00fcrmektedir.<\/span><\/p>\n<p><span style=\"font-family: Roboto; font-size: 14px;\"><span style=\"color: #2acec2;\"><strong><a style=\"color: #2acec2;\" href=\"https:\/\/www.myvize.com.tr\/danimarka\/vize-islemleri\/danimarka-vize-randevusu\/\" target=\"_blank\" rel=\"noopener\">Danimarka Vize Randevusu <\/a><\/strong><\/span>ile ilgili bilgi almak i\u00e7in bizi aray\u0131n.<\/span><\/p>\n","protected":false},"excerpt":{"rendered":"<p>Danimarka Gaziantep Konsoloslu\u011fu Hakk\u0131nda Danimarka Gaziantep Fahri Konsoloslu\u011fu ile bir\u00e7ok vize i\u015fleminizi rahat \u015fekilde halledebilirsiniz. Danimarka Konsoloslu\u011fu Gaziantep y\u00f6n\u00fcnde iki tarafl\u0131 bir g\u00f6rev edinir. Ayr\u0131ca \u00fclkemiz ad\u0131na olan Danimarka ilgisini peki\u015ftirir. Konsolosluk bunun yan\u0131 s\u0131ra k\u00fclt\u00fcrel bazda olan ileti\u015fimin geli\u015ftirilmesi konusunda da aktif olarak rol sahibidir diyebiliriz. Yerel bas\u0131nla olan ileti\u015fimi sa\u011flamaktad\u0131r. Gaziantep \u015fehrindeki Danimarka<\/p>\n","protected":false},"author":1,"featured_media":0,"parent":69,"menu_order":0,"comment_status":"open","ping_status":"closed","template":"","meta":{"footnotes":""},"class_list":["post-90","page","type-page","status-publish","hentry"],"yoast_head":"<!-- This site is optimized with the Yoast SEO plugin v24.0 - https:\/\/yoast.com\/wordpress\/plugins\/seo\/ -->\n<title>Danimarka Gaziantep Konsoloslu\u011fu Vize \u0130\u015flemleri - MyVize<\/title>\n<meta name=\"description\" content=\"Danimarka Gaziantep Fahri Konsoloslu\u011fu \u00e7al\u0131\u015fma saatleri. Danimarka Gaziantep Fahri Konsoloslu\u011fu ula\u015f\u0131m, ileti\u015fim bilgileri ve faaliyet alan\u0131.\" \/>\n<meta name=\"robots\" content=\"index, follow, max-snippet:-1, max-image-preview:large, max-video-preview:-1\" \/>\n<link rel=\"canonical\" href=\"https:\/\/www.myvize.com.tr\/danimarka\/konsolosluklar\/gaziantep-fahri-konsoloslugu\/\" \/>\n<meta property=\"og:locale\" content=\"tr_TR\" \/>\n<meta property=\"og:type\" content=\"article\" \/>\n<meta property=\"og:title\" content=\"Danimarka Gaziantep Konsoloslu\u011fu Vize \u0130\u015flemleri - MyVize\" \/>\n<meta property=\"og:description\" content=\"Danimarka Gaziantep Fahri Konsoloslu\u011fu \u00e7al\u0131\u015fma saatleri. Danimarka Gaziantep Fahri Konsoloslu\u011fu ula\u015f\u0131m, ileti\u015fim bilgileri ve faaliyet alan\u0131.\" \/>\n<meta property=\"og:url\" content=\"https:\/\/www.myvize.com.tr\/danimarka\/konsolosluklar\/gaziantep-fahri-konsoloslugu\/\" \/>\n<meta property=\"og:site_name\" content=\"Danimarka Vizesi\" \/>\n<meta property=\"article:modified_time\" content=\"2022-04-04T13:03:06+00:00\" \/>\n<meta name=\"twitter:card\" content=\"summary_large_image\" \/>\n<meta name=\"twitter:label1\" content=\"Tahmini okuma s\u00fcresi\" \/>\n\t<meta name=\"twitter:data1\" content=\"4 dakika\" \/>\n<script type=\"application\/ld+json\" class=\"yoast-schema-graph\">{\"@context\":\"https:\/\/schema.org\",\"@graph\":[{\"@type\":\"WebPage\",\"@id\":\"https:\/\/www.myvize.com.tr\/danimarka\/konsolosluklar\/gaziantep-fahri-konsoloslugu\/\",\"url\":\"https:\/\/www.myvize.com.tr\/danimarka\/konsolosluklar\/gaziantep-fahri-konsoloslugu\/\",\"name\":\"Danimarka Gaziantep Konsoloslu\u011fu Vize \u0130\u015flemleri - MyVize\",\"isPartOf\":{\"@id\":\"https:\/\/www.myvize.com.tr\/danimarka\/#website\"},\"datePublished\":\"2020-11-30T10:06:29+00:00\",\"dateModified\":\"2022-04-04T13:03:06+00:00\",\"description\":\"Danimarka Gaziantep Fahri Konsoloslu\u011fu \u00e7al\u0131\u015fma saatleri. Danimarka Gaziantep Fahri Konsoloslu\u011fu ula\u015f\u0131m, ileti\u015fim bilgileri ve faaliyet alan\u0131.\",\"breadcrumb\":{\"@id\":\"https:\/\/www.myvize.com.tr\/danimarka\/konsolosluklar\/gaziantep-fahri-konsoloslugu\/#breadcrumb\"},\"inLanguage\":\"tr\",\"potentialAction\":[{\"@type\":\"ReadAction\",\"target\":[\"https:\/\/www.myvize.com.tr\/danimarka\/konsolosluklar\/gaziantep-fahri-konsoloslugu\/\"]}]},{\"@type\":\"BreadcrumbList\",\"@id\":\"https:\/\/www.myvize.com.tr\/danimarka\/konsolosluklar\/gaziantep-fahri-konsoloslugu\/#breadcrumb\",\"itemListElement\":[{\"@type\":\"ListItem\",\"position\":1,\"name\":\"Anasayfa\",\"item\":\"https:\/\/www.myvize.com.tr\/danimarka\/\"},{\"@type\":\"ListItem\",\"position\":2,\"name\":\"KONSOLOSLUKLAR\",\"item\":\"https:\/\/www.myvize.com.tr\/danimarka\/konsolosluklar\/\"},{\"@type\":\"ListItem\",\"position\":3,\"name\":\"Danimarka Gaziantep Konsoloslu\u011fu\"}]},{\"@type\":\"WebSite\",\"@id\":\"https:\/\/www.myvize.com.tr\/danimarka\/#website\",\"url\":\"https:\/\/www.myvize.com.tr\/danimarka\/\",\"name\":\"Danimarka Vizesi\",\"description\":\"\",\"potentialAction\":[{\"@type\":\"SearchAction\",\"target\":{\"@type\":\"EntryPoint\",\"urlTemplate\":\"https:\/\/www.myvize.com.tr\/danimarka\/?s={search_term_string}\"},\"query-input\":{\"@type\":\"PropertyValueSpecification\",\"valueRequired\":true,\"valueName\":\"search_term_string\"}}],\"inLanguage\":\"tr\"}]}<\/script>\n<!-- \/ Yoast SEO plugin. -->","yoast_head_json":{"title":"Danimarka Gaziantep Konsoloslu\u011fu Vize \u0130\u015flemleri - MyVize","description":"Danimarka Gaziantep Fahri Konsoloslu\u011fu \u00e7al\u0131\u015fma saatleri. Danimarka Gaziantep Fahri Konsoloslu\u011fu ula\u015f\u0131m, ileti\u015fim bilgileri ve faaliyet alan\u0131.","robots":{"index":"index","follow":"follow","max-snippet":"max-snippet:-1","max-image-preview":"max-image-preview:large","max-video-preview":"max-video-preview:-1"},"canonical":"https:\/\/www.myvize.com.tr\/danimarka\/konsolosluklar\/gaziantep-fahri-konsoloslugu\/","og_locale":"tr_TR","og_type":"article","og_title":"Danimarka Gaziantep Konsoloslu\u011fu Vize \u0130\u015flemleri - MyVize","og_description":"Danimarka Gaziantep Fahri Konsoloslu\u011fu \u00e7al\u0131\u015fma saatleri. Danimarka Gaziantep Fahri Konsoloslu\u011fu ula\u015f\u0131m, ileti\u015fim bilgileri ve faaliyet alan\u0131.","og_url":"https:\/\/www.myvize.com.tr\/danimarka\/konsolosluklar\/gaziantep-fahri-konsoloslugu\/","og_site_name":"Danimarka Vizesi","article_modified_time":"2022-04-04T13:03:06+00:00","twitter_card":"summary_large_image","twitter_misc":{"Tahmini okuma s\u00fcresi":"4 dakika"},"schema":{"@context":"https:\/\/schema.org","@graph":[{"@type":"WebPage","@id":"https:\/\/www.myvize.com.tr\/danimarka\/konsolosluklar\/gaziantep-fahri-konsoloslugu\/","url":"https:\/\/www.myvize.com.tr\/danimarka\/konsolosluklar\/gaziantep-fahri-konsoloslugu\/","name":"Danimarka Gaziantep Konsoloslu\u011fu Vize \u0130\u015flemleri - MyVize","isPartOf":{"@id":"https:\/\/www.myvize.com.tr\/danimarka\/#website"},"datePublished":"2020-11-30T10:06:29+00:00","dateModified":"2022-04-04T13:03:06+00:00","description":"Danimarka Gaziantep Fahri Konsoloslu\u011fu \u00e7al\u0131\u015fma saatleri. Danimarka Gaziantep Fahri Konsoloslu\u011fu ula\u015f\u0131m, ileti\u015fim bilgileri ve faaliyet alan\u0131.","breadcrumb":{"@id":"https:\/\/www.myvize.com.tr\/danimarka\/konsolosluklar\/gaziantep-fahri-konsoloslugu\/#breadcrumb"},"inLanguage":"tr","potentialAction":[{"@type":"ReadAction","target":["https:\/\/www.myvize.com.tr\/danimarka\/konsolosluklar\/gaziantep-fahri-konsoloslugu\/"]}]},{"@type":"BreadcrumbList","@id":"https:\/\/www.myvize.com.tr\/danimarka\/konsolosluklar\/gaziantep-fahri-konsoloslugu\/#breadcrumb","itemListElement":[{"@type":"ListItem","position":1,"name":"Anasayfa","item":"https:\/\/www.myvize.com.tr\/danimarka\/"},{"@type":"ListItem","position":2,"name":"KONSOLOSLUKLAR","item":"https:\/\/www.myvize.com.tr\/danimarka\/konsolosluklar\/"},{"@type":"ListItem","position":3,"name":"Danimarka Gaziantep Konsoloslu\u011fu"}]},{"@type":"WebSite","@id":"https:\/\/www.myvize.com.tr\/danimarka\/#website","url":"https:\/\/www.myvize.com.tr\/danimarka\/","name":"Danimarka Vizesi","description":"","potentialAction":[{"@type":"SearchAction","target":{"@type":"EntryPoint","urlTemplate":"https:\/\/www.myvize.com.tr\/danimarka\/?s={search_term_string}"},"query-input":{"@type":"PropertyValueSpecification","valueRequired":true,"valueName":"search_term_string"}}],"inLanguage":"tr"}]}},"_links":{"self":[{"href":"https:\/\/www.myvize.com.tr\/danimarka\/wp-json\/wp\/v2\/pages\/90","targetHints":{"allow":["GET"]}}],"collection":[{"href":"https:\/\/www.myvize.com.tr\/danimarka\/wp-json\/wp\/v2\/pages"}],"about":[{"href":"https:\/\/www.myvize.com.tr\/danimarka\/wp-json\/wp\/v2\/types\/page"}],"author":[{"embeddable":true,"href":"https:\/\/www.myvize.com.tr\/danimarka\/wp-json\/wp\/v2\/users\/1"}],"replies":[{"embeddable":true,"href":"https:\/\/www.myvize.com.tr\/danimarka\/wp-json\/wp\/v2\/comments?post=90"}],"version-history":[{"count":4,"href":"https:\/\/www.myvize.com.tr\/danimarka\/wp-json\/wp\/v2\/pages\/90\/revisions"}],"predecessor-version":[{"id":760,"href":"https:\/\/www.myvize.com.tr\/danimarka\/wp-json\/wp\/v2\/pages\/90\/revisions\/760"}],"up":[{"embeddable":true,"href":"https:\/\/www.myvize.com.tr\/danimarka\/wp-json\/wp\/v2\/pages\/69"}],"wp:attachment":[{"href":"https:\/\/www.myvize.com.tr\/danimarka\/wp-json\/wp\/v2\/media?parent=90"}],"curies":[{"name":"wp","href":"https:\/\/api.w.org\/{rel}","templated":true}]}}