{"id":165,"date":"2020-12-24T14:19:58","date_gmt":"2020-12-24T11:19:58","guid":{"rendered":"https:\/\/www.myvize.com.tr\/estonya\/?page_id=165"},"modified":"2022-04-07T14:18:19","modified_gmt":"2022-04-07T11:18:19","slug":"vatandaslik","status":"publish","type":"page","link":"https:\/\/www.myvize.com.tr\/estonya\/vatandaslik\/","title":{"rendered":"VATANDA\u015eLIK"},"content":{"rendered":"<p><span style=\"font-family: Roboto;\"><\/span><\/p>\r\n<p><span style=\"font-family: Roboto; font-size: 14px;\">Estonya bir\u00e7ok yabanc\u0131n\u0131n ya\u015fad\u0131\u011f\u0131 \u00fclkeler aras\u0131ndad\u0131r. Uzun bir s\u00fcre Estonya\u2019da ya\u015fayan yabanc\u0131 uyruklu vatanda\u015flar \u00fclkenin prosed\u00fcrlerini yerine getirerek vatanda\u015fl\u0131k hakk\u0131 almak i\u00e7in ba\u015fvuruda bulunabiliyor. Estonya resmi makamlar\u0131 bu yabanc\u0131 ki\u015filerin vatanda\u015fl\u0131k alabilmesi i\u00e7in hem k\u0131sa hem de uzun bir prosed\u00fcr uyguluyor.<\/span><\/p>\r\n<p><span style=\"font-family: Roboto; font-size: 14px;\">\r\n\r\n<\/span><\/p>\r\n<p><span style=\"font-family: Roboto; font-size: 14px;\">K\u0131sa prosed\u00fcre g\u00f6re ki\u015filer vatanda\u015fl\u0131k i\u00e7in 18 ya\u015f\u0131nda olmal\u0131 ve 5 y\u0131l boyunca da Estonya\u2019da aral\u0131ks\u0131z olarak ya\u015famak zorundad\u0131rlar. Bununla birlikte anayasada belirtilmi\u015f olan \u00fc\u00e7 dilden en az bir tanesini \u00e7ok iyi bir \u015fekilde konu\u015fabiliyor olmalar\u0131 \u00f6nemli kriterler aras\u0131ndad\u0131r. Ki\u015filer toplumsal uyumu sa\u011flayabilmeli ve en az bir bu\u00e7uk y\u0131l boyunca fiilen \u00e7al\u0131\u015fm\u0131\u015f olmas\u0131 gereklidir.<\/span><\/p>\r\n<p><span style=\"font-family: Roboto; font-size: 14px;\">\r\n\r\n<\/span><\/p>\r\n<p><span style=\"font-family: Roboto; font-size: 14px;\">Uzun prosed\u00fcrlere g\u00f6re ise vatanda\u015fl\u0131\u011fa ba\u015fvuran ki\u015filerin 10 y\u0131l boyunca yasal ikametin yan\u0131nda bir tane de iyi konu\u015ftu\u011fu dil olmas\u0131 gerekiyor. Bu ki\u015filerin de yine toplumsal olarak uyum sa\u011flama becerisi y\u00fcksek olmal\u0131 ve en az bir bu\u00e7uk sene \u00e7al\u0131\u015fm\u0131\u015f olmas\u0131 aran\u0131lan kriterler aras\u0131ndad\u0131r.<\/span><\/p>\r\n<p><span style=\"font-family: Roboto; font-size: 14px;\">\r\n\r\n<\/span><\/p>\r\n<h2><span style=\"font-family: Roboto; font-size: 27px;\"><strong>Estonya Vatanda\u015fl\u0131\u011f\u0131 Belgeleri<\/strong><\/span><\/h2>\r\n<p><span style=\"font-family: Roboto; font-size: 14px;\">\r\n\r\n<\/span><\/p>\r\n<p><span style=\"font-family: Roboto; font-size: 14px;\">Estonya vatanda\u015fl\u0131\u011f\u0131na ge\u00e7ebilmek i\u00e7in ki\u015filerin hem uzun hem de k\u0131sa prosed\u00fcrlere g\u00f6re evrak haz\u0131rlamas\u0131 gereklidir. N\u00fcfus c\u00fczdan\u0131 fotokopisi, pasaport ve pasaportun yapraklar\u0131n\u0131n fotokopileri, ki\u015filer evli ise evlilik c\u00fczdan\u0131 fotokopisi, sa\u011fl\u0131k sigortas\u0131, adli sicil kayd\u0131, \u00e7al\u0131\u015fma ve meslek belgeleri, e\u011fitim durumlar\u0131n\u0131 g\u00f6steren belgeler, kendilerini ge\u00e7indirebilecek finansal durumlar\u0131n\u0131 g\u00f6steren banka d\u00f6k\u00fcmleri gibi evraklar bu s\u00fcre\u00e7te \u00f6nemlidir.<\/span><\/p>\r\n<p><span style=\"font-family: Roboto; font-size: 14px;\">\r\n\r\n<\/span><\/p>\r\n<p><span style=\"font-family: Roboto; font-size: 14px;\"><strong>Estonya vatanda\u015fl\u0131\u011f\u0131<\/strong> belgelerinin mutlaka eksiksiz ve do\u011fru ibraz edilmesi gereken durumlar aras\u0131ndad\u0131r. Ki\u015filerin \u00fclkede konu\u015fulan dillerden birini \u00e7ok iyi konu\u015fmas\u0131 ve bu dili \u00e7ok iyi konu\u015ftu\u011funu \u00e7e\u015fitli belgelerle ispatlamas\u0131 \u00f6nem arz eden konular aras\u0131ndad\u0131r. Estonya vatanda\u015fl\u0131\u011f\u0131na ge\u00e7en ki\u015filer Estonya haklar\u0131n\u0131n tamam\u0131ndan geni\u015f \u00f6l\u00e7\u00fcde yararlanabilir ve uzun y\u0131llar bu \u00fclkenin vatanda\u015f\u0131 olarak ya\u015famaya devam edebilir. Vatanda\u015fl\u0131k i\u015flemlerinin sonu\u00e7lanmas\u0131 3 ya da 4 ay s\u00fcrebiliyor.<\/span><\/p>\r\n<p><span style=\"font-family: Roboto; font-size: 14px;\"><span style=\"color: #2acec2;\"><strong><a style=\"color: #2acec2;\" href=\"https:\/\/www.myvize.com.tr\/estonya\/vize-islemleri\/estonya-vize-randevusu\/\" target=\"_blank\" rel=\"noopener\">Estonya Vize Randevusu<\/a><\/strong><\/span> ile ilgili bilgi almak i\u00e7in bizi aray\u0131n.<\/span><\/p>\r\n<h2><strong><span style=\"font-family: Roboto; font-size: 27px;\">Estonya Vatanda\u015fl\u0131k<\/span><\/strong><\/h2>\r\n<p><span style=\"font-family: Roboto; font-size: 14px;\">Estonya vatanda\u015fl\u0131\u011f\u0131na sahip olmak, Estonya&#8217;da \u00e7al\u0131\u015fmaya ve ya\u015famaya karar verdi\u011finizde size bir\u00e7ok ek hak ve f\u0131rsat verir. Estonya vatanda\u015fl\u0131k ile size pek \u00e7ok konuda avantajlar sunar. \u00d6rne\u011fin, bu \u00fclkede oy kullanma hakk\u0131, se\u00e7im ve referandumlarda aday olma hakk\u0131, AB\u2019nin herhangi bir yerinde izinsiz \u00e7al\u0131\u015fma hakk\u0131, AB&#8217;nin herhangi bir yerinde i\u015f yapma hakk\u0131 elde etmi\u015f olursunuz.<\/span><\/p>\r\n<p><span style=\"font-family: Roboto; font-size: 14px;\"><strong>Estonya vatanda\u015fl\u0131k<\/strong> alma i\u015flemleri biraz zorlu olabilir. \u00d6ncelikle, Estonya\u2019da ikamet etmeniz gerekmektedir. Sonras\u0131nda ise ilk, orta veya y\u00fcksek \u00f6\u011freniminizi Estonca olarak almad\u0131ysan\u0131z dil s\u0131nav\u0131na girmeniz istenir. 15 ya\u015f\u0131ndan k\u00fc\u00e7\u00fck \u00e7ocuklar ve yasal ehliyeti k\u0131s\u0131tl\u0131 yeti\u015fkinler s\u0131nava girmek zorunda de\u011fildir. Ard\u0131ndan,\u00a0Estonya anayasas\u0131 ve Vatanda\u015fl\u0131k Yasas\u0131 hakk\u0131ndaki bilginizi test etmek i\u00e7in\u00a0bir s\u0131nava girersiniz. S\u0131navdan sonra\u00a0ba\u015fvurunuzu\u00a0ve di\u011fer gerekli formlar\u0131 Estonya Polisi ve S\u0131n\u0131r Muhaf\u0131z Kuruluna\u00a0g\u00f6ndermeniz gerekir.<strong> Estonya vatanda\u015fl\u0131k<\/strong> almak amac\u0131yla gerekli s\u0131navlar\u0131 ge\u00e7tikten sonra, vatanda\u015f olmak i\u00e7in Estonca bir ba\u015fvuruda bulunman\u0131z \u015fartt\u0131r. Ayr\u0131ca, Polis ve S\u0131n\u0131r Muhaf\u0131z Kuruluna \u015funlar\u0131 da sa\u011flaman\u0131z gerekir: gelir belgesi, resim, T\u00fcrk vatanda\u015fl\u0131\u011f\u0131ndan \u00e7\u0131kt\u0131\u011f\u0131n\u0131za ya da \u00e7\u0131kaca\u011f\u0131n\u0131za dair kan\u0131t, i\u015finizin oldu\u011funa dair kan\u0131t.<\/span><\/p>\r\n<h2><strong><span style=\"font-family: Roboto; font-size: 27px;\">Estonya Vatanda\u015fl\u0131\u011f\u0131 Hakk\u0131nda<\/span><\/strong><\/h2>\r\n<p><span style=\"font-family: Roboto; font-size: 14px;\"><strong>Estonya vatanda\u015fl\u0131\u011f\u0131<\/strong> almak isteyen ki\u015filerin baz\u0131 \u015fartlar\u0131 yerine getirmesi gerekmektedir. <strong>Estonya vatanda\u015fl\u0131k \u015fartlar\u0131<\/strong> Estonya yasalar\u0131 taraf\u0131ndan belirlenmi\u015ftir. <strong>Estonya vatanda\u015fl\u0131\u011f\u0131<\/strong> i\u00e7in k\u0131sa ve uzun prosed\u00fcrler bulunmaktad\u0131r.<\/span><\/p>\r\n<p><span style=\"font-family: Roboto; font-size: 14px;\"><strong>Estonya vatanda\u015fl\u0131\u011f\u0131<\/strong> alabilmek i\u00e7in yerine getirmeniz gereken k\u0131sa prosed\u00fcre g\u00f6re; 5 y\u0131l aral\u0131ks\u0131z olarak Estonya\u2019da ikamet ediyor olman\u0131z, 18 ya\u015f\u0131nda olman\u0131z, Estonya Anayasa\u2019s\u0131nda yer alan 3 dilden en az birisini biliyor olman\u0131z gerekmektedir. Bunun yan\u0131nda Estonya toplumsal uyumunuzun oldu\u011funu ispat etmeniz ve en az 468 g\u00fcn Estonya\u2019da bir i\u015fte \u00e7al\u0131\u015fm\u0131\u015f olman\u0131z \u015fartt\u0131r. Toplumsal uyumunuzu ya\u015fad\u0131\u011f\u0131n\u0131z b\u00f6lgede bulunan bir orta\u00f6\u011fretim ya da uyum kursu ile kan\u0131tlamal\u0131s\u0131n\u0131z. Bunun yerine 400 saatlik meslek e\u011fitimi diploman\u0131z\u0131n olmas\u0131 da yeterlidir.<\/span><\/p>\r\n<p><span style=\"font-family: Roboto; font-size: 14px;\">Uzun prosed\u00fcre g\u00f6re ise; Estonya\u2019da 10 y\u0131l yasal olarak kesintisiz bir \u015fekilde ikamet etmi\u015fseniz. <strong>Estonya resmi<\/strong> dillerinden en az birini bilmeniz ve Estonya toplumuna uyumunuzu kan\u0131tlaman\u0131z yeterlidir. Uzun s\u00fcreli prosed\u00fcrde 468 g\u00fcn \u00e7al\u0131\u015fma zorunlulu\u011fu bulunmamaktad\u0131r.<\/span><\/p>\r\n<p><span style=\"font-family: Roboto; font-size: 14px;\"><strong>Estonya vatanda\u015fl\u0131\u011f\u0131<\/strong> oturum, b\u00fcy\u00fck yat\u0131r\u0131m yapan ki\u015filer, evlilik ile ve Estonya itibar\u0131n\u0131 artt\u0131racak ki\u015filere verilmektedir. Estonya vatanda\u015fl\u0131\u011f\u0131 alacak olan ki\u015filerin Estonya tarihi, anayasas\u0131 ve hukuku hakk\u0131nda bilgi sahibi olmas\u0131 gerekmektedir.<\/span><\/p>\r\n<p><span style=\"font-family: Roboto; font-size: 14px;\"><span style=\"color: #2acec2;\"><strong><a style=\"color: #2acec2;\" href=\"https:\/\/www.myvize.com.tr\/estonya\/vize-islemleri\/estonya-vize-randevusu\/\" target=\"_blank\" rel=\"noopener\">Estonya Vize Randevusu<\/a><\/strong><\/span> ile ilgili bilgi almak i\u00e7in bizi aray\u0131n.<\/span><\/p>\r\n<p><span style=\"font-family: Roboto;\"><\/span><\/p>","protected":false},"excerpt":{"rendered":"<p>Estonya bir\u00e7ok yabanc\u0131n\u0131n ya\u015fad\u0131\u011f\u0131 \u00fclkeler aras\u0131ndad\u0131r. Uzun bir s\u00fcre Estonya\u2019da ya\u015fayan yabanc\u0131 uyruklu vatanda\u015flar \u00fclkenin prosed\u00fcrlerini yerine getirerek vatanda\u015fl\u0131k hakk\u0131 almak i\u00e7in ba\u015fvuruda bulunabiliyor. Estonya resmi makamlar\u0131 bu yabanc\u0131 ki\u015filerin vatanda\u015fl\u0131k alabilmesi i\u00e7in hem k\u0131sa hem de uzun bir prosed\u00fcr uyguluyor. K\u0131sa prosed\u00fcre g\u00f6re ki\u015filer vatanda\u015fl\u0131k i\u00e7in 18 ya\u015f\u0131nda olmal\u0131 ve 5 y\u0131l boyunca da<\/p>\n","protected":false},"author":1,"featured_media":0,"parent":0,"menu_order":0,"comment_status":"open","ping_status":"closed","template":"","meta":{"footnotes":""},"class_list":["post-165","page","type-page","status-publish","hentry"],"yoast_head":"<!-- This site is optimized with the Yoast SEO plugin v24.0 - https:\/\/yoast.com\/wordpress\/plugins\/seo\/ -->\n<title>Estonya Vatanda\u015fl\u0131k \u0130\u015flemleri Merkezi - MyVize<\/title>\n<meta name=\"description\" content=\"Estonya vatanda\u015fl\u0131\u011f\u0131 ba\u015fvuru belgeleri. Estonya vatanda\u015fl\u0131\u011f\u0131 i\u00e7in gerekli \u015fartlar. Estonya vatanda\u015fl\u0131k i\u015flemleri nelerdir : nas\u0131l yap\u0131l\u0131r?\" \/>\n<meta name=\"robots\" content=\"index, follow, max-snippet:-1, max-image-preview:large, max-video-preview:-1\" \/>\n<link rel=\"canonical\" href=\"https:\/\/www.myvize.com.tr\/estonya\/vatandaslik\/\" \/>\n<meta property=\"og:locale\" content=\"tr_TR\" \/>\n<meta property=\"og:type\" content=\"article\" \/>\n<meta property=\"og:title\" content=\"Estonya Vatanda\u015fl\u0131k \u0130\u015flemleri Merkezi - MyVize\" \/>\n<meta property=\"og:description\" content=\"Estonya vatanda\u015fl\u0131\u011f\u0131 ba\u015fvuru belgeleri. Estonya vatanda\u015fl\u0131\u011f\u0131 i\u00e7in gerekli \u015fartlar. Estonya vatanda\u015fl\u0131k i\u015flemleri nelerdir : nas\u0131l yap\u0131l\u0131r?\" \/>\n<meta property=\"og:url\" content=\"https:\/\/www.myvize.com.tr\/estonya\/vatandaslik\/\" \/>\n<meta property=\"og:site_name\" content=\"Estonya Vizesi\" \/>\n<meta property=\"article:modified_time\" content=\"2022-04-07T11:18:19+00:00\" \/>\n<meta name=\"twitter:card\" content=\"summary_large_image\" \/>\n<meta name=\"twitter:label1\" content=\"Tahmini okuma s\u00fcresi\" \/>\n\t<meta name=\"twitter:data1\" content=\"3 dakika\" \/>\n<script type=\"application\/ld+json\" class=\"yoast-schema-graph\">{\"@context\":\"https:\/\/schema.org\",\"@graph\":[{\"@type\":\"WebPage\",\"@id\":\"https:\/\/www.myvize.com.tr\/estonya\/vatandaslik\/\",\"url\":\"https:\/\/www.myvize.com.tr\/estonya\/vatandaslik\/\",\"name\":\"Estonya Vatanda\u015fl\u0131k \u0130\u015flemleri Merkezi - MyVize\",\"isPartOf\":{\"@id\":\"https:\/\/www.myvize.com.tr\/estonya\/#website\"},\"datePublished\":\"2020-12-24T11:19:58+00:00\",\"dateModified\":\"2022-04-07T11:18:19+00:00\",\"description\":\"Estonya vatanda\u015fl\u0131\u011f\u0131 ba\u015fvuru belgeleri. Estonya vatanda\u015fl\u0131\u011f\u0131 i\u00e7in gerekli \u015fartlar. Estonya vatanda\u015fl\u0131k i\u015flemleri nelerdir : nas\u0131l yap\u0131l\u0131r?\",\"breadcrumb\":{\"@id\":\"https:\/\/www.myvize.com.tr\/estonya\/vatandaslik\/#breadcrumb\"},\"inLanguage\":\"tr\",\"potentialAction\":[{\"@type\":\"ReadAction\",\"target\":[\"https:\/\/www.myvize.com.tr\/estonya\/vatandaslik\/\"]}]},{\"@type\":\"BreadcrumbList\",\"@id\":\"https:\/\/www.myvize.com.tr\/estonya\/vatandaslik\/#breadcrumb\",\"itemListElement\":[{\"@type\":\"ListItem\",\"position\":1,\"name\":\"Anasayfa\",\"item\":\"https:\/\/www.myvize.com.tr\/estonya\/\"},{\"@type\":\"ListItem\",\"position\":2,\"name\":\"VATANDA\u015eLIK\"}]},{\"@type\":\"WebSite\",\"@id\":\"https:\/\/www.myvize.com.tr\/estonya\/#website\",\"url\":\"https:\/\/www.myvize.com.tr\/estonya\/\",\"name\":\"Estonya Vizesi\",\"description\":\"\",\"potentialAction\":[{\"@type\":\"SearchAction\",\"target\":{\"@type\":\"EntryPoint\",\"urlTemplate\":\"https:\/\/www.myvize.com.tr\/estonya\/?s={search_term_string}\"},\"query-input\":{\"@type\":\"PropertyValueSpecification\",\"valueRequired\":true,\"valueName\":\"search_term_string\"}}],\"inLanguage\":\"tr\"}]}<\/script>\n<!-- \/ Yoast SEO plugin. -->","yoast_head_json":{"title":"Estonya Vatanda\u015fl\u0131k \u0130\u015flemleri Merkezi - MyVize","description":"Estonya vatanda\u015fl\u0131\u011f\u0131 ba\u015fvuru belgeleri. Estonya vatanda\u015fl\u0131\u011f\u0131 i\u00e7in gerekli \u015fartlar. Estonya vatanda\u015fl\u0131k i\u015flemleri nelerdir : nas\u0131l yap\u0131l\u0131r?","robots":{"index":"index","follow":"follow","max-snippet":"max-snippet:-1","max-image-preview":"max-image-preview:large","max-video-preview":"max-video-preview:-1"},"canonical":"https:\/\/www.myvize.com.tr\/estonya\/vatandaslik\/","og_locale":"tr_TR","og_type":"article","og_title":"Estonya Vatanda\u015fl\u0131k \u0130\u015flemleri Merkezi - MyVize","og_description":"Estonya vatanda\u015fl\u0131\u011f\u0131 ba\u015fvuru belgeleri. Estonya vatanda\u015fl\u0131\u011f\u0131 i\u00e7in gerekli \u015fartlar. Estonya vatanda\u015fl\u0131k i\u015flemleri nelerdir : nas\u0131l yap\u0131l\u0131r?","og_url":"https:\/\/www.myvize.com.tr\/estonya\/vatandaslik\/","og_site_name":"Estonya Vizesi","article_modified_time":"2022-04-07T11:18:19+00:00","twitter_card":"summary_large_image","twitter_misc":{"Tahmini okuma s\u00fcresi":"3 dakika"},"schema":{"@context":"https:\/\/schema.org","@graph":[{"@type":"WebPage","@id":"https:\/\/www.myvize.com.tr\/estonya\/vatandaslik\/","url":"https:\/\/www.myvize.com.tr\/estonya\/vatandaslik\/","name":"Estonya Vatanda\u015fl\u0131k \u0130\u015flemleri Merkezi - MyVize","isPartOf":{"@id":"https:\/\/www.myvize.com.tr\/estonya\/#website"},"datePublished":"2020-12-24T11:19:58+00:00","dateModified":"2022-04-07T11:18:19+00:00","description":"Estonya vatanda\u015fl\u0131\u011f\u0131 ba\u015fvuru belgeleri. Estonya vatanda\u015fl\u0131\u011f\u0131 i\u00e7in gerekli \u015fartlar. Estonya vatanda\u015fl\u0131k i\u015flemleri nelerdir : nas\u0131l yap\u0131l\u0131r?","breadcrumb":{"@id":"https:\/\/www.myvize.com.tr\/estonya\/vatandaslik\/#breadcrumb"},"inLanguage":"tr","potentialAction":[{"@type":"ReadAction","target":["https:\/\/www.myvize.com.tr\/estonya\/vatandaslik\/"]}]},{"@type":"BreadcrumbList","@id":"https:\/\/www.myvize.com.tr\/estonya\/vatandaslik\/#breadcrumb","itemListElement":[{"@type":"ListItem","position":1,"name":"Anasayfa","item":"https:\/\/www.myvize.com.tr\/estonya\/"},{"@type":"ListItem","position":2,"name":"VATANDA\u015eLIK"}]},{"@type":"WebSite","@id":"https:\/\/www.myvize.com.tr\/estonya\/#website","url":"https:\/\/www.myvize.com.tr\/estonya\/","name":"Estonya Vizesi","description":"","potentialAction":[{"@type":"SearchAction","target":{"@type":"EntryPoint","urlTemplate":"https:\/\/www.myvize.com.tr\/estonya\/?s={search_term_string}"},"query-input":{"@type":"PropertyValueSpecification","valueRequired":true,"valueName":"search_term_string"}}],"inLanguage":"tr"}]}},"_links":{"self":[{"href":"https:\/\/www.myvize.com.tr\/estonya\/wp-json\/wp\/v2\/pages\/165","targetHints":{"allow":["GET"]}}],"collection":[{"href":"https:\/\/www.myvize.com.tr\/estonya\/wp-json\/wp\/v2\/pages"}],"about":[{"href":"https:\/\/www.myvize.com.tr\/estonya\/wp-json\/wp\/v2\/types\/page"}],"author":[{"embeddable":true,"href":"https:\/\/www.myvize.com.tr\/estonya\/wp-json\/wp\/v2\/users\/1"}],"replies":[{"embeddable":true,"href":"https:\/\/www.myvize.com.tr\/estonya\/wp-json\/wp\/v2\/comments?post=165"}],"version-history":[{"count":5,"href":"https:\/\/www.myvize.com.tr\/estonya\/wp-json\/wp\/v2\/pages\/165\/revisions"}],"predecessor-version":[{"id":742,"href":"https:\/\/www.myvize.com.tr\/estonya\/wp-json\/wp\/v2\/pages\/165\/revisions\/742"}],"wp:attachment":[{"href":"https:\/\/www.myvize.com.tr\/estonya\/wp-json\/wp\/v2\/media?parent=165"}],"curies":[{"name":"wp","href":"https:\/\/api.w.org\/{rel}","templated":true}]}}