{"id":168,"date":"2020-12-24T14:20:18","date_gmt":"2020-12-24T11:20:18","guid":{"rendered":"https:\/\/www.myvize.com.tr\/estonya\/?page_id=168"},"modified":"2022-04-07T14:19:50","modified_gmt":"2022-04-07T11:19:50","slug":"form-ve-dilekce","status":"publish","type":"page","link":"https:\/\/www.myvize.com.tr\/estonya\/form-ve-dilekce\/","title":{"rendered":"FORM VE D\u0130LEK\u00c7E"},"content":{"rendered":"<p><span style=\"font-family: Roboto;\"><\/span><\/p>\r\n<p><span style=\"font-family: Roboto; font-size: 14px;\">E\u011fer bordo pasaport sahibi bir T\u00fcrk vatanda\u015f\u0131ysan\u0131z Estonya\u2019 ya girmeden \u00f6nce vize alman\u0131z gereklidir. Ancak ye\u015fil, gri ve siyah pasaport sahibi T\u00fcrk vatanda\u015flar\u0131 90 g\u00fcnl\u00fck s\u00fcre ile Estonya\u2019 da vizesiz bulunabilirler. Estonya\u2019 ya giri\u015f nedeninize g\u00f6re vize \u00e7e\u015fidiniz farkl\u0131l\u0131k g\u00f6sterir. Ziyaret nedeninize g\u00f6re turistik vize, <span style=\"color: #2acec2;\"><strong><a style=\"color: #2acec2;\" href=\"https:\/\/www.myvize.com.tr\/estonya\/vize-islemleri\/estonya-ticari-vize\/\" target=\"_blank\" rel=\"noopener\">Estonya ticari vize<\/a><\/strong><\/span>, diplomatik vize,\u00a0 aile arkada\u015f ziyareti vizesi, ve\u00a0 transit vizesi \u00e7e\u015fitlerinden al\u0131rs\u0131n\u0131z. Estonya\u2019 ya giri\u015f yapmak i\u00e7in Schengen vizesine ihtiyac\u0131n\u0131z vard\u0131r. Ziyaretinizin uzunlu\u011funa g\u00f6re C tipi ya da<strong> D tipi Schengen vizesi<\/strong> alabilirsiniz. Schengen vizesi ald\u0131\u011f\u0131n\u0131zda Schengen \u00fclkelerine tekrar vize ba\u015fvrusunda bulunman\u0131za gerek kalmadan ge\u00e7i\u015f yapabilirsiniz. Peki Estonya\u2019 ya vize ba\u015fvurusunda gerekli belgeler nelerdir? \u0130\u015fte Estonya\u2019 ya vize ba\u015fvurusundan gerekli belgeler:<\/span><\/p>\r\n<p><span style=\"font-family: Roboto; font-size: 14px;\">\r\n\r\n<\/span><\/p>\r\n<ul class=\"wp-block-list\">\r\n<li><span style=\"font-family: Roboto; font-size: 14px;\">Estonya\u2019 ya vize ba\u015fvurusunu Estonya B\u00fcy\u00fckel\u00e7ili\u011finin yetki verdi\u011fi kurumlardan yapabilirsiniz. Vize karar\u0131n\u0131z\u0131n onaylanmas\u0131 ise bizzat <strong>Estonya B\u00fcy\u00fckel\u00e7ili\u011fi<\/strong> taraf\u0131ndan yap\u0131l\u0131r. Ba\u015fvuru yapman\u0131z i\u00e7in \u00f6ncelikle B\u00fcy\u00fckel\u00e7ilik taraf\u0131ndan haz\u0131rlanm\u0131\u015f olan ba\u015fvuru formunu eksiksiz ve do\u011fru \u015fekilde doldurman\u0131z gerekmektedir. Bilgilerinizin do\u011fru olmas\u0131 vizenizin onaylanmas\u0131 i\u00e7in \u00f6nemlidir.<\/span><\/li>\r\n<li><span style=\"font-family: Roboto; font-size: 14px;\">Estonya\u2019 ya giri\u015f yapabilmeniz i\u00e7in ayr\u0131ca pasaportunuz da olmas\u0131 gerekmektedir. Pasaportunuzun 10 y\u0131ldan eski olmamas\u0131 ve ge\u00e7erlilik s\u00fcresinin vize bitim tarihinizden en az \u00fc\u00e7 ay sonras\u0131na kadar devam etmesi gerekmektedir. Ayr\u0131ca pasaportunuzun iki sayfas\u0131 da bo\u015f olmal\u0131d\u0131r.<\/span><\/li>\r\n<li><span style=\"font-family: Roboto; font-size: 14px;\">N\u00fcfus c\u00fczdan\u0131 fotokopiniz ve son alt\u0131 ay i\u00e7erisinde \u00e7ekilmi\u015f iki adet biyometrik foto\u011fraf\u0131n\u0131z da ba\u015fvururken gereken belgelerdendir.<\/span><\/li>\r\n<li><span style=\"font-family: Roboto; font-size: 14px;\">Estonya\u2019 ya girerken ayr\u0131ca uluslar aras\u0131 bir ge\u00e7erlili\u011fi olan bir seyehat sa\u011fl\u0131k sigortan\u0131z olmas\u0131 gereklidir.<\/span><\/li>\r\n<li><span style=\"font-family: Roboto; font-size: 14px;\">U\u00e7ak biletinizin fotokopileri ve otel rezervasyon belgeleriniz de <strong>vize ba\u015fvurusu<\/strong> yaparken bulundurman\u0131z gereken evraklardand\u0131r.<\/span><\/li>\r\n<li><span style=\"font-family: Roboto; font-size: 14px;\">Son \u00fc\u00e7 ayl\u0131k maa\u015f bodronuz ve aktif bir banka hesab\u0131n\u0131z\u0131n \u00fc\u00e7 ayl\u0131k hareket d\u00f6k\u00fcm\u00fc de ba\u015fvuru belgeleriniz aras\u0131nda yer almal\u0131d\u0131r.<\/span><\/li>\r\n<\/ul>\r\n<h2><strong><span style=\"font-family: Roboto; font-size: 27px;\">Estonya Konsoloslu\u011fu Form ve Dilek\u00e7e<\/span><\/strong><\/h2>\r\n<p><span style=\"font-family: Roboto; font-size: 14px;\">\u0130\u015f, e\u011fitim ve gezi i\u00e7in en pop\u00fcler \u00fclkelerden biri de Estonya diyebiliriz. Estonya, Kuzey Avrupa&#8217;n\u0131n Balt\u0131k b\u00f6lgesinde, kuzeyde Finlandiya K\u00f6rfezi, bat\u0131da Balt\u0131k Denizi, g\u00fcneyde Letonya ve do\u011fuda Peipus G\u00f6l\u00fc ve Rusya ile \u00e7evrili bir \u00fclkedir. Bu \u00fclkeye \u00e7e\u015fitli ama\u00e7larla seyahat etmek isteyebilirsiniz. Bunun i\u00e7in <strong>Estonya Konsoloslu\u011fu<\/strong> Form ve Dilek\u00e7e gereksiniminiz olabilir.<\/span><\/p>\r\n<p><span style=\"font-family: Roboto; font-size: 14px;\">\u00d6ncelikle, <strong>Estonya vatanda\u015flar\u0131<\/strong> ve Estonya\u2019ya seyahat etmek isteyenler i\u00e7in b\u00fct\u00fcn resmi i\u015flemler ilgili \u00fclkenin konsoloslu\u011fu arac\u0131l\u0131\u011f\u0131 ile y\u00fcr\u00fct\u00fcl\u00fcr. \u00dclkemizde ikamet eden Estonya vatanda\u015flar\u0131, t\u00fcm resmi i\u015flemler i\u00e7in Estonya konsoloslu\u011funu ziyaret eder. Ayn\u0131 \u015fekilde, vize ba\u015fvurusunda da ilgili kuruma m\u00fcracaat etmek gerekir. B\u00f6yle bir durumda<strong> Estonya Konsoloslu\u011fu<\/strong> Form ve Dilek\u00e7e doldurman\u0131z istenir.<\/span><\/p>\r\n<p><span style=\"font-family: Roboto; font-size: 14px;\"><strong><a href=\"https:\/\/www.myvize.com.tr\/estonya\/vize-islemleri\/estonya-vizesi\/\" target=\"_blank\" rel=\"noopener\"><span style=\"color: #2acec2;\">Estonya vizesi<\/span><\/a><\/strong> temelde \u00fc\u00e7e ayr\u0131l\u0131r. Bunlar k\u0131sa s\u00fcreli, uzun s\u00fcreli ve <strong>transit vize<\/strong> olmaktad\u0131r. Hangi vizeye ihtiyac\u0131n\u0131z oldu\u011funu tespit ettikten sonra <strong>Estonya Konsoloslu\u011fu<\/strong> Form ve Dilek\u00e7e doldurarak, kuruma ba\u015fvurunuzu iletebilirsiniz. Pasaport ve \u00f6nceki vizelerin kopyalar\u0131 gereklidir. Ayr\u0131ca pasaportta iki tane bo\u015f sayfa bulunmas\u0131 zorunludur.<\/span><\/p>\r\n<h2><strong><span style=\"font-family: Roboto; font-size: 27px;\">Estonya Konsoloslu\u011fu Form ve Dilek\u00e7eleri<\/span><\/strong><\/h2>\r\n<p><span style=\"font-family: Roboto; font-size: 14px;\"><strong>Estonya Konsoloslu\u011fu<\/strong>, Estonya vize ba\u015fvurular\u0131 s\u0131ras\u0131nda baz\u0131 form ve dilek\u00e7eler istemektedir. \u0130stenen form ve dilek\u00e7elerin olmad\u0131\u011f\u0131 Estonya vize ba\u015fvurular\u0131 reddedilmektedir. <strong>Estonya vize<\/strong> ba\u015fvurular\u0131 baz\u0131 durumlarda kabul edilmemektedir. Estonya vize ba\u015fvurular\u0131 s\u0131ras\u0131nda istenen Form ve dilek\u00e7eler \u015fu \u015fekildedir.<\/span><\/p>\r\n<ul>\r\n<li><span style=\"font-family: Roboto; font-size: 14px;\"><strong>Estonya Vize Ba\u015fvuru Formu:\u00a0<\/strong>Bu formda ki\u015fisel ilgileriniz ve Estonya seyahatiniz ile ilgili her t\u00fcrl\u00fc bilgi detayl\u0131 bir \u015fekilde istenir. <span style=\"color: #2acec2;\"><strong><a style=\"color: #2acec2;\" href=\"https:\/\/www.myvize.com.tr\/estonya\/vize-islemleri\/estonya-vize-basvuru-formu\/\" target=\"_blank\" rel=\"noopener\">Estonya vize ba\u015fvuru formu<\/a><\/strong><\/span>, Estonya Konsoloslu\u011fu\u2019nun ba\u015fvuru sahibini daha yak\u0131ndan tan\u0131mas\u0131n\u0131 sa\u011flamaktad\u0131r. Estonya vize ba\u015fvurular\u0131 bu form olmadan kabul edilmemektedir. Her Estonya vize ba\u015fvurusunda teslim edilmesi gerekir. Estonya vize ba\u015fvuru formuna<strong> Estonya Konsoloslu\u011fu<\/strong> resmi internet sitesi \u00fczerinden ula\u015fabilirsiniz. <strong>Estonya vize ba\u015fvuru formu<\/strong> \u0130ngilizce ya da T\u00fcrk\u00e7e doldurulmal\u0131d\u0131r. <strong>Estonya vize ba\u015fvuru formu<\/strong> doldurulduktan sonra ba\u015fvuru sahibi taraf\u0131ndan tarih at\u0131l\u0131p imzalanmal\u0131d\u0131r.<\/span><\/li>\r\n<li><span style=\"font-family: Roboto; font-size: 14px;\"><strong>Estonya Vize Talep Dilek\u00e7esi:<\/strong>\u00a0Bu dilek\u00e7e talep edece\u011finiz <strong>Estonya vize<\/strong> t\u00fcr\u00fcne g\u00f6re yaz\u0131lmal\u0131d\u0131r. Dilek\u00e7ede kendinizi tan\u0131tmal\u0131, Estonya seyahat amac\u0131n\u0131z\u0131 ve seyahat plan\u0131n\u0131z\u0131 a\u00e7\u0131klamal\u0131s\u0131n\u0131z. Ayr\u0131ca vize s\u00fcresi bitimi \u00f6ncesinde Estonya\u2019dan \u00e7\u0131kaca\u011f\u0131n\u0131z\u0131 belirtmelisiniz. <strong>Estonya vize talep dilek\u00e7esi<\/strong> ba\u015fvuru sahibi taraf\u0131ndan \u015fahsen imzalanmal\u0131d\u0131r.<\/span><\/li>\r\n<\/ul>\r\n<p>&nbsp;<\/p>\r\n<p><span style=\"font-family: Roboto;\"><\/span><\/p>","protected":false},"excerpt":{"rendered":"<p>E\u011fer bordo pasaport sahibi bir T\u00fcrk vatanda\u015f\u0131ysan\u0131z Estonya\u2019 ya girmeden \u00f6nce vize alman\u0131z gereklidir. Ancak ye\u015fil, gri ve siyah pasaport sahibi T\u00fcrk vatanda\u015flar\u0131 90 g\u00fcnl\u00fck s\u00fcre ile Estonya\u2019 da vizesiz bulunabilirler. Estonya\u2019 ya giri\u015f nedeninize g\u00f6re vize \u00e7e\u015fidiniz farkl\u0131l\u0131k g\u00f6sterir. Ziyaret nedeninize g\u00f6re turistik vize, Estonya ticari vize, diplomatik vize,\u00a0 aile arkada\u015f ziyareti vizesi, ve\u00a0<\/p>\n","protected":false},"author":1,"featured_media":0,"parent":0,"menu_order":0,"comment_status":"open","ping_status":"closed","template":"","meta":{"footnotes":""},"class_list":["post-168","page","type-page","status-publish","hentry"],"yoast_head":"<!-- This site is optimized with the Yoast SEO plugin v24.0 - https:\/\/yoast.com\/wordpress\/plugins\/seo\/ -->\n<title>Estonya Form Ve Dilek\u00e7e - MyVize Vize Ba\u015fvuru Merkezi<\/title>\n<meta name=\"description\" content=\"Estonya form ve dilek\u00e7e 2022 g\u00fcncel payla\u015f\u0131mlar. Estonya form doldurma ve dilek\u00e7e yaz\u0131m\u0131na dair do\u011fru bilgiler.\" \/>\n<meta name=\"robots\" content=\"index, follow, max-snippet:-1, max-image-preview:large, max-video-preview:-1\" \/>\n<link rel=\"canonical\" href=\"https:\/\/www.myvize.com.tr\/estonya\/form-ve-dilekce\/\" \/>\n<meta property=\"og:locale\" content=\"tr_TR\" \/>\n<meta property=\"og:type\" content=\"article\" \/>\n<meta property=\"og:title\" content=\"Estonya Form Ve Dilek\u00e7e - MyVize Vize Ba\u015fvuru Merkezi\" \/>\n<meta property=\"og:description\" content=\"Estonya form ve dilek\u00e7e 2022 g\u00fcncel payla\u015f\u0131mlar. Estonya form doldurma ve dilek\u00e7e yaz\u0131m\u0131na dair do\u011fru bilgiler.\" \/>\n<meta property=\"og:url\" content=\"https:\/\/www.myvize.com.tr\/estonya\/form-ve-dilekce\/\" \/>\n<meta property=\"og:site_name\" content=\"Estonya Vizesi\" \/>\n<meta property=\"article:modified_time\" content=\"2022-04-07T11:19:50+00:00\" \/>\n<meta name=\"twitter:card\" content=\"summary_large_image\" \/>\n<meta name=\"twitter:label1\" content=\"Tahmini okuma s\u00fcresi\" \/>\n\t<meta name=\"twitter:data1\" content=\"3 dakika\" \/>\n<script type=\"application\/ld+json\" class=\"yoast-schema-graph\">{\"@context\":\"https:\/\/schema.org\",\"@graph\":[{\"@type\":\"WebPage\",\"@id\":\"https:\/\/www.myvize.com.tr\/estonya\/form-ve-dilekce\/\",\"url\":\"https:\/\/www.myvize.com.tr\/estonya\/form-ve-dilekce\/\",\"name\":\"Estonya Form Ve Dilek\u00e7e - MyVize Vize Ba\u015fvuru Merkezi\",\"isPartOf\":{\"@id\":\"https:\/\/www.myvize.com.tr\/estonya\/#website\"},\"datePublished\":\"2020-12-24T11:20:18+00:00\",\"dateModified\":\"2022-04-07T11:19:50+00:00\",\"description\":\"Estonya form ve dilek\u00e7e 2022 g\u00fcncel payla\u015f\u0131mlar. Estonya form doldurma ve dilek\u00e7e yaz\u0131m\u0131na dair do\u011fru bilgiler.\",\"breadcrumb\":{\"@id\":\"https:\/\/www.myvize.com.tr\/estonya\/form-ve-dilekce\/#breadcrumb\"},\"inLanguage\":\"tr\",\"potentialAction\":[{\"@type\":\"ReadAction\",\"target\":[\"https:\/\/www.myvize.com.tr\/estonya\/form-ve-dilekce\/\"]}]},{\"@type\":\"BreadcrumbList\",\"@id\":\"https:\/\/www.myvize.com.tr\/estonya\/form-ve-dilekce\/#breadcrumb\",\"itemListElement\":[{\"@type\":\"ListItem\",\"position\":1,\"name\":\"Anasayfa\",\"item\":\"https:\/\/www.myvize.com.tr\/estonya\/\"},{\"@type\":\"ListItem\",\"position\":2,\"name\":\"FORM VE D\u0130LEK\u00c7E\"}]},{\"@type\":\"WebSite\",\"@id\":\"https:\/\/www.myvize.com.tr\/estonya\/#website\",\"url\":\"https:\/\/www.myvize.com.tr\/estonya\/\",\"name\":\"Estonya Vizesi\",\"description\":\"\",\"potentialAction\":[{\"@type\":\"SearchAction\",\"target\":{\"@type\":\"EntryPoint\",\"urlTemplate\":\"https:\/\/www.myvize.com.tr\/estonya\/?s={search_term_string}\"},\"query-input\":{\"@type\":\"PropertyValueSpecification\",\"valueRequired\":true,\"valueName\":\"search_term_string\"}}],\"inLanguage\":\"tr\"}]}<\/script>\n<!-- \/ Yoast SEO plugin. -->","yoast_head_json":{"title":"Estonya Form Ve Dilek\u00e7e - MyVize Vize Ba\u015fvuru Merkezi","description":"Estonya form ve dilek\u00e7e 2022 g\u00fcncel payla\u015f\u0131mlar. Estonya form doldurma ve dilek\u00e7e yaz\u0131m\u0131na dair do\u011fru bilgiler.","robots":{"index":"index","follow":"follow","max-snippet":"max-snippet:-1","max-image-preview":"max-image-preview:large","max-video-preview":"max-video-preview:-1"},"canonical":"https:\/\/www.myvize.com.tr\/estonya\/form-ve-dilekce\/","og_locale":"tr_TR","og_type":"article","og_title":"Estonya Form Ve Dilek\u00e7e - MyVize Vize Ba\u015fvuru Merkezi","og_description":"Estonya form ve dilek\u00e7e 2022 g\u00fcncel payla\u015f\u0131mlar. Estonya form doldurma ve dilek\u00e7e yaz\u0131m\u0131na dair do\u011fru bilgiler.","og_url":"https:\/\/www.myvize.com.tr\/estonya\/form-ve-dilekce\/","og_site_name":"Estonya Vizesi","article_modified_time":"2022-04-07T11:19:50+00:00","twitter_card":"summary_large_image","twitter_misc":{"Tahmini okuma s\u00fcresi":"3 dakika"},"schema":{"@context":"https:\/\/schema.org","@graph":[{"@type":"WebPage","@id":"https:\/\/www.myvize.com.tr\/estonya\/form-ve-dilekce\/","url":"https:\/\/www.myvize.com.tr\/estonya\/form-ve-dilekce\/","name":"Estonya Form Ve Dilek\u00e7e - MyVize Vize Ba\u015fvuru Merkezi","isPartOf":{"@id":"https:\/\/www.myvize.com.tr\/estonya\/#website"},"datePublished":"2020-12-24T11:20:18+00:00","dateModified":"2022-04-07T11:19:50+00:00","description":"Estonya form ve dilek\u00e7e 2022 g\u00fcncel payla\u015f\u0131mlar. Estonya form doldurma ve dilek\u00e7e yaz\u0131m\u0131na dair do\u011fru bilgiler.","breadcrumb":{"@id":"https:\/\/www.myvize.com.tr\/estonya\/form-ve-dilekce\/#breadcrumb"},"inLanguage":"tr","potentialAction":[{"@type":"ReadAction","target":["https:\/\/www.myvize.com.tr\/estonya\/form-ve-dilekce\/"]}]},{"@type":"BreadcrumbList","@id":"https:\/\/www.myvize.com.tr\/estonya\/form-ve-dilekce\/#breadcrumb","itemListElement":[{"@type":"ListItem","position":1,"name":"Anasayfa","item":"https:\/\/www.myvize.com.tr\/estonya\/"},{"@type":"ListItem","position":2,"name":"FORM VE D\u0130LEK\u00c7E"}]},{"@type":"WebSite","@id":"https:\/\/www.myvize.com.tr\/estonya\/#website","url":"https:\/\/www.myvize.com.tr\/estonya\/","name":"Estonya Vizesi","description":"","potentialAction":[{"@type":"SearchAction","target":{"@type":"EntryPoint","urlTemplate":"https:\/\/www.myvize.com.tr\/estonya\/?s={search_term_string}"},"query-input":{"@type":"PropertyValueSpecification","valueRequired":true,"valueName":"search_term_string"}}],"inLanguage":"tr"}]}},"_links":{"self":[{"href":"https:\/\/www.myvize.com.tr\/estonya\/wp-json\/wp\/v2\/pages\/168","targetHints":{"allow":["GET"]}}],"collection":[{"href":"https:\/\/www.myvize.com.tr\/estonya\/wp-json\/wp\/v2\/pages"}],"about":[{"href":"https:\/\/www.myvize.com.tr\/estonya\/wp-json\/wp\/v2\/types\/page"}],"author":[{"embeddable":true,"href":"https:\/\/www.myvize.com.tr\/estonya\/wp-json\/wp\/v2\/users\/1"}],"replies":[{"embeddable":true,"href":"https:\/\/www.myvize.com.tr\/estonya\/wp-json\/wp\/v2\/comments?post=168"}],"version-history":[{"count":5,"href":"https:\/\/www.myvize.com.tr\/estonya\/wp-json\/wp\/v2\/pages\/168\/revisions"}],"predecessor-version":[{"id":744,"href":"https:\/\/www.myvize.com.tr\/estonya\/wp-json\/wp\/v2\/pages\/168\/revisions\/744"}],"wp:attachment":[{"href":"https:\/\/www.myvize.com.tr\/estonya\/wp-json\/wp\/v2\/media?parent=168"}],"curies":[{"name":"wp","href":"https:\/\/api.w.org\/{rel}","templated":true}]}}