{"id":176,"date":"2020-12-24T14:22:21","date_gmt":"2020-12-24T11:22:21","guid":{"rendered":"https:\/\/www.myvize.com.tr\/estonya\/?page_id=176"},"modified":"2022-04-07T14:14:08","modified_gmt":"2022-04-07T11:14:08","slug":"ogrenci-oturum-izni","status":"publish","type":"page","link":"https:\/\/www.myvize.com.tr\/estonya\/oturum-2\/ogrenci-oturum-izni\/","title":{"rendered":"Estonya \u00d6\u011frenci Oturum \u0130zni"},"content":{"rendered":"<h2><strong><span style=\"font-family: Roboto; font-size: 27px;\">Estonya \u00d6\u011frenci Oturum \u0130zni 2022<\/span><\/strong><\/h2>\n<p><span style=\"font-family: Roboto; font-size: 14px;\">Estonya vatanda\u015f\u0131 veya AB vatanda\u015f\u0131 olmayan t\u00fcm \u00f6\u011frencilerin tam lisans program\u0131nda \u00f6\u011frenim g\u00f6rmek i\u00e7in ge\u00e7ici oturma iznine ihtiya\u00e7lar\u0131 vard\u0131r. AB vatanda\u015flar\u0131 Estonya&#8217;da ge\u00e7ici oturma hakk\u0131 elde etmelidir. Vize ve <span style=\"color: #2acec2;\"><strong><a style=\"color: #2acec2;\" href=\"https:\/\/www.myvize.com.tr\/estonya\/vize-islemleri\/estonya-oturum-izni\/\" target=\"_blank\" rel=\"noopener\">Estonya oturum izni <\/a><\/strong><\/span>ba\u015fvuru s\u00fcreci genellikle \u00f6\u011frencinin se\u00e7ilen programa kabul edilmesinden ve \u00fcniversitenin gerekli kabul belgelerini \u00f6\u011frenciye g\u00f6ndermesinden sonra ba\u015flar. Sonras\u0131nda ise Estonya \u00f6\u011frenci oturum izni al\u0131nabilir.<\/span><\/p>\n<p><span style=\"font-family: Roboto; font-size: 14px;\">\u00dc\u00e7\u00fcnc\u00fc \u00fclke vatanda\u015f\u0131 olan \u00f6\u011frencilerin, Estonya Cumhuriyeti&#8217;ndeki en yak\u0131n yabanc\u0131 temsilcili\u011fine ba\u015fvurmalar\u0131 ve\u00a0uzun s\u00fcreli vize (D tipi) ba\u015fvurusunda bulunmak\u00a0i\u00e7in rezervasyon yapt\u0131rmalar\u0131 gerekmektedir. <strong>Estonya \u00f6\u011frenci oturum izni<\/strong> ba\u015fvurusunun ilk a\u015famas\u0131 bu \u015fekildedir.<\/span><\/p>\n<p><span style=\"font-family: Roboto; font-size: 14px;\">Vize ba\u015fvurusunun yabanc\u0131 bir temsilcili\u011fe i\u015flenmesi 10-30 takvim g\u00fcn\u00fc s\u00fcrebilir.\u00a0Seyahat d\u00fczenlemelerinizi vizeniz \u00e7\u0131kt\u0131ktan sonra yapmaya ba\u015flayabilirsiniz.\u00a0Estonya&#8217;ya geldikten sonra e\u011fitiminize ba\u015flayabilirsiniz!\u00a0E\u011fitiminiz bir y\u0131ldan uzun\u00a0s\u00fcrecekse, okumak i\u00e7in ge\u00e7ici oturma iznine\u00a0ba\u015fvurman\u0131z gerekecektir.\u00a0Bu,<strong> Estonya \u00f6\u011frenci oturum izni<\/strong> olarak bilinir. Belgelerin hizmet ofisine teslim edilmesinden sonra, ge\u00e7ici ikamet izninin verilmesine veya reddine, ortalama olarak\u00a02 ay\u00a0i\u00e7inde karar verilir. Oturma izninin verilmesinden sonraki bir ay i\u00e7inde, ikamet yerinizi n\u00fcfus k\u00fct\u00fc\u011f\u00fcne kaydettirmekle y\u00fck\u00fcml\u00fcs\u00fcn\u00fcz.<\/span><\/p>\n<h2><strong><span style=\"font-family: Roboto; font-size: 27px;\">Estonya \u00d6\u011frenci Oturum \u0130zni Hakk\u0131nda<\/span><\/strong><\/h2>\n<p><span style=\"font-family: Roboto; font-size: 14px;\">Estonya\u2019da e\u011fitim almak isteyen T\u00fcrk vatanda\u015flar\u0131n\u0131n Estonya \u00f6\u011frenci vizesi almas\u0131 gerekmektedir. Estonya \u00f6\u011frenci vizesi ba\u015fvurusunda bulunacak olan ki\u015filer ba\u015fvurular\u0131 Estonya\u2019n\u0131n T\u00fcrkiye\u2019de bulunan temsilcili\u011fine yapmal\u0131d\u0131r. <strong>Estonya \u00f6\u011frenci oturum izni<\/strong> alacak olan ki\u015filer<strong> Estonya ulusal vizesi<\/strong> almal\u0131d\u0131r. Bu vize \u00fclkede 90 g\u00fcnden fazla s\u00fcrede kalman\u0131z\u0131 sa\u011flamaktad\u0131r. <strong>Estonya \u00f6\u011frenci oturum izni<\/strong> alacak olan ki\u015filerin \u00f6ncelikle <strong>Estonya e\u011fitim vizesi<\/strong> alams\u0131 gerekmektedir.<\/span><\/p>\n<p><span style=\"font-family: Roboto; font-size: 14px;\"><strong>Estonya \u00f6\u011frenci oturum izni<\/strong> alacak olan ki\u015filer, ba\u015fvurular\u0131n\u0131 Estonya\u2019n\u0131n T\u00fcrkiye\u2019de bulunan temsilcili\u011fine yapmal\u0131d\u0131r. Ba\u015fvuru i\u00e7in \u00f6ncelikle <strong>Estonya ulusal vize ba\u015fvuru formu<\/strong> doldurmal\u0131d\u0131r.<span style=\"color: #2acec2;\"><strong><a style=\"color: #2acec2;\" href=\"https:\/\/www.myvize.com.tr\/estonya\/vize-islemleri\/estonya-vize-basvuru-formu\/\" target=\"_blank\" rel=\"noopener\"> Estonya vize ba\u015fvuru formu<\/a><\/strong><\/span> dolduran ki\u015filer, Estonya temsilcili\u011finden randevu almal\u0131d\u0131r. Randevu tarihine kadar gerekli olan belgeleri haz\u0131rlamal\u0131 ve randevu tarihinde teslim etmelidir.<\/span><\/p>\n<p><span style=\"font-family: Roboto; font-size: 14px;\"><strong>Estonya \u00f6\u011frenci oturum izni<\/strong> alacak olan ki\u015filerin, Estonya\u2019da bulunaca\u011f\u0131 s\u00fcre i\u00e7erisinde b\u00fct\u00fcn masraflar\u0131n\u0131 kar\u015f\u0131layabilecek olmal\u0131d\u0131r. Ayr\u0131ca ba\u015fvuru sahibi Seyahat Sa\u011fl\u0131k Sigortas\u0131 yapt\u0131rmal\u0131d\u0131r. Bu sigortan\u0131n en az 30.000 Euro teminat\u0131nda olmas\u0131 gerekmektedir.<\/span><\/p>\n<p><span style=\"font-family: Roboto; font-size: 14px;\"><strong>Estonya \u00f6\u011frenci oturum izni<\/strong> alacak olan ki\u015filerin, Estonya\u2019da bulunan bir e\u011fitim kurumundan davet almas\u0131 gerekmektedir. Davetiye olmayan Estonya \u00f6\u011frenci oturum izni ba\u015fvurular\u0131 reddedilmektedir.<\/span><\/p>\n","protected":false},"excerpt":{"rendered":"<p>Estonya \u00d6\u011frenci Oturum \u0130zni 2022 Estonya vatanda\u015f\u0131 veya AB vatanda\u015f\u0131 olmayan t\u00fcm \u00f6\u011frencilerin tam lisans program\u0131nda \u00f6\u011frenim g\u00f6rmek i\u00e7in ge\u00e7ici oturma iznine ihtiya\u00e7lar\u0131 vard\u0131r. AB vatanda\u015flar\u0131 Estonya&#8217;da ge\u00e7ici oturma hakk\u0131 elde etmelidir. Vize ve Estonya oturum izni ba\u015fvuru s\u00fcreci genellikle \u00f6\u011frencinin se\u00e7ilen programa kabul edilmesinden ve \u00fcniversitenin gerekli kabul belgelerini \u00f6\u011frenciye g\u00f6ndermesinden sonra ba\u015flar. Sonras\u0131nda<\/p>\n","protected":false},"author":1,"featured_media":0,"parent":162,"menu_order":0,"comment_status":"open","ping_status":"closed","template":"","meta":{"footnotes":""},"class_list":["post-176","page","type-page","status-publish","hentry"],"yoast_head":"<!-- This site is optimized with the Yoast SEO plugin v24.0 - https:\/\/yoast.com\/wordpress\/plugins\/seo\/ -->\n<title>Estonya \u00d6\u011frenci Oturum \u0130zni Vizesi - MyVize<\/title>\n<meta name=\"description\" content=\"Estonya \u00f6\u011frenci oturum izni i\u00e7in gerekli evraklar ve \u015fartlar nelerdir? Estonya \u00f6\u011frenci oturum izni vizesi i\u00e7in g\u00f6rsel anlat\u0131m.\" \/>\n<meta name=\"robots\" content=\"index, follow, max-snippet:-1, max-image-preview:large, max-video-preview:-1\" \/>\n<link rel=\"canonical\" href=\"https:\/\/www.myvize.com.tr\/estonya\/oturum-2\/ogrenci-oturum-izni\/\" \/>\n<meta property=\"og:locale\" content=\"tr_TR\" \/>\n<meta property=\"og:type\" content=\"article\" \/>\n<meta property=\"og:title\" content=\"Estonya \u00d6\u011frenci Oturum \u0130zni Vizesi - MyVize\" \/>\n<meta property=\"og:description\" content=\"Estonya \u00f6\u011frenci oturum izni i\u00e7in gerekli evraklar ve \u015fartlar nelerdir? Estonya \u00f6\u011frenci oturum izni vizesi i\u00e7in g\u00f6rsel anlat\u0131m.\" \/>\n<meta property=\"og:url\" content=\"https:\/\/www.myvize.com.tr\/estonya\/oturum-2\/ogrenci-oturum-izni\/\" \/>\n<meta property=\"og:site_name\" content=\"Estonya Vizesi\" \/>\n<meta property=\"article:modified_time\" content=\"2022-04-07T11:14:08+00:00\" \/>\n<meta name=\"twitter:card\" content=\"summary_large_image\" \/>\n<meta name=\"twitter:label1\" content=\"Tahmini okuma s\u00fcresi\" \/>\n\t<meta name=\"twitter:data1\" content=\"2 dakika\" \/>\n<script type=\"application\/ld+json\" class=\"yoast-schema-graph\">{\"@context\":\"https:\/\/schema.org\",\"@graph\":[{\"@type\":\"WebPage\",\"@id\":\"https:\/\/www.myvize.com.tr\/estonya\/oturum-2\/ogrenci-oturum-izni\/\",\"url\":\"https:\/\/www.myvize.com.tr\/estonya\/oturum-2\/ogrenci-oturum-izni\/\",\"name\":\"Estonya \u00d6\u011frenci Oturum \u0130zni Vizesi - MyVize\",\"isPartOf\":{\"@id\":\"https:\/\/www.myvize.com.tr\/estonya\/#website\"},\"datePublished\":\"2020-12-24T11:22:21+00:00\",\"dateModified\":\"2022-04-07T11:14:08+00:00\",\"description\":\"Estonya \u00f6\u011frenci oturum izni i\u00e7in gerekli evraklar ve \u015fartlar nelerdir? Estonya \u00f6\u011frenci oturum izni vizesi i\u00e7in g\u00f6rsel anlat\u0131m.\",\"breadcrumb\":{\"@id\":\"https:\/\/www.myvize.com.tr\/estonya\/oturum-2\/ogrenci-oturum-izni\/#breadcrumb\"},\"inLanguage\":\"tr\",\"potentialAction\":[{\"@type\":\"ReadAction\",\"target\":[\"https:\/\/www.myvize.com.tr\/estonya\/oturum-2\/ogrenci-oturum-izni\/\"]}]},{\"@type\":\"BreadcrumbList\",\"@id\":\"https:\/\/www.myvize.com.tr\/estonya\/oturum-2\/ogrenci-oturum-izni\/#breadcrumb\",\"itemListElement\":[{\"@type\":\"ListItem\",\"position\":1,\"name\":\"Anasayfa\",\"item\":\"https:\/\/www.myvize.com.tr\/estonya\/\"},{\"@type\":\"ListItem\",\"position\":2,\"name\":\"ESTONYA OTURUM KARTI\",\"item\":\"https:\/\/www.myvize.com.tr\/estonya\/oturum-2\/\"},{\"@type\":\"ListItem\",\"position\":3,\"name\":\"Estonya \u00d6\u011frenci Oturum \u0130zni\"}]},{\"@type\":\"WebSite\",\"@id\":\"https:\/\/www.myvize.com.tr\/estonya\/#website\",\"url\":\"https:\/\/www.myvize.com.tr\/estonya\/\",\"name\":\"Estonya Vizesi\",\"description\":\"\",\"potentialAction\":[{\"@type\":\"SearchAction\",\"target\":{\"@type\":\"EntryPoint\",\"urlTemplate\":\"https:\/\/www.myvize.com.tr\/estonya\/?s={search_term_string}\"},\"query-input\":{\"@type\":\"PropertyValueSpecification\",\"valueRequired\":true,\"valueName\":\"search_term_string\"}}],\"inLanguage\":\"tr\"}]}<\/script>\n<!-- \/ Yoast SEO plugin. -->","yoast_head_json":{"title":"Estonya \u00d6\u011frenci Oturum \u0130zni Vizesi - MyVize","description":"Estonya \u00f6\u011frenci oturum izni i\u00e7in gerekli evraklar ve \u015fartlar nelerdir? Estonya \u00f6\u011frenci oturum izni vizesi i\u00e7in g\u00f6rsel anlat\u0131m.","robots":{"index":"index","follow":"follow","max-snippet":"max-snippet:-1","max-image-preview":"max-image-preview:large","max-video-preview":"max-video-preview:-1"},"canonical":"https:\/\/www.myvize.com.tr\/estonya\/oturum-2\/ogrenci-oturum-izni\/","og_locale":"tr_TR","og_type":"article","og_title":"Estonya \u00d6\u011frenci Oturum \u0130zni Vizesi - MyVize","og_description":"Estonya \u00f6\u011frenci oturum izni i\u00e7in gerekli evraklar ve \u015fartlar nelerdir? Estonya \u00f6\u011frenci oturum izni vizesi i\u00e7in g\u00f6rsel anlat\u0131m.","og_url":"https:\/\/www.myvize.com.tr\/estonya\/oturum-2\/ogrenci-oturum-izni\/","og_site_name":"Estonya Vizesi","article_modified_time":"2022-04-07T11:14:08+00:00","twitter_card":"summary_large_image","twitter_misc":{"Tahmini okuma s\u00fcresi":"2 dakika"},"schema":{"@context":"https:\/\/schema.org","@graph":[{"@type":"WebPage","@id":"https:\/\/www.myvize.com.tr\/estonya\/oturum-2\/ogrenci-oturum-izni\/","url":"https:\/\/www.myvize.com.tr\/estonya\/oturum-2\/ogrenci-oturum-izni\/","name":"Estonya \u00d6\u011frenci Oturum \u0130zni Vizesi - MyVize","isPartOf":{"@id":"https:\/\/www.myvize.com.tr\/estonya\/#website"},"datePublished":"2020-12-24T11:22:21+00:00","dateModified":"2022-04-07T11:14:08+00:00","description":"Estonya \u00f6\u011frenci oturum izni i\u00e7in gerekli evraklar ve \u015fartlar nelerdir? Estonya \u00f6\u011frenci oturum izni vizesi i\u00e7in g\u00f6rsel anlat\u0131m.","breadcrumb":{"@id":"https:\/\/www.myvize.com.tr\/estonya\/oturum-2\/ogrenci-oturum-izni\/#breadcrumb"},"inLanguage":"tr","potentialAction":[{"@type":"ReadAction","target":["https:\/\/www.myvize.com.tr\/estonya\/oturum-2\/ogrenci-oturum-izni\/"]}]},{"@type":"BreadcrumbList","@id":"https:\/\/www.myvize.com.tr\/estonya\/oturum-2\/ogrenci-oturum-izni\/#breadcrumb","itemListElement":[{"@type":"ListItem","position":1,"name":"Anasayfa","item":"https:\/\/www.myvize.com.tr\/estonya\/"},{"@type":"ListItem","position":2,"name":"ESTONYA OTURUM KARTI","item":"https:\/\/www.myvize.com.tr\/estonya\/oturum-2\/"},{"@type":"ListItem","position":3,"name":"Estonya \u00d6\u011frenci Oturum \u0130zni"}]},{"@type":"WebSite","@id":"https:\/\/www.myvize.com.tr\/estonya\/#website","url":"https:\/\/www.myvize.com.tr\/estonya\/","name":"Estonya Vizesi","description":"","potentialAction":[{"@type":"SearchAction","target":{"@type":"EntryPoint","urlTemplate":"https:\/\/www.myvize.com.tr\/estonya\/?s={search_term_string}"},"query-input":{"@type":"PropertyValueSpecification","valueRequired":true,"valueName":"search_term_string"}}],"inLanguage":"tr"}]}},"_links":{"self":[{"href":"https:\/\/www.myvize.com.tr\/estonya\/wp-json\/wp\/v2\/pages\/176","targetHints":{"allow":["GET"]}}],"collection":[{"href":"https:\/\/www.myvize.com.tr\/estonya\/wp-json\/wp\/v2\/pages"}],"about":[{"href":"https:\/\/www.myvize.com.tr\/estonya\/wp-json\/wp\/v2\/types\/page"}],"author":[{"embeddable":true,"href":"https:\/\/www.myvize.com.tr\/estonya\/wp-json\/wp\/v2\/users\/1"}],"replies":[{"embeddable":true,"href":"https:\/\/www.myvize.com.tr\/estonya\/wp-json\/wp\/v2\/comments?post=176"}],"version-history":[{"count":5,"href":"https:\/\/www.myvize.com.tr\/estonya\/wp-json\/wp\/v2\/pages\/176\/revisions"}],"predecessor-version":[{"id":741,"href":"https:\/\/www.myvize.com.tr\/estonya\/wp-json\/wp\/v2\/pages\/176\/revisions\/741"}],"up":[{"embeddable":true,"href":"https:\/\/www.myvize.com.tr\/estonya\/wp-json\/wp\/v2\/pages\/162"}],"wp:attachment":[{"href":"https:\/\/www.myvize.com.tr\/estonya\/wp-json\/wp\/v2\/media?parent=176"}],"curies":[{"name":"wp","href":"https:\/\/api.w.org\/{rel}","templated":true}]}}