{"id":178,"date":"2020-12-24T14:22:43","date_gmt":"2020-12-24T11:22:43","guid":{"rendered":"https:\/\/www.myvize.com.tr\/estonya\/?page_id=178"},"modified":"2022-04-07T14:20:59","modified_gmt":"2022-04-07T11:20:59","slug":"estonya-vatandaslik-islemleri","status":"publish","type":"page","link":"https:\/\/www.myvize.com.tr\/estonya\/vatandaslik\/estonya-vatandaslik-islemleri\/","title":{"rendered":"Estonya Vatanda\u015fl\u0131k \u0130\u015flemleri"},"content":{"rendered":"<h2><span style=\"font-family: Roboto; font-size: 27px;\">Estonya Vatanda\u015fl\u0131k \u0130\u015flemleri Nas\u0131l Yap\u0131l\u0131r?<\/span><\/h2>\n<p><span style=\"font-family: Roboto; font-size: 14px;\">Estonya\u2019da ya\u015famay\u0131 planl\u0131yorsan\u0131z, <strong>Estonya vatanda\u015fl\u0131k i\u015flemleri<\/strong> nas\u0131l yap\u0131l\u0131r diye merak ediyor olabilirsiniz. <strong>Estonya vatanda\u015fl\u0131\u011f\u0131<\/strong>, Estonya vatanda\u015f\u0131 ile Estonya devleti aras\u0131nda, her iki taraf i\u00e7in de hak ve y\u00fck\u00fcml\u00fcl\u00fckler i\u00e7eren yasal bir s\u00f6zle\u015fmedir.\u00a0Hi\u00e7 kimse do\u011fu\u015ftan vatanda\u015fl\u0131ktan mahrum edilemez.\u00a0Bir Estonya vatanda\u015f\u0131 ayn\u0131 anda ba\u015fka bir \u00fclkenin vatanda\u015fl\u0131\u011f\u0131na sahip olamaz.<strong>\u00a0Estonya vatanda\u015fl\u0131\u011f\u0131<\/strong>, ba\u015fka bir \u00fclkenin vatanda\u015fl\u0131\u011f\u0131n\u0131 kabul ederek kaybedilir.\u00a0Ebeveynlerinin farkl\u0131 vatanda\u015fl\u0131klar\u0131 varsa, bir \u00e7ocuk birden fazla vatanda\u015fl\u0131\u011fa sahip olabilir.\u00a0Ancak 18 ya\u015f\u0131na gelen bir \u00e7ocuk, \u00fc\u00e7 y\u0131l i\u00e7inde ya Estonya vatanda\u015fl\u0131\u011f\u0131ndan ya da di\u011fer \u00fclkenin vatanda\u015fl\u0131\u011f\u0131ndan vazge\u00e7melidir. Peki <strong>Estonya vatanda\u015fl\u0131k i\u015flemleri<\/strong> nas\u0131l yap\u0131l\u0131r?<\/span><\/p>\n<p><span style=\"font-family: Roboto; font-size: 14px;\">\u00dclkede uzun d\u00f6nem oturma izniniz veya daimi ikamet hakk\u0131n\u0131z varsa, ba\u015fvuruda bulunmadan \u00f6nce, en az son be\u015f y\u0131l\u0131 daimi olarak olmak \u00fczere, oturma izni veya oturma hakk\u0131 nedeniyle en az sekiz y\u0131l Estonya&#8217;da ya\u015fad\u0131ysan\u0131z, yasal bir geliriniz varsa ve ikametiniz Estonya n\u00fcfus siciline kay\u0131tl\u0131 ise vatanda\u015fl\u0131k i\u00e7in ba\u015fvuru hakk\u0131n\u0131z olur. Bunun i\u00e7in \u00f6ncelikle <strong>Estonca dil yeterlilik<\/strong> s\u0131nav\u0131na girmeniz ve ge\u00e7erli bir puan alman\u0131z gerekir. Sonras\u0131nda ise Estonya Cumhuriyeti Anayasas\u0131 ve Vatanda\u015fl\u0131k bilgileri hakk\u0131nda bir s\u0131nava girmeniz istenir. Bu s\u0131nav\u0131 ba\u015far\u0131yla tamamlad\u0131ktan sonra ilgili kurumlara ba\u015fvurunuzu yapabilirsiniz.<\/span><\/p>\n<p><span style=\"font-family: Roboto; font-size: 14px;\"><span style=\"color: #2acec2;\"><strong><a style=\"color: #2acec2;\" href=\"https:\/\/www.myvize.com.tr\/estonya\/vize-islemleri\/estonya-vizesi\/\" target=\"_blank\" rel=\"noopener\">Estonya Vizesi<\/a><\/strong><\/span> ile ilgili bilgi almak i\u00e7in bizi aray\u0131n.<\/span><\/p>\n","protected":false},"excerpt":{"rendered":"<p>Estonya Vatanda\u015fl\u0131k \u0130\u015flemleri Nas\u0131l Yap\u0131l\u0131r? Estonya\u2019da ya\u015famay\u0131 planl\u0131yorsan\u0131z, Estonya vatanda\u015fl\u0131k i\u015flemleri nas\u0131l yap\u0131l\u0131r diye merak ediyor olabilirsiniz. Estonya vatanda\u015fl\u0131\u011f\u0131, Estonya vatanda\u015f\u0131 ile Estonya devleti aras\u0131nda, her iki taraf i\u00e7in de hak ve y\u00fck\u00fcml\u00fcl\u00fckler i\u00e7eren yasal bir s\u00f6zle\u015fmedir.\u00a0Hi\u00e7 kimse do\u011fu\u015ftan vatanda\u015fl\u0131ktan mahrum edilemez.\u00a0Bir Estonya vatanda\u015f\u0131 ayn\u0131 anda ba\u015fka bir \u00fclkenin vatanda\u015fl\u0131\u011f\u0131na sahip olamaz.\u00a0Estonya vatanda\u015fl\u0131\u011f\u0131, ba\u015fka bir<\/p>\n","protected":false},"author":1,"featured_media":0,"parent":165,"menu_order":0,"comment_status":"open","ping_status":"closed","template":"","meta":{"footnotes":""},"class_list":["post-178","page","type-page","status-publish","hentry"],"yoast_head":"<!-- This site is optimized with the Yoast SEO plugin v24.0 - https:\/\/yoast.com\/wordpress\/plugins\/seo\/ -->\n<title>Estonya Vatanda\u015fl\u0131k \u0130\u015flemleri - Estonya Vize - MyVize<\/title>\n<meta name=\"description\" content=\"Estonya vatanda\u015fl\u0131\u011f\u0131 ba\u015fvuru belgeleri. Estonya vatanda\u015fl\u0131\u011f\u0131 i\u00e7in gerekli \u015fartlar. Estonya vatanda\u015fl\u0131k i\u015flemleri.\" \/>\n<meta name=\"robots\" content=\"index, follow, max-snippet:-1, max-image-preview:large, max-video-preview:-1\" \/>\n<link rel=\"canonical\" href=\"https:\/\/www.myvize.com.tr\/estonya\/vatandaslik\/estonya-vatandaslik-islemleri\/\" \/>\n<meta property=\"og:locale\" content=\"tr_TR\" \/>\n<meta property=\"og:type\" content=\"article\" \/>\n<meta property=\"og:title\" content=\"Estonya Vatanda\u015fl\u0131k \u0130\u015flemleri - Estonya Vize - MyVize\" \/>\n<meta property=\"og:description\" content=\"Estonya vatanda\u015fl\u0131\u011f\u0131 ba\u015fvuru belgeleri. Estonya vatanda\u015fl\u0131\u011f\u0131 i\u00e7in gerekli \u015fartlar. Estonya vatanda\u015fl\u0131k i\u015flemleri.\" \/>\n<meta property=\"og:url\" content=\"https:\/\/www.myvize.com.tr\/estonya\/vatandaslik\/estonya-vatandaslik-islemleri\/\" \/>\n<meta property=\"og:site_name\" content=\"Estonya Vizesi\" \/>\n<meta property=\"article:modified_time\" content=\"2022-04-07T11:20:59+00:00\" \/>\n<meta name=\"twitter:card\" content=\"summary_large_image\" \/>\n<meta name=\"twitter:label1\" content=\"Tahmini okuma s\u00fcresi\" \/>\n\t<meta name=\"twitter:data1\" content=\"1 dakika\" \/>\n<script type=\"application\/ld+json\" class=\"yoast-schema-graph\">{\"@context\":\"https:\/\/schema.org\",\"@graph\":[{\"@type\":\"WebPage\",\"@id\":\"https:\/\/www.myvize.com.tr\/estonya\/vatandaslik\/estonya-vatandaslik-islemleri\/\",\"url\":\"https:\/\/www.myvize.com.tr\/estonya\/vatandaslik\/estonya-vatandaslik-islemleri\/\",\"name\":\"Estonya Vatanda\u015fl\u0131k \u0130\u015flemleri - Estonya Vize - MyVize\",\"isPartOf\":{\"@id\":\"https:\/\/www.myvize.com.tr\/estonya\/#website\"},\"datePublished\":\"2020-12-24T11:22:43+00:00\",\"dateModified\":\"2022-04-07T11:20:59+00:00\",\"description\":\"Estonya vatanda\u015fl\u0131\u011f\u0131 ba\u015fvuru belgeleri. Estonya vatanda\u015fl\u0131\u011f\u0131 i\u00e7in gerekli \u015fartlar. Estonya vatanda\u015fl\u0131k i\u015flemleri.\",\"breadcrumb\":{\"@id\":\"https:\/\/www.myvize.com.tr\/estonya\/vatandaslik\/estonya-vatandaslik-islemleri\/#breadcrumb\"},\"inLanguage\":\"tr\",\"potentialAction\":[{\"@type\":\"ReadAction\",\"target\":[\"https:\/\/www.myvize.com.tr\/estonya\/vatandaslik\/estonya-vatandaslik-islemleri\/\"]}]},{\"@type\":\"BreadcrumbList\",\"@id\":\"https:\/\/www.myvize.com.tr\/estonya\/vatandaslik\/estonya-vatandaslik-islemleri\/#breadcrumb\",\"itemListElement\":[{\"@type\":\"ListItem\",\"position\":1,\"name\":\"Anasayfa\",\"item\":\"https:\/\/www.myvize.com.tr\/estonya\/\"},{\"@type\":\"ListItem\",\"position\":2,\"name\":\"VATANDA\u015eLIK\",\"item\":\"https:\/\/www.myvize.com.tr\/estonya\/vatandaslik\/\"},{\"@type\":\"ListItem\",\"position\":3,\"name\":\"Estonya Vatanda\u015fl\u0131k \u0130\u015flemleri\"}]},{\"@type\":\"WebSite\",\"@id\":\"https:\/\/www.myvize.com.tr\/estonya\/#website\",\"url\":\"https:\/\/www.myvize.com.tr\/estonya\/\",\"name\":\"Estonya Vizesi\",\"description\":\"\",\"potentialAction\":[{\"@type\":\"SearchAction\",\"target\":{\"@type\":\"EntryPoint\",\"urlTemplate\":\"https:\/\/www.myvize.com.tr\/estonya\/?s={search_term_string}\"},\"query-input\":{\"@type\":\"PropertyValueSpecification\",\"valueRequired\":true,\"valueName\":\"search_term_string\"}}],\"inLanguage\":\"tr\"}]}<\/script>\n<!-- \/ Yoast SEO plugin. -->","yoast_head_json":{"title":"Estonya Vatanda\u015fl\u0131k \u0130\u015flemleri - Estonya Vize - MyVize","description":"Estonya vatanda\u015fl\u0131\u011f\u0131 ba\u015fvuru belgeleri. Estonya vatanda\u015fl\u0131\u011f\u0131 i\u00e7in gerekli \u015fartlar. Estonya vatanda\u015fl\u0131k i\u015flemleri.","robots":{"index":"index","follow":"follow","max-snippet":"max-snippet:-1","max-image-preview":"max-image-preview:large","max-video-preview":"max-video-preview:-1"},"canonical":"https:\/\/www.myvize.com.tr\/estonya\/vatandaslik\/estonya-vatandaslik-islemleri\/","og_locale":"tr_TR","og_type":"article","og_title":"Estonya Vatanda\u015fl\u0131k \u0130\u015flemleri - Estonya Vize - MyVize","og_description":"Estonya vatanda\u015fl\u0131\u011f\u0131 ba\u015fvuru belgeleri. Estonya vatanda\u015fl\u0131\u011f\u0131 i\u00e7in gerekli \u015fartlar. Estonya vatanda\u015fl\u0131k i\u015flemleri.","og_url":"https:\/\/www.myvize.com.tr\/estonya\/vatandaslik\/estonya-vatandaslik-islemleri\/","og_site_name":"Estonya Vizesi","article_modified_time":"2022-04-07T11:20:59+00:00","twitter_card":"summary_large_image","twitter_misc":{"Tahmini okuma s\u00fcresi":"1 dakika"},"schema":{"@context":"https:\/\/schema.org","@graph":[{"@type":"WebPage","@id":"https:\/\/www.myvize.com.tr\/estonya\/vatandaslik\/estonya-vatandaslik-islemleri\/","url":"https:\/\/www.myvize.com.tr\/estonya\/vatandaslik\/estonya-vatandaslik-islemleri\/","name":"Estonya Vatanda\u015fl\u0131k \u0130\u015flemleri - Estonya Vize - MyVize","isPartOf":{"@id":"https:\/\/www.myvize.com.tr\/estonya\/#website"},"datePublished":"2020-12-24T11:22:43+00:00","dateModified":"2022-04-07T11:20:59+00:00","description":"Estonya vatanda\u015fl\u0131\u011f\u0131 ba\u015fvuru belgeleri. Estonya vatanda\u015fl\u0131\u011f\u0131 i\u00e7in gerekli \u015fartlar. Estonya vatanda\u015fl\u0131k i\u015flemleri.","breadcrumb":{"@id":"https:\/\/www.myvize.com.tr\/estonya\/vatandaslik\/estonya-vatandaslik-islemleri\/#breadcrumb"},"inLanguage":"tr","potentialAction":[{"@type":"ReadAction","target":["https:\/\/www.myvize.com.tr\/estonya\/vatandaslik\/estonya-vatandaslik-islemleri\/"]}]},{"@type":"BreadcrumbList","@id":"https:\/\/www.myvize.com.tr\/estonya\/vatandaslik\/estonya-vatandaslik-islemleri\/#breadcrumb","itemListElement":[{"@type":"ListItem","position":1,"name":"Anasayfa","item":"https:\/\/www.myvize.com.tr\/estonya\/"},{"@type":"ListItem","position":2,"name":"VATANDA\u015eLIK","item":"https:\/\/www.myvize.com.tr\/estonya\/vatandaslik\/"},{"@type":"ListItem","position":3,"name":"Estonya Vatanda\u015fl\u0131k \u0130\u015flemleri"}]},{"@type":"WebSite","@id":"https:\/\/www.myvize.com.tr\/estonya\/#website","url":"https:\/\/www.myvize.com.tr\/estonya\/","name":"Estonya Vizesi","description":"","potentialAction":[{"@type":"SearchAction","target":{"@type":"EntryPoint","urlTemplate":"https:\/\/www.myvize.com.tr\/estonya\/?s={search_term_string}"},"query-input":{"@type":"PropertyValueSpecification","valueRequired":true,"valueName":"search_term_string"}}],"inLanguage":"tr"}]}},"_links":{"self":[{"href":"https:\/\/www.myvize.com.tr\/estonya\/wp-json\/wp\/v2\/pages\/178","targetHints":{"allow":["GET"]}}],"collection":[{"href":"https:\/\/www.myvize.com.tr\/estonya\/wp-json\/wp\/v2\/pages"}],"about":[{"href":"https:\/\/www.myvize.com.tr\/estonya\/wp-json\/wp\/v2\/types\/page"}],"author":[{"embeddable":true,"href":"https:\/\/www.myvize.com.tr\/estonya\/wp-json\/wp\/v2\/users\/1"}],"replies":[{"embeddable":true,"href":"https:\/\/www.myvize.com.tr\/estonya\/wp-json\/wp\/v2\/comments?post=178"}],"version-history":[{"count":5,"href":"https:\/\/www.myvize.com.tr\/estonya\/wp-json\/wp\/v2\/pages\/178\/revisions"}],"predecessor-version":[{"id":746,"href":"https:\/\/www.myvize.com.tr\/estonya\/wp-json\/wp\/v2\/pages\/178\/revisions\/746"}],"up":[{"embeddable":true,"href":"https:\/\/www.myvize.com.tr\/estonya\/wp-json\/wp\/v2\/pages\/165"}],"wp:attachment":[{"href":"https:\/\/www.myvize.com.tr\/estonya\/wp-json\/wp\/v2\/media?parent=178"}],"curies":[{"name":"wp","href":"https:\/\/api.w.org\/{rel}","templated":true}]}}