{"id":182,"date":"2020-12-24T14:23:23","date_gmt":"2020-12-24T11:23:23","guid":{"rendered":"https:\/\/www.myvize.com.tr\/estonya\/?page_id=182"},"modified":"2022-04-07T14:20:48","modified_gmt":"2022-04-07T11:20:48","slug":"turistik-ve-ticari-vize-dilekce-ornegi","status":"publish","type":"page","link":"https:\/\/www.myvize.com.tr\/estonya\/form-ve-dilekce\/turistik-ve-ticari-vize-dilekce-ornegi\/","title":{"rendered":"Estonya Turistik ve Ticari Vize Dilek\u00e7e \u00d6rne\u011fi"},"content":{"rendered":"<h2><strong><span style=\"font-family: Roboto; font-size: 27px;\">Estonya Turistik ve Ticari Vize Dilek\u00e7e \u00d6rne\u011fi 2022<\/span><\/strong><\/h2>\n<p><span style=\"font-family: Roboto; font-size: 14px;\">Estonya\u2019ya ticari ya da turistik ama\u00e7la ziyaret edecekseniz, sizden bir dilek\u00e7e haz\u0131rlaman\u0131z istenir. Bu dilek\u00e7eyi <strong>\u0130stanbul Ba\u015fkonsoloslu\u011funa<\/strong> hitaben yazars\u0131n\u0131z. <strong>Estonya Turistik<\/strong> <strong>ve<\/strong> <strong>Ticari Vize<\/strong> Dilek\u00e7e \u00d6rne\u011fi 2021 baz\u0131 kurallara dikkat etmenizi gerekti\u011fini do\u011frular. Buna g\u00f6re, dilek\u00e7enizi yazarken \u00fclkeye yapaca\u011f\u0131n\u0131z seyahatin amac\u0131n\u0131 net \u015fekilde ifade etmeniz \u00e7ok \u00f6nemli bir detayd\u0131r. Bir tur arac\u0131l\u0131\u011f\u0131 ile \u00fclkeye gidecekseniz ya da Estonya\u2019da ya\u015fayan bir yak\u0131n\u0131n\u0131z\u0131 ziyaret edecekseniz, dilek\u00e7enizde bu bilgiler yer almal\u0131.<\/span><\/p>\n<p><span style=\"font-family: Roboto; font-size: 14px;\">Estonya Turistik ve <strong>Ticari Vize<\/strong> Dilek\u00e7e \u00d6rne\u011fi 2021 i\u00e7in en \u00f6nemli konulardan biri de seyahat tarihlerinin a\u00e7\u0131k olarak belirtilmesidir. Ticari veya <span style=\"color: #2acec2;\"><strong><a style=\"color: #2acec2;\" href=\"https:\/\/www.myvize.com.tr\/estonya\/vize-islemleri\/estonya-turistik-vize\/\" target=\"_blank\" rel=\"noopener\">Estonya turistik vize<\/a><\/strong><\/span> ba\u015fvurusu i\u00e7in bu dilek\u00e7eye mutlaka seyahat tarihinizi eklemelisiniz. Yani \u00fclkeye ne zaman giri\u015f yapacaks\u0131n\u0131z ve ne zaman \u00fclkeden \u00e7\u0131k\u0131\u015f yapacaks\u0131n\u0131z gibi konular dilek\u00e7enizde yazmal\u0131.<\/span><\/p>\n<p><span style=\"font-family: Roboto; font-size: 14px;\">Dilek\u00e7enizi haz\u0131rlarken, seyahatinizin masraflar\u0131n\u0131 nas\u0131l kar\u015f\u0131lad\u0131\u011f\u0131n\u0131z\u0131 da belirtmeniz gerekiyor. Estonya\u2019da iken konaklama, sa\u011fl\u0131k gibi giderlerinizi nas\u0131l kar\u015f\u0131layaca\u011f\u0131n\u0131z\u0131 dilek\u00e7enize yazmal\u0131s\u0131n\u0131z. Ayn\u0131 zamanda, <strong>vize ba\u015fvurusu<\/strong> i\u00e7in konsoloslu\u011fa verilen belgelerle dilek\u00e7e i\u00e7eri\u011fi tutarl\u0131 olmal\u0131d\u0131r.<\/span><\/p>\n<p><span style=\"font-size: 16px;\"><span style=\"font-family: Roboto;\"><img loading=\"lazy\" decoding=\"async\" src=\"..\/..\/..\/romanya\/wp-content\/uploads\/2021\/07\/aDOBE-LOGO-1.png\" width=\"75\" height=\"75\" \/><span style=\"font-size: 18px;\"><strong> \u00a0<\/strong><\/span><\/span><span style=\"font-size: 18px;\"><strong><span style=\"font-family: Roboto;\"> Estonya Turistik Vize Dilek\u00e7e \u00d6rne\u011fi\u00a0 <span style=\"color: #2acec2;\"><a style=\"color: #2acec2;\" href=\"https:\/\/www.myvize.com.tr\/estonya\/wp-content\/uploads\/2021\/12\/Estonya-turistik-Dilekce-Ornek-Ankara.pdf\" target=\"_blank\" rel=\"noreferrer noopener\">(\u0130ndirmek \u0130\u00e7in T\u0131klay\u0131n\u0131z!!)<\/a><\/span><\/span><\/strong><\/span><\/span><\/p>\n<h2><strong><span style=\"font-family: Roboto; font-size: 27px;\">Estonya Turistik ve Ticari Vize Dilek\u00e7e \u00d6rne\u011fi Hakk\u0131nda<\/span><\/strong><\/h2>\n<p><span style=\"font-family: Roboto; font-size: 16px;\"><strong>Estonya Ticari Vize Dilek\u00e7e \u00d6rne\u011fi<\/strong><\/span><\/p>\n<p><span style=\"font-family: Roboto; font-size: 14px;\"><strong>Estonya B\u00fcy\u00fckel\u00e7ili\u011fi Ankara<\/strong>\u00a0\u00a0\u00a0\u00a0\u00a0\u00a0\u00a0\u00a0\u00a0\u00a0\u00a0\u00a0\u00a0\u00a0\u00a0\u00a0\u00a0\u00a0\u00a0\u00a0\u00a0\u00a0\u00a0\u00a0\u00a0\u00a0\u00a0\u00a0\u00a0\u00a0\u00a0\u00a0\u00a0\u00a0\u00a0\u00a0\u00a0\u00a0\u00a0\u00a0\u00a0\u00a0\u00a0\u00a0\u00a0\u00a0\u00a0\u00a0\u00a0\u00a0\u00a0\u00a0\u00a0\u00a0\u00a0\u00a0\u00a0\u00a0\u00a0\u00a0\u00a0\u00a0\u00a0\u00a0\u00a0\u00a0\u00a0\u00a0\u00a0\u00a0\u00a0\u00a0\u00a0\u00a0\u00a0\u00a0\u00a0\u00a0\u00a0\u00a0\u00a0\u00a0\u00a0\u00a0\u00a0\u00a0\u00a0\u00a0\u00a0\u00a0\u00a0\u00a0\u00a0\u00a0\u00a0\u00a0\u00a0\u00a0\u00a0\u00a0\u00a0\u00a0\u00a0\u00a0\u00a0\u00a0\u00a0\u00a0\u00a0\u00a0\u00a0\u00a0\u00a0\u00a0\u00a0\u00a0\u00a0\u00a0\u00a0\u00a0\u00a0\u00a0\u00a0\u00a0<strong>Tarih<\/strong><\/span><\/p>\n<p><span style=\"font-family: Roboto; font-size: 14px;\">Vize B\u00f6l\u00fcm\u00fc<\/span><\/p>\n<p><span style=\"font-family: Roboto; font-size: 14px;\">PAK G\u00fcvenlik Sistemleri; 10 y\u0131ld\u0131r faaliyet g\u00f6stermektedir. 7 \u00fclkede ise g\u00fcvenlik sistemleri hizmeti vermektedir. Bu \u00fclkeler aras\u0131nda Estonya\u2019da bulunmaktad\u0131r. Bu alanda T\u00fcrkiye\u2019de bulunan en b\u00fcy\u00fck \u015firkettir.<\/span><\/p>\n<p><span style=\"font-family: Roboto; font-size: 14px;\">\u015eirketimizin Avrupa temsilcisi olan, Halis \u00d6zmatarac\u0131 ticaret g\u00f6r\u00fc\u015fmesi yapmak i\u00e7in 30.09.2021- 15.12.2021 tarihleri aras\u0131nda Estonya\u2019ya seyahat edecek olup, seyahati sonras\u0131 \u015firketimizde \u00e7al\u0131\u015fmaya devam edecektir. Halis \u00d6zmatarac\u0131\u2019n\u0131n seyahat masraflar\u0131n\u0131n \u015firketimiz taraf\u0131ndan \u00f6denece\u011fini bildirmek isterim. Ayr\u0131ca Halis \u00d6zmatarac\u0131 g\u00f6r\u00fc\u015fme sonras\u0131 \u015firketimizde \u00e7al\u0131\u015fmaya devam edece\u011finden, vize bitimi tarihinden \u00f6nce \u00fclkenizden ayr\u0131lacakt\u0131r.<\/span><\/p>\n<p><span style=\"font-family: Roboto; font-size: 14px;\">Sat\u0131\u015f M\u00fcd\u00fcr\u00fcm\u00fcz Halis \u00d6zmatarac\u0131\u2019ya i\u015f g\u00f6r\u00fc\u015fmesi i\u00e7in gerekli olan Estonya Ticaret Vizesinin verilmesini rica ederiz.<\/span><\/p>\n<p><span style=\"font-family: Roboto; font-size: 14px;\"><strong>Ad-Soyad<\/strong><\/span><\/p>\n<p><span style=\"font-family: Roboto; font-size: 14px;\"><strong>\u0130mza\/Ka\u015fe<\/strong><\/span><\/p>\n<p>&nbsp;<\/p>\n<p><span style=\"font-family: Roboto; font-size: 14px;\"><strong>Estonya turistik vize dilek\u00e7e \u00f6rne\u011fi;<\/strong><\/span><\/p>\n<p><span style=\"font-family: Roboto; font-size: 14px;\"><strong>Estonya B\u00fcy\u00fckel\u00e7ili\u011fi Ankara\u00a0\u00a0\u00a0\u00a0\u00a0\u00a0\u00a0\u00a0\u00a0\u00a0\u00a0\u00a0\u00a0\u00a0\u00a0\u00a0\u00a0\u00a0\u00a0\u00a0\u00a0\u00a0\u00a0\u00a0\u00a0\u00a0\u00a0\u00a0\u00a0\u00a0\u00a0\u00a0\u00a0\u00a0\u00a0\u00a0\u00a0\u00a0\u00a0\u00a0\u00a0\u00a0\u00a0\u00a0\u00a0\u00a0\u00a0\u00a0\u00a0\u00a0\u00a0\u00a0\u00a0\u00a0\u00a0\u00a0\u00a0\u00a0\u00a0\u00a0\u00a0\u00a0\u00a0\u00a0\u00a0\u00a0\u00a0\u00a0\u00a0\u00a0\u00a0\u00a0\u00a0\u00a0\u00a0\u00a0\u00a0\u00a0\u00a0\u00a0\u00a0 Tarih<\/strong><\/span><\/p>\n<p><span style=\"font-family: Roboto; font-size: 14px;\"><strong>Vize B\u00f6l\u00fcm\u00fc<\/strong><\/span><\/p>\n<p><span style=\"font-family: Roboto; font-size: 14px;\">Ben, Halis \u00d6zmatarac\u0131; 02.01.2021 ile 10.03.2021 tarihleri aras\u0131nda \u00fclkenizin Tartu\u2019ya turistik ziyarette bulunaca\u011f\u0131m. Seyahatim s\u00fcresi boyunca Dorpat Hotel\u2019de konaklayaca\u011f\u0131m.<\/span><\/p>\n<p><span style=\"font-family: Roboto; font-size: 14px;\">Estonya\u2019da kalaca\u011f\u0131m s\u00fcre i\u00e7erisindeki masraflar\u0131m\u0131 kendim kar\u015f\u0131layaca\u011f\u0131m. Vize bitiminden evvel Estonya\u2019dan ayr\u0131laca\u011f\u0131m ve Estonya sosyal ya\u015fam\u0131n\u0131, kamu d\u00fczenini tehlikeye sokacak davran\u0131\u015flarda bulunmayaca\u011f\u0131m. Gerekli olan <strong>Estonya turistik vizesinin<\/strong> verilmesini rica ederim.<\/span><\/p>\n<p><span style=\"font-family: Roboto; font-size: 14px;\">Sayg\u0131lar\u0131mla<\/span><\/p>\n<p><span style=\"font-family: Roboto; font-size: 14px;\"><strong>Ad- Soyad<\/strong><\/span><\/p>\n<p><span style=\"font-family: Roboto; font-size: 14px;\"><strong>\u0130mza<\/strong><\/span><\/p>\n","protected":false},"excerpt":{"rendered":"<p>Estonya Turistik ve Ticari Vize Dilek\u00e7e \u00d6rne\u011fi 2022 Estonya\u2019ya ticari ya da turistik ama\u00e7la ziyaret edecekseniz, sizden bir dilek\u00e7e haz\u0131rlaman\u0131z istenir. Bu dilek\u00e7eyi \u0130stanbul Ba\u015fkonsoloslu\u011funa hitaben yazars\u0131n\u0131z. Estonya Turistik ve Ticari Vize Dilek\u00e7e \u00d6rne\u011fi 2021 baz\u0131 kurallara dikkat etmenizi gerekti\u011fini do\u011frular. Buna g\u00f6re, dilek\u00e7enizi yazarken \u00fclkeye yapaca\u011f\u0131n\u0131z seyahatin amac\u0131n\u0131 net \u015fekilde ifade etmeniz \u00e7ok \u00f6nemli<\/p>\n","protected":false},"author":1,"featured_media":0,"parent":168,"menu_order":0,"comment_status":"open","ping_status":"closed","template":"","meta":{"footnotes":""},"class_list":["post-182","page","type-page","status-publish","hentry"],"yoast_head":"<!-- This site is optimized with the Yoast SEO plugin v24.0 - https:\/\/yoast.com\/wordpress\/plugins\/seo\/ -->\n<title>Estonya Turistik ve Ticari Vize Dilek\u00e7e \u00d6rne\u011fi - MyVize<\/title>\n<meta name=\"description\" content=\"Estonya turistik ve ticari vize dilek\u00e7elerinde dikkat edilmesi gerekenler nelerdir? G\u00f6rsel anlat\u0131mla g\u00fcncel olarak belirtilmi\u015ftir.\" \/>\n<meta name=\"robots\" content=\"index, follow, max-snippet:-1, max-image-preview:large, max-video-preview:-1\" \/>\n<link rel=\"canonical\" href=\"https:\/\/www.myvize.com.tr\/estonya\/form-ve-dilekce\/turistik-ve-ticari-vize-dilekce-ornegi\/\" \/>\n<meta property=\"og:locale\" content=\"tr_TR\" \/>\n<meta property=\"og:type\" content=\"article\" \/>\n<meta property=\"og:title\" content=\"Estonya Turistik ve Ticari Vize Dilek\u00e7e \u00d6rne\u011fi - MyVize\" \/>\n<meta property=\"og:description\" content=\"Estonya turistik ve ticari vize dilek\u00e7elerinde dikkat edilmesi gerekenler nelerdir? G\u00f6rsel anlat\u0131mla g\u00fcncel olarak belirtilmi\u015ftir.\" \/>\n<meta property=\"og:url\" content=\"https:\/\/www.myvize.com.tr\/estonya\/form-ve-dilekce\/turistik-ve-ticari-vize-dilekce-ornegi\/\" \/>\n<meta property=\"og:site_name\" content=\"Estonya Vizesi\" \/>\n<meta property=\"article:modified_time\" content=\"2022-04-07T11:20:48+00:00\" \/>\n<meta name=\"twitter:card\" content=\"summary_large_image\" \/>\n<meta name=\"twitter:label1\" content=\"Tahmini okuma s\u00fcresi\" \/>\n\t<meta name=\"twitter:data1\" content=\"2 dakika\" \/>\n<script type=\"application\/ld+json\" class=\"yoast-schema-graph\">{\"@context\":\"https:\/\/schema.org\",\"@graph\":[{\"@type\":\"WebPage\",\"@id\":\"https:\/\/www.myvize.com.tr\/estonya\/form-ve-dilekce\/turistik-ve-ticari-vize-dilekce-ornegi\/\",\"url\":\"https:\/\/www.myvize.com.tr\/estonya\/form-ve-dilekce\/turistik-ve-ticari-vize-dilekce-ornegi\/\",\"name\":\"Estonya Turistik ve Ticari Vize Dilek\u00e7e \u00d6rne\u011fi - MyVize\",\"isPartOf\":{\"@id\":\"https:\/\/www.myvize.com.tr\/estonya\/#website\"},\"datePublished\":\"2020-12-24T11:23:23+00:00\",\"dateModified\":\"2022-04-07T11:20:48+00:00\",\"description\":\"Estonya turistik ve ticari vize dilek\u00e7elerinde dikkat edilmesi gerekenler nelerdir? G\u00f6rsel anlat\u0131mla g\u00fcncel olarak belirtilmi\u015ftir.\",\"breadcrumb\":{\"@id\":\"https:\/\/www.myvize.com.tr\/estonya\/form-ve-dilekce\/turistik-ve-ticari-vize-dilekce-ornegi\/#breadcrumb\"},\"inLanguage\":\"tr\",\"potentialAction\":[{\"@type\":\"ReadAction\",\"target\":[\"https:\/\/www.myvize.com.tr\/estonya\/form-ve-dilekce\/turistik-ve-ticari-vize-dilekce-ornegi\/\"]}]},{\"@type\":\"BreadcrumbList\",\"@id\":\"https:\/\/www.myvize.com.tr\/estonya\/form-ve-dilekce\/turistik-ve-ticari-vize-dilekce-ornegi\/#breadcrumb\",\"itemListElement\":[{\"@type\":\"ListItem\",\"position\":1,\"name\":\"Anasayfa\",\"item\":\"https:\/\/www.myvize.com.tr\/estonya\/\"},{\"@type\":\"ListItem\",\"position\":2,\"name\":\"FORM VE D\u0130LEK\u00c7E\",\"item\":\"https:\/\/www.myvize.com.tr\/estonya\/form-ve-dilekce\/\"},{\"@type\":\"ListItem\",\"position\":3,\"name\":\"Estonya Turistik ve Ticari Vize Dilek\u00e7e \u00d6rne\u011fi\"}]},{\"@type\":\"WebSite\",\"@id\":\"https:\/\/www.myvize.com.tr\/estonya\/#website\",\"url\":\"https:\/\/www.myvize.com.tr\/estonya\/\",\"name\":\"Estonya Vizesi\",\"description\":\"\",\"potentialAction\":[{\"@type\":\"SearchAction\",\"target\":{\"@type\":\"EntryPoint\",\"urlTemplate\":\"https:\/\/www.myvize.com.tr\/estonya\/?s={search_term_string}\"},\"query-input\":{\"@type\":\"PropertyValueSpecification\",\"valueRequired\":true,\"valueName\":\"search_term_string\"}}],\"inLanguage\":\"tr\"}]}<\/script>\n<!-- \/ Yoast SEO plugin. -->","yoast_head_json":{"title":"Estonya Turistik ve Ticari Vize Dilek\u00e7e \u00d6rne\u011fi - MyVize","description":"Estonya turistik ve ticari vize dilek\u00e7elerinde dikkat edilmesi gerekenler nelerdir? G\u00f6rsel anlat\u0131mla g\u00fcncel olarak belirtilmi\u015ftir.","robots":{"index":"index","follow":"follow","max-snippet":"max-snippet:-1","max-image-preview":"max-image-preview:large","max-video-preview":"max-video-preview:-1"},"canonical":"https:\/\/www.myvize.com.tr\/estonya\/form-ve-dilekce\/turistik-ve-ticari-vize-dilekce-ornegi\/","og_locale":"tr_TR","og_type":"article","og_title":"Estonya Turistik ve Ticari Vize Dilek\u00e7e \u00d6rne\u011fi - MyVize","og_description":"Estonya turistik ve ticari vize dilek\u00e7elerinde dikkat edilmesi gerekenler nelerdir? G\u00f6rsel anlat\u0131mla g\u00fcncel olarak belirtilmi\u015ftir.","og_url":"https:\/\/www.myvize.com.tr\/estonya\/form-ve-dilekce\/turistik-ve-ticari-vize-dilekce-ornegi\/","og_site_name":"Estonya Vizesi","article_modified_time":"2022-04-07T11:20:48+00:00","twitter_card":"summary_large_image","twitter_misc":{"Tahmini okuma s\u00fcresi":"2 dakika"},"schema":{"@context":"https:\/\/schema.org","@graph":[{"@type":"WebPage","@id":"https:\/\/www.myvize.com.tr\/estonya\/form-ve-dilekce\/turistik-ve-ticari-vize-dilekce-ornegi\/","url":"https:\/\/www.myvize.com.tr\/estonya\/form-ve-dilekce\/turistik-ve-ticari-vize-dilekce-ornegi\/","name":"Estonya Turistik ve Ticari Vize Dilek\u00e7e \u00d6rne\u011fi - MyVize","isPartOf":{"@id":"https:\/\/www.myvize.com.tr\/estonya\/#website"},"datePublished":"2020-12-24T11:23:23+00:00","dateModified":"2022-04-07T11:20:48+00:00","description":"Estonya turistik ve ticari vize dilek\u00e7elerinde dikkat edilmesi gerekenler nelerdir? G\u00f6rsel anlat\u0131mla g\u00fcncel olarak belirtilmi\u015ftir.","breadcrumb":{"@id":"https:\/\/www.myvize.com.tr\/estonya\/form-ve-dilekce\/turistik-ve-ticari-vize-dilekce-ornegi\/#breadcrumb"},"inLanguage":"tr","potentialAction":[{"@type":"ReadAction","target":["https:\/\/www.myvize.com.tr\/estonya\/form-ve-dilekce\/turistik-ve-ticari-vize-dilekce-ornegi\/"]}]},{"@type":"BreadcrumbList","@id":"https:\/\/www.myvize.com.tr\/estonya\/form-ve-dilekce\/turistik-ve-ticari-vize-dilekce-ornegi\/#breadcrumb","itemListElement":[{"@type":"ListItem","position":1,"name":"Anasayfa","item":"https:\/\/www.myvize.com.tr\/estonya\/"},{"@type":"ListItem","position":2,"name":"FORM VE D\u0130LEK\u00c7E","item":"https:\/\/www.myvize.com.tr\/estonya\/form-ve-dilekce\/"},{"@type":"ListItem","position":3,"name":"Estonya Turistik ve Ticari Vize Dilek\u00e7e \u00d6rne\u011fi"}]},{"@type":"WebSite","@id":"https:\/\/www.myvize.com.tr\/estonya\/#website","url":"https:\/\/www.myvize.com.tr\/estonya\/","name":"Estonya Vizesi","description":"","potentialAction":[{"@type":"SearchAction","target":{"@type":"EntryPoint","urlTemplate":"https:\/\/www.myvize.com.tr\/estonya\/?s={search_term_string}"},"query-input":{"@type":"PropertyValueSpecification","valueRequired":true,"valueName":"search_term_string"}}],"inLanguage":"tr"}]}},"_links":{"self":[{"href":"https:\/\/www.myvize.com.tr\/estonya\/wp-json\/wp\/v2\/pages\/182","targetHints":{"allow":["GET"]}}],"collection":[{"href":"https:\/\/www.myvize.com.tr\/estonya\/wp-json\/wp\/v2\/pages"}],"about":[{"href":"https:\/\/www.myvize.com.tr\/estonya\/wp-json\/wp\/v2\/types\/page"}],"author":[{"embeddable":true,"href":"https:\/\/www.myvize.com.tr\/estonya\/wp-json\/wp\/v2\/users\/1"}],"replies":[{"embeddable":true,"href":"https:\/\/www.myvize.com.tr\/estonya\/wp-json\/wp\/v2\/comments?post=182"}],"version-history":[{"count":7,"href":"https:\/\/www.myvize.com.tr\/estonya\/wp-json\/wp\/v2\/pages\/182\/revisions"}],"predecessor-version":[{"id":745,"href":"https:\/\/www.myvize.com.tr\/estonya\/wp-json\/wp\/v2\/pages\/182\/revisions\/745"}],"up":[{"embeddable":true,"href":"https:\/\/www.myvize.com.tr\/estonya\/wp-json\/wp\/v2\/pages\/168"}],"wp:attachment":[{"href":"https:\/\/www.myvize.com.tr\/estonya\/wp-json\/wp\/v2\/media?parent=182"}],"curies":[{"name":"wp","href":"https:\/\/api.w.org\/{rel}","templated":true}]}}