{"id":219,"date":"2020-12-30T14:53:51","date_gmt":"2020-12-30T11:53:51","guid":{"rendered":"https:\/\/www.myvize.com.tr\/estonya\/?page_id=219"},"modified":"2022-01-14T16:59:31","modified_gmt":"2022-01-14T13:59:31","slug":"kayseri","status":"publish","type":"page","link":"https:\/\/www.myvize.com.tr\/estonya\/subelerimiz\/kayseri\/","title":{"rendered":"Kayseri"},"content":{"rendered":"<h2><span style=\"font-family: Roboto; font-size: 27px;\"><strong>Estonya Vize Ba\u015fvuru Merkezi, Kayseri<\/strong><\/span><\/h2>\n<p><span style=\"font-family: Roboto; font-size: 14px;\">Kayseri ve \u00e7evresinde bulunan T\u00fcrk vatanda\u015flar\u0131, k\u0131sa s\u00fcreli Estonya vize ba\u015fvurular\u0131n<strong>\u0131 Estonya vize ba\u015fvuru<\/strong> merkezlerine yapmal\u0131d\u0131r. Uzun s\u00fcreli Estonya vize ba\u015fvurular\u0131 yani <strong>Estonya ulusal vize<\/strong> ba\u015fvurular\u0131 ise Estonya\u2019n\u0131n diplomatik temsilciliklerine yap\u0131lmal\u0131d\u0131r.<\/span><\/p>\n<p><span style=\"font-family: Roboto; font-size: 14px;\">Estonya bir Schengen \u00fclkesidir. Bundan dolay\u0131 Kayseri ve \u00e7evresinde <strong>Estonya vize ba\u015fvurusu<\/strong> yapacak olan T\u00fcrk vatanda\u015flar\u0131 vize ba\u015fvurular\u0131n\u0131<strong> Kayseri vize ba\u015fvuru<\/strong> merkezine yapmal\u0131d\u0131r. Yani Kayseri ve \u00e7evresinde ikamet eden ki\u015filer k\u0131sa s\u00fcreli vize ba\u015fvurular\u0131n\u0131 Estonya\u2019n\u0131n Kayseri\u2019de yetkilendirmi\u015f oldu\u011fu vize ba\u015fvuru merkezine yapmal\u0131d\u0131r. Kayseri\u2019de yetkilendirilmi\u015f olan Estonya vize ba\u015fvuru merkezi VFS Global isimli \u015firkettir.<\/span><\/p>\n<p><span style=\"font-family: Roboto; font-size: 14px;\">Kayseri ve \u00e7evresinde <strong>Estonya vize ba\u015fvurusu<\/strong> yapacak olan ki\u015filer k\u0131sa s\u00fcreli vize ba\u015fvurular\u0131 i\u00e7in<strong> Kayseri Estonya vize ba\u015fvuru<\/strong> merkezinden randevu almal\u0131 ve randevu tarihinde gerekli belgeler ile Estonya vize ba\u015fvuru merkezinde bulunmal\u0131d\u0131r.<\/span><\/p>\n<p><span style=\"font-family: Roboto; font-size: 14px;\">Kayseri ve \u00e7evresinde ikamet eden ve ulusal <span style=\"color: #2acec2;\"><strong><a style=\"color: #2acec2;\" href=\"https:\/\/www.myvize.com.tr\/estonya\/vize-islemleri\/estonya-vizesi\/\" target=\"_blank\" rel=\"noopener\">Estonya vizesi<\/a><\/strong><\/span> almak isteyen T\u00fcrk vatanda\u015flar\u0131, vize ba\u015fvurular\u0131n\u0131 Estonya Ankara B\u00fcy\u00fckel\u00e7ili\u011fi\u2019ne yapmal\u0131d\u0131r.<\/span><\/p>\n<p><span style=\"font-family: Roboto; font-size: 14px;\">K\u0131sa s\u00fcreli vize ba\u015fvurular\u0131 <strong>Kayseri Estonya vize<\/strong> ba\u015fvuru merkezine, uzun s\u00fcreli vize ba\u015fvurular\u0131 ise Kayseri Ankara B\u00fcy\u00fckel\u00e7ili\u011fi\u2019ne yap\u0131lmal\u0131d\u0131r.<\/span><\/p>\n","protected":false},"excerpt":{"rendered":"<p>Estonya Vize Ba\u015fvuru Merkezi, Kayseri Kayseri ve \u00e7evresinde bulunan T\u00fcrk vatanda\u015flar\u0131, k\u0131sa s\u00fcreli Estonya vize ba\u015fvurular\u0131n\u0131 Estonya vize ba\u015fvuru merkezlerine yapmal\u0131d\u0131r. Uzun s\u00fcreli Estonya vize ba\u015fvurular\u0131 yani Estonya ulusal vize ba\u015fvurular\u0131 ise Estonya\u2019n\u0131n diplomatik temsilciliklerine yap\u0131lmal\u0131d\u0131r. Estonya bir Schengen \u00fclkesidir. Bundan dolay\u0131 Kayseri ve \u00e7evresinde Estonya vize ba\u015fvurusu yapacak olan T\u00fcrk vatanda\u015flar\u0131 vize ba\u015fvurular\u0131n\u0131 Kayseri<\/p>\n","protected":false},"author":1,"featured_media":0,"parent":206,"menu_order":0,"comment_status":"open","ping_status":"closed","template":"","meta":{"footnotes":""},"class_list":["post-219","page","type-page","status-publish","hentry"],"yoast_head":"<!-- This site is optimized with the Yoast SEO plugin v24.0 - https:\/\/yoast.com\/wordpress\/plugins\/seo\/ -->\n<title>Estonya Vize Ba\u015fvuru \u015eubesi Kayseri - MyVize<\/title>\n<meta name=\"description\" content=\"Estonya Vizesi Kayseri Vize Ba\u015fvuru Merkezi. Estonya Vizesi Nas\u0131l Al\u0131n\u0131r? Ba\u015fvuru Yapmak \u0130\u00e7in Kayseri \u015eubemizi Aray\u0131n: 0850 346 84 93\" \/>\n<meta name=\"robots\" content=\"index, follow, max-snippet:-1, max-image-preview:large, max-video-preview:-1\" \/>\n<link rel=\"canonical\" href=\"https:\/\/www.myvize.com.tr\/estonya\/subelerimiz\/kayseri\/\" \/>\n<meta property=\"og:locale\" content=\"tr_TR\" \/>\n<meta property=\"og:type\" content=\"article\" \/>\n<meta property=\"og:title\" content=\"Estonya Vize Ba\u015fvuru \u015eubesi Kayseri - MyVize\" \/>\n<meta property=\"og:description\" content=\"Estonya Vizesi Kayseri Vize Ba\u015fvuru Merkezi. Estonya Vizesi Nas\u0131l Al\u0131n\u0131r? Ba\u015fvuru Yapmak \u0130\u00e7in Kayseri \u015eubemizi Aray\u0131n: 0850 346 84 93\" \/>\n<meta property=\"og:url\" content=\"https:\/\/www.myvize.com.tr\/estonya\/subelerimiz\/kayseri\/\" \/>\n<meta property=\"og:site_name\" content=\"Estonya Vizesi\" \/>\n<meta property=\"article:modified_time\" content=\"2022-01-14T13:59:31+00:00\" \/>\n<meta name=\"twitter:card\" content=\"summary_large_image\" \/>\n<meta name=\"twitter:label1\" content=\"Tahmini okuma s\u00fcresi\" \/>\n\t<meta name=\"twitter:data1\" content=\"1 dakika\" \/>\n<script type=\"application\/ld+json\" class=\"yoast-schema-graph\">{\"@context\":\"https:\/\/schema.org\",\"@graph\":[{\"@type\":\"WebPage\",\"@id\":\"https:\/\/www.myvize.com.tr\/estonya\/subelerimiz\/kayseri\/\",\"url\":\"https:\/\/www.myvize.com.tr\/estonya\/subelerimiz\/kayseri\/\",\"name\":\"Estonya Vize Ba\u015fvuru \u015eubesi Kayseri - MyVize\",\"isPartOf\":{\"@id\":\"https:\/\/www.myvize.com.tr\/estonya\/#website\"},\"datePublished\":\"2020-12-30T11:53:51+00:00\",\"dateModified\":\"2022-01-14T13:59:31+00:00\",\"description\":\"Estonya Vizesi Kayseri Vize Ba\u015fvuru Merkezi. Estonya Vizesi Nas\u0131l Al\u0131n\u0131r? Ba\u015fvuru Yapmak \u0130\u00e7in Kayseri \u015eubemizi Aray\u0131n: 0850 346 84 93\",\"breadcrumb\":{\"@id\":\"https:\/\/www.myvize.com.tr\/estonya\/subelerimiz\/kayseri\/#breadcrumb\"},\"inLanguage\":\"tr\",\"potentialAction\":[{\"@type\":\"ReadAction\",\"target\":[\"https:\/\/www.myvize.com.tr\/estonya\/subelerimiz\/kayseri\/\"]}]},{\"@type\":\"BreadcrumbList\",\"@id\":\"https:\/\/www.myvize.com.tr\/estonya\/subelerimiz\/kayseri\/#breadcrumb\",\"itemListElement\":[{\"@type\":\"ListItem\",\"position\":1,\"name\":\"Anasayfa\",\"item\":\"https:\/\/www.myvize.com.tr\/estonya\/\"},{\"@type\":\"ListItem\",\"position\":2,\"name\":\"\u015eUBELER\u0130M\u0130Z\",\"item\":\"https:\/\/www.myvize.com.tr\/estonya\/subelerimiz\/\"},{\"@type\":\"ListItem\",\"position\":3,\"name\":\"Kayseri\"}]},{\"@type\":\"WebSite\",\"@id\":\"https:\/\/www.myvize.com.tr\/estonya\/#website\",\"url\":\"https:\/\/www.myvize.com.tr\/estonya\/\",\"name\":\"Estonya Vizesi\",\"description\":\"\",\"potentialAction\":[{\"@type\":\"SearchAction\",\"target\":{\"@type\":\"EntryPoint\",\"urlTemplate\":\"https:\/\/www.myvize.com.tr\/estonya\/?s={search_term_string}\"},\"query-input\":{\"@type\":\"PropertyValueSpecification\",\"valueRequired\":true,\"valueName\":\"search_term_string\"}}],\"inLanguage\":\"tr\"}]}<\/script>\n<!-- \/ Yoast SEO plugin. -->","yoast_head_json":{"title":"Estonya Vize Ba\u015fvuru \u015eubesi Kayseri - MyVize","description":"Estonya Vizesi Kayseri Vize Ba\u015fvuru Merkezi. Estonya Vizesi Nas\u0131l Al\u0131n\u0131r? Ba\u015fvuru Yapmak \u0130\u00e7in Kayseri \u015eubemizi Aray\u0131n: 0850 346 84 93","robots":{"index":"index","follow":"follow","max-snippet":"max-snippet:-1","max-image-preview":"max-image-preview:large","max-video-preview":"max-video-preview:-1"},"canonical":"https:\/\/www.myvize.com.tr\/estonya\/subelerimiz\/kayseri\/","og_locale":"tr_TR","og_type":"article","og_title":"Estonya Vize Ba\u015fvuru \u015eubesi Kayseri - MyVize","og_description":"Estonya Vizesi Kayseri Vize Ba\u015fvuru Merkezi. Estonya Vizesi Nas\u0131l Al\u0131n\u0131r? Ba\u015fvuru Yapmak \u0130\u00e7in Kayseri \u015eubemizi Aray\u0131n: 0850 346 84 93","og_url":"https:\/\/www.myvize.com.tr\/estonya\/subelerimiz\/kayseri\/","og_site_name":"Estonya Vizesi","article_modified_time":"2022-01-14T13:59:31+00:00","twitter_card":"summary_large_image","twitter_misc":{"Tahmini okuma s\u00fcresi":"1 dakika"},"schema":{"@context":"https:\/\/schema.org","@graph":[{"@type":"WebPage","@id":"https:\/\/www.myvize.com.tr\/estonya\/subelerimiz\/kayseri\/","url":"https:\/\/www.myvize.com.tr\/estonya\/subelerimiz\/kayseri\/","name":"Estonya Vize Ba\u015fvuru \u015eubesi Kayseri - MyVize","isPartOf":{"@id":"https:\/\/www.myvize.com.tr\/estonya\/#website"},"datePublished":"2020-12-30T11:53:51+00:00","dateModified":"2022-01-14T13:59:31+00:00","description":"Estonya Vizesi Kayseri Vize Ba\u015fvuru Merkezi. Estonya Vizesi Nas\u0131l Al\u0131n\u0131r? Ba\u015fvuru Yapmak \u0130\u00e7in Kayseri \u015eubemizi Aray\u0131n: 0850 346 84 93","breadcrumb":{"@id":"https:\/\/www.myvize.com.tr\/estonya\/subelerimiz\/kayseri\/#breadcrumb"},"inLanguage":"tr","potentialAction":[{"@type":"ReadAction","target":["https:\/\/www.myvize.com.tr\/estonya\/subelerimiz\/kayseri\/"]}]},{"@type":"BreadcrumbList","@id":"https:\/\/www.myvize.com.tr\/estonya\/subelerimiz\/kayseri\/#breadcrumb","itemListElement":[{"@type":"ListItem","position":1,"name":"Anasayfa","item":"https:\/\/www.myvize.com.tr\/estonya\/"},{"@type":"ListItem","position":2,"name":"\u015eUBELER\u0130M\u0130Z","item":"https:\/\/www.myvize.com.tr\/estonya\/subelerimiz\/"},{"@type":"ListItem","position":3,"name":"Kayseri"}]},{"@type":"WebSite","@id":"https:\/\/www.myvize.com.tr\/estonya\/#website","url":"https:\/\/www.myvize.com.tr\/estonya\/","name":"Estonya Vizesi","description":"","potentialAction":[{"@type":"SearchAction","target":{"@type":"EntryPoint","urlTemplate":"https:\/\/www.myvize.com.tr\/estonya\/?s={search_term_string}"},"query-input":{"@type":"PropertyValueSpecification","valueRequired":true,"valueName":"search_term_string"}}],"inLanguage":"tr"}]}},"_links":{"self":[{"href":"https:\/\/www.myvize.com.tr\/estonya\/wp-json\/wp\/v2\/pages\/219","targetHints":{"allow":["GET"]}}],"collection":[{"href":"https:\/\/www.myvize.com.tr\/estonya\/wp-json\/wp\/v2\/pages"}],"about":[{"href":"https:\/\/www.myvize.com.tr\/estonya\/wp-json\/wp\/v2\/types\/page"}],"author":[{"embeddable":true,"href":"https:\/\/www.myvize.com.tr\/estonya\/wp-json\/wp\/v2\/users\/1"}],"replies":[{"embeddable":true,"href":"https:\/\/www.myvize.com.tr\/estonya\/wp-json\/wp\/v2\/comments?post=219"}],"version-history":[{"count":5,"href":"https:\/\/www.myvize.com.tr\/estonya\/wp-json\/wp\/v2\/pages\/219\/revisions"}],"predecessor-version":[{"id":601,"href":"https:\/\/www.myvize.com.tr\/estonya\/wp-json\/wp\/v2\/pages\/219\/revisions\/601"}],"up":[{"embeddable":true,"href":"https:\/\/www.myvize.com.tr\/estonya\/wp-json\/wp\/v2\/pages\/206"}],"wp:attachment":[{"href":"https:\/\/www.myvize.com.tr\/estonya\/wp-json\/wp\/v2\/media?parent=219"}],"curies":[{"name":"wp","href":"https:\/\/api.w.org\/{rel}","templated":true}]}}