{"id":229,"date":"2020-12-30T14:55:08","date_gmt":"2020-12-30T11:55:08","guid":{"rendered":"https:\/\/www.myvize.com.tr\/estonya\/?page_id=229"},"modified":"2022-01-12T14:32:55","modified_gmt":"2022-01-12T11:32:55","slug":"edirne","status":"publish","type":"page","link":"https:\/\/www.myvize.com.tr\/estonya\/subelerimiz\/edirne\/","title":{"rendered":"Edirne"},"content":{"rendered":"<h2><span style=\"font-family: Roboto; font-size: 27px;\"><strong>Estonya Vize Ba\u015fvuru Merkezi, Edirne<\/strong><\/span><\/h2>\n<p><span style=\"font-family: Roboto; font-size: 14px;\">Edirne ve \u00e7evresinde bulunan ve Estonya\u2019ya seyahat etmek isteyen T\u00fcrk vatanda\u015flar\u0131 Estonya vize ba\u015fvurusu yapmal\u0131d\u0131r. Edirne ve \u00e7evresinde ikamet eden T\u00fcrk vatanda\u015flar\u0131 <strong>Estonya vize<\/strong> ba\u015fvurular\u0131n\u0131 <span style=\"color: #2acec2;\"><strong><a style=\"color: #2acec2;\" href=\"https:\/\/www.myvize.com.tr\/estonya\/konsolosluklar\/ankara-buyukelciligi\/\" target=\"_blank\" rel=\"noopener\">Estonya Ankara B\u00fcy\u00fckel\u00e7ili\u011fi<\/a><\/strong><\/span> ya da Estonya Edirne vize ba\u015fvuru merkezine yapmal\u0131d\u0131r.<\/span><\/p>\n<p><span style=\"font-family: Roboto; font-size: 14px;\">Estonya\u2019ya k\u0131sa s\u00fcreli olarak seyahat edecek olan ki\u015filer <span style=\"color: #2acec2;\"><strong><a style=\"color: #2acec2;\" href=\"https:\/\/www.myvize.com.tr\/estonya\/vize-islemleri\/estonya-schengen-vizesi\/\" target=\"_blank\" rel=\"noopener\">Estonya Schengen vizesi<\/a><\/strong><\/span> almal\u0131d\u0131r. K\u0131sa s\u00fcreli<strong> Estonya vizesi<\/strong> alacak olan ki\u015filer ise ba\u015fvurular\u0131n\u0131 <strong>Estonya vize ba\u015fvuru<\/strong> merkezine yapmal\u0131d\u0131r. Estonya Konsoloslu\u011fu\u2019nun Edirne ve \u00e7evresinde g\u00f6revlendirdi\u011fi vize ba\u015fvuru merkezi <strong>VFS Global<\/strong> isimli \u015firkettir. Edirne Estonya vize ba\u015fvurusu yapacak olan i\u015filer vize ba\u015fvurular\u0131n\u0131 bu \u015firket ile yapmal\u0131d\u0131r. Ba\u015fvuru esnas\u0131nda bizzat Edirne vize ba\u015fvuru merkezinde bulunarak biyometrik veri verilmelidir.<\/span><\/p>\n<p><span style=\"font-family: Roboto; font-size: 14px;\">Edirne ve \u00e7evresinde bulunan ve<strong> Estonya ulusal vizesi<\/strong> alacak olan T\u00fcrk vatanda\u015flar\u0131 vize ba\u015fvurular\u0131n\u0131 Estonya Ankara B\u00fcy\u00fckel\u00e7ili\u011fi\u2019ne yapmal\u0131d\u0131r.<\/span><\/p>\n<p><span style=\"font-family: Roboto; font-size: 14px;\">K\u0131sa s\u00fcreli<strong> Edirne Estonya vize ba\u015fvurusu<\/strong> yapacak olan ki\u015filerin; Edirne Estonya vize ba\u015fvuru merkezinden, ulusal <strong>Estonya vize ba\u015fvurusu<\/strong> yapacak ki\u015filerin Estonya Ankara B\u00fcy\u00fckel\u00e7ili\u011fi\u2019nin Vize B\u00f6l\u00fcm\u00fc\u2019nden randevu almas\u0131 gerekmektedir. Randevu tarihine kadar gerekli olan belgeleri haz\u0131rlamas\u0131 gerekmektedir.<\/span><\/p>\n<p>&nbsp;<\/p>\n","protected":false},"excerpt":{"rendered":"<p>Estonya Vize Ba\u015fvuru Merkezi, Edirne Edirne ve \u00e7evresinde bulunan ve Estonya\u2019ya seyahat etmek isteyen T\u00fcrk vatanda\u015flar\u0131 Estonya vize ba\u015fvurusu yapmal\u0131d\u0131r. Edirne ve \u00e7evresinde ikamet eden T\u00fcrk vatanda\u015flar\u0131 Estonya vize ba\u015fvurular\u0131n\u0131 Estonya Ankara B\u00fcy\u00fckel\u00e7ili\u011fi ya da Estonya Edirne vize ba\u015fvuru merkezine yapmal\u0131d\u0131r. Estonya\u2019ya k\u0131sa s\u00fcreli olarak seyahat edecek olan ki\u015filer Estonya Schengen vizesi almal\u0131d\u0131r. K\u0131sa s\u00fcreli<\/p>\n","protected":false},"author":1,"featured_media":0,"parent":206,"menu_order":0,"comment_status":"open","ping_status":"closed","template":"","meta":{"footnotes":""},"class_list":["post-229","page","type-page","status-publish","hentry"],"yoast_head":"<!-- This site is optimized with the Yoast SEO plugin v24.0 - https:\/\/yoast.com\/wordpress\/plugins\/seo\/ -->\n<title>Estonya Vize Ba\u015fvuru Merkezimiz Edirne - MyVize<\/title>\n<meta name=\"description\" content=\"Estonya Vizesi Edirne Vize Ba\u015fvuru Merkezi. Estonya Vizesi Nas\u0131l Al\u0131n\u0131r? Ba\u015fvuru Yapmak \u0130\u00e7in Edirne \u015eubemizi Aray\u0131n: 0850 346 84 93\" \/>\n<meta name=\"robots\" content=\"index, follow, max-snippet:-1, max-image-preview:large, max-video-preview:-1\" \/>\n<link rel=\"canonical\" href=\"https:\/\/www.myvize.com.tr\/estonya\/subelerimiz\/edirne\/\" \/>\n<meta property=\"og:locale\" content=\"tr_TR\" \/>\n<meta property=\"og:type\" content=\"article\" \/>\n<meta property=\"og:title\" content=\"Estonya Vize Ba\u015fvuru Merkezimiz Edirne - MyVize\" \/>\n<meta property=\"og:description\" content=\"Estonya Vizesi Edirne Vize Ba\u015fvuru Merkezi. Estonya Vizesi Nas\u0131l Al\u0131n\u0131r? Ba\u015fvuru Yapmak \u0130\u00e7in Edirne \u015eubemizi Aray\u0131n: 0850 346 84 93\" \/>\n<meta property=\"og:url\" content=\"https:\/\/www.myvize.com.tr\/estonya\/subelerimiz\/edirne\/\" \/>\n<meta property=\"og:site_name\" content=\"Estonya Vizesi\" \/>\n<meta property=\"article:modified_time\" content=\"2022-01-12T11:32:55+00:00\" \/>\n<meta name=\"twitter:card\" content=\"summary_large_image\" \/>\n<meta name=\"twitter:label1\" content=\"Tahmini okuma s\u00fcresi\" \/>\n\t<meta name=\"twitter:data1\" content=\"1 dakika\" \/>\n<script type=\"application\/ld+json\" class=\"yoast-schema-graph\">{\"@context\":\"https:\/\/schema.org\",\"@graph\":[{\"@type\":\"WebPage\",\"@id\":\"https:\/\/www.myvize.com.tr\/estonya\/subelerimiz\/edirne\/\",\"url\":\"https:\/\/www.myvize.com.tr\/estonya\/subelerimiz\/edirne\/\",\"name\":\"Estonya Vize Ba\u015fvuru Merkezimiz Edirne - MyVize\",\"isPartOf\":{\"@id\":\"https:\/\/www.myvize.com.tr\/estonya\/#website\"},\"datePublished\":\"2020-12-30T11:55:08+00:00\",\"dateModified\":\"2022-01-12T11:32:55+00:00\",\"description\":\"Estonya Vizesi Edirne Vize Ba\u015fvuru Merkezi. Estonya Vizesi Nas\u0131l Al\u0131n\u0131r? Ba\u015fvuru Yapmak \u0130\u00e7in Edirne \u015eubemizi Aray\u0131n: 0850 346 84 93\",\"breadcrumb\":{\"@id\":\"https:\/\/www.myvize.com.tr\/estonya\/subelerimiz\/edirne\/#breadcrumb\"},\"inLanguage\":\"tr\",\"potentialAction\":[{\"@type\":\"ReadAction\",\"target\":[\"https:\/\/www.myvize.com.tr\/estonya\/subelerimiz\/edirne\/\"]}]},{\"@type\":\"BreadcrumbList\",\"@id\":\"https:\/\/www.myvize.com.tr\/estonya\/subelerimiz\/edirne\/#breadcrumb\",\"itemListElement\":[{\"@type\":\"ListItem\",\"position\":1,\"name\":\"Anasayfa\",\"item\":\"https:\/\/www.myvize.com.tr\/estonya\/\"},{\"@type\":\"ListItem\",\"position\":2,\"name\":\"\u015eUBELER\u0130M\u0130Z\",\"item\":\"https:\/\/www.myvize.com.tr\/estonya\/subelerimiz\/\"},{\"@type\":\"ListItem\",\"position\":3,\"name\":\"Edirne\"}]},{\"@type\":\"WebSite\",\"@id\":\"https:\/\/www.myvize.com.tr\/estonya\/#website\",\"url\":\"https:\/\/www.myvize.com.tr\/estonya\/\",\"name\":\"Estonya Vizesi\",\"description\":\"\",\"potentialAction\":[{\"@type\":\"SearchAction\",\"target\":{\"@type\":\"EntryPoint\",\"urlTemplate\":\"https:\/\/www.myvize.com.tr\/estonya\/?s={search_term_string}\"},\"query-input\":{\"@type\":\"PropertyValueSpecification\",\"valueRequired\":true,\"valueName\":\"search_term_string\"}}],\"inLanguage\":\"tr\"}]}<\/script>\n<!-- \/ Yoast SEO plugin. -->","yoast_head_json":{"title":"Estonya Vize Ba\u015fvuru Merkezimiz Edirne - MyVize","description":"Estonya Vizesi Edirne Vize Ba\u015fvuru Merkezi. Estonya Vizesi Nas\u0131l Al\u0131n\u0131r? Ba\u015fvuru Yapmak \u0130\u00e7in Edirne \u015eubemizi Aray\u0131n: 0850 346 84 93","robots":{"index":"index","follow":"follow","max-snippet":"max-snippet:-1","max-image-preview":"max-image-preview:large","max-video-preview":"max-video-preview:-1"},"canonical":"https:\/\/www.myvize.com.tr\/estonya\/subelerimiz\/edirne\/","og_locale":"tr_TR","og_type":"article","og_title":"Estonya Vize Ba\u015fvuru Merkezimiz Edirne - MyVize","og_description":"Estonya Vizesi Edirne Vize Ba\u015fvuru Merkezi. Estonya Vizesi Nas\u0131l Al\u0131n\u0131r? Ba\u015fvuru Yapmak \u0130\u00e7in Edirne \u015eubemizi Aray\u0131n: 0850 346 84 93","og_url":"https:\/\/www.myvize.com.tr\/estonya\/subelerimiz\/edirne\/","og_site_name":"Estonya Vizesi","article_modified_time":"2022-01-12T11:32:55+00:00","twitter_card":"summary_large_image","twitter_misc":{"Tahmini okuma s\u00fcresi":"1 dakika"},"schema":{"@context":"https:\/\/schema.org","@graph":[{"@type":"WebPage","@id":"https:\/\/www.myvize.com.tr\/estonya\/subelerimiz\/edirne\/","url":"https:\/\/www.myvize.com.tr\/estonya\/subelerimiz\/edirne\/","name":"Estonya Vize Ba\u015fvuru Merkezimiz Edirne - MyVize","isPartOf":{"@id":"https:\/\/www.myvize.com.tr\/estonya\/#website"},"datePublished":"2020-12-30T11:55:08+00:00","dateModified":"2022-01-12T11:32:55+00:00","description":"Estonya Vizesi Edirne Vize Ba\u015fvuru Merkezi. Estonya Vizesi Nas\u0131l Al\u0131n\u0131r? Ba\u015fvuru Yapmak \u0130\u00e7in Edirne \u015eubemizi Aray\u0131n: 0850 346 84 93","breadcrumb":{"@id":"https:\/\/www.myvize.com.tr\/estonya\/subelerimiz\/edirne\/#breadcrumb"},"inLanguage":"tr","potentialAction":[{"@type":"ReadAction","target":["https:\/\/www.myvize.com.tr\/estonya\/subelerimiz\/edirne\/"]}]},{"@type":"BreadcrumbList","@id":"https:\/\/www.myvize.com.tr\/estonya\/subelerimiz\/edirne\/#breadcrumb","itemListElement":[{"@type":"ListItem","position":1,"name":"Anasayfa","item":"https:\/\/www.myvize.com.tr\/estonya\/"},{"@type":"ListItem","position":2,"name":"\u015eUBELER\u0130M\u0130Z","item":"https:\/\/www.myvize.com.tr\/estonya\/subelerimiz\/"},{"@type":"ListItem","position":3,"name":"Edirne"}]},{"@type":"WebSite","@id":"https:\/\/www.myvize.com.tr\/estonya\/#website","url":"https:\/\/www.myvize.com.tr\/estonya\/","name":"Estonya Vizesi","description":"","potentialAction":[{"@type":"SearchAction","target":{"@type":"EntryPoint","urlTemplate":"https:\/\/www.myvize.com.tr\/estonya\/?s={search_term_string}"},"query-input":{"@type":"PropertyValueSpecification","valueRequired":true,"valueName":"search_term_string"}}],"inLanguage":"tr"}]}},"_links":{"self":[{"href":"https:\/\/www.myvize.com.tr\/estonya\/wp-json\/wp\/v2\/pages\/229","targetHints":{"allow":["GET"]}}],"collection":[{"href":"https:\/\/www.myvize.com.tr\/estonya\/wp-json\/wp\/v2\/pages"}],"about":[{"href":"https:\/\/www.myvize.com.tr\/estonya\/wp-json\/wp\/v2\/types\/page"}],"author":[{"embeddable":true,"href":"https:\/\/www.myvize.com.tr\/estonya\/wp-json\/wp\/v2\/users\/1"}],"replies":[{"embeddable":true,"href":"https:\/\/www.myvize.com.tr\/estonya\/wp-json\/wp\/v2\/comments?post=229"}],"version-history":[{"count":5,"href":"https:\/\/www.myvize.com.tr\/estonya\/wp-json\/wp\/v2\/pages\/229\/revisions"}],"predecessor-version":[{"id":653,"href":"https:\/\/www.myvize.com.tr\/estonya\/wp-json\/wp\/v2\/pages\/229\/revisions\/653"}],"up":[{"embeddable":true,"href":"https:\/\/www.myvize.com.tr\/estonya\/wp-json\/wp\/v2\/pages\/206"}],"wp:attachment":[{"href":"https:\/\/www.myvize.com.tr\/estonya\/wp-json\/wp\/v2\/media?parent=229"}],"curies":[{"name":"wp","href":"https:\/\/api.w.org\/{rel}","templated":true}]}}