{"id":283,"date":"2021-03-30T21:27:21","date_gmt":"2021-03-30T18:27:21","guid":{"rendered":"https:\/\/www.myvize.com.tr\/estonya\/?page_id=283"},"modified":"2022-04-04T17:44:04","modified_gmt":"2022-04-04T14:44:04","slug":"estonya-vize-ucreti","status":"publish","type":"page","link":"https:\/\/www.myvize.com.tr\/estonya\/estonya-vize-ucreti\/","title":{"rendered":"Estonya Vize \u00dccreti"},"content":{"rendered":"<p><span style=\"font-family: Roboto;\"><\/span><\/p>\r\n<p><span style=\"font-family: Roboto; font-size: 14px;\">Estonya seyahati yapacak olan T\u00fcrk vatanda\u015flar\u0131n\u0131n<strong> vize i\u015flemi<\/strong> yapt\u0131rmas\u0131 mecburidir. Vize i\u015flemlerinin eksiksiz bir \u015fekilde yap\u0131labilmesi i\u00e7in ki\u015filerin \u00f6ncelikle ge\u00e7erli bir pasaporta sahip olmas\u0131 gerekmektedir. Pasaport i\u00e7erisinde en az iki tane bo\u015f yaprak bulunmas\u0131 gerekiyor. Bununla birlikte 10 y\u0131ldan eski olan b\u00fct\u00fcn pasaportlar\u0131n yenilenmesi gerekmektedir.<\/span><\/p>\r\n<p><span style=\"font-family: Roboto; font-size: 14px;\">\r\n\r\n<\/span><\/p>\r\n<p><span style=\"font-family: Roboto; font-size: 14px;\"><strong>Vize i\u015flemi<\/strong> s\u0131ras\u0131nda eski ve yeni b\u00fct\u00fcn pasaportlar\u0131n\u0131z\u0131n yetkililere verilmesi gerekmektedir. E\u011fer bir pasaportunuz yoksa gerekli har\u00e7lar\u0131 \u00f6deyerek 6 ay ile 10 y\u0131l aras\u0131nda s\u00fcresi olan bir pasaport temin edebilirsiniz. Pasaport \u00fccretleri de ki\u015filerin vize i\u015flemlerine yans\u0131ya bilecek \u00fccretler aras\u0131ndad\u0131r. Pasaport 6 s\u00fcreli 407,20 TL\u2019dir. 10 y\u0131ll\u0131k ise en y\u00fcksek olarak 1265,40 TL olarak al\u0131nabilmektedir.<\/span><\/p>\r\n<p><span style=\"font-family: Roboto; font-size: 14px;\">\r\n\r\n<\/span><\/p>\r\n<h2><span style=\"font-family: Roboto; font-size: 27px;\"><strong>Estonya Vizesi Nas\u0131l Al\u0131n\u0131r?<\/strong><\/span><\/h2>\r\n<p><span style=\"font-family: Roboto; font-size: 14px;\">\r\n\r\n<\/span><\/p>\r\n<p><span style=\"font-family: Roboto; font-size: 14px;\">Estonya vizesinin al\u0131nabilmesi i\u00e7in evraklar\u0131n eksiksiz bir \u015fekilde haz\u0131rlanmas\u0131 ve vize har\u00e7lar\u0131n\u0131n da yetkili kurumlara teslim yat\u0131r\u0131lmas\u0131 gerekmektedir. <strong>Vize i\u015flemi<\/strong> yapt\u0131rmak isteyen ki\u015filerin vize \u00fccretlerini yat\u0131rabilmesi i\u00e7in kurumlar\u0131n belirlemi\u015f oldu\u011fu bankalar\u0131 se\u00e7mesi gerekiyor.<\/span><\/p>\r\n<p><span style=\"font-family: Roboto; font-size: 14px;\">\r\n\r\n<\/span><\/p>\r\n<p><span style=\"font-family: Roboto; font-size: 14px;\">Bu bankalara yat\u0131r\u0131lan vize \u00fccretleri i\u00e7in bankalardan dekont al\u0131nmas\u0131 gerekiyor. Bu dekontun \u00fczerinde mutlaka bankan\u0131n isminin ve \u0131slak imzas\u0131n\u0131n bulunmas\u0131 gerekmektedir. Vize i\u015flemi yapt\u0131rmak isteyen ki\u015filerin<\/span><\/p>\r\n<p><span style=\"font-family: Roboto; font-size: 14px;\">\r\n\r\n<\/span><\/p>\r\n<p><span style=\"font-family: Roboto; font-size: 14px;\">\u00d6ncelikle istenilen kriterlerde bir evrak dosyas\u0131 haz\u0131rlamas\u0131 \u015fart\u0131 bulunmaktad\u0131r. 30.000 Euro teminatl\u0131 bir seyahat sa\u011fl\u0131k sigortan\u0131z\u0131 ne olmas\u0131 da bu s\u00fcre\u00e7te en \u00f6nemli kriterlerden biridir. Bu seyahat sa\u011fl\u0131k sigortas\u0131n\u0131n t\u00fcm sa\u011fl\u0131k giderlerini kapsayacak \u015fekilde olmas\u0131 ve seyahatin t\u00fcm s\u00fcresini i\u00e7ine almas\u0131 \u00f6nemli bir kriterdir.<\/span><\/p>\r\n<p><span style=\"font-family: Roboto; font-size: 14px;\">\r\n\r\n<\/span><\/p>\r\n<p><span style=\"font-family: Roboto; font-size: 14px;\"><strong>Vize \u00fccretleri<\/strong> ise normal \u00fccret olarak 80 Euro \u00f6denmelidir. 6-12 ya\u015f aras\u0131 \u00e7ocuklar i\u00e7in 40 Euro \u00f6denmelidir. Vize \u00fccretleri yat\u0131r\u0131ld\u0131ktan sonra herhangi bir nedenle vizeniz iptal edilirse bu yat\u0131r\u0131lan \u00fccretlerin iadesi yap\u0131lm\u0131yor. Yeniden i\u015flem yap\u0131l\u0131rsa yeniden \u00fccret yat\u0131r\u0131lmal\u0131d\u0131r ve t\u00fcm i\u015flemler en ba\u015ftan tekrar etmelidir.<\/span><\/p>\r\n<p><img decoding=\"async\" src=\"https:\/\/www.myvize.com.tr\/estonya\/wp-content\/uploads\/2021\/10\/10.jpg\" \/><\/p>\r\n<h2><span style=\"font-family: Roboto; font-size: 27px;\"><strong>Estonya Vizesi \u00dccreti 2021<\/strong><\/span><\/h2>\r\n<p><span style=\"font-family: Roboto; font-size: 14px;\"><strong>Estonya vize \u00fccreti<\/strong>, vize t\u00fcr\u00fcne g\u00f6re de\u011fi\u015fiklikler g\u00f6stermektedir. 6 ya\u015f alt\u0131 \u00e7ocuktan vize \u00fccretleri talep edilmemektedir. Estonya Konsoloslu\u011fu kriterine g\u00f6re belirlenen vize \u00fccretleri konsolosluk har\u00e7 bedelleri ve vize ba\u015fvuru merkezi \u00fccretini i\u00e7erir. <strong>Estonya vize ba\u015fvurusu<\/strong> vize ba\u015fvuru merkezi taraf\u0131ndan kabul edilmektedir. K\u0131sa s\u00fcre yani <strong>Estonya Schengen vize<\/strong> kapsam\u0131nda turistik, aile ziyaret ve ticari vizenin \u00fccreti uzun s\u00fcre D tipi vizeden farkl\u0131 olmaktad\u0131r. Vize al\u0131m\u0131 s\u00fcrecinde<span style=\"color: #2acec2;\"><strong><a style=\"color: #2acec2;\" href=\"https:\/\/www.myvize.com.tr\/estonya\/vize-islemleri\/estonya-vizesi\/\" target=\"_blank\" rel=\"noopener\"> Estonya vizesi <\/a><\/strong><\/span>\u00fccretinin Estonya Konsoloslu\u011fu ve vize ba\u015fvurular\u0131 merkezinden teyit edilmesi tavsiye olunur.<\/span><br \/><span style=\"font-family: Roboto; font-size: 14px;\">Konsolosluk har\u00e7lar\u0131 ve koordinasyon bedeli \u00fccreti dosyan\u0131n i\u015fleme al\u0131nmas\u0131 i\u00e7in talep edilmi\u015f \u00fccrettir ve vize sat\u0131n almak olarak kesinlikle d\u00fc\u015f\u00fcn\u00fclmemeli. Vize ba\u015fvurusunda vize garantisi verilmemekte. Dolay\u0131s\u0131yla konsolosluk har\u00e7lar\u0131 ve koordinasyon \u00fccreti geri \u00f6demesizdir. Vize ba\u015fvurusu ret ile sonu\u00e7lanmas\u0131 durumunda da bu \u00fccret iade edilmemektedir.<\/span><\/p>\r\n<p><span style=\"font-family: Roboto; font-size: 14px;\">Vize T\u00fcr\u00fc Konsolosluk Har\u00e7lar\u0131 ve D\u0131\u015f Sa\u011flay\u0131c\u0131 \u00dccretleri:<\/span><\/p>\r\n<ul>\r\n<li><span style=\"font-family: Roboto; font-size: 14px;\">Turistik Vize 100\u20ac<\/span><\/li>\r\n<li><span style=\"font-family: Roboto; font-size: 14px;\">Ticari Vize 100\u20ac<\/span><\/li>\r\n<li><span style=\"font-family: Roboto; font-size: 14px;\">Ziyaret Vizesi 100\u20ac<\/span><\/li>\r\n<li><span style=\"font-family: Roboto; font-size: 14px;\">K\u00fclt\u00fcrel Vize 100\u20ac<\/span><\/li>\r\n<li><span style=\"font-family: Roboto; font-size: 14px;\">0-6 Ya\u015f Aras\u0131 20\u20ac<\/span><\/li>\r\n<li><span style=\"font-family: Roboto; font-size: 14px;\">6-12 Ya\u015f Aras\u0131 60\u20ac<\/span><\/li>\r\n<\/ul>\r\n<p><span style=\"font-family: Roboto; font-size: 14px;\"><strong><a href=\"https:\/\/www.myvize.com.tr\/estonya\/vize-islemleri\/estonya-vize-reddi\/\" target=\"_blank\" rel=\"noopener\"><span style=\"color: #2acec2;\">Estonya Vize Reddi<\/span><\/a><\/strong> ile ilgili bilgi almak i\u00e7in bizi aray\u0131n.<\/span><\/p>\r\n<h2><strong><span style=\"font-family: Roboto; font-size: 27px;\">Estonya Vize \u00dccreti Hakk\u0131nda<\/span><\/strong><\/h2>\r\n<p><span style=\"font-family: Roboto; font-size: 14px;\">Estonya\u2019ya seyahat edecek olan T\u00fcrk vatanda\u015flar\u0131n\u0131n Estonya vizesi almas\u0131 gerekmektedir.<strong> Estonya vizesi<\/strong> almak i\u00e7in Estonya vize \u00fccretin \u00f6demeniz gerekmektedir. Estonya bir Schengen \u00fclkesidir. Bundan dolay\u0131 Estonya vize \u00fccretleri Schengen \u00fclkelerinin ortak karar\u0131 ile belirlenmektedir.<\/span><\/p>\r\n<ul>\r\n<li><span style=\"font-family: Roboto; font-size: 14px;\">Estonya vize \u00fccreti 6-12 ya\u015f aras\u0131 i\u00e7in 40 Euro\u2019dur. 0-6 ya\u015f aras\u0131ndaki ki\u015filerden Estonya vize har\u00e7 \u00fccreti al\u0131nmamaktad\u0131r.<\/span><\/li>\r\n<li><span style=\"font-family: Roboto; font-size: 14px;\">Estonya vize ba\u015fvurusu reddedilirse, <strong>Estonya vize \u00fccreti<\/strong> geri \u00f6denmemektedir.<\/span><\/li>\r\n<li><span style=\"font-family: Roboto; font-size: 14px;\"><strong>Estonya vize \u00fccreti<\/strong> vize ba\u015fvuru merkezi gi\u015felerine \u00f6denmelidir.<\/span><\/li>\r\n<\/ul>\r\n<p><span style=\"font-family: Roboto; font-size: 14px;\">Estonya vize \u00fccreti a\u015fa\u011f\u0131daki tabloda verilmi\u015ftir.<\/span><\/p>\r\n<table cellspacing=\"0\">\r\n<tbody>\r\n<tr>\r\n<td>\r\n<p><span style=\"font-family: Roboto; font-size: 14px;\">Vize T\u00fcr\u00fc<\/span><\/p>\r\n<\/td>\r\n<td>\r\n<p><span style=\"font-family: Roboto; font-size: 14px;\">Estonya vize \u00fccreti<\/span><\/p>\r\n<\/td>\r\n<td>\r\n<p><span style=\"font-family: Roboto; font-size: 14px;\">6-12 Ya\u015f Aras\u0131<\/span><\/p>\r\n<\/td>\r\n<td>\r\n<p><span style=\"font-family: Roboto; font-size: 14px;\">0-6 Ya\u015f Aras\u0131<\/span><\/p>\r\n<\/td>\r\n<\/tr>\r\n<tr>\r\n<td>\r\n<p><span style=\"color: #2acec2;\"><strong><a style=\"color: #2acec2;\" href=\"https:\/\/www.myvize.com.tr\/estonya\/vize-islemleri\/estonya-turistik-vize\/\" target=\"_blank\" rel=\"noopener\"><span style=\"font-family: Roboto; font-size: 14px;\">Estonya Turistik Vize<\/span><\/a><\/strong><\/span><\/p>\r\n<\/td>\r\n<td>\r\n<p><span style=\"font-family: Roboto; font-size: 14px;\">80 Euro<\/span><\/p>\r\n<\/td>\r\n<td>\r\n<p><span style=\"font-family: Roboto; font-size: 14px;\">40 Euro<\/span><\/p>\r\n<\/td>\r\n<td>\r\n<p><span style=\"font-family: Roboto; font-size: 14px;\">0 Euro<\/span><\/p>\r\n<\/td>\r\n<\/tr>\r\n<tr>\r\n<td>\r\n<p><span style=\"font-family: Roboto; font-size: 14px;\">Estonya Ticari Vize<\/span><\/p>\r\n<\/td>\r\n<td>\r\n<p><span style=\"font-family: Roboto; font-size: 14px;\">80 Euro<\/span><\/p>\r\n<\/td>\r\n<td>\r\n<p><span style=\"font-family: Roboto; font-size: 14px;\">40 Euro<\/span><\/p>\r\n<\/td>\r\n<td>\r\n<p><span style=\"font-family: Roboto; font-size: 14px;\">0 Euro<\/span><\/p>\r\n<\/td>\r\n<\/tr>\r\n<tr>\r\n<td>\r\n<p><span style=\"font-family: Roboto; font-size: 14px;\">Estonya Ziyaret Vizesi<\/span><\/p>\r\n<\/td>\r\n<td>\r\n<p><span style=\"font-family: Roboto; font-size: 14px;\">80 Euro<\/span><\/p>\r\n<\/td>\r\n<td>\r\n<p><span style=\"font-family: Roboto; font-size: 14px;\">40 Euro<\/span><\/p>\r\n<\/td>\r\n<td>\r\n<p><span style=\"font-family: Roboto; font-size: 14px;\">0 Euro<\/span><\/p>\r\n<\/td>\r\n<\/tr>\r\n<tr>\r\n<td>\r\n<p><span style=\"font-family: Roboto; font-size: 14px;\">Estonya Transit Vizesi<\/span><\/p>\r\n<\/td>\r\n<td>\r\n<p><span style=\"font-family: Roboto; font-size: 14px;\">80 Euro<\/span><\/p>\r\n<\/td>\r\n<td>\r\n<p><span style=\"font-family: Roboto; font-size: 14px;\">40 Euro<\/span><\/p>\r\n<\/td>\r\n<td>\r\n<p><span style=\"font-family: Roboto; font-size: 14px;\">0 Euro<\/span><\/p>\r\n<\/td>\r\n<\/tr>\r\n<tr>\r\n<td>\r\n<p><span style=\"font-family: Roboto; font-size: 14px;\">Estonya \u015eof\u00f6r Vizesi<\/span><\/p>\r\n<\/td>\r\n<td>\r\n<p><span style=\"font-family: Roboto; font-size: 14px;\">80 Euro<\/span><\/p>\r\n<\/td>\r\n<td>\r\n<p><span style=\"font-family: Roboto; font-size: 14px;\">40 Euro<\/span><\/p>\r\n<\/td>\r\n<td>\r\n<p><span style=\"font-family: Roboto; font-size: 14px;\">0 Euro<\/span><\/p>\r\n<\/td>\r\n<\/tr>\r\n<tr>\r\n<td>\r\n<p><span style=\"font-family: Roboto; font-size: 14px;\">Estonya \u00d6\u011frenci Vizesi<\/span><\/p>\r\n<\/td>\r\n<td>\r\n<p><span style=\"font-family: Roboto; font-size: 14px;\">80 Euro<\/span><\/p>\r\n<\/td>\r\n<td>\r\n<p><span style=\"font-family: Roboto; font-size: 14px;\">40 Euro<\/span><\/p>\r\n<\/td>\r\n<td>\r\n<p><span style=\"font-family: Roboto; font-size: 14px;\">0 Euro<\/span><\/p>\r\n<\/td>\r\n<\/tr>\r\n<tr>\r\n<td>\r\n<p><span style=\"font-family: Roboto; font-size: 14px;\">Estonya K\u0131sa S\u00fcreli E\u011fitim Vizesi<\/span><\/p>\r\n<\/td>\r\n<td>\r\n<p><span style=\"font-family: Roboto; font-size: 14px;\">80 Euro<\/span><\/p>\r\n<\/td>\r\n<td>\r\n<p><span style=\"font-family: Roboto; font-size: 14px;\">40 Euro<\/span><\/p>\r\n<\/td>\r\n<td>\r\n<p><span style=\"font-family: Roboto; font-size: 14px;\">0 Euro<\/span><\/p>\r\n<\/td>\r\n<\/tr>\r\n<tr>\r\n<td>\r\n<p><span style=\"font-family: Roboto; font-size: 14px;\">Estonya K\u00fclt\u00fcrel Vizesi<\/span><\/p>\r\n<\/td>\r\n<td>\r\n<p><span style=\"font-family: Roboto; font-size: 14px;\">80 Euro<\/span><\/p>\r\n<\/td>\r\n<td>\r\n<p><span style=\"font-family: Roboto; font-size: 14px;\">40 Euro<\/span><\/p>\r\n<\/td>\r\n<td>\r\n<p><span style=\"font-family: Roboto; font-size: 14px;\">0 Euro<\/span><\/p>\r\n<\/td>\r\n<\/tr>\r\n<\/tbody>\r\n<\/table>\r\n<p>&nbsp;<\/p>\r\n<p><span style=\"font-family: Roboto;\"><\/span><\/p>","protected":false},"excerpt":{"rendered":"<p>Estonya seyahati yapacak olan T\u00fcrk vatanda\u015flar\u0131n\u0131n vize i\u015flemi yapt\u0131rmas\u0131 mecburidir. Vize i\u015flemlerinin eksiksiz bir \u015fekilde yap\u0131labilmesi i\u00e7in ki\u015filerin \u00f6ncelikle ge\u00e7erli bir pasaporta sahip olmas\u0131 gerekmektedir. Pasaport i\u00e7erisinde en az iki tane bo\u015f yaprak bulunmas\u0131 gerekiyor. Bununla birlikte 10 y\u0131ldan eski olan b\u00fct\u00fcn pasaportlar\u0131n yenilenmesi gerekmektedir. Vize i\u015flemi s\u0131ras\u0131nda eski ve yeni b\u00fct\u00fcn pasaportlar\u0131n\u0131z\u0131n yetkililere verilmesi<\/p>\n","protected":false},"author":1,"featured_media":0,"parent":0,"menu_order":0,"comment_status":"open","ping_status":"closed","template":"","meta":{"footnotes":""},"class_list":["post-283","page","type-page","status-publish","hentry"],"yoast_head":"<!-- This site is optimized with the Yoast SEO plugin v24.0 - https:\/\/yoast.com\/wordpress\/plugins\/seo\/ -->\n<title>Estonya Vize \u00dccreti - Estonya Vize \u0130\u015flemleri - MyVize<\/title>\n<meta name=\"description\" content=\"Estonya vizesi \u00fccreti hakk\u0131nda bilgi i\u00e7in ileti\u015fime ge\u00e7ebilirsiniz. Estonya vize \u00fccreti vize tipine g\u00f6re de\u011fi\u015fiklik g\u00f6sterebilir.\" \/>\n<meta name=\"robots\" content=\"index, follow, max-snippet:-1, max-image-preview:large, max-video-preview:-1\" \/>\n<link rel=\"canonical\" href=\"https:\/\/www.myvize.com.tr\/estonya\/estonya-vize-ucreti\/\" \/>\n<meta property=\"og:locale\" content=\"tr_TR\" \/>\n<meta property=\"og:type\" content=\"article\" \/>\n<meta property=\"og:title\" content=\"Estonya Vize \u00dccreti - Estonya Vize \u0130\u015flemleri - MyVize\" \/>\n<meta property=\"og:description\" content=\"Estonya vizesi \u00fccreti hakk\u0131nda bilgi i\u00e7in ileti\u015fime ge\u00e7ebilirsiniz. Estonya vize \u00fccreti vize tipine g\u00f6re de\u011fi\u015fiklik g\u00f6sterebilir.\" \/>\n<meta property=\"og:url\" content=\"https:\/\/www.myvize.com.tr\/estonya\/estonya-vize-ucreti\/\" \/>\n<meta property=\"og:site_name\" content=\"Estonya Vizesi\" \/>\n<meta property=\"article:modified_time\" content=\"2022-04-04T14:44:04+00:00\" \/>\n<meta property=\"og:image\" content=\"https:\/\/www.myvize.com.tr\/estonya\/wp-content\/uploads\/2021\/10\/10.jpg\" \/>\n<meta name=\"twitter:card\" content=\"summary_large_image\" \/>\n<meta name=\"twitter:label1\" content=\"Tahmini okuma s\u00fcresi\" \/>\n\t<meta name=\"twitter:data1\" content=\"3 dakika\" \/>\n<script type=\"application\/ld+json\" class=\"yoast-schema-graph\">{\"@context\":\"https:\/\/schema.org\",\"@graph\":[{\"@type\":\"WebPage\",\"@id\":\"https:\/\/www.myvize.com.tr\/estonya\/estonya-vize-ucreti\/\",\"url\":\"https:\/\/www.myvize.com.tr\/estonya\/estonya-vize-ucreti\/\",\"name\":\"Estonya Vize \u00dccreti - Estonya Vize \u0130\u015flemleri - MyVize\",\"isPartOf\":{\"@id\":\"https:\/\/www.myvize.com.tr\/estonya\/#website\"},\"primaryImageOfPage\":{\"@id\":\"https:\/\/www.myvize.com.tr\/estonya\/estonya-vize-ucreti\/#primaryimage\"},\"image\":{\"@id\":\"https:\/\/www.myvize.com.tr\/estonya\/estonya-vize-ucreti\/#primaryimage\"},\"thumbnailUrl\":\"https:\/\/www.myvize.com.tr\/estonya\/wp-content\/uploads\/2021\/10\/10.jpg\",\"datePublished\":\"2021-03-30T18:27:21+00:00\",\"dateModified\":\"2022-04-04T14:44:04+00:00\",\"description\":\"Estonya vizesi \u00fccreti hakk\u0131nda bilgi i\u00e7in ileti\u015fime ge\u00e7ebilirsiniz. Estonya vize \u00fccreti vize tipine g\u00f6re de\u011fi\u015fiklik g\u00f6sterebilir.\",\"breadcrumb\":{\"@id\":\"https:\/\/www.myvize.com.tr\/estonya\/estonya-vize-ucreti\/#breadcrumb\"},\"inLanguage\":\"tr\",\"potentialAction\":[{\"@type\":\"ReadAction\",\"target\":[\"https:\/\/www.myvize.com.tr\/estonya\/estonya-vize-ucreti\/\"]}]},{\"@type\":\"ImageObject\",\"inLanguage\":\"tr\",\"@id\":\"https:\/\/www.myvize.com.tr\/estonya\/estonya-vize-ucreti\/#primaryimage\",\"url\":\"https:\/\/www.myvize.com.tr\/estonya\/wp-content\/uploads\/2021\/10\/10.jpg\",\"contentUrl\":\"https:\/\/www.myvize.com.tr\/estonya\/wp-content\/uploads\/2021\/10\/10.jpg\",\"width\":800,\"height\":500,\"caption\":\"Estonya Vize \u00dccreti\"},{\"@type\":\"BreadcrumbList\",\"@id\":\"https:\/\/www.myvize.com.tr\/estonya\/estonya-vize-ucreti\/#breadcrumb\",\"itemListElement\":[{\"@type\":\"ListItem\",\"position\":1,\"name\":\"Anasayfa\",\"item\":\"https:\/\/www.myvize.com.tr\/estonya\/\"},{\"@type\":\"ListItem\",\"position\":2,\"name\":\"Estonya Vize \u00dccreti\"}]},{\"@type\":\"WebSite\",\"@id\":\"https:\/\/www.myvize.com.tr\/estonya\/#website\",\"url\":\"https:\/\/www.myvize.com.tr\/estonya\/\",\"name\":\"Estonya Vizesi\",\"description\":\"\",\"potentialAction\":[{\"@type\":\"SearchAction\",\"target\":{\"@type\":\"EntryPoint\",\"urlTemplate\":\"https:\/\/www.myvize.com.tr\/estonya\/?s={search_term_string}\"},\"query-input\":{\"@type\":\"PropertyValueSpecification\",\"valueRequired\":true,\"valueName\":\"search_term_string\"}}],\"inLanguage\":\"tr\"}]}<\/script>\n<!-- \/ Yoast SEO plugin. -->","yoast_head_json":{"title":"Estonya Vize \u00dccreti - Estonya Vize \u0130\u015flemleri - MyVize","description":"Estonya vizesi \u00fccreti hakk\u0131nda bilgi i\u00e7in ileti\u015fime ge\u00e7ebilirsiniz. Estonya vize \u00fccreti vize tipine g\u00f6re de\u011fi\u015fiklik g\u00f6sterebilir.","robots":{"index":"index","follow":"follow","max-snippet":"max-snippet:-1","max-image-preview":"max-image-preview:large","max-video-preview":"max-video-preview:-1"},"canonical":"https:\/\/www.myvize.com.tr\/estonya\/estonya-vize-ucreti\/","og_locale":"tr_TR","og_type":"article","og_title":"Estonya Vize \u00dccreti - Estonya Vize \u0130\u015flemleri - MyVize","og_description":"Estonya vizesi \u00fccreti hakk\u0131nda bilgi i\u00e7in ileti\u015fime ge\u00e7ebilirsiniz. Estonya vize \u00fccreti vize tipine g\u00f6re de\u011fi\u015fiklik g\u00f6sterebilir.","og_url":"https:\/\/www.myvize.com.tr\/estonya\/estonya-vize-ucreti\/","og_site_name":"Estonya Vizesi","article_modified_time":"2022-04-04T14:44:04+00:00","og_image":[{"url":"https:\/\/www.myvize.com.tr\/estonya\/wp-content\/uploads\/2021\/10\/10.jpg","type":"","width":"","height":""}],"twitter_card":"summary_large_image","twitter_misc":{"Tahmini okuma s\u00fcresi":"3 dakika"},"schema":{"@context":"https:\/\/schema.org","@graph":[{"@type":"WebPage","@id":"https:\/\/www.myvize.com.tr\/estonya\/estonya-vize-ucreti\/","url":"https:\/\/www.myvize.com.tr\/estonya\/estonya-vize-ucreti\/","name":"Estonya Vize \u00dccreti - Estonya Vize \u0130\u015flemleri - MyVize","isPartOf":{"@id":"https:\/\/www.myvize.com.tr\/estonya\/#website"},"primaryImageOfPage":{"@id":"https:\/\/www.myvize.com.tr\/estonya\/estonya-vize-ucreti\/#primaryimage"},"image":{"@id":"https:\/\/www.myvize.com.tr\/estonya\/estonya-vize-ucreti\/#primaryimage"},"thumbnailUrl":"https:\/\/www.myvize.com.tr\/estonya\/wp-content\/uploads\/2021\/10\/10.jpg","datePublished":"2021-03-30T18:27:21+00:00","dateModified":"2022-04-04T14:44:04+00:00","description":"Estonya vizesi \u00fccreti hakk\u0131nda bilgi i\u00e7in ileti\u015fime ge\u00e7ebilirsiniz. Estonya vize \u00fccreti vize tipine g\u00f6re de\u011fi\u015fiklik g\u00f6sterebilir.","breadcrumb":{"@id":"https:\/\/www.myvize.com.tr\/estonya\/estonya-vize-ucreti\/#breadcrumb"},"inLanguage":"tr","potentialAction":[{"@type":"ReadAction","target":["https:\/\/www.myvize.com.tr\/estonya\/estonya-vize-ucreti\/"]}]},{"@type":"ImageObject","inLanguage":"tr","@id":"https:\/\/www.myvize.com.tr\/estonya\/estonya-vize-ucreti\/#primaryimage","url":"https:\/\/www.myvize.com.tr\/estonya\/wp-content\/uploads\/2021\/10\/10.jpg","contentUrl":"https:\/\/www.myvize.com.tr\/estonya\/wp-content\/uploads\/2021\/10\/10.jpg","width":800,"height":500,"caption":"Estonya Vize \u00dccreti"},{"@type":"BreadcrumbList","@id":"https:\/\/www.myvize.com.tr\/estonya\/estonya-vize-ucreti\/#breadcrumb","itemListElement":[{"@type":"ListItem","position":1,"name":"Anasayfa","item":"https:\/\/www.myvize.com.tr\/estonya\/"},{"@type":"ListItem","position":2,"name":"Estonya Vize \u00dccreti"}]},{"@type":"WebSite","@id":"https:\/\/www.myvize.com.tr\/estonya\/#website","url":"https:\/\/www.myvize.com.tr\/estonya\/","name":"Estonya Vizesi","description":"","potentialAction":[{"@type":"SearchAction","target":{"@type":"EntryPoint","urlTemplate":"https:\/\/www.myvize.com.tr\/estonya\/?s={search_term_string}"},"query-input":{"@type":"PropertyValueSpecification","valueRequired":true,"valueName":"search_term_string"}}],"inLanguage":"tr"}]}},"_links":{"self":[{"href":"https:\/\/www.myvize.com.tr\/estonya\/wp-json\/wp\/v2\/pages\/283","targetHints":{"allow":["GET"]}}],"collection":[{"href":"https:\/\/www.myvize.com.tr\/estonya\/wp-json\/wp\/v2\/pages"}],"about":[{"href":"https:\/\/www.myvize.com.tr\/estonya\/wp-json\/wp\/v2\/types\/page"}],"author":[{"embeddable":true,"href":"https:\/\/www.myvize.com.tr\/estonya\/wp-json\/wp\/v2\/users\/1"}],"replies":[{"embeddable":true,"href":"https:\/\/www.myvize.com.tr\/estonya\/wp-json\/wp\/v2\/comments?post=283"}],"version-history":[{"count":6,"href":"https:\/\/www.myvize.com.tr\/estonya\/wp-json\/wp\/v2\/pages\/283\/revisions"}],"predecessor-version":[{"id":725,"href":"https:\/\/www.myvize.com.tr\/estonya\/wp-json\/wp\/v2\/pages\/283\/revisions\/725"}],"wp:attachment":[{"href":"https:\/\/www.myvize.com.tr\/estonya\/wp-json\/wp\/v2\/media?parent=283"}],"curies":[{"name":"wp","href":"https:\/\/api.w.org\/{rel}","templated":true}]}}