{"id":30,"date":"2021-06-24T12:00:00","date_gmt":"2021-06-24T09:00:00","guid":{"rendered":"https:\/\/www.myvize.com.tr\/estonya\/?page_id=30"},"modified":"2022-04-04T17:41:14","modified_gmt":"2022-04-04T14:41:14","slug":"estonya-vizesi","status":"publish","type":"page","link":"https:\/\/www.myvize.com.tr\/estonya\/vize-islemleri\/estonya-vizesi\/","title":{"rendered":"Estonya Vizesi"},"content":{"rendered":"<p><span style=\"font-family: Roboto;\"><\/span><\/p>\r\n<p style=\"font-size: 14px;\"><span style=\"font-family: Roboto; font-size: 14px;\">Bordo pasaporta sahip ki\u015filer vize almaya zorunludur. Ancak gri, ye\u015fil, diplomatik pasaport sahiplerinin 90 g\u00fcn\u00fc a\u015fmamak \u015fart\u0131 ile vize almalar\u0131na gerek yoktur. Estonya\u2019ya ba\u015fvurmak isteyen T\u00fcrk vatanda\u015flar\u0131 Schengen vizesine tabi tutulmaktad\u0131r. Bu vize seyahat uzunlu\u011funa ba\u011fl\u0131 olarak de\u011fi\u015fmektedir. K\u0131sa konaklamalarda C tipi, uzun s\u00fcreli konaklama i\u00e7in D tipi vize ko\u015fulu sizleri kar\u015f\u0131lamaktad\u0131r.\u00a0 Bu vize el\u00e7ili\u011fin yetki verdi\u011fi bir tak\u0131m kurumlarca yap\u0131lmaktad\u0131r.<\/span><\/p>\r\n<h2><span style=\"font-family: Roboto; font-size: 27px;\"><strong>Estonya Vizesi Hakk\u0131nda<\/strong><\/span><\/h2>\r\n<p><span style=\"font-family: Roboto; font-size: 14px;\">Estonya Cumhuriyeti\u2019ne seyahat etmeyi d\u00fc\u015f\u00fcnen umuma mahsus pasaporta sahip T\u00fcrkiye Cumhuriyeti vatanda\u015f\u0131, seyahatini ger\u00e7ekle\u015ftirmek i\u00e7in<strong> Estonya vize ba\u015fvurusu<\/strong> yapmak zorundad\u0131r.<\/span><br \/><span style=\"font-family: Roboto; font-size: 14px;\">Estonya vizesiyle \u00fclkeye yap\u0131lacak seyahat amac\u0131 ve \u00fclkede kal\u0131\u015f zaman\u0131na ba\u011fl\u0131 olarak de\u011fi\u015fiklik g\u00f6stermekte. Estonya vizesi tipi <strong>Estonya Transit vize<\/strong>, Estonya K\u0131sa s\u00fcre vize,<strong> Estonya Schengen vizesi<\/strong> ve Estonya Uzun s\u00fcre vize \u015feklinde gruplanm\u0131\u015ft\u0131r.<\/span><br \/><span style=\"font-family: Roboto; font-size: 14px;\">Estonya vize i\u00e7in ba\u015fvuruda bulunmak isteyen ki\u015fi vize ba\u015fvurusunu farkl\u0131 \u015fekilde yapma \u015fans\u0131na sahiptir. Estonya vize ba\u015fvuru yolu a\u015fa\u011f\u0131da ifade edilmi\u015f.<\/span><br \/><span style=\"font-family: Roboto; font-size: 14px;\">Estonya Konsoloslu\u011fu do\u011frudan ba\u015fvuru: Estonya vize ba\u015fvurusunu do\u011frudan Estonya Konsolosluklar\u0131na yapmak m\u00fcmk\u00fcn. Estonya vize ba\u015fvurusunu do\u011frudan konsoloslu\u011fa yapacak olan ki\u015fi ba\u015fta<strong> Estonya vize i\u015flemi<\/strong> olmak \u00fczere Estonya Konsoloslu\u011fu\u2019na yap\u0131lacak i\u015flem i\u00e7in \u00f6ncesinde online randevu alma gerekti\u011fini unutmamal\u0131d\u0131r.<\/span><br \/><span style=\"font-family: Roboto; font-size: 14px;\"><strong>Estonya vize<\/strong> ba\u015fvurusunda bulunan ki\u015fiden talep edilen <strong>Estonya vize<\/strong> har\u00e7 bedeli, Estonya Cumhuriyete yap\u0131lacak seyahat s\u00fcresi ve niteli\u011fi ba\u011flam\u0131nda farkl\u0131 g\u00f6stermektedir.<\/span><br \/><span style=\"font-family: Roboto; font-size: 14px;\"><strong>Estonya vizesi<\/strong> ba\u015fvurusunda gerekli evraklar \u015funlard\u0131r;<\/span><br \/><span style=\"font-family: Roboto; font-size: 14px;\">Seyahat belgesi.<\/span><br \/><span style=\"font-family: Roboto; font-size: 14px;\">Vize ba\u015fvuru formu.<\/span><br \/><span style=\"font-family: Roboto; font-size: 14px;\">Renkli foto\u011fraf.<\/span><br \/><span style=\"font-family: Roboto; font-size: 14px;\">Seyahat sa\u011fl\u0131k sigortas\u0131.<\/span><br \/><span style=\"font-family: Roboto; font-size: 14px;\">Seyahat amac\u0131 g\u00f6steren belgeler.<\/span><br \/><span style=\"font-family: Roboto; font-size: 14px;\">Mali belgeler.<\/span><br \/><span style=\"font-family: Roboto; font-size: 14px;\">Vize har\u00e7 dekontu.<\/span><\/p>\r\n<p><img decoding=\"async\" src=\"https:\/\/www.myvize.com.tr\/estonya\/wp-content\/uploads\/2021\/10\/8.jpg\" \/><\/p>\r\n<h2><span style=\"font-size: 27px;\"><strong><span style=\"font-family: Roboto;\">Estonya Vizesi \u0130le \u0130lgili<\/span><\/strong><\/span><\/h2>\r\n<p><span style=\"font-family: Roboto; font-size: 14px;\">Estonya\u2019ya seyahat edecek olan ki\u015filer k\u0131sa s\u00fcreli ve uzun s\u00fcreli <strong>Estonya vizesi<\/strong> alabilmektedir. Diplomatik, Hususi ve Hizmet Pasaportu sahibi olan T\u00fcrk vatanda\u015flar\u0131 k\u0131sa s\u00fcreli Estonya vizesinden muaft\u0131r. Ayr\u0131ca <strong>Estonya vize muafiyeti<\/strong> olan bir \u00fclke vatanda\u015f\u0131 iseniz ya da Schengen vizeniz var ise<strong> Estonya vizesi<\/strong> alman\u0131za gerek bulunmamaktad\u0131r.<\/span><\/p>\r\n<p><span style=\"font-family: Roboto; font-size: 14px;\">Estonya bir Schengen \u00fclkesidir. Bundan dolay\u0131 k\u0131sa s\u00fcreli Estonya vizesi ba\u015fvurusu yapan ki\u015filer, Schengen vizesi ba\u015fvurusu yapm\u0131\u015f olur. K\u0131sa s\u00fcreli<strong> Estonya vizesi<\/strong> \u00fclkede en fazla 90 g\u00fcn kalman\u0131z\u0131 sa\u011flamaktad\u0131r. Estonya\u2019da 90\u2019g\u00fcnden fazla kalacak olan ki\u015filer ise Estonya ulusal vize ba\u015fvurusu yapmal\u0131d\u0131r.<\/span><\/p>\r\n<p><span style=\"font-family: Roboto; font-size: 14px;\">K\u0131sa s\u00fcreli <strong>Estonya vizesi ba\u015fvurular\u0131<\/strong>, Estonya vizesi ba\u015fvuru merkezlerine yap\u0131lmal\u0131d\u0131r. Uzun s\u00fcreli Estonya vizesi ba\u015fvurular\u0131 ise Estonya\u2019n\u0131n T\u00fcrkiye\u2019de bulunan diplomatik temsilciliklerine yap\u0131labilmektedir. Estonya vizesi i\u00e7in randevu zorunludur. Ba\u015fvuru s\u0131ras\u0131nda biyometrik veri verilmelidir.<\/span><\/p>\r\n<p><span style=\"font-family: Roboto; font-size: 14px;\"><strong>Estonya vizesi<\/strong> alacak olan ki\u015filerin seyahatleri boyunca masraflar\u0131n\u0131 kar\u015f\u0131lamas\u0131 istenmektedir. Bundan dolay\u0131 Estonya vizesi alacak olan ki\u015filer finansal durumunun yeterlili\u011fini kan\u0131tlamal\u0131d\u0131r. Bunun yan\u0131nda <strong>Estonya vizesi<\/strong> alacak olan T\u00fcrk vatanda\u015flar\u0131n\u0131n en az 30.000 Euro teminat\u0131 olan bir Seyahat Sa\u011fl\u0131k Sigortas\u0131 yapt\u0131rmas\u0131 gerekmektedir.<\/span><\/p>\r\n<h2><span style=\"font-family: Roboto; font-size: 27px;\"><strong>Estonya Vizesi \u00c7\u0131k\u0131\u015f S\u00fcresi<\/strong><\/span><\/h2>\r\n<p><span style=\"font-family: Roboto; font-size: 14px;\">\r\n\r\n<\/span><\/p>\r\n<p style=\"font-size: 14px;\"><span style=\"font-family: Roboto; font-size: 14px;\">Ortalama 7 ile 10 g\u00fcn aras\u0131nda vize ba\u015fvurular\u0131 sonu\u00e7lanmaktad\u0131r. Seyahat tarihinizden en az 1 ay \u00f6nce ba\u015fvurman\u0131z h\u0131z kazanman\u0131z i\u00e7in etkili bir ad\u0131m olacakt\u0131r.<\/span><\/p>\r\n<h2><span style=\"font-family: Roboto; font-size: 27px;\"><strong>Estonya Schengen Vizesine Nas\u0131l Ba\u015fvurulur?<\/strong><\/span><\/h2>\r\n<p><span style=\"font-family: Roboto; font-size: 14px;\">\r\n\r\n<\/span><\/p>\r\n<p style=\"font-size: 14px;\"><span style=\"font-family: Roboto; font-size: 14px;\"><strong>Estonya shengen vizesi<\/strong>\u00a0k\u0131sa s\u00fcreli ba\u015fvuru yapmak isteyen ki\u015filerin ba\u015fvurdu\u011fu bir vize t\u00fcr\u00fcd\u00fcr. \u0130lk \u00f6nce konsolosluk ya da arac\u0131 kurumdan randevu al\u0131nmal\u0131d\u0131r, sonras\u0131nda gerekli evraklar ile kuruma gidip ba\u015fvuru tamamlanmal\u0131, sonu\u00e7lar beklenmelidir. Vize i\u015fleminin olumlu sonu\u00e7lanmas\u0131 ad\u0131na, verilen bilgilerin do\u011fru ve eksiksiz olmas\u0131 gerekmektedir. Ger\u00e7e\u011fi yans\u0131tmas\u0131 \u00f6nemli bir husustur. Ger\u00e7e\u011fe uygun olmayan veriler vizenizin reddi ile sonu\u00e7lanabilir.<\/span><\/p>\r\n<p><span style=\"font-family: Roboto; font-size: 14px;\">\r\n\r\n<\/span><\/p>\r\n<p style=\"font-size: 14px;\"><span style=\"font-family: Roboto; font-size: 14px;\"><strong>Estonya vizesi<\/strong>\u00a0almak isteyen ki\u015filer schengen vizesine ba\u015fvurulan\u0131 yapabilirler. Estonya da schengen kapsam\u0131ndaki \u00fclkeler aras\u0131ndad\u0131r. Estonya vize ba\u015fvurusu yap\u0131p <strong>schengen vizesi<\/strong> alan ki\u015filer di\u011fer schengen \u00fclkeleri aras\u0131nda dola\u015f\u0131m sa\u011flayabilir. Unutulmamas\u0131 gereken nokta, hangi \u00fclkenin vizesi al\u0131nd\u0131ysa seyahate o \u00fclkeden ba\u015flanmas\u0131 gerekti\u011fidir<strong>. Estonya vize ba\u015fvurusu<\/strong>\u00a0i\u00e7in istenen;<\/span><\/p>\r\n<p><span style=\"font-family: Roboto; font-size: 14px;\">\r\n\r\n<\/span><\/p>\r\n<ul class=\"wp-block-list\" style=\"font-size: 14px;\">\r\n<li><span style=\"font-family: Roboto; font-size: 14px;\">Pasaport, n\u00fcfus c\u00fczdan\u0131 ve fotokopisi, vize ba\u015fvuru formu, <strong>Estonya Konsoloslu\u011fu\u2019na<\/strong> yaz\u0131lm\u0131\u015f \u015fahsi dilek\u00e7e, finansal belgeler, 2 adet arka fonu beyaz standartlara uygun \u00e7ekilmi\u015f foto\u011fraf, mesleki belgeler, n\u00fcfus kay\u0131t \u00f6rne\u011fi, maddi durumu belgeleyen evraklar, \u00e7al\u0131\u015fan ya da i\u015fveren i\u00e7in \u015firket bilgileri, konaklama bilgileri, u\u00e7ak gidi\u015f d\u00f6n\u00fc\u015f rezervasyonu, seyahat sa\u011fl\u0131k sigortas\u0131 standart belgelerdir.<\/span><\/li>\r\n<\/ul>\r\n<p><span style=\"font-family: Roboto; font-size: 14px;\">\r\n\r\n<\/span><\/p>\r\n<h3 class=\"wp-block-heading\"><span style=\"font-family: Roboto; font-size: 24px;\"><strong>Estonya Vize T\u00fcrleri<\/strong><\/span><\/h3>\r\n<p><span style=\"font-family: Roboto; font-size: 14px;\">\r\n\r\n<\/span><\/p>\r\n<p style=\"font-size: 14px;\"><span style=\"font-family: Roboto; font-size: 14px;\"><strong>Estonya vizesi<\/strong> almak isteyen vatanda\u015flar\u0131n vizelerin kategoriye ay\u0131rm\u0131\u015flard\u0131r. Bunlar;<\/span><\/p>\r\n<p><span style=\"font-family: Roboto; font-size: 14px;\">\r\n\r\n<\/span><\/p>\r\n<ol class=\"wp-block-list\" style=\"font-size: 14px;\">\r\n<li><span style=\"font-family: Roboto; font-size: 14px;\"><strong><a href=\"https:\/\/www.myvize.com.tr\/estonya\/vize-islemleri\/estonya-turistik-vize\/\" target=\"_blank\" rel=\"noreferrer noopener\"><span class=\"has-inline-color\" style=\"color: #2acec2;\">Estonya Turistik vize<\/span><\/a><\/strong><\/span><\/li>\r\n<li><span style=\"font-family: Roboto; font-size: 14px;\"><a href=\"https:\/\/www.myvize.com.tr\/estonya\/vize-islemleri\/estonya-ticari-vize\/\" target=\"_blank\" rel=\"noreferrer noopener\"><strong><span class=\"has-inline-color\" style=\"color: #2acec2;\">Estonya Ticari vize<\/span><\/strong><\/a><\/span><\/li>\r\n<li><strong><span style=\"font-family: Roboto; font-size: 14px;\">Diplomatik ve resmi g\u00f6r\u00fc\u015fmeler vizesi<\/span><\/strong><\/li>\r\n<li><strong><span style=\"font-family: Roboto; font-size: 14px;\">Aile veya arkada\u015f ziyareti vizesi<\/span><\/strong><\/li>\r\n<li><span style=\"font-family: Roboto; font-size: 14px;\"><strong><span class=\"has-inline-color\">Estonya Transit vize<\/span><\/strong><\/span><\/li>\r\n<\/ol>\r\n<p><span style=\"font-family: Roboto; font-size: 14px;\"> <img decoding=\"async\" src=\"https:\/\/www.myvize.com.tr\/estonya\/wp-content\/uploads\/2021\/10\/6.jpg\" \/> <\/span><\/p>\r\n<h3 class=\"wp-block-heading\"><span style=\"font-family: Roboto; font-size: 24px;\"><strong>Estonya Vize \u0130\u00e7in Gerekli Belgeler<\/strong><\/span><\/h3>\r\n<p><span style=\"font-family: Roboto; font-size: 14px;\">\r\n\r\n<\/span><\/p>\r\n<ol class=\"wp-block-list\" style=\"font-size: 14px;\">\r\n<li><span style=\"font-family: Roboto; font-size: 14px;\">Pasaportun 10 y\u0131ldan daha eski olmamas\u0131 gerekmektedir. Yeni pasaportun s\u00fcresi de d\u00f6n\u00fc\u015f tarihinden 3 ay sonra ge\u00e7erlili\u011fi yitirecek \u015fekilde ayarlanmal\u0131d\u0131r.<\/span><\/li>\r\n<li><span style=\"font-family: Roboto; font-size: 14px;\">\u00d6nemli konulardan biride<strong> <a href=\"https:\/\/www.myvize.com.tr\/estonya\/vize-islemleri\/estonya-vize-basvuru-formu\/\" target=\"_blank\" rel=\"noreferrer noopener\"><span class=\"has-inline-color\" style=\"color: #2acec2;\">Estonya vize ba\u015fvuru formu<\/span><\/a><\/strong> \u0130ngilizce olarak do\u011fru bir \u015fekilde doldurulmas\u0131d\u0131r.<\/span><\/li>\r\n<li><span style=\"font-family: Roboto; font-size: 14px;\">Eski pasaport varsa fotokopileri de dosyaya konulacakt\u0131r.<\/span><\/li>\r\n<li><span style=\"font-family: Roboto; font-size: 14px;\">Son 6 ay i\u00e7inde \u00e7ekilmi\u015f olacak \u015fekilde biometrik foto\u011fraf<\/span><\/li>\r\n<li><span style=\"font-family: Roboto; font-size: 14px;\">Kimlik kart\u0131 fotokopisi<\/span><\/li>\r\n<li><span style=\"font-family: Roboto; font-size: 14px;\">Sa\u011fl\u0131k sigortas\u0131 ile alakal\u0131 belgeler<\/span><\/li>\r\n<li><span style=\"font-family: Roboto; font-size: 14px;\">Konaklanacak yerlerin evraklar\u0131<\/span><\/li>\r\n<li><span style=\"font-family: Roboto; font-size: 14px;\">U\u00e7ak veya otel rezervasyonlar\u0131n\u0131n \u00e7\u0131kt\u0131lar\u0131<\/span><\/li>\r\n<li><span style=\"font-family: Roboto; font-size: 14px;\">Son 3 ay\u0131 i\u00e7eren maa\u015f bordrosu<\/span><\/li>\r\n<li><span style=\"font-family: Roboto; font-size: 14px;\">Banka hesap bilgileri son 3 ay d\u00f6k\u00fcmleri<\/span><\/li>\r\n<li><span style=\"font-family: Roboto; font-size: 14px;\">18 alt\u0131 bireyleri aile izin belgeleri ile ba\u015fvurmal\u0131d\u0131r.<\/span><\/li>\r\n<li><span style=\"font-family: Roboto; font-size: 14px;\">Sa\u011fl\u0131k sigortalar\u0131n\u0131n uluslararas\u0131 ge\u00e7erlili\u011fe sahip olmas\u0131 gerekmektedir.<\/span><\/li>\r\n<\/ol>\r\n<p><span style=\"font-family: Roboto; font-size: 14px;\">\r\n\r\n<\/span><\/p>\r\n<p><span style=\"font-family: Roboto; font-size: 14px;\">\r\n\r\n<\/span><\/p>\r\n<p><span style=\"font-family: Roboto; font-size: 14px;\"> <img decoding=\"async\" src=\"https:\/\/www.myvize.com.tr\/estonya\/wp-content\/uploads\/2021\/10\/7.jpg\" \/> <\/span><\/p>\r\n<h3 class=\"wp-block-heading\"><span style=\"font-family: Roboto; font-size: 24px;\"><strong>Estonya Vizesi \u00dccretleri<\/strong><\/span><\/h3>\r\n<p><span style=\"font-family: Roboto; font-size: 14px;\">\r\n\r\n<\/span><\/p>\r\n<p style=\"font-size: 14px;\"><span style=\"font-family: Roboto; font-size: 14px;\">Vize \u00fccretleri konaklanacak g\u00fcne ba\u011fl\u0131 olmakla birlikte pasaport bi\u00e7imlerine g\u00f6re de\u011fi\u015fiklik g\u00f6stermektedir.\u00a0 Kesin bilgiyi ba\u015fvuru s\u00fcrecinde iken konsolosluk vermektedir.<\/span><\/p>\r\n<p><span style=\"font-family: Roboto; font-size: 14px;\">\r\n\r\n<\/span><\/p>\r\n<h4 class=\"wp-block-heading\"><span style=\"font-family: Roboto; font-size: 22px;\"><strong>Estonya Vizeden Muaf \u00dclkeler<\/strong><\/span><\/h4>\r\n<p><span style=\"font-family: Roboto; font-size: 14px;\">\r\n\r\n<\/span><\/p>\r\n<ol class=\"wp-block-list\" style=\"font-size: 14px;\">\r\n<li><span style=\"font-family: Roboto; font-size: 14px;\">Bel\u00e7ika<\/span><\/li>\r\n<li><span style=\"font-family: Roboto; font-size: 14px;\">Fransa<\/span><\/li>\r\n<li><span style=\"font-family: Roboto; font-size: 14px;\">\u00c7ek Cumhuriyeti<\/span><\/li>\r\n<li><span style=\"font-family: Roboto; font-size: 14px;\">Almanya<\/span><\/li>\r\n<li><span style=\"font-family: Roboto; font-size: 14px;\">Danimarka<\/span><\/li>\r\n<li><span style=\"font-family: Roboto; font-size: 14px;\">Yunanistan<\/span><\/li>\r\n<li><span style=\"font-family: Roboto; font-size: 14px;\">Finlandiya<\/span><\/li>\r\n<li><span style=\"font-family: Roboto; font-size: 14px;\">\u0130talya<\/span><\/li>\r\n<li><span style=\"font-family: Roboto; font-size: 14px;\">Macaristan<\/span><\/li>\r\n<li><span style=\"font-family: Roboto; font-size: 14px;\">Letonya<\/span><\/li>\r\n<li><span style=\"font-family: Roboto; font-size: 14px;\">\u0130zlanda<\/span><\/li>\r\n<li><span style=\"font-family: Roboto; font-size: 14px;\">Litvanya<\/span><\/li>\r\n<li><span style=\"font-family: Roboto; font-size: 14px;\">Malta<\/span><\/li>\r\n<li><span style=\"font-family: Roboto; font-size: 14px;\">L\u00fcksemburg<\/span><\/li>\r\n<li><span style=\"font-family: Roboto; font-size: 14px;\">Lihten\u015ftayn<\/span><\/li>\r\n<li><span style=\"font-family: Roboto; font-size: 14px;\">\u0130svi\u00e7re<\/span><\/li>\r\n<li><span style=\"font-family: Roboto; font-size: 14px;\">Hollanda<\/span><\/li>\r\n<li><span style=\"font-family: Roboto; font-size: 14px;\">\u0130sve\u00e7<\/span><\/li>\r\n<li><span style=\"font-family: Roboto; font-size: 14px;\">Portekiz<\/span><\/li>\r\n<li><span style=\"font-family: Roboto; font-size: 14px;\">Norve\u00e7<\/span><\/li>\r\n<li><span style=\"font-family: Roboto; font-size: 14px;\">\u0130spanya<\/span><\/li>\r\n<li><span style=\"font-family: Roboto; font-size: 14px;\">Slovakya<\/span><\/li>\r\n<li><span style=\"font-family: Roboto; font-size: 14px;\">Slovenya<\/span><\/li>\r\n<li><span style=\"font-family: Roboto; font-size: 14px;\">Polonya<\/span><\/li>\r\n<li><span style=\"font-family: Roboto; font-size: 14px;\">Avusturya<\/span><\/li>\r\n<\/ol>\r\n<p><span style=\"font-family: Roboto;\"><\/span><\/p>","protected":false},"excerpt":{"rendered":"<p>Bordo pasaporta sahip ki\u015filer vize almaya zorunludur. Ancak gri, ye\u015fil, diplomatik pasaport sahiplerinin 90 g\u00fcn\u00fc a\u015fmamak \u015fart\u0131 ile vize almalar\u0131na gerek yoktur. Estonya\u2019ya ba\u015fvurmak isteyen T\u00fcrk vatanda\u015flar\u0131 Schengen vizesine tabi tutulmaktad\u0131r. Bu vize seyahat uzunlu\u011funa ba\u011fl\u0131 olarak de\u011fi\u015fmektedir. K\u0131sa konaklamalarda C tipi, uzun s\u00fcreli konaklama i\u00e7in D tipi vize ko\u015fulu sizleri kar\u015f\u0131lamaktad\u0131r.\u00a0 Bu vize el\u00e7ili\u011fin<\/p>\n","protected":false},"author":1,"featured_media":0,"parent":18,"menu_order":0,"comment_status":"open","ping_status":"closed","template":"","meta":{"footnotes":""},"class_list":["post-30","page","type-page","status-publish","hentry"],"yoast_head":"<!-- This site is optimized with the Yoast SEO plugin v24.0 - https:\/\/yoast.com\/wordpress\/plugins\/seo\/ -->\n<title>Estonya Vizesi - Estonya Vize \u0130\u015flem \u00dccreti - MyVize<\/title>\n<meta name=\"description\" content=\"Estonya vizesi i\u00e7in gerekli olan evraklar g\u00fcncel. Vize t\u00fcrleri turistik, ticari, aile birle\u015fimi genel bilgiler. Estonya vize i\u015flem s\u00fcreci.\" \/>\n<meta name=\"robots\" content=\"index, follow, max-snippet:-1, max-image-preview:large, max-video-preview:-1\" \/>\n<link rel=\"canonical\" href=\"https:\/\/www.myvize.com.tr\/estonya\/vize-islemleri\/estonya-vizesi\/\" \/>\n<meta property=\"og:locale\" content=\"tr_TR\" \/>\n<meta property=\"og:type\" content=\"article\" \/>\n<meta property=\"og:title\" content=\"Estonya Vizesi - Estonya Vize \u0130\u015flem \u00dccreti - MyVize\" \/>\n<meta property=\"og:description\" content=\"Estonya vizesi i\u00e7in gerekli olan evraklar g\u00fcncel. Vize t\u00fcrleri turistik, ticari, aile birle\u015fimi genel bilgiler. Estonya vize i\u015flem s\u00fcreci.\" \/>\n<meta property=\"og:url\" content=\"https:\/\/www.myvize.com.tr\/estonya\/vize-islemleri\/estonya-vizesi\/\" \/>\n<meta property=\"og:site_name\" content=\"Estonya Vizesi\" \/>\n<meta property=\"article:modified_time\" content=\"2022-04-04T14:41:14+00:00\" \/>\n<meta property=\"og:image\" content=\"https:\/\/www.myvize.com.tr\/estonya\/wp-content\/uploads\/2021\/10\/8.jpg\" \/>\n<meta name=\"twitter:card\" content=\"summary_large_image\" \/>\n<meta name=\"twitter:label1\" content=\"Tahmini okuma s\u00fcresi\" \/>\n\t<meta name=\"twitter:data1\" content=\"4 dakika\" \/>\n<script type=\"application\/ld+json\" class=\"yoast-schema-graph\">{\"@context\":\"https:\/\/schema.org\",\"@graph\":[{\"@type\":\"WebPage\",\"@id\":\"https:\/\/www.myvize.com.tr\/estonya\/vize-islemleri\/estonya-vizesi\/\",\"url\":\"https:\/\/www.myvize.com.tr\/estonya\/vize-islemleri\/estonya-vizesi\/\",\"name\":\"Estonya Vizesi - Estonya Vize \u0130\u015flem \u00dccreti - MyVize\",\"isPartOf\":{\"@id\":\"https:\/\/www.myvize.com.tr\/estonya\/#website\"},\"primaryImageOfPage\":{\"@id\":\"https:\/\/www.myvize.com.tr\/estonya\/vize-islemleri\/estonya-vizesi\/#primaryimage\"},\"image\":{\"@id\":\"https:\/\/www.myvize.com.tr\/estonya\/vize-islemleri\/estonya-vizesi\/#primaryimage\"},\"thumbnailUrl\":\"https:\/\/www.myvize.com.tr\/estonya\/wp-content\/uploads\/2021\/10\/8.jpg\",\"datePublished\":\"2021-06-24T09:00:00+00:00\",\"dateModified\":\"2022-04-04T14:41:14+00:00\",\"description\":\"Estonya vizesi i\u00e7in gerekli olan evraklar g\u00fcncel. Vize t\u00fcrleri turistik, ticari, aile birle\u015fimi genel bilgiler. Estonya vize i\u015flem s\u00fcreci.\",\"breadcrumb\":{\"@id\":\"https:\/\/www.myvize.com.tr\/estonya\/vize-islemleri\/estonya-vizesi\/#breadcrumb\"},\"inLanguage\":\"tr\",\"potentialAction\":[{\"@type\":\"ReadAction\",\"target\":[\"https:\/\/www.myvize.com.tr\/estonya\/vize-islemleri\/estonya-vizesi\/\"]}]},{\"@type\":\"ImageObject\",\"inLanguage\":\"tr\",\"@id\":\"https:\/\/www.myvize.com.tr\/estonya\/vize-islemleri\/estonya-vizesi\/#primaryimage\",\"url\":\"https:\/\/www.myvize.com.tr\/estonya\/wp-content\/uploads\/2021\/10\/8.jpg\",\"contentUrl\":\"https:\/\/www.myvize.com.tr\/estonya\/wp-content\/uploads\/2021\/10\/8.jpg\",\"width\":800,\"height\":500,\"caption\":\"Estonya Vizesi\"},{\"@type\":\"BreadcrumbList\",\"@id\":\"https:\/\/www.myvize.com.tr\/estonya\/vize-islemleri\/estonya-vizesi\/#breadcrumb\",\"itemListElement\":[{\"@type\":\"ListItem\",\"position\":1,\"name\":\"Anasayfa\",\"item\":\"https:\/\/www.myvize.com.tr\/estonya\/\"},{\"@type\":\"ListItem\",\"position\":2,\"name\":\"V\u0130ZE \u0130\u015eLEMLER\u0130\",\"item\":\"https:\/\/www.myvize.com.tr\/estonya\/vize-islemleri\/\"},{\"@type\":\"ListItem\",\"position\":3,\"name\":\"Estonya Vizesi\"}]},{\"@type\":\"WebSite\",\"@id\":\"https:\/\/www.myvize.com.tr\/estonya\/#website\",\"url\":\"https:\/\/www.myvize.com.tr\/estonya\/\",\"name\":\"Estonya Vizesi\",\"description\":\"\",\"potentialAction\":[{\"@type\":\"SearchAction\",\"target\":{\"@type\":\"EntryPoint\",\"urlTemplate\":\"https:\/\/www.myvize.com.tr\/estonya\/?s={search_term_string}\"},\"query-input\":{\"@type\":\"PropertyValueSpecification\",\"valueRequired\":true,\"valueName\":\"search_term_string\"}}],\"inLanguage\":\"tr\"}]}<\/script>\n<!-- \/ Yoast SEO plugin. -->","yoast_head_json":{"title":"Estonya Vizesi - Estonya Vize \u0130\u015flem \u00dccreti - MyVize","description":"Estonya vizesi i\u00e7in gerekli olan evraklar g\u00fcncel. Vize t\u00fcrleri turistik, ticari, aile birle\u015fimi genel bilgiler. Estonya vize i\u015flem s\u00fcreci.","robots":{"index":"index","follow":"follow","max-snippet":"max-snippet:-1","max-image-preview":"max-image-preview:large","max-video-preview":"max-video-preview:-1"},"canonical":"https:\/\/www.myvize.com.tr\/estonya\/vize-islemleri\/estonya-vizesi\/","og_locale":"tr_TR","og_type":"article","og_title":"Estonya Vizesi - Estonya Vize \u0130\u015flem \u00dccreti - MyVize","og_description":"Estonya vizesi i\u00e7in gerekli olan evraklar g\u00fcncel. Vize t\u00fcrleri turistik, ticari, aile birle\u015fimi genel bilgiler. Estonya vize i\u015flem s\u00fcreci.","og_url":"https:\/\/www.myvize.com.tr\/estonya\/vize-islemleri\/estonya-vizesi\/","og_site_name":"Estonya Vizesi","article_modified_time":"2022-04-04T14:41:14+00:00","og_image":[{"url":"https:\/\/www.myvize.com.tr\/estonya\/wp-content\/uploads\/2021\/10\/8.jpg","type":"","width":"","height":""}],"twitter_card":"summary_large_image","twitter_misc":{"Tahmini okuma s\u00fcresi":"4 dakika"},"schema":{"@context":"https:\/\/schema.org","@graph":[{"@type":"WebPage","@id":"https:\/\/www.myvize.com.tr\/estonya\/vize-islemleri\/estonya-vizesi\/","url":"https:\/\/www.myvize.com.tr\/estonya\/vize-islemleri\/estonya-vizesi\/","name":"Estonya Vizesi - Estonya Vize \u0130\u015flem \u00dccreti - MyVize","isPartOf":{"@id":"https:\/\/www.myvize.com.tr\/estonya\/#website"},"primaryImageOfPage":{"@id":"https:\/\/www.myvize.com.tr\/estonya\/vize-islemleri\/estonya-vizesi\/#primaryimage"},"image":{"@id":"https:\/\/www.myvize.com.tr\/estonya\/vize-islemleri\/estonya-vizesi\/#primaryimage"},"thumbnailUrl":"https:\/\/www.myvize.com.tr\/estonya\/wp-content\/uploads\/2021\/10\/8.jpg","datePublished":"2021-06-24T09:00:00+00:00","dateModified":"2022-04-04T14:41:14+00:00","description":"Estonya vizesi i\u00e7in gerekli olan evraklar g\u00fcncel. Vize t\u00fcrleri turistik, ticari, aile birle\u015fimi genel bilgiler. Estonya vize i\u015flem s\u00fcreci.","breadcrumb":{"@id":"https:\/\/www.myvize.com.tr\/estonya\/vize-islemleri\/estonya-vizesi\/#breadcrumb"},"inLanguage":"tr","potentialAction":[{"@type":"ReadAction","target":["https:\/\/www.myvize.com.tr\/estonya\/vize-islemleri\/estonya-vizesi\/"]}]},{"@type":"ImageObject","inLanguage":"tr","@id":"https:\/\/www.myvize.com.tr\/estonya\/vize-islemleri\/estonya-vizesi\/#primaryimage","url":"https:\/\/www.myvize.com.tr\/estonya\/wp-content\/uploads\/2021\/10\/8.jpg","contentUrl":"https:\/\/www.myvize.com.tr\/estonya\/wp-content\/uploads\/2021\/10\/8.jpg","width":800,"height":500,"caption":"Estonya Vizesi"},{"@type":"BreadcrumbList","@id":"https:\/\/www.myvize.com.tr\/estonya\/vize-islemleri\/estonya-vizesi\/#breadcrumb","itemListElement":[{"@type":"ListItem","position":1,"name":"Anasayfa","item":"https:\/\/www.myvize.com.tr\/estonya\/"},{"@type":"ListItem","position":2,"name":"V\u0130ZE \u0130\u015eLEMLER\u0130","item":"https:\/\/www.myvize.com.tr\/estonya\/vize-islemleri\/"},{"@type":"ListItem","position":3,"name":"Estonya Vizesi"}]},{"@type":"WebSite","@id":"https:\/\/www.myvize.com.tr\/estonya\/#website","url":"https:\/\/www.myvize.com.tr\/estonya\/","name":"Estonya Vizesi","description":"","potentialAction":[{"@type":"SearchAction","target":{"@type":"EntryPoint","urlTemplate":"https:\/\/www.myvize.com.tr\/estonya\/?s={search_term_string}"},"query-input":{"@type":"PropertyValueSpecification","valueRequired":true,"valueName":"search_term_string"}}],"inLanguage":"tr"}]}},"_links":{"self":[{"href":"https:\/\/www.myvize.com.tr\/estonya\/wp-json\/wp\/v2\/pages\/30","targetHints":{"allow":["GET"]}}],"collection":[{"href":"https:\/\/www.myvize.com.tr\/estonya\/wp-json\/wp\/v2\/pages"}],"about":[{"href":"https:\/\/www.myvize.com.tr\/estonya\/wp-json\/wp\/v2\/types\/page"}],"author":[{"embeddable":true,"href":"https:\/\/www.myvize.com.tr\/estonya\/wp-json\/wp\/v2\/users\/1"}],"replies":[{"embeddable":true,"href":"https:\/\/www.myvize.com.tr\/estonya\/wp-json\/wp\/v2\/comments?post=30"}],"version-history":[{"count":10,"href":"https:\/\/www.myvize.com.tr\/estonya\/wp-json\/wp\/v2\/pages\/30\/revisions"}],"predecessor-version":[{"id":723,"href":"https:\/\/www.myvize.com.tr\/estonya\/wp-json\/wp\/v2\/pages\/30\/revisions\/723"}],"up":[{"embeddable":true,"href":"https:\/\/www.myvize.com.tr\/estonya\/wp-json\/wp\/v2\/pages\/18"}],"wp:attachment":[{"href":"https:\/\/www.myvize.com.tr\/estonya\/wp-json\/wp\/v2\/media?parent=30"}],"curies":[{"name":"wp","href":"https:\/\/api.w.org\/{rel}","templated":true}]}}