{"id":300,"date":"2021-06-21T12:00:00","date_gmt":"2021-06-21T09:00:00","guid":{"rendered":"https:\/\/www.myvize.com.tr\/estonya\/?page_id=300"},"modified":"2022-04-04T17:42:39","modified_gmt":"2022-04-04T14:42:39","slug":"estonya-transit-vize","status":"publish","type":"page","link":"https:\/\/www.myvize.com.tr\/estonya\/vize-islemleri\/estonya-transit-vize\/","title":{"rendered":"Estonya Transit Vize"},"content":{"rendered":"<p><span style=\"font-family: Roboto;\"><\/span><\/p>\r\n<p><span style=\"font-family: Roboto; font-size: 14px;\">Transit vize i\u015flemleri ki\u015filerin Estonya\u2019da bir s\u00fcre konaklamak ve sonra ba\u015fka bir \u00fclkeye ge\u00e7mek i\u00e7in ald\u0131klar\u0131 bir vize t\u00fcr\u00fcd\u00fcr. Vize i\u015flemlerinin yap\u0131labilmesi i\u00e7in mutlaka belgelerin eksiksiz olarak haz\u0131rlanmas\u0131 gereklidir.\u00a0<strong>Estonya transit vize<\/strong>\u00a0i\u015flemleri s\u0131ras\u0131nda pasaport en \u00f6nemli belgedir. Pasaportunuzda bulunmas\u0131 gereken birtak\u0131m noktalar vard\u0131r. \u00d6ncelikle i\u015flem yap\u0131labilmesi i\u00e7in bo\u015f sayfa olmal\u0131d\u0131r. Bunun yan\u0131nda okunabilir durumda olmas\u0131 da \u00f6nemli konular aras\u0131ndad\u0131r.<\/span><\/p>\r\n<p><span style=\"font-family: Roboto; font-size: 14px;\">\r\n\r\n<\/span><\/p>\r\n<p><span style=\"font-family: Roboto; font-size: 14px;\"><strong>Estonya transit vize<\/strong>\u00a0i\u015flemi s\u0131ras\u0131nda ba\u015fvuru formunuzun eksiksiz olmas\u0131 ve transit vizeye uygun doldurulmas\u0131 da \u00f6nemli bir kriterdir. Bu s\u00fcre\u00e7te dikkat etmeniz gereken en \u00f6nemli noktalardan birisi de ba\u015fvuru formunun \u0131slak imzal\u0131 olarak teslim edilmesidir. Ayn\u0131 zamanda dilek\u00e7enizde de birtak\u0131m noktalar\u0131n bulunmas\u0131na \u00f6zen g\u00f6stermeniz gerekiyor. <strong>Transit vize<\/strong> i\u015flemlerinde dilek\u00e7enizde mutlaka t\u00fcm faaliyetleriniz hakk\u0131nda detayl\u0131 bilgiler vermelisiniz.<\/span><\/p>\r\n<h2><strong><span style=\"font-family: Roboto; font-size: 27px;\">Estonya Transit Vize Hakk\u0131nda<\/span><\/strong><\/h2>\r\n<p><span style=\"font-family: Roboto; font-size: 14px;\">Estonya transit vizesi, Estonya aktarmal\u0131 ya da araba ile Estonya \u00fczerinden ba\u015fka bir \u00fclkeye gidecek olan ki\u015filerin almas\u0131 gereken vize t\u00fcr\u00fcd\u00fcr. <strong>Estonya transit vizesi<\/strong> alacak olan ki\u015filerin Estonya havaalan\u0131ndan \u00e7\u0131kma hakk\u0131 vermemektedir. Hizmet, Hususi ve Diplomatik Pasaport sahiplerinin <strong>Estonya transit vizesi<\/strong> almas\u0131na gerek yoktur. As\u0131l olarak seyahat edece\u011finiz \u00fclke Schengen \u00fclkesi ise <strong>Estonya transit vizesi<\/strong> almas\u0131na gerek bulunamamaktad\u0131r. Ayr\u0131ca Avrupa Birli\u011fi ve Avrupa Ekonomik Alan\u0131 \u00fclkesi vatanda\u015flar\u0131 transit vizesi alman\u0131za gerek yoktur. Estonya\u2019n\u0131n vize anla\u015fmas\u0131 oldu\u011fu \u00fclke vatanda\u015f\u0131s\u0131n\u0131z ise transit vize alman\u0131za gerek yoktur.<\/span><\/p>\r\n<p><span style=\"font-family: Roboto; font-size: 14px;\"><strong>Estonya transit vizesi<\/strong> i\u00e7in \u00f6ncelikle as\u0131l olarak gidilecek \u00fclkenin vizesi al\u0131nmal\u0131d\u0131r. Al\u0131nan bu vizenin fotokopilerini gerekli belgelerin aras\u0131na eklemelidir. Bunun yan\u0131nda as\u0131l seyahat edilecek \u00fclkenin u\u00e7u\u015f rezervasyonlar\u0131 da gerekli evrak dosyas\u0131 i\u00e7ine eklenmelidir. Kendi arac\u0131n\u0131z ile Estonya \u00fczerinden farkl\u0131 bir \u00fclkeye ge\u00e7ecekseniz <strong>Estonya transit vize ba\u015fvurusu<\/strong> s\u0131ras\u0131nda verilen g\u00fczergah\u0131n d\u0131\u015f\u0131na \u00e7\u0131kmamal\u0131s\u0131n\u0131z. Bu vize ile Estonya\u2019da serbest\u00e7e dola\u015famazs\u0131n\u0131z.<\/span><\/p>\r\n<p><span style=\"font-family: Roboto; font-size: 14px;\"><strong>Estonya transit vize<\/strong> ba\u015fvurular\u0131 Estonya\u2019n\u0131n T\u00fcrkiye\u2019de bulunan temsilcilikleri taraf\u0131ndan yetkilendirilmi\u015f Estonya vize ba\u015fvuru merkezlerine yap\u0131lmal\u0131d\u0131r. Estonya vize ba\u015fvuru merkezine <strong>Estonya transit vize<\/strong> ba\u015fvurusunda bulunmak i\u00e7in ilk olarak <span style=\"color: #2acec2;\"><strong><a style=\"color: #2acec2;\" href=\"https:\/\/www.myvize.com.tr\/estonya\/vize-islemleri\/estonya-vize-basvuru-formu\/\" target=\"_blank\" rel=\"noopener\">Estonya vize ba\u015fvuru formu<\/a><\/strong><\/span> doldurulmal\u0131d\u0131r. Daha sonra\u00a0ise <strong>Estonya vize ba\u015fvuru<\/strong> merkezinden, Estonya transit vizesi i\u00e7in randevu al\u0131nmal\u0131d\u0131r. Randevu tarihine kadar, <strong>Estonya transit vizesi<\/strong> i\u00e7in gerekli olan belgeler haz\u0131rlanmal\u0131 ve randevu tarihinde yetkililere teslim edilmelidir.<\/span><\/p>\r\n<h2><span style=\"font-family: Roboto; font-size: 27px;\"><strong>Estonya Transit Vize \u0130stiyor Mu?<\/strong><\/span><\/h2>\r\n<p><span style=\"font-family: Roboto; font-size: 14px;\">Diplomatik pasaport sahip olan ki\u015filer, Estonya vatanda\u015flar\u0131, 90 g\u00fcne kadar ikamet s\u00fcreli turist veya resm\u00ee ama\u00e7la seyahat eden ki\u015fi ve Estonya&#8217;ya \u00fclkeden transit ge\u00e7i\u015f de vizeden muaft\u0131r. Di\u011fer resm\u00ee ve umum mahsus pasaporta sahip <strong>Estonya vatanda\u015f\u0131<\/strong> ise vizeye tabidir.<\/span><br \/><span style=\"font-family: Roboto; font-size: 14px;\"><strong>Estonya transit vize<\/strong> sahibine \u00fclke topraklar\u0131n\u0131 transit ge\u00e7me hakk\u0131 tan\u0131r. B sembol\u00fc transit vizesiyle ba\u015fvuru sahibinin \u00fclkede en \u00e7ok 5 g\u00fcne kadar konaklama hakk\u0131 bulunmakta. <strong>Estonya transit vizesi<\/strong> tek giri\u015f, \u00e7ift giri\u015fli ve \u00e7ok giri\u015fli olabilmektedir. Her ge\u00e7i\u015f i\u00e7in vizeye sahip ki\u015filere 5 g\u00fcne kadar kal\u0131\u015f hakk\u0131 tan\u0131n\u0131r. 5 g\u00fcne kadar ge\u00e7erlilik olan transit vize ba\u015fvurusu yapman\u0131z gereklidir.<\/span><br \/><span style=\"font-family: Roboto; font-size: 14px;\"><strong>Estonya transit vize<\/strong> i\u015flemlerinizde <strong>Estonya konsoloslu\u011fu<\/strong> ba\u011fl\u0131 olarak randevu sorun gibi fakt\u00f6r\u00fc g\u00f6z \u00f6n\u00fcne alarak, seyahat tarihinde en ge\u00e7 2 hafta \u00f6nce ba\u015fvuru i\u015fleminizi ger\u00e7ekle\u015ftirmelisiniz.<\/span><br \/><span style=\"font-family: Roboto; font-size: 14px;\">Ge\u00e7erli ve \u00e7ok giri\u015fli Schengen vizesi sahipiyseniz Estonya i\u00e7in transit vizesini alman\u0131za gerek yoktur.<\/span><br \/><span style=\"font-family: Roboto; font-size: 14px;\"><span style=\"color: #2acec2;\"><strong><a style=\"color: #2acec2;\" href=\"https:\/\/www.myvize.com.tr\/estonya\/vize-islemleri\/estonya-vizesi\/\" target=\"_blank\" rel=\"noopener\">Estonya vizesi<\/a><\/strong><\/span> ba\u015fvurusunda ba\u015fvuru sahibi ki\u015filerle ilgili konsolosluk biriminde bulunmas\u0131 gerekmeklidir. Estonya konsolosluk ofisinde b\u00f6lge ayr\u0131mlar\u0131 bulunmaktad\u0131r.<\/span><\/p>\r\n<p><span style=\"font-family: Roboto; font-size: 14px;\">\r\n\r\n<\/span><\/p>\r\n<p><img decoding=\"async\" src=\"https:\/\/www.myvize.com.tr\/estonya\/wp-content\/uploads\/2021\/10\/9.jpg\" \/><\/p>\r\n<h2><span style=\"font-family: Roboto; font-size: 27px;\"><strong>Estonya Transit Vize Evraklar\u0131<\/strong><\/span><\/h2>\r\n<p><span style=\"font-family: Roboto; font-size: 14px;\">\r\n\r\n<\/span><\/p>\r\n<p><span style=\"font-family: Roboto; font-size: 14px;\"><strong>Estonya transit vize<\/strong>\u00a0evraklar\u0131 i\u00e7erisinde bulunmas\u0131 gerekenler kimlik fotokopisi, i\u015f ve meslek bilgileri, \u015firket bilgileri, kendi arac\u0131 ile seyahat edecekler i\u00e7in ye\u015fil kart ve uluslararas\u0131 ehliyet olmal\u0131d\u0131r. Bunun yan\u0131nda ya\u015f\u0131 k\u00fc\u00e7\u00fck olanlar\u0131n aileden izin belgesi olmal\u0131d\u0131r. Ayn\u0131 zamanda dikkat etmeniz gereken bir di\u011fer husus da transit vize i\u015flemlerinde evraklar\u0131n\u0131z\u0131n g\u00fcncel olmas\u0131d\u0131r.<\/span><\/p>\r\n<p><span style=\"font-family: Roboto; font-size: 14px;\">\r\n\r\n<\/span><\/p>\r\n<p><span style=\"font-family: Roboto; font-size: 14px;\">Vize \u00fccretlerinin yat\u0131r\u0131lmas\u0131 ve evrak teslimi konusunda profesyonel dan\u0131\u015fmanl\u0131k deste\u011fi de alabilirsiniz. Bu vize t\u00fcr\u00fc genelde h\u0131zl\u0131 bir \u015fekilde verilen vizelerdendir. Ancak <strong>Estonya transit vize<\/strong> i\u015flemleri s\u0131ras\u0131nda ki\u015filerin herhangi bir \u015fekilde ticaret yapabilme avantaj\u0131 yoktur. Yaln\u0131zca konaklama ama\u00e7l\u0131 kullan\u0131lan k\u0131sa s\u00fcreli bir vizedir.<\/span><\/p>\r\n<p><span style=\"font-family: Roboto;\"><\/span><\/p>","protected":false},"excerpt":{"rendered":"<p>Transit vize i\u015flemleri ki\u015filerin Estonya\u2019da bir s\u00fcre konaklamak ve sonra ba\u015fka bir \u00fclkeye ge\u00e7mek i\u00e7in ald\u0131klar\u0131 bir vize t\u00fcr\u00fcd\u00fcr. Vize i\u015flemlerinin yap\u0131labilmesi i\u00e7in mutlaka belgelerin eksiksiz olarak haz\u0131rlanmas\u0131 gereklidir.\u00a0Estonya transit vize\u00a0i\u015flemleri s\u0131ras\u0131nda pasaport en \u00f6nemli belgedir. Pasaportunuzda bulunmas\u0131 gereken birtak\u0131m noktalar vard\u0131r. \u00d6ncelikle i\u015flem yap\u0131labilmesi i\u00e7in bo\u015f sayfa olmal\u0131d\u0131r. Bunun yan\u0131nda okunabilir durumda olmas\u0131 da<\/p>\n","protected":false},"author":1,"featured_media":0,"parent":18,"menu_order":0,"comment_status":"open","ping_status":"closed","template":"","meta":{"footnotes":""},"class_list":["post-300","page","type-page","status-publish","hentry"],"yoast_head":"<!-- This site is optimized with the Yoast SEO plugin v24.0 - https:\/\/yoast.com\/wordpress\/plugins\/seo\/ -->\n<title>Estonya Transit Vize \u0130\u015flemi - Estonya Vizesi - MyVize<\/title>\n<meta name=\"description\" content=\"Estonya transit vizesi i\u00e7in gerekli evraklar. Estonya transit vize ba\u015fvuru i\u015flemleri. Estonya transit vize s\u00fcresi ka\u00e7 g\u00fcnde \u00e7\u0131kar?\" \/>\n<meta name=\"robots\" content=\"index, follow, max-snippet:-1, max-image-preview:large, max-video-preview:-1\" \/>\n<link rel=\"canonical\" href=\"https:\/\/www.myvize.com.tr\/estonya\/vize-islemleri\/estonya-transit-vize\/\" \/>\n<meta property=\"og:locale\" content=\"tr_TR\" \/>\n<meta property=\"og:type\" content=\"article\" \/>\n<meta property=\"og:title\" content=\"Estonya Transit Vize \u0130\u015flemi - Estonya Vizesi - MyVize\" \/>\n<meta property=\"og:description\" content=\"Estonya transit vizesi i\u00e7in gerekli evraklar. Estonya transit vize ba\u015fvuru i\u015flemleri. Estonya transit vize s\u00fcresi ka\u00e7 g\u00fcnde \u00e7\u0131kar?\" \/>\n<meta property=\"og:url\" content=\"https:\/\/www.myvize.com.tr\/estonya\/vize-islemleri\/estonya-transit-vize\/\" \/>\n<meta property=\"og:site_name\" content=\"Estonya Vizesi\" \/>\n<meta property=\"article:modified_time\" content=\"2022-04-04T14:42:39+00:00\" \/>\n<meta property=\"og:image\" content=\"https:\/\/www.myvize.com.tr\/estonya\/wp-content\/uploads\/2021\/10\/9.jpg\" \/>\n<meta name=\"twitter:card\" content=\"summary_large_image\" \/>\n<meta name=\"twitter:label1\" content=\"Tahmini okuma s\u00fcresi\" \/>\n\t<meta name=\"twitter:data1\" content=\"3 dakika\" \/>\n<script type=\"application\/ld+json\" class=\"yoast-schema-graph\">{\"@context\":\"https:\/\/schema.org\",\"@graph\":[{\"@type\":\"WebPage\",\"@id\":\"https:\/\/www.myvize.com.tr\/estonya\/vize-islemleri\/estonya-transit-vize\/\",\"url\":\"https:\/\/www.myvize.com.tr\/estonya\/vize-islemleri\/estonya-transit-vize\/\",\"name\":\"Estonya Transit Vize \u0130\u015flemi - Estonya Vizesi - MyVize\",\"isPartOf\":{\"@id\":\"https:\/\/www.myvize.com.tr\/estonya\/#website\"},\"primaryImageOfPage\":{\"@id\":\"https:\/\/www.myvize.com.tr\/estonya\/vize-islemleri\/estonya-transit-vize\/#primaryimage\"},\"image\":{\"@id\":\"https:\/\/www.myvize.com.tr\/estonya\/vize-islemleri\/estonya-transit-vize\/#primaryimage\"},\"thumbnailUrl\":\"https:\/\/www.myvize.com.tr\/estonya\/wp-content\/uploads\/2021\/10\/9.jpg\",\"datePublished\":\"2021-06-21T09:00:00+00:00\",\"dateModified\":\"2022-04-04T14:42:39+00:00\",\"description\":\"Estonya transit vizesi i\u00e7in gerekli evraklar. Estonya transit vize ba\u015fvuru i\u015flemleri. Estonya transit vize s\u00fcresi ka\u00e7 g\u00fcnde \u00e7\u0131kar?\",\"breadcrumb\":{\"@id\":\"https:\/\/www.myvize.com.tr\/estonya\/vize-islemleri\/estonya-transit-vize\/#breadcrumb\"},\"inLanguage\":\"tr\",\"potentialAction\":[{\"@type\":\"ReadAction\",\"target\":[\"https:\/\/www.myvize.com.tr\/estonya\/vize-islemleri\/estonya-transit-vize\/\"]}]},{\"@type\":\"ImageObject\",\"inLanguage\":\"tr\",\"@id\":\"https:\/\/www.myvize.com.tr\/estonya\/vize-islemleri\/estonya-transit-vize\/#primaryimage\",\"url\":\"https:\/\/www.myvize.com.tr\/estonya\/wp-content\/uploads\/2021\/10\/9.jpg\",\"contentUrl\":\"https:\/\/www.myvize.com.tr\/estonya\/wp-content\/uploads\/2021\/10\/9.jpg\",\"width\":800,\"height\":500,\"caption\":\"Estonya Transit Vize\"},{\"@type\":\"BreadcrumbList\",\"@id\":\"https:\/\/www.myvize.com.tr\/estonya\/vize-islemleri\/estonya-transit-vize\/#breadcrumb\",\"itemListElement\":[{\"@type\":\"ListItem\",\"position\":1,\"name\":\"Anasayfa\",\"item\":\"https:\/\/www.myvize.com.tr\/estonya\/\"},{\"@type\":\"ListItem\",\"position\":2,\"name\":\"V\u0130ZE \u0130\u015eLEMLER\u0130\",\"item\":\"https:\/\/www.myvize.com.tr\/estonya\/vize-islemleri\/\"},{\"@type\":\"ListItem\",\"position\":3,\"name\":\"Estonya Transit Vize\"}]},{\"@type\":\"WebSite\",\"@id\":\"https:\/\/www.myvize.com.tr\/estonya\/#website\",\"url\":\"https:\/\/www.myvize.com.tr\/estonya\/\",\"name\":\"Estonya Vizesi\",\"description\":\"\",\"potentialAction\":[{\"@type\":\"SearchAction\",\"target\":{\"@type\":\"EntryPoint\",\"urlTemplate\":\"https:\/\/www.myvize.com.tr\/estonya\/?s={search_term_string}\"},\"query-input\":{\"@type\":\"PropertyValueSpecification\",\"valueRequired\":true,\"valueName\":\"search_term_string\"}}],\"inLanguage\":\"tr\"}]}<\/script>\n<!-- \/ Yoast SEO plugin. -->","yoast_head_json":{"title":"Estonya Transit Vize \u0130\u015flemi - Estonya Vizesi - MyVize","description":"Estonya transit vizesi i\u00e7in gerekli evraklar. Estonya transit vize ba\u015fvuru i\u015flemleri. Estonya transit vize s\u00fcresi ka\u00e7 g\u00fcnde \u00e7\u0131kar?","robots":{"index":"index","follow":"follow","max-snippet":"max-snippet:-1","max-image-preview":"max-image-preview:large","max-video-preview":"max-video-preview:-1"},"canonical":"https:\/\/www.myvize.com.tr\/estonya\/vize-islemleri\/estonya-transit-vize\/","og_locale":"tr_TR","og_type":"article","og_title":"Estonya Transit Vize \u0130\u015flemi - Estonya Vizesi - MyVize","og_description":"Estonya transit vizesi i\u00e7in gerekli evraklar. Estonya transit vize ba\u015fvuru i\u015flemleri. Estonya transit vize s\u00fcresi ka\u00e7 g\u00fcnde \u00e7\u0131kar?","og_url":"https:\/\/www.myvize.com.tr\/estonya\/vize-islemleri\/estonya-transit-vize\/","og_site_name":"Estonya Vizesi","article_modified_time":"2022-04-04T14:42:39+00:00","og_image":[{"url":"https:\/\/www.myvize.com.tr\/estonya\/wp-content\/uploads\/2021\/10\/9.jpg","type":"","width":"","height":""}],"twitter_card":"summary_large_image","twitter_misc":{"Tahmini okuma s\u00fcresi":"3 dakika"},"schema":{"@context":"https:\/\/schema.org","@graph":[{"@type":"WebPage","@id":"https:\/\/www.myvize.com.tr\/estonya\/vize-islemleri\/estonya-transit-vize\/","url":"https:\/\/www.myvize.com.tr\/estonya\/vize-islemleri\/estonya-transit-vize\/","name":"Estonya Transit Vize \u0130\u015flemi - Estonya Vizesi - MyVize","isPartOf":{"@id":"https:\/\/www.myvize.com.tr\/estonya\/#website"},"primaryImageOfPage":{"@id":"https:\/\/www.myvize.com.tr\/estonya\/vize-islemleri\/estonya-transit-vize\/#primaryimage"},"image":{"@id":"https:\/\/www.myvize.com.tr\/estonya\/vize-islemleri\/estonya-transit-vize\/#primaryimage"},"thumbnailUrl":"https:\/\/www.myvize.com.tr\/estonya\/wp-content\/uploads\/2021\/10\/9.jpg","datePublished":"2021-06-21T09:00:00+00:00","dateModified":"2022-04-04T14:42:39+00:00","description":"Estonya transit vizesi i\u00e7in gerekli evraklar. Estonya transit vize ba\u015fvuru i\u015flemleri. Estonya transit vize s\u00fcresi ka\u00e7 g\u00fcnde \u00e7\u0131kar?","breadcrumb":{"@id":"https:\/\/www.myvize.com.tr\/estonya\/vize-islemleri\/estonya-transit-vize\/#breadcrumb"},"inLanguage":"tr","potentialAction":[{"@type":"ReadAction","target":["https:\/\/www.myvize.com.tr\/estonya\/vize-islemleri\/estonya-transit-vize\/"]}]},{"@type":"ImageObject","inLanguage":"tr","@id":"https:\/\/www.myvize.com.tr\/estonya\/vize-islemleri\/estonya-transit-vize\/#primaryimage","url":"https:\/\/www.myvize.com.tr\/estonya\/wp-content\/uploads\/2021\/10\/9.jpg","contentUrl":"https:\/\/www.myvize.com.tr\/estonya\/wp-content\/uploads\/2021\/10\/9.jpg","width":800,"height":500,"caption":"Estonya Transit Vize"},{"@type":"BreadcrumbList","@id":"https:\/\/www.myvize.com.tr\/estonya\/vize-islemleri\/estonya-transit-vize\/#breadcrumb","itemListElement":[{"@type":"ListItem","position":1,"name":"Anasayfa","item":"https:\/\/www.myvize.com.tr\/estonya\/"},{"@type":"ListItem","position":2,"name":"V\u0130ZE \u0130\u015eLEMLER\u0130","item":"https:\/\/www.myvize.com.tr\/estonya\/vize-islemleri\/"},{"@type":"ListItem","position":3,"name":"Estonya Transit Vize"}]},{"@type":"WebSite","@id":"https:\/\/www.myvize.com.tr\/estonya\/#website","url":"https:\/\/www.myvize.com.tr\/estonya\/","name":"Estonya Vizesi","description":"","potentialAction":[{"@type":"SearchAction","target":{"@type":"EntryPoint","urlTemplate":"https:\/\/www.myvize.com.tr\/estonya\/?s={search_term_string}"},"query-input":{"@type":"PropertyValueSpecification","valueRequired":true,"valueName":"search_term_string"}}],"inLanguage":"tr"}]}},"_links":{"self":[{"href":"https:\/\/www.myvize.com.tr\/estonya\/wp-json\/wp\/v2\/pages\/300","targetHints":{"allow":["GET"]}}],"collection":[{"href":"https:\/\/www.myvize.com.tr\/estonya\/wp-json\/wp\/v2\/pages"}],"about":[{"href":"https:\/\/www.myvize.com.tr\/estonya\/wp-json\/wp\/v2\/types\/page"}],"author":[{"embeddable":true,"href":"https:\/\/www.myvize.com.tr\/estonya\/wp-json\/wp\/v2\/users\/1"}],"replies":[{"embeddable":true,"href":"https:\/\/www.myvize.com.tr\/estonya\/wp-json\/wp\/v2\/comments?post=300"}],"version-history":[{"count":8,"href":"https:\/\/www.myvize.com.tr\/estonya\/wp-json\/wp\/v2\/pages\/300\/revisions"}],"predecessor-version":[{"id":724,"href":"https:\/\/www.myvize.com.tr\/estonya\/wp-json\/wp\/v2\/pages\/300\/revisions\/724"}],"up":[{"embeddable":true,"href":"https:\/\/www.myvize.com.tr\/estonya\/wp-json\/wp\/v2\/pages\/18"}],"wp:attachment":[{"href":"https:\/\/www.myvize.com.tr\/estonya\/wp-json\/wp\/v2\/media?parent=300"}],"curies":[{"name":"wp","href":"https:\/\/api.w.org\/{rel}","templated":true}]}}