{"id":33,"date":"2020-11-30T12:42:19","date_gmt":"2020-11-30T09:42:19","guid":{"rendered":"https:\/\/www.myvize.com.tr\/estonya\/?page_id=33"},"modified":"2022-04-07T13:46:13","modified_gmt":"2022-04-07T10:46:13","slug":"estonya-aile-ziyareti-vizesi","status":"publish","type":"page","link":"https:\/\/www.myvize.com.tr\/estonya\/vize-islemleri\/estonya-aile-ziyareti-vizesi\/","title":{"rendered":"Estonya Aile Ziyareti Vizesi"},"content":{"rendered":"<h2><span style=\"font-family: Roboto; font-size: 27px;\"><strong>Estonya Aile Ziyareti Vizesi Hakk\u0131nda<\/strong><\/span><\/h2>\n<p><span style=\"font-family: Roboto; font-size: 14px;\"><strong>Estonya ziyareti vizesi<\/strong> aile, akraba ya da arkada\u015f ziyareti i\u00e7in tercih edilmesi gerekli vize t\u00fcr\u00fcd\u00fcr. Estonya ziyaret vizesi, ba\u015fvuru sahibine en fazla 3 ay konaklama imk\u00e2nlar\u0131 tan\u0131r. Estonya ziyareti vizesi k\u0131sa s\u00fcreli (C Tip Vize) t\u00fcr\u00fcnden birisidir. K\u0131sa s\u00fcre vize kategorisine yer almas\u0131 sebebi ile Estonya ziyareti ba\u015fvurusu bireysel olarak konsoloslu\u011fa yap\u0131lmamaktad\u0131r. Yaln\u0131zca Estonya konsolosluk yetkilisinin g\u00f6revlendirdi\u011fi seyahat ve vize acenteleri arac\u0131l\u0131\u011f\u0131 ile yap\u0131labilmektedir. <strong>Estonya ziyareti vize<\/strong> ba\u015fvurusunun sonu\u00e7lanma s\u00fcresi 7 ile 10 i\u015f g\u00fcn\u00fc aras\u0131nda de\u011fi\u015fmekte. Estonya 21 Aral\u0131k 2007 tarihlerinden sonra <strong>Schengen vizesi<\/strong> uygulamas\u0131na \u00fcye olmu\u015ftur. Bu sebeple alaca\u011f\u0131n\u0131z <strong>Estonya vize<\/strong> ile <strong>Schengen vizesi<\/strong> uygulamas\u0131nda yer alan \u00fclkeye de seyahat edebilirsiniz. Estonya <strong>Schengen vizesi<\/strong> 2 \u00fclke aras\u0131nda yap\u0131lan anla\u015fmalar sonucuna g\u00f6re T\u00fcrkiye Cumhuriyeti vatanda\u015f\u0131n\u0131n almas\u0131 zorunludur. Estonya seyahatleri yapmak isteyen Umuma Mahsus pasaporta sahip ki\u015filerin seyahatten \u00f6nce vize almas\u0131 gerekir, ancak Hususi, Hizmet ya da Diplomatik pasaporta sahip ki\u015filerin 180 g\u00fcn i\u00e7inde 90 g\u00fcn\u00fc a\u015fmayacak seyahatinde vize almas\u0131na gerek yoktur.<\/span><\/p>\n<p><span style=\"font-family: Roboto; font-size: 14px;\"><span style=\"color: #2acec2;\"><strong><a style=\"color: #2acec2;\" href=\"https:\/\/www.myvize.com.tr\/estonya\/vize-islemleri\/estonya-vize-basvuru-formu\/\" target=\"_blank\" rel=\"noopener\">Estonya Vize Ba\u015fvuru Formu<\/a><\/strong><\/span> ile ilgili bilgi almak i\u00e7in bizi aray\u0131n.<\/span><\/p>\n<p><img decoding=\"async\" src=\"https:\/\/www.myvize.com.tr\/estonya\/wp-content\/uploads\/2021\/10\/11.jpg\" \/><\/p>\n<h2><strong><span style=\"font-family: Roboto; font-size: 27px;\">Estonya Aile Ziyareti Vizesi Hakk\u0131nda<\/span><\/strong><\/h2>\n<p><span style=\"font-family: Roboto; font-size: 14px;\">Estonya\u2019da bulunan aile \u00fcyesini ziyaret edecek olan T\u00fcrk vatanda\u015flar\u0131n\u0131n <strong>Estonya aile ziyareti vizesi<\/strong> almas\u0131 gerekmektedir. Estonya\u2019da bulunan ailesiniz ziyaret edecek olan Diplomatik, Hususi ve Hizmet pasaport sahiplerinin Estonya aile ziyareti vizesi almas\u0131na gerek bulunmamaktad\u0131r. Umuma Mahsus Pasaportu olan T\u00fcrk vatanda\u015flar\u0131 ise bu vizeyi almal\u0131d\u0131r.<\/span><\/p>\n<p><span style=\"font-family: Roboto; font-size: 14px;\"><strong>Estonya aile ziyareti vizesi<\/strong> ba\u015fvurusunda bulunacak olan ki\u015filerin yak\u0131nlar\u0131n\u0131n Estonya vatanda\u015f\u0131 ya da <strong>Estonya oturum izni<\/strong> olmal\u0131d\u0131r. Ayr\u0131ca ba\u015fvuru sahibini yan\u0131nda ya\u015famaya kabul etti\u011fine dair bir davet mektubu g\u00f6ndermelidir. Estonya oturum izni alacak olan ki\u015filerin ayr\u0131ca Estonya\u2019da bulunan yak\u0131n\u0131na ait bilgilerin oldu\u011fu evraklar\u0131 konsoloslu\u011fa sunmas\u0131 gerekmektedir.<\/span><\/p>\n<p><span style=\"font-family: Roboto; font-size: 14px;\"><strong>Estonya aile ziyareti vizesi<\/strong> ba\u015fvurusunda bulunacak olan T\u00fcrk vatanda\u015flar\u0131n\u0131n ba\u015fvurular\u0131 Estonya Konsoloslu\u011fu ya da Estonya vize ba\u015fvuru merkezlerine yapabilir. Ba\u015fvuruda bulunmak i\u00e7in Estonya vize ba\u015fvuru formu doldurman\u0131z gerekmektedir. Ard\u0131ndan ise vize ba\u015fvurusunda bulunacak ki\u015filerin <span style=\"color: #2acec2;\"><strong><a style=\"color: #2acec2;\" href=\"https:\/\/www.myvize.com.tr\/estonya\/vize-islemleri\/estonya-vize-randevusu\/\" target=\"_blank\" rel=\"noopener\">Estonya vize randevusu<\/a><\/strong><\/span> almas\u0131 gerekmektedir. Estonya vize randevu tarihine kadar <strong>Estonya aile ziyareti vizesi<\/strong> i\u00e7in gerekli olan evraklar haz\u0131rlanmal\u0131 ve vize ba\u015fvurusu yap\u0131lacak yere teslim edilmelidir. Randevu tarihinde <strong><a href=\"https:\/\/www.myvize.com.tr\/estonya\/estonya-vize-ucreti\/\" target=\"_blank\" rel=\"noopener\"><span style=\"color: #2acec2;\">Estonya vize \u00fccreti<\/span> <\/a><\/strong>nakit olarak dolar cinsinden \u00f6denmelidir.<\/span><\/p>\n","protected":false},"excerpt":{"rendered":"<p>Estonya Aile Ziyareti Vizesi Hakk\u0131nda Estonya ziyareti vizesi aile, akraba ya da arkada\u015f ziyareti i\u00e7in tercih edilmesi gerekli vize t\u00fcr\u00fcd\u00fcr. Estonya ziyaret vizesi, ba\u015fvuru sahibine en fazla 3 ay konaklama imk\u00e2nlar\u0131 tan\u0131r. Estonya ziyareti vizesi k\u0131sa s\u00fcreli (C Tip Vize) t\u00fcr\u00fcnden birisidir. K\u0131sa s\u00fcre vize kategorisine yer almas\u0131 sebebi ile Estonya ziyareti ba\u015fvurusu bireysel olarak<\/p>\n","protected":false},"author":1,"featured_media":0,"parent":18,"menu_order":0,"comment_status":"open","ping_status":"closed","template":"","meta":{"footnotes":""},"class_list":["post-33","page","type-page","status-publish","hentry"],"yoast_head":"<!-- This site is optimized with the Yoast SEO plugin v24.0 - https:\/\/yoast.com\/wordpress\/plugins\/seo\/ -->\n<title>Estonya Aile Ziyareti Vizesi - Estonya Vizesi - MyVize<\/title>\n<meta name=\"description\" content=\"Estonya aile ziyareti vizesi i\u00e7in gerekli evraklar. Estonya aile ziyaret vizesi i\u015flem s\u00fcrecinde dikkat edilmesi gerekenler.\" \/>\n<meta name=\"robots\" content=\"index, follow, max-snippet:-1, max-image-preview:large, max-video-preview:-1\" \/>\n<link rel=\"canonical\" href=\"https:\/\/www.myvize.com.tr\/estonya\/vize-islemleri\/estonya-aile-ziyareti-vizesi\/\" \/>\n<meta property=\"og:locale\" content=\"tr_TR\" \/>\n<meta property=\"og:type\" content=\"article\" \/>\n<meta property=\"og:title\" content=\"Estonya Aile Ziyareti Vizesi - Estonya Vizesi - MyVize\" \/>\n<meta property=\"og:description\" content=\"Estonya aile ziyareti vizesi i\u00e7in gerekli evraklar. Estonya aile ziyaret vizesi i\u015flem s\u00fcrecinde dikkat edilmesi gerekenler.\" \/>\n<meta property=\"og:url\" content=\"https:\/\/www.myvize.com.tr\/estonya\/vize-islemleri\/estonya-aile-ziyareti-vizesi\/\" \/>\n<meta property=\"og:site_name\" content=\"Estonya Vizesi\" \/>\n<meta property=\"article:modified_time\" content=\"2022-04-07T10:46:13+00:00\" \/>\n<meta property=\"og:image\" content=\"https:\/\/www.myvize.com.tr\/estonya\/wp-content\/uploads\/2021\/10\/11.jpg\" \/>\n<meta name=\"twitter:card\" content=\"summary_large_image\" \/>\n<meta name=\"twitter:label1\" content=\"Tahmini okuma s\u00fcresi\" \/>\n\t<meta name=\"twitter:data1\" content=\"2 dakika\" \/>\n<script type=\"application\/ld+json\" class=\"yoast-schema-graph\">{\"@context\":\"https:\/\/schema.org\",\"@graph\":[{\"@type\":\"WebPage\",\"@id\":\"https:\/\/www.myvize.com.tr\/estonya\/vize-islemleri\/estonya-aile-ziyareti-vizesi\/\",\"url\":\"https:\/\/www.myvize.com.tr\/estonya\/vize-islemleri\/estonya-aile-ziyareti-vizesi\/\",\"name\":\"Estonya Aile Ziyareti Vizesi - Estonya Vizesi - MyVize\",\"isPartOf\":{\"@id\":\"https:\/\/www.myvize.com.tr\/estonya\/#website\"},\"primaryImageOfPage\":{\"@id\":\"https:\/\/www.myvize.com.tr\/estonya\/vize-islemleri\/estonya-aile-ziyareti-vizesi\/#primaryimage\"},\"image\":{\"@id\":\"https:\/\/www.myvize.com.tr\/estonya\/vize-islemleri\/estonya-aile-ziyareti-vizesi\/#primaryimage\"},\"thumbnailUrl\":\"https:\/\/www.myvize.com.tr\/estonya\/wp-content\/uploads\/2021\/10\/11.jpg\",\"datePublished\":\"2020-11-30T09:42:19+00:00\",\"dateModified\":\"2022-04-07T10:46:13+00:00\",\"description\":\"Estonya aile ziyareti vizesi i\u00e7in gerekli evraklar. Estonya aile ziyaret vizesi i\u015flem s\u00fcrecinde dikkat edilmesi gerekenler.\",\"breadcrumb\":{\"@id\":\"https:\/\/www.myvize.com.tr\/estonya\/vize-islemleri\/estonya-aile-ziyareti-vizesi\/#breadcrumb\"},\"inLanguage\":\"tr\",\"potentialAction\":[{\"@type\":\"ReadAction\",\"target\":[\"https:\/\/www.myvize.com.tr\/estonya\/vize-islemleri\/estonya-aile-ziyareti-vizesi\/\"]}]},{\"@type\":\"ImageObject\",\"inLanguage\":\"tr\",\"@id\":\"https:\/\/www.myvize.com.tr\/estonya\/vize-islemleri\/estonya-aile-ziyareti-vizesi\/#primaryimage\",\"url\":\"https:\/\/www.myvize.com.tr\/estonya\/wp-content\/uploads\/2021\/10\/11.jpg\",\"contentUrl\":\"https:\/\/www.myvize.com.tr\/estonya\/wp-content\/uploads\/2021\/10\/11.jpg\",\"width\":800,\"height\":500,\"caption\":\"Estonya Aile Ziyareti Vizesi\"},{\"@type\":\"BreadcrumbList\",\"@id\":\"https:\/\/www.myvize.com.tr\/estonya\/vize-islemleri\/estonya-aile-ziyareti-vizesi\/#breadcrumb\",\"itemListElement\":[{\"@type\":\"ListItem\",\"position\":1,\"name\":\"Anasayfa\",\"item\":\"https:\/\/www.myvize.com.tr\/estonya\/\"},{\"@type\":\"ListItem\",\"position\":2,\"name\":\"V\u0130ZE \u0130\u015eLEMLER\u0130\",\"item\":\"https:\/\/www.myvize.com.tr\/estonya\/vize-islemleri\/\"},{\"@type\":\"ListItem\",\"position\":3,\"name\":\"Estonya Aile Ziyareti Vizesi\"}]},{\"@type\":\"WebSite\",\"@id\":\"https:\/\/www.myvize.com.tr\/estonya\/#website\",\"url\":\"https:\/\/www.myvize.com.tr\/estonya\/\",\"name\":\"Estonya Vizesi\",\"description\":\"\",\"potentialAction\":[{\"@type\":\"SearchAction\",\"target\":{\"@type\":\"EntryPoint\",\"urlTemplate\":\"https:\/\/www.myvize.com.tr\/estonya\/?s={search_term_string}\"},\"query-input\":{\"@type\":\"PropertyValueSpecification\",\"valueRequired\":true,\"valueName\":\"search_term_string\"}}],\"inLanguage\":\"tr\"}]}<\/script>\n<!-- \/ Yoast SEO plugin. -->","yoast_head_json":{"title":"Estonya Aile Ziyareti Vizesi - Estonya Vizesi - MyVize","description":"Estonya aile ziyareti vizesi i\u00e7in gerekli evraklar. Estonya aile ziyaret vizesi i\u015flem s\u00fcrecinde dikkat edilmesi gerekenler.","robots":{"index":"index","follow":"follow","max-snippet":"max-snippet:-1","max-image-preview":"max-image-preview:large","max-video-preview":"max-video-preview:-1"},"canonical":"https:\/\/www.myvize.com.tr\/estonya\/vize-islemleri\/estonya-aile-ziyareti-vizesi\/","og_locale":"tr_TR","og_type":"article","og_title":"Estonya Aile Ziyareti Vizesi - Estonya Vizesi - MyVize","og_description":"Estonya aile ziyareti vizesi i\u00e7in gerekli evraklar. Estonya aile ziyaret vizesi i\u015flem s\u00fcrecinde dikkat edilmesi gerekenler.","og_url":"https:\/\/www.myvize.com.tr\/estonya\/vize-islemleri\/estonya-aile-ziyareti-vizesi\/","og_site_name":"Estonya Vizesi","article_modified_time":"2022-04-07T10:46:13+00:00","og_image":[{"url":"https:\/\/www.myvize.com.tr\/estonya\/wp-content\/uploads\/2021\/10\/11.jpg","type":"","width":"","height":""}],"twitter_card":"summary_large_image","twitter_misc":{"Tahmini okuma s\u00fcresi":"2 dakika"},"schema":{"@context":"https:\/\/schema.org","@graph":[{"@type":"WebPage","@id":"https:\/\/www.myvize.com.tr\/estonya\/vize-islemleri\/estonya-aile-ziyareti-vizesi\/","url":"https:\/\/www.myvize.com.tr\/estonya\/vize-islemleri\/estonya-aile-ziyareti-vizesi\/","name":"Estonya Aile Ziyareti Vizesi - Estonya Vizesi - MyVize","isPartOf":{"@id":"https:\/\/www.myvize.com.tr\/estonya\/#website"},"primaryImageOfPage":{"@id":"https:\/\/www.myvize.com.tr\/estonya\/vize-islemleri\/estonya-aile-ziyareti-vizesi\/#primaryimage"},"image":{"@id":"https:\/\/www.myvize.com.tr\/estonya\/vize-islemleri\/estonya-aile-ziyareti-vizesi\/#primaryimage"},"thumbnailUrl":"https:\/\/www.myvize.com.tr\/estonya\/wp-content\/uploads\/2021\/10\/11.jpg","datePublished":"2020-11-30T09:42:19+00:00","dateModified":"2022-04-07T10:46:13+00:00","description":"Estonya aile ziyareti vizesi i\u00e7in gerekli evraklar. Estonya aile ziyaret vizesi i\u015flem s\u00fcrecinde dikkat edilmesi gerekenler.","breadcrumb":{"@id":"https:\/\/www.myvize.com.tr\/estonya\/vize-islemleri\/estonya-aile-ziyareti-vizesi\/#breadcrumb"},"inLanguage":"tr","potentialAction":[{"@type":"ReadAction","target":["https:\/\/www.myvize.com.tr\/estonya\/vize-islemleri\/estonya-aile-ziyareti-vizesi\/"]}]},{"@type":"ImageObject","inLanguage":"tr","@id":"https:\/\/www.myvize.com.tr\/estonya\/vize-islemleri\/estonya-aile-ziyareti-vizesi\/#primaryimage","url":"https:\/\/www.myvize.com.tr\/estonya\/wp-content\/uploads\/2021\/10\/11.jpg","contentUrl":"https:\/\/www.myvize.com.tr\/estonya\/wp-content\/uploads\/2021\/10\/11.jpg","width":800,"height":500,"caption":"Estonya Aile Ziyareti Vizesi"},{"@type":"BreadcrumbList","@id":"https:\/\/www.myvize.com.tr\/estonya\/vize-islemleri\/estonya-aile-ziyareti-vizesi\/#breadcrumb","itemListElement":[{"@type":"ListItem","position":1,"name":"Anasayfa","item":"https:\/\/www.myvize.com.tr\/estonya\/"},{"@type":"ListItem","position":2,"name":"V\u0130ZE \u0130\u015eLEMLER\u0130","item":"https:\/\/www.myvize.com.tr\/estonya\/vize-islemleri\/"},{"@type":"ListItem","position":3,"name":"Estonya Aile Ziyareti Vizesi"}]},{"@type":"WebSite","@id":"https:\/\/www.myvize.com.tr\/estonya\/#website","url":"https:\/\/www.myvize.com.tr\/estonya\/","name":"Estonya Vizesi","description":"","potentialAction":[{"@type":"SearchAction","target":{"@type":"EntryPoint","urlTemplate":"https:\/\/www.myvize.com.tr\/estonya\/?s={search_term_string}"},"query-input":{"@type":"PropertyValueSpecification","valueRequired":true,"valueName":"search_term_string"}}],"inLanguage":"tr"}]}},"_links":{"self":[{"href":"https:\/\/www.myvize.com.tr\/estonya\/wp-json\/wp\/v2\/pages\/33","targetHints":{"allow":["GET"]}}],"collection":[{"href":"https:\/\/www.myvize.com.tr\/estonya\/wp-json\/wp\/v2\/pages"}],"about":[{"href":"https:\/\/www.myvize.com.tr\/estonya\/wp-json\/wp\/v2\/types\/page"}],"author":[{"embeddable":true,"href":"https:\/\/www.myvize.com.tr\/estonya\/wp-json\/wp\/v2\/users\/1"}],"replies":[{"embeddable":true,"href":"https:\/\/www.myvize.com.tr\/estonya\/wp-json\/wp\/v2\/comments?post=33"}],"version-history":[{"count":6,"href":"https:\/\/www.myvize.com.tr\/estonya\/wp-json\/wp\/v2\/pages\/33\/revisions"}],"predecessor-version":[{"id":726,"href":"https:\/\/www.myvize.com.tr\/estonya\/wp-json\/wp\/v2\/pages\/33\/revisions\/726"}],"up":[{"embeddable":true,"href":"https:\/\/www.myvize.com.tr\/estonya\/wp-json\/wp\/v2\/pages\/18"}],"wp:attachment":[{"href":"https:\/\/www.myvize.com.tr\/estonya\/wp-json\/wp\/v2\/media?parent=33"}],"curies":[{"name":"wp","href":"https:\/\/api.w.org\/{rel}","templated":true}]}}