{"id":338,"date":"2021-08-12T12:42:00","date_gmt":"2021-08-12T09:42:00","guid":{"rendered":"https:\/\/www.myvize.com.tr\/estonya\/?page_id=338"},"modified":"2022-04-07T14:04:17","modified_gmt":"2022-04-07T11:04:17","slug":"estonya-erasmus-vizesi","status":"publish","type":"page","link":"https:\/\/www.myvize.com.tr\/estonya\/estonya-erasmus-vizesi\/","title":{"rendered":"Estonya Erasmus Vizesi"},"content":{"rendered":"<h2><strong><span style=\"font-family: Roboto; font-size: 27px;\">Estonya Erasmus Vizesi 2022<\/span><\/strong><\/h2>\n<p><span style=\"font-family: Roboto; font-size: 14px;\">T\u00fcrkiye-Estonya aras\u0131nda \u00f6\u011frenci de\u011fi\u015fim program\u0131 olan Erasmus\u2019a kat\u0131lmak isteyen ki\u015filerin \u00fclkeler aras\u0131 ge\u00e7i\u015f i\u00e7in <strong>Estonya Erasmus Vizesi<\/strong> almas\u0131 gerekir. Bu vize ile \u00fclkelerde uzun s\u00fcreli ikamet izni \u00e7\u0131kar. Bu izin sayesinde \u00fcniversite e\u011fitiminizi Estonya\u2019da alabilecek e\u011fitiminiz s\u00fcresince oturma izniniz bulunacakt\u0131r.<\/span><\/p>\n<h2><span style=\"font-size: 27px;\"><strong><span style=\"font-family: Roboto;\">Estonya Erasmus Vizesi Hakk\u0131nda<\/span><\/strong><\/span><\/h2>\n<p><span style=\"font-family: Roboto; font-size: 14px;\">Erasmus e\u011fitimi ya da Erasmus staj\u0131 kapsam\u0131nda Estonya\u2019ya gitmek isteyen T\u00fcrk vatanda\u015flar\u0131n\u0131n Erasmus vizesi almas\u0131 gerekmektedir. <strong>Erasmus vizesi<\/strong> uzun s\u00fcreli bir Estonya vizesidir. <strong>Erasmus \u00f6\u011frenci vizesi<\/strong> ile Estonya\u2019da 90 g\u00fcnden fazla kal\u0131nabilmektedir.<\/span><\/p>\n<p><span style=\"font-family: Roboto; font-size: 14px;\"><strong>Estonya Erasmus staj vizesi<\/strong> alacak olan ki\u015filerin, staj g\u00f6revine uygun olan bir diploma ya da sertifikas\u0131 olmas\u0131 gerekiyor. Estonya Erasmus vize ba\u015fvurusunda bulunacak olan ki\u015filerin Estonya resmi dili olan Estonca iyi derecede bilmesi gerekmektedir. Ayr\u0131ca Estonya\u2019da bulundu\u011fu s\u00fcre i\u00e7erisinde masraflar\u0131n\u0131 kar\u015f\u0131layabilece\u011fini kan\u0131tlamal\u0131d\u0131r.<\/span><\/p>\n<p><span style=\"font-family: Roboto; font-size: 14px;\"><strong>\u00a0Estonya Erasmus vizesi<\/strong> ba\u015fvurular\u0131 <strong>Estonya vize ba\u015fvuru<\/strong> merkezlerine ya da Estonya\u2019n\u0131n T\u00fcrkiye\u2019de bulunan temsilciliklerine yap\u0131lmal\u0131d\u0131r. <strong>Estonya Erasmus vizesi<\/strong> ba\u015fvurusunda bulunmak i\u00e7in \u00f6ncelikle Estonya vize ba\u015fvuru formunu doldurman\u0131z gerekmektedir. Ard\u0131ndan ise<strong> Erasmus vizesi<\/strong> ba\u015fvurusunda bulunacak ki\u015filerin <strong>Estonya vize ba\u015fvuru<\/strong> merkezinden randevusu almas\u0131 gerekmektedir.<span style=\"color: #2acec2;\"><strong><a style=\"color: #2acec2;\" href=\"https:\/\/www.myvize.com.tr\/estonya\/vize-islemleri\/estonya-vize-randevusu\/\" target=\"_blank\" rel=\"noopener\"> Estonya vize randevusu<\/a><\/strong><\/span> tarihine kadar Estonya Erasmus vize i\u00e7in istenen evraklar haz\u0131rlanmal\u0131 ve <strong>Estonya Erasmus vizesi<\/strong> ba\u015fvurusu yap\u0131lacak yere teslim edilmelidir. Randevu tarihinde Erasmus vize \u00fccreti nakit olarak dolar cinsinden \u00f6denmelidir.<\/span><\/p>\n<p><span style=\"font-family: Roboto; font-size: 14px;\"><strong>Estonya Erasmus vizesi<\/strong> ba\u015fvurusunda bulunacak olan ki\u015filerin Estonya\u2019da kalaca\u011f\u0131 s\u00fcre i\u00e7erisinde masraflar\u0131n\u0131 kar\u015f\u0131layabilece\u011fini kan\u0131tlamas\u0131 gerekmektedir.<\/span><\/p>\n<h2><strong><span style=\"font-family: Roboto; font-size: 27px;\">Estonya Erasmus Vizesi Nas\u0131l Al\u0131n\u0131r?<\/span><\/strong><\/h2>\n<p><span style=\"font-family: Roboto; font-size: 14px;\">Avrupa Birli\u011fi \u00fclkelerinin ve onlarla ili\u015fkili \u00fclkelerin kendi aralar\u0131nda \u00f6\u011frenci de\u011fi\u015ftirme program\u0131na denir. Bu program Erasmus program\u0131na dahil olan \u00fcniversitelerin kendi aralar\u0131nda deneyim artt\u0131rmas\u0131n\u0131, e\u011fitim kalitesini y\u00fckseltme \u00e7abas\u0131ndan dolay\u0131 ortaya \u00e7\u0131km\u0131\u015ft\u0131r. Bu program ile \u00dcniversite \u00f6\u011frencileri farkl\u0131 \u00fclkelerde \u00fcniversite okuyabilecek oran\u0131n dili ve k\u00fclt\u00fcrleri hakk\u0131nda bilgi edinebileceklerdir. Bu sayede \u00f6\u011frencilerin deneyimi standart \u00f6\u011frencilere k\u0131yasla daha fazla olacakt\u0131r. Bu programa ba\u015fvuru yapt\u0131ktan sonra \u00fclkeler aras\u0131 <strong>ge\u00e7i\u015f izni<\/strong> alman\u0131z gerekir. Bu izin <strong>Estonya Erasmus Vizesi\u2019dir<\/strong>. Bu vizeyi alan ki\u015filer Erasmus program\u0131na dahil olabilir. Ancak bu vizeyi almak i\u00e7in birtak\u0131m belgeler gerekmektedir. Bu belgeleri eksiksiz tamamlamal\u0131 hepsinin g\u00fcncel olmas\u0131na dikkat etmeliyiz.<\/span><\/p>\n<blockquote><p><span style=\"font-family: Roboto; font-size: 14px; color: #2acec2;\"><strong><a style=\"color: #2acec2;\" href=\"https:\/\/www.myvize.com.tr\/estonya\/vize-islemleri\/estonya-vizesi\/\" target=\"_blank\" rel=\"noopener\">Estonya Vizesi<\/a><\/strong><\/span><\/p><\/blockquote>\n<h2><span style=\"font-family: Roboto; font-size: 27px;\"><strong>Estonya Erasmus Vizesi \u0130\u015flemleri<\/strong><\/span><\/h2>\n<p><span style=\"font-family: Roboto; font-size: 14px;\"><strong>Estonya Erasmus vize<\/strong> ile T\u00fcrkiye\u2019den Estonya\u2019ya e\u011fitim amac\u0131yla gidecek \u00f6\u011frenciler i\u00e7in pek \u00e7ok imk\u00e2n sa\u011flanm\u0131\u015ft\u0131r. Erasmus program\u0131na kat\u0131lacak \u00f6\u011frenci i\u00e7in Avrupa Birli\u011finin taraf\u0131ndan finans edilmektedir. K\u00fclt\u00fcr ve e\u011fitim a\u00e7\u0131s\u0131 pek \u00e7ok katk\u0131 sa\u011flayacak Estonya Erasmus program\u0131yla geli\u015fim d\u00fczeyi artacak ve size katk\u0131 sa\u011flayacak Erasmus vizesiyle \u00fclkeye gidi\u015f amac\u0131na uygun prosed\u00fcr\u00fc tamamlaman\u0131z gerekmekte. T\u00fcrkiye ve Estonya aras\u0131 yap\u0131lan <strong>Erasmus vize<\/strong> anla\u015fmas\u0131yla iki \u00fclke aras\u0131 kurulan ileti\u015fim ve anla\u015fma ba\u011f sayesinde \u00f6\u011frenciler kendisine ve \u00fclkesine katk\u0131 sa\u011flamaktad\u0131r.<\/span><br \/>\n<span style=\"font-family: Roboto; font-size: 14px;\">T\u00fcrkiye ve Estonya\u2019da \u00fcniversitesinin LLP- Erasmus program kapsam\u0131na y\u00fcr\u00fcrl\u00fckte olan iki anla\u015fma, bir y\u0131l ya da uzun s\u00fcreli olarak, \u00f6\u011frenciler ya da \u00f6\u011fretim g\u00f6revlisi \u00fclke aras\u0131 de\u011fi\u015ftirme durumu ifade eder.<\/span><br \/>\n<span style=\"font-family: Roboto; font-size: 14px;\">\u00d6ncelikle Erasmus program kapsam\u0131nda vize alacak ki\u015fi her \u00fclke kendi vize prosed\u00fcr\u00fcn\u00fcn bulundu\u011funu unutmas\u0131 gerekir. De\u011fi\u015fen ve talep edilmi\u015f ba\u015fvuru i\u015fleminde, dikkatli ve \u00f6zen davranmak olduk\u00e7a \u00f6nemlidir. <strong>Erasmus vize<\/strong> i\u00e7in size belirtilen durumu, istenen evrak\u0131n takibini \u00f6zenle araya getirmesi ve sistemsel bir sorunlara mahal vermemeniz istenmektedir.<\/span><\/p>\n<p><img decoding=\"async\" src=\"https:\/\/www.myvize.com.tr\/estonya\/wp-content\/uploads\/2021\/10\/22.jpg\" \/><\/p>\n<h3><span style=\"font-size: 24px;\"><strong><span style=\"font-family: Roboto;\">Estonya Erasmus Vizesi \u0130\u00e7in Gerekli Belgeler<\/span><\/strong><\/span><\/h3>\n<p><span style=\"font-family: Roboto; font-size: 14px;\">Ba\u015fvuruda kullan\u0131lacak belgelerin <strong>Almanca<\/strong> olmas\u0131 gerekmektedir.<\/span><br \/>\n<span style=\"font-family: Roboto; font-size: 14px;\">3 adet beyaz arka fonlu biyometrik foto\u011fraf gereklidir.<\/span><br \/>\n<span style=\"font-family: Roboto; font-size: 14px;\">Deforme olmam\u0131\u015f pasaport ve fotokopisi gereklidir.<\/span><br \/>\n<span style=\"font-family: Roboto; font-size: 14px;\">E\u011fitim program\u0131na dahil oldu\u011funuza dair Estonya \u00dcniversitesinden kabul belgesi laz\u0131md\u0131r.<\/span><br \/>\n<span style=\"font-family: Roboto; font-size: 14px;\">T\u00fcrkiye\u2019de bulundu\u011funuz \u00fcniversiteden program i\u00e7erisinde oldu\u011funuza dair belge gereklidir.<\/span><br \/>\n<span style=\"font-family: Roboto; font-size: 14px;\">30.000 EURO teminatl\u0131 sa\u011fl\u0131k sigortas\u0131 gereklidir.<\/span><br \/>\n<span style=\"font-family: Roboto; font-size: 14px;\">Estonya\u2019da ya\u015fayabilece\u011fimize dair finansal belgeler<\/span><br \/>\n<span style=\"font-family: Roboto; font-size: 14px;\">Gidi\u015f i\u00e7in u\u00e7ak bileti rezervasyonu<\/span><br \/>\n<span style=\"font-family: Roboto; font-size: 14px;\">Orada konaklama i\u00e7in ayarlanm\u0131\u015f otel veya kiral\u0131k daire kontrat\u0131<\/span><br \/>\n<span style=\"font-family: Roboto; font-size: 14px;\">Yukar\u0131daki belgeleri tamamlayan ki\u015filer <strong>Estonya Konsoloslu\u011funa<\/strong> ba\u015fvurabilir. Bu ba\u015fvurunun ard\u0131ndan Konsolosluk taraf\u0131ndan onay s\u00fcrecine girer. Ortalama 10 i\u015f g\u00fcn\u00fc i\u00e7erisinde a\u00e7\u0131klan\u0131r. Bu sonu\u00e7 olumlu olabilece\u011fi gibi olumsuzda olabilir. Olumsuz sonu\u00e7lar sebebinin ortadan kald\u0131r\u0131lmas\u0131n\u0131n ard\u0131ndan itiraz dilek\u00e7esiyle itiraz edilebilir.<\/span><\/p>\n<blockquote><p><a href=\"https:\/\/www.myvize.com.tr\/estonya\/vize-islemleri\/estonya-dil-okulu-vizesi\/\" target=\"_blank\" rel=\"noopener\"><span style=\"font-family: Roboto; font-size: 14px;\"><strong><span style=\"color: #2acec2;\">Estonya Dil Okulu Vizesi<\/span><\/strong><\/span><\/a><\/p><\/blockquote>\n<p><img decoding=\"async\" src=\"https:\/\/www.myvize.com.tr\/estonya\/wp-content\/uploads\/2021\/10\/23.jpg\" \/><\/p>\n","protected":false},"excerpt":{"rendered":"<p>Estonya Erasmus Vizesi 2022 T\u00fcrkiye-Estonya aras\u0131nda \u00f6\u011frenci de\u011fi\u015fim program\u0131 olan Erasmus\u2019a kat\u0131lmak isteyen ki\u015filerin \u00fclkeler aras\u0131 ge\u00e7i\u015f i\u00e7in Estonya Erasmus Vizesi almas\u0131 gerekir. Bu vize ile \u00fclkelerde uzun s\u00fcreli ikamet izni \u00e7\u0131kar. Bu izin sayesinde \u00fcniversite e\u011fitiminizi Estonya\u2019da alabilecek e\u011fitiminiz s\u00fcresince oturma izniniz bulunacakt\u0131r. Estonya Erasmus Vizesi Hakk\u0131nda Erasmus e\u011fitimi ya da Erasmus staj\u0131 kapsam\u0131nda<\/p>\n","protected":false},"author":1,"featured_media":0,"parent":0,"menu_order":0,"comment_status":"open","ping_status":"closed","template":"","meta":{"footnotes":""},"class_list":["post-338","page","type-page","status-publish","hentry"],"yoast_head":"<!-- This site is optimized with the Yoast SEO plugin v24.0 - https:\/\/yoast.com\/wordpress\/plugins\/seo\/ -->\n<title>Estonya Erasmus Vizesi - Estonya Vize Ba\u015fvurusu - MyVize<\/title>\n<meta name=\"description\" content=\"Estonya Erasmus Vizesi Nas\u0131l Al\u0131n\u0131r? Estonya Erasmus Vize Ba\u015fvurusu Nas\u0131l Yap\u0131l\u0131r? Estonya Erasmus Vize \u00dccreti Nedir?\" \/>\n<meta name=\"robots\" content=\"index, follow, max-snippet:-1, max-image-preview:large, max-video-preview:-1\" \/>\n<link rel=\"canonical\" href=\"https:\/\/www.myvize.com.tr\/estonya\/estonya-erasmus-vizesi\/\" \/>\n<meta property=\"og:locale\" content=\"tr_TR\" \/>\n<meta property=\"og:type\" content=\"article\" \/>\n<meta property=\"og:title\" content=\"Estonya Erasmus Vizesi - Estonya Vize Ba\u015fvurusu - MyVize\" \/>\n<meta property=\"og:description\" content=\"Estonya Erasmus Vizesi Nas\u0131l Al\u0131n\u0131r? Estonya Erasmus Vize Ba\u015fvurusu Nas\u0131l Yap\u0131l\u0131r? Estonya Erasmus Vize \u00dccreti Nedir?\" \/>\n<meta property=\"og:url\" content=\"https:\/\/www.myvize.com.tr\/estonya\/estonya-erasmus-vizesi\/\" \/>\n<meta property=\"og:site_name\" content=\"Estonya Vizesi\" \/>\n<meta property=\"article:modified_time\" content=\"2022-04-07T11:04:17+00:00\" \/>\n<meta property=\"og:image\" content=\"https:\/\/www.myvize.com.tr\/estonya\/wp-content\/uploads\/2021\/10\/22.jpg\" \/>\n<meta name=\"twitter:card\" content=\"summary_large_image\" \/>\n<meta name=\"twitter:label1\" content=\"Tahmini okuma s\u00fcresi\" \/>\n\t<meta name=\"twitter:data1\" content=\"3 dakika\" \/>\n<script type=\"application\/ld+json\" class=\"yoast-schema-graph\">{\"@context\":\"https:\/\/schema.org\",\"@graph\":[{\"@type\":\"WebPage\",\"@id\":\"https:\/\/www.myvize.com.tr\/estonya\/estonya-erasmus-vizesi\/\",\"url\":\"https:\/\/www.myvize.com.tr\/estonya\/estonya-erasmus-vizesi\/\",\"name\":\"Estonya Erasmus Vizesi - Estonya Vize Ba\u015fvurusu - MyVize\",\"isPartOf\":{\"@id\":\"https:\/\/www.myvize.com.tr\/estonya\/#website\"},\"primaryImageOfPage\":{\"@id\":\"https:\/\/www.myvize.com.tr\/estonya\/estonya-erasmus-vizesi\/#primaryimage\"},\"image\":{\"@id\":\"https:\/\/www.myvize.com.tr\/estonya\/estonya-erasmus-vizesi\/#primaryimage\"},\"thumbnailUrl\":\"https:\/\/www.myvize.com.tr\/estonya\/wp-content\/uploads\/2021\/10\/22.jpg\",\"datePublished\":\"2021-08-12T09:42:00+00:00\",\"dateModified\":\"2022-04-07T11:04:17+00:00\",\"description\":\"Estonya Erasmus Vizesi Nas\u0131l Al\u0131n\u0131r? Estonya Erasmus Vize Ba\u015fvurusu Nas\u0131l Yap\u0131l\u0131r? Estonya Erasmus Vize \u00dccreti Nedir?\",\"breadcrumb\":{\"@id\":\"https:\/\/www.myvize.com.tr\/estonya\/estonya-erasmus-vizesi\/#breadcrumb\"},\"inLanguage\":\"tr\",\"potentialAction\":[{\"@type\":\"ReadAction\",\"target\":[\"https:\/\/www.myvize.com.tr\/estonya\/estonya-erasmus-vizesi\/\"]}]},{\"@type\":\"ImageObject\",\"inLanguage\":\"tr\",\"@id\":\"https:\/\/www.myvize.com.tr\/estonya\/estonya-erasmus-vizesi\/#primaryimage\",\"url\":\"https:\/\/www.myvize.com.tr\/estonya\/wp-content\/uploads\/2021\/10\/22.jpg\",\"contentUrl\":\"https:\/\/www.myvize.com.tr\/estonya\/wp-content\/uploads\/2021\/10\/22.jpg\",\"width\":800,\"height\":500,\"caption\":\"Estonya Erasmus Vizesi\"},{\"@type\":\"BreadcrumbList\",\"@id\":\"https:\/\/www.myvize.com.tr\/estonya\/estonya-erasmus-vizesi\/#breadcrumb\",\"itemListElement\":[{\"@type\":\"ListItem\",\"position\":1,\"name\":\"Anasayfa\",\"item\":\"https:\/\/www.myvize.com.tr\/estonya\/\"},{\"@type\":\"ListItem\",\"position\":2,\"name\":\"Estonya Erasmus Vizesi\"}]},{\"@type\":\"WebSite\",\"@id\":\"https:\/\/www.myvize.com.tr\/estonya\/#website\",\"url\":\"https:\/\/www.myvize.com.tr\/estonya\/\",\"name\":\"Estonya Vizesi\",\"description\":\"\",\"potentialAction\":[{\"@type\":\"SearchAction\",\"target\":{\"@type\":\"EntryPoint\",\"urlTemplate\":\"https:\/\/www.myvize.com.tr\/estonya\/?s={search_term_string}\"},\"query-input\":{\"@type\":\"PropertyValueSpecification\",\"valueRequired\":true,\"valueName\":\"search_term_string\"}}],\"inLanguage\":\"tr\"}]}<\/script>\n<!-- \/ Yoast SEO plugin. -->","yoast_head_json":{"title":"Estonya Erasmus Vizesi - Estonya Vize Ba\u015fvurusu - MyVize","description":"Estonya Erasmus Vizesi Nas\u0131l Al\u0131n\u0131r? Estonya Erasmus Vize Ba\u015fvurusu Nas\u0131l Yap\u0131l\u0131r? Estonya Erasmus Vize \u00dccreti Nedir?","robots":{"index":"index","follow":"follow","max-snippet":"max-snippet:-1","max-image-preview":"max-image-preview:large","max-video-preview":"max-video-preview:-1"},"canonical":"https:\/\/www.myvize.com.tr\/estonya\/estonya-erasmus-vizesi\/","og_locale":"tr_TR","og_type":"article","og_title":"Estonya Erasmus Vizesi - Estonya Vize Ba\u015fvurusu - MyVize","og_description":"Estonya Erasmus Vizesi Nas\u0131l Al\u0131n\u0131r? Estonya Erasmus Vize Ba\u015fvurusu Nas\u0131l Yap\u0131l\u0131r? Estonya Erasmus Vize \u00dccreti Nedir?","og_url":"https:\/\/www.myvize.com.tr\/estonya\/estonya-erasmus-vizesi\/","og_site_name":"Estonya Vizesi","article_modified_time":"2022-04-07T11:04:17+00:00","og_image":[{"url":"https:\/\/www.myvize.com.tr\/estonya\/wp-content\/uploads\/2021\/10\/22.jpg","type":"","width":"","height":""}],"twitter_card":"summary_large_image","twitter_misc":{"Tahmini okuma s\u00fcresi":"3 dakika"},"schema":{"@context":"https:\/\/schema.org","@graph":[{"@type":"WebPage","@id":"https:\/\/www.myvize.com.tr\/estonya\/estonya-erasmus-vizesi\/","url":"https:\/\/www.myvize.com.tr\/estonya\/estonya-erasmus-vizesi\/","name":"Estonya Erasmus Vizesi - Estonya Vize Ba\u015fvurusu - MyVize","isPartOf":{"@id":"https:\/\/www.myvize.com.tr\/estonya\/#website"},"primaryImageOfPage":{"@id":"https:\/\/www.myvize.com.tr\/estonya\/estonya-erasmus-vizesi\/#primaryimage"},"image":{"@id":"https:\/\/www.myvize.com.tr\/estonya\/estonya-erasmus-vizesi\/#primaryimage"},"thumbnailUrl":"https:\/\/www.myvize.com.tr\/estonya\/wp-content\/uploads\/2021\/10\/22.jpg","datePublished":"2021-08-12T09:42:00+00:00","dateModified":"2022-04-07T11:04:17+00:00","description":"Estonya Erasmus Vizesi Nas\u0131l Al\u0131n\u0131r? Estonya Erasmus Vize Ba\u015fvurusu Nas\u0131l Yap\u0131l\u0131r? Estonya Erasmus Vize \u00dccreti Nedir?","breadcrumb":{"@id":"https:\/\/www.myvize.com.tr\/estonya\/estonya-erasmus-vizesi\/#breadcrumb"},"inLanguage":"tr","potentialAction":[{"@type":"ReadAction","target":["https:\/\/www.myvize.com.tr\/estonya\/estonya-erasmus-vizesi\/"]}]},{"@type":"ImageObject","inLanguage":"tr","@id":"https:\/\/www.myvize.com.tr\/estonya\/estonya-erasmus-vizesi\/#primaryimage","url":"https:\/\/www.myvize.com.tr\/estonya\/wp-content\/uploads\/2021\/10\/22.jpg","contentUrl":"https:\/\/www.myvize.com.tr\/estonya\/wp-content\/uploads\/2021\/10\/22.jpg","width":800,"height":500,"caption":"Estonya Erasmus Vizesi"},{"@type":"BreadcrumbList","@id":"https:\/\/www.myvize.com.tr\/estonya\/estonya-erasmus-vizesi\/#breadcrumb","itemListElement":[{"@type":"ListItem","position":1,"name":"Anasayfa","item":"https:\/\/www.myvize.com.tr\/estonya\/"},{"@type":"ListItem","position":2,"name":"Estonya Erasmus Vizesi"}]},{"@type":"WebSite","@id":"https:\/\/www.myvize.com.tr\/estonya\/#website","url":"https:\/\/www.myvize.com.tr\/estonya\/","name":"Estonya Vizesi","description":"","potentialAction":[{"@type":"SearchAction","target":{"@type":"EntryPoint","urlTemplate":"https:\/\/www.myvize.com.tr\/estonya\/?s={search_term_string}"},"query-input":{"@type":"PropertyValueSpecification","valueRequired":true,"valueName":"search_term_string"}}],"inLanguage":"tr"}]}},"_links":{"self":[{"href":"https:\/\/www.myvize.com.tr\/estonya\/wp-json\/wp\/v2\/pages\/338","targetHints":{"allow":["GET"]}}],"collection":[{"href":"https:\/\/www.myvize.com.tr\/estonya\/wp-json\/wp\/v2\/pages"}],"about":[{"href":"https:\/\/www.myvize.com.tr\/estonya\/wp-json\/wp\/v2\/types\/page"}],"author":[{"embeddable":true,"href":"https:\/\/www.myvize.com.tr\/estonya\/wp-json\/wp\/v2\/users\/1"}],"replies":[{"embeddable":true,"href":"https:\/\/www.myvize.com.tr\/estonya\/wp-json\/wp\/v2\/comments?post=338"}],"version-history":[{"count":8,"href":"https:\/\/www.myvize.com.tr\/estonya\/wp-json\/wp\/v2\/pages\/338\/revisions"}],"predecessor-version":[{"id":738,"href":"https:\/\/www.myvize.com.tr\/estonya\/wp-json\/wp\/v2\/pages\/338\/revisions\/738"}],"wp:attachment":[{"href":"https:\/\/www.myvize.com.tr\/estonya\/wp-json\/wp\/v2\/media?parent=338"}],"curies":[{"name":"wp","href":"https:\/\/api.w.org\/{rel}","templated":true}]}}