{"id":35,"date":"2020-11-30T12:44:42","date_gmt":"2020-11-30T09:44:42","guid":{"rendered":"https:\/\/www.myvize.com.tr\/estonya\/?page_id=35"},"modified":"2022-04-07T13:51:47","modified_gmt":"2022-04-07T10:51:47","slug":"estonya-ticari-vize","status":"publish","type":"page","link":"https:\/\/www.myvize.com.tr\/estonya\/vize-islemleri\/estonya-ticari-vize\/","title":{"rendered":"Estonya Ticari Vize"},"content":{"rendered":"<h2><strong><span style=\"font-family: Roboto; font-size: 27px;\">Estonya Ticari Vize Hakk\u0131nda<\/span><\/strong><\/h2>\n<p><span style=\"font-family: Roboto; font-size: 14px;\">Estonya\u2019da bir seminer, gala, kongre, konferans, i\u015f g\u00f6r\u00fc\u015fmesi gibi yerlere kat\u0131lacak olan, sat\u0131lan \u00fcr\u00fcn deste\u011fi verecek ya da al\u0131nan \u00fcr\u00fcn deste\u011fi almak isteyen T\u00fcrk vatanda\u015flar\u0131n\u0131n <strong>Estonya ticari vizesi<\/strong> almas\u0131 gerekmektedir. Ticari ama\u00e7l\u0131 olarak Estonya\u2019ya seyahat edecek olan Diplomatik, Hususi ve Hizmet pasaport sahiplerinin <strong>Estonya ticari vize<\/strong> almas\u0131na gerek bulunmamaktad\u0131r. Umuma Mahsus Pasaportu olan T\u00fcrk vatanda\u015flar\u0131 ise bu vizeyi almal\u0131d\u0131r.<\/span><\/p>\n<p><span style=\"font-family: Roboto; font-size: 14px;\"><strong>Estonya ticari vizesi<\/strong> \u00fclkede \u00e7al\u0131\u015fma ya da bir \u00fcr\u00fcn satma hakk\u0131 vermemektedir. Bunun i\u00e7in Estonya \u00e7al\u0131\u015fma izni al\u0131nmas\u0131 gerekmektedir. <strong>Estonya ticari vize<\/strong> ba\u015fvurusunda bulunacak olan ki\u015filerin Estonya\u2019da bulunan \u015firket ya da kurumdan davetiye almas\u0131 gerekmektedir.<\/span><\/p>\n<p><span style=\"font-family: Roboto; font-size: 14px;\"><strong>Estonya ticari vize<\/strong> ba\u015fvurusunda bulunacak olan T\u00fcrk vatanda\u015flar\u0131n\u0131n ba\u015fvurular\u0131 Estonya Konsoloslu\u011fu ya da Estonya vize ba\u015fvuru merkezlerine yapabilir. <strong>Estonya ticari vize<\/strong> bulunmak i\u00e7in <strong>Estonya vize ba\u015fvuru formu<\/strong> doldurman\u0131z gerekmektedir. Ard\u0131ndan ise vize ba\u015fvurusunda bulunacak ki\u015filerin <strong>Estonya vize randevusu<\/strong> almas\u0131 gerekmektedir. Estonya vize randevu tarihine kadar <strong>Estonya ticari vize<\/strong> i\u00e7in gerekli olan evraklar haz\u0131rlanmal\u0131 ve <strong>Estonya ticari vize ba\u015fvurusu<\/strong> yap\u0131lacak yere teslim edilmelidir. Randevu tarihinde ticari vize \u00fccreti nakit olarak dolar cinsinden \u00f6denmelidir.<\/span><\/p>\n<h2><span style=\"font-family: Roboto; font-size: 27px;\"><strong>Estonya Ticari Vize Veriyor Mu?<\/strong><\/span><\/h2>\n<p><span style=\"font-family: Roboto; font-size: 14px;\"><strong>Estonya ticari vize<\/strong> i\u015f toplant\u0131s\u0131, kongre ve fuar gezisi i\u00e7in uygun olan vize t\u00fcr\u00fc.<strong> Estonya ticari vize<\/strong> 90 g\u00fcnden az konaklama imk\u00e2nlar\u0131 sa\u011flamas\u0131 nedeniyle k\u0131sa s\u00fcreli vize t\u00fcr\u00fc. Estonya k\u0131sa s\u00fcre vize t\u00fcr\u00fcn\u00fcn di\u011fer ad\u0131 C Tip vizedir. <strong>Estonya ticari vizesi<\/strong> ba\u015fvurusu 7 &#8211; 14 i\u015f g\u00fcn\u00fc aras\u0131nda sonu\u00e7lanmaktad\u0131r. Ancak bu s\u00fcre her zaman kesin zaman belirtmeyip Estonya resm\u00ee tatil g\u00fcn\u00fcnde, konsolosluk d\u00f6nemsel yo\u011funluk zaman\u0131nda ve konsolosluk yetkilisinin isteyece\u011fi ek evrak talebi gibi sebeple bu s\u00fcre daha uzun olabilmektedir. Bu y\u00fczden ba\u015fvuru sahipinin<strong> Estonya konsolosluk<\/strong> resmi tatil g\u00fcn\u00fcn\u00fc daha \u00f6nceden bilmesi gerekir. <strong>Estonya ticari vizesi<\/strong> ba\u015fvuru Schengen vize kapsam\u0131nda yer al\u0131r. <strong>Estonya Ticari Vize<\/strong> ba\u015fvurusu yapabilmek i\u00e7in \u00f6ncelikle online <span style=\"color: #2acec2;\"><strong><a style=\"color: #2acec2;\" href=\"https:\/\/www.myvize.com.tr\/estonya\/vize-islemleri\/estonya-vize-randevusu\/\" target=\"_blank\" rel=\"noopener\">Estonya Vize randevusu<\/a><\/strong><\/span> sisteminde ki\u015fisel bilginin girilerek randevu al\u0131nmas\u0131 gerekmekte. \u0130ngilizce ve T\u00fcrk\u00e7e olarak 2 farkl\u0131 dil doldurulma imk\u00e2nlar\u0131 sunan <span style=\"color: #2acec2;\"><strong><a style=\"color: #2acec2;\" href=\"https:\/\/www.myvize.com.tr\/estonya\/vize-islemleri\/estonya-vize-basvuru-formu\/\" target=\"_blank\" rel=\"noopener\">Estonya vize ba\u015fvuru formu<\/a><\/strong><\/span>, haz\u0131rlayaca\u011f\u0131n\u0131z belgeler aras\u0131nda en \u00f6nemli evrak niteli\u011fi ta\u015f\u0131r. Vize ba\u015fvuru formunu hatal\u0131, eksik veya g\u00fcncel olmayan bilgiyle doldurman\u0131z durumunda vize ba\u015fvuru s\u00fcreci uzayabilir hatta vize ba\u015fvurunuz olumsuz da sonu\u00e7lanabilir.<\/span><\/p>\n<p><img decoding=\"async\" src=\"https:\/\/www.myvize.com.tr\/estonya\/wp-content\/uploads\/2021\/10\/12.jpg\" \/><\/p>\n","protected":false},"excerpt":{"rendered":"<p>Estonya Ticari Vize Hakk\u0131nda Estonya\u2019da bir seminer, gala, kongre, konferans, i\u015f g\u00f6r\u00fc\u015fmesi gibi yerlere kat\u0131lacak olan, sat\u0131lan \u00fcr\u00fcn deste\u011fi verecek ya da al\u0131nan \u00fcr\u00fcn deste\u011fi almak isteyen T\u00fcrk vatanda\u015flar\u0131n\u0131n Estonya ticari vizesi almas\u0131 gerekmektedir. Ticari ama\u00e7l\u0131 olarak Estonya\u2019ya seyahat edecek olan Diplomatik, Hususi ve Hizmet pasaport sahiplerinin Estonya ticari vize almas\u0131na gerek bulunmamaktad\u0131r. Umuma Mahsus<\/p>\n","protected":false},"author":1,"featured_media":0,"parent":18,"menu_order":0,"comment_status":"open","ping_status":"closed","template":"","meta":{"footnotes":""},"class_list":["post-35","page","type-page","status-publish","hentry"],"yoast_head":"<!-- This site is optimized with the Yoast SEO plugin v24.0 - https:\/\/yoast.com\/wordpress\/plugins\/seo\/ -->\n<title>Estonya Ticari Vize - Estonya Vizesi \u0130\u015flemi - MyVize<\/title>\n<meta name=\"description\" content=\"Estonya ticari vizesi evrak listesi. Estonya ticari vize randevusu nas\u0131l al\u0131n\u0131r? Vize ile ihtiyac\u0131n\u0131z olan t\u00fcm bilgi bu sayfada.\" \/>\n<meta name=\"robots\" content=\"index, follow, max-snippet:-1, max-image-preview:large, max-video-preview:-1\" \/>\n<link rel=\"canonical\" href=\"https:\/\/www.myvize.com.tr\/estonya\/vize-islemleri\/estonya-ticari-vize\/\" \/>\n<meta property=\"og:locale\" content=\"tr_TR\" \/>\n<meta property=\"og:type\" content=\"article\" \/>\n<meta property=\"og:title\" content=\"Estonya Ticari Vize - Estonya Vizesi \u0130\u015flemi - MyVize\" \/>\n<meta property=\"og:description\" content=\"Estonya ticari vizesi evrak listesi. Estonya ticari vize randevusu nas\u0131l al\u0131n\u0131r? Vize ile ihtiyac\u0131n\u0131z olan t\u00fcm bilgi bu sayfada.\" \/>\n<meta property=\"og:url\" content=\"https:\/\/www.myvize.com.tr\/estonya\/vize-islemleri\/estonya-ticari-vize\/\" \/>\n<meta property=\"og:site_name\" content=\"Estonya Vizesi\" \/>\n<meta property=\"article:modified_time\" content=\"2022-04-07T10:51:47+00:00\" \/>\n<meta property=\"og:image\" content=\"https:\/\/www.myvize.com.tr\/estonya\/wp-content\/uploads\/2021\/10\/12.jpg\" \/>\n<meta name=\"twitter:card\" content=\"summary_large_image\" \/>\n<meta name=\"twitter:label1\" content=\"Tahmini okuma s\u00fcresi\" \/>\n\t<meta name=\"twitter:data1\" content=\"2 dakika\" \/>\n<script type=\"application\/ld+json\" class=\"yoast-schema-graph\">{\"@context\":\"https:\/\/schema.org\",\"@graph\":[{\"@type\":\"WebPage\",\"@id\":\"https:\/\/www.myvize.com.tr\/estonya\/vize-islemleri\/estonya-ticari-vize\/\",\"url\":\"https:\/\/www.myvize.com.tr\/estonya\/vize-islemleri\/estonya-ticari-vize\/\",\"name\":\"Estonya Ticari Vize - Estonya Vizesi \u0130\u015flemi - MyVize\",\"isPartOf\":{\"@id\":\"https:\/\/www.myvize.com.tr\/estonya\/#website\"},\"primaryImageOfPage\":{\"@id\":\"https:\/\/www.myvize.com.tr\/estonya\/vize-islemleri\/estonya-ticari-vize\/#primaryimage\"},\"image\":{\"@id\":\"https:\/\/www.myvize.com.tr\/estonya\/vize-islemleri\/estonya-ticari-vize\/#primaryimage\"},\"thumbnailUrl\":\"https:\/\/www.myvize.com.tr\/estonya\/wp-content\/uploads\/2021\/10\/12.jpg\",\"datePublished\":\"2020-11-30T09:44:42+00:00\",\"dateModified\":\"2022-04-07T10:51:47+00:00\",\"description\":\"Estonya ticari vizesi evrak listesi. Estonya ticari vize randevusu nas\u0131l al\u0131n\u0131r? Vize ile ihtiyac\u0131n\u0131z olan t\u00fcm bilgi bu sayfada.\",\"breadcrumb\":{\"@id\":\"https:\/\/www.myvize.com.tr\/estonya\/vize-islemleri\/estonya-ticari-vize\/#breadcrumb\"},\"inLanguage\":\"tr\",\"potentialAction\":[{\"@type\":\"ReadAction\",\"target\":[\"https:\/\/www.myvize.com.tr\/estonya\/vize-islemleri\/estonya-ticari-vize\/\"]}]},{\"@type\":\"ImageObject\",\"inLanguage\":\"tr\",\"@id\":\"https:\/\/www.myvize.com.tr\/estonya\/vize-islemleri\/estonya-ticari-vize\/#primaryimage\",\"url\":\"https:\/\/www.myvize.com.tr\/estonya\/wp-content\/uploads\/2021\/10\/12.jpg\",\"contentUrl\":\"https:\/\/www.myvize.com.tr\/estonya\/wp-content\/uploads\/2021\/10\/12.jpg\",\"width\":800,\"height\":500,\"caption\":\"Estonya Ticari Vize\"},{\"@type\":\"BreadcrumbList\",\"@id\":\"https:\/\/www.myvize.com.tr\/estonya\/vize-islemleri\/estonya-ticari-vize\/#breadcrumb\",\"itemListElement\":[{\"@type\":\"ListItem\",\"position\":1,\"name\":\"Anasayfa\",\"item\":\"https:\/\/www.myvize.com.tr\/estonya\/\"},{\"@type\":\"ListItem\",\"position\":2,\"name\":\"V\u0130ZE \u0130\u015eLEMLER\u0130\",\"item\":\"https:\/\/www.myvize.com.tr\/estonya\/vize-islemleri\/\"},{\"@type\":\"ListItem\",\"position\":3,\"name\":\"Estonya Ticari Vize\"}]},{\"@type\":\"WebSite\",\"@id\":\"https:\/\/www.myvize.com.tr\/estonya\/#website\",\"url\":\"https:\/\/www.myvize.com.tr\/estonya\/\",\"name\":\"Estonya Vizesi\",\"description\":\"\",\"potentialAction\":[{\"@type\":\"SearchAction\",\"target\":{\"@type\":\"EntryPoint\",\"urlTemplate\":\"https:\/\/www.myvize.com.tr\/estonya\/?s={search_term_string}\"},\"query-input\":{\"@type\":\"PropertyValueSpecification\",\"valueRequired\":true,\"valueName\":\"search_term_string\"}}],\"inLanguage\":\"tr\"}]}<\/script>\n<!-- \/ Yoast SEO plugin. -->","yoast_head_json":{"title":"Estonya Ticari Vize - Estonya Vizesi \u0130\u015flemi - MyVize","description":"Estonya ticari vizesi evrak listesi. Estonya ticari vize randevusu nas\u0131l al\u0131n\u0131r? Vize ile ihtiyac\u0131n\u0131z olan t\u00fcm bilgi bu sayfada.","robots":{"index":"index","follow":"follow","max-snippet":"max-snippet:-1","max-image-preview":"max-image-preview:large","max-video-preview":"max-video-preview:-1"},"canonical":"https:\/\/www.myvize.com.tr\/estonya\/vize-islemleri\/estonya-ticari-vize\/","og_locale":"tr_TR","og_type":"article","og_title":"Estonya Ticari Vize - Estonya Vizesi \u0130\u015flemi - MyVize","og_description":"Estonya ticari vizesi evrak listesi. Estonya ticari vize randevusu nas\u0131l al\u0131n\u0131r? Vize ile ihtiyac\u0131n\u0131z olan t\u00fcm bilgi bu sayfada.","og_url":"https:\/\/www.myvize.com.tr\/estonya\/vize-islemleri\/estonya-ticari-vize\/","og_site_name":"Estonya Vizesi","article_modified_time":"2022-04-07T10:51:47+00:00","og_image":[{"url":"https:\/\/www.myvize.com.tr\/estonya\/wp-content\/uploads\/2021\/10\/12.jpg","type":"","width":"","height":""}],"twitter_card":"summary_large_image","twitter_misc":{"Tahmini okuma s\u00fcresi":"2 dakika"},"schema":{"@context":"https:\/\/schema.org","@graph":[{"@type":"WebPage","@id":"https:\/\/www.myvize.com.tr\/estonya\/vize-islemleri\/estonya-ticari-vize\/","url":"https:\/\/www.myvize.com.tr\/estonya\/vize-islemleri\/estonya-ticari-vize\/","name":"Estonya Ticari Vize - Estonya Vizesi \u0130\u015flemi - MyVize","isPartOf":{"@id":"https:\/\/www.myvize.com.tr\/estonya\/#website"},"primaryImageOfPage":{"@id":"https:\/\/www.myvize.com.tr\/estonya\/vize-islemleri\/estonya-ticari-vize\/#primaryimage"},"image":{"@id":"https:\/\/www.myvize.com.tr\/estonya\/vize-islemleri\/estonya-ticari-vize\/#primaryimage"},"thumbnailUrl":"https:\/\/www.myvize.com.tr\/estonya\/wp-content\/uploads\/2021\/10\/12.jpg","datePublished":"2020-11-30T09:44:42+00:00","dateModified":"2022-04-07T10:51:47+00:00","description":"Estonya ticari vizesi evrak listesi. Estonya ticari vize randevusu nas\u0131l al\u0131n\u0131r? Vize ile ihtiyac\u0131n\u0131z olan t\u00fcm bilgi bu sayfada.","breadcrumb":{"@id":"https:\/\/www.myvize.com.tr\/estonya\/vize-islemleri\/estonya-ticari-vize\/#breadcrumb"},"inLanguage":"tr","potentialAction":[{"@type":"ReadAction","target":["https:\/\/www.myvize.com.tr\/estonya\/vize-islemleri\/estonya-ticari-vize\/"]}]},{"@type":"ImageObject","inLanguage":"tr","@id":"https:\/\/www.myvize.com.tr\/estonya\/vize-islemleri\/estonya-ticari-vize\/#primaryimage","url":"https:\/\/www.myvize.com.tr\/estonya\/wp-content\/uploads\/2021\/10\/12.jpg","contentUrl":"https:\/\/www.myvize.com.tr\/estonya\/wp-content\/uploads\/2021\/10\/12.jpg","width":800,"height":500,"caption":"Estonya Ticari Vize"},{"@type":"BreadcrumbList","@id":"https:\/\/www.myvize.com.tr\/estonya\/vize-islemleri\/estonya-ticari-vize\/#breadcrumb","itemListElement":[{"@type":"ListItem","position":1,"name":"Anasayfa","item":"https:\/\/www.myvize.com.tr\/estonya\/"},{"@type":"ListItem","position":2,"name":"V\u0130ZE \u0130\u015eLEMLER\u0130","item":"https:\/\/www.myvize.com.tr\/estonya\/vize-islemleri\/"},{"@type":"ListItem","position":3,"name":"Estonya Ticari Vize"}]},{"@type":"WebSite","@id":"https:\/\/www.myvize.com.tr\/estonya\/#website","url":"https:\/\/www.myvize.com.tr\/estonya\/","name":"Estonya Vizesi","description":"","potentialAction":[{"@type":"SearchAction","target":{"@type":"EntryPoint","urlTemplate":"https:\/\/www.myvize.com.tr\/estonya\/?s={search_term_string}"},"query-input":{"@type":"PropertyValueSpecification","valueRequired":true,"valueName":"search_term_string"}}],"inLanguage":"tr"}]}},"_links":{"self":[{"href":"https:\/\/www.myvize.com.tr\/estonya\/wp-json\/wp\/v2\/pages\/35","targetHints":{"allow":["GET"]}}],"collection":[{"href":"https:\/\/www.myvize.com.tr\/estonya\/wp-json\/wp\/v2\/pages"}],"about":[{"href":"https:\/\/www.myvize.com.tr\/estonya\/wp-json\/wp\/v2\/types\/page"}],"author":[{"embeddable":true,"href":"https:\/\/www.myvize.com.tr\/estonya\/wp-json\/wp\/v2\/users\/1"}],"replies":[{"embeddable":true,"href":"https:\/\/www.myvize.com.tr\/estonya\/wp-json\/wp\/v2\/comments?post=35"}],"version-history":[{"count":7,"href":"https:\/\/www.myvize.com.tr\/estonya\/wp-json\/wp\/v2\/pages\/35\/revisions"}],"predecessor-version":[{"id":728,"href":"https:\/\/www.myvize.com.tr\/estonya\/wp-json\/wp\/v2\/pages\/35\/revisions\/728"}],"up":[{"embeddable":true,"href":"https:\/\/www.myvize.com.tr\/estonya\/wp-json\/wp\/v2\/pages\/18"}],"wp:attachment":[{"href":"https:\/\/www.myvize.com.tr\/estonya\/wp-json\/wp\/v2\/media?parent=35"}],"curies":[{"name":"wp","href":"https:\/\/api.w.org\/{rel}","templated":true}]}}