{"id":43,"date":"2020-11-30T12:47:27","date_gmt":"2020-11-30T09:47:27","guid":{"rendered":"https:\/\/www.myvize.com.tr\/estonya\/?page_id=43"},"modified":"2022-04-07T13:57:56","modified_gmt":"2022-04-07T10:57:56","slug":"estonya-calisma-izni","status":"publish","type":"page","link":"https:\/\/www.myvize.com.tr\/estonya\/vize-islemleri\/estonya-calisma-izni\/","title":{"rendered":"Estonya \u00c7al\u0131\u015fma \u0130zni"},"content":{"rendered":"<p><span style=\"font-family: Roboto;\"><\/span><\/p>\r\n<p><span style=\"font-family: Roboto; font-size: 14px;\"><strong>Estonya \u00e7al\u0131\u015fma vizesi<\/strong> i\u00e7in Estonya d\u0131\u015f temsilciliklerine ba\u015fvuruda bulunulmas\u0131 gerekmektedir. Gerekli evraklar\u0131n haz\u0131rlanabilmesi i\u00e7in ki\u015filer Estonya d\u0131\u015f temsilcilikleri\u00a0taraf\u0131ndan yetki verilmi\u015f ba\u015fvuru merkezleri arac\u0131l\u0131\u011f\u0131yla veya yetkili seyahat acenteleri ile g\u00f6r\u00fc\u015febilirler.\u00a0<\/span><\/p>\r\n<h2><strong><span style=\"font-family: Roboto; font-size: 27px;\">Estonya \u00c7al\u0131\u015fma \u0130zni Hakk\u0131nda<\/span><\/strong><\/h2>\r\n<p><span style=\"font-family: Roboto; font-size: 14px;\">Estonya \u00e7al\u0131\u015fmak isteyen T\u00fcrk vatanda\u015flar\u0131n\u0131n <strong>Estonya \u00e7al\u0131\u015fma izni<\/strong> almas\u0131 gerekmektedir.<strong> Estonya \u00e7al\u0131\u015fma vizesi<\/strong>, alacak olan ki\u015filer; \u00e7al\u0131\u015fma izni ba\u015fvurular\u0131n\u0131 Estonya\u2019n\u0131n T\u00fcrkiye\u2019de bulunan temsilciliklerine yapmal\u0131d\u0131r. <strong>Estonya \u00e7al\u0131\u015fma izni<\/strong> ba\u015fvurular\u0131 60 g\u00fcn i\u00e7erisinde sonu\u00e7lanmaktad\u0131r.<\/span><\/p>\r\n<p><span style=\"font-family: Roboto; font-size: 14px;\"><strong>Estonya \u00e7al\u0131\u015fma izni<\/strong> ba\u015fvurusunda bulunacak olan T\u00fcrk vatanda\u015flar\u0131, \u00f6ncelikle Estonya\u2019da bir i\u015f bulmal\u0131d\u0131r. Estonya\u2019da i\u015f bulmu\u015f olan T\u00fcrk vatanda\u015flar\u0131, \u00e7al\u0131\u015fma izni ba\u015fvurular\u0131n\u0131 Estonya\u2019n\u0131n T\u00fcrkiye\u2019de bulunan temsilciliklerine yapmal\u0131d\u0131r. <strong>Estonya \u00e7al\u0131\u015fma izni<\/strong> ba\u015fvurusu yapacak olan ki\u015filer Estoncay\u0131 iyi derecede bilmelidir. Bunun yan\u0131nda Estonya\u2019da bulundu\u011fu s\u00fcre i\u00e7erisinde masraflar\u0131n\u0131 kar\u015f\u0131layabilecek durumda olmal\u0131d\u0131r.<\/span><\/p>\r\n<p><span style=\"font-family: Roboto; font-size: 14px;\"><strong>Estonya \u00e7al\u0131\u015fma izni<\/strong> ba\u015fvurusunda bulunacak olan ki\u015filerin Estonya\u2019da bulunan i\u015fveren taraf\u0131ndan davetiye almas\u0131 gerekmektedir. Estonya\u2019da bulunan \u015firketten davetiye alm\u0131\u015f olan T\u00fcrk vatanda\u015flar\u0131 <strong>Estonya Konsoloslu\u011fu\u2019na<\/strong> \u00e7al\u0131\u015fma izni ba\u015fvurusunda bulunabilir.<\/span><\/p>\r\n<p><span style=\"font-family: Roboto; font-size: 14px;\"><strong>Estonya \u00e7al\u0131\u015fma izni<\/strong> ba\u015fvurusunda bulunacak olan ki\u015filerin a\u015fa\u011f\u0131daki belgeleri haz\u0131rlamas\u0131 gerekmektedir;<\/span><\/p>\r\n<ul>\r\n<li><span style=\"font-family: Roboto; font-size: 14px;\">Davetiye<\/span><\/li>\r\n<li><span style=\"font-family: Roboto; font-size: 14px;\">Tam vukuatl\u0131 n\u00fcfus kay\u0131t \u00f6rne\u011fi<\/span><\/li>\r\n<li><span style=\"font-family: Roboto; font-size: 14px;\">Pasaport ve fotokopisi<\/span><\/li>\r\n<li><span style=\"font-family: Roboto; font-size: 14px;\"><strong>Estonya \u00e7al\u0131\u015fma izni<\/strong> ba\u015fvuru formu<\/span><\/li>\r\n<li><span style=\"font-family: Roboto; font-size: 14px;\">\u0130\u015f s\u00f6zle\u015fmesi<\/span><\/li>\r\n<li><span style=\"font-family: Roboto; font-size: 14px;\">U\u00e7u\u015f rezervasyonlar\u0131<\/span><\/li>\r\n<li><span style=\"font-family: Roboto; font-size: 14px;\">Adli sicil kayd\u0131<\/span><\/li>\r\n<li><span style=\"font-family: Roboto; font-size: 14px;\"><strong>\u00c7al\u0131\u015fma izni<\/strong> vize talep formu<\/span><\/li>\r\n<li><span style=\"font-family: Roboto; font-size: 14px;\">Estonya konaklama bilgileri<\/span><\/li>\r\n<li><span style=\"font-family: Roboto; font-size: 14px;\">2 adet biyometrik foto\u011fraf<\/span><\/li>\r\n<\/ul>\r\n<h2><span style=\"font-size: 27px; font-family: Roboto;\"><b>Estonya \u00c7al\u0131\u015fma \u0130zni Alma<\/b><\/span><\/h2>\r\n<p><span style=\"font-family: Roboto; font-size: 14px;\">Estonya T\u00fcrk vatanda\u015f\u0131na vize uygulamaktad\u0131r. Schengen\u2019e \u00fcye \u00fclke i\u00e7inde yer alan Estonya T\u00fcrk vatanda\u015f\u0131ndan vize istemektedir. Estonya\u2019ya gitmek i\u00e7in vize gereklidir. Schengen\u2019e \u00fcye \u00fclkeler hangi \u015fartda gidiliyor ise burayada ayn\u0131 \u015fartda gidilmektedir. \u00a0Umuma Mahsus pasaporta sahip T\u00fcrk vatanda\u015f\u0131 vizeye tabidir. Husus, Hizmet ve Diplomat pasaporta sahip ki\u015filer 180 g\u00fcn i\u00e7erisinde 90 g\u00fcn\u00fc a\u015fmama kayd\u0131yla vizeden muaft\u0131rlar.<\/span><br \/><span style=\"font-family: Roboto; font-size: 14px;\"><strong>Estonya \u00e7al\u0131\u015fma vizesini<\/strong> almak i\u00e7in istenen t\u00fcm belgeler tamamlan\u0131p vize \u00fccretleri \u00f6dendikten sonra Ba\u015fkonsolosluk veya \u00a0Estonya B\u00fcy\u00fckel\u00e7ili\u011fine belgeler teslim edilmeli. <strong>\u00c7al\u0131\u015fma vizesi<\/strong> almak i\u00e7in ba\u015fvuru formunu b\u00fcy\u00fck harfle ve el yaz\u0131s\u0131 ile doldurulmal\u0131. En az 10 y\u0131l ge\u00e7erli olan pasaport ve kimlik fotokopisi ile birlikte 2 adet biyometrik foto\u011fraf gerekli. Ba\u015fvuru sahibinin ve ailesi bilgisini i\u00e7eren tam vukuat n\u00fcfus kay\u0131t\u0131 \u00f6rne\u011fi al\u0131nmal\u0131d\u0131r. Ayr\u0131ca son 90 g\u00fcne ait banka hesab\u0131 bilgisi ve varsa ek hesap da detayl\u0131 olarak belgelendirilmeli. En az 30 bin Euro teminat olan seyahat sa\u011fl\u0131k sigortas\u0131 \u015fart\u0131yla birlikte \u00e7al\u0131\u015f\u0131lacak firmaya dair s\u00f6zle\u015fme veya \u00e7al\u0131\u015fma davetleri gereklidir.<span style=\"color: #2acec2;\"><strong><a style=\"color: #2acec2;\" href=\"https:\/\/www.myvize.com.tr\/estonya\/vize-islemleri\/estonya-vizesi\/\" target=\"_blank\" rel=\"noopener\"> Estonya vizesi<\/a><\/strong><\/span> fiyat\u0131 fark\u0131 vize \u00e7e\u015fidine g\u00f6re de\u011fi\u015fir.\u00a0<\/span><\/p>\r\n<p><span style=\"font-family: Roboto; font-size: 14px;\"> <img decoding=\"async\" src=\"https:\/\/www.myvize.com.tr\/estonya\/wp-content\/uploads\/2021\/10\/17.jpg\" \/> <\/span><\/p>\r\n<h2 class=\"wp-block-heading\"><span style=\"font-family: Roboto; font-size: 27px;\"><strong>Estonya \u00c7al\u0131\u015fma \u0130zni Alma \u015eartlar\u0131 Nedir?\u00a0<\/strong><\/span><\/h2>\r\n<p><span style=\"font-family: Roboto; font-size: 14px;\">\r\n\r\n<\/span><\/p>\r\n<ul class=\"wp-block-list\">\r\n<li><span style=\"font-family: Roboto; font-size: 14px;\"><span style=\"color: #2acec2;\"><strong><a style=\"color: #2acec2;\" href=\"https:\/\/www.myvize.com.tr\/estonya\/vize-islemleri\/estonya-vize-basvuru-formu\/\" target=\"_blank\" rel=\"noopener\">Estonya Vize Ba\u015fvuru Formu<\/a><\/strong><\/span>: <strong>Estonya \u00e7al\u0131\u015fma vizes<\/strong>i i\u00e7in gereken ba\u015fvuru formunun el yaz\u0131s\u0131 ile b\u00fcy\u00fck harflerle doldurulmas\u0131 ve \u0131slak imzal\u0131 olarak teslim edilmesi gerekir.\u00a0<\/span><\/li>\r\n<li><span style=\"font-family: Roboto; font-size: 14px;\">Pasaport: Ba\u015fvuru sahibinin minimum 10 y\u0131l ge\u00e7erlili\u011fe sahip, d\u00f6n\u00fc\u015f tarihinden itibaren 6 ay ge\u00e7erlili\u011fe sahip ve kar\u015f\u0131l\u0131kl\u0131 2 sayfas\u0131 bo\u015f pasaporta sahip olmas\u0131 gerekir.\u00a0<\/span><\/li>\r\n<li><span style=\"font-family: Roboto; font-size: 14px;\">Foto\u011fraf: Son 6 ay i\u00e7erisinde beyaz fonda \u00e7ekilmi\u015f, 2 adet\u00a0biyometrik\u00a0foto\u011fraf ibraz edilmelidir.\u00a0<\/span><\/li>\r\n<li><span style=\"font-family: Roboto; font-size: 14px;\">Sa\u011fl\u0131k Sigortas\u0131:\u00a0Schengen\u00a0b\u00f6lgesinde ge\u00e7erlidir ibaresi bulunan, 30000 \u20ac teminat tutar\u0131nda\u00a0ve acil t\u0131bbi bak\u0131m ya da acil hastane bak\u0131m\u0131 masraflar\u0131n\u0131 kapsayacak \u015fekilde olmal\u0131d\u0131r.\u00a0<\/span><\/li>\r\n<li><span style=\"font-family: Roboto; font-size: 14px;\">Seyahat Bilgileri: Estonya \u00e7al\u0131\u015fma vizesine ba\u015fvuracak ki\u015finin u\u00e7ak bileti rezervasyonlar\u0131n\u0131 ve konaklama bilgilerini ibraz etmesi gerekir.\u00a0<\/span><\/li>\r\n<li><span style=\"font-family: Roboto; font-size: 14px;\">Ba\u015fvuru sahibi ile Estonya firmas\u0131n\u0131n\u00a0yapt\u0131\u011f\u0131 i\u015f\u00a0s\u00f6zle\u015fmesi ya da kontrat\u00a0ibraz edilmelidir.\u00a0<\/span><\/li>\r\n<li><span style=\"font-family: Roboto; font-size: 14px;\">CV, Sertifikalar, \u00dcniversite Diplomas\u0131<strong>:\u00a0Estonya \u00e7al\u0131\u015fma vizesine<\/strong> ba\u015fvuran ki\u015finin, seyahat amac\u0131yla \u00f6rt\u00fc\u015fen ve \u00f6\u011frenim durumunu g\u00f6steren belgeleri ibraz etmesi gerekir.\u00a0\u00a0<\/span><\/li>\r\n<li><span style=\"font-family: Roboto; font-size: 14px;\">Banka Hesap \u00d6zeti: Son 3 ayl\u0131k hesap hareketlerini g\u00f6sterir \u015fekilde d\u00fczenlenmi\u015f\u00a0evrak\u0131n\u00a0asl\u0131 teslim edilmelidir.\u00a0<\/span><\/li>\r\n<li><span style=\"font-family: Roboto; font-size: 14px;\">Tam Vukuatl\u0131 N\u00fcfus Kay\u0131t \u00d6rne\u011fi\u00a0\u00a0<\/span><\/li>\r\n<\/ul>\r\n<p><span style=\"font-family: Roboto;\"><\/span><\/p>","protected":false},"excerpt":{"rendered":"<p>Estonya \u00e7al\u0131\u015fma vizesi i\u00e7in Estonya d\u0131\u015f temsilciliklerine ba\u015fvuruda bulunulmas\u0131 gerekmektedir. Gerekli evraklar\u0131n haz\u0131rlanabilmesi i\u00e7in ki\u015filer Estonya d\u0131\u015f temsilcilikleri\u00a0taraf\u0131ndan yetki verilmi\u015f ba\u015fvuru merkezleri arac\u0131l\u0131\u011f\u0131yla veya yetkili seyahat acenteleri ile g\u00f6r\u00fc\u015febilirler.\u00a0 Estonya \u00c7al\u0131\u015fma \u0130zni Hakk\u0131nda Estonya \u00e7al\u0131\u015fmak isteyen T\u00fcrk vatanda\u015flar\u0131n\u0131n Estonya \u00e7al\u0131\u015fma izni almas\u0131 gerekmektedir. Estonya \u00e7al\u0131\u015fma vizesi, alacak olan ki\u015filer; \u00e7al\u0131\u015fma izni ba\u015fvurular\u0131n\u0131 Estonya\u2019n\u0131n T\u00fcrkiye\u2019de bulunan<\/p>\n","protected":false},"author":1,"featured_media":0,"parent":18,"menu_order":0,"comment_status":"open","ping_status":"closed","template":"","meta":{"footnotes":""},"class_list":["post-43","page","type-page","status-publish","hentry"],"yoast_head":"<!-- This site is optimized with the Yoast SEO plugin v24.0 - https:\/\/yoast.com\/wordpress\/plugins\/seo\/ -->\n<title>Estonya \u00c7al\u0131\u015fma \u0130zni Vizesi - Estonya Vize - MyVize<\/title>\n<meta name=\"description\" content=\"Estonya \u00e7al\u0131\u015fma izni vizesi i\u00e7in gerekli g\u00fcncel evrak listesi. Estonya \u00e7al\u0131\u015fma izni vizesi ba\u015fvurusunda dikkat edilmesi gereken \u015fartlar.\" \/>\n<meta name=\"robots\" content=\"index, follow, max-snippet:-1, max-image-preview:large, max-video-preview:-1\" \/>\n<link rel=\"canonical\" href=\"https:\/\/www.myvize.com.tr\/estonya\/vize-islemleri\/estonya-calisma-izni\/\" \/>\n<meta property=\"og:locale\" content=\"tr_TR\" \/>\n<meta property=\"og:type\" content=\"article\" \/>\n<meta property=\"og:title\" content=\"Estonya \u00c7al\u0131\u015fma \u0130zni Vizesi - Estonya Vize - MyVize\" \/>\n<meta property=\"og:description\" content=\"Estonya \u00e7al\u0131\u015fma izni vizesi i\u00e7in gerekli g\u00fcncel evrak listesi. Estonya \u00e7al\u0131\u015fma izni vizesi ba\u015fvurusunda dikkat edilmesi gereken \u015fartlar.\" \/>\n<meta property=\"og:url\" content=\"https:\/\/www.myvize.com.tr\/estonya\/vize-islemleri\/estonya-calisma-izni\/\" \/>\n<meta property=\"og:site_name\" content=\"Estonya Vizesi\" \/>\n<meta property=\"article:modified_time\" content=\"2022-04-07T10:57:56+00:00\" \/>\n<meta property=\"og:image\" content=\"https:\/\/www.myvize.com.tr\/estonya\/wp-content\/uploads\/2021\/10\/17.jpg\" \/>\n<meta name=\"twitter:card\" content=\"summary_large_image\" \/>\n<meta name=\"twitter:label1\" content=\"Tahmini okuma s\u00fcresi\" \/>\n\t<meta name=\"twitter:data1\" content=\"3 dakika\" \/>\n<script type=\"application\/ld+json\" class=\"yoast-schema-graph\">{\"@context\":\"https:\/\/schema.org\",\"@graph\":[{\"@type\":\"WebPage\",\"@id\":\"https:\/\/www.myvize.com.tr\/estonya\/vize-islemleri\/estonya-calisma-izni\/\",\"url\":\"https:\/\/www.myvize.com.tr\/estonya\/vize-islemleri\/estonya-calisma-izni\/\",\"name\":\"Estonya \u00c7al\u0131\u015fma \u0130zni Vizesi - Estonya Vize - MyVize\",\"isPartOf\":{\"@id\":\"https:\/\/www.myvize.com.tr\/estonya\/#website\"},\"primaryImageOfPage\":{\"@id\":\"https:\/\/www.myvize.com.tr\/estonya\/vize-islemleri\/estonya-calisma-izni\/#primaryimage\"},\"image\":{\"@id\":\"https:\/\/www.myvize.com.tr\/estonya\/vize-islemleri\/estonya-calisma-izni\/#primaryimage\"},\"thumbnailUrl\":\"https:\/\/www.myvize.com.tr\/estonya\/wp-content\/uploads\/2021\/10\/17.jpg\",\"datePublished\":\"2020-11-30T09:47:27+00:00\",\"dateModified\":\"2022-04-07T10:57:56+00:00\",\"description\":\"Estonya \u00e7al\u0131\u015fma izni vizesi i\u00e7in gerekli g\u00fcncel evrak listesi. Estonya \u00e7al\u0131\u015fma izni vizesi ba\u015fvurusunda dikkat edilmesi gereken \u015fartlar.\",\"breadcrumb\":{\"@id\":\"https:\/\/www.myvize.com.tr\/estonya\/vize-islemleri\/estonya-calisma-izni\/#breadcrumb\"},\"inLanguage\":\"tr\",\"potentialAction\":[{\"@type\":\"ReadAction\",\"target\":[\"https:\/\/www.myvize.com.tr\/estonya\/vize-islemleri\/estonya-calisma-izni\/\"]}]},{\"@type\":\"ImageObject\",\"inLanguage\":\"tr\",\"@id\":\"https:\/\/www.myvize.com.tr\/estonya\/vize-islemleri\/estonya-calisma-izni\/#primaryimage\",\"url\":\"https:\/\/www.myvize.com.tr\/estonya\/wp-content\/uploads\/2021\/10\/17.jpg\",\"contentUrl\":\"https:\/\/www.myvize.com.tr\/estonya\/wp-content\/uploads\/2021\/10\/17.jpg\",\"width\":800,\"height\":500,\"caption\":\"Estonya \u00c7al\u0131\u015fma \u0130zni\"},{\"@type\":\"BreadcrumbList\",\"@id\":\"https:\/\/www.myvize.com.tr\/estonya\/vize-islemleri\/estonya-calisma-izni\/#breadcrumb\",\"itemListElement\":[{\"@type\":\"ListItem\",\"position\":1,\"name\":\"Anasayfa\",\"item\":\"https:\/\/www.myvize.com.tr\/estonya\/\"},{\"@type\":\"ListItem\",\"position\":2,\"name\":\"V\u0130ZE \u0130\u015eLEMLER\u0130\",\"item\":\"https:\/\/www.myvize.com.tr\/estonya\/vize-islemleri\/\"},{\"@type\":\"ListItem\",\"position\":3,\"name\":\"Estonya \u00c7al\u0131\u015fma \u0130zni\"}]},{\"@type\":\"WebSite\",\"@id\":\"https:\/\/www.myvize.com.tr\/estonya\/#website\",\"url\":\"https:\/\/www.myvize.com.tr\/estonya\/\",\"name\":\"Estonya Vizesi\",\"description\":\"\",\"potentialAction\":[{\"@type\":\"SearchAction\",\"target\":{\"@type\":\"EntryPoint\",\"urlTemplate\":\"https:\/\/www.myvize.com.tr\/estonya\/?s={search_term_string}\"},\"query-input\":{\"@type\":\"PropertyValueSpecification\",\"valueRequired\":true,\"valueName\":\"search_term_string\"}}],\"inLanguage\":\"tr\"}]}<\/script>\n<!-- \/ Yoast SEO plugin. -->","yoast_head_json":{"title":"Estonya \u00c7al\u0131\u015fma \u0130zni Vizesi - Estonya Vize - MyVize","description":"Estonya \u00e7al\u0131\u015fma izni vizesi i\u00e7in gerekli g\u00fcncel evrak listesi. Estonya \u00e7al\u0131\u015fma izni vizesi ba\u015fvurusunda dikkat edilmesi gereken \u015fartlar.","robots":{"index":"index","follow":"follow","max-snippet":"max-snippet:-1","max-image-preview":"max-image-preview:large","max-video-preview":"max-video-preview:-1"},"canonical":"https:\/\/www.myvize.com.tr\/estonya\/vize-islemleri\/estonya-calisma-izni\/","og_locale":"tr_TR","og_type":"article","og_title":"Estonya \u00c7al\u0131\u015fma \u0130zni Vizesi - Estonya Vize - MyVize","og_description":"Estonya \u00e7al\u0131\u015fma izni vizesi i\u00e7in gerekli g\u00fcncel evrak listesi. Estonya \u00e7al\u0131\u015fma izni vizesi ba\u015fvurusunda dikkat edilmesi gereken \u015fartlar.","og_url":"https:\/\/www.myvize.com.tr\/estonya\/vize-islemleri\/estonya-calisma-izni\/","og_site_name":"Estonya Vizesi","article_modified_time":"2022-04-07T10:57:56+00:00","og_image":[{"url":"https:\/\/www.myvize.com.tr\/estonya\/wp-content\/uploads\/2021\/10\/17.jpg","type":"","width":"","height":""}],"twitter_card":"summary_large_image","twitter_misc":{"Tahmini okuma s\u00fcresi":"3 dakika"},"schema":{"@context":"https:\/\/schema.org","@graph":[{"@type":"WebPage","@id":"https:\/\/www.myvize.com.tr\/estonya\/vize-islemleri\/estonya-calisma-izni\/","url":"https:\/\/www.myvize.com.tr\/estonya\/vize-islemleri\/estonya-calisma-izni\/","name":"Estonya \u00c7al\u0131\u015fma \u0130zni Vizesi - Estonya Vize - MyVize","isPartOf":{"@id":"https:\/\/www.myvize.com.tr\/estonya\/#website"},"primaryImageOfPage":{"@id":"https:\/\/www.myvize.com.tr\/estonya\/vize-islemleri\/estonya-calisma-izni\/#primaryimage"},"image":{"@id":"https:\/\/www.myvize.com.tr\/estonya\/vize-islemleri\/estonya-calisma-izni\/#primaryimage"},"thumbnailUrl":"https:\/\/www.myvize.com.tr\/estonya\/wp-content\/uploads\/2021\/10\/17.jpg","datePublished":"2020-11-30T09:47:27+00:00","dateModified":"2022-04-07T10:57:56+00:00","description":"Estonya \u00e7al\u0131\u015fma izni vizesi i\u00e7in gerekli g\u00fcncel evrak listesi. Estonya \u00e7al\u0131\u015fma izni vizesi ba\u015fvurusunda dikkat edilmesi gereken \u015fartlar.","breadcrumb":{"@id":"https:\/\/www.myvize.com.tr\/estonya\/vize-islemleri\/estonya-calisma-izni\/#breadcrumb"},"inLanguage":"tr","potentialAction":[{"@type":"ReadAction","target":["https:\/\/www.myvize.com.tr\/estonya\/vize-islemleri\/estonya-calisma-izni\/"]}]},{"@type":"ImageObject","inLanguage":"tr","@id":"https:\/\/www.myvize.com.tr\/estonya\/vize-islemleri\/estonya-calisma-izni\/#primaryimage","url":"https:\/\/www.myvize.com.tr\/estonya\/wp-content\/uploads\/2021\/10\/17.jpg","contentUrl":"https:\/\/www.myvize.com.tr\/estonya\/wp-content\/uploads\/2021\/10\/17.jpg","width":800,"height":500,"caption":"Estonya \u00c7al\u0131\u015fma \u0130zni"},{"@type":"BreadcrumbList","@id":"https:\/\/www.myvize.com.tr\/estonya\/vize-islemleri\/estonya-calisma-izni\/#breadcrumb","itemListElement":[{"@type":"ListItem","position":1,"name":"Anasayfa","item":"https:\/\/www.myvize.com.tr\/estonya\/"},{"@type":"ListItem","position":2,"name":"V\u0130ZE \u0130\u015eLEMLER\u0130","item":"https:\/\/www.myvize.com.tr\/estonya\/vize-islemleri\/"},{"@type":"ListItem","position":3,"name":"Estonya \u00c7al\u0131\u015fma \u0130zni"}]},{"@type":"WebSite","@id":"https:\/\/www.myvize.com.tr\/estonya\/#website","url":"https:\/\/www.myvize.com.tr\/estonya\/","name":"Estonya Vizesi","description":"","potentialAction":[{"@type":"SearchAction","target":{"@type":"EntryPoint","urlTemplate":"https:\/\/www.myvize.com.tr\/estonya\/?s={search_term_string}"},"query-input":{"@type":"PropertyValueSpecification","valueRequired":true,"valueName":"search_term_string"}}],"inLanguage":"tr"}]}},"_links":{"self":[{"href":"https:\/\/www.myvize.com.tr\/estonya\/wp-json\/wp\/v2\/pages\/43","targetHints":{"allow":["GET"]}}],"collection":[{"href":"https:\/\/www.myvize.com.tr\/estonya\/wp-json\/wp\/v2\/pages"}],"about":[{"href":"https:\/\/www.myvize.com.tr\/estonya\/wp-json\/wp\/v2\/types\/page"}],"author":[{"embeddable":true,"href":"https:\/\/www.myvize.com.tr\/estonya\/wp-json\/wp\/v2\/users\/1"}],"replies":[{"embeddable":true,"href":"https:\/\/www.myvize.com.tr\/estonya\/wp-json\/wp\/v2\/comments?post=43"}],"version-history":[{"count":12,"href":"https:\/\/www.myvize.com.tr\/estonya\/wp-json\/wp\/v2\/pages\/43\/revisions"}],"predecessor-version":[{"id":732,"href":"https:\/\/www.myvize.com.tr\/estonya\/wp-json\/wp\/v2\/pages\/43\/revisions\/732"}],"up":[{"embeddable":true,"href":"https:\/\/www.myvize.com.tr\/estonya\/wp-json\/wp\/v2\/pages\/18"}],"wp:attachment":[{"href":"https:\/\/www.myvize.com.tr\/estonya\/wp-json\/wp\/v2\/media?parent=43"}],"curies":[{"name":"wp","href":"https:\/\/api.w.org\/{rel}","templated":true}]}}