{"id":45,"date":"2020-11-30T12:47:57","date_gmt":"2020-11-30T09:47:57","guid":{"rendered":"https:\/\/www.myvize.com.tr\/estonya\/?page_id=45"},"modified":"2022-04-07T13:58:27","modified_gmt":"2022-04-07T10:58:27","slug":"estonya-oturum-izni","status":"publish","type":"page","link":"https:\/\/www.myvize.com.tr\/estonya\/vize-islemleri\/estonya-oturum-izni\/","title":{"rendered":"Estonya Oturum \u0130zni"},"content":{"rendered":"<p><span style=\"font-family: Roboto; font-size: 14px;\"><strong>Estonya oturum izni<\/strong> alabilmek i\u00e7in \u00f6ncelikle amaclara uygun olarak uzun s\u00fcre vize almak gerekir. Bunun i\u00e7in de 3 aydan uzun s\u00fcreli \u00e7al\u0131\u015fma vize al\u0131nmal\u0131d\u0131r. <strong>Estonya \u00e7al\u0131\u015fma vize<\/strong> al\u0131nd\u0131\u011f\u0131 zaman<strong> Schengen \u00e7al\u0131\u015fma vize<\/strong> ile birlikte oturum hakk\u0131n\u0131 da alm\u0131\u015f olursunuz. Bu vize ile beraber Schengen \u00fclkesi aras\u0131nda rahatl\u0131kla dola\u015f\u0131m yap\u0131labilmektedir.<\/span><br \/>\n<span style=\"font-family: Roboto; font-size: 14px;\">Estonya oturum vizesini almak i\u00e7in istenen t\u00fcm belgeler tamamlan\u0131p vize \u00fccretleri \u00f6dendikten sonra Ba\u015fkonsolosluk veya \u00a0Estonya B\u00fcy\u00fckel\u00e7ili\u011fine belgeler teslim edilmeli.<strong> oturum vizesi<\/strong> almak i\u00e7in ba\u015fvuru formunu b\u00fcy\u00fck harfle ve el yaz\u0131s\u0131 ile doldurulmal\u0131. En az 10 y\u0131l ge\u00e7erli olan pasaport ve kimlik fotokopisi ile birlikte 2 adet biyometrik foto\u011fraf gerekli. Ba\u015fvuru sahibinin ve ailesi bilgisini i\u00e7eren tam vukuat n\u00fcfus kay\u0131t\u0131 \u00f6rne\u011fi al\u0131nmal\u0131d\u0131r. Ayr\u0131ca son 90 g\u00fcne ait banka hesab\u0131 bilgisi ve varsa ek hesap da detayl\u0131 olarak belgelendirilmeli. En az 30 bin Euro teminat olan seyahat sa\u011fl\u0131k sigortas\u0131 \u015fart\u0131yla birlikte \u00e7al\u0131\u015f\u0131lacak firmaya dair s\u00f6zle\u015fme veya \u00e7al\u0131\u015fma davetleri gereklidir. <span style=\"color: #2acec2;\"><strong><a style=\"color: #2acec2;\" href=\"https:\/\/www.myvize.com.tr\/estonya\/vize-islemleri\/estonya-vizesi\/\" target=\"_blank\" rel=\"noopener\">Estonya vizesi <\/a><\/strong><\/span>fiyat\u0131 fark\u0131 vize \u00e7e\u015fidine g\u00f6re de\u011fi\u015fir.\u00a0<\/span><\/p>\n<p><span style=\"font-family: Roboto; font-size: 14px;\"><span style=\"color: #2acec2;\"><strong><a style=\"color: #2acec2;\" href=\"https:\/\/www.myvize.com.tr\/estonya\/vatandaslik\/estonya-vatandaslik-islemleri\/\" target=\"_blank\" rel=\"noopener\">Estonya Vatanda\u015fl\u0131k \u0130\u015flemleri<\/a><\/strong><\/span> ile ilgili bilgi almak i\u00e7in bizi aray\u0131n.<\/span><\/p>\n<p><img decoding=\"async\" src=\"https:\/\/www.myvize.com.tr\/estonya\/wp-content\/uploads\/2021\/10\/18.jpg\" \/><\/p>\n<h2><strong><span style=\"font-family: Roboto; font-size: 27px;\">Estonya Oturum \u0130zni Hakk\u0131nda<\/span><\/strong><\/h2>\n<p><span style=\"font-family: Roboto; font-size: 14px;\">Estonya\u2019da 90 g\u00fcnden fala ikamet etmek isteyen T\u00fcrk vatanda\u015flar\u0131n\u0131n <strong>Estonya oturum izni<\/strong> almas\u0131 gerekmektedir. Estonya oturum izni alacak olan ki\u015filer herhangi bir devlet deste\u011fi olmadan, Estonya\u2019daki ya\u015fam\u0131n\u0131 idame ettirmesi gerekmektedir. Ayr\u0131ca Estonya\u2019n\u0131n resmi dili olan Estoncay\u0131 iyi bir \u015fekilde bilmesi gerekmektedir.<\/span><\/p>\n<p><span style=\"font-family: Roboto; font-size: 14px;\"><strong>Estonya oturum izni<\/strong> iki \u015fekildedir. Bunlar; ge\u00e7ici Estonya oturum izni ve Estonya kal\u0131c\u0131 oturum iznidir. Estonya ge\u00e7ici oturum izni 90 g\u00fcnden 8 y\u0131la kadar verilebilmektedir. Estonya ge\u00e7ici oturum izni alacak olan ki\u015filer, e\u015f ve \u00e7ocuklar\u0131 i\u00e7in de oturum izni alabilmektedir. <strong>Estonya ge\u00e7ici oturum izni<\/strong> alan ki\u015filer gerekli \u015fartlar\u0131 yerine getirmesi durumunda Estonya kal\u0131c\u0131 oturum izni alabilir.<\/span><\/p>\n<p><span style=\"font-family: Roboto; font-size: 14px;\"><strong>Estonya kal\u0131c\u0131 oturum izinleri<\/strong> ba\u015fvurular\u0131 8 y\u0131l ge\u00e7ici oturum izni al\u0131p bu s\u00fcreyi tamamlayan ki\u015filere verilmektedir. Estonya kal\u0131c\u0131 oturum izni se\u00e7me ve se\u00e7ilme hakk\u0131nda d\u0131\u015f\u0131nda, Estonya vatanda\u015flar\u0131n\u0131n yararland\u0131\u011f\u0131 haklar\u0131 vermektedir. Estonya, yat\u0131r\u0131mc\u0131, giri\u015fimci ve y\u00fcksek vas\u0131fl\u0131 ki\u015filerin, Estonya \u00e7al\u0131\u015fma ve oturum izni alabilmektedir.<\/span><\/p>\n<p><span style=\"font-family: Roboto; font-size: 14px;\">Kar amac\u0131 g\u00fctmeyen ve Estonya\u2019da g\u00f6n\u00fcll\u00fc olarak \u00e7al\u0131\u015facak olan T\u00fcrk vatanda\u015flar\u0131 da <strong>Estonya oturum izni<\/strong> alabilmektedir.<\/span><\/p>\n","protected":false},"excerpt":{"rendered":"<p>Estonya oturum izni alabilmek i\u00e7in \u00f6ncelikle amaclara uygun olarak uzun s\u00fcre vize almak gerekir. Bunun i\u00e7in de 3 aydan uzun s\u00fcreli \u00e7al\u0131\u015fma vize al\u0131nmal\u0131d\u0131r. Estonya \u00e7al\u0131\u015fma vize al\u0131nd\u0131\u011f\u0131 zaman Schengen \u00e7al\u0131\u015fma vize ile birlikte oturum hakk\u0131n\u0131 da alm\u0131\u015f olursunuz. Bu vize ile beraber Schengen \u00fclkesi aras\u0131nda rahatl\u0131kla dola\u015f\u0131m yap\u0131labilmektedir. Estonya oturum vizesini almak i\u00e7in istenen<\/p>\n","protected":false},"author":1,"featured_media":0,"parent":18,"menu_order":0,"comment_status":"open","ping_status":"closed","template":"","meta":{"footnotes":""},"class_list":["post-45","page","type-page","status-publish","hentry"],"yoast_head":"<!-- This site is optimized with the Yoast SEO plugin v24.0 - https:\/\/yoast.com\/wordpress\/plugins\/seo\/ -->\n<title>Estonya Oturum \u0130zni Vizesi - Estonya Vize - MyVize<\/title>\n<meta name=\"description\" content=\"Estonya oturum vizesi gerekli evrak listesi 2022. Estonya oturum vizesi nas\u0131l al\u0131n\u0131r? Estonya oturum vizesine dair her \u015fey.\" \/>\n<meta name=\"robots\" content=\"index, follow, max-snippet:-1, max-image-preview:large, max-video-preview:-1\" \/>\n<link rel=\"canonical\" href=\"https:\/\/www.myvize.com.tr\/estonya\/vize-islemleri\/estonya-oturum-izni\/\" \/>\n<meta property=\"og:locale\" content=\"tr_TR\" \/>\n<meta property=\"og:type\" content=\"article\" \/>\n<meta property=\"og:title\" content=\"Estonya Oturum \u0130zni Vizesi - Estonya Vize - MyVize\" \/>\n<meta property=\"og:description\" content=\"Estonya oturum vizesi gerekli evrak listesi 2022. Estonya oturum vizesi nas\u0131l al\u0131n\u0131r? Estonya oturum vizesine dair her \u015fey.\" \/>\n<meta property=\"og:url\" content=\"https:\/\/www.myvize.com.tr\/estonya\/vize-islemleri\/estonya-oturum-izni\/\" \/>\n<meta property=\"og:site_name\" content=\"Estonya Vizesi\" \/>\n<meta property=\"article:modified_time\" content=\"2022-04-07T10:58:27+00:00\" \/>\n<meta property=\"og:image\" content=\"https:\/\/www.myvize.com.tr\/estonya\/wp-content\/uploads\/2021\/10\/18.jpg\" \/>\n<meta name=\"twitter:card\" content=\"summary_large_image\" \/>\n<meta name=\"twitter:label1\" content=\"Tahmini okuma s\u00fcresi\" \/>\n\t<meta name=\"twitter:data1\" content=\"2 dakika\" \/>\n<script type=\"application\/ld+json\" class=\"yoast-schema-graph\">{\"@context\":\"https:\/\/schema.org\",\"@graph\":[{\"@type\":\"WebPage\",\"@id\":\"https:\/\/www.myvize.com.tr\/estonya\/vize-islemleri\/estonya-oturum-izni\/\",\"url\":\"https:\/\/www.myvize.com.tr\/estonya\/vize-islemleri\/estonya-oturum-izni\/\",\"name\":\"Estonya Oturum \u0130zni Vizesi - Estonya Vize - MyVize\",\"isPartOf\":{\"@id\":\"https:\/\/www.myvize.com.tr\/estonya\/#website\"},\"primaryImageOfPage\":{\"@id\":\"https:\/\/www.myvize.com.tr\/estonya\/vize-islemleri\/estonya-oturum-izni\/#primaryimage\"},\"image\":{\"@id\":\"https:\/\/www.myvize.com.tr\/estonya\/vize-islemleri\/estonya-oturum-izni\/#primaryimage\"},\"thumbnailUrl\":\"https:\/\/www.myvize.com.tr\/estonya\/wp-content\/uploads\/2021\/10\/18.jpg\",\"datePublished\":\"2020-11-30T09:47:57+00:00\",\"dateModified\":\"2022-04-07T10:58:27+00:00\",\"description\":\"Estonya oturum vizesi gerekli evrak listesi 2022. Estonya oturum vizesi nas\u0131l al\u0131n\u0131r? Estonya oturum vizesine dair her \u015fey.\",\"breadcrumb\":{\"@id\":\"https:\/\/www.myvize.com.tr\/estonya\/vize-islemleri\/estonya-oturum-izni\/#breadcrumb\"},\"inLanguage\":\"tr\",\"potentialAction\":[{\"@type\":\"ReadAction\",\"target\":[\"https:\/\/www.myvize.com.tr\/estonya\/vize-islemleri\/estonya-oturum-izni\/\"]}]},{\"@type\":\"ImageObject\",\"inLanguage\":\"tr\",\"@id\":\"https:\/\/www.myvize.com.tr\/estonya\/vize-islemleri\/estonya-oturum-izni\/#primaryimage\",\"url\":\"https:\/\/www.myvize.com.tr\/estonya\/wp-content\/uploads\/2021\/10\/18.jpg\",\"contentUrl\":\"https:\/\/www.myvize.com.tr\/estonya\/wp-content\/uploads\/2021\/10\/18.jpg\",\"width\":800,\"height\":500,\"caption\":\"Estonya Oturum \u0130zni\"},{\"@type\":\"BreadcrumbList\",\"@id\":\"https:\/\/www.myvize.com.tr\/estonya\/vize-islemleri\/estonya-oturum-izni\/#breadcrumb\",\"itemListElement\":[{\"@type\":\"ListItem\",\"position\":1,\"name\":\"Anasayfa\",\"item\":\"https:\/\/www.myvize.com.tr\/estonya\/\"},{\"@type\":\"ListItem\",\"position\":2,\"name\":\"V\u0130ZE \u0130\u015eLEMLER\u0130\",\"item\":\"https:\/\/www.myvize.com.tr\/estonya\/vize-islemleri\/\"},{\"@type\":\"ListItem\",\"position\":3,\"name\":\"Estonya Oturum \u0130zni\"}]},{\"@type\":\"WebSite\",\"@id\":\"https:\/\/www.myvize.com.tr\/estonya\/#website\",\"url\":\"https:\/\/www.myvize.com.tr\/estonya\/\",\"name\":\"Estonya Vizesi\",\"description\":\"\",\"potentialAction\":[{\"@type\":\"SearchAction\",\"target\":{\"@type\":\"EntryPoint\",\"urlTemplate\":\"https:\/\/www.myvize.com.tr\/estonya\/?s={search_term_string}\"},\"query-input\":{\"@type\":\"PropertyValueSpecification\",\"valueRequired\":true,\"valueName\":\"search_term_string\"}}],\"inLanguage\":\"tr\"}]}<\/script>\n<!-- \/ Yoast SEO plugin. -->","yoast_head_json":{"title":"Estonya Oturum \u0130zni Vizesi - Estonya Vize - MyVize","description":"Estonya oturum vizesi gerekli evrak listesi 2022. Estonya oturum vizesi nas\u0131l al\u0131n\u0131r? Estonya oturum vizesine dair her \u015fey.","robots":{"index":"index","follow":"follow","max-snippet":"max-snippet:-1","max-image-preview":"max-image-preview:large","max-video-preview":"max-video-preview:-1"},"canonical":"https:\/\/www.myvize.com.tr\/estonya\/vize-islemleri\/estonya-oturum-izni\/","og_locale":"tr_TR","og_type":"article","og_title":"Estonya Oturum \u0130zni Vizesi - Estonya Vize - MyVize","og_description":"Estonya oturum vizesi gerekli evrak listesi 2022. Estonya oturum vizesi nas\u0131l al\u0131n\u0131r? Estonya oturum vizesine dair her \u015fey.","og_url":"https:\/\/www.myvize.com.tr\/estonya\/vize-islemleri\/estonya-oturum-izni\/","og_site_name":"Estonya Vizesi","article_modified_time":"2022-04-07T10:58:27+00:00","og_image":[{"url":"https:\/\/www.myvize.com.tr\/estonya\/wp-content\/uploads\/2021\/10\/18.jpg","type":"","width":"","height":""}],"twitter_card":"summary_large_image","twitter_misc":{"Tahmini okuma s\u00fcresi":"2 dakika"},"schema":{"@context":"https:\/\/schema.org","@graph":[{"@type":"WebPage","@id":"https:\/\/www.myvize.com.tr\/estonya\/vize-islemleri\/estonya-oturum-izni\/","url":"https:\/\/www.myvize.com.tr\/estonya\/vize-islemleri\/estonya-oturum-izni\/","name":"Estonya Oturum \u0130zni Vizesi - Estonya Vize - MyVize","isPartOf":{"@id":"https:\/\/www.myvize.com.tr\/estonya\/#website"},"primaryImageOfPage":{"@id":"https:\/\/www.myvize.com.tr\/estonya\/vize-islemleri\/estonya-oturum-izni\/#primaryimage"},"image":{"@id":"https:\/\/www.myvize.com.tr\/estonya\/vize-islemleri\/estonya-oturum-izni\/#primaryimage"},"thumbnailUrl":"https:\/\/www.myvize.com.tr\/estonya\/wp-content\/uploads\/2021\/10\/18.jpg","datePublished":"2020-11-30T09:47:57+00:00","dateModified":"2022-04-07T10:58:27+00:00","description":"Estonya oturum vizesi gerekli evrak listesi 2022. Estonya oturum vizesi nas\u0131l al\u0131n\u0131r? Estonya oturum vizesine dair her \u015fey.","breadcrumb":{"@id":"https:\/\/www.myvize.com.tr\/estonya\/vize-islemleri\/estonya-oturum-izni\/#breadcrumb"},"inLanguage":"tr","potentialAction":[{"@type":"ReadAction","target":["https:\/\/www.myvize.com.tr\/estonya\/vize-islemleri\/estonya-oturum-izni\/"]}]},{"@type":"ImageObject","inLanguage":"tr","@id":"https:\/\/www.myvize.com.tr\/estonya\/vize-islemleri\/estonya-oturum-izni\/#primaryimage","url":"https:\/\/www.myvize.com.tr\/estonya\/wp-content\/uploads\/2021\/10\/18.jpg","contentUrl":"https:\/\/www.myvize.com.tr\/estonya\/wp-content\/uploads\/2021\/10\/18.jpg","width":800,"height":500,"caption":"Estonya Oturum \u0130zni"},{"@type":"BreadcrumbList","@id":"https:\/\/www.myvize.com.tr\/estonya\/vize-islemleri\/estonya-oturum-izni\/#breadcrumb","itemListElement":[{"@type":"ListItem","position":1,"name":"Anasayfa","item":"https:\/\/www.myvize.com.tr\/estonya\/"},{"@type":"ListItem","position":2,"name":"V\u0130ZE \u0130\u015eLEMLER\u0130","item":"https:\/\/www.myvize.com.tr\/estonya\/vize-islemleri\/"},{"@type":"ListItem","position":3,"name":"Estonya Oturum \u0130zni"}]},{"@type":"WebSite","@id":"https:\/\/www.myvize.com.tr\/estonya\/#website","url":"https:\/\/www.myvize.com.tr\/estonya\/","name":"Estonya Vizesi","description":"","potentialAction":[{"@type":"SearchAction","target":{"@type":"EntryPoint","urlTemplate":"https:\/\/www.myvize.com.tr\/estonya\/?s={search_term_string}"},"query-input":{"@type":"PropertyValueSpecification","valueRequired":true,"valueName":"search_term_string"}}],"inLanguage":"tr"}]}},"_links":{"self":[{"href":"https:\/\/www.myvize.com.tr\/estonya\/wp-json\/wp\/v2\/pages\/45","targetHints":{"allow":["GET"]}}],"collection":[{"href":"https:\/\/www.myvize.com.tr\/estonya\/wp-json\/wp\/v2\/pages"}],"about":[{"href":"https:\/\/www.myvize.com.tr\/estonya\/wp-json\/wp\/v2\/types\/page"}],"author":[{"embeddable":true,"href":"https:\/\/www.myvize.com.tr\/estonya\/wp-json\/wp\/v2\/users\/1"}],"replies":[{"embeddable":true,"href":"https:\/\/www.myvize.com.tr\/estonya\/wp-json\/wp\/v2\/comments?post=45"}],"version-history":[{"count":7,"href":"https:\/\/www.myvize.com.tr\/estonya\/wp-json\/wp\/v2\/pages\/45\/revisions"}],"predecessor-version":[{"id":733,"href":"https:\/\/www.myvize.com.tr\/estonya\/wp-json\/wp\/v2\/pages\/45\/revisions\/733"}],"up":[{"embeddable":true,"href":"https:\/\/www.myvize.com.tr\/estonya\/wp-json\/wp\/v2\/pages\/18"}],"wp:attachment":[{"href":"https:\/\/www.myvize.com.tr\/estonya\/wp-json\/wp\/v2\/media?parent=45"}],"curies":[{"name":"wp","href":"https:\/\/api.w.org\/{rel}","templated":true}]}}