{"id":49,"date":"2020-11-30T12:48:56","date_gmt":"2020-11-30T09:48:56","guid":{"rendered":"https:\/\/www.myvize.com.tr\/estonya\/?page_id=49"},"modified":"2022-04-07T14:01:10","modified_gmt":"2022-04-07T11:01:10","slug":"estonya-vize-reddi","status":"publish","type":"page","link":"https:\/\/www.myvize.com.tr\/estonya\/vize-islemleri\/estonya-vize-reddi\/","title":{"rendered":"Estonya Vize Reddi"},"content":{"rendered":"<h2><strong><span style=\"font-family: Roboto; font-size: 27px;\">Estonya Vize Reddi Hakk\u0131nda<\/span><\/strong><\/h2>\n<p><span style=\"font-family: Roboto; font-size: 14px;\">Estonya\u2019ya seyahat edecek olan T\u00fcrk vatanda\u015flar\u0131, <strong>Estonya vize ba\u015fvurusu<\/strong> yapmal\u0131d\u0131r. Estonya\u2019ya seyahat edecek olan Hizmet, Hususi ve Diplomatik Pasaport sahiplerinin ise Estonya vizesinden muaft\u0131r. <strong>Estonya vizesi<\/strong> alacak olan ki\u015filerin, <strong>Estonya vize ba\u015fvurular\u0131<\/strong> b\u00fcy\u00fck oranda kabul edilmektedir. Ancak vize ba\u015fvurular\u0131 baz\u0131 durumlarda reddedilmektedir. Estonya vize ba\u015fvurular\u0131 genellikle a\u015fa\u011f\u0131daki durumlarda reddedilmektedir.<\/span><\/p>\n<ul>\n<li><span style=\"font-family: Roboto; font-size: 14px;\"><strong>Belgelerden Kaynakl\u0131:\u00a0<\/strong>Estonya vize ba\u015fvurular\u0131 s\u0131ras\u0131nda istenen belgelerin y\u0131pranmam\u0131\u015f ve g\u00fcncel olmas\u0131 gerekmektedir. Ayr\u0131ca ba\u015fvurular s\u0131ras\u0131nda istenen belgelerin eksiksiz olmas\u0131 gerekmektedir.<strong> Estonya Konsoloslu\u011fu<\/strong> vize ba\u015fvurular\u0131 s\u0131ras\u0131nda kimseye bir ayr\u0131cal\u0131k tan\u0131mamaktad\u0131r.<\/span><\/li>\n<li><span style=\"font-family: Roboto; font-size: 14px;\"><strong>Seyahat Sa\u011fl\u0131k Sigortas\u0131:<\/strong>\u00a0Estonya\u2019ya seyahat edecek olan T\u00fcrk vatanda\u015flar\u0131n\u0131n seyahatleri s\u0131ras\u0131nda, ba\u015flar\u0131na gelebilecek herhangi bir sa\u011fl\u0131k durumunda kullan\u0131lmas\u0131 i\u00e7in Seyahat Sa\u011fl\u0131k Sigortas\u0131 yapt\u0131rmal\u0131d\u0131r. Yapt\u0131r\u0131lan Seyahat Sa\u011fl\u0131k Sigortas\u0131\u2019n\u0131n uluslararas\u0131 ge\u00e7erlili\u011fi olmal\u0131d\u0131r.<\/span><\/li>\n<li><span style=\"font-family: Roboto; font-size: 14px;\"><strong>Schengen Giri\u015f Yasa\u011f\u0131:<\/strong>\u00a0Estonya bir Schengen \u00fclkesidir. Estonya\u2019n\u0131n Schengen \u00fclkesi olmas\u0131ndan dolay\u0131 herhangi bir Schengen \u00fclkesine giri\u015f yasa\u011f\u0131n\u0131z var ise <strong>Estonya vize<\/strong> ba\u015fvurunuz reddedilebilmektedir.<\/span><\/li>\n<li><span style=\"font-family: Roboto; font-size: 14px;\"><strong>Finansal Nedenler:<\/strong>\u00a0Estonya seyahatiniz s\u0131ras\u0131nda masraflar\u0131n\u0131z\u0131 kar\u015f\u0131lamas\u0131 gerekmektedir. Estonya\u2019ya seyahat edecek olan T\u00fcrk vatanda\u015flar\u0131n\u0131n ekonomik yeterlili\u011fini kan\u0131tlamas\u0131 gerekmektedir.<\/span><\/li>\n<li><span style=\"font-family: Roboto; font-size: 14px;\"><strong>Sab\u0131ka Nedeni:<\/strong>\u00a0Sab\u0131kas\u0131 k\u00f6t\u00fc olan ki\u015filerin <strong>Estonya vize ba\u015fvurusu<\/strong> reddedilmektedir.<\/span><\/li>\n<\/ul>\n<h2><span style=\"font-family: Roboto; font-size: 27px;\"><strong>Estonya Vize Reddi \u0130tiraz<\/strong><\/span><\/h2>\n<p><span style=\"font-family: Roboto; font-size: 14px;\"><span style=\"color: #2acec2;\"><strong><a style=\"color: #2acec2;\" href=\"https:\/\/www.myvize.com.tr\/estonya\/vize-islemleri\/estonya-vizesi\/\" target=\"_blank\" rel=\"noopener\">Estonya vizesi<\/a><\/strong><\/span> ba\u015fvurusu reddedilen ki\u015finin ret karar\u0131na itiraz etme haklar\u0131 bulunmaktad\u0131r.<strong> Estonya vizesi<\/strong> ba\u015fvurusuna ret cevab\u0131 alan ki\u015fi eksik ya da yanl\u0131\u015f beyan edilmi\u015f olan evrak\u0131n\u0131 tamamlayarak<span style=\"color: #2acec2;\"><strong><a style=\"color: #2acec2;\" href=\"https:\/\/www.myvize.com.tr\/estonya\/konsolosluklar\/ankara-buyukelciligi\/\" target=\"_blank\" rel=\"noopener\"> Estonya Ankara B\u00fcy\u00fckel\u00e7ili\u011fi<\/a><\/strong><\/span> reddedilen vize ba\u015fvurusunun yeniden de\u011ferlendirilme talebi ile ba\u015fvuru yapabilir.<\/span><br \/>\n<span style=\"font-family: Roboto; font-size: 14px;\">2011 y\u0131l\u0131ndan itibar Estonya\u2019ya gelmek \u00fczere vize ba\u015fvuru yapan ki\u015finin olumsuz sonu\u00e7la kar\u015f\u0131la\u015fmas\u0131 ard\u0131ndan itiraz etme haklar\u0131na sahip olmas\u0131 m\u00fcmk\u00fcn k\u0131l\u0131nm\u0131\u015f. Ba\u015fvuru sahipleri ret yan\u0131t\u0131n\u0131 ald\u0131ktan sonra, bu s\u00fcre\u00e7te takip eden 1 ay i\u00e7inde ilgili temsilcili\u011fe yaz\u0131l\u0131 itiraz bildirisi yapmaktad\u0131r. Gerekli incelemesinin yap\u0131lmas\u0131 durumlar\u0131nda ret yan\u0131t\u0131n\u0131 analiz yetkili mercilere yap\u0131lacakt\u0131r.<\/span><br \/>\n<span style=\"font-family: Roboto; font-size: 14px;\">Konsolosluk vizesi departman\u0131 itirazlar\u0131 inceler ve karara var\u0131r. Konsolosluk eksik evrak\u0131n tamamlanmas\u0131 isteyebilir ve vize ba\u015fvurusu tekrar inceleyebilir. <strong>Vize reddi<\/strong> kararlar\u0131 kesinle\u015firse bu kesinle\u015fmi\u015f kararlar\u0131 temyiz hakk\u0131 bulunmaktad\u0131r.<\/span><br \/>\n<span style=\"font-family: Roboto; font-size: 14px;\"><strong>Estonya Konsoloslu\u011fu<\/strong> vize ba\u015fvurusu say\u0131s\u0131na s\u0131n\u0131rlama konulmamaktad\u0131r. <strong>Estonya vize ba\u015fvurusu<\/strong> reddedilen ki\u015filer yeniden ba\u015fvuru yapmadan \u00f6nce evraklar\u0131n tutarl\u0131l\u0131\u011f\u0131n\u0131 denetlemedir. <strong>Estonya vize ba\u015fvurusu<\/strong> bulunan ki\u015fi gerekli haz\u0131rl\u0131klar\u0131 tamamlamas\u0131 durumunda tekrar vize ba\u015fvurusu yap\u0131labilmekte. Tek seferlik hak bulunmamakta. \u0130stedi\u011finiz zamanda ret alan ba\u015fvurunuzu yenileyebilirsiniz.<\/span><\/p>\n<p><img decoding=\"async\" src=\"https:\/\/www.myvize.com.tr\/estonya\/wp-content\/uploads\/2021\/10\/20.jpg\" \/><\/p>\n","protected":false},"excerpt":{"rendered":"<p>Estonya Vize Reddi Hakk\u0131nda Estonya\u2019ya seyahat edecek olan T\u00fcrk vatanda\u015flar\u0131, Estonya vize ba\u015fvurusu yapmal\u0131d\u0131r. Estonya\u2019ya seyahat edecek olan Hizmet, Hususi ve Diplomatik Pasaport sahiplerinin ise Estonya vizesinden muaft\u0131r. Estonya vizesi alacak olan ki\u015filerin, Estonya vize ba\u015fvurular\u0131 b\u00fcy\u00fck oranda kabul edilmektedir. Ancak vize ba\u015fvurular\u0131 baz\u0131 durumlarda reddedilmektedir. Estonya vize ba\u015fvurular\u0131 genellikle a\u015fa\u011f\u0131daki durumlarda reddedilmektedir. Belgelerden Kaynakl\u0131:\u00a0Estonya<\/p>\n","protected":false},"author":1,"featured_media":0,"parent":18,"menu_order":0,"comment_status":"open","ping_status":"closed","template":"","meta":{"footnotes":""},"class_list":["post-49","page","type-page","status-publish","hentry"],"yoast_head":"<!-- This site is optimized with the Yoast SEO plugin v24.0 - https:\/\/yoast.com\/wordpress\/plugins\/seo\/ -->\n<title>Estonya Vize Reddi - Estonya Vizesi - MyVize<\/title>\n<meta name=\"description\" content=\"Estonya vizesi reddi alman\u0131zda ki sebepler neler? Estonya vize reddi i\u00e7in detayl\u0131 itiraz dilek\u00e7esi i\u00e7in ileti\u015fime ge\u00e7ebilirsiniz.\" \/>\n<meta name=\"robots\" content=\"index, follow, max-snippet:-1, max-image-preview:large, max-video-preview:-1\" \/>\n<link rel=\"canonical\" href=\"https:\/\/www.myvize.com.tr\/estonya\/vize-islemleri\/estonya-vize-reddi\/\" \/>\n<meta property=\"og:locale\" content=\"tr_TR\" \/>\n<meta property=\"og:type\" content=\"article\" \/>\n<meta property=\"og:title\" content=\"Estonya Vize Reddi - Estonya Vizesi - MyVize\" \/>\n<meta property=\"og:description\" content=\"Estonya vizesi reddi alman\u0131zda ki sebepler neler? Estonya vize reddi i\u00e7in detayl\u0131 itiraz dilek\u00e7esi i\u00e7in ileti\u015fime ge\u00e7ebilirsiniz.\" \/>\n<meta property=\"og:url\" content=\"https:\/\/www.myvize.com.tr\/estonya\/vize-islemleri\/estonya-vize-reddi\/\" \/>\n<meta property=\"og:site_name\" content=\"Estonya Vizesi\" \/>\n<meta property=\"article:modified_time\" content=\"2022-04-07T11:01:10+00:00\" \/>\n<meta property=\"og:image\" content=\"https:\/\/www.myvize.com.tr\/estonya\/wp-content\/uploads\/2021\/10\/20.jpg\" \/>\n<meta name=\"twitter:card\" content=\"summary_large_image\" \/>\n<meta name=\"twitter:label1\" content=\"Tahmini okuma s\u00fcresi\" \/>\n\t<meta name=\"twitter:data1\" content=\"2 dakika\" \/>\n<script type=\"application\/ld+json\" class=\"yoast-schema-graph\">{\"@context\":\"https:\/\/schema.org\",\"@graph\":[{\"@type\":\"WebPage\",\"@id\":\"https:\/\/www.myvize.com.tr\/estonya\/vize-islemleri\/estonya-vize-reddi\/\",\"url\":\"https:\/\/www.myvize.com.tr\/estonya\/vize-islemleri\/estonya-vize-reddi\/\",\"name\":\"Estonya Vize Reddi - Estonya Vizesi - MyVize\",\"isPartOf\":{\"@id\":\"https:\/\/www.myvize.com.tr\/estonya\/#website\"},\"primaryImageOfPage\":{\"@id\":\"https:\/\/www.myvize.com.tr\/estonya\/vize-islemleri\/estonya-vize-reddi\/#primaryimage\"},\"image\":{\"@id\":\"https:\/\/www.myvize.com.tr\/estonya\/vize-islemleri\/estonya-vize-reddi\/#primaryimage\"},\"thumbnailUrl\":\"https:\/\/www.myvize.com.tr\/estonya\/wp-content\/uploads\/2021\/10\/20.jpg\",\"datePublished\":\"2020-11-30T09:48:56+00:00\",\"dateModified\":\"2022-04-07T11:01:10+00:00\",\"description\":\"Estonya vizesi reddi alman\u0131zda ki sebepler neler? Estonya vize reddi i\u00e7in detayl\u0131 itiraz dilek\u00e7esi i\u00e7in ileti\u015fime ge\u00e7ebilirsiniz.\",\"breadcrumb\":{\"@id\":\"https:\/\/www.myvize.com.tr\/estonya\/vize-islemleri\/estonya-vize-reddi\/#breadcrumb\"},\"inLanguage\":\"tr\",\"potentialAction\":[{\"@type\":\"ReadAction\",\"target\":[\"https:\/\/www.myvize.com.tr\/estonya\/vize-islemleri\/estonya-vize-reddi\/\"]}]},{\"@type\":\"ImageObject\",\"inLanguage\":\"tr\",\"@id\":\"https:\/\/www.myvize.com.tr\/estonya\/vize-islemleri\/estonya-vize-reddi\/#primaryimage\",\"url\":\"https:\/\/www.myvize.com.tr\/estonya\/wp-content\/uploads\/2021\/10\/20.jpg\",\"contentUrl\":\"https:\/\/www.myvize.com.tr\/estonya\/wp-content\/uploads\/2021\/10\/20.jpg\",\"width\":800,\"height\":500,\"caption\":\"Estonya Vize Reddi\"},{\"@type\":\"BreadcrumbList\",\"@id\":\"https:\/\/www.myvize.com.tr\/estonya\/vize-islemleri\/estonya-vize-reddi\/#breadcrumb\",\"itemListElement\":[{\"@type\":\"ListItem\",\"position\":1,\"name\":\"Anasayfa\",\"item\":\"https:\/\/www.myvize.com.tr\/estonya\/\"},{\"@type\":\"ListItem\",\"position\":2,\"name\":\"V\u0130ZE \u0130\u015eLEMLER\u0130\",\"item\":\"https:\/\/www.myvize.com.tr\/estonya\/vize-islemleri\/\"},{\"@type\":\"ListItem\",\"position\":3,\"name\":\"Estonya Vize Reddi\"}]},{\"@type\":\"WebSite\",\"@id\":\"https:\/\/www.myvize.com.tr\/estonya\/#website\",\"url\":\"https:\/\/www.myvize.com.tr\/estonya\/\",\"name\":\"Estonya Vizesi\",\"description\":\"\",\"potentialAction\":[{\"@type\":\"SearchAction\",\"target\":{\"@type\":\"EntryPoint\",\"urlTemplate\":\"https:\/\/www.myvize.com.tr\/estonya\/?s={search_term_string}\"},\"query-input\":{\"@type\":\"PropertyValueSpecification\",\"valueRequired\":true,\"valueName\":\"search_term_string\"}}],\"inLanguage\":\"tr\"}]}<\/script>\n<!-- \/ Yoast SEO plugin. -->","yoast_head_json":{"title":"Estonya Vize Reddi - Estonya Vizesi - MyVize","description":"Estonya vizesi reddi alman\u0131zda ki sebepler neler? Estonya vize reddi i\u00e7in detayl\u0131 itiraz dilek\u00e7esi i\u00e7in ileti\u015fime ge\u00e7ebilirsiniz.","robots":{"index":"index","follow":"follow","max-snippet":"max-snippet:-1","max-image-preview":"max-image-preview:large","max-video-preview":"max-video-preview:-1"},"canonical":"https:\/\/www.myvize.com.tr\/estonya\/vize-islemleri\/estonya-vize-reddi\/","og_locale":"tr_TR","og_type":"article","og_title":"Estonya Vize Reddi - Estonya Vizesi - MyVize","og_description":"Estonya vizesi reddi alman\u0131zda ki sebepler neler? Estonya vize reddi i\u00e7in detayl\u0131 itiraz dilek\u00e7esi i\u00e7in ileti\u015fime ge\u00e7ebilirsiniz.","og_url":"https:\/\/www.myvize.com.tr\/estonya\/vize-islemleri\/estonya-vize-reddi\/","og_site_name":"Estonya Vizesi","article_modified_time":"2022-04-07T11:01:10+00:00","og_image":[{"url":"https:\/\/www.myvize.com.tr\/estonya\/wp-content\/uploads\/2021\/10\/20.jpg","type":"","width":"","height":""}],"twitter_card":"summary_large_image","twitter_misc":{"Tahmini okuma s\u00fcresi":"2 dakika"},"schema":{"@context":"https:\/\/schema.org","@graph":[{"@type":"WebPage","@id":"https:\/\/www.myvize.com.tr\/estonya\/vize-islemleri\/estonya-vize-reddi\/","url":"https:\/\/www.myvize.com.tr\/estonya\/vize-islemleri\/estonya-vize-reddi\/","name":"Estonya Vize Reddi - Estonya Vizesi - MyVize","isPartOf":{"@id":"https:\/\/www.myvize.com.tr\/estonya\/#website"},"primaryImageOfPage":{"@id":"https:\/\/www.myvize.com.tr\/estonya\/vize-islemleri\/estonya-vize-reddi\/#primaryimage"},"image":{"@id":"https:\/\/www.myvize.com.tr\/estonya\/vize-islemleri\/estonya-vize-reddi\/#primaryimage"},"thumbnailUrl":"https:\/\/www.myvize.com.tr\/estonya\/wp-content\/uploads\/2021\/10\/20.jpg","datePublished":"2020-11-30T09:48:56+00:00","dateModified":"2022-04-07T11:01:10+00:00","description":"Estonya vizesi reddi alman\u0131zda ki sebepler neler? Estonya vize reddi i\u00e7in detayl\u0131 itiraz dilek\u00e7esi i\u00e7in ileti\u015fime ge\u00e7ebilirsiniz.","breadcrumb":{"@id":"https:\/\/www.myvize.com.tr\/estonya\/vize-islemleri\/estonya-vize-reddi\/#breadcrumb"},"inLanguage":"tr","potentialAction":[{"@type":"ReadAction","target":["https:\/\/www.myvize.com.tr\/estonya\/vize-islemleri\/estonya-vize-reddi\/"]}]},{"@type":"ImageObject","inLanguage":"tr","@id":"https:\/\/www.myvize.com.tr\/estonya\/vize-islemleri\/estonya-vize-reddi\/#primaryimage","url":"https:\/\/www.myvize.com.tr\/estonya\/wp-content\/uploads\/2021\/10\/20.jpg","contentUrl":"https:\/\/www.myvize.com.tr\/estonya\/wp-content\/uploads\/2021\/10\/20.jpg","width":800,"height":500,"caption":"Estonya Vize Reddi"},{"@type":"BreadcrumbList","@id":"https:\/\/www.myvize.com.tr\/estonya\/vize-islemleri\/estonya-vize-reddi\/#breadcrumb","itemListElement":[{"@type":"ListItem","position":1,"name":"Anasayfa","item":"https:\/\/www.myvize.com.tr\/estonya\/"},{"@type":"ListItem","position":2,"name":"V\u0130ZE \u0130\u015eLEMLER\u0130","item":"https:\/\/www.myvize.com.tr\/estonya\/vize-islemleri\/"},{"@type":"ListItem","position":3,"name":"Estonya Vize Reddi"}]},{"@type":"WebSite","@id":"https:\/\/www.myvize.com.tr\/estonya\/#website","url":"https:\/\/www.myvize.com.tr\/estonya\/","name":"Estonya Vizesi","description":"","potentialAction":[{"@type":"SearchAction","target":{"@type":"EntryPoint","urlTemplate":"https:\/\/www.myvize.com.tr\/estonya\/?s={search_term_string}"},"query-input":{"@type":"PropertyValueSpecification","valueRequired":true,"valueName":"search_term_string"}}],"inLanguage":"tr"}]}},"_links":{"self":[{"href":"https:\/\/www.myvize.com.tr\/estonya\/wp-json\/wp\/v2\/pages\/49","targetHints":{"allow":["GET"]}}],"collection":[{"href":"https:\/\/www.myvize.com.tr\/estonya\/wp-json\/wp\/v2\/pages"}],"about":[{"href":"https:\/\/www.myvize.com.tr\/estonya\/wp-json\/wp\/v2\/types\/page"}],"author":[{"embeddable":true,"href":"https:\/\/www.myvize.com.tr\/estonya\/wp-json\/wp\/v2\/users\/1"}],"replies":[{"embeddable":true,"href":"https:\/\/www.myvize.com.tr\/estonya\/wp-json\/wp\/v2\/comments?post=49"}],"version-history":[{"count":7,"href":"https:\/\/www.myvize.com.tr\/estonya\/wp-json\/wp\/v2\/pages\/49\/revisions"}],"predecessor-version":[{"id":736,"href":"https:\/\/www.myvize.com.tr\/estonya\/wp-json\/wp\/v2\/pages\/49\/revisions\/736"}],"up":[{"embeddable":true,"href":"https:\/\/www.myvize.com.tr\/estonya\/wp-json\/wp\/v2\/pages\/18"}],"wp:attachment":[{"href":"https:\/\/www.myvize.com.tr\/estonya\/wp-json\/wp\/v2\/media?parent=49"}],"curies":[{"name":"wp","href":"https:\/\/api.w.org\/{rel}","templated":true}]}}