{"id":53,"date":"2020-11-30T12:50:00","date_gmt":"2020-11-30T09:50:00","guid":{"rendered":"https:\/\/www.myvize.com.tr\/estonya\/?page_id=53"},"modified":"2022-04-07T14:10:17","modified_gmt":"2022-04-07T11:10:17","slug":"estonya-universite-egitimi","status":"publish","type":"page","link":"https:\/\/www.myvize.com.tr\/estonya\/vize-islemleri\/estonya-universite-egitimi\/","title":{"rendered":"Estonya \u00dcniversite E\u011fitimi"},"content":{"rendered":"<h2><span style=\"font-size: 27px; font-family: Roboto;\"><strong>Estonya \u00dcniversite E\u011fitimi 2022<\/strong><\/span><\/h2>\n<p><span style=\"font-family: Roboto; font-size: 14px;\">Estonya\u2019da bulunan \u00fcniversitenin bir\u00e7o\u011funun y\u00fcksek standartlarda e\u011fitim vermesi, yurt d\u0131\u015f\u0131 iyi \u00fcniversite s\u0131ralamas\u0131nda y\u00fcksek s\u0131rada olmas\u0131 ve m\u00fcfredat uyumluluk sayesinde Y\u00d6K denkli\u011fi ve T\u00fcrkiye\u2019de ge\u00e7erlilikleri vard\u0131r. Ayn\u0131 zamanda ya\u015fam kalitesi olduk\u00e7a y\u00fcksek oldu\u011fu \u00fclkedir.<\/span><br \/>\n<span style=\"font-family: Roboto; font-size: 14px;\">Estonya\u2019n\u0131n 3 b\u00fcy\u00fck \u00fcniversitesi ilk 500\u2019dedir.<strong> E\u011fitim seviyesi y\u00fcksek<\/strong> olan \u00fclkenin %80\u2019inden fazlas\u0131 \u0130ngilizce konu\u015fmakta. Yurt d\u0131\u015f\u0131nda \u00fcniversite e\u011fitim alabilece\u011finiz iyi se\u00e7enekten birisidir ve e\u011fitim dil \u0130ngilizce&#8217;dir.<\/span><br \/>\n<span style=\"font-family: Roboto; font-size: 14px;\">Genellikle \u00fc\u00e7 akademik y\u0131l s\u00fcren \u0130ngilizce lisans program\u0131 ve 2 akademik sene s\u00fcren \u0130ngilizce y\u00fcksek lisans program\u0131n\u0131n akademik kalitesiyle \u00f6\u011frenci memnun etmeyi ba\u015farm\u0131\u015f \u00fclkedir. <strong>Estonya \u00fcniversitesi<\/strong> 100\u2019\u00fcn \u00fcst\u00fcnde tamamen \u0130ngilizce olarak \u00f6\u011fretilen y\u00fcksek akademi kalitede b\u00f6l\u00fcm, uluslararas\u0131 ge\u00e7erlili\u011fi olan diploma, y\u00fcksek seviye ara\u015ft\u0131rma projesine, az \u00f6\u011frencili s\u0131n\u0131f yap\u0131s\u0131 sahiptir. \u0130ngilizce dil e\u011fitim ve \u00e7al\u0131\u015fma imk\u00e2n\u0131yla da uluslararas\u0131 \u00f6\u011frenci i\u00e7in olduk\u00e7a \u00e7ekici lokasyon olmu\u015ftur.<\/span><br \/>\n<span style=\"font-family: Roboto; font-size: 14px;\">Mezuniyet sonras\u0131 180 g\u00fcn \u00fclkede kal\u0131p i\u015f aramak imk\u00e2n\u0131 da uluslararas\u0131 \u00f6\u011frencinin dikkatini \u00e7ekmektedir. Ya\u015fam masraf\u0131n\u0131n kar\u015f\u0131lanabilir olmas\u0131, <span style=\"color: #2acec2;\"><strong><a style=\"color: #2acec2;\" href=\"https:\/\/www.myvize.com.tr\/estonya\/vize-islemleri\/estonya-calisma-izni\/\" target=\"_blank\" rel=\"noopener\">Estonya \u00e7al\u0131\u015fma izni<\/a><\/strong><\/span> olmas\u0131, aktif \u00f6\u011frenci hayat yurt d\u0131\u015f\u0131nda \u00fcniversite i\u00e7in Estonya ideal \u00fclke haline getirmektedir.<\/span><\/p>\n<p><img decoding=\"async\" src=\"https:\/\/www.myvize.com.tr\/estonya\/wp-content\/uploads\/2021\/10\/24.jpg\" \/><\/p>\n<h2><strong><span style=\"font-family: Roboto; font-size: 27px;\">Estonya \u00dcniversite E\u011fitimi Hakk\u0131nda<\/span><\/strong><\/h2>\n<p><span style=\"font-family: Roboto; font-size: 14px;\">Estonya, \u00fcniversite e\u011fitimi konusunda G\u00fcneybat\u0131 Avrupa\u2019n\u0131n en ba\u015far\u0131l\u0131 \u00fclkelerinden birisidir. Estonya\u2019da \u00fcniversite e\u011fitimi almak isteyen T\u00fcrk vatanda\u015flar\u0131n\u0131n <strong>Estonya e\u011fitim vizesi<\/strong> almas\u0131 gerekmektedir.<strong> Estonya e\u011fitim vizesi<\/strong> alacak olan T\u00fcrk vatanda\u015flar\u0131, ba\u015fvurular\u0131n\u0131 T\u00fcrkiye\u2019de bulunan Estonya temsilcili\u011fine yapmal\u0131d\u0131r.<\/span><\/p>\n<p><span style=\"font-family: Roboto; font-size: 14px;\"><strong>Estonya \u00dcniversite e\u011fitimi<\/strong> alacak olan ki\u015filerin, T\u00fcrkiye\u2019de ya da Estonya\u2019da \u00fcniversiteye ge\u00e7i\u015f s\u0131nav\u0131na girmesine gerek yoktur. Bunun i\u00e7in sadece liseden mezun olman\u0131z yeterlidir. Ancak Estonya \u00fcniversiteleri kendileri kabul i\u00e7in s\u0131nav yapabilmektedir.<\/span><\/p>\n<p><span style=\"font-family: Roboto; font-size: 14px;\"><strong>Estonya\u2019da \u00fcniversite e\u011fitimi<\/strong> alacak olan T\u00fcrk vatanda\u015flar\u0131n\u0131n Estonya resmi dili ve e\u011fitim dili olan Estoncay\u0131 iyi derecede bilmesi gerekmektedir. Ba\u015fvuru sahibinin IELTS ya da TOEFL s\u0131nav\u0131na girmesi ve dil yeterlili\u011fini kan\u0131tlamas\u0131 gerekmektedir.<\/span><\/p>\n<p><span style=\"font-family: Roboto; font-size: 14px;\">Estonya\u2019da lisan e\u011fitimleri genellikle 3 y\u0131ld\u0131r. Ancak baz\u0131 b\u00f6l\u00fcmlerde bu s\u00fcre 4 ile 6 y\u0131l aras\u0131nda de\u011fi\u015fmektedir. Bunun yan\u0131nda dil yeterlili\u011fi olamayan ki\u015filer bir y\u0131l dil haz\u0131rl\u0131\u011f\u0131 okumal\u0131d\u0131r. Estonya\u2019da bir\u00e7ok \u00fcniversitenin Y\u00d6K denkli\u011fi vard\u0131r.<\/span><\/p>\n<p><span style=\"font-family: Roboto; font-size: 14px;\"><strong>Estonya\u2019da \u00fcniversite e\u011fitimi<\/strong> alacak olan T\u00fcrk vatanda\u015flar\u0131n\u0131n e\u011fitim s\u00fcresi boyunca masraflar\u0131n\u0131 kar\u015f\u0131layabilece\u011fini kan\u0131tlamas\u0131 gerekmektedir.<\/span><\/p>\n<p><span style=\"font-family: Roboto; font-size: 14px;\">Estonya\u2019da bulunan baz\u0131 \u00fcniversiteler \u015fu \u015fekildedir;<\/span><\/p>\n<ul>\n<li><span style=\"font-family: Roboto; font-size: 14px;\">Tallinn \u00dcniversitesi<\/span><\/li>\n<li><span style=\"font-family: Roboto; font-size: 14px;\">Tallinn Teknoloji \u00dcniversitesi<\/span><\/li>\n<li><span style=\"font-family: Roboto; font-size: 14px;\">Estonya Ya\u015fam Bilimleri \u00dcniversitesi<\/span><\/li>\n<li><span style=\"font-family: Roboto; font-size: 14px;\">Eesti Kunsti Akademi<\/span><\/li>\n<li><span style=\"font-family: Roboto; font-size: 14px;\">TTK Uygulamal\u0131 Bilimler \u00dcniversitesi<\/span><\/li>\n<\/ul>\n<p><span style=\"font-family: Roboto; font-size: 14px;\"><span style=\"color: #2acec2;\"><strong><a style=\"color: #2acec2;\" href=\"https:\/\/www.myvize.com.tr\/estonya\/estonya-vize-ucreti\/\" target=\"_blank\" rel=\"noopener\">Estonya Vize \u00dccreti<\/a><\/strong><\/span> ile ilgili bilgi almak i\u00e7in bizi aray\u0131n.<\/span><\/p>\n","protected":false},"excerpt":{"rendered":"<p>Estonya \u00dcniversite E\u011fitimi 2022 Estonya\u2019da bulunan \u00fcniversitenin bir\u00e7o\u011funun y\u00fcksek standartlarda e\u011fitim vermesi, yurt d\u0131\u015f\u0131 iyi \u00fcniversite s\u0131ralamas\u0131nda y\u00fcksek s\u0131rada olmas\u0131 ve m\u00fcfredat uyumluluk sayesinde Y\u00d6K denkli\u011fi ve T\u00fcrkiye\u2019de ge\u00e7erlilikleri vard\u0131r. Ayn\u0131 zamanda ya\u015fam kalitesi olduk\u00e7a y\u00fcksek oldu\u011fu \u00fclkedir. Estonya\u2019n\u0131n 3 b\u00fcy\u00fck \u00fcniversitesi ilk 500\u2019dedir. E\u011fitim seviyesi y\u00fcksek olan \u00fclkenin %80\u2019inden fazlas\u0131 \u0130ngilizce konu\u015fmakta. Yurt d\u0131\u015f\u0131nda<\/p>\n","protected":false},"author":1,"featured_media":0,"parent":18,"menu_order":0,"comment_status":"open","ping_status":"closed","template":"","meta":{"footnotes":""},"class_list":["post-53","page","type-page","status-publish","hentry"],"yoast_head":"<!-- This site is optimized with the Yoast SEO plugin v24.0 - https:\/\/yoast.com\/wordpress\/plugins\/seo\/ -->\n<title>Estonya \u00dcniversite E\u011fitimi - Estonya Vizesi - MyVize<\/title>\n<meta name=\"description\" content=\"Estonya \u00fcniversite e\u011fitim vize ba\u015fvurusu evrak listesi. Estonya \u00fcniversite e\u011fitim belgeleri ve \u015fartlar\u0131 i\u00e7in ileti\u015fime ge\u00e7ebilirsiniz.\" \/>\n<meta name=\"robots\" content=\"index, follow, max-snippet:-1, max-image-preview:large, max-video-preview:-1\" \/>\n<link rel=\"canonical\" href=\"https:\/\/www.myvize.com.tr\/estonya\/vize-islemleri\/estonya-universite-egitimi\/\" \/>\n<meta property=\"og:locale\" content=\"tr_TR\" \/>\n<meta property=\"og:type\" content=\"article\" \/>\n<meta property=\"og:title\" content=\"Estonya \u00dcniversite E\u011fitimi - Estonya Vizesi - MyVize\" \/>\n<meta property=\"og:description\" content=\"Estonya \u00fcniversite e\u011fitim vize ba\u015fvurusu evrak listesi. Estonya \u00fcniversite e\u011fitim belgeleri ve \u015fartlar\u0131 i\u00e7in ileti\u015fime ge\u00e7ebilirsiniz.\" \/>\n<meta property=\"og:url\" content=\"https:\/\/www.myvize.com.tr\/estonya\/vize-islemleri\/estonya-universite-egitimi\/\" \/>\n<meta property=\"og:site_name\" content=\"Estonya Vizesi\" \/>\n<meta property=\"article:modified_time\" content=\"2022-04-07T11:10:17+00:00\" \/>\n<meta property=\"og:image\" content=\"https:\/\/www.myvize.com.tr\/estonya\/wp-content\/uploads\/2021\/10\/24.jpg\" \/>\n<meta name=\"twitter:card\" content=\"summary_large_image\" \/>\n<meta name=\"twitter:label1\" content=\"Tahmini okuma s\u00fcresi\" \/>\n\t<meta name=\"twitter:data1\" content=\"2 dakika\" \/>\n<script type=\"application\/ld+json\" class=\"yoast-schema-graph\">{\"@context\":\"https:\/\/schema.org\",\"@graph\":[{\"@type\":\"WebPage\",\"@id\":\"https:\/\/www.myvize.com.tr\/estonya\/vize-islemleri\/estonya-universite-egitimi\/\",\"url\":\"https:\/\/www.myvize.com.tr\/estonya\/vize-islemleri\/estonya-universite-egitimi\/\",\"name\":\"Estonya \u00dcniversite E\u011fitimi - Estonya Vizesi - MyVize\",\"isPartOf\":{\"@id\":\"https:\/\/www.myvize.com.tr\/estonya\/#website\"},\"primaryImageOfPage\":{\"@id\":\"https:\/\/www.myvize.com.tr\/estonya\/vize-islemleri\/estonya-universite-egitimi\/#primaryimage\"},\"image\":{\"@id\":\"https:\/\/www.myvize.com.tr\/estonya\/vize-islemleri\/estonya-universite-egitimi\/#primaryimage\"},\"thumbnailUrl\":\"https:\/\/www.myvize.com.tr\/estonya\/wp-content\/uploads\/2021\/10\/24.jpg\",\"datePublished\":\"2020-11-30T09:50:00+00:00\",\"dateModified\":\"2022-04-07T11:10:17+00:00\",\"description\":\"Estonya \u00fcniversite e\u011fitim vize ba\u015fvurusu evrak listesi. Estonya \u00fcniversite e\u011fitim belgeleri ve \u015fartlar\u0131 i\u00e7in ileti\u015fime ge\u00e7ebilirsiniz.\",\"breadcrumb\":{\"@id\":\"https:\/\/www.myvize.com.tr\/estonya\/vize-islemleri\/estonya-universite-egitimi\/#breadcrumb\"},\"inLanguage\":\"tr\",\"potentialAction\":[{\"@type\":\"ReadAction\",\"target\":[\"https:\/\/www.myvize.com.tr\/estonya\/vize-islemleri\/estonya-universite-egitimi\/\"]}]},{\"@type\":\"ImageObject\",\"inLanguage\":\"tr\",\"@id\":\"https:\/\/www.myvize.com.tr\/estonya\/vize-islemleri\/estonya-universite-egitimi\/#primaryimage\",\"url\":\"https:\/\/www.myvize.com.tr\/estonya\/wp-content\/uploads\/2021\/10\/24.jpg\",\"contentUrl\":\"https:\/\/www.myvize.com.tr\/estonya\/wp-content\/uploads\/2021\/10\/24.jpg\",\"width\":800,\"height\":500,\"caption\":\"Estonya \u00dcniversite E\u011fitimi\"},{\"@type\":\"BreadcrumbList\",\"@id\":\"https:\/\/www.myvize.com.tr\/estonya\/vize-islemleri\/estonya-universite-egitimi\/#breadcrumb\",\"itemListElement\":[{\"@type\":\"ListItem\",\"position\":1,\"name\":\"Anasayfa\",\"item\":\"https:\/\/www.myvize.com.tr\/estonya\/\"},{\"@type\":\"ListItem\",\"position\":2,\"name\":\"V\u0130ZE \u0130\u015eLEMLER\u0130\",\"item\":\"https:\/\/www.myvize.com.tr\/estonya\/vize-islemleri\/\"},{\"@type\":\"ListItem\",\"position\":3,\"name\":\"Estonya \u00dcniversite E\u011fitimi\"}]},{\"@type\":\"WebSite\",\"@id\":\"https:\/\/www.myvize.com.tr\/estonya\/#website\",\"url\":\"https:\/\/www.myvize.com.tr\/estonya\/\",\"name\":\"Estonya Vizesi\",\"description\":\"\",\"potentialAction\":[{\"@type\":\"SearchAction\",\"target\":{\"@type\":\"EntryPoint\",\"urlTemplate\":\"https:\/\/www.myvize.com.tr\/estonya\/?s={search_term_string}\"},\"query-input\":{\"@type\":\"PropertyValueSpecification\",\"valueRequired\":true,\"valueName\":\"search_term_string\"}}],\"inLanguage\":\"tr\"}]}<\/script>\n<!-- \/ Yoast SEO plugin. -->","yoast_head_json":{"title":"Estonya \u00dcniversite E\u011fitimi - Estonya Vizesi - MyVize","description":"Estonya \u00fcniversite e\u011fitim vize ba\u015fvurusu evrak listesi. Estonya \u00fcniversite e\u011fitim belgeleri ve \u015fartlar\u0131 i\u00e7in ileti\u015fime ge\u00e7ebilirsiniz.","robots":{"index":"index","follow":"follow","max-snippet":"max-snippet:-1","max-image-preview":"max-image-preview:large","max-video-preview":"max-video-preview:-1"},"canonical":"https:\/\/www.myvize.com.tr\/estonya\/vize-islemleri\/estonya-universite-egitimi\/","og_locale":"tr_TR","og_type":"article","og_title":"Estonya \u00dcniversite E\u011fitimi - Estonya Vizesi - MyVize","og_description":"Estonya \u00fcniversite e\u011fitim vize ba\u015fvurusu evrak listesi. Estonya \u00fcniversite e\u011fitim belgeleri ve \u015fartlar\u0131 i\u00e7in ileti\u015fime ge\u00e7ebilirsiniz.","og_url":"https:\/\/www.myvize.com.tr\/estonya\/vize-islemleri\/estonya-universite-egitimi\/","og_site_name":"Estonya Vizesi","article_modified_time":"2022-04-07T11:10:17+00:00","og_image":[{"url":"https:\/\/www.myvize.com.tr\/estonya\/wp-content\/uploads\/2021\/10\/24.jpg","type":"","width":"","height":""}],"twitter_card":"summary_large_image","twitter_misc":{"Tahmini okuma s\u00fcresi":"2 dakika"},"schema":{"@context":"https:\/\/schema.org","@graph":[{"@type":"WebPage","@id":"https:\/\/www.myvize.com.tr\/estonya\/vize-islemleri\/estonya-universite-egitimi\/","url":"https:\/\/www.myvize.com.tr\/estonya\/vize-islemleri\/estonya-universite-egitimi\/","name":"Estonya \u00dcniversite E\u011fitimi - Estonya Vizesi - MyVize","isPartOf":{"@id":"https:\/\/www.myvize.com.tr\/estonya\/#website"},"primaryImageOfPage":{"@id":"https:\/\/www.myvize.com.tr\/estonya\/vize-islemleri\/estonya-universite-egitimi\/#primaryimage"},"image":{"@id":"https:\/\/www.myvize.com.tr\/estonya\/vize-islemleri\/estonya-universite-egitimi\/#primaryimage"},"thumbnailUrl":"https:\/\/www.myvize.com.tr\/estonya\/wp-content\/uploads\/2021\/10\/24.jpg","datePublished":"2020-11-30T09:50:00+00:00","dateModified":"2022-04-07T11:10:17+00:00","description":"Estonya \u00fcniversite e\u011fitim vize ba\u015fvurusu evrak listesi. Estonya \u00fcniversite e\u011fitim belgeleri ve \u015fartlar\u0131 i\u00e7in ileti\u015fime ge\u00e7ebilirsiniz.","breadcrumb":{"@id":"https:\/\/www.myvize.com.tr\/estonya\/vize-islemleri\/estonya-universite-egitimi\/#breadcrumb"},"inLanguage":"tr","potentialAction":[{"@type":"ReadAction","target":["https:\/\/www.myvize.com.tr\/estonya\/vize-islemleri\/estonya-universite-egitimi\/"]}]},{"@type":"ImageObject","inLanguage":"tr","@id":"https:\/\/www.myvize.com.tr\/estonya\/vize-islemleri\/estonya-universite-egitimi\/#primaryimage","url":"https:\/\/www.myvize.com.tr\/estonya\/wp-content\/uploads\/2021\/10\/24.jpg","contentUrl":"https:\/\/www.myvize.com.tr\/estonya\/wp-content\/uploads\/2021\/10\/24.jpg","width":800,"height":500,"caption":"Estonya \u00dcniversite E\u011fitimi"},{"@type":"BreadcrumbList","@id":"https:\/\/www.myvize.com.tr\/estonya\/vize-islemleri\/estonya-universite-egitimi\/#breadcrumb","itemListElement":[{"@type":"ListItem","position":1,"name":"Anasayfa","item":"https:\/\/www.myvize.com.tr\/estonya\/"},{"@type":"ListItem","position":2,"name":"V\u0130ZE \u0130\u015eLEMLER\u0130","item":"https:\/\/www.myvize.com.tr\/estonya\/vize-islemleri\/"},{"@type":"ListItem","position":3,"name":"Estonya \u00dcniversite E\u011fitimi"}]},{"@type":"WebSite","@id":"https:\/\/www.myvize.com.tr\/estonya\/#website","url":"https:\/\/www.myvize.com.tr\/estonya\/","name":"Estonya Vizesi","description":"","potentialAction":[{"@type":"SearchAction","target":{"@type":"EntryPoint","urlTemplate":"https:\/\/www.myvize.com.tr\/estonya\/?s={search_term_string}"},"query-input":{"@type":"PropertyValueSpecification","valueRequired":true,"valueName":"search_term_string"}}],"inLanguage":"tr"}]}},"_links":{"self":[{"href":"https:\/\/www.myvize.com.tr\/estonya\/wp-json\/wp\/v2\/pages\/53","targetHints":{"allow":["GET"]}}],"collection":[{"href":"https:\/\/www.myvize.com.tr\/estonya\/wp-json\/wp\/v2\/pages"}],"about":[{"href":"https:\/\/www.myvize.com.tr\/estonya\/wp-json\/wp\/v2\/types\/page"}],"author":[{"embeddable":true,"href":"https:\/\/www.myvize.com.tr\/estonya\/wp-json\/wp\/v2\/users\/1"}],"replies":[{"embeddable":true,"href":"https:\/\/www.myvize.com.tr\/estonya\/wp-json\/wp\/v2\/comments?post=53"}],"version-history":[{"count":7,"href":"https:\/\/www.myvize.com.tr\/estonya\/wp-json\/wp\/v2\/pages\/53\/revisions"}],"predecessor-version":[{"id":583,"href":"https:\/\/www.myvize.com.tr\/estonya\/wp-json\/wp\/v2\/pages\/53\/revisions\/583"}],"up":[{"embeddable":true,"href":"https:\/\/www.myvize.com.tr\/estonya\/wp-json\/wp\/v2\/pages\/18"}],"wp:attachment":[{"href":"https:\/\/www.myvize.com.tr\/estonya\/wp-json\/wp\/v2\/media?parent=53"}],"curies":[{"name":"wp","href":"https:\/\/api.w.org\/{rel}","templated":true}]}}