{"id":701,"date":"2021-12-17T17:41:45","date_gmt":"2021-12-17T14:41:45","guid":{"rendered":"https:\/\/www.myvize.com.tr\/estonya\/?page_id=701"},"modified":"2022-04-07T13:54:41","modified_gmt":"2022-04-07T10:54:41","slug":"estonya-vize-basvurusu","status":"publish","type":"page","link":"https:\/\/www.myvize.com.tr\/estonya\/estonya-vize-basvurusu\/","title":{"rendered":"Estonya Vize Ba\u015fvurusu"},"content":{"rendered":"<h2><strong><span style=\"font-size: 27px; font-family: Roboto;\">Estonya Vize Ba\u015fvurusu Hakk\u0131nda<\/span><\/strong><\/h2>\n<p><img loading=\"lazy\" decoding=\"async\" src=\"https:\/\/www.myvize.com.tr\/romanya\/wp-content\/uploads\/2021\/07\/aDOBE-LOGO-1.png\" width=\"75\" height=\"75\" \/>\u00a0\u00a0\u00a0Estonya Vizesi Ba\u015fvuru Formunu\u00a0\u00a0<a href=\"https:\/\/www.myvize.com.tr\/estonya\/wp-content\/uploads\/2021\/12\/estonya-form.pdf\" target=\"_blank\" rel=\"noreferrer noopener\">(\u0130ndirmek \u0130\u00e7in T\u0131klay\u0131n\u0131z!!)<\/a><\/p>\n","protected":false},"excerpt":{"rendered":"<p>Estonya Vize Ba\u015fvurusu Hakk\u0131nda \u00a0\u00a0\u00a0Estonya Vizesi Ba\u015fvuru Formunu\u00a0\u00a0(\u0130ndirmek \u0130\u00e7in T\u0131klay\u0131n\u0131z!!)<\/p>\n","protected":false},"author":1,"featured_media":0,"parent":0,"menu_order":0,"comment_status":"closed","ping_status":"closed","template":"","meta":{"footnotes":""},"class_list":["post-701","page","type-page","status-publish","hentry"],"yoast_head":"<!-- This site is optimized with the Yoast SEO plugin v24.0 - https:\/\/yoast.com\/wordpress\/plugins\/seo\/ -->\n<title>Estonya Vize Ba\u015fvurusu - Estonya Vizesi - MyVize<\/title>\n<meta name=\"description\" content=\"Estonya Vize Ba\u015fvurusu nas\u0131l yap\u0131l\u0131r? Estonya Vize Ba\u015fvuru i\u015flemleri nelerdir? Estonya Vize Ba\u015fvuru formu nas\u0131l doldurulur?\" \/>\n<meta name=\"robots\" content=\"index, follow, max-snippet:-1, max-image-preview:large, max-video-preview:-1\" \/>\n<link rel=\"canonical\" href=\"https:\/\/www.myvize.com.tr\/estonya\/estonya-vize-basvurusu\/\" \/>\n<meta property=\"og:locale\" content=\"tr_TR\" \/>\n<meta property=\"og:type\" content=\"article\" \/>\n<meta property=\"og:title\" content=\"Estonya Vize Ba\u015fvurusu - Estonya Vizesi - MyVize\" \/>\n<meta property=\"og:description\" content=\"Estonya Vize Ba\u015fvurusu nas\u0131l yap\u0131l\u0131r? Estonya Vize Ba\u015fvuru i\u015flemleri nelerdir? Estonya Vize Ba\u015fvuru formu nas\u0131l doldurulur?\" \/>\n<meta property=\"og:url\" content=\"https:\/\/www.myvize.com.tr\/estonya\/estonya-vize-basvurusu\/\" \/>\n<meta property=\"og:site_name\" content=\"Estonya Vizesi\" \/>\n<meta property=\"article:modified_time\" content=\"2022-04-07T10:54:41+00:00\" \/>\n<meta property=\"og:image\" content=\"https:\/\/www.myvize.com.tr\/romanya\/wp-content\/uploads\/2021\/07\/aDOBE-LOGO-1.png\" \/>\n<meta name=\"twitter:card\" content=\"summary_large_image\" \/>\n<meta name=\"twitter:label1\" content=\"Tahmini okuma s\u00fcresi\" \/>\n\t<meta name=\"twitter:data1\" content=\"1 dakika\" \/>\n<script type=\"application\/ld+json\" class=\"yoast-schema-graph\">{\"@context\":\"https:\/\/schema.org\",\"@graph\":[{\"@type\":\"WebPage\",\"@id\":\"https:\/\/www.myvize.com.tr\/estonya\/estonya-vize-basvurusu\/\",\"url\":\"https:\/\/www.myvize.com.tr\/estonya\/estonya-vize-basvurusu\/\",\"name\":\"Estonya Vize Ba\u015fvurusu - Estonya Vizesi - MyVize\",\"isPartOf\":{\"@id\":\"https:\/\/www.myvize.com.tr\/estonya\/#website\"},\"primaryImageOfPage\":{\"@id\":\"https:\/\/www.myvize.com.tr\/estonya\/estonya-vize-basvurusu\/#primaryimage\"},\"image\":{\"@id\":\"https:\/\/www.myvize.com.tr\/estonya\/estonya-vize-basvurusu\/#primaryimage\"},\"thumbnailUrl\":\"https:\/\/www.myvize.com.tr\/romanya\/wp-content\/uploads\/2021\/07\/aDOBE-LOGO-1.png\",\"datePublished\":\"2021-12-17T14:41:45+00:00\",\"dateModified\":\"2022-04-07T10:54:41+00:00\",\"description\":\"Estonya Vize Ba\u015fvurusu nas\u0131l yap\u0131l\u0131r? Estonya Vize Ba\u015fvuru i\u015flemleri nelerdir? Estonya Vize Ba\u015fvuru formu nas\u0131l doldurulur?\",\"breadcrumb\":{\"@id\":\"https:\/\/www.myvize.com.tr\/estonya\/estonya-vize-basvurusu\/#breadcrumb\"},\"inLanguage\":\"tr\",\"potentialAction\":[{\"@type\":\"ReadAction\",\"target\":[\"https:\/\/www.myvize.com.tr\/estonya\/estonya-vize-basvurusu\/\"]}]},{\"@type\":\"ImageObject\",\"inLanguage\":\"tr\",\"@id\":\"https:\/\/www.myvize.com.tr\/estonya\/estonya-vize-basvurusu\/#primaryimage\",\"url\":\"https:\/\/www.myvize.com.tr\/romanya\/wp-content\/uploads\/2021\/07\/aDOBE-LOGO-1.png\",\"contentUrl\":\"https:\/\/www.myvize.com.tr\/romanya\/wp-content\/uploads\/2021\/07\/aDOBE-LOGO-1.png\"},{\"@type\":\"BreadcrumbList\",\"@id\":\"https:\/\/www.myvize.com.tr\/estonya\/estonya-vize-basvurusu\/#breadcrumb\",\"itemListElement\":[{\"@type\":\"ListItem\",\"position\":1,\"name\":\"Anasayfa\",\"item\":\"https:\/\/www.myvize.com.tr\/estonya\/\"},{\"@type\":\"ListItem\",\"position\":2,\"name\":\"Estonya Vize Ba\u015fvurusu\"}]},{\"@type\":\"WebSite\",\"@id\":\"https:\/\/www.myvize.com.tr\/estonya\/#website\",\"url\":\"https:\/\/www.myvize.com.tr\/estonya\/\",\"name\":\"Estonya Vizesi\",\"description\":\"\",\"potentialAction\":[{\"@type\":\"SearchAction\",\"target\":{\"@type\":\"EntryPoint\",\"urlTemplate\":\"https:\/\/www.myvize.com.tr\/estonya\/?s={search_term_string}\"},\"query-input\":{\"@type\":\"PropertyValueSpecification\",\"valueRequired\":true,\"valueName\":\"search_term_string\"}}],\"inLanguage\":\"tr\"}]}<\/script>\n<!-- \/ Yoast SEO plugin. -->","yoast_head_json":{"title":"Estonya Vize Ba\u015fvurusu - Estonya Vizesi - MyVize","description":"Estonya Vize Ba\u015fvurusu nas\u0131l yap\u0131l\u0131r? Estonya Vize Ba\u015fvuru i\u015flemleri nelerdir? Estonya Vize Ba\u015fvuru formu nas\u0131l doldurulur?","robots":{"index":"index","follow":"follow","max-snippet":"max-snippet:-1","max-image-preview":"max-image-preview:large","max-video-preview":"max-video-preview:-1"},"canonical":"https:\/\/www.myvize.com.tr\/estonya\/estonya-vize-basvurusu\/","og_locale":"tr_TR","og_type":"article","og_title":"Estonya Vize Ba\u015fvurusu - Estonya Vizesi - MyVize","og_description":"Estonya Vize Ba\u015fvurusu nas\u0131l yap\u0131l\u0131r? Estonya Vize Ba\u015fvuru i\u015flemleri nelerdir? Estonya Vize Ba\u015fvuru formu nas\u0131l doldurulur?","og_url":"https:\/\/www.myvize.com.tr\/estonya\/estonya-vize-basvurusu\/","og_site_name":"Estonya Vizesi","article_modified_time":"2022-04-07T10:54:41+00:00","og_image":[{"url":"https:\/\/www.myvize.com.tr\/romanya\/wp-content\/uploads\/2021\/07\/aDOBE-LOGO-1.png","type":"","width":"","height":""}],"twitter_card":"summary_large_image","twitter_misc":{"Tahmini okuma s\u00fcresi":"1 dakika"},"schema":{"@context":"https:\/\/schema.org","@graph":[{"@type":"WebPage","@id":"https:\/\/www.myvize.com.tr\/estonya\/estonya-vize-basvurusu\/","url":"https:\/\/www.myvize.com.tr\/estonya\/estonya-vize-basvurusu\/","name":"Estonya Vize Ba\u015fvurusu - Estonya Vizesi - MyVize","isPartOf":{"@id":"https:\/\/www.myvize.com.tr\/estonya\/#website"},"primaryImageOfPage":{"@id":"https:\/\/www.myvize.com.tr\/estonya\/estonya-vize-basvurusu\/#primaryimage"},"image":{"@id":"https:\/\/www.myvize.com.tr\/estonya\/estonya-vize-basvurusu\/#primaryimage"},"thumbnailUrl":"https:\/\/www.myvize.com.tr\/romanya\/wp-content\/uploads\/2021\/07\/aDOBE-LOGO-1.png","datePublished":"2021-12-17T14:41:45+00:00","dateModified":"2022-04-07T10:54:41+00:00","description":"Estonya Vize Ba\u015fvurusu nas\u0131l yap\u0131l\u0131r? Estonya Vize Ba\u015fvuru i\u015flemleri nelerdir? Estonya Vize Ba\u015fvuru formu nas\u0131l doldurulur?","breadcrumb":{"@id":"https:\/\/www.myvize.com.tr\/estonya\/estonya-vize-basvurusu\/#breadcrumb"},"inLanguage":"tr","potentialAction":[{"@type":"ReadAction","target":["https:\/\/www.myvize.com.tr\/estonya\/estonya-vize-basvurusu\/"]}]},{"@type":"ImageObject","inLanguage":"tr","@id":"https:\/\/www.myvize.com.tr\/estonya\/estonya-vize-basvurusu\/#primaryimage","url":"https:\/\/www.myvize.com.tr\/romanya\/wp-content\/uploads\/2021\/07\/aDOBE-LOGO-1.png","contentUrl":"https:\/\/www.myvize.com.tr\/romanya\/wp-content\/uploads\/2021\/07\/aDOBE-LOGO-1.png"},{"@type":"BreadcrumbList","@id":"https:\/\/www.myvize.com.tr\/estonya\/estonya-vize-basvurusu\/#breadcrumb","itemListElement":[{"@type":"ListItem","position":1,"name":"Anasayfa","item":"https:\/\/www.myvize.com.tr\/estonya\/"},{"@type":"ListItem","position":2,"name":"Estonya Vize Ba\u015fvurusu"}]},{"@type":"WebSite","@id":"https:\/\/www.myvize.com.tr\/estonya\/#website","url":"https:\/\/www.myvize.com.tr\/estonya\/","name":"Estonya Vizesi","description":"","potentialAction":[{"@type":"SearchAction","target":{"@type":"EntryPoint","urlTemplate":"https:\/\/www.myvize.com.tr\/estonya\/?s={search_term_string}"},"query-input":{"@type":"PropertyValueSpecification","valueRequired":true,"valueName":"search_term_string"}}],"inLanguage":"tr"}]}},"_links":{"self":[{"href":"https:\/\/www.myvize.com.tr\/estonya\/wp-json\/wp\/v2\/pages\/701","targetHints":{"allow":["GET"]}}],"collection":[{"href":"https:\/\/www.myvize.com.tr\/estonya\/wp-json\/wp\/v2\/pages"}],"about":[{"href":"https:\/\/www.myvize.com.tr\/estonya\/wp-json\/wp\/v2\/types\/page"}],"author":[{"embeddable":true,"href":"https:\/\/www.myvize.com.tr\/estonya\/wp-json\/wp\/v2\/users\/1"}],"replies":[{"embeddable":true,"href":"https:\/\/www.myvize.com.tr\/estonya\/wp-json\/wp\/v2\/comments?post=701"}],"version-history":[{"count":6,"href":"https:\/\/www.myvize.com.tr\/estonya\/wp-json\/wp\/v2\/pages\/701\/revisions"}],"predecessor-version":[{"id":730,"href":"https:\/\/www.myvize.com.tr\/estonya\/wp-json\/wp\/v2\/pages\/701\/revisions\/730"}],"wp:attachment":[{"href":"https:\/\/www.myvize.com.tr\/estonya\/wp-json\/wp\/v2\/media?parent=701"}],"curies":[{"name":"wp","href":"https:\/\/api.w.org\/{rel}","templated":true}]}}