{"id":72,"date":"2020-11-30T12:59:09","date_gmt":"2020-11-30T09:59:09","guid":{"rendered":"https:\/\/www.myvize.com.tr\/estonya\/?page_id=72"},"modified":"2022-04-07T14:23:09","modified_gmt":"2022-04-07T11:23:09","slug":"ankara-buyukelciligi","status":"publish","type":"page","link":"https:\/\/www.myvize.com.tr\/estonya\/konsolosluklar\/ankara-buyukelciligi\/","title":{"rendered":"Estonya Ankara B\u00fcy\u00fckel\u00e7ili\u011fi"},"content":{"rendered":"<p><span style=\"font-family: Roboto;\"><\/span><\/p>\r\n<h2><strong><span style=\"font-family: Roboto; font-size: 27px;\">Estonya Ankara B\u00fcy\u00fckel\u00e7ili\u011fi Hakk\u0131nda<\/span><\/strong><\/h2>\r\n<p><span style=\"font-family: Roboto; font-size: 14px;\"><strong>Estonya Ankara B\u00fcy\u00fckel\u00e7ili\u011fi<\/strong>, Ankara ve \u00e7evresindeki Estonya vatanda\u015flar\u0131na ve T\u00fcrk vatanda\u015flar\u0131na hizmet vermektedir. Estonya\u2019n\u0131n T\u00fcrkiye\u2019de ya\u015fayan vatanda\u015flar\u0131na, konsolosluk ve noter hizmeti vermektedir. Bunun yan\u0131nda T\u00fcrkiye\u2019de bir i\u015f kurmu\u015f olan Estonya vatanda\u015flar\u0131na destek olmaktad\u0131r. Estonya\u2019ya seyahat etmek isteyen T\u00fcrk vatanda\u015flar\u0131na, <strong>Estonya seyahatleri<\/strong> i\u00e7in vize hizmeti sa\u011flamaktad\u0131r.<strong> Estonya vatanda\u015flar\u0131na<\/strong> pasaport yenileme, kimlik yenileme, ruhsat yenileme gibi hizmet vermektedir.<\/span><\/p>\r\n<p><span style=\"font-family: Roboto; font-size: 14px;\"><strong>Estonya Ankara B\u00fcy\u00fckel\u00e7ili\u011fi<\/strong>, T\u00fcrkiye ve Estonya aras\u0131ndaki diplomatik ba\u011flar\u0131 d\u00fczenlemektedir. Ayr\u0131ca T\u00fcrkiye ile Estonya aras\u0131nda ticari, ekonomik, k\u00fclt\u00fcrel, sosyal ili\u015fkileri d\u00fczenlemektedir.<\/span><\/p>\r\n<p><span style=\"font-family: Roboto; font-size: 14px;\">Estonya\u2019n\u0131n T\u00fcrkiye\u2019de bulunan en yetkili temsilcili\u011fidir. T\u00fcrkiye\u2019de bulunan Estonya temsilciliklerinin hepsi Estonya Ankara B\u00fcy\u00fckel\u00e7ili\u011fi\u2019ne ba\u011fl\u0131d\u0131r. Estonya\u2019n\u0131n T\u00fcrkiye\u2019de bulunan temsilciliklerine g\u00f6revler vermektedir. T\u00fcrkiye medyas\u0131n\u0131 <strong>Estonya kamuoyu<\/strong> hakk\u0131nda bildirmektedir.<\/span><\/p>\r\n<h2><span style=\"font-family: Roboto; font-size: 20px;\"><strong>Estonya Ankara B\u00fcy\u00fckel\u00e7ili\u011fi Adresi ve \u00c7al\u0131\u015fma Saatleri<\/strong><\/span><\/h2>\r\n<p><span style=\"font-family: Roboto; font-size: 14px;\">Adres: Gaziosmanpa\u015fa Mahallesi, G\u00f6lgeli Sokak, No:16, PK: 06700 \u00c7ankaya\/Ankara<\/span><\/p>\r\n<p><span style=\"font-family: Roboto; font-size: 14px;\">\u00c7al\u0131\u015fma Saatleri: <strong>Estonya Ankara B\u00fcy\u00fckel\u00e7ili\u011fi<\/strong> hafta i\u00e7i saat 09.00 ile 12.00 aras\u0131nda ve 13.00 ile 17.00 aras\u0131nda hizmet vermektedir. \u00a0\u00a0T\u00fcrkiye Cumhuriyeti ve Estonya resmi tatillerinde \u00e7al\u0131\u015fmamaktad\u0131r.<\/span><\/p>\r\n<h2><span style=\"font-family: Roboto; font-size: 27px;\"><strong>Estonya Ankara Konsoloslu\u011fundan Yap\u0131lacak \u0130\u015flemleri Nelerdir?<\/strong><\/span><\/h2>\r\n<p><span style=\"font-family: Roboto; font-size: 14px;\">\r\n\r\n<\/span><\/p>\r\n<p><span style=\"font-family: Roboto; font-size: 14px;\"><strong>Estonya Ankara Konsoloslu\u011fu<\/strong> ve di\u011fer Estonya Konsolosluklar\u0131 faaliyet alanlar\u0131nda ve yak\u0131n b\u00f6lgelerde ikametg\u00e2h\u0131 olan ki\u015filerin <span style=\"color: #2acec2;\"><strong><a style=\"color: #2acec2;\" href=\"https:\/\/www.myvize.com.tr\/estonya\/vize-islemleri\/estonya-vizesi\/\" target=\"_blank\" rel=\"noopener\">Estonya Vizesi <\/a><\/strong><\/span>veya noterlik i\u015flemleri, evlilik belgesi, do\u011fum belgesi, \u00f6l\u00fcm belgesi gibi i\u015flemlerde <strong>Estonya Konsoloslu\u011fu<\/strong> yetkilidir.<\/span><\/p>\r\n<p><span style=\"font-family: Roboto; font-size: 14px;\">\r\n\r\n<\/span><\/p>\r\n<p><span style=\"font-family: Roboto; font-size: 14px;\"><strong>Estonya Ankara Konsoloslu\u011fu G\u00f6rev B\u00f6lgesi:<span style=\"color: #2acec2;\"><a style=\"color: #2acec2;\" href=\"https:\/\/www.myvize.com.tr\/estonya\/subelerimiz\/ankara\/\" target=\"_blank\" rel=\"noopener\">\u00a0Ankara<\/a><\/span><\/strong> ve \u00e7evre illerde ikametg\u00e2h\u0131 olan T\u00fcrkiye Cumhuriyeti vatanda\u015flar\u0131, vize i\u015flemlerini Estonya Ankara Konsoloslu\u011fu\u2019ndan yapabilirler.<\/span><\/p>\r\n<p><span style=\"font-family: Roboto; font-size: 14px;\">\r\n\r\n<\/span><\/p>\r\n<p><span style=\"font-family: Roboto; font-size: 14px;\"><strong>Estonya Ankara Konsoloslu\u011fu \u00c7al\u0131\u015fma Saatleri:<\/strong> Pazartesi-Cuma g\u00fcnleri 09.00-17.00 aras\u0131 konsolosluk i\u015flemleri ger\u00e7ekle\u015ftirilebilir.<\/span><\/p>\r\n<h2><span style=\"font-family: Roboto; font-size: 27px;\"><strong>Estonya Ankara Konsoloslu\u011fundan Vize Ba\u015fvurusu Nas\u0131l Yap\u0131l\u0131r?<\/strong><\/span><\/h2>\r\n<p><span style=\"font-family: Roboto; font-size: 14px;\">\r\n\r\n<\/span><\/p>\r\n<p><span style=\"font-family: Roboto; font-size: 14px;\"><strong>Estonya Ankara Konsoloslu\u011fu&#8217;na<\/strong> vize ba\u015fvurusu yapan ki\u015filer eksiksiz doldurulmu\u015f vize ba\u015fvuru formuyla ba\u015fvuru yapacaklard\u0131r. Doldurulan vize ba\u015fvuru formu iki n\u00fcsha olarak haz\u0131rlanmal\u0131d\u0131r.<strong> Estonya vizes<\/strong>i \u00e7e\u015fitli kategorilere ayr\u0131lmaktad\u0131r. Her bir \u00e7e\u015fit kategorinin vize s\u00fcresi ve vize t\u00fcr\u00fc farkl\u0131d\u0131r. Bu nedenle vize har\u00e7 \u00fccretleri bu durumlara g\u00f6re de\u011fi\u015fkenlik g\u00f6stermektedir.<\/span><\/p>\r\n<p><span style=\"font-family: Roboto; font-size: 14px;\">\r\n\r\n<\/span><\/p>\r\n<p><span style=\"font-family: Roboto;\"><\/span><\/p>","protected":false},"excerpt":{"rendered":"<p>Estonya Ankara B\u00fcy\u00fckel\u00e7ili\u011fi Hakk\u0131nda Estonya Ankara B\u00fcy\u00fckel\u00e7ili\u011fi, Ankara ve \u00e7evresindeki Estonya vatanda\u015flar\u0131na ve T\u00fcrk vatanda\u015flar\u0131na hizmet vermektedir. Estonya\u2019n\u0131n T\u00fcrkiye\u2019de ya\u015fayan vatanda\u015flar\u0131na, konsolosluk ve noter hizmeti vermektedir. Bunun yan\u0131nda T\u00fcrkiye\u2019de bir i\u015f kurmu\u015f olan Estonya vatanda\u015flar\u0131na destek olmaktad\u0131r. Estonya\u2019ya seyahat etmek isteyen T\u00fcrk vatanda\u015flar\u0131na, Estonya seyahatleri i\u00e7in vize hizmeti sa\u011flamaktad\u0131r. Estonya vatanda\u015flar\u0131na pasaport yenileme, kimlik yenileme,<\/p>\n","protected":false},"author":1,"featured_media":0,"parent":69,"menu_order":0,"comment_status":"open","ping_status":"closed","template":"","meta":{"footnotes":""},"class_list":["post-72","page","type-page","status-publish","hentry"],"yoast_head":"<!-- This site is optimized with the Yoast SEO plugin v24.0 - https:\/\/yoast.com\/wordpress\/plugins\/seo\/ -->\n<title>Estonya Ankara B\u00fcy\u00fckel\u00e7ili\u011fi Vize \u0130\u015flemleri - MyVize<\/title>\n<meta name=\"description\" content=\"Estonya Ankara B\u00fcy\u00fckel\u00e7ili\u011fi \u0130leti\u015fim Bilgileri Telefon Numaras\u0131 Mail Adresi Bilgileri \u0130\u00e7erir. Estonya Vize Dan\u0131\u015fman\u0131 \u0130\u00e7in Hemen Aray\u0131n.\" \/>\n<meta name=\"robots\" content=\"index, follow, max-snippet:-1, max-image-preview:large, max-video-preview:-1\" \/>\n<link rel=\"canonical\" href=\"https:\/\/www.myvize.com.tr\/estonya\/konsolosluklar\/ankara-buyukelciligi\/\" \/>\n<meta property=\"og:locale\" content=\"tr_TR\" \/>\n<meta property=\"og:type\" content=\"article\" \/>\n<meta property=\"og:title\" content=\"Estonya Ankara B\u00fcy\u00fckel\u00e7ili\u011fi Vize \u0130\u015flemleri - MyVize\" \/>\n<meta property=\"og:description\" content=\"Estonya Ankara B\u00fcy\u00fckel\u00e7ili\u011fi \u0130leti\u015fim Bilgileri Telefon Numaras\u0131 Mail Adresi Bilgileri \u0130\u00e7erir. Estonya Vize Dan\u0131\u015fman\u0131 \u0130\u00e7in Hemen Aray\u0131n.\" \/>\n<meta property=\"og:url\" content=\"https:\/\/www.myvize.com.tr\/estonya\/konsolosluklar\/ankara-buyukelciligi\/\" \/>\n<meta property=\"og:site_name\" content=\"Estonya Vizesi\" \/>\n<meta property=\"article:modified_time\" content=\"2022-04-07T11:23:09+00:00\" \/>\n<meta name=\"twitter:card\" content=\"summary_large_image\" \/>\n<meta name=\"twitter:label1\" content=\"Tahmini okuma s\u00fcresi\" \/>\n\t<meta name=\"twitter:data1\" content=\"2 dakika\" \/>\n<script type=\"application\/ld+json\" class=\"yoast-schema-graph\">{\"@context\":\"https:\/\/schema.org\",\"@graph\":[{\"@type\":\"WebPage\",\"@id\":\"https:\/\/www.myvize.com.tr\/estonya\/konsolosluklar\/ankara-buyukelciligi\/\",\"url\":\"https:\/\/www.myvize.com.tr\/estonya\/konsolosluklar\/ankara-buyukelciligi\/\",\"name\":\"Estonya Ankara B\u00fcy\u00fckel\u00e7ili\u011fi Vize \u0130\u015flemleri - MyVize\",\"isPartOf\":{\"@id\":\"https:\/\/www.myvize.com.tr\/estonya\/#website\"},\"datePublished\":\"2020-11-30T09:59:09+00:00\",\"dateModified\":\"2022-04-07T11:23:09+00:00\",\"description\":\"Estonya Ankara B\u00fcy\u00fckel\u00e7ili\u011fi \u0130leti\u015fim Bilgileri Telefon Numaras\u0131 Mail Adresi Bilgileri \u0130\u00e7erir. Estonya Vize Dan\u0131\u015fman\u0131 \u0130\u00e7in Hemen Aray\u0131n.\",\"breadcrumb\":{\"@id\":\"https:\/\/www.myvize.com.tr\/estonya\/konsolosluklar\/ankara-buyukelciligi\/#breadcrumb\"},\"inLanguage\":\"tr\",\"potentialAction\":[{\"@type\":\"ReadAction\",\"target\":[\"https:\/\/www.myvize.com.tr\/estonya\/konsolosluklar\/ankara-buyukelciligi\/\"]}]},{\"@type\":\"BreadcrumbList\",\"@id\":\"https:\/\/www.myvize.com.tr\/estonya\/konsolosluklar\/ankara-buyukelciligi\/#breadcrumb\",\"itemListElement\":[{\"@type\":\"ListItem\",\"position\":1,\"name\":\"Anasayfa\",\"item\":\"https:\/\/www.myvize.com.tr\/estonya\/\"},{\"@type\":\"ListItem\",\"position\":2,\"name\":\"KONSOLOSLUKLAR\",\"item\":\"https:\/\/www.myvize.com.tr\/estonya\/konsolosluklar\/\"},{\"@type\":\"ListItem\",\"position\":3,\"name\":\"Estonya Ankara B\u00fcy\u00fckel\u00e7ili\u011fi\"}]},{\"@type\":\"WebSite\",\"@id\":\"https:\/\/www.myvize.com.tr\/estonya\/#website\",\"url\":\"https:\/\/www.myvize.com.tr\/estonya\/\",\"name\":\"Estonya Vizesi\",\"description\":\"\",\"potentialAction\":[{\"@type\":\"SearchAction\",\"target\":{\"@type\":\"EntryPoint\",\"urlTemplate\":\"https:\/\/www.myvize.com.tr\/estonya\/?s={search_term_string}\"},\"query-input\":{\"@type\":\"PropertyValueSpecification\",\"valueRequired\":true,\"valueName\":\"search_term_string\"}}],\"inLanguage\":\"tr\"}]}<\/script>\n<!-- \/ Yoast SEO plugin. -->","yoast_head_json":{"title":"Estonya Ankara B\u00fcy\u00fckel\u00e7ili\u011fi Vize \u0130\u015flemleri - MyVize","description":"Estonya Ankara B\u00fcy\u00fckel\u00e7ili\u011fi \u0130leti\u015fim Bilgileri Telefon Numaras\u0131 Mail Adresi Bilgileri \u0130\u00e7erir. Estonya Vize Dan\u0131\u015fman\u0131 \u0130\u00e7in Hemen Aray\u0131n.","robots":{"index":"index","follow":"follow","max-snippet":"max-snippet:-1","max-image-preview":"max-image-preview:large","max-video-preview":"max-video-preview:-1"},"canonical":"https:\/\/www.myvize.com.tr\/estonya\/konsolosluklar\/ankara-buyukelciligi\/","og_locale":"tr_TR","og_type":"article","og_title":"Estonya Ankara B\u00fcy\u00fckel\u00e7ili\u011fi Vize \u0130\u015flemleri - MyVize","og_description":"Estonya Ankara B\u00fcy\u00fckel\u00e7ili\u011fi \u0130leti\u015fim Bilgileri Telefon Numaras\u0131 Mail Adresi Bilgileri \u0130\u00e7erir. Estonya Vize Dan\u0131\u015fman\u0131 \u0130\u00e7in Hemen Aray\u0131n.","og_url":"https:\/\/www.myvize.com.tr\/estonya\/konsolosluklar\/ankara-buyukelciligi\/","og_site_name":"Estonya Vizesi","article_modified_time":"2022-04-07T11:23:09+00:00","twitter_card":"summary_large_image","twitter_misc":{"Tahmini okuma s\u00fcresi":"2 dakika"},"schema":{"@context":"https:\/\/schema.org","@graph":[{"@type":"WebPage","@id":"https:\/\/www.myvize.com.tr\/estonya\/konsolosluklar\/ankara-buyukelciligi\/","url":"https:\/\/www.myvize.com.tr\/estonya\/konsolosluklar\/ankara-buyukelciligi\/","name":"Estonya Ankara B\u00fcy\u00fckel\u00e7ili\u011fi Vize \u0130\u015flemleri - MyVize","isPartOf":{"@id":"https:\/\/www.myvize.com.tr\/estonya\/#website"},"datePublished":"2020-11-30T09:59:09+00:00","dateModified":"2022-04-07T11:23:09+00:00","description":"Estonya Ankara B\u00fcy\u00fckel\u00e7ili\u011fi \u0130leti\u015fim Bilgileri Telefon Numaras\u0131 Mail Adresi Bilgileri \u0130\u00e7erir. Estonya Vize Dan\u0131\u015fman\u0131 \u0130\u00e7in Hemen Aray\u0131n.","breadcrumb":{"@id":"https:\/\/www.myvize.com.tr\/estonya\/konsolosluklar\/ankara-buyukelciligi\/#breadcrumb"},"inLanguage":"tr","potentialAction":[{"@type":"ReadAction","target":["https:\/\/www.myvize.com.tr\/estonya\/konsolosluklar\/ankara-buyukelciligi\/"]}]},{"@type":"BreadcrumbList","@id":"https:\/\/www.myvize.com.tr\/estonya\/konsolosluklar\/ankara-buyukelciligi\/#breadcrumb","itemListElement":[{"@type":"ListItem","position":1,"name":"Anasayfa","item":"https:\/\/www.myvize.com.tr\/estonya\/"},{"@type":"ListItem","position":2,"name":"KONSOLOSLUKLAR","item":"https:\/\/www.myvize.com.tr\/estonya\/konsolosluklar\/"},{"@type":"ListItem","position":3,"name":"Estonya Ankara B\u00fcy\u00fckel\u00e7ili\u011fi"}]},{"@type":"WebSite","@id":"https:\/\/www.myvize.com.tr\/estonya\/#website","url":"https:\/\/www.myvize.com.tr\/estonya\/","name":"Estonya Vizesi","description":"","potentialAction":[{"@type":"SearchAction","target":{"@type":"EntryPoint","urlTemplate":"https:\/\/www.myvize.com.tr\/estonya\/?s={search_term_string}"},"query-input":{"@type":"PropertyValueSpecification","valueRequired":true,"valueName":"search_term_string"}}],"inLanguage":"tr"}]}},"_links":{"self":[{"href":"https:\/\/www.myvize.com.tr\/estonya\/wp-json\/wp\/v2\/pages\/72","targetHints":{"allow":["GET"]}}],"collection":[{"href":"https:\/\/www.myvize.com.tr\/estonya\/wp-json\/wp\/v2\/pages"}],"about":[{"href":"https:\/\/www.myvize.com.tr\/estonya\/wp-json\/wp\/v2\/types\/page"}],"author":[{"embeddable":true,"href":"https:\/\/www.myvize.com.tr\/estonya\/wp-json\/wp\/v2\/users\/1"}],"replies":[{"embeddable":true,"href":"https:\/\/www.myvize.com.tr\/estonya\/wp-json\/wp\/v2\/comments?post=72"}],"version-history":[{"count":6,"href":"https:\/\/www.myvize.com.tr\/estonya\/wp-json\/wp\/v2\/pages\/72\/revisions"}],"predecessor-version":[{"id":751,"href":"https:\/\/www.myvize.com.tr\/estonya\/wp-json\/wp\/v2\/pages\/72\/revisions\/751"}],"up":[{"embeddable":true,"href":"https:\/\/www.myvize.com.tr\/estonya\/wp-json\/wp\/v2\/pages\/69"}],"wp:attachment":[{"href":"https:\/\/www.myvize.com.tr\/estonya\/wp-json\/wp\/v2\/media?parent=72"}],"curies":[{"name":"wp","href":"https:\/\/api.w.org\/{rel}","templated":true}]}}