{"id":74,"date":"2020-11-30T13:02:26","date_gmt":"2020-11-30T10:02:26","guid":{"rendered":"https:\/\/www.myvize.com.tr\/estonya\/?page_id=74"},"modified":"2022-04-07T14:23:42","modified_gmt":"2022-04-07T11:23:42","slug":"antalya-konsoloslugu","status":"publish","type":"page","link":"https:\/\/www.myvize.com.tr\/estonya\/konsolosluklar\/antalya-konsoloslugu\/","title":{"rendered":"Estonya Antalya Konsoloslu\u011fu"},"content":{"rendered":"<h2><strong><span style=\"font-family: Roboto; font-size: 27px;\">Estonya Antalya Konsoloslu\u011fu Hakk\u0131nda<\/span><\/strong><\/h2>\n<p><span style=\"font-family: Roboto; font-size: 14px;\"><strong>Estonya Antalya Konsoloslu\u011fu<\/strong>,<span style=\"color: #2acec2;\"><strong><a style=\"color: #2acec2;\" href=\"https:\/\/www.myvize.com.tr\/estonya\/konsolosluklar\/ankara-buyukelciligi\/\" target=\"_blank\" rel=\"noopener\"> Estonya Ankara B\u00fcy\u00fckel\u00e7ili\u011fi <\/a><\/strong><\/span>alt\u0131nda \u00e7al\u0131\u015fmaktad\u0131r. Estonya ve T\u00fcrk h\u00fck\u00fcmetleri aras\u0131ndaki ba\u011flar\u0131 desteklemektedir. Estonya ile Antalya b\u00f6lgesindeki ili\u015fkileri y\u00f6netir, kamu diplomasi program\u0131 y\u00fcr\u00fct\u00fcr. Estonya ile T\u00fcrkiye\u2019nin Antalya ili aras\u0131ndaki ticari \u00e7al\u0131\u015fmalar\u0131 d\u00fczenler. \u0130ki \u00fclke aras\u0131ndaki ticareti te\u015fvik eder. Yetki alan\u0131 Antalya ve \u00e7evresidir.<\/span><\/p>\n<p><span style=\"font-family: Roboto; font-size: 14px;\"><strong>Estonya vatanda\u015flar\u0131na<\/strong> konsolosluk hizmeti vermektedir.\u00a0 Belirli bir ama\u00e7 i\u00e7in Estonya&#8217;ya seyahat etmek isteyen ki\u015filere vize hizmeti sa\u011flamaktad\u0131r.\u00a0T\u00fcrkiye\u2019deki Estonya ve Estonya vatanda\u015flar\u0131n\u0131n\u00a0siyasi, ekonomi\u00a0ve g\u00fcvenlik alan\u0131ndaki \u00e7\u0131karlar\u0131n\u0131 korumak amac\u0131 ile \u00e7al\u0131\u015fmaktad\u0131r. T\u00fcrkiye\u2019de \u00e7al\u0131\u015fan, i\u015f kurmu\u015f, e\u011fitim g\u00f6ren, t\u0131bbi tedavi alan Estonya vatanda\u015flar\u0131na her alanda yard\u0131mc\u0131 olmaktad\u0131r. <strong>Estonya Antalya Konsoloslu\u011fu<\/strong> bu i\u015flemleri yaparken T\u00fcrkiye hukuku, <strong>Estonya Hukuku<\/strong> ve uluslararas\u0131 hukuka ba\u011fl\u0131 kalmaktad\u0131r.<\/span><\/p>\n<h2><span style=\"font-family: Roboto; font-size: 27px;\"><strong>Estonya Antalya Konsoloslu\u011fu Adresi ve \u00c7al\u0131\u015fma Saatleri<\/strong><\/span><\/h2>\n<p><span style=\"font-family: Roboto; font-size: 14px;\">Adresi:\u00a0<strong>\u00a0<\/strong>Tar\u0131m Mahallesi, Aspendos Bulvar\u0131, Akay Plaza, No: 274, PK: 07200 Antalya Merkez\/Antalya<\/span><\/p>\n<p><span style=\"font-family: Roboto; font-size: 14px;\">\u00c7al\u0131ma Saatleri: <strong>Estonya Antalya Konsoloslu\u011fu<\/strong>, hafta i\u00e7i her g\u00fcn saat 09.30 ile 13.30 ve 14.30 ile 17.30 aras\u0131nda \u00e7al\u0131\u015fmaktad\u0131r. T\u00fcrkiye ile Estonya resmi tatillerinde hizmet vermemektedir.<\/span><\/p>\n","protected":false},"excerpt":{"rendered":"<p>Estonya Antalya Konsoloslu\u011fu Hakk\u0131nda Estonya Antalya Konsoloslu\u011fu, Estonya Ankara B\u00fcy\u00fckel\u00e7ili\u011fi alt\u0131nda \u00e7al\u0131\u015fmaktad\u0131r. Estonya ve T\u00fcrk h\u00fck\u00fcmetleri aras\u0131ndaki ba\u011flar\u0131 desteklemektedir. Estonya ile Antalya b\u00f6lgesindeki ili\u015fkileri y\u00f6netir, kamu diplomasi program\u0131 y\u00fcr\u00fct\u00fcr. Estonya ile T\u00fcrkiye\u2019nin Antalya ili aras\u0131ndaki ticari \u00e7al\u0131\u015fmalar\u0131 d\u00fczenler. \u0130ki \u00fclke aras\u0131ndaki ticareti te\u015fvik eder. Yetki alan\u0131 Antalya ve \u00e7evresidir. Estonya vatanda\u015flar\u0131na konsolosluk hizmeti vermektedir.\u00a0 Belirli<\/p>\n","protected":false},"author":1,"featured_media":0,"parent":69,"menu_order":0,"comment_status":"open","ping_status":"closed","template":"","meta":{"footnotes":""},"class_list":["post-74","page","type-page","status-publish","hentry"],"yoast_head":"<!-- This site is optimized with the Yoast SEO plugin v24.0 - https:\/\/yoast.com\/wordpress\/plugins\/seo\/ -->\n<title>Estonya Antalya Konsoloslu\u011fu - MyVize Vize Ba\u015fvuru Merkezi<\/title>\n<meta name=\"description\" content=\"Estonya Konsoloslu\u011fu Antalya \u00e7al\u0131\u015fma saatleri. Estonya Konsoloslu\u011fu Antalya ula\u015f\u0131m, ileti\u015fim bilgileri ve faaliyet alan\u0131.\" \/>\n<meta name=\"robots\" content=\"index, follow, max-snippet:-1, max-image-preview:large, max-video-preview:-1\" \/>\n<link rel=\"canonical\" href=\"https:\/\/www.myvize.com.tr\/estonya\/konsolosluklar\/antalya-konsoloslugu\/\" \/>\n<meta property=\"og:locale\" content=\"tr_TR\" \/>\n<meta property=\"og:type\" content=\"article\" \/>\n<meta property=\"og:title\" content=\"Estonya Antalya Konsoloslu\u011fu - MyVize Vize Ba\u015fvuru Merkezi\" \/>\n<meta property=\"og:description\" content=\"Estonya Konsoloslu\u011fu Antalya \u00e7al\u0131\u015fma saatleri. Estonya Konsoloslu\u011fu Antalya ula\u015f\u0131m, ileti\u015fim bilgileri ve faaliyet alan\u0131.\" \/>\n<meta property=\"og:url\" content=\"https:\/\/www.myvize.com.tr\/estonya\/konsolosluklar\/antalya-konsoloslugu\/\" \/>\n<meta property=\"og:site_name\" content=\"Estonya Vizesi\" \/>\n<meta property=\"article:modified_time\" content=\"2022-04-07T11:23:42+00:00\" \/>\n<meta name=\"twitter:card\" content=\"summary_large_image\" \/>\n<meta name=\"twitter:label1\" content=\"Tahmini okuma s\u00fcresi\" \/>\n\t<meta name=\"twitter:data1\" content=\"1 dakika\" \/>\n<script type=\"application\/ld+json\" class=\"yoast-schema-graph\">{\"@context\":\"https:\/\/schema.org\",\"@graph\":[{\"@type\":\"WebPage\",\"@id\":\"https:\/\/www.myvize.com.tr\/estonya\/konsolosluklar\/antalya-konsoloslugu\/\",\"url\":\"https:\/\/www.myvize.com.tr\/estonya\/konsolosluklar\/antalya-konsoloslugu\/\",\"name\":\"Estonya Antalya Konsoloslu\u011fu - MyVize Vize Ba\u015fvuru Merkezi\",\"isPartOf\":{\"@id\":\"https:\/\/www.myvize.com.tr\/estonya\/#website\"},\"datePublished\":\"2020-11-30T10:02:26+00:00\",\"dateModified\":\"2022-04-07T11:23:42+00:00\",\"description\":\"Estonya Konsoloslu\u011fu Antalya \u00e7al\u0131\u015fma saatleri. Estonya Konsoloslu\u011fu Antalya ula\u015f\u0131m, ileti\u015fim bilgileri ve faaliyet alan\u0131.\",\"breadcrumb\":{\"@id\":\"https:\/\/www.myvize.com.tr\/estonya\/konsolosluklar\/antalya-konsoloslugu\/#breadcrumb\"},\"inLanguage\":\"tr\",\"potentialAction\":[{\"@type\":\"ReadAction\",\"target\":[\"https:\/\/www.myvize.com.tr\/estonya\/konsolosluklar\/antalya-konsoloslugu\/\"]}]},{\"@type\":\"BreadcrumbList\",\"@id\":\"https:\/\/www.myvize.com.tr\/estonya\/konsolosluklar\/antalya-konsoloslugu\/#breadcrumb\",\"itemListElement\":[{\"@type\":\"ListItem\",\"position\":1,\"name\":\"Anasayfa\",\"item\":\"https:\/\/www.myvize.com.tr\/estonya\/\"},{\"@type\":\"ListItem\",\"position\":2,\"name\":\"KONSOLOSLUKLAR\",\"item\":\"https:\/\/www.myvize.com.tr\/estonya\/konsolosluklar\/\"},{\"@type\":\"ListItem\",\"position\":3,\"name\":\"Estonya Antalya Konsoloslu\u011fu\"}]},{\"@type\":\"WebSite\",\"@id\":\"https:\/\/www.myvize.com.tr\/estonya\/#website\",\"url\":\"https:\/\/www.myvize.com.tr\/estonya\/\",\"name\":\"Estonya Vizesi\",\"description\":\"\",\"potentialAction\":[{\"@type\":\"SearchAction\",\"target\":{\"@type\":\"EntryPoint\",\"urlTemplate\":\"https:\/\/www.myvize.com.tr\/estonya\/?s={search_term_string}\"},\"query-input\":{\"@type\":\"PropertyValueSpecification\",\"valueRequired\":true,\"valueName\":\"search_term_string\"}}],\"inLanguage\":\"tr\"}]}<\/script>\n<!-- \/ Yoast SEO plugin. -->","yoast_head_json":{"title":"Estonya Antalya Konsoloslu\u011fu - MyVize Vize Ba\u015fvuru Merkezi","description":"Estonya Konsoloslu\u011fu Antalya \u00e7al\u0131\u015fma saatleri. Estonya Konsoloslu\u011fu Antalya ula\u015f\u0131m, ileti\u015fim bilgileri ve faaliyet alan\u0131.","robots":{"index":"index","follow":"follow","max-snippet":"max-snippet:-1","max-image-preview":"max-image-preview:large","max-video-preview":"max-video-preview:-1"},"canonical":"https:\/\/www.myvize.com.tr\/estonya\/konsolosluklar\/antalya-konsoloslugu\/","og_locale":"tr_TR","og_type":"article","og_title":"Estonya Antalya Konsoloslu\u011fu - MyVize Vize Ba\u015fvuru Merkezi","og_description":"Estonya Konsoloslu\u011fu Antalya \u00e7al\u0131\u015fma saatleri. Estonya Konsoloslu\u011fu Antalya ula\u015f\u0131m, ileti\u015fim bilgileri ve faaliyet alan\u0131.","og_url":"https:\/\/www.myvize.com.tr\/estonya\/konsolosluklar\/antalya-konsoloslugu\/","og_site_name":"Estonya Vizesi","article_modified_time":"2022-04-07T11:23:42+00:00","twitter_card":"summary_large_image","twitter_misc":{"Tahmini okuma s\u00fcresi":"1 dakika"},"schema":{"@context":"https:\/\/schema.org","@graph":[{"@type":"WebPage","@id":"https:\/\/www.myvize.com.tr\/estonya\/konsolosluklar\/antalya-konsoloslugu\/","url":"https:\/\/www.myvize.com.tr\/estonya\/konsolosluklar\/antalya-konsoloslugu\/","name":"Estonya Antalya Konsoloslu\u011fu - MyVize Vize Ba\u015fvuru Merkezi","isPartOf":{"@id":"https:\/\/www.myvize.com.tr\/estonya\/#website"},"datePublished":"2020-11-30T10:02:26+00:00","dateModified":"2022-04-07T11:23:42+00:00","description":"Estonya Konsoloslu\u011fu Antalya \u00e7al\u0131\u015fma saatleri. Estonya Konsoloslu\u011fu Antalya ula\u015f\u0131m, ileti\u015fim bilgileri ve faaliyet alan\u0131.","breadcrumb":{"@id":"https:\/\/www.myvize.com.tr\/estonya\/konsolosluklar\/antalya-konsoloslugu\/#breadcrumb"},"inLanguage":"tr","potentialAction":[{"@type":"ReadAction","target":["https:\/\/www.myvize.com.tr\/estonya\/konsolosluklar\/antalya-konsoloslugu\/"]}]},{"@type":"BreadcrumbList","@id":"https:\/\/www.myvize.com.tr\/estonya\/konsolosluklar\/antalya-konsoloslugu\/#breadcrumb","itemListElement":[{"@type":"ListItem","position":1,"name":"Anasayfa","item":"https:\/\/www.myvize.com.tr\/estonya\/"},{"@type":"ListItem","position":2,"name":"KONSOLOSLUKLAR","item":"https:\/\/www.myvize.com.tr\/estonya\/konsolosluklar\/"},{"@type":"ListItem","position":3,"name":"Estonya Antalya Konsoloslu\u011fu"}]},{"@type":"WebSite","@id":"https:\/\/www.myvize.com.tr\/estonya\/#website","url":"https:\/\/www.myvize.com.tr\/estonya\/","name":"Estonya Vizesi","description":"","potentialAction":[{"@type":"SearchAction","target":{"@type":"EntryPoint","urlTemplate":"https:\/\/www.myvize.com.tr\/estonya\/?s={search_term_string}"},"query-input":{"@type":"PropertyValueSpecification","valueRequired":true,"valueName":"search_term_string"}}],"inLanguage":"tr"}]}},"_links":{"self":[{"href":"https:\/\/www.myvize.com.tr\/estonya\/wp-json\/wp\/v2\/pages\/74","targetHints":{"allow":["GET"]}}],"collection":[{"href":"https:\/\/www.myvize.com.tr\/estonya\/wp-json\/wp\/v2\/pages"}],"about":[{"href":"https:\/\/www.myvize.com.tr\/estonya\/wp-json\/wp\/v2\/types\/page"}],"author":[{"embeddable":true,"href":"https:\/\/www.myvize.com.tr\/estonya\/wp-json\/wp\/v2\/users\/1"}],"replies":[{"embeddable":true,"href":"https:\/\/www.myvize.com.tr\/estonya\/wp-json\/wp\/v2\/comments?post=74"}],"version-history":[{"count":4,"href":"https:\/\/www.myvize.com.tr\/estonya\/wp-json\/wp\/v2\/pages\/74\/revisions"}],"predecessor-version":[{"id":752,"href":"https:\/\/www.myvize.com.tr\/estonya\/wp-json\/wp\/v2\/pages\/74\/revisions\/752"}],"up":[{"embeddable":true,"href":"https:\/\/www.myvize.com.tr\/estonya\/wp-json\/wp\/v2\/pages\/69"}],"wp:attachment":[{"href":"https:\/\/www.myvize.com.tr\/estonya\/wp-json\/wp\/v2\/media?parent=74"}],"curies":[{"name":"wp","href":"https:\/\/api.w.org\/{rel}","templated":true}]}}