{"id":76,"date":"2020-11-30T13:03:06","date_gmt":"2020-11-30T10:03:06","guid":{"rendered":"https:\/\/www.myvize.com.tr\/estonya\/?page_id=76"},"modified":"2022-04-07T14:25:09","modified_gmt":"2022-04-07T11:25:09","slug":"estonya-istanbul-fahri-konsoloslugu","status":"publish","type":"page","link":"https:\/\/www.myvize.com.tr\/estonya\/konsolosluklar\/estonya-istanbul-fahri-konsoloslugu\/","title":{"rendered":"Estonya \u0130stanbul Konsoloslu\u011fu"},"content":{"rendered":"<p><span style=\"font-family: Roboto;\"><\/span><\/p>\r\n<p><span style=\"font-family: Roboto; font-size: 14px;\">\u00a0\u00a0\u00a0\u00a0\u00a0\u00a0\u00a0\u00a0\u00a0\u00a0\u00a0\u00a0\u00a0\u00a0\u00a0\u00a0<strong>\u0130stanbul Estonya Konsoloslu\u011fu,\u00a0<\/strong>T\u00fcrkiye Cumhuriyetinde ikamet eden Estonya vatanda\u015flar\u0131na hizmet vermek bu vatanda\u015flar\u0131n resmi meselelerini halletmek ve bu i\u015fleri y\u00fcr\u00fctmekten sorumlu bir kurumdur. Sadece Estonya vatanda\u015flar\u0131ndan sorumlu olmayan\u00a0<strong>\u0130stanbul Estonya Konsoloslu\u011fu\u00a0<\/strong>ayn\u0131 zamanda T\u00fcrk vatanda\u015flar\u0131 i\u00e7in B\u00fcy\u00fckel\u00e7ilikten sonra vize ba\u015fvurusu meselesinde en yetkili kurumdur.\u00a0 T\u00fcrkiye Cumhuriyeti vatanda\u015flar\u0131<strong> \u0130stanbul Estonya Konsoloslu\u011funa<\/strong> gidip ba\u015fvurular\u0131n\u0131 yapabilirler. Her vize ba\u015fvurusu gibi bu ba\u015fvuru a\u015famas\u0131nda da formlar\u0131n\u0131 eksiksiz doldurmalar\u0131 gerekmektedir. Sadece \u0130stanbul ve \u00e7evresindeki illerin ba\u015fvurusuyla s\u0131n\u0131rl\u0131 olan kurum t\u00fcm illerden ba\u015fvuru almamaktad\u0131r ve birka\u00e7 g\u00fcn i\u00e7erisinde ba\u015fvurular\u0131n de\u011ferlendirilmesi sonu\u00e7lanmaktad\u0131r. <span style=\"color: #2acec2;\"><strong><a style=\"color: #2acec2;\" href=\"https:\/\/www.myvize.com.tr\/estonya\/vize-islemleri\/\" target=\"_blank\" rel=\"noopener\">Vize i\u015flemleri<\/a><\/strong><\/span> \u00f6ncesi yenilenmi\u015f pasaport avantaj sa\u011flayacakt\u0131r. Ba\u015fvuru formunu eksiksiz doldurman\u0131z ve \u015fartlara da uyman\u0131z halinde \u0130stanbul Estonya Konsoloslu\u011fundan vize alman\u0131z i\u00e7in akl\u0131n\u0131zda hi\u00e7bir soru i\u015fareti kalmayacak ve Estonya i\u00e7in vizenizi s\u0131k\u0131nt\u0131s\u0131z bir \u015fekilde halledeceksiniz.<\/span><\/p>\r\n<p><span style=\"font-family: Roboto; font-size: 14px;\">\r\n\r\n<\/span><\/p>\r\n<p><span style=\"font-size: 20px;\"><strong><span style=\"font-family: Roboto;\">\u0130stanbul Estonya Konsoloslu\u011fu Mesai Saatleri Ka\u00e7la Ka\u00e7 Aras\u0131d\u0131r?<\/span><\/strong><\/span><\/p>\r\n<p><span style=\"font-family: Roboto; font-size: 14px;\">\r\n\r\n<\/span><\/p>\r\n<p><span style=\"font-family: Roboto; font-size: 14px;\">\u00a0\u00a0\u00a0\u00a0\u00a0\u00a0\u00a0\u00a0\u00a0\u00a0\u00a0\u00a0\u00a0\u00a0\u00a0\u00a0<strong>\u0130stanbul Estonya Konsoloslu\u011fu\u00a0<\/strong>\u00e7al\u0131\u015fma saatleri sadece hafta i\u00e7i her g\u00fcn 10.00 ile 17.00 aras\u0131 a\u00e7\u0131kt\u0131r ve hizmet vermektedir. Kurum resmi tatillerde ve hafta sonlar\u0131 kapal\u0131d\u0131r ve hizmet vermemektedir. Sadece T\u00fcrkiye Cumhuriyeti resmi tatillerinde olmamakla beraber Estonya resmi tatillerinde de hizmet veremeyen <strong>\u0130stanbul Estonya Konsoloslu\u011fu<\/strong> bu d\u00f6nemlerde de kapal\u0131d\u0131r.<\/span><\/p>\r\n<h2><strong><span style=\"font-family: Roboto; font-size: 27px;\">Estonya \u0130stanbul Konsoloslu\u011fu Hakk\u0131nda<\/span><\/strong><\/h2>\r\n<p><span style=\"font-family: Roboto; font-size: 14px;\">Estonya\u2019n\u0131n \u0130stanbul\u2019da bulunan Fahri Konsoloslu\u011fu, Estonya\u2019n\u0131n T\u00fcrkiye\u2019de bulanan resmi olmayan temsilciliklerindendir. Ancak <strong>Estonya \u0130stanbul Fahri Konsoloslu\u011fu\u2019nun<\/strong> diplomatik bir yetkisi bulunmamaktad\u0131r. \u0130stanbul\u2019da ba\u015fkonsolosluk kurulmas\u0131na gerek g\u00f6r\u00fclmedi\u011fi i\u00e7in kurulmu\u015ftur. As\u0131l olarak amac\u0131 \u0130stanbul ve \u00e7evresinde Estonya ad\u0131na ticari ili\u015fkileri y\u00f6netmek ile ilgilenmektedir. Estonya\u2019n\u0131n T\u00fcrkiye\u2019de bulunan \u0130stanbul Fahri Konsoloslu\u011fu\u2019nun g\u00f6revleri a\u015fa\u011f\u0131da verilmi\u015ftir.<\/span><\/p>\r\n<p><span style=\"font-family: Roboto; font-size: 14px;\"><strong>Ticari G\u00f6revi:\u00a0<\/strong>T\u00fcrkiye\u2019de bulunan <strong>Estonya \u0130stanbul Konsoloslu\u011fu<\/strong>, T\u00fcrkiye\u2019nin \u0130stanbul ilinde bulunan Estonya\u2019n\u0131n ticari ili\u015fkilerini d\u00fczenlemektedir. \u0130stanbul ve \u00e7evresinde, Estonya ad\u0131na ticari i\u015fbirli\u011fi yapmay\u0131 ama\u00e7lamaktad\u0131r.<\/span><\/p>\r\n<p><span style=\"font-family: Roboto; font-size: 14px;\"><strong>Konsolosluk G\u00f6revi:\u00a0Estonya \u0130stanbul Fahri Konsoloslu\u011fu<\/strong>,<span style=\"color: #2acec2;\"><strong><a style=\"color: #2acec2;\" href=\"https:\/\/www.myvize.com.tr\/estonya\/subelerimiz\/istanbul\/\" target=\"_blank\" rel=\"noopener\"> \u0130stanbul <\/a><\/strong><\/span>ve \u00e7evresinde ya\u015fayan Estonya vatanda\u015flar\u0131na sadece acil durumlarda belge tasdiki ve ya\u015fam belgesi d\u00fczenlemektedir. \u00a0Vize hizmeti vermemektedir.<\/span><\/p>\r\n<p><span style=\"font-family: Roboto; font-size: 14px;\"><strong>Sosyal ve K\u00fclt\u00fcrel G\u00f6revi:\u00a0<\/strong>\u0130stanbul ile Estonya aras\u0131nda k\u00fclt\u00fcr al\u0131\u015fveri\u015fi yapmaktad\u0131r. \u0130stanbul ve \u00e7evresinde, Estonya k\u00fclt\u00fcr\u00fcn\u00fc tan\u0131tmay\u0131 ama\u00e7lamaktad\u0131r.<\/span><\/p>\r\n<p><span style=\"font-family: Roboto; font-size: 20px;\"><strong>Estonya \u0130stanbul Konsoloslu\u011fu Adresi\u00a0<\/strong><\/span><\/p>\r\n<p><span style=\"font-family: Roboto; font-size: 14px;\">Adresi: Harbiye Mahallesi, Cumhuriyet Caddesi, No: 46, PK: 34367 \u015ei\u015fli\/\u0130stanbul<\/span><\/p>\r\n<p><span style=\"font-family: Roboto; font-size: 14px;\"><span style=\"color: #2acec2;\"><strong><a style=\"color: #2acec2;\" href=\"https:\/\/www.myvize.com.tr\/estonya\/vize-islemleri\/estonya-vize-reddi\/\" target=\"_blank\" rel=\"noopener\">Estonya Vize Reddi<\/a><\/strong><\/span> ile ilgili bilgi almak i\u00e7in bizi aray\u0131n\u0131z.<\/span><\/p>\r\n<p><span style=\"font-family: Roboto;\"><\/span><\/p>","protected":false},"excerpt":{"rendered":"<p>\u00a0\u00a0\u00a0\u00a0\u00a0\u00a0\u00a0\u00a0\u00a0\u00a0\u00a0\u00a0\u00a0\u00a0\u00a0\u00a0\u0130stanbul Estonya Konsoloslu\u011fu,\u00a0T\u00fcrkiye Cumhuriyetinde ikamet eden Estonya vatanda\u015flar\u0131na hizmet vermek bu vatanda\u015flar\u0131n resmi meselelerini halletmek ve bu i\u015fleri y\u00fcr\u00fctmekten sorumlu bir kurumdur. Sadece Estonya vatanda\u015flar\u0131ndan sorumlu olmayan\u00a0\u0130stanbul Estonya Konsoloslu\u011fu\u00a0ayn\u0131 zamanda T\u00fcrk vatanda\u015flar\u0131 i\u00e7in B\u00fcy\u00fckel\u00e7ilikten sonra vize ba\u015fvurusu meselesinde en yetkili kurumdur.\u00a0 T\u00fcrkiye Cumhuriyeti vatanda\u015flar\u0131 \u0130stanbul Estonya Konsoloslu\u011funa gidip ba\u015fvurular\u0131n\u0131 yapabilirler. Her vize ba\u015fvurusu gibi bu<\/p>\n","protected":false},"author":1,"featured_media":0,"parent":69,"menu_order":0,"comment_status":"open","ping_status":"closed","template":"","meta":{"footnotes":""},"class_list":["post-76","page","type-page","status-publish","hentry"],"yoast_head":"<!-- This site is optimized with the Yoast SEO plugin v24.0 - https:\/\/yoast.com\/wordpress\/plugins\/seo\/ -->\n<title>Estonya \u0130stanbul Konsoloslu\u011fu Vize \u0130\u015flemleri - MyVize<\/title>\n<meta name=\"description\" content=\"Estonya \u0130stanbul Konsoloslu\u011fu \u0130leti\u015fim Bilgileri Telefon Numaras\u0131 Mail Adresi Bilgileri \u0130\u00e7erir. Estonya Vize Dan\u0131\u015fman\u0131 \u0130\u00e7in Hemen Aray\u0131n.\" \/>\n<meta name=\"robots\" content=\"index, follow, max-snippet:-1, max-image-preview:large, max-video-preview:-1\" \/>\n<link rel=\"canonical\" href=\"https:\/\/www.myvize.com.tr\/estonya\/konsolosluklar\/estonya-istanbul-fahri-konsoloslugu\/\" \/>\n<meta property=\"og:locale\" content=\"tr_TR\" \/>\n<meta property=\"og:type\" content=\"article\" \/>\n<meta property=\"og:title\" content=\"Estonya \u0130stanbul Konsoloslu\u011fu Vize \u0130\u015flemleri - MyVize\" \/>\n<meta property=\"og:description\" content=\"Estonya \u0130stanbul Konsoloslu\u011fu \u0130leti\u015fim Bilgileri Telefon Numaras\u0131 Mail Adresi Bilgileri \u0130\u00e7erir. Estonya Vize Dan\u0131\u015fman\u0131 \u0130\u00e7in Hemen Aray\u0131n.\" \/>\n<meta property=\"og:url\" content=\"https:\/\/www.myvize.com.tr\/estonya\/konsolosluklar\/estonya-istanbul-fahri-konsoloslugu\/\" \/>\n<meta property=\"og:site_name\" content=\"Estonya Vizesi\" \/>\n<meta property=\"article:modified_time\" content=\"2022-04-07T11:25:09+00:00\" \/>\n<meta name=\"twitter:card\" content=\"summary_large_image\" \/>\n<meta name=\"twitter:label1\" content=\"Tahmini okuma s\u00fcresi\" \/>\n\t<meta name=\"twitter:data1\" content=\"2 dakika\" \/>\n<script type=\"application\/ld+json\" class=\"yoast-schema-graph\">{\"@context\":\"https:\/\/schema.org\",\"@graph\":[{\"@type\":\"WebPage\",\"@id\":\"https:\/\/www.myvize.com.tr\/estonya\/konsolosluklar\/estonya-istanbul-fahri-konsoloslugu\/\",\"url\":\"https:\/\/www.myvize.com.tr\/estonya\/konsolosluklar\/estonya-istanbul-fahri-konsoloslugu\/\",\"name\":\"Estonya \u0130stanbul Konsoloslu\u011fu Vize \u0130\u015flemleri - MyVize\",\"isPartOf\":{\"@id\":\"https:\/\/www.myvize.com.tr\/estonya\/#website\"},\"datePublished\":\"2020-11-30T10:03:06+00:00\",\"dateModified\":\"2022-04-07T11:25:09+00:00\",\"description\":\"Estonya \u0130stanbul Konsoloslu\u011fu \u0130leti\u015fim Bilgileri Telefon Numaras\u0131 Mail Adresi Bilgileri \u0130\u00e7erir. Estonya Vize Dan\u0131\u015fman\u0131 \u0130\u00e7in Hemen Aray\u0131n.\",\"breadcrumb\":{\"@id\":\"https:\/\/www.myvize.com.tr\/estonya\/konsolosluklar\/estonya-istanbul-fahri-konsoloslugu\/#breadcrumb\"},\"inLanguage\":\"tr\",\"potentialAction\":[{\"@type\":\"ReadAction\",\"target\":[\"https:\/\/www.myvize.com.tr\/estonya\/konsolosluklar\/estonya-istanbul-fahri-konsoloslugu\/\"]}]},{\"@type\":\"BreadcrumbList\",\"@id\":\"https:\/\/www.myvize.com.tr\/estonya\/konsolosluklar\/estonya-istanbul-fahri-konsoloslugu\/#breadcrumb\",\"itemListElement\":[{\"@type\":\"ListItem\",\"position\":1,\"name\":\"Anasayfa\",\"item\":\"https:\/\/www.myvize.com.tr\/estonya\/\"},{\"@type\":\"ListItem\",\"position\":2,\"name\":\"KONSOLOSLUKLAR\",\"item\":\"https:\/\/www.myvize.com.tr\/estonya\/konsolosluklar\/\"},{\"@type\":\"ListItem\",\"position\":3,\"name\":\"Estonya \u0130stanbul Konsoloslu\u011fu\"}]},{\"@type\":\"WebSite\",\"@id\":\"https:\/\/www.myvize.com.tr\/estonya\/#website\",\"url\":\"https:\/\/www.myvize.com.tr\/estonya\/\",\"name\":\"Estonya Vizesi\",\"description\":\"\",\"potentialAction\":[{\"@type\":\"SearchAction\",\"target\":{\"@type\":\"EntryPoint\",\"urlTemplate\":\"https:\/\/www.myvize.com.tr\/estonya\/?s={search_term_string}\"},\"query-input\":{\"@type\":\"PropertyValueSpecification\",\"valueRequired\":true,\"valueName\":\"search_term_string\"}}],\"inLanguage\":\"tr\"}]}<\/script>\n<!-- \/ Yoast SEO plugin. -->","yoast_head_json":{"title":"Estonya \u0130stanbul Konsoloslu\u011fu Vize \u0130\u015flemleri - MyVize","description":"Estonya \u0130stanbul Konsoloslu\u011fu \u0130leti\u015fim Bilgileri Telefon Numaras\u0131 Mail Adresi Bilgileri \u0130\u00e7erir. Estonya Vize Dan\u0131\u015fman\u0131 \u0130\u00e7in Hemen Aray\u0131n.","robots":{"index":"index","follow":"follow","max-snippet":"max-snippet:-1","max-image-preview":"max-image-preview:large","max-video-preview":"max-video-preview:-1"},"canonical":"https:\/\/www.myvize.com.tr\/estonya\/konsolosluklar\/estonya-istanbul-fahri-konsoloslugu\/","og_locale":"tr_TR","og_type":"article","og_title":"Estonya \u0130stanbul Konsoloslu\u011fu Vize \u0130\u015flemleri - MyVize","og_description":"Estonya \u0130stanbul Konsoloslu\u011fu \u0130leti\u015fim Bilgileri Telefon Numaras\u0131 Mail Adresi Bilgileri \u0130\u00e7erir. Estonya Vize Dan\u0131\u015fman\u0131 \u0130\u00e7in Hemen Aray\u0131n.","og_url":"https:\/\/www.myvize.com.tr\/estonya\/konsolosluklar\/estonya-istanbul-fahri-konsoloslugu\/","og_site_name":"Estonya Vizesi","article_modified_time":"2022-04-07T11:25:09+00:00","twitter_card":"summary_large_image","twitter_misc":{"Tahmini okuma s\u00fcresi":"2 dakika"},"schema":{"@context":"https:\/\/schema.org","@graph":[{"@type":"WebPage","@id":"https:\/\/www.myvize.com.tr\/estonya\/konsolosluklar\/estonya-istanbul-fahri-konsoloslugu\/","url":"https:\/\/www.myvize.com.tr\/estonya\/konsolosluklar\/estonya-istanbul-fahri-konsoloslugu\/","name":"Estonya \u0130stanbul Konsoloslu\u011fu Vize \u0130\u015flemleri - MyVize","isPartOf":{"@id":"https:\/\/www.myvize.com.tr\/estonya\/#website"},"datePublished":"2020-11-30T10:03:06+00:00","dateModified":"2022-04-07T11:25:09+00:00","description":"Estonya \u0130stanbul Konsoloslu\u011fu \u0130leti\u015fim Bilgileri Telefon Numaras\u0131 Mail Adresi Bilgileri \u0130\u00e7erir. Estonya Vize Dan\u0131\u015fman\u0131 \u0130\u00e7in Hemen Aray\u0131n.","breadcrumb":{"@id":"https:\/\/www.myvize.com.tr\/estonya\/konsolosluklar\/estonya-istanbul-fahri-konsoloslugu\/#breadcrumb"},"inLanguage":"tr","potentialAction":[{"@type":"ReadAction","target":["https:\/\/www.myvize.com.tr\/estonya\/konsolosluklar\/estonya-istanbul-fahri-konsoloslugu\/"]}]},{"@type":"BreadcrumbList","@id":"https:\/\/www.myvize.com.tr\/estonya\/konsolosluklar\/estonya-istanbul-fahri-konsoloslugu\/#breadcrumb","itemListElement":[{"@type":"ListItem","position":1,"name":"Anasayfa","item":"https:\/\/www.myvize.com.tr\/estonya\/"},{"@type":"ListItem","position":2,"name":"KONSOLOSLUKLAR","item":"https:\/\/www.myvize.com.tr\/estonya\/konsolosluklar\/"},{"@type":"ListItem","position":3,"name":"Estonya \u0130stanbul Konsoloslu\u011fu"}]},{"@type":"WebSite","@id":"https:\/\/www.myvize.com.tr\/estonya\/#website","url":"https:\/\/www.myvize.com.tr\/estonya\/","name":"Estonya Vizesi","description":"","potentialAction":[{"@type":"SearchAction","target":{"@type":"EntryPoint","urlTemplate":"https:\/\/www.myvize.com.tr\/estonya\/?s={search_term_string}"},"query-input":{"@type":"PropertyValueSpecification","valueRequired":true,"valueName":"search_term_string"}}],"inLanguage":"tr"}]}},"_links":{"self":[{"href":"https:\/\/www.myvize.com.tr\/estonya\/wp-json\/wp\/v2\/pages\/76","targetHints":{"allow":["GET"]}}],"collection":[{"href":"https:\/\/www.myvize.com.tr\/estonya\/wp-json\/wp\/v2\/pages"}],"about":[{"href":"https:\/\/www.myvize.com.tr\/estonya\/wp-json\/wp\/v2\/types\/page"}],"author":[{"embeddable":true,"href":"https:\/\/www.myvize.com.tr\/estonya\/wp-json\/wp\/v2\/users\/1"}],"replies":[{"embeddable":true,"href":"https:\/\/www.myvize.com.tr\/estonya\/wp-json\/wp\/v2\/comments?post=76"}],"version-history":[{"count":6,"href":"https:\/\/www.myvize.com.tr\/estonya\/wp-json\/wp\/v2\/pages\/76\/revisions"}],"predecessor-version":[{"id":753,"href":"https:\/\/www.myvize.com.tr\/estonya\/wp-json\/wp\/v2\/pages\/76\/revisions\/753"}],"up":[{"embeddable":true,"href":"https:\/\/www.myvize.com.tr\/estonya\/wp-json\/wp\/v2\/pages\/69"}],"wp:attachment":[{"href":"https:\/\/www.myvize.com.tr\/estonya\/wp-json\/wp\/v2\/media?parent=76"}],"curies":[{"name":"wp","href":"https:\/\/api.w.org\/{rel}","templated":true}]}}