{"id":78,"date":"2020-11-30T13:03:47","date_gmt":"2020-11-30T10:03:47","guid":{"rendered":"https:\/\/www.myvize.com.tr\/estonya\/?page_id=78"},"modified":"2022-04-07T14:28:10","modified_gmt":"2022-04-07T11:28:10","slug":"izmir-baskonsoloslugu","status":"publish","type":"page","link":"https:\/\/www.myvize.com.tr\/estonya\/konsolosluklar\/izmir-baskonsoloslugu\/","title":{"rendered":"Estonya \u0130zmir Ba\u015fkonsoloslu\u011fu"},"content":{"rendered":"<p><span style=\"font-family: Roboto;\"><\/span><\/p>\r\n<p><span style=\"font-family: Roboto; font-size: 14px;\">Bu makale de sizlere <strong>Estonya \u00a0\u0130zmir Fahri Konsoloslu\u011fu<\/strong> ile ilgili; g\u00f6rev b\u00f6lgesi ve \u00e7al\u0131\u015fma saatleri hakk\u0131nda bilgi verece\u011fiz. Ayn\u0131 zamanda konsoloslu\u011fun\u00a0 ne demek oldu\u011fu ve <strong>Estonya vize t\u00fcrleri<\/strong> hakk\u0131nda da bilgi verece\u011fiz.<\/span><\/p>\r\n<p><span style=\"font-family: Roboto; font-size: 14px;\">\r\n\r\n<\/span><\/p>\r\n<h2><strong><span style=\"font-family: Roboto; font-size: 27px;\">Estonya \u0130zmir Ba\u015fkonsoloslu\u011fu<\/span><\/strong><\/h2>\r\n<p><span style=\"font-family: Roboto; font-size: 14px;\">Bulunulan \u00fclkenin otoriteleri ile ileti\u015fim kurma , yurtd\u0131\u015f\u0131nda \u00f6l\u00fcm, do\u011fum, evlilik, ayr\u0131l\u0131k gibi olaylarla alakadar olma g\u00f6revlerinde bulunan kuruma konsolosluk denir.<\/span><\/p>\r\n<p><span style=\"font-family: Roboto; font-size: 14px;\"><strong>Estonya \u0130zmir Ba\u015fkonsoloslu\u011fu<\/strong>, Estonya\u2019y\u0131 T\u00fcrkiye\u2019de temsil eden diplomatik temsilciliklerdendir. <strong>Estonya \u0130zmir Ba\u015fkonsoloslu\u011fu<\/strong> a\u015fa\u011f\u0131daki g\u00f6revlerden sorumludur.<\/span><\/p>\r\n<ul>\r\n<li><span style=\"font-family: Roboto; font-size: 14px;\"><strong>Estonya \u0130zmir Ba\u015fkonsoloslu\u011fu,<\/strong> Estonya vatanda\u015flar\u0131n\u0131n resmi evrak ve pasaport yenilemesini yapmak<\/span><\/li>\r\n<li><span style=\"font-family: Roboto; font-size: 14px;\">Estonya \u0130zmir Ba\u015fkonsoloslu\u011fu, Estonya vatanda\u015flar\u0131n\u0131n T\u00fcrkiye\u2019de olan do\u011fum, evlilik, \u00f6l\u00fcm, evlat edinme, bo\u015fanma gibi i\u015flemlerini yapmaktad\u0131r.<\/span><\/li>\r\n<li><span style=\"font-family: Roboto; font-size: 14px;\"><strong>Estonya \u0130zmir Ba\u015fkonsoloslu\u011fu<\/strong>, T\u00fcrkiye\u2019de ya\u015fayan Estonya vatanda\u015flar\u0131n\u0131n sosyal g\u00fcvenli\u011fi ile ilgilenmek<\/span><\/li>\r\n<li><span style=\"font-family: Roboto; font-size: 14px;\">Estonya vatanda\u015flar\u0131n\u0131n askerlik i\u015flemlerini yapmak<\/span><\/li>\r\n<li><span style=\"font-family: Roboto; font-size: 14px;\">Estonya \u0130zmir Ba\u015fkonsoloslu\u011fu, T\u00fcrkiye\u2019de problemi veya acil durumlarda Estonya vatanda\u015flar\u0131na destek olmakt\u0131r.<\/span><\/li>\r\n<li><span style=\"font-family: Roboto; font-size: 14px;\">Estonya vatanda\u015flar\u0131n\u0131n T\u00fcrkiye\u2019de tutuklanmas\u0131 ve g\u00f6zalt\u0131na al\u0131nmas\u0131 durumunda, adli davalar\u0131n takip edilmesi<\/span><\/li>\r\n<li><span style=\"font-family: Roboto; font-size: 14px;\"><strong>Estonya \u0130zmir Ba\u015fkonsoloslu\u011fu<\/strong>, Estonya\u2019ya giri\u015f yapmak isteyen T\u00fcrk vatanda\u015flar\u0131na vize hizmeti sa\u011flamaktad\u0131r. Bunun yan\u0131nda oturma, \u00e7al\u0131\u015fma ve g\u00f6\u00e7menlik izni sa\u011flamaktad\u0131r.<\/span><\/li>\r\n<li><span style=\"font-family: Roboto; font-size: 14px;\">T\u00fcrkiye ile Estonya aras\u0131ndaki her t\u00fcrl\u00fc ba\u011flar\u0131 geli\u015ftirmeyi ve d\u00fczenlemeyi ama\u00e7lamaktad\u0131r.<\/span><\/li>\r\n<\/ul>\r\n<p><span style=\"font-family: Roboto; font-size: 20px;\"><strong>Estonya \u0130zmir Ba\u015fkonsoloslu\u011fu Adresi<\/strong><\/span><\/p>\r\n<p><span style=\"font-family: Roboto; font-size: 14px;\">Adres: Bat\u0131\u00e7im Bat\u0131 Anadolu \u00c7imento Sanayii A.S., Ankara Asfalt\u0131, No:335, PK: 35050 Bornova\/\u0130zmir\u00a0<\/span><\/p>\r\n<p><span style=\"font-family: Roboto; font-size: 14px;\">\r\n\r\n<\/span><\/p>\r\n<p><span style=\"font-size: 24px;\"><strong><span style=\"font-family: Roboto;\">Estonya \u0130zmir Konsolosluk G\u00f6rev B\u00f6lgesi<\/span><\/strong><\/span><\/p>\r\n<p><span style=\"font-family: Roboto; font-size: 14px;\"><strong>Estonya Schengen \u00fcyesi<\/strong> \u00fclkeler aras\u0131nda da yer al\u0131yor. Estonya\u2019ya gitmek i\u00e7in\u00a0\u00a0T\u00fcrk vatanda\u015flar\u0131 seyahat \u00e7e\u015fidine g\u00f6re <span style=\"color: #2acec2;\"><strong><a style=\"color: #2acec2;\" href=\"https:\/\/www.myvize.com.tr\/estonya\/vize-islemleri\/estonya-schengen-vizesi\/\" target=\"_blank\" rel=\"noopener\">Estonya Schengen vize <\/a><\/strong><\/span>ba\u015fvuru yapabiliyorlar Estonya\u2019ya k\u0131sa s\u00fcreli Schengen vizesi, Turistik, Ticari, Aile Ziyareti ve Transit vize kategorilerinde al\u0131nabiliyor.\u00a0<\/span><br \/><span style=\"font-family: Roboto; font-size: 14px;\">Estonya 90 g\u00fcnden fazla s\u00fcrecek ziyaretlerde uzun s\u00fcreli yani D Tipi Vize veriyor.T\u00fcm Schengen \u00fcyesi \u00fclkelerde\u00a0uluslararas\u0131 ge\u00e7erlili\u011fi olan Seyahat Sa\u011fl\u0131k Sigortas\u0131 yapt\u0131rma\u00a0zorunlulu\u011fu Estonya i\u00e7in de ge\u00e7erlidir belirtmek isteriz.\u00a0<strong>Estonya vize<\/strong> i\u015flemlerinde parmak izi uygulamas\u0131 bulunuyor. Son 5 y\u0131l i\u00e7inde al\u0131nm\u0131\u015f bir Schengen vizeniz yoksa parmak izi taramas\u0131 yapt\u0131rman\u0131z\u00a0gerekiyor.\u00a0K\u0131sa s\u00fcreli <strong>Schengen Vizesi<\/strong> ba\u015fvurular\u0131n\u0131z\u0131 yapabiliyorsunuz . Bunlar;\u00a0<\/span><br \/><span style=\"color: #2acec2;\"><strong><a style=\"color: #2acec2;\" href=\"https:\/\/www.myvize.com.tr\/estonya\/vize-islemleri\/estonya-turistik-vize\/\" target=\"_blank\" rel=\"noopener\"><span style=\"font-family: Roboto; font-size: 14px;\">Estonya Turistik Vize<\/span><\/a><\/strong><\/span><br \/><span style=\"font-family: Roboto; font-size: 14px;\">Ticari Vize<\/span><br \/><span style=\"font-family: Roboto; font-size: 14px;\">Aile \/ Arkada\u015f Ziyaret Vizesi\u00a0<\/span><br \/><span style=\"font-family: Roboto; font-size: 14px;\">E\u011fitim, \u00d6\u011frenim ve Ara\u015ft\u0131rma Vizesi<\/span><br \/><span style=\"font-family: Roboto; font-size: 14px;\">K\u00fclt\u00fcrel, Sportif etkinlik, Konferans Kat\u0131l\u0131m Vizesi\u00a0<\/span><br \/><span style=\"font-family: Roboto; font-size: 14px;\">Kamyon ve TIR \u015fof\u00f6rleri i\u00e7in Transit Vize ba\u015fvurular\u0131n\u0131z\u0131 ger\u00e7ekle\u015ftirebilirsiniz. \u00a0<\/span><br \/><span style=\"font-family: Roboto; font-size: 14px;\">Estonya Schengen vizeniz ile 180 g\u00fcn \u00a0i\u00e7inde\u00a090 g\u00fcn\u00a0seyahat etme hakk\u0131n\u0131z bulunuyor.<\/span><br \/><span style=\"font-family: Roboto; font-size: 14px;\">\u00a0<\/span><br \/><span style=\"font-family: Roboto; font-size: 14px;\">Estonya\u2019ya 90 g\u00fcnden uzun s\u00fcreli seyahatleriniz i\u00e7in olan vize t\u00fcrleri \u015funlard\u0131r;\u00a0<\/span><br \/><span style=\"font-family: Roboto; font-size: 14px;\">Oturum vizesi (D Vize)\u00a0<\/span><br \/><span style=\"font-family: Roboto; font-size: 14px;\">\u00c7al\u0131\u015fma vizesi<\/span><br \/><span style=\"font-family: Roboto; font-size: 14px;\">E\u011fitim vizesi<\/span><br \/><span style=\"font-family: Roboto; font-size: 14px;\">Aile birle\u015fimi vizesi\u00a0<\/span><\/p>\r\n<p><span style=\"font-family: Roboto; font-size: 14px;\">\r\n\r\n<\/span><\/p>\r\n<h2><span style=\"font-size: 24px;\"><strong><span style=\"font-family: Roboto;\">Estonya \u0130zmir Konsoloslu\u011fu \u00c7al\u0131\u015fma Saatleri<\/span><\/strong><\/span><\/h2>\r\n<p><span style=\"font-family: Roboto; font-size: 14px;\">\u00c7al\u0131\u015fma saatleri a\u015fa\u011f\u0131daki gibidir;<\/span><br \/><span style=\"font-family: Roboto; font-size: 14px;\">Pazartesi \u00a0: 8.30-18.00<\/span><br \/><span style=\"font-family: Roboto; font-size: 14px;\">Sal\u0131\u00a0 \u00a0 \u00a0 \u00a0 \u00a0 \u00a0: 8.30-18.00<\/span><br \/><span style=\"font-family: Roboto; font-size: 14px;\">\u00c7ar\u015famba : 8.30-18.00<\/span><br \/><span style=\"font-family: Roboto; font-size: 14px;\">Per\u015fembe : 8.30-18.00<\/span><br \/><span style=\"font-family: Roboto; font-size: 14px;\">Cuma\u00a0 \u00a0 \u00a0 \u00a0: 8.30-18.00<\/span><br \/><span style=\"font-family: Roboto; font-size: 14px;\">Cumartesi : 10.00-14.00<\/span><\/p>\r\n<p><span style=\"font-family: Roboto;\"><\/span><\/p>","protected":false},"excerpt":{"rendered":"<p>Bu makale de sizlere Estonya \u00a0\u0130zmir Fahri Konsoloslu\u011fu ile ilgili; g\u00f6rev b\u00f6lgesi ve \u00e7al\u0131\u015fma saatleri hakk\u0131nda bilgi verece\u011fiz. Ayn\u0131 zamanda konsoloslu\u011fun\u00a0 ne demek oldu\u011fu ve Estonya vize t\u00fcrleri hakk\u0131nda da bilgi verece\u011fiz. Estonya \u0130zmir Ba\u015fkonsoloslu\u011fu Bulunulan \u00fclkenin otoriteleri ile ileti\u015fim kurma , yurtd\u0131\u015f\u0131nda \u00f6l\u00fcm, do\u011fum, evlilik, ayr\u0131l\u0131k gibi olaylarla alakadar olma g\u00f6revlerinde bulunan kuruma konsolosluk<\/p>\n","protected":false},"author":1,"featured_media":0,"parent":69,"menu_order":0,"comment_status":"open","ping_status":"closed","template":"","meta":{"footnotes":""},"class_list":["post-78","page","type-page","status-publish","hentry"],"yoast_head":"<!-- This site is optimized with the Yoast SEO plugin v24.0 - https:\/\/yoast.com\/wordpress\/plugins\/seo\/ -->\n<title>Estonya \u0130zmir Ba\u015fkonsoloslu\u011fu Vize \u0130\u015flemleri - MyVize<\/title>\n<meta name=\"description\" content=\"Estonya \u0130zmir Ba\u015fkonsoloslu\u011fu \u0130leti\u015fim Bilgileri Telefon Numaras\u0131 Mail Adresi Bilgileri \u0130\u00e7erir. Estonya Vize Dan\u0131\u015fman\u0131 \u0130\u00e7in Hemen Aray\u0131n.\" \/>\n<meta name=\"robots\" content=\"index, follow, max-snippet:-1, max-image-preview:large, max-video-preview:-1\" \/>\n<link rel=\"canonical\" href=\"https:\/\/www.myvize.com.tr\/estonya\/konsolosluklar\/izmir-baskonsoloslugu\/\" \/>\n<meta property=\"og:locale\" content=\"tr_TR\" \/>\n<meta property=\"og:type\" content=\"article\" \/>\n<meta property=\"og:title\" content=\"Estonya \u0130zmir Ba\u015fkonsoloslu\u011fu Vize \u0130\u015flemleri - MyVize\" \/>\n<meta property=\"og:description\" content=\"Estonya \u0130zmir Ba\u015fkonsoloslu\u011fu \u0130leti\u015fim Bilgileri Telefon Numaras\u0131 Mail Adresi Bilgileri \u0130\u00e7erir. Estonya Vize Dan\u0131\u015fman\u0131 \u0130\u00e7in Hemen Aray\u0131n.\" \/>\n<meta property=\"og:url\" content=\"https:\/\/www.myvize.com.tr\/estonya\/konsolosluklar\/izmir-baskonsoloslugu\/\" \/>\n<meta property=\"og:site_name\" content=\"Estonya Vizesi\" \/>\n<meta property=\"article:modified_time\" content=\"2022-04-07T11:28:10+00:00\" \/>\n<meta name=\"twitter:card\" content=\"summary_large_image\" \/>\n<meta name=\"twitter:label1\" content=\"Tahmini okuma s\u00fcresi\" \/>\n\t<meta name=\"twitter:data1\" content=\"2 dakika\" \/>\n<script type=\"application\/ld+json\" class=\"yoast-schema-graph\">{\"@context\":\"https:\/\/schema.org\",\"@graph\":[{\"@type\":\"WebPage\",\"@id\":\"https:\/\/www.myvize.com.tr\/estonya\/konsolosluklar\/izmir-baskonsoloslugu\/\",\"url\":\"https:\/\/www.myvize.com.tr\/estonya\/konsolosluklar\/izmir-baskonsoloslugu\/\",\"name\":\"Estonya \u0130zmir Ba\u015fkonsoloslu\u011fu Vize \u0130\u015flemleri - MyVize\",\"isPartOf\":{\"@id\":\"https:\/\/www.myvize.com.tr\/estonya\/#website\"},\"datePublished\":\"2020-11-30T10:03:47+00:00\",\"dateModified\":\"2022-04-07T11:28:10+00:00\",\"description\":\"Estonya \u0130zmir Ba\u015fkonsoloslu\u011fu \u0130leti\u015fim Bilgileri Telefon Numaras\u0131 Mail Adresi Bilgileri \u0130\u00e7erir. Estonya Vize Dan\u0131\u015fman\u0131 \u0130\u00e7in Hemen Aray\u0131n.\",\"breadcrumb\":{\"@id\":\"https:\/\/www.myvize.com.tr\/estonya\/konsolosluklar\/izmir-baskonsoloslugu\/#breadcrumb\"},\"inLanguage\":\"tr\",\"potentialAction\":[{\"@type\":\"ReadAction\",\"target\":[\"https:\/\/www.myvize.com.tr\/estonya\/konsolosluklar\/izmir-baskonsoloslugu\/\"]}]},{\"@type\":\"BreadcrumbList\",\"@id\":\"https:\/\/www.myvize.com.tr\/estonya\/konsolosluklar\/izmir-baskonsoloslugu\/#breadcrumb\",\"itemListElement\":[{\"@type\":\"ListItem\",\"position\":1,\"name\":\"Anasayfa\",\"item\":\"https:\/\/www.myvize.com.tr\/estonya\/\"},{\"@type\":\"ListItem\",\"position\":2,\"name\":\"KONSOLOSLUKLAR\",\"item\":\"https:\/\/www.myvize.com.tr\/estonya\/konsolosluklar\/\"},{\"@type\":\"ListItem\",\"position\":3,\"name\":\"Estonya \u0130zmir Ba\u015fkonsoloslu\u011fu\"}]},{\"@type\":\"WebSite\",\"@id\":\"https:\/\/www.myvize.com.tr\/estonya\/#website\",\"url\":\"https:\/\/www.myvize.com.tr\/estonya\/\",\"name\":\"Estonya Vizesi\",\"description\":\"\",\"potentialAction\":[{\"@type\":\"SearchAction\",\"target\":{\"@type\":\"EntryPoint\",\"urlTemplate\":\"https:\/\/www.myvize.com.tr\/estonya\/?s={search_term_string}\"},\"query-input\":{\"@type\":\"PropertyValueSpecification\",\"valueRequired\":true,\"valueName\":\"search_term_string\"}}],\"inLanguage\":\"tr\"}]}<\/script>\n<!-- \/ Yoast SEO plugin. -->","yoast_head_json":{"title":"Estonya \u0130zmir Ba\u015fkonsoloslu\u011fu Vize \u0130\u015flemleri - MyVize","description":"Estonya \u0130zmir Ba\u015fkonsoloslu\u011fu \u0130leti\u015fim Bilgileri Telefon Numaras\u0131 Mail Adresi Bilgileri \u0130\u00e7erir. Estonya Vize Dan\u0131\u015fman\u0131 \u0130\u00e7in Hemen Aray\u0131n.","robots":{"index":"index","follow":"follow","max-snippet":"max-snippet:-1","max-image-preview":"max-image-preview:large","max-video-preview":"max-video-preview:-1"},"canonical":"https:\/\/www.myvize.com.tr\/estonya\/konsolosluklar\/izmir-baskonsoloslugu\/","og_locale":"tr_TR","og_type":"article","og_title":"Estonya \u0130zmir Ba\u015fkonsoloslu\u011fu Vize \u0130\u015flemleri - MyVize","og_description":"Estonya \u0130zmir Ba\u015fkonsoloslu\u011fu \u0130leti\u015fim Bilgileri Telefon Numaras\u0131 Mail Adresi Bilgileri \u0130\u00e7erir. Estonya Vize Dan\u0131\u015fman\u0131 \u0130\u00e7in Hemen Aray\u0131n.","og_url":"https:\/\/www.myvize.com.tr\/estonya\/konsolosluklar\/izmir-baskonsoloslugu\/","og_site_name":"Estonya Vizesi","article_modified_time":"2022-04-07T11:28:10+00:00","twitter_card":"summary_large_image","twitter_misc":{"Tahmini okuma s\u00fcresi":"2 dakika"},"schema":{"@context":"https:\/\/schema.org","@graph":[{"@type":"WebPage","@id":"https:\/\/www.myvize.com.tr\/estonya\/konsolosluklar\/izmir-baskonsoloslugu\/","url":"https:\/\/www.myvize.com.tr\/estonya\/konsolosluklar\/izmir-baskonsoloslugu\/","name":"Estonya \u0130zmir Ba\u015fkonsoloslu\u011fu Vize \u0130\u015flemleri - MyVize","isPartOf":{"@id":"https:\/\/www.myvize.com.tr\/estonya\/#website"},"datePublished":"2020-11-30T10:03:47+00:00","dateModified":"2022-04-07T11:28:10+00:00","description":"Estonya \u0130zmir Ba\u015fkonsoloslu\u011fu \u0130leti\u015fim Bilgileri Telefon Numaras\u0131 Mail Adresi Bilgileri \u0130\u00e7erir. Estonya Vize Dan\u0131\u015fman\u0131 \u0130\u00e7in Hemen Aray\u0131n.","breadcrumb":{"@id":"https:\/\/www.myvize.com.tr\/estonya\/konsolosluklar\/izmir-baskonsoloslugu\/#breadcrumb"},"inLanguage":"tr","potentialAction":[{"@type":"ReadAction","target":["https:\/\/www.myvize.com.tr\/estonya\/konsolosluklar\/izmir-baskonsoloslugu\/"]}]},{"@type":"BreadcrumbList","@id":"https:\/\/www.myvize.com.tr\/estonya\/konsolosluklar\/izmir-baskonsoloslugu\/#breadcrumb","itemListElement":[{"@type":"ListItem","position":1,"name":"Anasayfa","item":"https:\/\/www.myvize.com.tr\/estonya\/"},{"@type":"ListItem","position":2,"name":"KONSOLOSLUKLAR","item":"https:\/\/www.myvize.com.tr\/estonya\/konsolosluklar\/"},{"@type":"ListItem","position":3,"name":"Estonya \u0130zmir Ba\u015fkonsoloslu\u011fu"}]},{"@type":"WebSite","@id":"https:\/\/www.myvize.com.tr\/estonya\/#website","url":"https:\/\/www.myvize.com.tr\/estonya\/","name":"Estonya Vizesi","description":"","potentialAction":[{"@type":"SearchAction","target":{"@type":"EntryPoint","urlTemplate":"https:\/\/www.myvize.com.tr\/estonya\/?s={search_term_string}"},"query-input":{"@type":"PropertyValueSpecification","valueRequired":true,"valueName":"search_term_string"}}],"inLanguage":"tr"}]}},"_links":{"self":[{"href":"https:\/\/www.myvize.com.tr\/estonya\/wp-json\/wp\/v2\/pages\/78","targetHints":{"allow":["GET"]}}],"collection":[{"href":"https:\/\/www.myvize.com.tr\/estonya\/wp-json\/wp\/v2\/pages"}],"about":[{"href":"https:\/\/www.myvize.com.tr\/estonya\/wp-json\/wp\/v2\/types\/page"}],"author":[{"embeddable":true,"href":"https:\/\/www.myvize.com.tr\/estonya\/wp-json\/wp\/v2\/users\/1"}],"replies":[{"embeddable":true,"href":"https:\/\/www.myvize.com.tr\/estonya\/wp-json\/wp\/v2\/comments?post=78"}],"version-history":[{"count":6,"href":"https:\/\/www.myvize.com.tr\/estonya\/wp-json\/wp\/v2\/pages\/78\/revisions"}],"predecessor-version":[{"id":755,"href":"https:\/\/www.myvize.com.tr\/estonya\/wp-json\/wp\/v2\/pages\/78\/revisions\/755"}],"up":[{"embeddable":true,"href":"https:\/\/www.myvize.com.tr\/estonya\/wp-json\/wp\/v2\/pages\/69"}],"wp:attachment":[{"href":"https:\/\/www.myvize.com.tr\/estonya\/wp-json\/wp\/v2\/media?parent=78"}],"curies":[{"name":"wp","href":"https:\/\/api.w.org\/{rel}","templated":true}]}}