{"id":80,"date":"2020-11-30T13:04:17","date_gmt":"2020-11-30T10:04:17","guid":{"rendered":"https:\/\/www.myvize.com.tr\/estonya\/?page_id=80"},"modified":"2022-04-07T14:29:10","modified_gmt":"2022-04-07T11:29:10","slug":"kayseri-fahri-konsoloslugu","status":"publish","type":"page","link":"https:\/\/www.myvize.com.tr\/estonya\/konsolosluklar\/kayseri-fahri-konsoloslugu\/","title":{"rendered":"Estonya Kayseri Konsoloslu\u011fu"},"content":{"rendered":"<h2><strong><span style=\"font-family: Roboto; font-size: 27px;\">Estonya Kayseri Konsoloslu\u011fu Hakk\u0131nda<\/span><\/strong><\/h2>\n<p><span style=\"font-family: Roboto; font-size: 14px;\"><strong>Estonya Kayseri Fahri Konsoloslu\u011fu<\/strong>, Estonya\u2019n\u0131n T\u00fcrkiye\u2019de bulunan d\u0131\u015f temsilciliklerindendir<strong>. Kayseri Estonya Fahri Konsoloslu\u011fu<\/strong>, Kayseri ve \u00c7evresinde Estonya ad\u0131na genel olarak ticari i\u015fleri d\u00fczenlemesi i\u00e7in kurulmu\u015ftur. Bunun yan\u0131nda b\u00f6lgede ya\u015fayan Estonya vatanda\u015flar\u0131na bir tak\u0131m konularda destek olmaktad\u0131r.<\/span><\/p>\n<p><span style=\"font-family: Roboto; font-size: 14px;\">Estonya\u2019n\u0131n Kayseri\u2019de bulunan fahri konsoloslu\u011fu, Kayseri ve \u00e7evresinde i\u015f kurmu\u015f olan <strong>Estonya vatanda\u015flar\u0131na<\/strong> i\u015f konusunda destek vermektedir. T\u00fcrkiye ile Estonya aras\u0131nda ticaret yapacak olan <strong>Estonya vatanda\u015flar\u0131na<\/strong> ticari konuda yard\u0131mc\u0131 olmaktad\u0131r.<\/span><\/p>\n<p><span style=\"font-family: Roboto; font-size: 14px;\">Kayseri\u2019nin Estonya Fahri Konsoloslu\u011fu\u2019na diplomatik yetki verilmedi\u011finden dolay\u0131 vize ve konsolosluk hizmeti vermemektedir. Ancak acil durumlarda Estonya vatanda\u015flar\u0131na fotokopi tasdikinde yard\u0131mc\u0131 olmaktad\u0131r. Estonya\u2019ya seyahat edecek olan ki\u015filer ba\u015fvurular\u0131n\u0131 Estonya\u2019n\u0131n diplomatik temsilciliklerine ba\u015fvuruda bulunmal\u0131d\u0131r.<\/span><\/p>\n<p><span style=\"font-family: Roboto; font-size: 20px;\"><strong>Estonya Kayseri Konsoloslu\u011fu \u00c7al\u0131\u015fma Saatleri<\/strong><\/span><\/p>\n<p><span style=\"font-family: Roboto; font-size: 14px;\">Estonya\u2019n\u0131n Kayseri\u2019de bulunan Fahri Konsoloslu\u011fu, T\u00fcrkiye ve Estonya resmi tatillerinde hizmet vermemektedir.<strong> Kayseri\u2019deki Estonya Fahri Konsoloslu\u011fu<\/strong> 09.00 ile 12.00 ile 13.00 ile 17.00 aras\u0131nda \u00e7al\u0131\u015fmaktad\u0131r.<\/span><\/p>\n<p><span style=\"font-family: Roboto; font-size: 20px;\"><strong>Estonya Kayseri Konsoloslu\u011fu Adresi<\/strong><\/span><\/p>\n<p><span style=\"font-family: Roboto; font-size: 14px;\">Adres: T\u0131naztepe Mahallesi, 10. Sokak, Daire: 4, Melikgazi\/Kayseri<\/span><\/p>\n<p><span style=\"font-family: Roboto; font-size: 14px;\"><span style=\"color: #2acec2;\"><strong><a style=\"color: #2acec2;\" href=\"https:\/\/www.myvize.com.tr\/estonya\/vize-islemleri\/estonya-vize-randevusu\/\" target=\"_blank\" rel=\"noopener\">Estonya Vize Randevusu<\/a><\/strong><\/span> ile ilgili bilgi almak i\u00e7in bizi aray\u0131n\u0131z.<\/span><\/p>\n","protected":false},"excerpt":{"rendered":"<p>Estonya Kayseri Konsoloslu\u011fu Hakk\u0131nda Estonya Kayseri Fahri Konsoloslu\u011fu, Estonya\u2019n\u0131n T\u00fcrkiye\u2019de bulunan d\u0131\u015f temsilciliklerindendir. Kayseri Estonya Fahri Konsoloslu\u011fu, Kayseri ve \u00c7evresinde Estonya ad\u0131na genel olarak ticari i\u015fleri d\u00fczenlemesi i\u00e7in kurulmu\u015ftur. Bunun yan\u0131nda b\u00f6lgede ya\u015fayan Estonya vatanda\u015flar\u0131na bir tak\u0131m konularda destek olmaktad\u0131r. Estonya\u2019n\u0131n Kayseri\u2019de bulunan fahri konsoloslu\u011fu, Kayseri ve \u00e7evresinde i\u015f kurmu\u015f olan Estonya vatanda\u015flar\u0131na i\u015f konusunda<\/p>\n","protected":false},"author":1,"featured_media":0,"parent":69,"menu_order":0,"comment_status":"open","ping_status":"closed","template":"","meta":{"footnotes":""},"class_list":["post-80","page","type-page","status-publish","hentry"],"yoast_head":"<!-- This site is optimized with the Yoast SEO plugin v24.0 - https:\/\/yoast.com\/wordpress\/plugins\/seo\/ -->\n<title>Estonya Kayseri Konsoloslu\u011fu Vize \u0130\u015flemleri - MyVize<\/title>\n<meta name=\"description\" content=\"Estonya Kayseri Fahri Konsoloslu\u011fu \u00e7al\u0131\u015fma saatleri. Estonya Kayseri Fahri Konsoloslu\u011fu ula\u015f\u0131m, ileti\u015fim bilgileri ve faaliyet alan\u0131.\" \/>\n<meta name=\"robots\" content=\"index, follow, max-snippet:-1, max-image-preview:large, max-video-preview:-1\" \/>\n<link rel=\"canonical\" href=\"https:\/\/www.myvize.com.tr\/estonya\/konsolosluklar\/kayseri-fahri-konsoloslugu\/\" \/>\n<meta property=\"og:locale\" content=\"tr_TR\" \/>\n<meta property=\"og:type\" content=\"article\" \/>\n<meta property=\"og:title\" content=\"Estonya Kayseri Konsoloslu\u011fu Vize \u0130\u015flemleri - MyVize\" \/>\n<meta property=\"og:description\" content=\"Estonya Kayseri Fahri Konsoloslu\u011fu \u00e7al\u0131\u015fma saatleri. Estonya Kayseri Fahri Konsoloslu\u011fu ula\u015f\u0131m, ileti\u015fim bilgileri ve faaliyet alan\u0131.\" \/>\n<meta property=\"og:url\" content=\"https:\/\/www.myvize.com.tr\/estonya\/konsolosluklar\/kayseri-fahri-konsoloslugu\/\" \/>\n<meta property=\"og:site_name\" content=\"Estonya Vizesi\" \/>\n<meta property=\"article:modified_time\" content=\"2022-04-07T11:29:10+00:00\" \/>\n<meta name=\"twitter:card\" content=\"summary_large_image\" \/>\n<meta name=\"twitter:label1\" content=\"Tahmini okuma s\u00fcresi\" \/>\n\t<meta name=\"twitter:data1\" content=\"1 dakika\" \/>\n<script type=\"application\/ld+json\" class=\"yoast-schema-graph\">{\"@context\":\"https:\/\/schema.org\",\"@graph\":[{\"@type\":\"WebPage\",\"@id\":\"https:\/\/www.myvize.com.tr\/estonya\/konsolosluklar\/kayseri-fahri-konsoloslugu\/\",\"url\":\"https:\/\/www.myvize.com.tr\/estonya\/konsolosluklar\/kayseri-fahri-konsoloslugu\/\",\"name\":\"Estonya Kayseri Konsoloslu\u011fu Vize \u0130\u015flemleri - MyVize\",\"isPartOf\":{\"@id\":\"https:\/\/www.myvize.com.tr\/estonya\/#website\"},\"datePublished\":\"2020-11-30T10:04:17+00:00\",\"dateModified\":\"2022-04-07T11:29:10+00:00\",\"description\":\"Estonya Kayseri Fahri Konsoloslu\u011fu \u00e7al\u0131\u015fma saatleri. Estonya Kayseri Fahri Konsoloslu\u011fu ula\u015f\u0131m, ileti\u015fim bilgileri ve faaliyet alan\u0131.\",\"breadcrumb\":{\"@id\":\"https:\/\/www.myvize.com.tr\/estonya\/konsolosluklar\/kayseri-fahri-konsoloslugu\/#breadcrumb\"},\"inLanguage\":\"tr\",\"potentialAction\":[{\"@type\":\"ReadAction\",\"target\":[\"https:\/\/www.myvize.com.tr\/estonya\/konsolosluklar\/kayseri-fahri-konsoloslugu\/\"]}]},{\"@type\":\"BreadcrumbList\",\"@id\":\"https:\/\/www.myvize.com.tr\/estonya\/konsolosluklar\/kayseri-fahri-konsoloslugu\/#breadcrumb\",\"itemListElement\":[{\"@type\":\"ListItem\",\"position\":1,\"name\":\"Anasayfa\",\"item\":\"https:\/\/www.myvize.com.tr\/estonya\/\"},{\"@type\":\"ListItem\",\"position\":2,\"name\":\"KONSOLOSLUKLAR\",\"item\":\"https:\/\/www.myvize.com.tr\/estonya\/konsolosluklar\/\"},{\"@type\":\"ListItem\",\"position\":3,\"name\":\"Estonya Kayseri Konsoloslu\u011fu\"}]},{\"@type\":\"WebSite\",\"@id\":\"https:\/\/www.myvize.com.tr\/estonya\/#website\",\"url\":\"https:\/\/www.myvize.com.tr\/estonya\/\",\"name\":\"Estonya Vizesi\",\"description\":\"\",\"potentialAction\":[{\"@type\":\"SearchAction\",\"target\":{\"@type\":\"EntryPoint\",\"urlTemplate\":\"https:\/\/www.myvize.com.tr\/estonya\/?s={search_term_string}\"},\"query-input\":{\"@type\":\"PropertyValueSpecification\",\"valueRequired\":true,\"valueName\":\"search_term_string\"}}],\"inLanguage\":\"tr\"}]}<\/script>\n<!-- \/ Yoast SEO plugin. -->","yoast_head_json":{"title":"Estonya Kayseri Konsoloslu\u011fu Vize \u0130\u015flemleri - MyVize","description":"Estonya Kayseri Fahri Konsoloslu\u011fu \u00e7al\u0131\u015fma saatleri. Estonya Kayseri Fahri Konsoloslu\u011fu ula\u015f\u0131m, ileti\u015fim bilgileri ve faaliyet alan\u0131.","robots":{"index":"index","follow":"follow","max-snippet":"max-snippet:-1","max-image-preview":"max-image-preview:large","max-video-preview":"max-video-preview:-1"},"canonical":"https:\/\/www.myvize.com.tr\/estonya\/konsolosluklar\/kayseri-fahri-konsoloslugu\/","og_locale":"tr_TR","og_type":"article","og_title":"Estonya Kayseri Konsoloslu\u011fu Vize \u0130\u015flemleri - MyVize","og_description":"Estonya Kayseri Fahri Konsoloslu\u011fu \u00e7al\u0131\u015fma saatleri. Estonya Kayseri Fahri Konsoloslu\u011fu ula\u015f\u0131m, ileti\u015fim bilgileri ve faaliyet alan\u0131.","og_url":"https:\/\/www.myvize.com.tr\/estonya\/konsolosluklar\/kayseri-fahri-konsoloslugu\/","og_site_name":"Estonya Vizesi","article_modified_time":"2022-04-07T11:29:10+00:00","twitter_card":"summary_large_image","twitter_misc":{"Tahmini okuma s\u00fcresi":"1 dakika"},"schema":{"@context":"https:\/\/schema.org","@graph":[{"@type":"WebPage","@id":"https:\/\/www.myvize.com.tr\/estonya\/konsolosluklar\/kayseri-fahri-konsoloslugu\/","url":"https:\/\/www.myvize.com.tr\/estonya\/konsolosluklar\/kayseri-fahri-konsoloslugu\/","name":"Estonya Kayseri Konsoloslu\u011fu Vize \u0130\u015flemleri - MyVize","isPartOf":{"@id":"https:\/\/www.myvize.com.tr\/estonya\/#website"},"datePublished":"2020-11-30T10:04:17+00:00","dateModified":"2022-04-07T11:29:10+00:00","description":"Estonya Kayseri Fahri Konsoloslu\u011fu \u00e7al\u0131\u015fma saatleri. Estonya Kayseri Fahri Konsoloslu\u011fu ula\u015f\u0131m, ileti\u015fim bilgileri ve faaliyet alan\u0131.","breadcrumb":{"@id":"https:\/\/www.myvize.com.tr\/estonya\/konsolosluklar\/kayseri-fahri-konsoloslugu\/#breadcrumb"},"inLanguage":"tr","potentialAction":[{"@type":"ReadAction","target":["https:\/\/www.myvize.com.tr\/estonya\/konsolosluklar\/kayseri-fahri-konsoloslugu\/"]}]},{"@type":"BreadcrumbList","@id":"https:\/\/www.myvize.com.tr\/estonya\/konsolosluklar\/kayseri-fahri-konsoloslugu\/#breadcrumb","itemListElement":[{"@type":"ListItem","position":1,"name":"Anasayfa","item":"https:\/\/www.myvize.com.tr\/estonya\/"},{"@type":"ListItem","position":2,"name":"KONSOLOSLUKLAR","item":"https:\/\/www.myvize.com.tr\/estonya\/konsolosluklar\/"},{"@type":"ListItem","position":3,"name":"Estonya Kayseri Konsoloslu\u011fu"}]},{"@type":"WebSite","@id":"https:\/\/www.myvize.com.tr\/estonya\/#website","url":"https:\/\/www.myvize.com.tr\/estonya\/","name":"Estonya Vizesi","description":"","potentialAction":[{"@type":"SearchAction","target":{"@type":"EntryPoint","urlTemplate":"https:\/\/www.myvize.com.tr\/estonya\/?s={search_term_string}"},"query-input":{"@type":"PropertyValueSpecification","valueRequired":true,"valueName":"search_term_string"}}],"inLanguage":"tr"}]}},"_links":{"self":[{"href":"https:\/\/www.myvize.com.tr\/estonya\/wp-json\/wp\/v2\/pages\/80","targetHints":{"allow":["GET"]}}],"collection":[{"href":"https:\/\/www.myvize.com.tr\/estonya\/wp-json\/wp\/v2\/pages"}],"about":[{"href":"https:\/\/www.myvize.com.tr\/estonya\/wp-json\/wp\/v2\/types\/page"}],"author":[{"embeddable":true,"href":"https:\/\/www.myvize.com.tr\/estonya\/wp-json\/wp\/v2\/users\/1"}],"replies":[{"embeddable":true,"href":"https:\/\/www.myvize.com.tr\/estonya\/wp-json\/wp\/v2\/comments?post=80"}],"version-history":[{"count":5,"href":"https:\/\/www.myvize.com.tr\/estonya\/wp-json\/wp\/v2\/pages\/80\/revisions"}],"predecessor-version":[{"id":756,"href":"https:\/\/www.myvize.com.tr\/estonya\/wp-json\/wp\/v2\/pages\/80\/revisions\/756"}],"up":[{"embeddable":true,"href":"https:\/\/www.myvize.com.tr\/estonya\/wp-json\/wp\/v2\/pages\/69"}],"wp:attachment":[{"href":"https:\/\/www.myvize.com.tr\/estonya\/wp-json\/wp\/v2\/media?parent=80"}],"curies":[{"name":"wp","href":"https:\/\/api.w.org\/{rel}","templated":true}]}}