{"id":86,"date":"2020-11-30T13:05:31","date_gmt":"2020-11-30T10:05:31","guid":{"rendered":"https:\/\/www.myvize.com.tr\/estonya\/?page_id=86"},"modified":"2022-04-07T14:35:42","modified_gmt":"2022-04-07T11:35:42","slug":"edirne-fahri-konsoloslugu","status":"publish","type":"page","link":"https:\/\/www.myvize.com.tr\/estonya\/konsolosluklar\/edirne-fahri-konsoloslugu\/","title":{"rendered":"Estonya Edirne Konsoloslu\u011fu"},"content":{"rendered":"<h2><strong><span style=\"font-family: Roboto; font-size: 27px;\">Estonya Edirne Konsoloslu\u011fu 2022<\/span><\/strong><\/h2>\n<p><span style=\"font-family: Roboto; font-size: 14px;\">Estonya\u2019n\u0131n T\u00fcrkiye\u2019de bulunan fahri konsolosluklar\u0131ndan birisi <strong>Estonya Edirne Fahri Konsoloslu\u011fu<\/strong>\u2019dur. Estonya\u2019n\u0131n<strong> Edirne Fahri Konsoloslu\u011fu<\/strong>, Edirne ve \u00e7evresindeki <strong>Estonya vatanda\u015flar\u0131na<\/strong> hizmet vermektedir. G\u00f6rev alanlar\u0131 aras\u0131nda Edirne, Tekirda\u011f ve K\u0131rklareli bulunmaktad\u0131r. Estonya Edirne Fahri Konsoloslu\u011fu\u2019nun g\u00f6rev ve yetkileri a\u015fa\u011f\u0131da verilmi\u015ftir.<\/span><\/p>\n<ul>\n<li><span style=\"font-family: Roboto; font-size: 14px;\">Estonya\u2019n\u0131n Edirne\u2019de bulunan <strong>Edirne Fahri Konsoloslu\u011f<\/strong>u, Ankara Estonya B\u00fcy\u00fckel\u00e7ili\u011fi\u2019ne ba\u011fl\u0131 olarak Edirne ve \u00e7evresinde \u00e7al\u0131\u015fmalar y\u00fcr\u00fctmektedir.<\/span><\/li>\n<li><span style=\"font-family: Roboto; font-size: 14px;\">Estonya Edirne Fahri Konsoloslu\u011fu\u2019nun diplomatik bir yetkisi bulunmamaktad\u0131r.<\/span><\/li>\n<li><span style=\"font-family: Roboto; font-size: 14px;\"><strong>Estonya Edirne Konsoloslu\u011fu<\/strong>, Edirne ve \u00e7evresinde i\u015f kurmu\u015f olan ya da Edirne ve \u00e7evresinde ticaret yapmak isteyen Estonya vatanda\u015flar\u0131na destek olmaktad\u0131r.<\/span><\/li>\n<li><span style=\"font-family: Roboto; font-size: 14px;\">Estonya k\u00fclt\u00fcr\u00fcn\u00fc, Edirne ve \u00e7evresine tan\u0131tmak ama\u00e7lanmaktad\u0131r.<\/span><\/li>\n<li><span style=\"font-family: Roboto; font-size: 14px;\">Estonya Edirne Fahri Konsoloslu\u011fu\u2019nun diplomatik bir temsilcili\u011fi olmad\u0131\u011f\u0131ndan dolay\u0131 Estonya vatanda\u015flar\u0131na konsolosluk hizmeti vermemektedir. <strong>Estonya Edirne Fahri Konsoloslu\u011fu<\/strong> vize hizmeti de vermemektedir.<\/span><\/li>\n<\/ul>\n<p><span style=\"font-family: Roboto; font-size: 22px;\"><strong>Estonya Edirne Konsoloslu\u011fu \u00c7al\u0131\u015fma Saatleri<\/strong><\/span><\/p>\n<p><span style=\"font-family: Roboto; font-size: 14px;\"><strong>Estonya Edirne Fahri Konsoloslu\u011fu<\/strong>, hafta i\u00e7i her g\u00fcn saat 09.30 ile 17.30 aras\u0131nda hizmet vermektedir. <strong>Estonya Edirne Fahri Konsoloslu\u011fu<\/strong>, T\u00fcrkiye ve Estonya resmi tatillerinde \u00e7al\u0131\u015fmamaktad\u0131r.<\/span><\/p>\n<p><span style=\"font-family: Roboto; font-size: 22px;\"><strong>Estonya Edirne Konsoloslu\u011fu Adresi<\/strong><\/span><\/p>\n<p><span style=\"font-family: Roboto; font-size: 14px;\">Adres: Abdurrahman Caddesi, Naz\u0131r \u00c7e\u015fme Sokak, No: 74, Daire: 14, Edirne Merkez\/Edirne<\/span><\/p>\n<p><span style=\"font-family: Roboto; font-size: 14px;\"><span style=\"color: #2acec2;\"><strong><a style=\"color: #2acec2;\" href=\"https:\/\/www.myvize.com.tr\/estonya\/vize-islemleri\/estonya-vize-reddi\/\" target=\"_blank\" rel=\"noopener\">Estonya Vize Reddi<\/a><\/strong><\/span> ile ilgili bilgi almak i\u00e7in bizi aray\u0131n\u0131z.<\/span><\/p>\n","protected":false},"excerpt":{"rendered":"<p>Estonya Edirne Konsoloslu\u011fu 2022 Estonya\u2019n\u0131n T\u00fcrkiye\u2019de bulunan fahri konsolosluklar\u0131ndan birisi Estonya Edirne Fahri Konsoloslu\u011fu\u2019dur. Estonya\u2019n\u0131n Edirne Fahri Konsoloslu\u011fu, Edirne ve \u00e7evresindeki Estonya vatanda\u015flar\u0131na hizmet vermektedir. G\u00f6rev alanlar\u0131 aras\u0131nda Edirne, Tekirda\u011f ve K\u0131rklareli bulunmaktad\u0131r. Estonya Edirne Fahri Konsoloslu\u011fu\u2019nun g\u00f6rev ve yetkileri a\u015fa\u011f\u0131da verilmi\u015ftir. Estonya\u2019n\u0131n Edirne\u2019de bulunan Edirne Fahri Konsoloslu\u011fu, Ankara Estonya B\u00fcy\u00fckel\u00e7ili\u011fi\u2019ne ba\u011fl\u0131 olarak Edirne ve<\/p>\n","protected":false},"author":1,"featured_media":0,"parent":69,"menu_order":0,"comment_status":"open","ping_status":"closed","template":"","meta":{"footnotes":""},"class_list":["post-86","page","type-page","status-publish","hentry"],"yoast_head":"<!-- This site is optimized with the Yoast SEO plugin v24.0 - https:\/\/yoast.com\/wordpress\/plugins\/seo\/ -->\n<title>Estonya Edirne Konsoloslu\u011fu Vize \u0130\u015flemleri - MyVize<\/title>\n<meta name=\"description\" content=\"Estonya Edirne Fahri Konsoloslu\u011fu \u00e7al\u0131\u015fma saatleri. Estonya Edirne Fahri Konsoloslu\u011fu ula\u015f\u0131m, ileti\u015fim bilgileri ve faaliyet alan\u0131.\" \/>\n<meta name=\"robots\" content=\"index, follow, max-snippet:-1, max-image-preview:large, max-video-preview:-1\" \/>\n<link rel=\"canonical\" href=\"https:\/\/www.myvize.com.tr\/estonya\/konsolosluklar\/edirne-fahri-konsoloslugu\/\" \/>\n<meta property=\"og:locale\" content=\"tr_TR\" \/>\n<meta property=\"og:type\" content=\"article\" \/>\n<meta property=\"og:title\" content=\"Estonya Edirne Konsoloslu\u011fu Vize \u0130\u015flemleri - MyVize\" \/>\n<meta property=\"og:description\" content=\"Estonya Edirne Fahri Konsoloslu\u011fu \u00e7al\u0131\u015fma saatleri. Estonya Edirne Fahri Konsoloslu\u011fu ula\u015f\u0131m, ileti\u015fim bilgileri ve faaliyet alan\u0131.\" \/>\n<meta property=\"og:url\" content=\"https:\/\/www.myvize.com.tr\/estonya\/konsolosluklar\/edirne-fahri-konsoloslugu\/\" \/>\n<meta property=\"og:site_name\" content=\"Estonya Vizesi\" \/>\n<meta property=\"article:modified_time\" content=\"2022-04-07T11:35:42+00:00\" \/>\n<meta name=\"twitter:card\" content=\"summary_large_image\" \/>\n<meta name=\"twitter:label1\" content=\"Tahmini okuma s\u00fcresi\" \/>\n\t<meta name=\"twitter:data1\" content=\"1 dakika\" \/>\n<script type=\"application\/ld+json\" class=\"yoast-schema-graph\">{\"@context\":\"https:\/\/schema.org\",\"@graph\":[{\"@type\":\"WebPage\",\"@id\":\"https:\/\/www.myvize.com.tr\/estonya\/konsolosluklar\/edirne-fahri-konsoloslugu\/\",\"url\":\"https:\/\/www.myvize.com.tr\/estonya\/konsolosluklar\/edirne-fahri-konsoloslugu\/\",\"name\":\"Estonya Edirne Konsoloslu\u011fu Vize \u0130\u015flemleri - MyVize\",\"isPartOf\":{\"@id\":\"https:\/\/www.myvize.com.tr\/estonya\/#website\"},\"datePublished\":\"2020-11-30T10:05:31+00:00\",\"dateModified\":\"2022-04-07T11:35:42+00:00\",\"description\":\"Estonya Edirne Fahri Konsoloslu\u011fu \u00e7al\u0131\u015fma saatleri. Estonya Edirne Fahri Konsoloslu\u011fu ula\u015f\u0131m, ileti\u015fim bilgileri ve faaliyet alan\u0131.\",\"breadcrumb\":{\"@id\":\"https:\/\/www.myvize.com.tr\/estonya\/konsolosluklar\/edirne-fahri-konsoloslugu\/#breadcrumb\"},\"inLanguage\":\"tr\",\"potentialAction\":[{\"@type\":\"ReadAction\",\"target\":[\"https:\/\/www.myvize.com.tr\/estonya\/konsolosluklar\/edirne-fahri-konsoloslugu\/\"]}]},{\"@type\":\"BreadcrumbList\",\"@id\":\"https:\/\/www.myvize.com.tr\/estonya\/konsolosluklar\/edirne-fahri-konsoloslugu\/#breadcrumb\",\"itemListElement\":[{\"@type\":\"ListItem\",\"position\":1,\"name\":\"Anasayfa\",\"item\":\"https:\/\/www.myvize.com.tr\/estonya\/\"},{\"@type\":\"ListItem\",\"position\":2,\"name\":\"KONSOLOSLUKLAR\",\"item\":\"https:\/\/www.myvize.com.tr\/estonya\/konsolosluklar\/\"},{\"@type\":\"ListItem\",\"position\":3,\"name\":\"Estonya Edirne Konsoloslu\u011fu\"}]},{\"@type\":\"WebSite\",\"@id\":\"https:\/\/www.myvize.com.tr\/estonya\/#website\",\"url\":\"https:\/\/www.myvize.com.tr\/estonya\/\",\"name\":\"Estonya Vizesi\",\"description\":\"\",\"potentialAction\":[{\"@type\":\"SearchAction\",\"target\":{\"@type\":\"EntryPoint\",\"urlTemplate\":\"https:\/\/www.myvize.com.tr\/estonya\/?s={search_term_string}\"},\"query-input\":{\"@type\":\"PropertyValueSpecification\",\"valueRequired\":true,\"valueName\":\"search_term_string\"}}],\"inLanguage\":\"tr\"}]}<\/script>\n<!-- \/ Yoast SEO plugin. -->","yoast_head_json":{"title":"Estonya Edirne Konsoloslu\u011fu Vize \u0130\u015flemleri - MyVize","description":"Estonya Edirne Fahri Konsoloslu\u011fu \u00e7al\u0131\u015fma saatleri. Estonya Edirne Fahri Konsoloslu\u011fu ula\u015f\u0131m, ileti\u015fim bilgileri ve faaliyet alan\u0131.","robots":{"index":"index","follow":"follow","max-snippet":"max-snippet:-1","max-image-preview":"max-image-preview:large","max-video-preview":"max-video-preview:-1"},"canonical":"https:\/\/www.myvize.com.tr\/estonya\/konsolosluklar\/edirne-fahri-konsoloslugu\/","og_locale":"tr_TR","og_type":"article","og_title":"Estonya Edirne Konsoloslu\u011fu Vize \u0130\u015flemleri - MyVize","og_description":"Estonya Edirne Fahri Konsoloslu\u011fu \u00e7al\u0131\u015fma saatleri. Estonya Edirne Fahri Konsoloslu\u011fu ula\u015f\u0131m, ileti\u015fim bilgileri ve faaliyet alan\u0131.","og_url":"https:\/\/www.myvize.com.tr\/estonya\/konsolosluklar\/edirne-fahri-konsoloslugu\/","og_site_name":"Estonya Vizesi","article_modified_time":"2022-04-07T11:35:42+00:00","twitter_card":"summary_large_image","twitter_misc":{"Tahmini okuma s\u00fcresi":"1 dakika"},"schema":{"@context":"https:\/\/schema.org","@graph":[{"@type":"WebPage","@id":"https:\/\/www.myvize.com.tr\/estonya\/konsolosluklar\/edirne-fahri-konsoloslugu\/","url":"https:\/\/www.myvize.com.tr\/estonya\/konsolosluklar\/edirne-fahri-konsoloslugu\/","name":"Estonya Edirne Konsoloslu\u011fu Vize \u0130\u015flemleri - MyVize","isPartOf":{"@id":"https:\/\/www.myvize.com.tr\/estonya\/#website"},"datePublished":"2020-11-30T10:05:31+00:00","dateModified":"2022-04-07T11:35:42+00:00","description":"Estonya Edirne Fahri Konsoloslu\u011fu \u00e7al\u0131\u015fma saatleri. Estonya Edirne Fahri Konsoloslu\u011fu ula\u015f\u0131m, ileti\u015fim bilgileri ve faaliyet alan\u0131.","breadcrumb":{"@id":"https:\/\/www.myvize.com.tr\/estonya\/konsolosluklar\/edirne-fahri-konsoloslugu\/#breadcrumb"},"inLanguage":"tr","potentialAction":[{"@type":"ReadAction","target":["https:\/\/www.myvize.com.tr\/estonya\/konsolosluklar\/edirne-fahri-konsoloslugu\/"]}]},{"@type":"BreadcrumbList","@id":"https:\/\/www.myvize.com.tr\/estonya\/konsolosluklar\/edirne-fahri-konsoloslugu\/#breadcrumb","itemListElement":[{"@type":"ListItem","position":1,"name":"Anasayfa","item":"https:\/\/www.myvize.com.tr\/estonya\/"},{"@type":"ListItem","position":2,"name":"KONSOLOSLUKLAR","item":"https:\/\/www.myvize.com.tr\/estonya\/konsolosluklar\/"},{"@type":"ListItem","position":3,"name":"Estonya Edirne Konsoloslu\u011fu"}]},{"@type":"WebSite","@id":"https:\/\/www.myvize.com.tr\/estonya\/#website","url":"https:\/\/www.myvize.com.tr\/estonya\/","name":"Estonya Vizesi","description":"","potentialAction":[{"@type":"SearchAction","target":{"@type":"EntryPoint","urlTemplate":"https:\/\/www.myvize.com.tr\/estonya\/?s={search_term_string}"},"query-input":{"@type":"PropertyValueSpecification","valueRequired":true,"valueName":"search_term_string"}}],"inLanguage":"tr"}]}},"_links":{"self":[{"href":"https:\/\/www.myvize.com.tr\/estonya\/wp-json\/wp\/v2\/pages\/86","targetHints":{"allow":["GET"]}}],"collection":[{"href":"https:\/\/www.myvize.com.tr\/estonya\/wp-json\/wp\/v2\/pages"}],"about":[{"href":"https:\/\/www.myvize.com.tr\/estonya\/wp-json\/wp\/v2\/types\/page"}],"author":[{"embeddable":true,"href":"https:\/\/www.myvize.com.tr\/estonya\/wp-json\/wp\/v2\/users\/1"}],"replies":[{"embeddable":true,"href":"https:\/\/www.myvize.com.tr\/estonya\/wp-json\/wp\/v2\/comments?post=86"}],"version-history":[{"count":6,"href":"https:\/\/www.myvize.com.tr\/estonya\/wp-json\/wp\/v2\/pages\/86\/revisions"}],"predecessor-version":[{"id":760,"href":"https:\/\/www.myvize.com.tr\/estonya\/wp-json\/wp\/v2\/pages\/86\/revisions\/760"}],"up":[{"embeddable":true,"href":"https:\/\/www.myvize.com.tr\/estonya\/wp-json\/wp\/v2\/pages\/69"}],"wp:attachment":[{"href":"https:\/\/www.myvize.com.tr\/estonya\/wp-json\/wp\/v2\/media?parent=86"}],"curies":[{"name":"wp","href":"https:\/\/api.w.org\/{rel}","templated":true}]}}