{"id":88,"date":"2020-11-30T13:05:51","date_gmt":"2020-11-30T10:05:51","guid":{"rendered":"https:\/\/www.myvize.com.tr\/estonya\/?page_id=88"},"modified":"2022-04-07T14:36:17","modified_gmt":"2022-04-07T11:36:17","slug":"bodrum-fahri-konsoloslugu","status":"publish","type":"page","link":"https:\/\/www.myvize.com.tr\/estonya\/konsolosluklar\/bodrum-fahri-konsoloslugu\/","title":{"rendered":"Estonya Bodrum Fahri Konsoloslu\u011fu"},"content":{"rendered":"<h2><strong><span style=\"font-family: Roboto; font-size: 27px;\">Estonya Bodrum Konsoloslu\u011fu Hakk\u0131nda<\/span><\/strong><\/h2>\n<p><span style=\"font-family: Roboto; font-size: 14px;\"><strong>Estonya Bodrum Fahri Konsoloslu\u011fu,<\/strong> Estonya Devleti\u2019nin T\u00fcrkiye\u2019de bulunan temsilciliklerinden birisidir. Estonya Bodrum Fahri Konsoloslu\u011fu\u2019nun g\u00f6revleri a\u015fa\u011f\u0131da listelenmi\u015ftir.<\/span><\/p>\n<ul>\n<li><span style=\"font-family: Roboto; font-size: 14px;\">Estonya Bodrum Fahri Konsoloslu\u011fu, Estonya\u2019n\u0131n T\u00fcrkiye\u2019de bulunan ancak diplomatik yetki verilmemi\u015f temsilcili\u011fidir.<\/span><\/li>\n<li><span style=\"font-family: Roboto; font-size: 14px;\"><strong>Estonya Bodrum Fahri Konsoloslu\u011fu<\/strong>, Estonya\u2019n\u0131n Ankara B\u00fcy\u00fckel\u00e7ili\u011fine ba\u011fl\u0131d\u0131r ve Estonya Ankara B\u00fcy\u00fckel\u00e7ili\u011fi\u2019nin vermi\u015f oldu\u011fu g\u00f6revleri yetine getirmektedir.<\/span><\/li>\n<li><span style=\"font-family: Roboto; font-size: 14px;\">Estonya Bodrum Fahri Konsoloslu\u011fu, T\u00fcrkiye\u2019deki ticari ili\u015fkileri d\u00fczenlemesi i\u00e7in kurulmu\u015f bir temsilciliktir.<\/span><\/li>\n<li><span style=\"font-family: Roboto; font-size: 14px;\"><strong>Estonya Bodrum Fahri Konsoloslu\u011fu<\/strong>, Estonya\u2019n\u0131n Bodrum ve \u00e7evresinde i\u015f kurmu\u015f olan vatanda\u015flar\u0131n\u0131n ticari i\u015flerinde destek olmaktad\u0131r.<\/span><\/li>\n<li><span style=\"font-family: Roboto; font-size: 14px;\">Estonya Bodrum Fahri Konsoloslu\u011fu, Estonya k\u00fclt\u00fcr\u00fcn\u00fc Bodrum ve \u00e7evresinde tan\u0131tmay\u0131 ama\u00e7lamaktad\u0131r.<\/span><\/li>\n<li><span style=\"font-family: Roboto; font-size: 14px;\">Estonya\u2019n\u0131n Bodrum Fahri Konsoloslu\u011fu\u2019nun diplomatik bir yetkisi bulunmad\u0131\u011f\u0131ndan dolay\u0131 konsolosluk hizmeti ve vize hizmeti vermemektedir. Estonya\u2019n\u0131n Bodrum Fahri Konsoloslu\u011fu, sadece acil durumlarda belge tasdiki yapmaktad\u0131r.<\/span><\/li>\n<\/ul>\n<h3><span style=\"font-family: Roboto; font-size: 22px;\"><strong>Estonya Bodrum Fahri Konsoloslu\u011fu \u00c7al\u0131\u015fma Saatleri<\/strong><\/span><\/h3>\n<p><span style=\"font-family: Roboto; font-size: 14px;\"><strong>Estonya Bodrum Fahri Konsoloslu\u011fu<\/strong>, hafta i\u00e7i saat 09.30 ile 17.30 aras\u0131nda \u00e7al\u0131\u015fmaktad\u0131r. T\u00fcrkiye ve Estonya resmi tatillerinde \u00e7al\u0131\u015fmamaktad\u0131r.<\/span><\/p>\n<h3><span style=\"font-family: Roboto; font-size: 22px;\"><strong>Estonya Bodrum Fahri Konsoloslu\u011fu Adresi <\/strong><\/span><\/h3>\n<p><span style=\"font-family: Roboto; font-size: 14px;\">Adres: Eski\u00e7e\u015fme Mahallesi, Caferpa\u015fa Caddesi, No: 47, Daire: 4, Bodrum\/Mu\u011fla<\/span><\/p>\n<p><span style=\"font-family: Roboto; font-size: 14px;\"><span style=\"color: #2acec2;\"><strong><a style=\"color: #2acec2;\" href=\"https:\/\/www.myvize.com.tr\/estonya\/vize-islemleri\/estonya-vize-reddi\/\" target=\"_blank\" rel=\"noopener\">Estonya Vize Reddi<\/a><\/strong><\/span> ile ilgili bilgi almak i\u00e7in bizi aray\u0131n\u0131z.<\/span><\/p>\n","protected":false},"excerpt":{"rendered":"<p>Estonya Bodrum Konsoloslu\u011fu Hakk\u0131nda Estonya Bodrum Fahri Konsoloslu\u011fu, Estonya Devleti\u2019nin T\u00fcrkiye\u2019de bulunan temsilciliklerinden birisidir. Estonya Bodrum Fahri Konsoloslu\u011fu\u2019nun g\u00f6revleri a\u015fa\u011f\u0131da listelenmi\u015ftir. Estonya Bodrum Fahri Konsoloslu\u011fu, Estonya\u2019n\u0131n T\u00fcrkiye\u2019de bulunan ancak diplomatik yetki verilmemi\u015f temsilcili\u011fidir. Estonya Bodrum Fahri Konsoloslu\u011fu, Estonya\u2019n\u0131n Ankara B\u00fcy\u00fckel\u00e7ili\u011fine ba\u011fl\u0131d\u0131r ve Estonya Ankara B\u00fcy\u00fckel\u00e7ili\u011fi\u2019nin vermi\u015f oldu\u011fu g\u00f6revleri yetine getirmektedir. Estonya Bodrum Fahri Konsoloslu\u011fu, T\u00fcrkiye\u2019deki<\/p>\n","protected":false},"author":1,"featured_media":0,"parent":69,"menu_order":0,"comment_status":"open","ping_status":"closed","template":"","meta":{"footnotes":""},"class_list":["post-88","page","type-page","status-publish","hentry"],"yoast_head":"<!-- This site is optimized with the Yoast SEO plugin v24.0 - https:\/\/yoast.com\/wordpress\/plugins\/seo\/ -->\n<title>Estonya Bodrum Fahri Konsoloslu\u011fu - MyVize<\/title>\n<meta name=\"description\" content=\"Estonya Bodrum Fahri Konsoloslu\u011fu \u00e7al\u0131\u015fma saatleri. Estonya Bodrum Fahri Konsoloslu\u011fu ula\u015f\u0131m, ileti\u015fim bilgileri ve faaliyet alan\u0131.\" \/>\n<meta name=\"robots\" content=\"index, follow, max-snippet:-1, max-image-preview:large, max-video-preview:-1\" \/>\n<link rel=\"canonical\" href=\"https:\/\/www.myvize.com.tr\/estonya\/konsolosluklar\/bodrum-fahri-konsoloslugu\/\" \/>\n<meta property=\"og:locale\" content=\"tr_TR\" \/>\n<meta property=\"og:type\" content=\"article\" \/>\n<meta property=\"og:title\" content=\"Estonya Bodrum Fahri Konsoloslu\u011fu - MyVize\" \/>\n<meta property=\"og:description\" content=\"Estonya Bodrum Fahri Konsoloslu\u011fu \u00e7al\u0131\u015fma saatleri. Estonya Bodrum Fahri Konsoloslu\u011fu ula\u015f\u0131m, ileti\u015fim bilgileri ve faaliyet alan\u0131.\" \/>\n<meta property=\"og:url\" content=\"https:\/\/www.myvize.com.tr\/estonya\/konsolosluklar\/bodrum-fahri-konsoloslugu\/\" \/>\n<meta property=\"og:site_name\" content=\"Estonya Vizesi\" \/>\n<meta property=\"article:modified_time\" content=\"2022-04-07T11:36:17+00:00\" \/>\n<meta name=\"twitter:card\" content=\"summary_large_image\" \/>\n<meta name=\"twitter:label1\" content=\"Tahmini okuma s\u00fcresi\" \/>\n\t<meta name=\"twitter:data1\" content=\"1 dakika\" \/>\n<script type=\"application\/ld+json\" class=\"yoast-schema-graph\">{\"@context\":\"https:\/\/schema.org\",\"@graph\":[{\"@type\":\"WebPage\",\"@id\":\"https:\/\/www.myvize.com.tr\/estonya\/konsolosluklar\/bodrum-fahri-konsoloslugu\/\",\"url\":\"https:\/\/www.myvize.com.tr\/estonya\/konsolosluklar\/bodrum-fahri-konsoloslugu\/\",\"name\":\"Estonya Bodrum Fahri Konsoloslu\u011fu - MyVize\",\"isPartOf\":{\"@id\":\"https:\/\/www.myvize.com.tr\/estonya\/#website\"},\"datePublished\":\"2020-11-30T10:05:51+00:00\",\"dateModified\":\"2022-04-07T11:36:17+00:00\",\"description\":\"Estonya Bodrum Fahri Konsoloslu\u011fu \u00e7al\u0131\u015fma saatleri. Estonya Bodrum Fahri Konsoloslu\u011fu ula\u015f\u0131m, ileti\u015fim bilgileri ve faaliyet alan\u0131.\",\"breadcrumb\":{\"@id\":\"https:\/\/www.myvize.com.tr\/estonya\/konsolosluklar\/bodrum-fahri-konsoloslugu\/#breadcrumb\"},\"inLanguage\":\"tr\",\"potentialAction\":[{\"@type\":\"ReadAction\",\"target\":[\"https:\/\/www.myvize.com.tr\/estonya\/konsolosluklar\/bodrum-fahri-konsoloslugu\/\"]}]},{\"@type\":\"BreadcrumbList\",\"@id\":\"https:\/\/www.myvize.com.tr\/estonya\/konsolosluklar\/bodrum-fahri-konsoloslugu\/#breadcrumb\",\"itemListElement\":[{\"@type\":\"ListItem\",\"position\":1,\"name\":\"Anasayfa\",\"item\":\"https:\/\/www.myvize.com.tr\/estonya\/\"},{\"@type\":\"ListItem\",\"position\":2,\"name\":\"KONSOLOSLUKLAR\",\"item\":\"https:\/\/www.myvize.com.tr\/estonya\/konsolosluklar\/\"},{\"@type\":\"ListItem\",\"position\":3,\"name\":\"Estonya Bodrum Fahri Konsoloslu\u011fu\"}]},{\"@type\":\"WebSite\",\"@id\":\"https:\/\/www.myvize.com.tr\/estonya\/#website\",\"url\":\"https:\/\/www.myvize.com.tr\/estonya\/\",\"name\":\"Estonya Vizesi\",\"description\":\"\",\"potentialAction\":[{\"@type\":\"SearchAction\",\"target\":{\"@type\":\"EntryPoint\",\"urlTemplate\":\"https:\/\/www.myvize.com.tr\/estonya\/?s={search_term_string}\"},\"query-input\":{\"@type\":\"PropertyValueSpecification\",\"valueRequired\":true,\"valueName\":\"search_term_string\"}}],\"inLanguage\":\"tr\"}]}<\/script>\n<!-- \/ Yoast SEO plugin. -->","yoast_head_json":{"title":"Estonya Bodrum Fahri Konsoloslu\u011fu - MyVize","description":"Estonya Bodrum Fahri Konsoloslu\u011fu \u00e7al\u0131\u015fma saatleri. Estonya Bodrum Fahri Konsoloslu\u011fu ula\u015f\u0131m, ileti\u015fim bilgileri ve faaliyet alan\u0131.","robots":{"index":"index","follow":"follow","max-snippet":"max-snippet:-1","max-image-preview":"max-image-preview:large","max-video-preview":"max-video-preview:-1"},"canonical":"https:\/\/www.myvize.com.tr\/estonya\/konsolosluklar\/bodrum-fahri-konsoloslugu\/","og_locale":"tr_TR","og_type":"article","og_title":"Estonya Bodrum Fahri Konsoloslu\u011fu - MyVize","og_description":"Estonya Bodrum Fahri Konsoloslu\u011fu \u00e7al\u0131\u015fma saatleri. Estonya Bodrum Fahri Konsoloslu\u011fu ula\u015f\u0131m, ileti\u015fim bilgileri ve faaliyet alan\u0131.","og_url":"https:\/\/www.myvize.com.tr\/estonya\/konsolosluklar\/bodrum-fahri-konsoloslugu\/","og_site_name":"Estonya Vizesi","article_modified_time":"2022-04-07T11:36:17+00:00","twitter_card":"summary_large_image","twitter_misc":{"Tahmini okuma s\u00fcresi":"1 dakika"},"schema":{"@context":"https:\/\/schema.org","@graph":[{"@type":"WebPage","@id":"https:\/\/www.myvize.com.tr\/estonya\/konsolosluklar\/bodrum-fahri-konsoloslugu\/","url":"https:\/\/www.myvize.com.tr\/estonya\/konsolosluklar\/bodrum-fahri-konsoloslugu\/","name":"Estonya Bodrum Fahri Konsoloslu\u011fu - MyVize","isPartOf":{"@id":"https:\/\/www.myvize.com.tr\/estonya\/#website"},"datePublished":"2020-11-30T10:05:51+00:00","dateModified":"2022-04-07T11:36:17+00:00","description":"Estonya Bodrum Fahri Konsoloslu\u011fu \u00e7al\u0131\u015fma saatleri. Estonya Bodrum Fahri Konsoloslu\u011fu ula\u015f\u0131m, ileti\u015fim bilgileri ve faaliyet alan\u0131.","breadcrumb":{"@id":"https:\/\/www.myvize.com.tr\/estonya\/konsolosluklar\/bodrum-fahri-konsoloslugu\/#breadcrumb"},"inLanguage":"tr","potentialAction":[{"@type":"ReadAction","target":["https:\/\/www.myvize.com.tr\/estonya\/konsolosluklar\/bodrum-fahri-konsoloslugu\/"]}]},{"@type":"BreadcrumbList","@id":"https:\/\/www.myvize.com.tr\/estonya\/konsolosluklar\/bodrum-fahri-konsoloslugu\/#breadcrumb","itemListElement":[{"@type":"ListItem","position":1,"name":"Anasayfa","item":"https:\/\/www.myvize.com.tr\/estonya\/"},{"@type":"ListItem","position":2,"name":"KONSOLOSLUKLAR","item":"https:\/\/www.myvize.com.tr\/estonya\/konsolosluklar\/"},{"@type":"ListItem","position":3,"name":"Estonya Bodrum Fahri Konsoloslu\u011fu"}]},{"@type":"WebSite","@id":"https:\/\/www.myvize.com.tr\/estonya\/#website","url":"https:\/\/www.myvize.com.tr\/estonya\/","name":"Estonya Vizesi","description":"","potentialAction":[{"@type":"SearchAction","target":{"@type":"EntryPoint","urlTemplate":"https:\/\/www.myvize.com.tr\/estonya\/?s={search_term_string}"},"query-input":{"@type":"PropertyValueSpecification","valueRequired":true,"valueName":"search_term_string"}}],"inLanguage":"tr"}]}},"_links":{"self":[{"href":"https:\/\/www.myvize.com.tr\/estonya\/wp-json\/wp\/v2\/pages\/88","targetHints":{"allow":["GET"]}}],"collection":[{"href":"https:\/\/www.myvize.com.tr\/estonya\/wp-json\/wp\/v2\/pages"}],"about":[{"href":"https:\/\/www.myvize.com.tr\/estonya\/wp-json\/wp\/v2\/types\/page"}],"author":[{"embeddable":true,"href":"https:\/\/www.myvize.com.tr\/estonya\/wp-json\/wp\/v2\/users\/1"}],"replies":[{"embeddable":true,"href":"https:\/\/www.myvize.com.tr\/estonya\/wp-json\/wp\/v2\/comments?post=88"}],"version-history":[{"count":3,"href":"https:\/\/www.myvize.com.tr\/estonya\/wp-json\/wp\/v2\/pages\/88\/revisions"}],"predecessor-version":[{"id":761,"href":"https:\/\/www.myvize.com.tr\/estonya\/wp-json\/wp\/v2\/pages\/88\/revisions\/761"}],"up":[{"embeddable":true,"href":"https:\/\/www.myvize.com.tr\/estonya\/wp-json\/wp\/v2\/pages\/69"}],"wp:attachment":[{"href":"https:\/\/www.myvize.com.tr\/estonya\/wp-json\/wp\/v2\/media?parent=88"}],"curies":[{"name":"wp","href":"https:\/\/api.w.org\/{rel}","templated":true}]}}