{"id":90,"date":"2020-11-30T13:06:29","date_gmt":"2020-11-30T10:06:29","guid":{"rendered":"https:\/\/www.myvize.com.tr\/estonya\/?page_id=90"},"modified":"2022-04-07T14:36:56","modified_gmt":"2022-04-07T11:36:56","slug":"gaziantep-fahri-konsoloslugu","status":"publish","type":"page","link":"https:\/\/www.myvize.com.tr\/estonya\/konsolosluklar\/gaziantep-fahri-konsoloslugu\/","title":{"rendered":"Estonya Gaziantep Konsoloslu\u011fu"},"content":{"rendered":"<h2><strong><span style=\"font-family: Roboto; font-size: 27px;\">Estonya Gaziantep Fahri Konsoloslu\u011fu Hakk\u0131nda<\/span><\/strong><\/h2>\n<p><span style=\"font-family: Roboto; font-size: 14px;\"><strong>Estonya Gaziantep Fahri Konsoloslu\u011fu<\/strong>, T\u00fcrkiye Cumhuriyeti topraklar\u0131 i\u00e7erisinde Estonya Devleti\u2019nin haklar\u0131n\u0131 korumakta ve ayr\u0131ca Gaziantep ve \u00e7evresinde ya\u015fayan Estonya vatanda\u015flar\u0131na destek olmaktad\u0131r.<strong> Estonya Gaziantep Fahri Konsoloslu\u011fu\u2019nun<\/strong> g\u00f6rev ve yetkileri a\u015fa\u011f\u0131da verilmi\u015ftir. \u00a0<\/span><\/p>\n<ul>\n<li><span style=\"font-family: Roboto; font-size: 14px;\">Estonya Gaziantep Fahri Konsoloslu\u011fu\u2019nun diplomatik bir yetkisi bulunmamaktad\u0131r.<\/span><\/li>\n<li><span style=\"font-family: Roboto; font-size: 14px;\"><strong>Estonya Gaziantep Fahri Konsoloslu\u011fu<\/strong>, \u00e7al\u0131\u015fmalar\u0131n\u0131 Estonya\u2019n\u0131n Ankara B\u00fcy\u00fckel\u00e7ili\u011fi\u2019ne ba\u011fl\u0131 olarak \u00e7al\u0131\u015fma y\u00fcr\u00fctmektedir. Ankara Estonya B\u00fcy\u00fckel\u00e7ili\u011fi\u2019nin vermi\u015f oldu\u011fu g\u00f6revleri yerine getirmektedir.<\/span><\/li>\n<li><span style=\"font-family: Roboto; font-size: 14px;\">Estonya Gaziantep Fahri Konsoloslu\u011fu\u2019na acil durumlar haricinde sadece belge tasdiki yapma yetkisi verilmi\u015ftir.<\/span><\/li>\n<li><span style=\"font-family: Roboto; font-size: 14px;\"><strong>Estonya Gaziantep Fahri Konsoloslu\u011fu,<\/strong> T\u00fcrk vatanda\u015flar\u0131na vize hizmeti verme ya da kabul etme yetkisi verilmemi\u015ftir. <strong>Estonya vize<\/strong> ba\u015fvuru\u015flar\u0131n\u0131 de\u011ferlendirme yetkisi Estonya Ankara B\u00fcy\u00fckel\u00e7ili\u011fi\u2019ne ve Estonya \u0130stanbul Ba\u015fkonsoloslu\u011fu\u2019na verilmi\u015ftir.<\/span><\/li>\n<li><span style=\"font-family: Roboto; font-size: 14px;\"><strong>Estonya Gaziantep Fahri Konsoloslu\u011fu<\/strong>, <span style=\"color: #2acec2;\"><strong><a style=\"color: #2acec2;\" href=\"https:\/\/www.myvize.com.tr\/estonya\/subelerimiz\/gaziantep\/\" target=\"_blank\" rel=\"noopener\">Gaziantep<\/a><\/strong><\/span> ve \u00e7evresinde i\u015f kurmu\u015f ya da ticaret yapan <strong>Estonya vatanda\u015flar\u0131na<\/strong> destek sa\u011flamaktad\u0131r.<\/span><\/li>\n<li><span style=\"font-family: Roboto; font-size: 14px;\">Estonya Gaziantep Fahri Konsoloslu\u011fu, Gaziantep ve \u00e7evresinde Estonya k\u00fclt\u00fcr\u00fcn\u00fc tan\u0131tmaktad\u0131r.<\/span><\/li>\n<\/ul>\n<h3><span style=\"font-family: Roboto; font-size: 22px;\"><strong>Estonya Gaziantep Fahri Konsoloslu\u011fu \u00c7al\u0131\u015fma Saatleri ve Adresi<\/strong><\/span><\/h3>\n<p><span style=\"font-family: Roboto; font-size: 14px;\">Adres: De\u011firmi\u00e7em Mahallesi, Mare\u015fal Fevzi \u00c7akmak Bulvar\u0131, No: 56, PK: 27090, \u015eehitkamil\/Gaziantep<\/span><\/p>\n<p><span style=\"font-family: Roboto; font-size: 14px;\">\u00c7al\u0131\u015fma Saatleri: Hafta i\u00e7i saat 09.00 ile 17.00 aras\u0131nda \u00e7al\u0131\u015fmaktad\u0131r.<\/span><\/p>\n","protected":false},"excerpt":{"rendered":"<p>Estonya Gaziantep Fahri Konsoloslu\u011fu Hakk\u0131nda Estonya Gaziantep Fahri Konsoloslu\u011fu, T\u00fcrkiye Cumhuriyeti topraklar\u0131 i\u00e7erisinde Estonya Devleti\u2019nin haklar\u0131n\u0131 korumakta ve ayr\u0131ca Gaziantep ve \u00e7evresinde ya\u015fayan Estonya vatanda\u015flar\u0131na destek olmaktad\u0131r. Estonya Gaziantep Fahri Konsoloslu\u011fu\u2019nun g\u00f6rev ve yetkileri a\u015fa\u011f\u0131da verilmi\u015ftir. \u00a0 Estonya Gaziantep Fahri Konsoloslu\u011fu\u2019nun diplomatik bir yetkisi bulunmamaktad\u0131r. Estonya Gaziantep Fahri Konsoloslu\u011fu, \u00e7al\u0131\u015fmalar\u0131n\u0131 Estonya\u2019n\u0131n Ankara B\u00fcy\u00fckel\u00e7ili\u011fi\u2019ne ba\u011fl\u0131 olarak<\/p>\n","protected":false},"author":1,"featured_media":0,"parent":69,"menu_order":0,"comment_status":"open","ping_status":"closed","template":"","meta":{"footnotes":""},"class_list":["post-90","page","type-page","status-publish","hentry"],"yoast_head":"<!-- This site is optimized with the Yoast SEO plugin v24.0 - https:\/\/yoast.com\/wordpress\/plugins\/seo\/ -->\n<title>Estonya Gaziantep Konsoloslu\u011fu Vize \u0130\u015flemleri - MyVize<\/title>\n<meta name=\"description\" content=\"Estonya Gaziantep Fahri Konsoloslu\u011fu \u00e7al\u0131\u015fma saatleri. Estonya Gaziantep Fahri Konsoloslu\u011fu ula\u015f\u0131m, ileti\u015fim bilgileri ve faaliyet alan\u0131.\" \/>\n<meta name=\"robots\" content=\"index, follow, max-snippet:-1, max-image-preview:large, max-video-preview:-1\" \/>\n<link rel=\"canonical\" href=\"https:\/\/www.myvize.com.tr\/estonya\/konsolosluklar\/gaziantep-fahri-konsoloslugu\/\" \/>\n<meta property=\"og:locale\" content=\"tr_TR\" \/>\n<meta property=\"og:type\" content=\"article\" \/>\n<meta property=\"og:title\" content=\"Estonya Gaziantep Konsoloslu\u011fu Vize \u0130\u015flemleri - MyVize\" \/>\n<meta property=\"og:description\" content=\"Estonya Gaziantep Fahri Konsoloslu\u011fu \u00e7al\u0131\u015fma saatleri. Estonya Gaziantep Fahri Konsoloslu\u011fu ula\u015f\u0131m, ileti\u015fim bilgileri ve faaliyet alan\u0131.\" \/>\n<meta property=\"og:url\" content=\"https:\/\/www.myvize.com.tr\/estonya\/konsolosluklar\/gaziantep-fahri-konsoloslugu\/\" \/>\n<meta property=\"og:site_name\" content=\"Estonya Vizesi\" \/>\n<meta property=\"article:modified_time\" content=\"2022-04-07T11:36:56+00:00\" \/>\n<meta name=\"twitter:card\" content=\"summary_large_image\" \/>\n<meta name=\"twitter:label1\" content=\"Tahmini okuma s\u00fcresi\" \/>\n\t<meta name=\"twitter:data1\" content=\"1 dakika\" \/>\n<script type=\"application\/ld+json\" class=\"yoast-schema-graph\">{\"@context\":\"https:\/\/schema.org\",\"@graph\":[{\"@type\":\"WebPage\",\"@id\":\"https:\/\/www.myvize.com.tr\/estonya\/konsolosluklar\/gaziantep-fahri-konsoloslugu\/\",\"url\":\"https:\/\/www.myvize.com.tr\/estonya\/konsolosluklar\/gaziantep-fahri-konsoloslugu\/\",\"name\":\"Estonya Gaziantep Konsoloslu\u011fu Vize \u0130\u015flemleri - MyVize\",\"isPartOf\":{\"@id\":\"https:\/\/www.myvize.com.tr\/estonya\/#website\"},\"datePublished\":\"2020-11-30T10:06:29+00:00\",\"dateModified\":\"2022-04-07T11:36:56+00:00\",\"description\":\"Estonya Gaziantep Fahri Konsoloslu\u011fu \u00e7al\u0131\u015fma saatleri. Estonya Gaziantep Fahri Konsoloslu\u011fu ula\u015f\u0131m, ileti\u015fim bilgileri ve faaliyet alan\u0131.\",\"breadcrumb\":{\"@id\":\"https:\/\/www.myvize.com.tr\/estonya\/konsolosluklar\/gaziantep-fahri-konsoloslugu\/#breadcrumb\"},\"inLanguage\":\"tr\",\"potentialAction\":[{\"@type\":\"ReadAction\",\"target\":[\"https:\/\/www.myvize.com.tr\/estonya\/konsolosluklar\/gaziantep-fahri-konsoloslugu\/\"]}]},{\"@type\":\"BreadcrumbList\",\"@id\":\"https:\/\/www.myvize.com.tr\/estonya\/konsolosluklar\/gaziantep-fahri-konsoloslugu\/#breadcrumb\",\"itemListElement\":[{\"@type\":\"ListItem\",\"position\":1,\"name\":\"Anasayfa\",\"item\":\"https:\/\/www.myvize.com.tr\/estonya\/\"},{\"@type\":\"ListItem\",\"position\":2,\"name\":\"KONSOLOSLUKLAR\",\"item\":\"https:\/\/www.myvize.com.tr\/estonya\/konsolosluklar\/\"},{\"@type\":\"ListItem\",\"position\":3,\"name\":\"Estonya Gaziantep Konsoloslu\u011fu\"}]},{\"@type\":\"WebSite\",\"@id\":\"https:\/\/www.myvize.com.tr\/estonya\/#website\",\"url\":\"https:\/\/www.myvize.com.tr\/estonya\/\",\"name\":\"Estonya Vizesi\",\"description\":\"\",\"potentialAction\":[{\"@type\":\"SearchAction\",\"target\":{\"@type\":\"EntryPoint\",\"urlTemplate\":\"https:\/\/www.myvize.com.tr\/estonya\/?s={search_term_string}\"},\"query-input\":{\"@type\":\"PropertyValueSpecification\",\"valueRequired\":true,\"valueName\":\"search_term_string\"}}],\"inLanguage\":\"tr\"}]}<\/script>\n<!-- \/ Yoast SEO plugin. -->","yoast_head_json":{"title":"Estonya Gaziantep Konsoloslu\u011fu Vize \u0130\u015flemleri - MyVize","description":"Estonya Gaziantep Fahri Konsoloslu\u011fu \u00e7al\u0131\u015fma saatleri. Estonya Gaziantep Fahri Konsoloslu\u011fu ula\u015f\u0131m, ileti\u015fim bilgileri ve faaliyet alan\u0131.","robots":{"index":"index","follow":"follow","max-snippet":"max-snippet:-1","max-image-preview":"max-image-preview:large","max-video-preview":"max-video-preview:-1"},"canonical":"https:\/\/www.myvize.com.tr\/estonya\/konsolosluklar\/gaziantep-fahri-konsoloslugu\/","og_locale":"tr_TR","og_type":"article","og_title":"Estonya Gaziantep Konsoloslu\u011fu Vize \u0130\u015flemleri - MyVize","og_description":"Estonya Gaziantep Fahri Konsoloslu\u011fu \u00e7al\u0131\u015fma saatleri. Estonya Gaziantep Fahri Konsoloslu\u011fu ula\u015f\u0131m, ileti\u015fim bilgileri ve faaliyet alan\u0131.","og_url":"https:\/\/www.myvize.com.tr\/estonya\/konsolosluklar\/gaziantep-fahri-konsoloslugu\/","og_site_name":"Estonya Vizesi","article_modified_time":"2022-04-07T11:36:56+00:00","twitter_card":"summary_large_image","twitter_misc":{"Tahmini okuma s\u00fcresi":"1 dakika"},"schema":{"@context":"https:\/\/schema.org","@graph":[{"@type":"WebPage","@id":"https:\/\/www.myvize.com.tr\/estonya\/konsolosluklar\/gaziantep-fahri-konsoloslugu\/","url":"https:\/\/www.myvize.com.tr\/estonya\/konsolosluklar\/gaziantep-fahri-konsoloslugu\/","name":"Estonya Gaziantep Konsoloslu\u011fu Vize \u0130\u015flemleri - MyVize","isPartOf":{"@id":"https:\/\/www.myvize.com.tr\/estonya\/#website"},"datePublished":"2020-11-30T10:06:29+00:00","dateModified":"2022-04-07T11:36:56+00:00","description":"Estonya Gaziantep Fahri Konsoloslu\u011fu \u00e7al\u0131\u015fma saatleri. Estonya Gaziantep Fahri Konsoloslu\u011fu ula\u015f\u0131m, ileti\u015fim bilgileri ve faaliyet alan\u0131.","breadcrumb":{"@id":"https:\/\/www.myvize.com.tr\/estonya\/konsolosluklar\/gaziantep-fahri-konsoloslugu\/#breadcrumb"},"inLanguage":"tr","potentialAction":[{"@type":"ReadAction","target":["https:\/\/www.myvize.com.tr\/estonya\/konsolosluklar\/gaziantep-fahri-konsoloslugu\/"]}]},{"@type":"BreadcrumbList","@id":"https:\/\/www.myvize.com.tr\/estonya\/konsolosluklar\/gaziantep-fahri-konsoloslugu\/#breadcrumb","itemListElement":[{"@type":"ListItem","position":1,"name":"Anasayfa","item":"https:\/\/www.myvize.com.tr\/estonya\/"},{"@type":"ListItem","position":2,"name":"KONSOLOSLUKLAR","item":"https:\/\/www.myvize.com.tr\/estonya\/konsolosluklar\/"},{"@type":"ListItem","position":3,"name":"Estonya Gaziantep Konsoloslu\u011fu"}]},{"@type":"WebSite","@id":"https:\/\/www.myvize.com.tr\/estonya\/#website","url":"https:\/\/www.myvize.com.tr\/estonya\/","name":"Estonya Vizesi","description":"","potentialAction":[{"@type":"SearchAction","target":{"@type":"EntryPoint","urlTemplate":"https:\/\/www.myvize.com.tr\/estonya\/?s={search_term_string}"},"query-input":{"@type":"PropertyValueSpecification","valueRequired":true,"valueName":"search_term_string"}}],"inLanguage":"tr"}]}},"_links":{"self":[{"href":"https:\/\/www.myvize.com.tr\/estonya\/wp-json\/wp\/v2\/pages\/90","targetHints":{"allow":["GET"]}}],"collection":[{"href":"https:\/\/www.myvize.com.tr\/estonya\/wp-json\/wp\/v2\/pages"}],"about":[{"href":"https:\/\/www.myvize.com.tr\/estonya\/wp-json\/wp\/v2\/types\/page"}],"author":[{"embeddable":true,"href":"https:\/\/www.myvize.com.tr\/estonya\/wp-json\/wp\/v2\/users\/1"}],"replies":[{"embeddable":true,"href":"https:\/\/www.myvize.com.tr\/estonya\/wp-json\/wp\/v2\/comments?post=90"}],"version-history":[{"count":4,"href":"https:\/\/www.myvize.com.tr\/estonya\/wp-json\/wp\/v2\/pages\/90\/revisions"}],"predecessor-version":[{"id":763,"href":"https:\/\/www.myvize.com.tr\/estonya\/wp-json\/wp\/v2\/pages\/90\/revisions\/763"}],"up":[{"embeddable":true,"href":"https:\/\/www.myvize.com.tr\/estonya\/wp-json\/wp\/v2\/pages\/69"}],"wp:attachment":[{"href":"https:\/\/www.myvize.com.tr\/estonya\/wp-json\/wp\/v2\/media?parent=90"}],"curies":[{"name":"wp","href":"https:\/\/api.w.org\/{rel}","templated":true}]}}