{"id":92,"date":"2020-11-30T13:07:02","date_gmt":"2020-11-30T10:07:02","guid":{"rendered":"https:\/\/www.myvize.com.tr\/estonya\/?page_id=92"},"modified":"2022-04-07T14:37:28","modified_gmt":"2022-04-07T11:37:28","slug":"estonya-konsolosluk-islemleri","status":"publish","type":"page","link":"https:\/\/www.myvize.com.tr\/estonya\/konsolosluklar\/estonya-konsolosluk-islemleri\/","title":{"rendered":"Estonya Konsolosluk \u0130\u015flemleri"},"content":{"rendered":"<h2><strong><span style=\"font-family: Roboto; font-size: 27px;\">Estonya Konsolosluk \u0130\u015flemleri Hakk\u0131nda<\/span><\/strong><\/h2>\n<p><span style=\"font-family: Roboto; font-size: 14px;\"><strong>Estonya Konsolosluk i\u015flemleri<\/strong>, Estonya B\u00fcy\u00fckel\u00e7ili\u011fi\u2019nin ve konsolosluklar\u0131n\u0131n \u2018\u2019konsolosluk b\u00f6l\u00fcm\u00fc\u2019\u2019 ile yap\u0131lmaktad\u0131r. Estonya\u2019n\u0131n T\u00fcrkiye\u2019de Estonya B\u00fcy\u00fckel\u00e7ili\u011fi, Estonya Ba\u015fkonsoloslu\u011fu ve <strong>Estonya Fahri Konsolosluklar\u0131<\/strong> bulunmaktad\u0131r. Estonya vatanda\u015flar\u0131na, <strong>Estonya konsolosluk hizmeti<\/strong> ve Estonya noter hizmeti vermektedir. Ayr\u0131ca B\u00fcy\u00fckel\u00e7ilik Estonya vergi y\u00fck\u00fcml\u00fcl\u00fc\u011f\u00fc olan Estonya vatanda\u015flar\u0131ndan Estonya ad\u0131na vergi toplamaktad\u0131r.<\/span><\/p>\n<p><span style=\"font-family: Roboto; font-size: 14px;\">Estonya\u2019ya seyahat etmek isteyen T\u00fcrk vatanda\u015flar\u0131 ve <strong>T\u00fcrkiye\u2019de oturum izni<\/strong> olan \u00fc\u00e7\u00fcnc\u00fc \u00fclke vatanda\u015flar\u0131na da vize hizmeti vermektedir. Estonya Fahri konsolosluklar\u0131na diplomatik yetki verilmemi\u015ftir. Estonya ve T\u00fcrkiye kanunlar\u0131na ve uluslararas\u0131 hukuka ba\u011fl\u0131 olarak Estonya \u00e7\u0131karlar\u0131n\u0131 korumaktad\u0131r.<\/span><\/p>\n<p><span style=\"font-family: Roboto; font-size: 14px;\"><strong>Estonya Konsolosluk i\u015flemler<\/strong> a\u015fa\u011f\u0131da verilmi\u015ftir;<\/span><\/p>\n<ul>\n<li><span style=\"font-family: Roboto; font-size: 14px;\">Estonya vatanda\u015flar\u0131n\u0131n do\u011fum i\u015flemleri,<\/span><\/li>\n<li><span style=\"font-family: Roboto; font-size: 14px;\">Estonya vatanda\u015flar\u0131n\u0131n evlilik i\u015flemleri,<\/span><\/li>\n<li><span style=\"font-family: Roboto; font-size: 14px;\">Estonya vatanda\u015flar\u0131n\u0131n pasaport i\u015flemleri,<\/span><\/li>\n<li><span style=\"font-family: Roboto; font-size: 14px;\">Estonya vatanda\u015flar\u0131n\u0131n noterlik i\u015flemleri,<\/span><\/li>\n<li><span style=\"font-family: Roboto; font-size: 14px;\">Estonya vatanda\u015flar\u0131n\u0131n sa\u011fl\u0131k i\u015flemleri,<\/span><\/li>\n<li><span style=\"font-family: Roboto; font-size: 14px;\">Estonya vatanda\u015flar\u0131n\u0131n \u00f6l\u00fcm i\u015flemleri,<\/span><\/li>\n<li><span style=\"font-family: Roboto; font-size: 14px;\">Estonya vatanda\u015flar\u0131n\u0131n e\u011fitim i\u015flemleri,<\/span><\/li>\n<li><span style=\"font-family: Roboto; font-size: 14px;\">Estonya vatanda\u015flar\u0131n\u0131n adli i\u015flemleri,<\/span><\/li>\n<li><span style=\"font-family: Roboto; font-size: 14px;\">Estonya vatanda\u015flar\u0131n\u0131n vergi i\u015flemleri,<\/span><\/li>\n<li><span style=\"font-family: Roboto; font-size: 14px;\">Estonya vatanda\u015flar\u0131n\u0131n askerlik i\u015flemleri,<\/span><\/li>\n<li><span style=\"font-family: Roboto; font-size: 14px;\">Estonya vatanda\u015flar\u0131n\u0131n n\u00fcfus i\u015flemleri,<\/span><\/li>\n<li><span style=\"font-family: Roboto; font-size: 14px;\">Estonya\u2019ya seyahat etmek isteyen ki\u015filerin vize,<\/span><\/li>\n<li><span style=\"font-family: Roboto; font-size: 14px;\">T\u00fcrkiye Cumhuriyeti vatanda\u015flar\u0131n\u0131n Estonya vatanda\u015fl\u0131\u011f\u0131na ge\u00e7i\u015f,<\/span><\/li>\n<li><span style=\"font-family: Roboto; font-size: 14px;\">T\u00fcrkiye\u2019de bulunan yabanc\u0131 \u00fclkelerin <span style=\"color: #2acec2;\"><strong><a style=\"color: #2acec2;\" href=\"https:\/\/www.myvize.com.tr\/estonya\/vize-islemleri\/estonya-oturum-izni\/\" target=\"_blank\" rel=\"noopener\">Estonya oturum izni <\/a><\/strong><\/span>ve \u00e7al\u0131\u015fma izni i\u015flemleri<\/span><\/li>\n<li><span style=\"font-family: Roboto; font-size: 14px;\">T\u00fcrkiye\u2019de ticaret eden Estonya vatanda\u015flar\u0131na destek olmaktad\u0131r.<\/span><\/li>\n<\/ul>\n","protected":false},"excerpt":{"rendered":"<p>Estonya Konsolosluk \u0130\u015flemleri Hakk\u0131nda Estonya Konsolosluk i\u015flemleri, Estonya B\u00fcy\u00fckel\u00e7ili\u011fi\u2019nin ve konsolosluklar\u0131n\u0131n \u2018\u2019konsolosluk b\u00f6l\u00fcm\u00fc\u2019\u2019 ile yap\u0131lmaktad\u0131r. Estonya\u2019n\u0131n T\u00fcrkiye\u2019de Estonya B\u00fcy\u00fckel\u00e7ili\u011fi, Estonya Ba\u015fkonsoloslu\u011fu ve Estonya Fahri Konsolosluklar\u0131 bulunmaktad\u0131r. Estonya vatanda\u015flar\u0131na, Estonya konsolosluk hizmeti ve Estonya noter hizmeti vermektedir. Ayr\u0131ca B\u00fcy\u00fckel\u00e7ilik Estonya vergi y\u00fck\u00fcml\u00fcl\u00fc\u011f\u00fc olan Estonya vatanda\u015flar\u0131ndan Estonya ad\u0131na vergi toplamaktad\u0131r. Estonya\u2019ya seyahat etmek isteyen T\u00fcrk vatanda\u015flar\u0131 ve<\/p>\n","protected":false},"author":1,"featured_media":0,"parent":69,"menu_order":0,"comment_status":"open","ping_status":"closed","template":"","meta":{"footnotes":""},"class_list":["post-92","page","type-page","status-publish","hentry"],"yoast_head":"<!-- This site is optimized with the Yoast SEO plugin v24.0 - https:\/\/yoast.com\/wordpress\/plugins\/seo\/ -->\n<title>Estonya Konsolosluk \u0130\u015flemleri - Estonya Vize - MyVize<\/title>\n<meta name=\"description\" content=\"Estonya konsolosluk i\u015flemleri gerekli evraklar g\u00fcncel olarak verilmektedir. Estonya konsolosluk i\u015flemleri gerekli \u015fartlar.\" \/>\n<meta name=\"robots\" content=\"index, follow, max-snippet:-1, max-image-preview:large, max-video-preview:-1\" \/>\n<link rel=\"canonical\" href=\"https:\/\/www.myvize.com.tr\/estonya\/konsolosluklar\/estonya-konsolosluk-islemleri\/\" \/>\n<meta property=\"og:locale\" content=\"tr_TR\" \/>\n<meta property=\"og:type\" content=\"article\" \/>\n<meta property=\"og:title\" content=\"Estonya Konsolosluk \u0130\u015flemleri - Estonya Vize - MyVize\" \/>\n<meta property=\"og:description\" content=\"Estonya konsolosluk i\u015flemleri gerekli evraklar g\u00fcncel olarak verilmektedir. Estonya konsolosluk i\u015flemleri gerekli \u015fartlar.\" \/>\n<meta property=\"og:url\" content=\"https:\/\/www.myvize.com.tr\/estonya\/konsolosluklar\/estonya-konsolosluk-islemleri\/\" \/>\n<meta property=\"og:site_name\" content=\"Estonya Vizesi\" \/>\n<meta property=\"article:modified_time\" content=\"2022-04-07T11:37:28+00:00\" \/>\n<meta name=\"twitter:card\" content=\"summary_large_image\" \/>\n<meta name=\"twitter:label1\" content=\"Tahmini okuma s\u00fcresi\" \/>\n\t<meta name=\"twitter:data1\" content=\"1 dakika\" \/>\n<script type=\"application\/ld+json\" class=\"yoast-schema-graph\">{\"@context\":\"https:\/\/schema.org\",\"@graph\":[{\"@type\":\"WebPage\",\"@id\":\"https:\/\/www.myvize.com.tr\/estonya\/konsolosluklar\/estonya-konsolosluk-islemleri\/\",\"url\":\"https:\/\/www.myvize.com.tr\/estonya\/konsolosluklar\/estonya-konsolosluk-islemleri\/\",\"name\":\"Estonya Konsolosluk \u0130\u015flemleri - Estonya Vize - MyVize\",\"isPartOf\":{\"@id\":\"https:\/\/www.myvize.com.tr\/estonya\/#website\"},\"datePublished\":\"2020-11-30T10:07:02+00:00\",\"dateModified\":\"2022-04-07T11:37:28+00:00\",\"description\":\"Estonya konsolosluk i\u015flemleri gerekli evraklar g\u00fcncel olarak verilmektedir. Estonya konsolosluk i\u015flemleri gerekli \u015fartlar.\",\"breadcrumb\":{\"@id\":\"https:\/\/www.myvize.com.tr\/estonya\/konsolosluklar\/estonya-konsolosluk-islemleri\/#breadcrumb\"},\"inLanguage\":\"tr\",\"potentialAction\":[{\"@type\":\"ReadAction\",\"target\":[\"https:\/\/www.myvize.com.tr\/estonya\/konsolosluklar\/estonya-konsolosluk-islemleri\/\"]}]},{\"@type\":\"BreadcrumbList\",\"@id\":\"https:\/\/www.myvize.com.tr\/estonya\/konsolosluklar\/estonya-konsolosluk-islemleri\/#breadcrumb\",\"itemListElement\":[{\"@type\":\"ListItem\",\"position\":1,\"name\":\"Anasayfa\",\"item\":\"https:\/\/www.myvize.com.tr\/estonya\/\"},{\"@type\":\"ListItem\",\"position\":2,\"name\":\"KONSOLOSLUKLAR\",\"item\":\"https:\/\/www.myvize.com.tr\/estonya\/konsolosluklar\/\"},{\"@type\":\"ListItem\",\"position\":3,\"name\":\"Estonya Konsolosluk \u0130\u015flemleri\"}]},{\"@type\":\"WebSite\",\"@id\":\"https:\/\/www.myvize.com.tr\/estonya\/#website\",\"url\":\"https:\/\/www.myvize.com.tr\/estonya\/\",\"name\":\"Estonya Vizesi\",\"description\":\"\",\"potentialAction\":[{\"@type\":\"SearchAction\",\"target\":{\"@type\":\"EntryPoint\",\"urlTemplate\":\"https:\/\/www.myvize.com.tr\/estonya\/?s={search_term_string}\"},\"query-input\":{\"@type\":\"PropertyValueSpecification\",\"valueRequired\":true,\"valueName\":\"search_term_string\"}}],\"inLanguage\":\"tr\"}]}<\/script>\n<!-- \/ Yoast SEO plugin. -->","yoast_head_json":{"title":"Estonya Konsolosluk \u0130\u015flemleri - Estonya Vize - MyVize","description":"Estonya konsolosluk i\u015flemleri gerekli evraklar g\u00fcncel olarak verilmektedir. Estonya konsolosluk i\u015flemleri gerekli \u015fartlar.","robots":{"index":"index","follow":"follow","max-snippet":"max-snippet:-1","max-image-preview":"max-image-preview:large","max-video-preview":"max-video-preview:-1"},"canonical":"https:\/\/www.myvize.com.tr\/estonya\/konsolosluklar\/estonya-konsolosluk-islemleri\/","og_locale":"tr_TR","og_type":"article","og_title":"Estonya Konsolosluk \u0130\u015flemleri - Estonya Vize - MyVize","og_description":"Estonya konsolosluk i\u015flemleri gerekli evraklar g\u00fcncel olarak verilmektedir. Estonya konsolosluk i\u015flemleri gerekli \u015fartlar.","og_url":"https:\/\/www.myvize.com.tr\/estonya\/konsolosluklar\/estonya-konsolosluk-islemleri\/","og_site_name":"Estonya Vizesi","article_modified_time":"2022-04-07T11:37:28+00:00","twitter_card":"summary_large_image","twitter_misc":{"Tahmini okuma s\u00fcresi":"1 dakika"},"schema":{"@context":"https:\/\/schema.org","@graph":[{"@type":"WebPage","@id":"https:\/\/www.myvize.com.tr\/estonya\/konsolosluklar\/estonya-konsolosluk-islemleri\/","url":"https:\/\/www.myvize.com.tr\/estonya\/konsolosluklar\/estonya-konsolosluk-islemleri\/","name":"Estonya Konsolosluk \u0130\u015flemleri - Estonya Vize - MyVize","isPartOf":{"@id":"https:\/\/www.myvize.com.tr\/estonya\/#website"},"datePublished":"2020-11-30T10:07:02+00:00","dateModified":"2022-04-07T11:37:28+00:00","description":"Estonya konsolosluk i\u015flemleri gerekli evraklar g\u00fcncel olarak verilmektedir. Estonya konsolosluk i\u015flemleri gerekli \u015fartlar.","breadcrumb":{"@id":"https:\/\/www.myvize.com.tr\/estonya\/konsolosluklar\/estonya-konsolosluk-islemleri\/#breadcrumb"},"inLanguage":"tr","potentialAction":[{"@type":"ReadAction","target":["https:\/\/www.myvize.com.tr\/estonya\/konsolosluklar\/estonya-konsolosluk-islemleri\/"]}]},{"@type":"BreadcrumbList","@id":"https:\/\/www.myvize.com.tr\/estonya\/konsolosluklar\/estonya-konsolosluk-islemleri\/#breadcrumb","itemListElement":[{"@type":"ListItem","position":1,"name":"Anasayfa","item":"https:\/\/www.myvize.com.tr\/estonya\/"},{"@type":"ListItem","position":2,"name":"KONSOLOSLUKLAR","item":"https:\/\/www.myvize.com.tr\/estonya\/konsolosluklar\/"},{"@type":"ListItem","position":3,"name":"Estonya Konsolosluk \u0130\u015flemleri"}]},{"@type":"WebSite","@id":"https:\/\/www.myvize.com.tr\/estonya\/#website","url":"https:\/\/www.myvize.com.tr\/estonya\/","name":"Estonya Vizesi","description":"","potentialAction":[{"@type":"SearchAction","target":{"@type":"EntryPoint","urlTemplate":"https:\/\/www.myvize.com.tr\/estonya\/?s={search_term_string}"},"query-input":{"@type":"PropertyValueSpecification","valueRequired":true,"valueName":"search_term_string"}}],"inLanguage":"tr"}]}},"_links":{"self":[{"href":"https:\/\/www.myvize.com.tr\/estonya\/wp-json\/wp\/v2\/pages\/92","targetHints":{"allow":["GET"]}}],"collection":[{"href":"https:\/\/www.myvize.com.tr\/estonya\/wp-json\/wp\/v2\/pages"}],"about":[{"href":"https:\/\/www.myvize.com.tr\/estonya\/wp-json\/wp\/v2\/types\/page"}],"author":[{"embeddable":true,"href":"https:\/\/www.myvize.com.tr\/estonya\/wp-json\/wp\/v2\/users\/1"}],"replies":[{"embeddable":true,"href":"https:\/\/www.myvize.com.tr\/estonya\/wp-json\/wp\/v2\/comments?post=92"}],"version-history":[{"count":4,"href":"https:\/\/www.myvize.com.tr\/estonya\/wp-json\/wp\/v2\/pages\/92\/revisions"}],"predecessor-version":[{"id":764,"href":"https:\/\/www.myvize.com.tr\/estonya\/wp-json\/wp\/v2\/pages\/92\/revisions\/764"}],"up":[{"embeddable":true,"href":"https:\/\/www.myvize.com.tr\/estonya\/wp-json\/wp\/v2\/pages\/69"}],"wp:attachment":[{"href":"https:\/\/www.myvize.com.tr\/estonya\/wp-json\/wp\/v2\/media?parent=92"}],"curies":[{"name":"wp","href":"https:\/\/api.w.org\/{rel}","templated":true}]}}