{"id":94,"date":"2020-11-30T13:07:41","date_gmt":"2020-11-30T10:07:41","guid":{"rendered":"https:\/\/www.myvize.com.tr\/estonya\/?page_id=94"},"modified":"2022-04-07T14:37:45","modified_gmt":"2022-04-07T11:37:45","slug":"baskonsolosluk-bolumleri","status":"publish","type":"page","link":"https:\/\/www.myvize.com.tr\/estonya\/konsolosluklar\/baskonsolosluk-bolumleri\/","title":{"rendered":"Estonya Ba\u015fkonsolosluk B\u00f6l\u00fcmleri"},"content":{"rendered":"<h2><strong><span style=\"font-family: Roboto; font-size: 27px;\">Estonya Ba\u015fkonsolosluk B\u00f6l\u00fcmleri Hakk\u0131nda<\/span><\/strong><\/h2>\n<p><span style=\"font-family: Roboto; font-size: 14px;\">Estonya\u2019n\u0131n T\u00fcrkiye\u2019de bulunan Ba\u015fkonsoloslu\u011fu, T\u00fcrkiye\u2019de bulunan Estonya vatanda\u015flar\u0131na konsolosluk hizmeti vermektedir. T\u00fcrkiye ile Estonya aras\u0131ndaki ba\u011flar\u0131 geli\u015ftirmeyi ama\u00e7lamaktad\u0131r. Ayr\u0131ca T\u00fcrkiye Cumhuriyeti vatanda\u015flar\u0131na<strong> Estonya seyahatleri<\/strong> i\u00e7in vize hizmeti vermektedir.<\/span><\/p>\n<ul>\n<li><span style=\"font-family: Roboto; font-size: 14px;\"><strong>Y\u00f6netim B\u00f6l\u00fcm\u00fc:\u00a0<\/strong>Estonya Ba\u015fkonsoloslu\u011fu Y\u00f6netim B\u00f6l\u00fcm\u00fc, <strong>Estonya Ba\u015fkonsoloslu\u011fu<\/strong> personellerinin y\u00f6netimi ve Estonya Ba\u015fkonsoloslu\u011fu\u2019nun konsolosluk binas\u0131n\u0131n bak\u0131m\u0131 ile ilgilenmektedir.<\/span><\/li>\n<li><span style=\"font-family: Roboto; font-size: 14px;\"><strong>Ekonomi B\u00f6l\u00fcm\u00fc:\u00a0<\/strong>Estonya Ekonomi B\u00f6l\u00fcm\u00fc, T\u00fcrkiye\u2019deki Estonya yat\u0131r\u0131mlar\u0131 ile ilgilenmektedir. T\u00fcrkiye\u2019de Estonya ad\u0131na yeni yat\u0131r\u0131m alanlar\u0131 ortaya \u00e7\u0131karmay\u0131 ama\u00e7lar.<\/span><\/li>\n<li><span style=\"font-family: Roboto; font-size: 14px;\"><strong>Konsolosluk B\u00f6l\u00fcm\u00fc:\u00a0<\/strong>Estonya Ba\u015fkonsoloslu\u011fu\u2019nun Konsolosluk B\u00f6l\u00fcm\u00fc, Estonya vatanda\u015flar\u0131na hizmet vermektedir. Estonya vatanda\u015flar\u0131n\u0131n resmi evrak i\u015fleri ile ilgilenmektedir.<\/span><\/li>\n<li><span style=\"font-family: Roboto; font-size: 14px;\"><strong>Bas\u0131n B\u00f6l\u00fcm\u00fc:\u00a0<\/strong>T\u00fcrk gazetecilerini Estonya politikalar\u0131 hakk\u0131nda bilgilendirmektedir. T\u00fcrkiye\u2019de bulunan Estonya gazetecileri ile ilgilenmektedir. Estonya Ba\u015fkonsoloslu\u011fu ad\u0131na bas\u0131n a\u00e7\u0131klamas\u0131nda bulunmaktad\u0131r.<\/span><\/li>\n<li><span style=\"font-family: Roboto; font-size: 14px;\"><strong>Vize B\u00f6l\u00fcm\u00fc:\u00a0<\/strong>Estonya\u2019ya seyahat etmek isteyen T\u00fcrk vatanda\u015flar\u0131na, Estonya seyahatleri i\u00e7in <strong>Estonya vize hizmeti<\/strong> vermektedir. Estonya\u2019ya seyahat etmek isteyen ki\u015filer <span style=\"color: #2acec2;\"><strong><a style=\"color: #2acec2;\" href=\"https:\/\/www.myvize.com.tr\/estonya\/vize-islemleri\/estonya-vizesi\/\" target=\"_blank\" rel=\"noopener\">Estonya vizesi<\/a><\/strong><\/span> almal\u0131d\u0131r.<\/span><\/li>\n<li><span style=\"font-family: Roboto; font-size: 14px;\"><strong>K\u00fclt\u00fcr B\u00f6l\u00fcm\u00fc:\u00a0<\/strong>Estonya Ba\u015fkonsoloslu\u011fu K\u00fclt\u00fcr B\u00f6l\u00fcm\u00fc, T\u00fcrkiye\u2019de bulunan Estonya arac\u0131 kurumlar\u0131n\u0131 koordine etmektedir. T\u00fcrkiye ve Estonya aras\u0131ndaki k\u00fclt\u00fcr al\u0131\u015fveri\u015fi ile ilgilenmekte ve Estonya k\u00fclt\u00fcr\u00fcn\u00fc T\u00fcrkiye\u2019de tan\u0131tmaktad\u0131r.<\/span><\/li>\n<li><span style=\"font-family: Roboto; font-size: 14px;\"><strong>Siyaset B\u00f6l\u00fcm\u00fc:\u00a0<\/strong>Estonya Siyaset B\u00f6l\u00fcm\u00fc, T\u00fcrkiye\u2019deki i\u00e7 ve d\u0131\u015f politikalar\u0131 Estonya ad\u0131na incelemektedir. Estonya ve T\u00fcrkiye aras\u0131ndaki diplomatik ili\u015fkileri d\u00fczenlemektedir.<\/span><\/li>\n<\/ul>\n","protected":false},"excerpt":{"rendered":"<p>Estonya Ba\u015fkonsolosluk B\u00f6l\u00fcmleri Hakk\u0131nda Estonya\u2019n\u0131n T\u00fcrkiye\u2019de bulunan Ba\u015fkonsoloslu\u011fu, T\u00fcrkiye\u2019de bulunan Estonya vatanda\u015flar\u0131na konsolosluk hizmeti vermektedir. T\u00fcrkiye ile Estonya aras\u0131ndaki ba\u011flar\u0131 geli\u015ftirmeyi ama\u00e7lamaktad\u0131r. Ayr\u0131ca T\u00fcrkiye Cumhuriyeti vatanda\u015flar\u0131na Estonya seyahatleri i\u00e7in vize hizmeti vermektedir. Y\u00f6netim B\u00f6l\u00fcm\u00fc:\u00a0Estonya Ba\u015fkonsoloslu\u011fu Y\u00f6netim B\u00f6l\u00fcm\u00fc, Estonya Ba\u015fkonsoloslu\u011fu personellerinin y\u00f6netimi ve Estonya Ba\u015fkonsoloslu\u011fu\u2019nun konsolosluk binas\u0131n\u0131n bak\u0131m\u0131 ile ilgilenmektedir. Ekonomi B\u00f6l\u00fcm\u00fc:\u00a0Estonya Ekonomi B\u00f6l\u00fcm\u00fc, T\u00fcrkiye\u2019deki Estonya<\/p>\n","protected":false},"author":1,"featured_media":0,"parent":69,"menu_order":0,"comment_status":"open","ping_status":"closed","template":"","meta":{"footnotes":""},"class_list":["post-94","page","type-page","status-publish","hentry"],"yoast_head":"<!-- This site is optimized with the Yoast SEO plugin v24.0 - https:\/\/yoast.com\/wordpress\/plugins\/seo\/ -->\n<title>Estonya Ba\u015fkonsolosluk B\u00f6l\u00fcmleri Nelerdir? - MyVize<\/title>\n<meta name=\"description\" content=\"Estonya ba\u015fkonsoloslu\u011fu b\u00f6l\u00fcmleri g\u00f6rev alanlar\u0131 ve mesai saatleri. Estonya ba\u015fkonsoloslu\u011fu b\u00f6l\u00fcmleri ileti\u015fim bilgileri.\" \/>\n<meta name=\"robots\" content=\"index, follow, max-snippet:-1, max-image-preview:large, max-video-preview:-1\" \/>\n<link rel=\"canonical\" href=\"https:\/\/www.myvize.com.tr\/estonya\/konsolosluklar\/baskonsolosluk-bolumleri\/\" \/>\n<meta property=\"og:locale\" content=\"tr_TR\" \/>\n<meta property=\"og:type\" content=\"article\" \/>\n<meta property=\"og:title\" content=\"Estonya Ba\u015fkonsolosluk B\u00f6l\u00fcmleri Nelerdir? - MyVize\" \/>\n<meta property=\"og:description\" content=\"Estonya ba\u015fkonsoloslu\u011fu b\u00f6l\u00fcmleri g\u00f6rev alanlar\u0131 ve mesai saatleri. Estonya ba\u015fkonsoloslu\u011fu b\u00f6l\u00fcmleri ileti\u015fim bilgileri.\" \/>\n<meta property=\"og:url\" content=\"https:\/\/www.myvize.com.tr\/estonya\/konsolosluklar\/baskonsolosluk-bolumleri\/\" \/>\n<meta property=\"og:site_name\" content=\"Estonya Vizesi\" \/>\n<meta property=\"article:modified_time\" content=\"2022-04-07T11:37:45+00:00\" \/>\n<meta name=\"twitter:card\" content=\"summary_large_image\" \/>\n<meta name=\"twitter:label1\" content=\"Tahmini okuma s\u00fcresi\" \/>\n\t<meta name=\"twitter:data1\" content=\"1 dakika\" \/>\n<script type=\"application\/ld+json\" class=\"yoast-schema-graph\">{\"@context\":\"https:\/\/schema.org\",\"@graph\":[{\"@type\":\"WebPage\",\"@id\":\"https:\/\/www.myvize.com.tr\/estonya\/konsolosluklar\/baskonsolosluk-bolumleri\/\",\"url\":\"https:\/\/www.myvize.com.tr\/estonya\/konsolosluklar\/baskonsolosluk-bolumleri\/\",\"name\":\"Estonya Ba\u015fkonsolosluk B\u00f6l\u00fcmleri Nelerdir? - MyVize\",\"isPartOf\":{\"@id\":\"https:\/\/www.myvize.com.tr\/estonya\/#website\"},\"datePublished\":\"2020-11-30T10:07:41+00:00\",\"dateModified\":\"2022-04-07T11:37:45+00:00\",\"description\":\"Estonya ba\u015fkonsoloslu\u011fu b\u00f6l\u00fcmleri g\u00f6rev alanlar\u0131 ve mesai saatleri. Estonya ba\u015fkonsoloslu\u011fu b\u00f6l\u00fcmleri ileti\u015fim bilgileri.\",\"breadcrumb\":{\"@id\":\"https:\/\/www.myvize.com.tr\/estonya\/konsolosluklar\/baskonsolosluk-bolumleri\/#breadcrumb\"},\"inLanguage\":\"tr\",\"potentialAction\":[{\"@type\":\"ReadAction\",\"target\":[\"https:\/\/www.myvize.com.tr\/estonya\/konsolosluklar\/baskonsolosluk-bolumleri\/\"]}]},{\"@type\":\"BreadcrumbList\",\"@id\":\"https:\/\/www.myvize.com.tr\/estonya\/konsolosluklar\/baskonsolosluk-bolumleri\/#breadcrumb\",\"itemListElement\":[{\"@type\":\"ListItem\",\"position\":1,\"name\":\"Anasayfa\",\"item\":\"https:\/\/www.myvize.com.tr\/estonya\/\"},{\"@type\":\"ListItem\",\"position\":2,\"name\":\"KONSOLOSLUKLAR\",\"item\":\"https:\/\/www.myvize.com.tr\/estonya\/konsolosluklar\/\"},{\"@type\":\"ListItem\",\"position\":3,\"name\":\"Estonya Ba\u015fkonsolosluk B\u00f6l\u00fcmleri\"}]},{\"@type\":\"WebSite\",\"@id\":\"https:\/\/www.myvize.com.tr\/estonya\/#website\",\"url\":\"https:\/\/www.myvize.com.tr\/estonya\/\",\"name\":\"Estonya Vizesi\",\"description\":\"\",\"potentialAction\":[{\"@type\":\"SearchAction\",\"target\":{\"@type\":\"EntryPoint\",\"urlTemplate\":\"https:\/\/www.myvize.com.tr\/estonya\/?s={search_term_string}\"},\"query-input\":{\"@type\":\"PropertyValueSpecification\",\"valueRequired\":true,\"valueName\":\"search_term_string\"}}],\"inLanguage\":\"tr\"}]}<\/script>\n<!-- \/ Yoast SEO plugin. -->","yoast_head_json":{"title":"Estonya Ba\u015fkonsolosluk B\u00f6l\u00fcmleri Nelerdir? - MyVize","description":"Estonya ba\u015fkonsoloslu\u011fu b\u00f6l\u00fcmleri g\u00f6rev alanlar\u0131 ve mesai saatleri. Estonya ba\u015fkonsoloslu\u011fu b\u00f6l\u00fcmleri ileti\u015fim bilgileri.","robots":{"index":"index","follow":"follow","max-snippet":"max-snippet:-1","max-image-preview":"max-image-preview:large","max-video-preview":"max-video-preview:-1"},"canonical":"https:\/\/www.myvize.com.tr\/estonya\/konsolosluklar\/baskonsolosluk-bolumleri\/","og_locale":"tr_TR","og_type":"article","og_title":"Estonya Ba\u015fkonsolosluk B\u00f6l\u00fcmleri Nelerdir? - MyVize","og_description":"Estonya ba\u015fkonsoloslu\u011fu b\u00f6l\u00fcmleri g\u00f6rev alanlar\u0131 ve mesai saatleri. Estonya ba\u015fkonsoloslu\u011fu b\u00f6l\u00fcmleri ileti\u015fim bilgileri.","og_url":"https:\/\/www.myvize.com.tr\/estonya\/konsolosluklar\/baskonsolosluk-bolumleri\/","og_site_name":"Estonya Vizesi","article_modified_time":"2022-04-07T11:37:45+00:00","twitter_card":"summary_large_image","twitter_misc":{"Tahmini okuma s\u00fcresi":"1 dakika"},"schema":{"@context":"https:\/\/schema.org","@graph":[{"@type":"WebPage","@id":"https:\/\/www.myvize.com.tr\/estonya\/konsolosluklar\/baskonsolosluk-bolumleri\/","url":"https:\/\/www.myvize.com.tr\/estonya\/konsolosluklar\/baskonsolosluk-bolumleri\/","name":"Estonya Ba\u015fkonsolosluk B\u00f6l\u00fcmleri Nelerdir? - MyVize","isPartOf":{"@id":"https:\/\/www.myvize.com.tr\/estonya\/#website"},"datePublished":"2020-11-30T10:07:41+00:00","dateModified":"2022-04-07T11:37:45+00:00","description":"Estonya ba\u015fkonsoloslu\u011fu b\u00f6l\u00fcmleri g\u00f6rev alanlar\u0131 ve mesai saatleri. Estonya ba\u015fkonsoloslu\u011fu b\u00f6l\u00fcmleri ileti\u015fim bilgileri.","breadcrumb":{"@id":"https:\/\/www.myvize.com.tr\/estonya\/konsolosluklar\/baskonsolosluk-bolumleri\/#breadcrumb"},"inLanguage":"tr","potentialAction":[{"@type":"ReadAction","target":["https:\/\/www.myvize.com.tr\/estonya\/konsolosluklar\/baskonsolosluk-bolumleri\/"]}]},{"@type":"BreadcrumbList","@id":"https:\/\/www.myvize.com.tr\/estonya\/konsolosluklar\/baskonsolosluk-bolumleri\/#breadcrumb","itemListElement":[{"@type":"ListItem","position":1,"name":"Anasayfa","item":"https:\/\/www.myvize.com.tr\/estonya\/"},{"@type":"ListItem","position":2,"name":"KONSOLOSLUKLAR","item":"https:\/\/www.myvize.com.tr\/estonya\/konsolosluklar\/"},{"@type":"ListItem","position":3,"name":"Estonya Ba\u015fkonsolosluk B\u00f6l\u00fcmleri"}]},{"@type":"WebSite","@id":"https:\/\/www.myvize.com.tr\/estonya\/#website","url":"https:\/\/www.myvize.com.tr\/estonya\/","name":"Estonya Vizesi","description":"","potentialAction":[{"@type":"SearchAction","target":{"@type":"EntryPoint","urlTemplate":"https:\/\/www.myvize.com.tr\/estonya\/?s={search_term_string}"},"query-input":{"@type":"PropertyValueSpecification","valueRequired":true,"valueName":"search_term_string"}}],"inLanguage":"tr"}]}},"_links":{"self":[{"href":"https:\/\/www.myvize.com.tr\/estonya\/wp-json\/wp\/v2\/pages\/94","targetHints":{"allow":["GET"]}}],"collection":[{"href":"https:\/\/www.myvize.com.tr\/estonya\/wp-json\/wp\/v2\/pages"}],"about":[{"href":"https:\/\/www.myvize.com.tr\/estonya\/wp-json\/wp\/v2\/types\/page"}],"author":[{"embeddable":true,"href":"https:\/\/www.myvize.com.tr\/estonya\/wp-json\/wp\/v2\/users\/1"}],"replies":[{"embeddable":true,"href":"https:\/\/www.myvize.com.tr\/estonya\/wp-json\/wp\/v2\/comments?post=94"}],"version-history":[{"count":3,"href":"https:\/\/www.myvize.com.tr\/estonya\/wp-json\/wp\/v2\/pages\/94\/revisions"}],"predecessor-version":[{"id":765,"href":"https:\/\/www.myvize.com.tr\/estonya\/wp-json\/wp\/v2\/pages\/94\/revisions\/765"}],"up":[{"embeddable":true,"href":"https:\/\/www.myvize.com.tr\/estonya\/wp-json\/wp\/v2\/pages\/69"}],"wp:attachment":[{"href":"https:\/\/www.myvize.com.tr\/estonya\/wp-json\/wp\/v2\/media?parent=94"}],"curies":[{"name":"wp","href":"https:\/\/api.w.org\/{rel}","templated":true}]}}