{"id":171,"date":"2021-06-15T12:00:19","date_gmt":"2021-06-15T09:00:19","guid":{"rendered":"https:\/\/www.myvize.com.tr\/finlandiya\/?page_id=171"},"modified":"2022-04-07T16:42:17","modified_gmt":"2022-04-07T13:42:17","slug":"duyurular","status":"publish","type":"page","link":"https:\/\/www.myvize.com.tr\/finlandiya\/duyurular\/","title":{"rendered":"DUYURULAR"},"content":{"rendered":"<p><span style=\"font-family: Roboto;\"><\/span><\/p>\r\n<h2><span style=\"font-family: Roboto; font-size: 27px;\"><strong>Finlandiya Covid19\u00a0 Sonras\u0131 Vize S\u00fcreci<\/strong><\/span><\/h2>\r\n<p><span style=\"font-family: Roboto; font-size: 14px;\">\r\n\r\n<\/span><\/p>\r\n<p><span style=\"font-family: Roboto; font-size: 14px;\">Finlandiya mutlu ve huzurlu insanlar\u0131n \u00fclkesidir. D\u00fcnyada kendi kendini geli\u015ftiren \u00f6rnek \u00fclkeler aras\u0131nda yer almaktad\u0131r.<strong>\u00a0Finlandiya Covid19 Vize S\u00fcreci\u00a0<\/strong>k\u0131s\u0131tlamalardan sonra, tekrar y\u00fcr\u00fcrl\u00fc\u011fe girmi\u015ftir. Ancak bu mutlu insan \u00fclkesinde de tedbirler di\u011fer \u00fclkelerle ayn\u0131 orant\u0131dad\u0131r.\u00a0 Genel olarak bakt\u0131\u011f\u0131m\u0131zda vize s\u00fcrecinde herhangi s\u0131k\u0131nt\u0131 ya\u015fanmamaktad\u0131r. Pandemiden \u00f6nceki sisteme g\u00f6re vize verilmektedir. Finlandiya\u2019ya gitmek i\u00e7in vize \u00e7\u0131kartmak isteyen ki\u015filer bir ay \u00f6ncesinden ba\u015fvuruda bulunmalar\u0131 gerekmektedir. Ba\u015fvurunuz ilgili makamlara iletildikten tam on be\u015f g\u00fcn sonra Finlandiya giri\u015f belgesi olan vizeniz \u00e7\u0131kar\u0131lmaktad\u0131r. Elbette ki bu s\u00fcre sizin Finlandiya\u2019ya giri\u015f nedeninize g\u00f6re de\u011fi\u015fkenlik g\u00f6stermektedir.<\/span><\/p>\r\n<p><span style=\"font-family: Roboto; font-size: 14px;\">\r\n\r\n<\/span><\/p>\r\n<p><span style=\"font-family: Roboto; font-size: 14px;\"><strong>Finlandiya Covid19 Vize S\u00fcreci\u00a0<\/strong>onay\u0131n\u0131 etkilememektedir. Ancak vize haz\u0131rlarken sa\u011fl\u0131k belgesinin tam te\u015fekk\u00fcll\u00fc yap\u0131lmas\u0131 \u00f6nemlidir. Bununla birlikte Covid19 belirleyici olan PCR testinizin yap\u0131lmas\u0131 zorunludur. \u00dclkeye gitmeden hemen \u00f6nce yap\u0131lacak olan bu test, \u00fclke giri\u015finde de sizden istenilebilmektedir. Finlandiya\u2019ya \u015fu an resmi bir karantina olmasa da \u00fclkeye giren herkes kurallar \u00e7er\u00e7evesinde kendini karantinaya almak zorundad\u0131r. K\u00fc\u00e7\u00fck bir \u00fclke olan Finlandiya\u2019n\u0131n sa\u011fl\u0131\u011f\u0131n\u0131 korumak i\u00e7in ald\u0131\u011f\u0131 bu \u00f6nlemler vizelerde sorun yaratmamaktad\u0131r.<\/span><\/p>\r\n<p><span style=\"font-family: Roboto; font-size: 14px;\"><\/span><\/p>\r\n<p><span style=\"font-family: Roboto; font-size: 14px;\"><img decoding=\"async\" src=\"https:\/\/www.myvize.com.tr\/finlandiya\/wp-content\/uploads\/2021\/09\/58.jpg\" \/><\/span><\/p>","protected":false},"excerpt":{"rendered":"<p>Finlandiya Covid19\u00a0 Sonras\u0131 Vize S\u00fcreci Finlandiya mutlu ve huzurlu insanlar\u0131n \u00fclkesidir. D\u00fcnyada kendi kendini geli\u015ftiren \u00f6rnek \u00fclkeler aras\u0131nda yer almaktad\u0131r.\u00a0Finlandiya Covid19 Vize S\u00fcreci\u00a0k\u0131s\u0131tlamalardan sonra, tekrar y\u00fcr\u00fcrl\u00fc\u011fe girmi\u015ftir. Ancak bu mutlu insan \u00fclkesinde de tedbirler di\u011fer \u00fclkelerle ayn\u0131 orant\u0131dad\u0131r.\u00a0 Genel olarak bakt\u0131\u011f\u0131m\u0131zda vize s\u00fcrecinde herhangi s\u0131k\u0131nt\u0131 ya\u015fanmamaktad\u0131r. Pandemiden \u00f6nceki sisteme g\u00f6re vize verilmektedir. Finlandiya\u2019ya gitmek i\u00e7in<\/p>\n","protected":false},"author":1,"featured_media":0,"parent":0,"menu_order":0,"comment_status":"closed","ping_status":"closed","template":"","meta":{"footnotes":""},"class_list":["post-171","page","type-page","status-publish","hentry"],"yoast_head":"<!-- This site is optimized with the Yoast SEO plugin v24.0 - https:\/\/yoast.com\/wordpress\/plugins\/seo\/ -->\n<title>Finlandiya Vize Duyurular\u0131 - COVID-19 Duyurular\u0131 - MyVize<\/title>\n<meta name=\"description\" content=\"Finlandiya vizesi duyurular\u0131 hakk\u0131nda g\u00fcncel haber ve veriler i\u00e7in ileti\u015fime ge\u00e7iniz. Finlandiya vizesi Covid19 duyurular\u0131.\" \/>\n<meta name=\"robots\" content=\"index, follow, max-snippet:-1, max-image-preview:large, max-video-preview:-1\" \/>\n<link rel=\"canonical\" href=\"https:\/\/www.myvize.com.tr\/finlandiya\/duyurular\/\" \/>\n<meta property=\"og:locale\" content=\"tr_TR\" \/>\n<meta property=\"og:type\" content=\"article\" \/>\n<meta property=\"og:title\" content=\"Finlandiya Vize Duyurular\u0131 - COVID-19 Duyurular\u0131 - MyVize\" \/>\n<meta property=\"og:description\" content=\"Finlandiya vizesi duyurular\u0131 hakk\u0131nda g\u00fcncel haber ve veriler i\u00e7in ileti\u015fime ge\u00e7iniz. Finlandiya vizesi Covid19 duyurular\u0131.\" \/>\n<meta property=\"og:url\" content=\"https:\/\/www.myvize.com.tr\/finlandiya\/duyurular\/\" \/>\n<meta property=\"og:site_name\" content=\"Finlandiya Vizesi\" \/>\n<meta property=\"article:modified_time\" content=\"2022-04-07T13:42:17+00:00\" \/>\n<meta property=\"og:image\" content=\"https:\/\/www.myvize.com.tr\/finlandiya\/wp-content\/uploads\/2021\/09\/58.jpg\" \/>\n<meta name=\"twitter:card\" content=\"summary_large_image\" \/>\n<meta name=\"twitter:label1\" content=\"Tahmini okuma s\u00fcresi\" \/>\n\t<meta name=\"twitter:data1\" content=\"1 dakika\" \/>\n<script type=\"application\/ld+json\" class=\"yoast-schema-graph\">{\"@context\":\"https:\/\/schema.org\",\"@graph\":[{\"@type\":\"WebPage\",\"@id\":\"https:\/\/www.myvize.com.tr\/finlandiya\/duyurular\/\",\"url\":\"https:\/\/www.myvize.com.tr\/finlandiya\/duyurular\/\",\"name\":\"Finlandiya Vize Duyurular\u0131 - COVID-19 Duyurular\u0131 - MyVize\",\"isPartOf\":{\"@id\":\"https:\/\/www.myvize.com.tr\/finlandiya\/#website\"},\"primaryImageOfPage\":{\"@id\":\"https:\/\/www.myvize.com.tr\/finlandiya\/duyurular\/#primaryimage\"},\"image\":{\"@id\":\"https:\/\/www.myvize.com.tr\/finlandiya\/duyurular\/#primaryimage\"},\"thumbnailUrl\":\"https:\/\/www.myvize.com.tr\/finlandiya\/wp-content\/uploads\/2021\/09\/58.jpg\",\"datePublished\":\"2021-06-15T09:00:19+00:00\",\"dateModified\":\"2022-04-07T13:42:17+00:00\",\"description\":\"Finlandiya vizesi duyurular\u0131 hakk\u0131nda g\u00fcncel haber ve veriler i\u00e7in ileti\u015fime ge\u00e7iniz. Finlandiya vizesi Covid19 duyurular\u0131.\",\"breadcrumb\":{\"@id\":\"https:\/\/www.myvize.com.tr\/finlandiya\/duyurular\/#breadcrumb\"},\"inLanguage\":\"tr\",\"potentialAction\":[{\"@type\":\"ReadAction\",\"target\":[\"https:\/\/www.myvize.com.tr\/finlandiya\/duyurular\/\"]}]},{\"@type\":\"ImageObject\",\"inLanguage\":\"tr\",\"@id\":\"https:\/\/www.myvize.com.tr\/finlandiya\/duyurular\/#primaryimage\",\"url\":\"https:\/\/www.myvize.com.tr\/finlandiya\/wp-content\/uploads\/2021\/09\/58.jpg\",\"contentUrl\":\"https:\/\/www.myvize.com.tr\/finlandiya\/wp-content\/uploads\/2021\/09\/58.jpg\",\"width\":800,\"height\":500,\"caption\":\"Finlandiya Duyurular\"},{\"@type\":\"BreadcrumbList\",\"@id\":\"https:\/\/www.myvize.com.tr\/finlandiya\/duyurular\/#breadcrumb\",\"itemListElement\":[{\"@type\":\"ListItem\",\"position\":1,\"name\":\"Anasayfa\",\"item\":\"https:\/\/www.myvize.com.tr\/finlandiya\/\"},{\"@type\":\"ListItem\",\"position\":2,\"name\":\"DUYURULAR\"}]},{\"@type\":\"WebSite\",\"@id\":\"https:\/\/www.myvize.com.tr\/finlandiya\/#website\",\"url\":\"https:\/\/www.myvize.com.tr\/finlandiya\/\",\"name\":\"Finlandiya Vizesi\",\"description\":\"\",\"potentialAction\":[{\"@type\":\"SearchAction\",\"target\":{\"@type\":\"EntryPoint\",\"urlTemplate\":\"https:\/\/www.myvize.com.tr\/finlandiya\/?s={search_term_string}\"},\"query-input\":{\"@type\":\"PropertyValueSpecification\",\"valueRequired\":true,\"valueName\":\"search_term_string\"}}],\"inLanguage\":\"tr\"}]}<\/script>\n<!-- \/ Yoast SEO plugin. -->","yoast_head_json":{"title":"Finlandiya Vize Duyurular\u0131 - COVID-19 Duyurular\u0131 - MyVize","description":"Finlandiya vizesi duyurular\u0131 hakk\u0131nda g\u00fcncel haber ve veriler i\u00e7in ileti\u015fime ge\u00e7iniz. Finlandiya vizesi Covid19 duyurular\u0131.","robots":{"index":"index","follow":"follow","max-snippet":"max-snippet:-1","max-image-preview":"max-image-preview:large","max-video-preview":"max-video-preview:-1"},"canonical":"https:\/\/www.myvize.com.tr\/finlandiya\/duyurular\/","og_locale":"tr_TR","og_type":"article","og_title":"Finlandiya Vize Duyurular\u0131 - COVID-19 Duyurular\u0131 - MyVize","og_description":"Finlandiya vizesi duyurular\u0131 hakk\u0131nda g\u00fcncel haber ve veriler i\u00e7in ileti\u015fime ge\u00e7iniz. Finlandiya vizesi Covid19 duyurular\u0131.","og_url":"https:\/\/www.myvize.com.tr\/finlandiya\/duyurular\/","og_site_name":"Finlandiya Vizesi","article_modified_time":"2022-04-07T13:42:17+00:00","og_image":[{"url":"https:\/\/www.myvize.com.tr\/finlandiya\/wp-content\/uploads\/2021\/09\/58.jpg","type":"","width":"","height":""}],"twitter_card":"summary_large_image","twitter_misc":{"Tahmini okuma s\u00fcresi":"1 dakika"},"schema":{"@context":"https:\/\/schema.org","@graph":[{"@type":"WebPage","@id":"https:\/\/www.myvize.com.tr\/finlandiya\/duyurular\/","url":"https:\/\/www.myvize.com.tr\/finlandiya\/duyurular\/","name":"Finlandiya Vize Duyurular\u0131 - COVID-19 Duyurular\u0131 - MyVize","isPartOf":{"@id":"https:\/\/www.myvize.com.tr\/finlandiya\/#website"},"primaryImageOfPage":{"@id":"https:\/\/www.myvize.com.tr\/finlandiya\/duyurular\/#primaryimage"},"image":{"@id":"https:\/\/www.myvize.com.tr\/finlandiya\/duyurular\/#primaryimage"},"thumbnailUrl":"https:\/\/www.myvize.com.tr\/finlandiya\/wp-content\/uploads\/2021\/09\/58.jpg","datePublished":"2021-06-15T09:00:19+00:00","dateModified":"2022-04-07T13:42:17+00:00","description":"Finlandiya vizesi duyurular\u0131 hakk\u0131nda g\u00fcncel haber ve veriler i\u00e7in ileti\u015fime ge\u00e7iniz. Finlandiya vizesi Covid19 duyurular\u0131.","breadcrumb":{"@id":"https:\/\/www.myvize.com.tr\/finlandiya\/duyurular\/#breadcrumb"},"inLanguage":"tr","potentialAction":[{"@type":"ReadAction","target":["https:\/\/www.myvize.com.tr\/finlandiya\/duyurular\/"]}]},{"@type":"ImageObject","inLanguage":"tr","@id":"https:\/\/www.myvize.com.tr\/finlandiya\/duyurular\/#primaryimage","url":"https:\/\/www.myvize.com.tr\/finlandiya\/wp-content\/uploads\/2021\/09\/58.jpg","contentUrl":"https:\/\/www.myvize.com.tr\/finlandiya\/wp-content\/uploads\/2021\/09\/58.jpg","width":800,"height":500,"caption":"Finlandiya Duyurular"},{"@type":"BreadcrumbList","@id":"https:\/\/www.myvize.com.tr\/finlandiya\/duyurular\/#breadcrumb","itemListElement":[{"@type":"ListItem","position":1,"name":"Anasayfa","item":"https:\/\/www.myvize.com.tr\/finlandiya\/"},{"@type":"ListItem","position":2,"name":"DUYURULAR"}]},{"@type":"WebSite","@id":"https:\/\/www.myvize.com.tr\/finlandiya\/#website","url":"https:\/\/www.myvize.com.tr\/finlandiya\/","name":"Finlandiya Vizesi","description":"","potentialAction":[{"@type":"SearchAction","target":{"@type":"EntryPoint","urlTemplate":"https:\/\/www.myvize.com.tr\/finlandiya\/?s={search_term_string}"},"query-input":{"@type":"PropertyValueSpecification","valueRequired":true,"valueName":"search_term_string"}}],"inLanguage":"tr"}]}},"_links":{"self":[{"href":"https:\/\/www.myvize.com.tr\/finlandiya\/wp-json\/wp\/v2\/pages\/171","targetHints":{"allow":["GET"]}}],"collection":[{"href":"https:\/\/www.myvize.com.tr\/finlandiya\/wp-json\/wp\/v2\/pages"}],"about":[{"href":"https:\/\/www.myvize.com.tr\/finlandiya\/wp-json\/wp\/v2\/types\/page"}],"author":[{"embeddable":true,"href":"https:\/\/www.myvize.com.tr\/finlandiya\/wp-json\/wp\/v2\/users\/1"}],"replies":[{"embeddable":true,"href":"https:\/\/www.myvize.com.tr\/finlandiya\/wp-json\/wp\/v2\/comments?post=171"}],"version-history":[{"count":5,"href":"https:\/\/www.myvize.com.tr\/finlandiya\/wp-json\/wp\/v2\/pages\/171\/revisions"}],"predecessor-version":[{"id":900,"href":"https:\/\/www.myvize.com.tr\/finlandiya\/wp-json\/wp\/v2\/pages\/171\/revisions\/900"}],"wp:attachment":[{"href":"https:\/\/www.myvize.com.tr\/finlandiya\/wp-json\/wp\/v2\/media?parent=171"}],"curies":[{"name":"wp","href":"https:\/\/api.w.org\/{rel}","templated":true}]}}