{"id":45,"date":"2020-11-30T12:47:57","date_gmt":"2020-11-30T09:47:57","guid":{"rendered":"https:\/\/www.myvize.com.tr\/finlandiya\/?page_id=45"},"modified":"2022-04-07T15:58:34","modified_gmt":"2022-04-07T12:58:34","slug":"finlandiya-oturum-izni","status":"publish","type":"page","link":"https:\/\/www.myvize.com.tr\/finlandiya\/vize-islemleri\/finlandiya-oturum-izni\/","title":{"rendered":"Finlandiya Oturum \u0130zni"},"content":{"rendered":"<h2><strong><span style=\"font-size: 27px; font-family: Roboto;\">Finlandiya Oturum \u0130zni Vizesi<\/span><\/strong><\/h2>\n<p><span style=\"font-size: 15px; font-family: Roboto;\"><strong>Finlandiya oturum izni<\/strong> alman\u0131n bir\u00e7ok y\u00f6ntemi vard\u0131r. <strong>Finlandiya vatanda\u015f\u0131<\/strong> ile evlilik, e\u011fitim, \u00e7al\u0131\u015fmak veya ba\u015fka bir\u00e7ok y\u00f6ntem&#8230; Ve hangi y\u00f6ntemle Finlandiya\u2019da oturum izni almak istiyorsan\u0131z o izne \u00f6zel \u015fartlar ve haz\u0131rlanmas\u0131 gereken evraklar vard\u0131r:<\/span><\/p>\n<ul>\n<li><span style=\"font-size: 15px; font-family: Roboto;\"><strong>Fince ve \u0130ngilizce<\/strong> bilmek (bildi\u011finize dair yeterlilik belgesi ya da s\u0131nav sonucu)<\/span><\/li>\n<li><span style=\"font-size: 15px; font-family: Roboto;\">Finlandiya devletinin normlar\u0131na uygun olmak<\/span><\/li>\n<li><span style=\"font-size: 15px; font-family: Roboto;\">Oturum izni i\u00e7in gerekli t\u00fcm evraklar<\/span><\/li>\n<li><span style=\"font-size: 15px; font-family: Roboto;\">Sab\u0131ka kayd\u0131n\u0131z\u0131n olmamas\u0131<\/span><\/li>\n<li><span style=\"font-size: 15px; font-family: Roboto;\">Yeterli gelirinizin olmas\u0131<\/span><\/li>\n<\/ul>\n<h2><strong><span style=\"font-size: 27px; font-family: Roboto;\">Finlandiya&#8217;da Oturum \u0130zni \u0130\u015flemleri<\/span><\/strong><\/h2>\n<p><span style=\"font-size: 15px; font-family: Roboto;\">Finlandiya&#8217;da herhangi bir 6 ayl\u0131k s\u00fcre i\u00e7erisinde 3 aydan fazla kalmay\u0131 planlayan ba\u015fvuru sahibinin oturma izni sahip olmas\u0131 gerekmekte. <strong>Oturma izni<\/strong> olmad\u0131\u011f\u0131 takdirlerde, \u00e7al\u0131\u015fma hakk\u0131 s\u0131n\u0131rland\u0131r\u0131lmakta. Konaklama s\u00fcresi 3 ay\u0131 ge\u00e7mese dahi Finlandiya&#8217;da \u00e7al\u0131\u015fma i\u00e7in ikamet izni ba\u015fvurusu bulunman\u0131z gerekebilir. Avrupa Birli\u011fi vatanda\u015f\u0131ysan\u0131z ve \u0130zlanda, Lihten\u015ftay, Norve\u00e7 veya \u0130svi\u00e7re vatanda\u015f\u0131ysan\u0131z; <strong>Finlandiya&#8217;da oturma izini<\/strong> alman\u0131z gerekmez. Oturma izinine ili\u015fkin karar, Finlandiya&#8217;n\u0131n oturma izniyle ilgili konudaki yetkili makam olan Finlandiya G\u00f6\u00e7men Servisi taraf\u0131ndan verilmekte. Ba\u015fvuru, ba\u015fvuru sahiplerinin yasal olarak ikamet etmek oldu\u011fu \u00fclkelerde yap\u0131lmal\u0131. RPAC, yaln\u0131zca yasal olarak T\u00fcrkiye&#8217;deki ikamet etmek olan ba\u015fvuru sahipinin ba\u015fvurusunu kabul edebilmekte. \u0130lgili oturma izini kategorisi, Finlandiya&#8217;ya gelme sebebine ba\u011fl\u0131 olarak ba\u015fvuru sahipleri taraf\u0131ndan se\u00e7ilmelidir.<\/span><br \/>\n<span style=\"font-size: 15px; font-family: Roboto;\"><strong>Bilgi talebi<\/strong>, ba\u015fvurunu i\u015fleme al\u0131nma s\u00fcreci h\u0131zland\u0131rmaz. Ba\u015fvurunuz i\u00e7in ek bilgiler gerekiyorsa sizinle ileti\u015fime ge\u00e7ilmektedir. Aksi takdirde, ba\u015fvurunuza ili\u015fkin karar verilen zamana kadar sizinle ileti\u015fime ge\u00e7ilmeyecektir.<\/span><\/p>\n<h2><strong><span style=\"font-size: 27px; font-family: Roboto;\">Finlandiya&#8217;da Oturma \u0130zni Nas\u0131l Al\u0131n\u0131r?<\/span><\/strong><\/h2>\n<p><span style=\"font-size: 15px; font-family: Roboto;\">Finlandiya k\u0131sa s\u00fcreli ve uzun s\u00fcreli vize alma kurallar\u0131, oturum izni ve vatanda\u015fl\u0131k alma \u015fartlar\u0131, gerekli belgeler, masraflar ve \u00fccretler, oturum izni sahibinin hak ve y\u00fck\u00fcml\u00fcl\u00fckleri<strong> <a href=\"https:\/\/www.myvize.com.tr\/\" target=\"_blank\" rel=\"noopener\">MyVize<\/a><\/strong>\u2019nin rehberinden \u00f6\u011frenilebilir. Finlandiya&#8217;ya turist olarak seyahat etmek veya daim\u00ee ikametg\u00e2h elde etmek isteyenler i\u00e7in ihtiyac\u0131n\u0131z olan t\u00fcm bilgiler MyVize dan\u0131\u015fmanlar\u0131ndan da edinilebilir. <\/span><span style=\"font-size: 15px; font-family: Roboto;\">Finlandiya&#8217;da ge\u00e7ici oturum izni verme ko\u015fullar\u0131 Yabanc\u0131lar Yasas\u0131 ile d\u00fczenlenir. Ge\u00e7erli kurallar Finlandiya G\u00f6\u00e7menlik Dairesi web sitesinde (\u0130ngilizce) bulunabilir.<\/span><\/p>\n<p><span style=\"font-size: 15px; font-family: Roboto;\">Yat\u0131r\u0131m yolu ile Finlandiya oturum izni: Herhangi bir de\u011ferdeki gayrimenkul\u00fcn sat\u0131n al\u0131nmas\u0131, Finlandiya&#8217;da oturma izni verilmesi i\u00e7in bir temel olu\u015fturmaz. Ancak ba\u015fka herhangi bir nedenle (\u00f6rne\u011fin \u00e7al\u0131\u015fma ya da i\u015f kurma) oturma izni ba\u015fvurusu yaparken gayrimenkul\u00fcn varl\u0131\u011f\u0131 bir avantaj olarak kabul edilecektir.<\/span><\/p>\n<p><span style=\"font-size: 15px; font-family: Roboto;\">Finlandiya&#8217;da resm\u00ee olarak \u00e7al\u0131\u015fmak i\u00e7in, bu temelde oturma izni ba\u015fvurusunda bulunman\u0131z gerekir. Oturma izni i\u00e7in belge g\u00f6ndermeden \u00f6nce bir i\u015f bulman\u0131z ve resm\u00ee izin alman\u0131z gerekecektir. Uygun bir i\u015f bulmak kolay de\u011fildir. Finlandiya \u00c7al\u0131\u015fma Bakanl\u0131\u011f\u0131 her bir i\u015fi kontrol eder ve istihdam bo\u015flu\u011fu i\u00e7in Finlandiya ve Avrupa Birli\u011fi pazarlar\u0131nda bir i\u015fg\u00fcc\u00fc bulunup bulunmad\u0131\u011f\u0131 konusunda bir g\u00f6r\u00fc\u015f bildirir. Avrupa Birli\u011fi i\u015f g\u00fcc\u00fc piyasas\u0131nda pozisyonlar\u0131n tamam\u0131 dolu ise \u00fc\u00e7\u00fcnc\u00fc \u00fclke vatanda\u015fl\u0131\u011f\u0131 olan uzmanlar oturma izni alamazlar. Ba\u015far\u0131l\u0131 bir i\u015f bulma deneyimi i\u00e7in iyi derecede Fince veya en az\u0131ndan \u0130ngilizce bilmek \u00f6nemlidir. Ayr\u0131ca Finlandiya&#8217;da talep edilen bir meslekte yeterli niteliklere, e\u011fitim d\u00fczeyine ve becerilere sahip olmak gerekir.<\/span><\/p>\n<h2><strong><span style=\"font-size: 27px; font-family: Roboto;\">Finlandiya&#8217;da Oturma \u0130zni Ka\u00e7 G\u00fcnde \u00c7\u0131kar?<\/span><\/strong><\/h2>\n<p><span style=\"font-size: 15px; font-family: Roboto;\"><strong>Finlandiya oturum izni ba\u015fvurusu<\/strong> genellikle 6 ay i\u00e7inde sonu\u00e7lan\u0131r. Ancak de\u011ferlendirme s\u00fcresi bir hafta ile 11 ay aras\u0131nda da de\u011fi\u015febilir. Ba\u015fvuru sahibinin ileri s\u00fcrd\u00fc\u011f\u00fc gerek\u00e7elere ba\u011fl\u0131 olarak bu s\u00fcre uzay\u0131p k\u0131salabilir<\/span><\/p>\n<h2><strong><span style=\"font-size: 27px; font-family: Roboto;\">Finlandiya Oturum \u0130zni B a\u015fvurusu<\/span><\/strong><\/h2>\n<p><span style=\"font-size: 15px; font-family: Roboto;\">\u0130lk oturum izninin (oturma vizesi) verilmesi i\u00e7in yap\u0131lan t\u00fcm ba\u015fvurular <strong>Finlandiya B\u00fcy\u00fckel\u00e7ili\u011fi<\/strong> birimlerine \u015fahsen yap\u0131lmal\u0131d\u0131r. T\u00fcrkiye\u2019de Finlandiya oturum izni ba\u015fvurusu Ankara&#8217;daki Finlandiya B\u00fcy\u00fckel\u00e7ili\u011fine, \u0130stanbul\u2019daki Ba\u015fkonsoloslu\u011fa ve ayr\u0131ca \u0130zmir ve Bursa\u2019daki konsolosluklara yap\u0131labilir. Baz\u0131 durumlarda, Finlandiya&#8217;dayken de yasal olarak (turist vizesiyle) oturum vizesi evraklar\u0131 sunulabilir.<\/span><\/p>\n<p><span style=\"font-size: 15px; font-family: Roboto;\">MyVize ile daim\u00ee oturma izni i\u00e7in ba\u015fvurun:<\/span><\/p>\n<ol>\n<li><span style=\"font-size: 15px; font-family: Roboto;\">Oturum izni portal\u0131nda oturum a\u00e7\u0131n.\u00a0Kimli\u011finizi \u0130nternet Bankac\u0131l\u0131\u011f\u0131 Kimli\u011fi, \u00c7ipli T\u00fcrkiye Cumhuriyeti Kimlik Kart\u0131 veya Mobil \u0130mza ile do\u011frulay\u0131n.<\/span><\/li>\n<li><span style=\"font-size: 15px; font-family: Roboto;\">Oturum izni ba\u015fvuru formunu doldurun ve gerekli evraklar\u0131 ekleyin.\u00a0Gerekli belgelerle ilgili bilgiler G\u00f6\u00e7menlik Dairesi&#8217;nin internet sitesinde sunulmaktad\u0131r.\u00a0Ayr\u0131ca oturum izni \u00fccretini de \u00f6deyin.<\/span><\/li>\n<li><span style=\"font-size: 15px; font-family: Roboto;\">\u00dc\u00e7 ay i\u00e7inde G\u00f6\u00e7menlik B\u00fcrosu\u2019nun hizmet birimini \u015fahsen ziyaret edin.\u00a0G\u00f6\u00e7 \u0130daresi\u2019nin web sitesindeki randevu sistemi arac\u0131l\u0131\u011f\u0131yla \u00f6nceden randevu al\u0131n.<\/span><\/li>\n<li><span style=\"font-size: 15px; font-family: Roboto;\">MyVize\u2019ye g\u00f6nderdi\u011finiz ki\u015fisel bilgilerinizi oturum izni kontrol sistemi ile d\u00fczenli olarak kontrol edin.\u00a0Ba\u015fvuru sahiplerinin ek bilgiye ihtiyac\u0131 varsa bununla ilgili bilgiler uzmanlar\u0131m\u0131zdan al\u0131nabilir.<\/span><\/li>\n<\/ol>\n<p><span style=\"font-size: 15px; font-family: Roboto;\">\u0130lk izin, 1 y\u0131l\u0131 a\u015fmayan bir s\u00fcre i\u00e7in veya \u00e7al\u0131\u015fma \/ \u00f6\u011frenim s\u00fcresi i\u00e7in verilir. \u00d6zel durumlarda 4 y\u0131ll\u0131k izin de \u00e7\u0131kabilir (\u00f6rne\u011fin, ba\u015fvuru sahibi daha \u00f6nce Finlandiya vatanda\u015f\u0131ysa).<\/span><\/p>\n<h2><strong><span style=\"font-size: 27px; font-family: Roboto;\">Finlandiya Oturma \u0130zni \u0130\u00e7in Gerekli Evraklar<\/span><\/strong><\/h2>\n<p><span style=\"font-size: 15px; font-family: Roboto;\"><strong>Oturum izni almak<\/strong> i\u00e7in gerekli evraklar a\u015fa\u011f\u0131daki gibidir:<\/span><\/p>\n<ul>\n<li><span style=\"font-size: 15px; font-family: Roboto;\">Oturma izni verilmesi i\u00e7in ba\u015fvuru formu.\u00a0Form \u00e7evrimi\u00e7i olarak da doldurulabilmektedir. Konsolosluk ba\u015fvurular\u0131 i\u00e7in genellikle online olarak doldurulmu\u015f formlar \u00f6nerilir.<\/span><\/li>\n<li><span style=\"font-size: 15px; font-family: Roboto;\">Talep edilen ikamet izni s\u00fcresinden daha uzun ge\u00e7erlilik s\u00fcresi olan ge\u00e7erli bir yabanc\u0131 pasaport ve fotokopisi<\/span><\/li>\n<li><span style=\"font-size: 15px; font-family: Roboto;\">47 \u00d7 36 mm (siyah beyaz veya renkli) iki adet foto\u011fraf. (Foto\u011fraf\u0131n\u0131z 6 aydan daha eski olmamal\u0131d\u0131r.)<\/span><\/li>\n<li><span style=\"font-size: 15px; font-family: Roboto;\">Oturum izni alman\u0131z i\u00e7in uygunlu\u011funuzu destekleyici belgeler (\u00fcniversiteye kay\u0131t belgesi, i\u015f s\u00f6zle\u015fmesi, ticaret sicilinden \u015firket kayd\u0131na ili\u015fkin bir belge. Not: Her oturma izni t\u00fcr\u00fc i\u00e7in ayr\u0131 bir belge vard\u0131r.)<\/span><\/li>\n<li><span style=\"font-size: 15px; font-family: Roboto;\">Baz\u0131 durumlarda, finansal \u00f6deme g\u00fcc\u00fcn\u00fcn kan\u0131t\u0131.\u00a0\u00d6rne\u011fin, bir banka ekstresi.<\/span><\/li>\n<li><span style=\"font-size: 15px; font-family: Roboto;\"><strong>Finlandiya oturum izni ba\u015fvuru<\/strong> \u00fccretinin \u00f6dendi\u011fine dair dekont (\u00dccretin miktar\u0131, oturum izni talebinin sunuldu\u011fu esasa g\u00f6re de\u011fi\u015fir.)<\/span><\/li>\n<\/ul>\n<p><span style=\"font-size: 15px; font-family: Roboto;\">Oturum vizesi t\u00fcr\u00fcne g\u00f6re konsolosluk taraf\u0131ndan ek belge talebinde bulunulabilir.<\/span><span style=\"font-size: 15px; font-family: Roboto;\">.<\/span><\/p>\n<h2><strong><span style=\"font-size: 27px; font-family: Roboto;\">Finlandiya Oturum \u0130zni Yenileme<\/span><\/strong><\/h2>\n<p><span style=\"font-size: 15px; font-family: Roboto;\"><strong>Finlandiya oturma izni<\/strong> 4 y\u0131l\u0131 ge\u00e7memek kayd\u0131 ile uzat\u0131labilmektedir. Yenilemeler yaln\u0131zca yerel Finlandiya G\u00f6\u00e7menlik B\u00fcrosu\u2019na yap\u0131labilir. Finlandiya&#8217;da d\u00f6rt y\u0131l s\u00fcrekli ikamet ettikten sonra (oturma izni verme s\u00fcresinde bir kesinti olmaks\u0131z\u0131n) A stat\u00fcs\u00fcne g\u00f6re (e\u011fitim ve k\u0131sa s\u00fcreli \u00e7al\u0131\u015fma de\u011fil) ve ba\u015fvuran\u0131n \u00fclkede olmas\u0131 \u015fart\u0131yla daim\u00ee ikamet i\u00e7in ba\u015fvurabilirsiniz. \u00dclkede be\u015f y\u0131ll\u0131k yasal ikametten sonra, Fin vatanda\u015fl\u0131\u011f\u0131 alma hakk\u0131 elde edersiniz.<\/span><\/p>\n<p><strong><span style=\"font-size: 27px; font-family: Roboto;\">Finlandiya Oturum \u0130zni \u00dccreti<\/span><\/strong><\/p>\n<table width=\"690\">\n<tbody>\n<tr>\n<td width=\"230\"><span style=\"font-size: 15px; font-family: Roboto;\"><strong>Ba\u015fvuru T\u00fcr\u00fc<\/strong><\/span><\/td>\n<td width=\"230\"><span style=\"font-size: 15px; font-family: Roboto;\"><strong>Finlandiya Konsoloslu\u011fu Oturum \u0130zni Maliyeti<\/strong><\/span><\/td>\n<td width=\"230\"><span style=\"font-size: 15px; font-family: Roboto;\"><strong>Finlandiya Oturum \u0130zni \u0130\u00e7in Elektronik Ba\u015fvuru<\/strong><\/span><\/td>\n<\/tr>\n<tr>\n<td width=\"230\"><span style=\"font-size: 15px; font-family: Roboto;\">\u0130lk ikamet izni (a\u015fa\u011f\u0131da belirtilenler d\u0131\u015f\u0131nda)<\/span><\/td>\n<td width=\"230\"><span style=\"font-size: 15px; font-family: Roboto;\">520<\/span><\/td>\n<td width=\"230\"><span style=\"font-size: 15px; font-family: Roboto;\">470<\/span><\/td>\n<\/tr>\n<tr>\n<td width=\"230\"><span style=\"font-size: 15px; font-family: Roboto;\">\u0130stihdam nedeniyle ilk oturma izni<\/span><\/td>\n<td width=\"230\"><span style=\"font-size: 15px; font-family: Roboto;\">690<\/span><\/td>\n<td width=\"230\"><span style=\"font-size: 15px; font-family: Roboto;\">490<\/span><\/td>\n<\/tr>\n<tr>\n<td width=\"230\"><span style=\"font-size: 15px; font-family: Roboto;\">3-6 ay s\u00fcreli mevsimlik \u00e7al\u0131\u015fma i\u00e7in ilk oturma izni<\/span><\/td>\n<td width=\"230\"><span style=\"font-size: 15px; font-family: Roboto;\">610<\/span><\/td>\n<td width=\"230\"><span style=\"font-size: 15px; font-family: Roboto;\">410<\/span><\/td>\n<\/tr>\n<tr>\n<td width=\"230\"><span style=\"font-size: 15px; font-family: Roboto;\">6-9 ay s\u00fcreli mevsimlik \u00e7al\u0131\u015fma i\u00e7in ilk ikamet izni<\/span><\/td>\n<td width=\"230\"><span style=\"font-size: 15px; font-family: Roboto;\">690<\/span><\/td>\n<td width=\"230\"><span style=\"font-size: 15px; font-family: Roboto;\">490<\/span><\/td>\n<\/tr>\n<tr>\n<td width=\"230\"><span style=\"font-size: 15px; font-family: Roboto;\">Yat\u0131r\u0131m yolu ile ilk oturum izni<\/span><\/td>\n<td width=\"230\"><span style=\"font-size: 15px; font-family: Roboto;\">480<\/span><\/p>\n<p>&nbsp;<\/p>\n<p><span style=\"font-size: 15px; font-family: Roboto;\">690<\/span><\/td>\n<td width=\"230\"><span style=\"font-size: 15px; font-family: Roboto;\">350<\/span><\/p>\n<p>&nbsp;<\/p>\n<p><span style=\"font-size: 15px; font-family: Roboto;\">490<\/span><\/td>\n<\/tr>\n<tr>\n<td width=\"230\"><span style=\"font-size: 15px; font-family: Roboto;\">E\u011fitim i\u00e7in ilk oturma izni<\/span><\/td>\n<td width=\"230\"><span style=\"font-size: 15px; font-family: Roboto;\">450<\/span><\/td>\n<td width=\"230\"><span style=\"font-size: 15px; font-family: Roboto;\">350<\/span><\/td>\n<\/tr>\n<tr>\n<td width=\"230\"><span style=\"font-size: 15px; font-family: Roboto;\">\u00c7ocuklar i\u00e7in ilk oturma izni<\/span><\/td>\n<td width=\"230\"><span style=\"font-size: 15px; font-family: Roboto;\">270<\/span><\/td>\n<td width=\"230\"><span style=\"font-size: 15px; font-family: Roboto;\">240<\/span><\/td>\n<\/tr>\n<\/tbody>\n<\/table>\n<h2><strong><span style=\"font-family: Roboto; font-size: 27px;\">Finlandiya&#8217;da Uzun S\u00fcreli Oturum<\/span><\/strong><\/h2>\n<p><span style=\"font-size: 15px; font-family: Roboto;\"><strong>Finlandiya vize<\/strong> i\u00e7in gerekli olan belgeyi eksiksiz ve do\u011fru bir bi\u00e7imde organize ederek Finlandiya Konsolosluklar\u0131 yahut Finlandiya Konsoloslu\u011fu\u2019nun yetkilendirdi\u011fi vize merkezinden alabilirsiniz. Finlandiya seyahatiniz i\u00e7eri\u011fine g\u00f6re vize ba\u015fvuru i\u015fleminde bulunmal\u0131s\u0131n\u0131z. <span style=\"color: #2acec2;\"><strong><a style=\"color: #2acec2;\" href=\"https:\/\/www.myvize.com.tr\/finlandiya\/vize-islemleri\/finlandiya-vizesi\/\">Finlandiya vizesi<\/a><\/strong><\/span> \u00e7\u0131kma s\u00fcresi belgelerinizin tamamlanmas\u0131 ve<strong> Finlandiya Konsoloslu\u011fu<\/strong> ek belge \u00a0talebine g\u00f6re de\u011fi\u015fiklik g\u00f6sterecek Bir <strong>oturum izni<\/strong> sabit bir s\u00fcreler i\u00e7in ya da kal\u0131c\u0131 olabilir. Sabit s\u00fcre ikamet izni ge\u00e7ici ya da s\u00fcrekli ikamet izni olarak da verilir. \u0130lk ikamet izni her zaman sabit bir zaman i\u00e7in verilir. \u0130kamet izni tip ikamet tezkeresinde bir yaz\u0131yla belirtilir. Devaml\u0131 ikamet izni A harf, ge\u00e7ici oturma izni ise B harfi ta\u015f\u0131maktad\u0131r. <strong>Daim\u00ee ikamet izni<\/strong> P harfi ta\u015f\u0131maktad\u0131r. Uzun s\u00fcreli <strong>Avrupa Birli\u011fi<\/strong> ikamet stat\u00fcs\u00fcne sahip \u00fc\u00e7\u00fcnc\u00fc \u00fclke vatanda\u015f\u0131 i\u00e7in bir Avrupa Birli\u011fi ikamet izni P-AB harfini ta\u015f\u0131maktad\u0131r ya da P-EY.<\/span><br \/>\n<span style=\"font-size: 15px; font-family: Roboto;\">Yabanc\u0131 uyruklunun Finlandiya&#8217;da 90 g\u00fcn ya da daha uzun kalma i\u00e7in oturma iznine sahip olmas\u0131 gerekmekte. Finlandiya&#8217;da \u00e7al\u0131\u015facaksan\u0131z daha k\u0131sa bir konaklama i\u00e7in ikamet izni de ihtiyac\u0131n\u0131z olacakt\u0131r.<\/span><\/p>\n<p><span style=\"font-size: 15px; font-family: Roboto;\">Kesintisiz<strong> oturum izni<\/strong> (4 y\u0131l) i\u00e7in s\u00fcrekli <strong>ikamet izni<\/strong>nde (izin belgeleri) Finlandiya&#8217;da ikamet etti\u011finiz daim\u00ee ikamet izini alabilirsiniz. Finlandiya&#8217;da kesintisiz ikamet izini (A izin), 5 y\u0131ll\u0131k kesintisiz bir s\u00fcre i\u00e7in ya\u015fad\u0131\u011f\u0131n\u0131za bir P_EU ikamet izini alabilirsiniz.<\/span><br \/>\n<span style=\"font-size: 15px; font-family: Roboto;\">Finlandiya&#8217;da ilk ikameti izniniz i\u00e7in ba\u015fvurdu\u011funuz da sizin i\u00e7in do\u011fru ba\u015fvuru form Finlandiya&#8217;ya gelme nedenlerine ba\u011fl\u0131d\u0131r.<\/span><br \/>\n<span style=\"font-size: 15px; font-family: Roboto;\"><strong>Oturum izni<\/strong>ne i\u00e7in \u015fahsen ba\u015fvurmak gerekmektedir.<span style=\"color: #2acec2;\"> <strong><a style=\"color: #2acec2;\" href=\"https:\/\/www.myvize.com.tr\/finlandiya\/vize-islemleri\/finlandiya-aile-birlesimi-vizesi\/\">Finlandiya Aile Birle\u015fimi Vizesi<\/a><\/strong> <\/span>ile ilgili bilgi almak i\u00e7in bizi aray\u0131n\u0131z.<\/span><\/p>\n","protected":false},"excerpt":{"rendered":"<p>Finlandiya Oturum \u0130zni Vizesi Finlandiya oturum izni alman\u0131n bir\u00e7ok y\u00f6ntemi vard\u0131r. Finlandiya vatanda\u015f\u0131 ile evlilik, e\u011fitim, \u00e7al\u0131\u015fmak veya ba\u015fka bir\u00e7ok y\u00f6ntem&#8230; Ve hangi y\u00f6ntemle Finlandiya\u2019da oturum izni almak istiyorsan\u0131z o izne \u00f6zel \u015fartlar ve haz\u0131rlanmas\u0131 gereken evraklar vard\u0131r: Fince ve \u0130ngilizce bilmek (bildi\u011finize dair yeterlilik belgesi ya da s\u0131nav sonucu) Finlandiya devletinin normlar\u0131na uygun olmak<\/p>\n","protected":false},"author":1,"featured_media":0,"parent":18,"menu_order":0,"comment_status":"open","ping_status":"closed","template":"","meta":{"footnotes":""},"class_list":["post-45","page","type-page","status-publish","hentry"],"yoast_head":"<!-- This site is optimized with the Yoast SEO plugin v24.0 - https:\/\/yoast.com\/wordpress\/plugins\/seo\/ -->\n<title>Finlandiya&#039;da oturma izni nas\u0131l al\u0131n\u0131r? - MyVize<\/title>\n<meta name=\"description\" content=\"Finlandiya oturum izni nas\u0131l al\u0131n\u0131r? Gerekli evrak listesi 2022. Finlandiya oturum vizesi nas\u0131l al\u0131n\u0131r? Finlandiya uzun s\u00fcreli oturum...\" \/>\n<meta name=\"robots\" content=\"index, follow, max-snippet:-1, max-image-preview:large, max-video-preview:-1\" \/>\n<link rel=\"canonical\" href=\"https:\/\/www.myvize.com.tr\/finlandiya\/vize-islemleri\/finlandiya-oturum-izni\/\" \/>\n<meta property=\"og:locale\" content=\"tr_TR\" \/>\n<meta property=\"og:type\" content=\"article\" \/>\n<meta property=\"og:title\" content=\"Finlandiya&#039;da oturma izni nas\u0131l al\u0131n\u0131r? - MyVize\" \/>\n<meta property=\"og:description\" content=\"Finlandiya oturum izni nas\u0131l al\u0131n\u0131r? Gerekli evrak listesi 2022. Finlandiya oturum vizesi nas\u0131l al\u0131n\u0131r? Finlandiya uzun s\u00fcreli oturum...\" \/>\n<meta property=\"og:url\" content=\"https:\/\/www.myvize.com.tr\/finlandiya\/vize-islemleri\/finlandiya-oturum-izni\/\" \/>\n<meta property=\"og:site_name\" content=\"Finlandiya Vizesi\" \/>\n<meta property=\"article:modified_time\" content=\"2022-04-07T12:58:34+00:00\" \/>\n<meta name=\"twitter:card\" content=\"summary_large_image\" \/>\n<meta name=\"twitter:label1\" content=\"Tahmini okuma s\u00fcresi\" \/>\n\t<meta name=\"twitter:data1\" content=\"5 dakika\" \/>\n<script type=\"application\/ld+json\" class=\"yoast-schema-graph\">{\"@context\":\"https:\/\/schema.org\",\"@graph\":[{\"@type\":\"WebPage\",\"@id\":\"https:\/\/www.myvize.com.tr\/finlandiya\/vize-islemleri\/finlandiya-oturum-izni\/\",\"url\":\"https:\/\/www.myvize.com.tr\/finlandiya\/vize-islemleri\/finlandiya-oturum-izni\/\",\"name\":\"Finlandiya'da oturma izni nas\u0131l al\u0131n\u0131r? - MyVize\",\"isPartOf\":{\"@id\":\"https:\/\/www.myvize.com.tr\/finlandiya\/#website\"},\"datePublished\":\"2020-11-30T09:47:57+00:00\",\"dateModified\":\"2022-04-07T12:58:34+00:00\",\"description\":\"Finlandiya oturum izni nas\u0131l al\u0131n\u0131r? Gerekli evrak listesi 2022. Finlandiya oturum vizesi nas\u0131l al\u0131n\u0131r? Finlandiya uzun s\u00fcreli oturum...\",\"breadcrumb\":{\"@id\":\"https:\/\/www.myvize.com.tr\/finlandiya\/vize-islemleri\/finlandiya-oturum-izni\/#breadcrumb\"},\"inLanguage\":\"tr\",\"potentialAction\":[{\"@type\":\"ReadAction\",\"target\":[\"https:\/\/www.myvize.com.tr\/finlandiya\/vize-islemleri\/finlandiya-oturum-izni\/\"]}]},{\"@type\":\"BreadcrumbList\",\"@id\":\"https:\/\/www.myvize.com.tr\/finlandiya\/vize-islemleri\/finlandiya-oturum-izni\/#breadcrumb\",\"itemListElement\":[{\"@type\":\"ListItem\",\"position\":1,\"name\":\"Anasayfa\",\"item\":\"https:\/\/www.myvize.com.tr\/finlandiya\/\"},{\"@type\":\"ListItem\",\"position\":2,\"name\":\"V\u0130ZE \u0130\u015eLEMLER\u0130\",\"item\":\"https:\/\/www.myvize.com.tr\/finlandiya\/vize-islemleri\/\"},{\"@type\":\"ListItem\",\"position\":3,\"name\":\"Finlandiya Oturum \u0130zni\"}]},{\"@type\":\"WebSite\",\"@id\":\"https:\/\/www.myvize.com.tr\/finlandiya\/#website\",\"url\":\"https:\/\/www.myvize.com.tr\/finlandiya\/\",\"name\":\"Finlandiya Vizesi\",\"description\":\"\",\"potentialAction\":[{\"@type\":\"SearchAction\",\"target\":{\"@type\":\"EntryPoint\",\"urlTemplate\":\"https:\/\/www.myvize.com.tr\/finlandiya\/?s={search_term_string}\"},\"query-input\":{\"@type\":\"PropertyValueSpecification\",\"valueRequired\":true,\"valueName\":\"search_term_string\"}}],\"inLanguage\":\"tr\"}]}<\/script>\n<!-- \/ Yoast SEO plugin. -->","yoast_head_json":{"title":"Finlandiya'da oturma izni nas\u0131l al\u0131n\u0131r? - MyVize","description":"Finlandiya oturum izni nas\u0131l al\u0131n\u0131r? Gerekli evrak listesi 2022. Finlandiya oturum vizesi nas\u0131l al\u0131n\u0131r? Finlandiya uzun s\u00fcreli oturum...","robots":{"index":"index","follow":"follow","max-snippet":"max-snippet:-1","max-image-preview":"max-image-preview:large","max-video-preview":"max-video-preview:-1"},"canonical":"https:\/\/www.myvize.com.tr\/finlandiya\/vize-islemleri\/finlandiya-oturum-izni\/","og_locale":"tr_TR","og_type":"article","og_title":"Finlandiya'da oturma izni nas\u0131l al\u0131n\u0131r? - MyVize","og_description":"Finlandiya oturum izni nas\u0131l al\u0131n\u0131r? Gerekli evrak listesi 2022. Finlandiya oturum vizesi nas\u0131l al\u0131n\u0131r? Finlandiya uzun s\u00fcreli oturum...","og_url":"https:\/\/www.myvize.com.tr\/finlandiya\/vize-islemleri\/finlandiya-oturum-izni\/","og_site_name":"Finlandiya Vizesi","article_modified_time":"2022-04-07T12:58:34+00:00","twitter_card":"summary_large_image","twitter_misc":{"Tahmini okuma s\u00fcresi":"5 dakika"},"schema":{"@context":"https:\/\/schema.org","@graph":[{"@type":"WebPage","@id":"https:\/\/www.myvize.com.tr\/finlandiya\/vize-islemleri\/finlandiya-oturum-izni\/","url":"https:\/\/www.myvize.com.tr\/finlandiya\/vize-islemleri\/finlandiya-oturum-izni\/","name":"Finlandiya'da oturma izni nas\u0131l al\u0131n\u0131r? - MyVize","isPartOf":{"@id":"https:\/\/www.myvize.com.tr\/finlandiya\/#website"},"datePublished":"2020-11-30T09:47:57+00:00","dateModified":"2022-04-07T12:58:34+00:00","description":"Finlandiya oturum izni nas\u0131l al\u0131n\u0131r? Gerekli evrak listesi 2022. Finlandiya oturum vizesi nas\u0131l al\u0131n\u0131r? Finlandiya uzun s\u00fcreli oturum...","breadcrumb":{"@id":"https:\/\/www.myvize.com.tr\/finlandiya\/vize-islemleri\/finlandiya-oturum-izni\/#breadcrumb"},"inLanguage":"tr","potentialAction":[{"@type":"ReadAction","target":["https:\/\/www.myvize.com.tr\/finlandiya\/vize-islemleri\/finlandiya-oturum-izni\/"]}]},{"@type":"BreadcrumbList","@id":"https:\/\/www.myvize.com.tr\/finlandiya\/vize-islemleri\/finlandiya-oturum-izni\/#breadcrumb","itemListElement":[{"@type":"ListItem","position":1,"name":"Anasayfa","item":"https:\/\/www.myvize.com.tr\/finlandiya\/"},{"@type":"ListItem","position":2,"name":"V\u0130ZE \u0130\u015eLEMLER\u0130","item":"https:\/\/www.myvize.com.tr\/finlandiya\/vize-islemleri\/"},{"@type":"ListItem","position":3,"name":"Finlandiya Oturum \u0130zni"}]},{"@type":"WebSite","@id":"https:\/\/www.myvize.com.tr\/finlandiya\/#website","url":"https:\/\/www.myvize.com.tr\/finlandiya\/","name":"Finlandiya Vizesi","description":"","potentialAction":[{"@type":"SearchAction","target":{"@type":"EntryPoint","urlTemplate":"https:\/\/www.myvize.com.tr\/finlandiya\/?s={search_term_string}"},"query-input":{"@type":"PropertyValueSpecification","valueRequired":true,"valueName":"search_term_string"}}],"inLanguage":"tr"}]}},"_links":{"self":[{"href":"https:\/\/www.myvize.com.tr\/finlandiya\/wp-json\/wp\/v2\/pages\/45","targetHints":{"allow":["GET"]}}],"collection":[{"href":"https:\/\/www.myvize.com.tr\/finlandiya\/wp-json\/wp\/v2\/pages"}],"about":[{"href":"https:\/\/www.myvize.com.tr\/finlandiya\/wp-json\/wp\/v2\/types\/page"}],"author":[{"embeddable":true,"href":"https:\/\/www.myvize.com.tr\/finlandiya\/wp-json\/wp\/v2\/users\/1"}],"replies":[{"embeddable":true,"href":"https:\/\/www.myvize.com.tr\/finlandiya\/wp-json\/wp\/v2\/comments?post=45"}],"version-history":[{"count":10,"href":"https:\/\/www.myvize.com.tr\/finlandiya\/wp-json\/wp\/v2\/pages\/45\/revisions"}],"predecessor-version":[{"id":641,"href":"https:\/\/www.myvize.com.tr\/finlandiya\/wp-json\/wp\/v2\/pages\/45\/revisions\/641"}],"up":[{"embeddable":true,"href":"https:\/\/www.myvize.com.tr\/finlandiya\/wp-json\/wp\/v2\/pages\/18"}],"wp:attachment":[{"href":"https:\/\/www.myvize.com.tr\/finlandiya\/wp-json\/wp\/v2\/media?parent=45"}],"curies":[{"name":"wp","href":"https:\/\/api.w.org\/{rel}","templated":true}]}}