{"id":227,"date":"2020-12-30T12:49:19","date_gmt":"2020-12-30T09:49:19","guid":{"rendered":"https:\/\/www.myvize.com.tr\/fransa\/?page_id=227"},"modified":"2022-10-07T14:51:38","modified_gmt":"2022-10-07T11:51:38","slug":"izmir","status":"publish","type":"page","link":"https:\/\/www.myvize.com.tr\/fransa\/subelerimiz\/izmir\/","title":{"rendered":"\u0130zmir"},"content":{"rendered":"\r\n<h2 class=\"wp-block-heading\">Fransa \u0130zmir Vize Ba\u015fvuru Merkezi<\/h2>\r\n\r\n\r\n\r\n<p>Fransa vize ba\u015fvurular\u0131 Fransa Konsoloslu\u011fu taraf\u0131ndan yetkilendirilmi\u015f vize ba\u015fvuru merkezleri arac\u0131l\u0131\u011f\u0131 ile yap\u0131lmaktad\u0131r. \u0130zmir ve \u00e7evresinde ya\u015fayan T\u00fcrkiye Cumhuriyeti vatanda\u015flar\u0131 ve T\u00fcrkiye Cumhuriyeti\u2019nde oturma izni olan \u00fc\u00e7\u00fcnc\u00fc \u00fclke vatanda\u015flar\u0131 vize ba\u015fvurular\u0131n\u0131 Fransa \u0130zmir Vize Ba\u015fvuru Merkezi\u2019nde yapabilir. Vize ba\u015fvurular\u0131 Fransa \u0130zmir Vize Ba\u015fvuru Merkezi arac\u0131l\u0131\u011f\u0131 ile Fransa Konsoloslu\u011funa veya Fransa Ankara B\u00fcy\u00fckel\u00e7ili\u011fi\u2019ne iletilir.<\/p>\r\n\r\n\r\n\r\n<h2 class=\"wp-block-heading\">Fransa \u0130zmir Vize Ba\u015fvuru Merkezi Vize Ba\u015fvurusu Nas\u0131l Yap\u0131l\u0131r<\/h2>\r\n\r\n\r\n\r\n<p>Fransa bir Schengen \u00fclkesidir. Bundan dolay\u0131 Fransa\u2019dan vize alan ki\u015filer b\u00fct\u00fcn Schengen \u00fclkelerine seyahat edebilmektedir. \u0130zmir ve \u00e7evresinde ikamet ediyorsan\u0131z Fransa \u0130zmir Vize Ba\u015fvuru Merkezi ile Fransa vize ba\u015fvurusu yapabilirsiniz. Fransa \u0130zmir Vize Ba\u015fvuru Merkezi arac\u0131l\u0131\u011f\u0131 ile yapaca\u011f\u0131n\u0131z vize ba\u015fvurular\u0131n\u0131 de\u011ferlendirme yetkisi Fransa Konsoloslu\u011funa aittir.<\/p>\r\n\r\n\r\n\r\n<p>Fransa vize ba\u015fvurusunda bulunmak i\u00e7i \u00f6ncelikle seyahat amac\u0131n\u0131za g\u00f6re online vize ba\u015fvuru formunu doldurman\u0131z gerekmektedir. Ard\u0131ndan biyometrik veri randevusu almal\u0131s\u0131n\u0131z. Daha sonra ise bizzat Fransa \u0130zmir Vize Ba\u015fvuru Merkezine giderek vize ba\u015fvurunuzu ba\u015flatmal\u0131s\u0131n\u0131z. Ba\u015fvuruyu yaparken verece\u011finiz evraklar g\u00fcncel ve do\u011fru olmal\u0131d\u0131r.<\/p>\r\n\r\n<p><img decoding=\"async\" src=\"https:\/\/www.myvize.com.tr\/fransa\/wp-content\/uploads\/2021\/09\/10-2.jpg\" \/><\/p>\r\n\r\n<h2 class=\"wp-block-heading\">Fransa \u0130zmir Vize Ba\u015fvuru Merkezi Taraf\u0131ndan \u0130stenen Belgeler<\/h2>\r\n\r\n\r\n\r\n<ul class=\"wp-block-list\">\r\n<li>10 y\u0131l i\u00e7erisinde al\u0131nm\u0131\u015f ve en az 6 ay ge\u00e7erlili\u011fi olan pasaport, en az iki sayfas\u0131n\u0131n bo\u015f olmas\u0131 gerekmektedir.<\/li>\r\n<li>Seyahat bilgilerinizin oldu\u011fu belgeler; U\u00e7ak bileti, otob\u00fcs bileti gibi belgeler.<\/li>\r\n<li>Seyahatiniz s\u00fcrecinde nerede konaklayaca\u011f\u0131n\u0131z\u0131 kan\u0131tlayan belgeler.<\/li>\r\n<li>Online vize ba\u015fvuru formunun \u00e7\u0131kt\u0131s\u0131<\/li>\r\n<li>Gelir durumunuzu g\u00f6steren belgeler<\/li>\r\n<li>Banka hesap d\u00f6k\u00fcm\u00fc<\/li>\r\n<li>Kimlik Fotokopisi<\/li>\r\n<li>Seyahat sonunda \u00fclkenize d\u00f6nece\u011finizi kan\u0131tlayan rezervasyon bilgileri<\/li>\r\n<li>Seyahat amac\u0131n\u0131za uygun di\u011fer belgeler<\/li>\r\n<li>Vize harc\u0131n\u0131 yat\u0131rd\u0131\u011f\u0131n\u0131z\u0131 g\u00f6steren dekont<\/li>\r\n<li>Seyahat Sa\u011fl\u0131k Sigortas\u0131<\/li>\r\n<\/ul>\r\n\r\n\r\n\r\n<p>Fransa \u0130zmir Vize Ba\u015fvuru Merkezi bu belgeleri al\u0131r ve sizin ad\u0131n\u0131za Fransa Konsolosluklar\u0131na veya B\u00fcy\u00fckel\u00e7ili\u011fe g\u00f6nderir. Vize ba\u015fvuru merkezinin bu ba\u015fvurular\u0131 de\u011ferlendirme gibi bir yetkisi yoktur, sadece ba\u015fvurular\u0131 kabul etmekle y\u00fck\u00fcml\u00fcd\u00fcr. Karar verme yetkisi Fransa Ankara B\u00fcy\u00fckel\u00e7ili\u011fine ve Fransa Konsolosluklar\u0131na aittir. Vize ba\u015fvurunuz 10-15 i\u015f g\u00fcn\u00fc i\u00e7erisinde sonu\u00e7lanmaktad\u0131r. Ayr\u0131ca Fransa konsoloslu\u011fu ek belge talep etme ve m\u00fclakata \u00e7a\u011f\u0131rma yetkisine sahiptir.<\/p>\r\n\r\n\r\n\r\n<p>Vize ba\u015fvurunuz olumsuz sonu\u00e7lan\u0131rsa konsolosluk ba\u015fvuru sahibine bunun nedenlerini a\u00e7\u0131klayan yaz\u0131l\u0131 bir mektup g\u00f6ndermektedir. Ret durumunda vize ba\u015fvuru \u00fccretleri geri iade edilmez. Ancak ret cevab\u0131na itiraz hakk\u0131n\u0131z bulunmaktad\u0131r.<\/p>\r\n","protected":false},"excerpt":{"rendered":"<p>Fransa \u0130zmir Vize Ba\u015fvuru Merkezi Fransa vize ba\u015fvurular\u0131 Fransa Konsoloslu\u011fu taraf\u0131ndan yetkilendirilmi\u015f vize ba\u015fvuru merkezleri arac\u0131l\u0131\u011f\u0131 ile yap\u0131lmaktad\u0131r. \u0130zmir ve \u00e7evresinde ya\u015fayan T\u00fcrkiye Cumhuriyeti vatanda\u015flar\u0131 ve T\u00fcrkiye Cumhuriyeti\u2019nde oturma izni olan \u00fc\u00e7\u00fcnc\u00fc \u00fclke vatanda\u015flar\u0131 vize ba\u015fvurular\u0131n\u0131 Fransa \u0130zmir Vize Ba\u015fvuru Merkezi\u2019nde yapabilir. Vize ba\u015fvurular\u0131 Fransa \u0130zmir Vize Ba\u015fvuru Merkezi arac\u0131l\u0131\u011f\u0131 ile Fransa Konsoloslu\u011funa veya Fransa<\/p>\n","protected":false},"author":1,"featured_media":0,"parent":218,"menu_order":0,"comment_status":"open","ping_status":"closed","template":"","meta":{"footnotes":""},"class_list":["post-227","page","type-page","status-publish","hentry"],"yoast_head":"<!-- This site is optimized with the Yoast SEO plugin v24.0 - https:\/\/yoast.com\/wordpress\/plugins\/seo\/ -->\n<title>Fransa \u0130zmir Vizesi Ba\u015fvuru \u015eubemiz - MyVize<\/title>\n<meta name=\"description\" content=\"Fransa Vizesi \u0130zmir Vize Ba\u015fvuru \u015eubesi. Fransa Vizesi Gerekli Evraklar\u0131 Neler? Fransa Vizesi Randevusu \u0130\u00e7in Bizi Aray\u0131n: 0850 346 84 93\" \/>\n<meta name=\"robots\" content=\"index, follow, max-snippet:-1, max-image-preview:large, max-video-preview:-1\" \/>\n<link rel=\"canonical\" href=\"https:\/\/www.myvize.com.tr\/fransa\/subelerimiz\/izmir\/\" \/>\n<meta property=\"og:locale\" content=\"tr_TR\" \/>\n<meta property=\"og:type\" content=\"article\" \/>\n<meta property=\"og:title\" content=\"Fransa \u0130zmir Vizesi Ba\u015fvuru \u015eubemiz - MyVize\" \/>\n<meta property=\"og:description\" content=\"Fransa Vizesi \u0130zmir Vize Ba\u015fvuru \u015eubesi. Fransa Vizesi Gerekli Evraklar\u0131 Neler? Fransa Vizesi Randevusu \u0130\u00e7in Bizi Aray\u0131n: 0850 346 84 93\" \/>\n<meta property=\"og:url\" content=\"https:\/\/www.myvize.com.tr\/fransa\/subelerimiz\/izmir\/\" \/>\n<meta property=\"og:site_name\" content=\"Fransa Vizesi\" \/>\n<meta property=\"article:modified_time\" content=\"2022-10-07T11:51:38+00:00\" \/>\n<meta property=\"og:image\" content=\"https:\/\/www.myvize.com.tr\/fransa\/wp-content\/uploads\/2021\/09\/10-2.jpg\" \/>\n<meta name=\"twitter:card\" content=\"summary_large_image\" \/>\n<meta name=\"twitter:label1\" content=\"Tahmini okuma s\u00fcresi\" \/>\n\t<meta name=\"twitter:data1\" content=\"2 dakika\" \/>\n<script type=\"application\/ld+json\" class=\"yoast-schema-graph\">{\"@context\":\"https:\/\/schema.org\",\"@graph\":[{\"@type\":\"WebPage\",\"@id\":\"https:\/\/www.myvize.com.tr\/fransa\/subelerimiz\/izmir\/\",\"url\":\"https:\/\/www.myvize.com.tr\/fransa\/subelerimiz\/izmir\/\",\"name\":\"Fransa \u0130zmir Vizesi Ba\u015fvuru \u015eubemiz - MyVize\",\"isPartOf\":{\"@id\":\"https:\/\/www.myvize.com.tr\/fransa\/#website\"},\"primaryImageOfPage\":{\"@id\":\"https:\/\/www.myvize.com.tr\/fransa\/subelerimiz\/izmir\/#primaryimage\"},\"image\":{\"@id\":\"https:\/\/www.myvize.com.tr\/fransa\/subelerimiz\/izmir\/#primaryimage\"},\"thumbnailUrl\":\"https:\/\/www.myvize.com.tr\/fransa\/wp-content\/uploads\/2021\/09\/10-2.jpg\",\"datePublished\":\"2020-12-30T09:49:19+00:00\",\"dateModified\":\"2022-10-07T11:51:38+00:00\",\"description\":\"Fransa Vizesi \u0130zmir Vize Ba\u015fvuru \u015eubesi. Fransa Vizesi Gerekli Evraklar\u0131 Neler? Fransa Vizesi Randevusu \u0130\u00e7in Bizi Aray\u0131n: 0850 346 84 93\",\"breadcrumb\":{\"@id\":\"https:\/\/www.myvize.com.tr\/fransa\/subelerimiz\/izmir\/#breadcrumb\"},\"inLanguage\":\"tr\",\"potentialAction\":[{\"@type\":\"ReadAction\",\"target\":[\"https:\/\/www.myvize.com.tr\/fransa\/subelerimiz\/izmir\/\"]}]},{\"@type\":\"ImageObject\",\"inLanguage\":\"tr\",\"@id\":\"https:\/\/www.myvize.com.tr\/fransa\/subelerimiz\/izmir\/#primaryimage\",\"url\":\"https:\/\/www.myvize.com.tr\/fransa\/wp-content\/uploads\/2021\/09\/10-2.jpg\",\"contentUrl\":\"https:\/\/www.myvize.com.tr\/fransa\/wp-content\/uploads\/2021\/09\/10-2.jpg\",\"width\":800,\"height\":500,\"caption\":\"Fransa \u015eubelerimiz \u0130zmir\"},{\"@type\":\"BreadcrumbList\",\"@id\":\"https:\/\/www.myvize.com.tr\/fransa\/subelerimiz\/izmir\/#breadcrumb\",\"itemListElement\":[{\"@type\":\"ListItem\",\"position\":1,\"name\":\"Anasayfa\",\"item\":\"https:\/\/www.myvize.com.tr\/fransa\/\"},{\"@type\":\"ListItem\",\"position\":2,\"name\":\"\u015eUBELER\u0130M\u0130Z\",\"item\":\"https:\/\/www.myvize.com.tr\/fransa\/subelerimiz\/\"},{\"@type\":\"ListItem\",\"position\":3,\"name\":\"\u0130zmir\"}]},{\"@type\":\"WebSite\",\"@id\":\"https:\/\/www.myvize.com.tr\/fransa\/#website\",\"url\":\"https:\/\/www.myvize.com.tr\/fransa\/\",\"name\":\"Fransa Vizesi\",\"description\":\"\",\"potentialAction\":[{\"@type\":\"SearchAction\",\"target\":{\"@type\":\"EntryPoint\",\"urlTemplate\":\"https:\/\/www.myvize.com.tr\/fransa\/?s={search_term_string}\"},\"query-input\":{\"@type\":\"PropertyValueSpecification\",\"valueRequired\":true,\"valueName\":\"search_term_string\"}}],\"inLanguage\":\"tr\"}]}<\/script>\n<!-- \/ Yoast SEO plugin. -->","yoast_head_json":{"title":"Fransa \u0130zmir Vizesi Ba\u015fvuru \u015eubemiz - MyVize","description":"Fransa Vizesi \u0130zmir Vize Ba\u015fvuru \u015eubesi. Fransa Vizesi Gerekli Evraklar\u0131 Neler? Fransa Vizesi Randevusu \u0130\u00e7in Bizi Aray\u0131n: 0850 346 84 93","robots":{"index":"index","follow":"follow","max-snippet":"max-snippet:-1","max-image-preview":"max-image-preview:large","max-video-preview":"max-video-preview:-1"},"canonical":"https:\/\/www.myvize.com.tr\/fransa\/subelerimiz\/izmir\/","og_locale":"tr_TR","og_type":"article","og_title":"Fransa \u0130zmir Vizesi Ba\u015fvuru \u015eubemiz - MyVize","og_description":"Fransa Vizesi \u0130zmir Vize Ba\u015fvuru \u015eubesi. Fransa Vizesi Gerekli Evraklar\u0131 Neler? Fransa Vizesi Randevusu \u0130\u00e7in Bizi Aray\u0131n: 0850 346 84 93","og_url":"https:\/\/www.myvize.com.tr\/fransa\/subelerimiz\/izmir\/","og_site_name":"Fransa Vizesi","article_modified_time":"2022-10-07T11:51:38+00:00","og_image":[{"url":"https:\/\/www.myvize.com.tr\/fransa\/wp-content\/uploads\/2021\/09\/10-2.jpg","type":"","width":"","height":""}],"twitter_card":"summary_large_image","twitter_misc":{"Tahmini okuma s\u00fcresi":"2 dakika"},"schema":{"@context":"https:\/\/schema.org","@graph":[{"@type":"WebPage","@id":"https:\/\/www.myvize.com.tr\/fransa\/subelerimiz\/izmir\/","url":"https:\/\/www.myvize.com.tr\/fransa\/subelerimiz\/izmir\/","name":"Fransa \u0130zmir Vizesi Ba\u015fvuru \u015eubemiz - MyVize","isPartOf":{"@id":"https:\/\/www.myvize.com.tr\/fransa\/#website"},"primaryImageOfPage":{"@id":"https:\/\/www.myvize.com.tr\/fransa\/subelerimiz\/izmir\/#primaryimage"},"image":{"@id":"https:\/\/www.myvize.com.tr\/fransa\/subelerimiz\/izmir\/#primaryimage"},"thumbnailUrl":"https:\/\/www.myvize.com.tr\/fransa\/wp-content\/uploads\/2021\/09\/10-2.jpg","datePublished":"2020-12-30T09:49:19+00:00","dateModified":"2022-10-07T11:51:38+00:00","description":"Fransa Vizesi \u0130zmir Vize Ba\u015fvuru \u015eubesi. Fransa Vizesi Gerekli Evraklar\u0131 Neler? Fransa Vizesi Randevusu \u0130\u00e7in Bizi Aray\u0131n: 0850 346 84 93","breadcrumb":{"@id":"https:\/\/www.myvize.com.tr\/fransa\/subelerimiz\/izmir\/#breadcrumb"},"inLanguage":"tr","potentialAction":[{"@type":"ReadAction","target":["https:\/\/www.myvize.com.tr\/fransa\/subelerimiz\/izmir\/"]}]},{"@type":"ImageObject","inLanguage":"tr","@id":"https:\/\/www.myvize.com.tr\/fransa\/subelerimiz\/izmir\/#primaryimage","url":"https:\/\/www.myvize.com.tr\/fransa\/wp-content\/uploads\/2021\/09\/10-2.jpg","contentUrl":"https:\/\/www.myvize.com.tr\/fransa\/wp-content\/uploads\/2021\/09\/10-2.jpg","width":800,"height":500,"caption":"Fransa \u015eubelerimiz \u0130zmir"},{"@type":"BreadcrumbList","@id":"https:\/\/www.myvize.com.tr\/fransa\/subelerimiz\/izmir\/#breadcrumb","itemListElement":[{"@type":"ListItem","position":1,"name":"Anasayfa","item":"https:\/\/www.myvize.com.tr\/fransa\/"},{"@type":"ListItem","position":2,"name":"\u015eUBELER\u0130M\u0130Z","item":"https:\/\/www.myvize.com.tr\/fransa\/subelerimiz\/"},{"@type":"ListItem","position":3,"name":"\u0130zmir"}]},{"@type":"WebSite","@id":"https:\/\/www.myvize.com.tr\/fransa\/#website","url":"https:\/\/www.myvize.com.tr\/fransa\/","name":"Fransa Vizesi","description":"","potentialAction":[{"@type":"SearchAction","target":{"@type":"EntryPoint","urlTemplate":"https:\/\/www.myvize.com.tr\/fransa\/?s={search_term_string}"},"query-input":{"@type":"PropertyValueSpecification","valueRequired":true,"valueName":"search_term_string"}}],"inLanguage":"tr"}]}},"_links":{"self":[{"href":"https:\/\/www.myvize.com.tr\/fransa\/wp-json\/wp\/v2\/pages\/227","targetHints":{"allow":["GET"]}}],"collection":[{"href":"https:\/\/www.myvize.com.tr\/fransa\/wp-json\/wp\/v2\/pages"}],"about":[{"href":"https:\/\/www.myvize.com.tr\/fransa\/wp-json\/wp\/v2\/types\/page"}],"author":[{"embeddable":true,"href":"https:\/\/www.myvize.com.tr\/fransa\/wp-json\/wp\/v2\/users\/1"}],"replies":[{"embeddable":true,"href":"https:\/\/www.myvize.com.tr\/fransa\/wp-json\/wp\/v2\/comments?post=227"}],"version-history":[{"count":5,"href":"https:\/\/www.myvize.com.tr\/fransa\/wp-json\/wp\/v2\/pages\/227\/revisions"}],"predecessor-version":[{"id":1454,"href":"https:\/\/www.myvize.com.tr\/fransa\/wp-json\/wp\/v2\/pages\/227\/revisions\/1454"}],"up":[{"embeddable":true,"href":"https:\/\/www.myvize.com.tr\/fransa\/wp-json\/wp\/v2\/pages\/218"}],"wp:attachment":[{"href":"https:\/\/www.myvize.com.tr\/fransa\/wp-json\/wp\/v2\/media?parent=227"}],"curies":[{"name":"wp","href":"https:\/\/api.w.org\/{rel}","templated":true}]}}