{"id":235,"date":"2020-12-30T12:50:26","date_gmt":"2020-12-30T09:50:26","guid":{"rendered":"https:\/\/www.myvize.com.tr\/fransa\/?page_id=235"},"modified":"2022-04-08T14:14:18","modified_gmt":"2022-04-08T11:14:18","slug":"konya","status":"publish","type":"page","link":"https:\/\/www.myvize.com.tr\/fransa\/subelerimiz\/konya\/","title":{"rendered":"Konya"},"content":{"rendered":"\r\n<h2 class=\"wp-block-heading\">Fransa Konya Vize Ba\u015fvuru Merkezi<\/h2>\r\n\r\n\r\n\r\n<p>Konya ve \u00e7evresinde ya\u015fayan T\u00fcrkiye Cumhuriyeti vatanda\u015flar\u0131 ve T\u00fcrkiye\u2019de oturma izni olan di\u011fer \u00fclke vatanda\u015flar\u0131 vize ba\u015fvurular\u0131n\u0131 Fransa Konya vize ba\u015fvuru merkezine yapabilirler. Fransa konsoloslu\u011fu do\u011frudan vize ba\u015fvurusu kabul etmemektedir. Vize ba\u015fvurular\u0131n\u0131 yetkilendirilmi\u015f vize ba\u015fvuru merkezleri arac\u0131l\u0131\u011f\u0131 ile kabul etmektedir. Fransa Konya Vize Ba\u015fvuru Merkezi vize ba\u015fvurular\u0131n\u0131 kabul edip Fransa Konsoloslu\u011funa veya Fransa B\u00fcy\u00fckel\u00e7ili\u011fi\u2019ne g\u00f6nderir.<\/p>\r\n\r\n\r\n\r\n<h2 class=\"wp-block-heading\">Fransa Konya Vize Ba\u015fvuru Merkezi Vize Ba\u015fvurusu Nas\u0131l Yap\u0131l\u0131r<\/h2>\r\n\r\n\r\n\r\n<p>Fransa vizesi alan birisi ayn\u0131 zamanda Schengen vizesi almaktad\u0131r. Schengen vizesi alan birisi istedi\u011fi Schengen \u00fclkesini ziyaret edebilmektedir. Fransa Konya Vize Ba\u015fvuru Merkezi arac\u0131l\u0131\u011f\u0131 ile Fransa vizesi i\u00e7in ba\u015fvuruda bulunabilirsiniz. Fransa Konya Vize Ba\u015fvuru Merkezi arac\u0131l\u0131\u011f\u0131 ile yapaca\u011f\u0131n\u0131z vize ba\u015fvurular\u0131n\u0131 de\u011ferlendirme yetkisi Fransa Konsoloslu\u011funa aittir. Ba\u015fvurular\u0131n\u0131z Schengen vizesi \u00e7er\u00e7evesinde de\u011ferlendirilir.<\/p>\r\n\r\n<p><img decoding=\"async\" src=\"https:\/\/www.myvize.com.tr\/fransa\/wp-content\/uploads\/2021\/09\/11-7.jpg\" \/><\/p>\r\n\r\n<p>\u00d6ncelikle vize ba\u015fvuru t\u00fcr\u00fcn\u00fcze karar vermelisiniz. Fransa vize ba\u015fvurusunda bulunmak i\u00e7i \u00f6ncelikle seyahat amac\u0131n\u0131za g\u00f6re online vize ba\u015fvuru formunu doldurman\u0131z gerekmektedir. Ard\u0131ndan biyometrik veri randevusu almal\u0131s\u0131n\u0131z. Daha sonra ise bizzat Fransa Konya Vize Ba\u015fvuru Merkezine giderek vize ba\u015fvurunuzu ba\u015flatmal\u0131s\u0131n\u0131z. Ba\u015fvuruyu yaparken verece\u011finiz evraklar g\u00fcncel ve do\u011fru olmal\u0131d\u0131r. Fransa\u2019da konaklayaca\u011f\u0131n\u0131z zaman s\u00fcrede masraflar\u0131n\u0131z\u0131 nas\u0131l kar\u015f\u0131layaca\u011f\u0131n\u0131z\u0131 kan\u0131tlamal\u0131s\u0131n\u0131z. Geliriniz yok ise bir sponsor sunmal\u0131s\u0131n\u0131z. Fransa Konya Vize Ba\u015fvuru Merkezi Taraf\u0131ndan \u0130stenen Belgeler eksiksiz bir \u015fekilde tamamlanmal\u0131d\u0131r.<\/p>\r\n\r\n\r\n\r\n<p>Ba\u015fvuru t\u00fcr\u00fcn\u00fcze g\u00f6re istenen belgeler farkl\u0131l\u0131k g\u00f6stermektedir. Ancak her vize t\u00fcr\u00fcnde istenen evraklar vard\u0131r. Bunlar pasaport, biyometrik bilgiler, banka hesap d\u00f6k\u00fcm\u00fc, seyahat sa\u011fl\u0131k sigortas\u0131, seyahat bilgileri, konaklama bilgileri i\u00e7eren belgelerdir.<\/p>\r\n","protected":false},"excerpt":{"rendered":"<p>Fransa Konya Vize Ba\u015fvuru Merkezi Konya ve \u00e7evresinde ya\u015fayan T\u00fcrkiye Cumhuriyeti vatanda\u015flar\u0131 ve T\u00fcrkiye\u2019de oturma izni olan di\u011fer \u00fclke vatanda\u015flar\u0131 vize ba\u015fvurular\u0131n\u0131 Fransa Konya vize ba\u015fvuru merkezine yapabilirler. Fransa konsoloslu\u011fu do\u011frudan vize ba\u015fvurusu kabul etmemektedir. Vize ba\u015fvurular\u0131n\u0131 yetkilendirilmi\u015f vize ba\u015fvuru merkezleri arac\u0131l\u0131\u011f\u0131 ile kabul etmektedir. Fransa Konya Vize Ba\u015fvuru Merkezi vize ba\u015fvurular\u0131n\u0131 kabul edip Fransa<\/p>\n","protected":false},"author":1,"featured_media":0,"parent":218,"menu_order":0,"comment_status":"open","ping_status":"closed","template":"","meta":{"footnotes":""},"class_list":["post-235","page","type-page","status-publish","hentry"],"yoast_head":"<!-- This site is optimized with the Yoast SEO plugin v24.0 - https:\/\/yoast.com\/wordpress\/plugins\/seo\/ -->\n<title>Fransa Konya Vizesi Ba\u015fvuru \u015eubemiz - MyVize<\/title>\n<meta name=\"description\" content=\"Fransa Vizesi Konya Ba\u015fvuru \u015eubesi. Fransa Konya Vizesi Ba\u015fvuru Merkezi. Fransa Vizesi Almak \u0130\u00e7in Konya \u015eubemize Ba\u015fvurabilirsiniz.\" \/>\n<meta name=\"robots\" content=\"index, follow, max-snippet:-1, max-image-preview:large, max-video-preview:-1\" \/>\n<link rel=\"canonical\" href=\"https:\/\/www.myvize.com.tr\/fransa\/subelerimiz\/konya\/\" \/>\n<meta property=\"og:locale\" content=\"tr_TR\" \/>\n<meta property=\"og:type\" content=\"article\" \/>\n<meta property=\"og:title\" content=\"Fransa Konya Vizesi Ba\u015fvuru \u015eubemiz - MyVize\" \/>\n<meta property=\"og:description\" content=\"Fransa Vizesi Konya Ba\u015fvuru \u015eubesi. Fransa Konya Vizesi Ba\u015fvuru Merkezi. Fransa Vizesi Almak \u0130\u00e7in Konya \u015eubemize Ba\u015fvurabilirsiniz.\" \/>\n<meta property=\"og:url\" content=\"https:\/\/www.myvize.com.tr\/fransa\/subelerimiz\/konya\/\" \/>\n<meta property=\"og:site_name\" content=\"Fransa Vizesi\" \/>\n<meta property=\"article:modified_time\" content=\"2022-04-08T11:14:18+00:00\" \/>\n<meta property=\"og:image\" content=\"https:\/\/www.myvize.com.tr\/fransa\/wp-content\/uploads\/2021\/09\/11-7.jpg\" \/>\n<meta name=\"twitter:card\" content=\"summary_large_image\" \/>\n<meta name=\"twitter:label1\" content=\"Tahmini okuma s\u00fcresi\" \/>\n\t<meta name=\"twitter:data1\" content=\"2 dakika\" \/>\n<script type=\"application\/ld+json\" class=\"yoast-schema-graph\">{\"@context\":\"https:\/\/schema.org\",\"@graph\":[{\"@type\":\"WebPage\",\"@id\":\"https:\/\/www.myvize.com.tr\/fransa\/subelerimiz\/konya\/\",\"url\":\"https:\/\/www.myvize.com.tr\/fransa\/subelerimiz\/konya\/\",\"name\":\"Fransa Konya Vizesi Ba\u015fvuru \u015eubemiz - MyVize\",\"isPartOf\":{\"@id\":\"https:\/\/www.myvize.com.tr\/fransa\/#website\"},\"primaryImageOfPage\":{\"@id\":\"https:\/\/www.myvize.com.tr\/fransa\/subelerimiz\/konya\/#primaryimage\"},\"image\":{\"@id\":\"https:\/\/www.myvize.com.tr\/fransa\/subelerimiz\/konya\/#primaryimage\"},\"thumbnailUrl\":\"https:\/\/www.myvize.com.tr\/fransa\/wp-content\/uploads\/2021\/09\/11-7.jpg\",\"datePublished\":\"2020-12-30T09:50:26+00:00\",\"dateModified\":\"2022-04-08T11:14:18+00:00\",\"description\":\"Fransa Vizesi Konya Ba\u015fvuru \u015eubesi. Fransa Konya Vizesi Ba\u015fvuru Merkezi. Fransa Vizesi Almak \u0130\u00e7in Konya \u015eubemize Ba\u015fvurabilirsiniz.\",\"breadcrumb\":{\"@id\":\"https:\/\/www.myvize.com.tr\/fransa\/subelerimiz\/konya\/#breadcrumb\"},\"inLanguage\":\"tr\",\"potentialAction\":[{\"@type\":\"ReadAction\",\"target\":[\"https:\/\/www.myvize.com.tr\/fransa\/subelerimiz\/konya\/\"]}]},{\"@type\":\"ImageObject\",\"inLanguage\":\"tr\",\"@id\":\"https:\/\/www.myvize.com.tr\/fransa\/subelerimiz\/konya\/#primaryimage\",\"url\":\"https:\/\/www.myvize.com.tr\/fransa\/wp-content\/uploads\/2021\/09\/11-7.jpg\",\"contentUrl\":\"https:\/\/www.myvize.com.tr\/fransa\/wp-content\/uploads\/2021\/09\/11-7.jpg\",\"width\":800,\"height\":500,\"caption\":\"Fransa \u015eubelerimiz Konya\"},{\"@type\":\"BreadcrumbList\",\"@id\":\"https:\/\/www.myvize.com.tr\/fransa\/subelerimiz\/konya\/#breadcrumb\",\"itemListElement\":[{\"@type\":\"ListItem\",\"position\":1,\"name\":\"Anasayfa\",\"item\":\"https:\/\/www.myvize.com.tr\/fransa\/\"},{\"@type\":\"ListItem\",\"position\":2,\"name\":\"\u015eUBELER\u0130M\u0130Z\",\"item\":\"https:\/\/www.myvize.com.tr\/fransa\/subelerimiz\/\"},{\"@type\":\"ListItem\",\"position\":3,\"name\":\"Konya\"}]},{\"@type\":\"WebSite\",\"@id\":\"https:\/\/www.myvize.com.tr\/fransa\/#website\",\"url\":\"https:\/\/www.myvize.com.tr\/fransa\/\",\"name\":\"Fransa Vizesi\",\"description\":\"\",\"potentialAction\":[{\"@type\":\"SearchAction\",\"target\":{\"@type\":\"EntryPoint\",\"urlTemplate\":\"https:\/\/www.myvize.com.tr\/fransa\/?s={search_term_string}\"},\"query-input\":{\"@type\":\"PropertyValueSpecification\",\"valueRequired\":true,\"valueName\":\"search_term_string\"}}],\"inLanguage\":\"tr\"}]}<\/script>\n<!-- \/ Yoast SEO plugin. -->","yoast_head_json":{"title":"Fransa Konya Vizesi Ba\u015fvuru \u015eubemiz - MyVize","description":"Fransa Vizesi Konya Ba\u015fvuru \u015eubesi. Fransa Konya Vizesi Ba\u015fvuru Merkezi. Fransa Vizesi Almak \u0130\u00e7in Konya \u015eubemize Ba\u015fvurabilirsiniz.","robots":{"index":"index","follow":"follow","max-snippet":"max-snippet:-1","max-image-preview":"max-image-preview:large","max-video-preview":"max-video-preview:-1"},"canonical":"https:\/\/www.myvize.com.tr\/fransa\/subelerimiz\/konya\/","og_locale":"tr_TR","og_type":"article","og_title":"Fransa Konya Vizesi Ba\u015fvuru \u015eubemiz - MyVize","og_description":"Fransa Vizesi Konya Ba\u015fvuru \u015eubesi. Fransa Konya Vizesi Ba\u015fvuru Merkezi. Fransa Vizesi Almak \u0130\u00e7in Konya \u015eubemize Ba\u015fvurabilirsiniz.","og_url":"https:\/\/www.myvize.com.tr\/fransa\/subelerimiz\/konya\/","og_site_name":"Fransa Vizesi","article_modified_time":"2022-04-08T11:14:18+00:00","og_image":[{"url":"https:\/\/www.myvize.com.tr\/fransa\/wp-content\/uploads\/2021\/09\/11-7.jpg","type":"","width":"","height":""}],"twitter_card":"summary_large_image","twitter_misc":{"Tahmini okuma s\u00fcresi":"2 dakika"},"schema":{"@context":"https:\/\/schema.org","@graph":[{"@type":"WebPage","@id":"https:\/\/www.myvize.com.tr\/fransa\/subelerimiz\/konya\/","url":"https:\/\/www.myvize.com.tr\/fransa\/subelerimiz\/konya\/","name":"Fransa Konya Vizesi Ba\u015fvuru \u015eubemiz - MyVize","isPartOf":{"@id":"https:\/\/www.myvize.com.tr\/fransa\/#website"},"primaryImageOfPage":{"@id":"https:\/\/www.myvize.com.tr\/fransa\/subelerimiz\/konya\/#primaryimage"},"image":{"@id":"https:\/\/www.myvize.com.tr\/fransa\/subelerimiz\/konya\/#primaryimage"},"thumbnailUrl":"https:\/\/www.myvize.com.tr\/fransa\/wp-content\/uploads\/2021\/09\/11-7.jpg","datePublished":"2020-12-30T09:50:26+00:00","dateModified":"2022-04-08T11:14:18+00:00","description":"Fransa Vizesi Konya Ba\u015fvuru \u015eubesi. Fransa Konya Vizesi Ba\u015fvuru Merkezi. Fransa Vizesi Almak \u0130\u00e7in Konya \u015eubemize Ba\u015fvurabilirsiniz.","breadcrumb":{"@id":"https:\/\/www.myvize.com.tr\/fransa\/subelerimiz\/konya\/#breadcrumb"},"inLanguage":"tr","potentialAction":[{"@type":"ReadAction","target":["https:\/\/www.myvize.com.tr\/fransa\/subelerimiz\/konya\/"]}]},{"@type":"ImageObject","inLanguage":"tr","@id":"https:\/\/www.myvize.com.tr\/fransa\/subelerimiz\/konya\/#primaryimage","url":"https:\/\/www.myvize.com.tr\/fransa\/wp-content\/uploads\/2021\/09\/11-7.jpg","contentUrl":"https:\/\/www.myvize.com.tr\/fransa\/wp-content\/uploads\/2021\/09\/11-7.jpg","width":800,"height":500,"caption":"Fransa \u015eubelerimiz Konya"},{"@type":"BreadcrumbList","@id":"https:\/\/www.myvize.com.tr\/fransa\/subelerimiz\/konya\/#breadcrumb","itemListElement":[{"@type":"ListItem","position":1,"name":"Anasayfa","item":"https:\/\/www.myvize.com.tr\/fransa\/"},{"@type":"ListItem","position":2,"name":"\u015eUBELER\u0130M\u0130Z","item":"https:\/\/www.myvize.com.tr\/fransa\/subelerimiz\/"},{"@type":"ListItem","position":3,"name":"Konya"}]},{"@type":"WebSite","@id":"https:\/\/www.myvize.com.tr\/fransa\/#website","url":"https:\/\/www.myvize.com.tr\/fransa\/","name":"Fransa Vizesi","description":"","potentialAction":[{"@type":"SearchAction","target":{"@type":"EntryPoint","urlTemplate":"https:\/\/www.myvize.com.tr\/fransa\/?s={search_term_string}"},"query-input":{"@type":"PropertyValueSpecification","valueRequired":true,"valueName":"search_term_string"}}],"inLanguage":"tr"}]}},"_links":{"self":[{"href":"https:\/\/www.myvize.com.tr\/fransa\/wp-json\/wp\/v2\/pages\/235","targetHints":{"allow":["GET"]}}],"collection":[{"href":"https:\/\/www.myvize.com.tr\/fransa\/wp-json\/wp\/v2\/pages"}],"about":[{"href":"https:\/\/www.myvize.com.tr\/fransa\/wp-json\/wp\/v2\/types\/page"}],"author":[{"embeddable":true,"href":"https:\/\/www.myvize.com.tr\/fransa\/wp-json\/wp\/v2\/users\/1"}],"replies":[{"embeddable":true,"href":"https:\/\/www.myvize.com.tr\/fransa\/wp-json\/wp\/v2\/comments?post=235"}],"version-history":[{"count":5,"href":"https:\/\/www.myvize.com.tr\/fransa\/wp-json\/wp\/v2\/pages\/235\/revisions"}],"predecessor-version":[{"id":1378,"href":"https:\/\/www.myvize.com.tr\/fransa\/wp-json\/wp\/v2\/pages\/235\/revisions\/1378"}],"up":[{"embeddable":true,"href":"https:\/\/www.myvize.com.tr\/fransa\/wp-json\/wp\/v2\/pages\/218"}],"wp:attachment":[{"href":"https:\/\/www.myvize.com.tr\/fransa\/wp-json\/wp\/v2\/media?parent=235"}],"curies":[{"name":"wp","href":"https:\/\/api.w.org\/{rel}","templated":true}]}}