{"id":249,"date":"2020-12-30T12:52:20","date_gmt":"2020-12-30T09:52:20","guid":{"rendered":"https:\/\/www.myvize.com.tr\/fransa\/?page_id=249"},"modified":"2022-10-10T13:56:22","modified_gmt":"2022-10-10T10:56:22","slug":"istanbul","status":"publish","type":"page","link":"https:\/\/www.myvize.com.tr\/fransa\/subelerimiz\/istanbul\/","title":{"rendered":"\u0130stanbul"},"content":{"rendered":"<p><span style=\"font-family: Roboto;\"><\/span><\/p>\r\n<h2 class=\"wp-block-heading\"><strong><span style=\"font-family: Roboto; font-size: 27px;\">Fransa \u0130stanbul Vize Ba\u015fvuru Merkezi<\/span><\/strong><\/h2>\r\n<p><span style=\"font-family: Roboto; font-size: 14px;\">\r\n\r\n<\/span><\/p>\r\n<p><span style=\"font-family: Roboto; font-size: 14px;\"><span style=\"color: #2acec2;\"><strong><a style=\"color: #2acec2;\" href=\"https:\/\/www.myvize.com.tr\/fransa\/vize-islemleri\/fransa-vizesi\/\" target=\"_blank\" rel=\"noopener\">Fransa vizesi<\/a><\/strong><\/span> ba\u015fvurular\u0131 Fransa Konsoloslu\u011fu taraf\u0131ndan yetkilendirilmi\u015f vize ba\u015fvuru merkezleri arac\u0131l\u0131\u011f\u0131 ile yap\u0131lmaktad\u0131r. <strong>\u0130stanbul<\/strong> ve \u00e7evresinde ya\u015fayan T\u00fcrkiye Cumhuriyeti vatanda\u015flar\u0131 ve T\u00fcrkiye Cumhuriyeti\u2019nde oturma izni olan \u00fc\u00e7\u00fcnc\u00fc \u00fclke vatanda\u015flar\u0131 vize ba\u015fvurular\u0131n\u0131 Fransa \u0130stanbul Vize Ba\u015fvuru Merkezi\u2019nde yapabilir. Vize ba\u015fvurular\u0131 <strong>Fransa \u0130stanbul Vize Ba\u015fvuru<\/strong> Merkezi arac\u0131l\u0131\u011f\u0131 ile Fransa Konsoloslu\u011funa veya Fransa Ankara B\u00fcy\u00fckel\u00e7ili\u011fi\u2019ne iletilir.<\/span><\/p>\r\n<p><span style=\"font-family: Roboto; font-size: 14px;\">\r\n\r\n<\/span><\/p>\r\n<h2 class=\"wp-block-heading\"><strong><span style=\"font-family: Roboto; font-size: 27px;\">Fransa \u0130stanbul Vize Ba\u015fvuru Merkezi Vize Ba\u015fvurusu Nas\u0131l Yap\u0131l\u0131r<\/span><\/strong><\/h2>\r\n<p><span style=\"font-family: Roboto; font-size: 14px;\">\r\n\r\n<\/span><\/p>\r\n<p><span style=\"font-family: Roboto; font-size: 14px;\">Schengen \u00fclkesi Fransa\u2019dan vize al\u0131rsan\u0131z b\u00fct\u00fcn Schengen \u00fclkelerine ziyarette bulunabilirsiniz. \u0130stanbul ve \u00e7evresinde ikamet ediyorsan\u0131z<strong> Fransa \u0130stanbul Vize Ba\u015fvuru<\/strong> Merkezi ile <span style=\"color: #2acec2;\"><strong><a style=\"color: #2acec2;\" href=\"https:\/\/www.myvize.com.tr\/fransa\/vize-islemleri\/fransa-vize-basvurusu\/\" target=\"_blank\" rel=\"noopener\">Fransa vize ba\u015fvurusu<\/a><\/strong><\/span> yapabilirsiniz. Fransa \u0130stanbul Vize Ba\u015fvuru Merkezi arac\u0131l\u0131\u011f\u0131 ile yapaca\u011f\u0131n\u0131z vize ba\u015fvurular\u0131n\u0131 de\u011ferlendirme yetkisi Fransa Konsoloslu\u011funa aittir.<\/span><\/p>\r\n<p><span style=\"font-family: Roboto; font-size: 14px;\">\r\n\r\n<\/span><\/p>\r\n<p><span style=\"font-family: Roboto; font-size: 14px;\">Fransa vize ba\u015fvurusunda bulunmak i\u00e7i \u00f6ncelikle seyahat amac\u0131n\u0131za g\u00f6re online vize ba\u015fvuru formunu doldurman\u0131z gerekmektedir. Ard\u0131ndan biyometrik veri randevusu almal\u0131s\u0131n\u0131z. Daha sonra ise bizzat Fransa \u0130stanbul Vize Ba\u015fvuru Merkezine giderek vize ba\u015fvurunuzu ba\u015flatmal\u0131s\u0131n\u0131z. Ba\u015fvuruyu yaparken verece\u011finiz evraklar g\u00fcncel ve do\u011fru olmal\u0131d\u0131r.<\/span><\/p>\r\n<p><span style=\"font-family: Roboto; font-size: 14px;\">\r\n\r\n<\/span><\/p>\r\n<h2 class=\"wp-block-heading\"><strong><span style=\"font-family: Roboto; font-size: 27px;\">Fransa \u0130stanbul Vize Ba\u015fvuru Merkezi Taraf\u0131ndan \u0130stenen Belgeler<\/span><\/strong><\/h2>\r\n<p><span style=\"font-family: Roboto; font-size: 14px;\">\r\n\r\n<\/span><\/p>\r\n<ul class=\"wp-block-list\">\r\n<li><span style=\"font-family: Roboto; font-size: 14px;\">10 y\u0131l i\u00e7erisinde al\u0131nm\u0131\u015f ve en az 6 ay ge\u00e7erlili\u011fi olan pasaport, en az iki sayfas\u0131n\u0131n bo\u015f olmas\u0131 gerekmektedir.<\/span><\/li>\r\n<li><span style=\"font-family: Roboto; font-size: 14px;\">Seyahat bilgilerinizin oldu\u011fu belgeler; U\u00e7ak bileti, otob\u00fcs bileti gibi belgeler.<\/span><\/li>\r\n<li><span style=\"font-family: Roboto; font-size: 14px;\">Seyahatiniz s\u00fcrecinde nerede konaklayaca\u011f\u0131n\u0131z\u0131 kan\u0131tlayan belgeler.<\/span><\/li>\r\n<li><span style=\"font-family: Roboto; font-size: 14px;\">Online vize ba\u015fvuru formunun \u00e7\u0131kt\u0131s\u0131<\/span><\/li>\r\n<li><span style=\"font-family: Roboto; font-size: 14px;\">Gelir durumunuzu g\u00f6steren belgeler<\/span><\/li>\r\n<li><span style=\"font-family: Roboto; font-size: 14px;\">Banka hesap d\u00f6k\u00fcm\u00fc<\/span><\/li>\r\n<li><span style=\"font-family: Roboto; font-size: 14px;\">Kimlik Fotokopisi<\/span><\/li>\r\n<li><span style=\"font-family: Roboto; font-size: 14px;\">Seyahat sonunda \u00fclkenize d\u00f6nece\u011finizi kan\u0131tlayan rezervasyon bilgileri<\/span><\/li>\r\n<li><span style=\"font-family: Roboto; font-size: 14px;\">Seyahat amac\u0131n\u0131za uygun di\u011fer belgeler<\/span><\/li>\r\n<li><span style=\"font-family: Roboto; font-size: 14px;\">Vize harc\u0131n\u0131 yat\u0131rd\u0131\u011f\u0131n\u0131z\u0131 g\u00f6steren dekont<\/span><\/li>\r\n<li><span style=\"font-family: Roboto; font-size: 14px;\">Seyahat Sa\u011fl\u0131k Sigortas\u0131<\/span><\/li>\r\n<\/ul>\r\n<p><span style=\"font-family: Roboto; font-size: 14px;\"> <img decoding=\"async\" src=\"https:\/\/www.myvize.com.tr\/fransa\/wp-content\/uploads\/2021\/09\/11-1.jpg&quot;&quot;\" \/> <\/span><\/p>\r\n<p><span style=\"font-family: Roboto; font-size: 14px;\"><strong>Fransa \u0130stanbul Vize<\/strong> Ba\u015fvuru Merkezi bu belgeleri al\u0131r ve sizin ad\u0131n\u0131za Fransa Konsolosluklar\u0131na veya B\u00fcy\u00fckel\u00e7ili\u011fe g\u00f6nderir. Vize ba\u015fvuru merkezinin bu ba\u015fvurular\u0131 de\u011ferlendirme yetkisi yoktur. Fransa \u0130stanbul Vize Ba\u015fvuru Merkezi belgelerinizi kabul etmekle y\u00fck\u00fcml\u00fcd\u00fcr. Karar verme yetkisi Fransa Ankara B\u00fcy\u00fckel\u00e7ili\u011fine ve Fransa Konsolosluklar\u0131na aittir. Vize ba\u015fvurunuz 10-15 i\u015f g\u00fcn\u00fc i\u00e7erisinde sonu\u00e7lanmaktad\u0131r. Ayr\u0131ca Fransa konsoloslu\u011fu ek belge talep etme ve m\u00fclakata \u00e7a\u011f\u0131rma yetkisine sahiptir.<\/span><\/p>\r\n<p><span style=\"font-family: Roboto; font-size: 14px;\">\r\n\r\n<\/span><\/p>\r\n<p><span style=\"font-family: Roboto; font-size: 14px;\">Vize ba\u015fvurunuz olumsuz sonu\u00e7lan\u0131rsa konsolosluk ba\u015fvuru sahibine bunun nedenlerini a\u00e7\u0131klayan yaz\u0131l\u0131 bir mektup g\u00f6ndermektedir. Ret durumunda vize ba\u015fvuru \u00fccretleri geri iade edilmez. Ancak ret cevab\u0131na itiraz hakk\u0131n\u0131z bulunmaktad\u0131r.<\/span><\/p>\r\n<h2><strong><span style=\"font-family: Roboto; font-size: 27px;\">\u0130stanbul Fransa Vize Ba\u015fvuru Merkezi<\/span><\/strong><\/h2>\r\n<p><span style=\"font-family: Roboto; font-size: 14px;\">Avrupa Birli\u011fi \u00fclkeleri taraf\u0131ndan karar verilmi\u015f olan vize standartlar\u0131 Fransa i\u00e7in de ayn\u0131 ge\u00e7erlili\u011fe sahiptir.\u00a0 <strong>Fransa vize<\/strong> ba\u015fvurular\u0131n\u0131z i\u00e7in \u00a0k\u0131sa s\u00fcreli ba\u015fvurularda \u00a0<strong>Schengen Vize<\/strong> protokol\u00fcne ba\u011fl\u0131 olarak yap\u0131l\u0131yor. C Tipi Schengen olarak biliniyor olan \u00a0ve 90 g\u00fcne kadar olan seyahatlerinizi kapsayan vize i\u015flemleriniz konusunda, vize dan\u0131\u015fmanl\u0131k hizmeti veriyor oldu\u011fumuz \u015firketimiz ile ileti\u015fime ge\u00e7ebilirsiniz ya da<strong> Fransa Vize<\/strong> \u0130\u015flemleriniz i\u00e7in\u00a0 uzmanlar\u0131m\u0131zca haz\u0131rlanm\u0131\u015f olan sayfam\u0131zda vize ba\u015fvurunuz ad\u0131na t\u00fcm bilgilerin bulundu\u011fu sayfaya ula\u015fabilirsiniz.<\/span><\/p>\r\n<h3><strong><span style=\"font-family: Roboto; font-size: 24px;\">Fransa \u0130stanbul Ba\u015fkonsoloslu\u011fu G\u00f6rev B\u00f6lgesi Nedir?<\/span><\/strong><\/h3>\r\n<p><span style=\"font-family: Roboto; font-size: 14px;\">T\u00fcrkiye\u2019de bulunan 2 temsilcilik vard\u0131r. Bunlardan biri olan <strong>Fransa \u0130stanbul Ba\u015fkonsoloslu\u011fu<\/strong>, \u0130stanbul Avrupa yakas\u0131ndaki Beyo\u011flu semtindedir. Tekirda\u011f, Bal\u0131kesir, \u00c7anakkale, Bursa, Edirne, Kocaeli, \u0130stanbul, K\u0131rklareli, Yalova illerinde ya\u015fayan T\u00fcrkiye Cumhuriyeti vatanda\u015f\u0131ysan\u0131z ya da\u00a0 yabanc\u0131 uyruklu di\u011fer \u00fclke vatanda\u015f\u0131ysan\u0131z, Fransa konsolosluk i\u015flemleriniz i\u00e7in Fransa \u0130stanbul Ba\u015fkonsoloslu\u011fu&#8217;na ba\u015fvuru yapman\u0131z gerekiyor.<\/span><\/p>\r\n<h3><strong><span style=\"font-family: Roboto; font-size: 24px;\">\u0130stanbul Fransa Konsoloslu\u011fu \u00c7al\u0131\u015fma Saatleri Nedir?<\/span><\/strong><\/h3>\r\n<p><span style=\"font-family: Roboto; font-size: 14px;\">Hafta i\u00e7i: 08.30-10.00<\/span><br \/><span style=\"font-family: Roboto; font-size: 14px;\">Cumartesi: 10.00-14.00<\/span><\/p>\r\n<h3><strong><span style=\"font-family: Roboto; font-size: 24px;\">Fransa Konsoloslu\u011fu Vize Ba\u015fvurusu Nas\u0131l Yap\u0131l\u0131r?<\/span><\/strong><\/h3>\r\n<p><span style=\"font-family: Roboto; font-size: 14px;\"><span style=\"color: #2acec2;\"><strong><a style=\"color: #2acec2;\" href=\"https:\/\/www.myvize.com.tr\/fransa\/fransa-schengen-vizesi\/\" target=\"_blank\" rel=\"noopener\">Fransa Schengen Vizesi<\/a><\/strong><\/span> ile yapaca\u011f\u0131n\u0131z ve 180 g\u00fcn i\u00e7inde kullanacak oldu\u011funuz en fazla 90 g\u00fcn i\u00e7indeki seyahatleriniz i\u00e7in\u00a0 Bordo Pasaport sahibiyseniz <strong>Fransa vize<\/strong> i\u015flemlerine tabii tutuluyorsunuz . Ba\u015fka pasaport sahibiyseniz zaman aral\u0131klar\u0131n\u0131za ba\u011fl\u0131 olarak\u00a0\u00a0seyahatinizi ger\u00e7ekle\u015ftirecekseniz vize alman\u0131za gerek olmuyor.<\/span><\/p>\r\n<p><span style=\"font-family: Roboto; font-size: 14px;\"><strong>Fransa Konsoloslu\u011fu<\/strong> ve Fransa B\u00fcy\u00fckel\u00e7ili\u011fine yapaca\u011f\u0131n\u0131z vize ba\u015fvurular\u0131n\u0131z\u0131 arac\u0131 kurumlarla yapsan\u0131z bile, ba\u015fvurular\u0131n de\u011ferlendirilmesi\u00a0ve onaylanmas\u0131\u00a0yetkisi sadece <strong>Fransa Konsoloslu\u011fu<\/strong> ve Fransa B\u00fcy\u00fckel\u00e7ili\u011fine aittir.<\/span><\/p>\r\n<p><span style=\"font-family: Roboto;\"><\/span><\/p>","protected":false},"excerpt":{"rendered":"<p>Fransa \u0130stanbul Vize Ba\u015fvuru Merkezi Fransa vizesi ba\u015fvurular\u0131 Fransa Konsoloslu\u011fu taraf\u0131ndan yetkilendirilmi\u015f vize ba\u015fvuru merkezleri arac\u0131l\u0131\u011f\u0131 ile yap\u0131lmaktad\u0131r. \u0130stanbul ve \u00e7evresinde ya\u015fayan T\u00fcrkiye Cumhuriyeti vatanda\u015flar\u0131 ve T\u00fcrkiye Cumhuriyeti\u2019nde oturma izni olan \u00fc\u00e7\u00fcnc\u00fc \u00fclke vatanda\u015flar\u0131 vize ba\u015fvurular\u0131n\u0131 Fransa \u0130stanbul Vize Ba\u015fvuru Merkezi\u2019nde yapabilir. Vize ba\u015fvurular\u0131 Fransa \u0130stanbul Vize Ba\u015fvuru Merkezi arac\u0131l\u0131\u011f\u0131 ile Fransa Konsoloslu\u011funa veya Fransa<\/p>\n","protected":false},"author":1,"featured_media":0,"parent":218,"menu_order":0,"comment_status":"open","ping_status":"closed","template":"","meta":{"footnotes":""},"class_list":["post-249","page","type-page","status-publish","hentry"],"yoast_head":"<!-- This site is optimized with the Yoast SEO plugin v24.0 - https:\/\/yoast.com\/wordpress\/plugins\/seo\/ -->\n<title>Fransa \u0130stanbul Vizesi Ba\u015fvuru \u015eubemiz - MyVize<\/title>\n<meta name=\"description\" content=\"Fransa Vize \u0130stanbul Ba\u015fvuru Merkezi. Fransa Vizesi Nas\u0131l Al\u0131n\u0131r? Fransa Vize Ba\u015fvurusu Nas\u0131l Yap\u0131l\u0131r? Fransa Vize Ba\u015fvurusu \u015eartlar\u0131 Neler?\" \/>\n<meta name=\"robots\" content=\"index, follow, max-snippet:-1, max-image-preview:large, max-video-preview:-1\" \/>\n<link rel=\"canonical\" href=\"https:\/\/www.myvize.com.tr\/fransa\/subelerimiz\/istanbul\/\" \/>\n<meta property=\"og:locale\" content=\"tr_TR\" \/>\n<meta property=\"og:type\" content=\"article\" \/>\n<meta property=\"og:title\" content=\"Fransa \u0130stanbul Vizesi Ba\u015fvuru \u015eubemiz - MyVize\" \/>\n<meta property=\"og:description\" content=\"Fransa Vize \u0130stanbul Ba\u015fvuru Merkezi. Fransa Vizesi Nas\u0131l Al\u0131n\u0131r? Fransa Vize Ba\u015fvurusu Nas\u0131l Yap\u0131l\u0131r? Fransa Vize Ba\u015fvurusu \u015eartlar\u0131 Neler?\" \/>\n<meta property=\"og:url\" content=\"https:\/\/www.myvize.com.tr\/fransa\/subelerimiz\/istanbul\/\" \/>\n<meta property=\"og:site_name\" content=\"Fransa Vizesi\" \/>\n<meta property=\"article:modified_time\" content=\"2022-10-10T10:56:22+00:00\" \/>\n<meta property=\"og:image\" content=\"https:\/\/www.myvize.com.tr\/fransa\/wp-content\/uploads\/2021\/09\/11-1.jpg&quot;&quot;\" \/>\n<meta name=\"twitter:card\" content=\"summary_large_image\" \/>\n<meta name=\"twitter:label1\" content=\"Tahmini okuma s\u00fcresi\" \/>\n\t<meta name=\"twitter:data1\" content=\"3 dakika\" \/>\n<script type=\"application\/ld+json\" class=\"yoast-schema-graph\">{\"@context\":\"https:\/\/schema.org\",\"@graph\":[{\"@type\":\"WebPage\",\"@id\":\"https:\/\/www.myvize.com.tr\/fransa\/subelerimiz\/istanbul\/\",\"url\":\"https:\/\/www.myvize.com.tr\/fransa\/subelerimiz\/istanbul\/\",\"name\":\"Fransa \u0130stanbul Vizesi Ba\u015fvuru \u015eubemiz - MyVize\",\"isPartOf\":{\"@id\":\"https:\/\/www.myvize.com.tr\/fransa\/#website\"},\"primaryImageOfPage\":{\"@id\":\"https:\/\/www.myvize.com.tr\/fransa\/subelerimiz\/istanbul\/#primaryimage\"},\"image\":{\"@id\":\"https:\/\/www.myvize.com.tr\/fransa\/subelerimiz\/istanbul\/#primaryimage\"},\"thumbnailUrl\":\"https:\/\/www.myvize.com.tr\/fransa\/wp-content\/uploads\/2021\/09\/11-1.jpg&quot;&quot;\",\"datePublished\":\"2020-12-30T09:52:20+00:00\",\"dateModified\":\"2022-10-10T10:56:22+00:00\",\"description\":\"Fransa Vize \u0130stanbul Ba\u015fvuru Merkezi. Fransa Vizesi Nas\u0131l Al\u0131n\u0131r? Fransa Vize Ba\u015fvurusu Nas\u0131l Yap\u0131l\u0131r? Fransa Vize Ba\u015fvurusu \u015eartlar\u0131 Neler?\",\"breadcrumb\":{\"@id\":\"https:\/\/www.myvize.com.tr\/fransa\/subelerimiz\/istanbul\/#breadcrumb\"},\"inLanguage\":\"tr\",\"potentialAction\":[{\"@type\":\"ReadAction\",\"target\":[\"https:\/\/www.myvize.com.tr\/fransa\/subelerimiz\/istanbul\/\"]}]},{\"@type\":\"ImageObject\",\"inLanguage\":\"tr\",\"@id\":\"https:\/\/www.myvize.com.tr\/fransa\/subelerimiz\/istanbul\/#primaryimage\",\"url\":\"https:\/\/www.myvize.com.tr\/fransa\/wp-content\/uploads\/2021\/09\/11-1.jpg&quot;&quot;\",\"contentUrl\":\"https:\/\/www.myvize.com.tr\/fransa\/wp-content\/uploads\/2021\/09\/11-1.jpg&quot;&quot;\"},{\"@type\":\"BreadcrumbList\",\"@id\":\"https:\/\/www.myvize.com.tr\/fransa\/subelerimiz\/istanbul\/#breadcrumb\",\"itemListElement\":[{\"@type\":\"ListItem\",\"position\":1,\"name\":\"Anasayfa\",\"item\":\"https:\/\/www.myvize.com.tr\/fransa\/\"},{\"@type\":\"ListItem\",\"position\":2,\"name\":\"\u015eUBELER\u0130M\u0130Z\",\"item\":\"https:\/\/www.myvize.com.tr\/fransa\/subelerimiz\/\"},{\"@type\":\"ListItem\",\"position\":3,\"name\":\"\u0130stanbul\"}]},{\"@type\":\"WebSite\",\"@id\":\"https:\/\/www.myvize.com.tr\/fransa\/#website\",\"url\":\"https:\/\/www.myvize.com.tr\/fransa\/\",\"name\":\"Fransa Vizesi\",\"description\":\"\",\"potentialAction\":[{\"@type\":\"SearchAction\",\"target\":{\"@type\":\"EntryPoint\",\"urlTemplate\":\"https:\/\/www.myvize.com.tr\/fransa\/?s={search_term_string}\"},\"query-input\":{\"@type\":\"PropertyValueSpecification\",\"valueRequired\":true,\"valueName\":\"search_term_string\"}}],\"inLanguage\":\"tr\"}]}<\/script>\n<!-- \/ Yoast SEO plugin. -->","yoast_head_json":{"title":"Fransa \u0130stanbul Vizesi Ba\u015fvuru \u015eubemiz - MyVize","description":"Fransa Vize \u0130stanbul Ba\u015fvuru Merkezi. Fransa Vizesi Nas\u0131l Al\u0131n\u0131r? Fransa Vize Ba\u015fvurusu Nas\u0131l Yap\u0131l\u0131r? Fransa Vize Ba\u015fvurusu \u015eartlar\u0131 Neler?","robots":{"index":"index","follow":"follow","max-snippet":"max-snippet:-1","max-image-preview":"max-image-preview:large","max-video-preview":"max-video-preview:-1"},"canonical":"https:\/\/www.myvize.com.tr\/fransa\/subelerimiz\/istanbul\/","og_locale":"tr_TR","og_type":"article","og_title":"Fransa \u0130stanbul Vizesi Ba\u015fvuru \u015eubemiz - MyVize","og_description":"Fransa Vize \u0130stanbul Ba\u015fvuru Merkezi. Fransa Vizesi Nas\u0131l Al\u0131n\u0131r? Fransa Vize Ba\u015fvurusu Nas\u0131l Yap\u0131l\u0131r? Fransa Vize Ba\u015fvurusu \u015eartlar\u0131 Neler?","og_url":"https:\/\/www.myvize.com.tr\/fransa\/subelerimiz\/istanbul\/","og_site_name":"Fransa Vizesi","article_modified_time":"2022-10-10T10:56:22+00:00","og_image":[{"url":"https:\/\/www.myvize.com.tr\/fransa\/wp-content\/uploads\/2021\/09\/11-1.jpg&quot;&quot;","type":"","width":"","height":""}],"twitter_card":"summary_large_image","twitter_misc":{"Tahmini okuma s\u00fcresi":"3 dakika"},"schema":{"@context":"https:\/\/schema.org","@graph":[{"@type":"WebPage","@id":"https:\/\/www.myvize.com.tr\/fransa\/subelerimiz\/istanbul\/","url":"https:\/\/www.myvize.com.tr\/fransa\/subelerimiz\/istanbul\/","name":"Fransa \u0130stanbul Vizesi Ba\u015fvuru \u015eubemiz - MyVize","isPartOf":{"@id":"https:\/\/www.myvize.com.tr\/fransa\/#website"},"primaryImageOfPage":{"@id":"https:\/\/www.myvize.com.tr\/fransa\/subelerimiz\/istanbul\/#primaryimage"},"image":{"@id":"https:\/\/www.myvize.com.tr\/fransa\/subelerimiz\/istanbul\/#primaryimage"},"thumbnailUrl":"https:\/\/www.myvize.com.tr\/fransa\/wp-content\/uploads\/2021\/09\/11-1.jpg&quot;&quot;","datePublished":"2020-12-30T09:52:20+00:00","dateModified":"2022-10-10T10:56:22+00:00","description":"Fransa Vize \u0130stanbul Ba\u015fvuru Merkezi. Fransa Vizesi Nas\u0131l Al\u0131n\u0131r? Fransa Vize Ba\u015fvurusu Nas\u0131l Yap\u0131l\u0131r? Fransa Vize Ba\u015fvurusu \u015eartlar\u0131 Neler?","breadcrumb":{"@id":"https:\/\/www.myvize.com.tr\/fransa\/subelerimiz\/istanbul\/#breadcrumb"},"inLanguage":"tr","potentialAction":[{"@type":"ReadAction","target":["https:\/\/www.myvize.com.tr\/fransa\/subelerimiz\/istanbul\/"]}]},{"@type":"ImageObject","inLanguage":"tr","@id":"https:\/\/www.myvize.com.tr\/fransa\/subelerimiz\/istanbul\/#primaryimage","url":"https:\/\/www.myvize.com.tr\/fransa\/wp-content\/uploads\/2021\/09\/11-1.jpg&quot;&quot;","contentUrl":"https:\/\/www.myvize.com.tr\/fransa\/wp-content\/uploads\/2021\/09\/11-1.jpg&quot;&quot;"},{"@type":"BreadcrumbList","@id":"https:\/\/www.myvize.com.tr\/fransa\/subelerimiz\/istanbul\/#breadcrumb","itemListElement":[{"@type":"ListItem","position":1,"name":"Anasayfa","item":"https:\/\/www.myvize.com.tr\/fransa\/"},{"@type":"ListItem","position":2,"name":"\u015eUBELER\u0130M\u0130Z","item":"https:\/\/www.myvize.com.tr\/fransa\/subelerimiz\/"},{"@type":"ListItem","position":3,"name":"\u0130stanbul"}]},{"@type":"WebSite","@id":"https:\/\/www.myvize.com.tr\/fransa\/#website","url":"https:\/\/www.myvize.com.tr\/fransa\/","name":"Fransa Vizesi","description":"","potentialAction":[{"@type":"SearchAction","target":{"@type":"EntryPoint","urlTemplate":"https:\/\/www.myvize.com.tr\/fransa\/?s={search_term_string}"},"query-input":{"@type":"PropertyValueSpecification","valueRequired":true,"valueName":"search_term_string"}}],"inLanguage":"tr"}]}},"_links":{"self":[{"href":"https:\/\/www.myvize.com.tr\/fransa\/wp-json\/wp\/v2\/pages\/249","targetHints":{"allow":["GET"]}}],"collection":[{"href":"https:\/\/www.myvize.com.tr\/fransa\/wp-json\/wp\/v2\/pages"}],"about":[{"href":"https:\/\/www.myvize.com.tr\/fransa\/wp-json\/wp\/v2\/types\/page"}],"author":[{"embeddable":true,"href":"https:\/\/www.myvize.com.tr\/fransa\/wp-json\/wp\/v2\/users\/1"}],"replies":[{"embeddable":true,"href":"https:\/\/www.myvize.com.tr\/fransa\/wp-json\/wp\/v2\/comments?post=249"}],"version-history":[{"count":6,"href":"https:\/\/www.myvize.com.tr\/fransa\/wp-json\/wp\/v2\/pages\/249\/revisions"}],"predecessor-version":[{"id":1459,"href":"https:\/\/www.myvize.com.tr\/fransa\/wp-json\/wp\/v2\/pages\/249\/revisions\/1459"}],"up":[{"embeddable":true,"href":"https:\/\/www.myvize.com.tr\/fransa\/wp-json\/wp\/v2\/pages\/218"}],"wp:attachment":[{"href":"https:\/\/www.myvize.com.tr\/fransa\/wp-json\/wp\/v2\/media?parent=249"}],"curies":[{"name":"wp","href":"https:\/\/api.w.org\/{rel}","templated":true}]}}