{"id":357,"date":"2021-06-28T21:48:05","date_gmt":"2021-06-28T18:48:05","guid":{"rendered":"https:\/\/www.myvize.com.tr\/fransa\/?page_id=357"},"modified":"2022-10-04T12:44:23","modified_gmt":"2022-10-04T09:44:23","slug":"fransa-schengen-vizesi","status":"publish","type":"page","link":"https:\/\/www.myvize.com.tr\/fransa\/vize-islemleri\/fransa-schengen-vizesi\/","title":{"rendered":"Fransa Schengen Vizesi"},"content":{"rendered":"<p><span style=\"font-family: Roboto;\"><\/span><\/p>\r\n<p style=\"font-size: 14px;\"><span style=\"font-family: Roboto; font-size: 14px;\"><strong>Fransa Schengen vizesi <\/strong>ba\u015fvurusunda bulunmak asl\u0131nda \u00e7ok kolayd\u0131r. Kolay olmas\u0131n\u0131n nedeni ise bu \u00fclkenin Schengen b\u00f6lgesine ait olan bir \u00fclke olmas\u0131d\u0131r. B\u00f6ylece sadece protokollere uyarak ve kurallardan ayr\u0131lmayarak bu \u00fclkeye giri\u015f ve \u00e7\u0131k\u0131\u015flar\u0131n\u0131zda asla soru ya\u015famayabilirsiniz. Ayr\u0131ca bu \u00fclkeden <strong>Schengen vizesi<\/strong> almak \u00e7ok basittir. Ve ba\u015fka \u00fclkelerden dolayl\u0131 olarak vize alarak bu \u00fclkeye ge\u00e7i\u015f yapman\u0131za gerek yoktur. Bu \u00fclkede parmak izlerinin kayd\u0131 tutulmakta ve bu sebeple <strong>Fransa Konsoloslu\u011f<\/strong>u ayn\u0131 zamana da <strong>Fransa B\u00fcy\u00fckel\u00e7ili\u011fi <\/strong>merkezlerinde sizler i\u00e7in randevu olu\u015fturacak ve i\u015finiz di\u011fer \u00fclkelere g\u00f6re daha kolay g\u00f6r\u00fclebilecektir. Her i\u015fleminizde yan\u0131n\u0131zda olan Fransa \u00fclkesi asl\u0131nda yap\u0131lacak ad\u0131mlar\u0131 sizin i\u00e7in belirlemi\u015f ve bunlar\u0131 size sunmu\u015f oldu\u011fundan bu \u00fclkede vize almak di\u011fer \u00fclke standartlar\u0131yla kar\u015f\u0131la\u015ft\u0131r\u0131ld\u0131\u011f\u0131 zaman \u00e7o\u011funlukla daha kolay oldu\u011fu konu\u015fulmaktad\u0131r. <strong>Fransa Schengen vizesinden<\/strong> onay ald\u0131\u011f\u0131n\u0131zda ve vize elinize ge\u00e7ti\u011finde pasaport bitim s\u00fcresi seyahatinizin bitmesinden en az 3 ay kadar daha kullan\u0131lmas\u0131 gerekmektedir. Umar\u0131m <strong>Fransa Schengen vizesi <\/strong>alman\u0131n\u0131n nas\u0131l oldu\u011funu ve kolayl\u0131klar\u0131n\u0131 anlatabilmi\u015fizdir.<\/span><\/p>\r\n<p><span style=\"font-family: Roboto; font-size: 14px;\"> <img decoding=\"async\" src=\"https:\/\/www.myvize.com.tr\/fransa\/wp-content\/uploads\/2021\/09\/29.jpg\" \/> <\/span><\/p>\r\n<h2 class=\"wp-block-heading\" style=\"font-size: 27px;\"><span style=\"font-family: Roboto; font-size: 27px;\"><strong>Fransa Schengen Vizesine Nas\u0131l Ba\u015fvurulur?<\/strong><\/span><\/h2>\r\n<p><span style=\"font-family: Roboto; font-size: 14px;\">\r\n\r\n<\/span><\/p>\r\n<p style=\"font-size: 14px;\"><span style=\"font-family: Roboto; font-size: 14px;\">En \u00e7ok talep g\u00f6ren vize t\u00fcrlerinden biri olan <strong>schengen vizesi<\/strong>, 180 g\u00fcnl\u00fck s\u00fcre i\u00e7inde 90 g\u00fcn\u00fc a\u015fmayacak \u015fekilde seyahat etmek isteyenlerin talep etti\u011fi bir vize t\u00fcr\u00fcd\u00fcr.\u00a0<strong>Fransa schengen vizesi<\/strong>\u00a0ald\u0131\u011f\u0131n\u0131z zaman di\u011fer schengen \u00fcyeli\u011fi bulunan \u00fclkelere gitme hakk\u0131na da sahip olursunuz. Fransa Konsoloslu\u011fu T.C vatanda\u015flar\u0131n\u0131n vize i\u015flemlerini ger\u00e7ekle\u015ftirmesini sa\u011flar ve vatanda\u015flara dan\u0131\u015fmanl\u0131k hizmeti de sunar.<\/span><\/p>\r\n<p><span style=\"font-family: Roboto; font-size: 14px;\">\r\n\r\n<\/span><\/p>\r\n<p style=\"font-size: 14px;\"><span style=\"font-family: Roboto; font-size: 14px;\"><strong>Fransa vize ba\u015fvuru<\/strong>\u00a0i\u015flemlerini baz\u0131 \u00f6zel durumlar d\u0131\u015f\u0131nda <strong>Frans\u0131z Konsoloslu\u011fu <\/strong>de\u011fil, arac\u0131 kurumlar ile i\u015flem yap\u0131lmaktad\u0131r. Vize alacak vatanda\u015flar, vize dan\u0131\u015fma merkezleri ile ileti\u015fime ge\u00e7erek ya da seyahat acenteleri ile g\u00f6r\u00fc\u015ferek i\u015flemlerini yapt\u0131rabilirler. Uzun s\u00fcreli ba\u015fvuru yapacaksan\u0131z do\u011frudan Frans\u0131z B\u00fcy\u00fckel\u00e7ili\u011fi\u2019ne ya da Frans\u0131z Konsoloslu\u011fu\u2019na vize ba\u015fvurunuzu yapman\u0131z gerekmektedir.<\/span><\/p>\r\n<p><span style=\"font-family: Roboto; font-size: 14px;\">\r\n\r\n<\/span><\/p>\r\n<p style=\"font-size: 14px;\"><span style=\"font-family: Roboto; font-size: 14px;\"><strong><a href=\"https:\/\/www.myvize.com.tr\/fransa\/vize-islemleri\/fransa-vizesi\/\" target=\"_blank\" rel=\"noreferrer noopener\"><span class=\"has-inline-color\" style=\"color: #2acec2;\">Fransa vizesi<\/span><\/a>\u00a0<\/strong>almak i\u00e7in evraklardaki bilgileriniz tam ve ger\u00e7e\u011fe uygun \u015fekilde olmal\u0131d\u0131r. Yeni d\u00fczenlemeye g\u00f6re ba\u015fvuru formuna k\u0131zl\u0131k soyad\u0131n\u0131n de yaz\u0131lmas\u0131 gerekmektedir. Pasaportun ge\u00e7erlilik s\u00fcresinin dolmu\u015f olmamas\u0131 gerekmektedir. E-posta, telefon gibi bilgilerinizin g\u00fcncel olmas\u0131 \u00f6nem arz etmektedir. Ba\u015fvurular\u0131n sonu\u00e7lanma tarihi tam olarak belli olmad\u0131\u011f\u0131ndan i\u015flerinizin aksamamas\u0131 ad\u0131na, en az d\u00f6rt hafta \u00f6nce ba\u015fvuru i\u015flemleri yap\u0131lmal\u0131 ve sonu\u00e7lar beklenmelidir. 18 ya\u015f\u0131ndan k\u00fc\u00e7\u00fckler vize ba\u015fvurusunu anne babalar\u0131 ile yahut vasisi ile birlikte yapmal\u0131d\u0131r. <strong><a href=\"https:\/\/www.myvize.com.tr\/fransa\/vize-islemleri\/fransa-vize-ucreti\/\" target=\"_blank\" rel=\"noreferrer noopener\"><span class=\"has-inline-color\" style=\"color: #2acec2;\">Fransa Vize \u00fccreti<\/span><\/a><\/strong>, Vize ba\u015fvuru \u00fccretleri i\u00e7erisinde konsolosluk harc\u0131 ve yetkili kurumun servis \u00fccreti bulunmaktad\u0131r. Konsolosluk harc\u0131 60 Euro, servis \u00fccreti ise 25 Euro olarak belirlenmi\u015ftir.<\/span><\/p>\r\n<h2><span style=\"font-family: Roboto; font-size: 27px;\"><strong>Fransa Vizesi Nas\u0131l Al\u0131n\u0131r?<\/strong>\u00a0<\/span><\/h2>\r\n<p><span style=\"font-family: Roboto; font-size: 14px;\">T\u00fcrkiye vatanda\u015flar\u0131<strong> Fransa\u00a0Schengen\u00a0vize<\/strong> prosed\u00fcr\u00fcne g\u00f6re Bordo pasaport sahibi iseler vizeye tabi tutulmaktad\u0131rlar. Bu nedenle Fransa\u2019ya seyahatte bulunacak ki\u015filerin vize ba\u015fvurusunda bulunmalar\u0131 gerekmektedir. Ba\u015fvuru yapacak ki\u015filer \u00f6nce hangi vize t\u00fcr\u00fcne sonra ba\u015fvuru yapacaklar\u0131 b\u00f6lgenin hangi temsilcilik kapsam\u0131nda oldu\u011funu tespit ederek randevu almal\u0131d\u0131rlar.<span style=\"color: #2acec2;\"><strong><a style=\"color: #2acec2;\" href=\"https:\/\/www.myvize.com.tr\/fransa\/konsolosluklar\/ankara-buyukelciligi\/\" target=\"_blank\" rel=\"noopener\"> Fransa Ankara B\u00fcy\u00fckel\u00e7ili\u011fi<\/a><\/strong><\/span>, Fransa Antalya Fahri Konsoloslu\u011fu, Fransa Hatay- \u0130skenderun Fahri\u00a0Konsoloslu\u011fu, Fransa\u00a0Mersin Fahri Konsoloslu\u011fu, Fransa Gaziantep Fahri Konsoloslu\u011fu, Fransa Bursa Fahri Konsoloslu\u011fu, Fransa \u0130zmir Fahri Konsoloslu\u011fu, Fransa Edirne Fahri Konsoloslu\u011fu veya Fransa makamlar\u0131n\u0131n onaylad\u0131\u011f\u0131 seyahat firmalar\u0131 ile ki\u015filer ba\u015fvuruda bulunulabilmektedir.\u00a0<\/span><\/p>\r\n<p><span style=\"font-family: Roboto; font-size: 14px;\">Ki\u015filer ba\u015fvuru evraklar\u0131n\u0131 ve \u015fartlar\u0131n\u0131 yerine getirerek ba\u015fvuru i\u015flemlerini ba\u015flatabilirler. Bu noktada \u00f6nemli olan hangi vize t\u00fcr\u00fcne ba\u015fvuru yap\u0131laca\u011f\u0131d\u0131r. Ki\u015filer seyahat i\u00e7eriklerine ve seyahat s\u00fcrelerine ba\u015fvuruda bulunmal\u0131d\u0131rlar. \u00c7\u00fcnk\u00fc her vize t\u00fcr\u00fc i\u00e7in farkl\u0131 evrak talebi ve farkl\u0131 bir prosed\u00fcr izlenmektedir.\u00a0<\/span><\/p>\r\n<p><img decoding=\"async\" src=\"https:\/\/www.myvize.com.tr\/fransa\/wp-content\/uploads\/2021\/09\/30.jpg\" \/><\/p>\r\n<h2><span style=\"font-family: Roboto; font-size: 27px;\"><strong>Fransa Vizesi i\u00e7in Gerekli Evraklar Nelerdir?\u00a0<\/strong><\/span><\/h2>\r\n<ul>\r\n<li><span style=\"font-family: Roboto; font-size: 14px;\">Pasaport: Ki\u015filerin 10 y\u0131ldan eski olmayan, seyahat bitiminden itibaren minimum 6\u00a0ay ge\u00e7erlili\u011fe sahip ve en az 2 sayfas\u0131 bo\u015f pasaporta sahip olmalar\u0131 gerekmektedir.\u00a0\u00a0<\/span><\/li>\r\n<li><span style=\"font-family: Roboto; font-size: 14px;\"><strong>Ba\u015fvuru Formu<\/strong>:\u00a0Eksiksiz ve do\u011fru \u015fekilde\u00a0doldurulup ibraz edilmelidir.\u00a0<\/span><\/li>\r\n<li><span style=\"font-family: Roboto; font-size: 14px;\">Vize Talep Dilek\u00e7esi\u00a0<\/span><\/li>\r\n<li><span style=\"font-family: Roboto; font-size: 14px;\">Foto\u011fraf: Son\u00a06 ay i\u00e7erisinde \u00e7ekilmi\u015f 2 adet 35mm x 45 mm\u00a0\u00f6l\u00e7\u00fclerinde\u00a0biyometrik\u00a0foto\u011fraf ibraz edilmelidir.\u00a0\u00a0<\/span><\/li>\r\n<li><span style=\"font-family: Roboto; font-size: 14px;\">Seyahat masraflar\u0131n\u0131n nas\u0131l kar\u015f\u0131lanaca\u011f\u0131n\u0131 ve ki\u015filerin mali durumu kan\u0131tlayan belgeler ibraz edilmelidir.<\/span><\/li>\r\n<li><span style=\"font-family: Roboto; font-size: 14px;\">Tam vukuatl\u0131 n\u00fcfus kay\u0131t \u00f6rne\u011fi\u00a0ibraz edilmelidir.\u00a0<\/span><\/li>\r\n<li><span style=\"font-family: Roboto; font-size: 14px;\"><strong>Vize\u00a0ba\u015fvuru<\/strong> \u00fccretinin \u00f6denmesi ve \u00f6dendi\u011fine dair dekontun ibraz edilmesi gereklidir.\u00a0\u00a0\u00a0<\/span><\/li>\r\n<li><span style=\"font-family: Roboto; font-size: 14px;\">N\u00fcfus c\u00fczdan\u0131 fotokopisi ibraz edilmelidir.\u00a0<\/span><\/li>\r\n<li><span style=\"font-family: Roboto; font-size: 14px;\">Seyahat Sa\u011fl\u0131k Sigortas\u0131na dair bilgiler ibraz edilmelidir. (30.000\u00a0Avro\u2019ya\u00a0kadar sigorta bedelli ve\u00a0Schengen\u00a0alan\u0131n\u0131 kapsayacak \u015fekilde sunulmal\u0131d\u0131r.)\u00a0<\/span><\/li>\r\n<li><span style=\"font-family: Roboto; font-size: 14px;\">Konaklama bilgileri ibraz edilmelidir.\u00a0<\/span><\/li>\r\n<li><span style=\"font-family: Roboto; font-size: 14px;\">U\u00e7ak rezervasyon bilgileri ibraz edilmelidir.\u00a0<\/span><\/li>\r\n<li><span style=\"font-family: Roboto; font-size: 14px;\">Ki\u015finin e\u011fitim durumunu veya i\u015f durumunu kan\u0131tlayan belgeler ibraz edilmelidir.\u00a0<\/span><\/li>\r\n<\/ul>\r\n<p><span style=\"font-family: Roboto; font-size: 14px;\">Unutulmamal\u0131d\u0131r ki\u00a0yukar\u0131daki evraklar standart ba\u015fvuru evraklar\u0131d\u0131r.\u00a0Ki\u015filerin ba\u015fvuru ama\u00e7lar\u0131na g\u00f6re destekleyici evraklar ba\u015fvuru dosyalar\u0131na eklenmelidir.\u00a0<\/span><\/p>\r\n<h2><span style=\"font-family: Roboto; font-size: 14px;\">\u00a0<\/span><span style=\"font-family: Roboto; font-size: 27px;\"><strong>Fransa Vizesi Ka\u00e7 G\u00fcnde \u00c7\u0131kar?<\/strong>\u00a0<\/span><br \/><span style=\"font-family: Roboto; font-size: 14px;\">\u00a0<\/span><span style=\"font-family: Roboto; font-size: 14px;\">Ki\u015filerin Fransa\u00a0vize ba\u015fvurular\u0131,\u00a0ortalama 4 ila 7\u00a0i\u015f g\u00fcn\u00fc i\u00e7erisinde sonu\u00e7lanmaktad\u0131r.\u00a0Ancak, ki\u015filer ba\u015fvuru s\u00fcre\u00e7lerinin sonu\u00e7lanmas\u0131n\u0131 beklerken \u015funlar\u0131 g\u00f6z \u00f6n\u00fcnde bulundurmal\u0131d\u0131rlar:\u00a0<\/span><\/h2>\r\n<ul>\r\n<li><span style=\"font-family: Roboto; font-size: 14px;\">Resmi\u00a0tatiller ve bayramlar ki\u015filerin vize sonu\u00e7lanma s\u00fcresinin uzamas\u0131na neden olabilir.\u00a0<\/span><\/li>\r\n<li><span style=\"font-family: Roboto; font-size: 14px;\">Ba\u015fvuru sahibinin ibraz etti\u011fi evraklar\u0131n eksik, yanl\u0131\u015f ya da inand\u0131r\u0131c\u0131 bulunmamas\u0131 vize sonu\u00e7lanma s\u00fcresinin uzamas\u0131na neden olabilir.\u00a0<\/span><\/li>\r\n<li><span style=\"font-family: Roboto; font-size: 14px;\">Ba\u015fvuru sahibinin ibraz etti\u011fi evraklar\u0131n ge\u00e7erlilik s\u00fcrelerinin uyu\u015fmamas\u0131 vize sonu\u00e7lanma s\u00fcresinin uzamas\u0131na neden olabilir.\u00a0<\/span><\/li>\r\n<li><span style=\"font-family: Roboto; font-size: 14px;\">Ba\u015fvuru sahibinin daha \u00f6nce <strong>vize reddi<\/strong> ile kar\u015f\u0131la\u015fm\u0131\u015f olmas\u0131 vize sonu\u00e7lanma s\u00fcresinin uzamas\u0131na neden olabilir hatta vize reddine sebebiyet verebilir.\u00a0<\/span><\/li>\r\n<li><span style=\"font-family: Roboto; font-size: 14px;\">Sistem ar\u0131zalar\u0131, ki\u015filerin vize sonu\u00e7lanma s\u00fcresinin uzamas\u0131na neden olabilir.\u00a0<\/span><\/li>\r\n<li><span style=\"font-family: Roboto; font-size: 14px;\">Diplomatik de\u011fi\u015fiklikler, ki\u015filerin\u00a0vize sonu\u00e7lanma s\u00fcresinin uzamas\u0131na neden olabilir.\u00a0<\/span><\/li>\r\n<\/ul>\r\n<h2><span style=\"font-family: Roboto; font-size: 27px;\"><strong>Fransa Schengen Vize Randevusu<\/strong><\/span><\/h2>\r\n<p><span style=\"font-family: Roboto; font-size: 14px;\">Bir ya da birden fazla Schengen \u00fclkesine seyahat edecek ki\u015filer vatanda\u015fl\u0131\u011f\u0131 bulundu\u011fu \u00fclkedeki Schengen \u00fclkesi konsolosluklar\u0131na ya da b\u00fcy\u00fckel\u00e7iliklerine ba\u015fvuruda bulunmal\u0131d\u0131r. E\u011fer birden fazla Schengen \u00fclkelerine seyahat edilecekse, ilk giri\u015f yap\u0131lacak olan \u00fclkenin konsoloslu\u011fa <strong>Schengen vizesi<\/strong> ba\u015fvurusuna bulunma do\u011fru olacakt\u0131r. \u015eayet ilk kez giri\u015f yap\u0131lacak \u00fclke yerine seyahati ba\u015fka Schengen \u00fclkesine giri\u015f yaparak ba\u015flamak daha sonraki ba\u015fvurular\u0131n\u0131zda<strong> Schengen vizesi<\/strong> alman\u0131z\u0131n \u00f6n\u00fcnde te\u015fkil edilebilir. Baz\u0131 \u00fclke ba\u015fvurular\u0131nda eski pasaportun fotokopileri de talep edilebilir ve daha \u00f6ncede yap\u0131lan giri\u015f \u00e7\u0131k\u0131\u015flar g\u00f6r\u00fclebilmekte.<\/span><br \/><span style=\"font-family: Roboto; font-size: 14px;\">Schengen \u00fclkesini ziyaret etme amac\u0131 ile vize ba\u015fvuru yapan \u015fah\u0131slar, ba\u015fvurusunu akredite seyahati acentesi ya da vize ba\u015fvuru dan\u0131\u015fmanl\u0131\u011f\u0131 arac\u0131l\u0131\u011f\u0131yla (d\u0131\u015f y\u00fckleni kurumu) \u015fahsi olarak, vize i\u00e7in gerekli ve haz\u0131rlamas\u0131 zorunlu olan belgeyi toplayarak ve en \u00f6nemlisi <strong>Schengen vizesi ba\u015fvuru<\/strong> kural\u0131na rivayet ederek ger\u00e7ekle\u015ftirir. Parmak iz verme i\u015fleminde ve vize randevusu \u015fahsen bulunulmas\u0131 gerekmektedir. <strong>Schengen vize ba\u015fvurusu<\/strong> yapan pasaporta 10 seneden eski olmamas\u0131 gerekmektedir. Ayr\u0131ca pasaport sa\u011flam durumda, i\u00e7erisinde bulunan bilginin okunakl\u0131, y\u0131rt\u0131k sayfas\u0131n\u0131n olmamas\u0131 ve yeni vize etiketlerinin yap\u0131\u015ft\u0131r\u0131labilmesi i\u00e7in en az 2 tane bo\u015f sayfa olmal\u0131d\u0131r.<\/span><br \/><span style=\"font-family: Roboto; font-size: 14px;\">Pasaportun s\u00fcresi, <strong>Schengen vize<\/strong>\u00a0i\u00e7in verilen s\u00fcrenin bitiminden itibaren 180 g\u00fcn\u00a0ge\u00e7erli olmas\u0131 gerekmektedir.<strong> Schengen vizesi<\/strong> ba\u015fvurusunun genellikle seyahat tarihinden en az 2 hafta\u00a0\u00f6nce yap\u0131lmas\u0131 tavsiye edilir.\u00a0<\/span><\/p>\r\n<p><span style=\"font-family: Roboto;\"><\/span><\/p>","protected":false},"excerpt":{"rendered":"<p>Fransa Schengen vizesi ba\u015fvurusunda bulunmak asl\u0131nda \u00e7ok kolayd\u0131r. Kolay olmas\u0131n\u0131n nedeni ise bu \u00fclkenin Schengen b\u00f6lgesine ait olan bir \u00fclke olmas\u0131d\u0131r. B\u00f6ylece sadece protokollere uyarak ve kurallardan ayr\u0131lmayarak bu \u00fclkeye giri\u015f ve \u00e7\u0131k\u0131\u015flar\u0131n\u0131zda asla soru ya\u015famayabilirsiniz. Ayr\u0131ca bu \u00fclkeden Schengen vizesi almak \u00e7ok basittir. Ve ba\u015fka \u00fclkelerden dolayl\u0131 olarak vize alarak bu \u00fclkeye ge\u00e7i\u015f yapman\u0131za<\/p>\n","protected":false},"author":1,"featured_media":0,"parent":18,"menu_order":0,"comment_status":"open","ping_status":"closed","template":"","meta":{"footnotes":""},"class_list":["post-357","page","type-page","status-publish","hentry"],"yoast_head":"<!-- This site is optimized with the Yoast SEO plugin v24.0 - https:\/\/yoast.com\/wordpress\/plugins\/seo\/ -->\n<title>Fransa Schengen Vizesi \u0130\u015flemleri - MyVize<\/title>\n<meta name=\"description\" content=\"Fransa Schengen Vizesi Nas\u0131l Al\u0131n\u0131r? Fransa Schengen Vize \u015eartlar\u0131 Nelerdir? Fransa Schengen Vize Ba\u015fvurusu Nas\u0131l Al\u0131n\u0131r?\" \/>\n<meta name=\"robots\" content=\"index, follow, max-snippet:-1, max-image-preview:large, max-video-preview:-1\" \/>\n<link rel=\"canonical\" href=\"https:\/\/www.myvize.com.tr\/fransa\/vize-islemleri\/fransa-schengen-vizesi\/\" \/>\n<meta property=\"og:locale\" content=\"tr_TR\" \/>\n<meta property=\"og:type\" content=\"article\" \/>\n<meta property=\"og:title\" content=\"Fransa Schengen Vizesi \u0130\u015flemleri - MyVize\" \/>\n<meta property=\"og:description\" content=\"Fransa Schengen Vizesi Nas\u0131l Al\u0131n\u0131r? Fransa Schengen Vize \u015eartlar\u0131 Nelerdir? Fransa Schengen Vize Ba\u015fvurusu Nas\u0131l Al\u0131n\u0131r?\" \/>\n<meta property=\"og:url\" content=\"https:\/\/www.myvize.com.tr\/fransa\/vize-islemleri\/fransa-schengen-vizesi\/\" \/>\n<meta property=\"og:site_name\" content=\"Fransa Vizesi\" \/>\n<meta property=\"article:modified_time\" content=\"2022-10-04T09:44:23+00:00\" \/>\n<meta property=\"og:image\" content=\"https:\/\/www.myvize.com.tr\/fransa\/wp-content\/uploads\/2021\/09\/29.jpg\" \/>\n<meta name=\"twitter:card\" content=\"summary_large_image\" \/>\n<meta name=\"twitter:label1\" content=\"Tahmini okuma s\u00fcresi\" \/>\n\t<meta name=\"twitter:data1\" content=\"5 dakika\" \/>\n<script type=\"application\/ld+json\" class=\"yoast-schema-graph\">{\"@context\":\"https:\/\/schema.org\",\"@graph\":[{\"@type\":\"WebPage\",\"@id\":\"https:\/\/www.myvize.com.tr\/fransa\/vize-islemleri\/fransa-schengen-vizesi\/\",\"url\":\"https:\/\/www.myvize.com.tr\/fransa\/vize-islemleri\/fransa-schengen-vizesi\/\",\"name\":\"Fransa Schengen Vizesi \u0130\u015flemleri - MyVize\",\"isPartOf\":{\"@id\":\"https:\/\/www.myvize.com.tr\/fransa\/#website\"},\"primaryImageOfPage\":{\"@id\":\"https:\/\/www.myvize.com.tr\/fransa\/vize-islemleri\/fransa-schengen-vizesi\/#primaryimage\"},\"image\":{\"@id\":\"https:\/\/www.myvize.com.tr\/fransa\/vize-islemleri\/fransa-schengen-vizesi\/#primaryimage\"},\"thumbnailUrl\":\"https:\/\/www.myvize.com.tr\/fransa\/wp-content\/uploads\/2021\/09\/29.jpg\",\"datePublished\":\"2021-06-28T18:48:05+00:00\",\"dateModified\":\"2022-10-04T09:44:23+00:00\",\"description\":\"Fransa Schengen Vizesi Nas\u0131l Al\u0131n\u0131r? Fransa Schengen Vize \u015eartlar\u0131 Nelerdir? Fransa Schengen Vize Ba\u015fvurusu Nas\u0131l Al\u0131n\u0131r?\",\"breadcrumb\":{\"@id\":\"https:\/\/www.myvize.com.tr\/fransa\/vize-islemleri\/fransa-schengen-vizesi\/#breadcrumb\"},\"inLanguage\":\"tr\",\"potentialAction\":[{\"@type\":\"ReadAction\",\"target\":[\"https:\/\/www.myvize.com.tr\/fransa\/vize-islemleri\/fransa-schengen-vizesi\/\"]}]},{\"@type\":\"ImageObject\",\"inLanguage\":\"tr\",\"@id\":\"https:\/\/www.myvize.com.tr\/fransa\/vize-islemleri\/fransa-schengen-vizesi\/#primaryimage\",\"url\":\"https:\/\/www.myvize.com.tr\/fransa\/wp-content\/uploads\/2021\/09\/29.jpg\",\"contentUrl\":\"https:\/\/www.myvize.com.tr\/fransa\/wp-content\/uploads\/2021\/09\/29.jpg\",\"width\":800,\"height\":500,\"caption\":\"Fransa Schengen Vizesi\"},{\"@type\":\"BreadcrumbList\",\"@id\":\"https:\/\/www.myvize.com.tr\/fransa\/vize-islemleri\/fransa-schengen-vizesi\/#breadcrumb\",\"itemListElement\":[{\"@type\":\"ListItem\",\"position\":1,\"name\":\"Anasayfa\",\"item\":\"https:\/\/www.myvize.com.tr\/fransa\/\"},{\"@type\":\"ListItem\",\"position\":2,\"name\":\"Fransa Vize \u0130\u015flemleri\",\"item\":\"https:\/\/www.myvize.com.tr\/fransa\/vize-islemleri\/\"},{\"@type\":\"ListItem\",\"position\":3,\"name\":\"Fransa Schengen Vizesi\"}]},{\"@type\":\"WebSite\",\"@id\":\"https:\/\/www.myvize.com.tr\/fransa\/#website\",\"url\":\"https:\/\/www.myvize.com.tr\/fransa\/\",\"name\":\"Fransa Vizesi\",\"description\":\"\",\"potentialAction\":[{\"@type\":\"SearchAction\",\"target\":{\"@type\":\"EntryPoint\",\"urlTemplate\":\"https:\/\/www.myvize.com.tr\/fransa\/?s={search_term_string}\"},\"query-input\":{\"@type\":\"PropertyValueSpecification\",\"valueRequired\":true,\"valueName\":\"search_term_string\"}}],\"inLanguage\":\"tr\"}]}<\/script>\n<!-- \/ Yoast SEO plugin. -->","yoast_head_json":{"title":"Fransa Schengen Vizesi \u0130\u015flemleri - MyVize","description":"Fransa Schengen Vizesi Nas\u0131l Al\u0131n\u0131r? Fransa Schengen Vize \u015eartlar\u0131 Nelerdir? Fransa Schengen Vize Ba\u015fvurusu Nas\u0131l Al\u0131n\u0131r?","robots":{"index":"index","follow":"follow","max-snippet":"max-snippet:-1","max-image-preview":"max-image-preview:large","max-video-preview":"max-video-preview:-1"},"canonical":"https:\/\/www.myvize.com.tr\/fransa\/vize-islemleri\/fransa-schengen-vizesi\/","og_locale":"tr_TR","og_type":"article","og_title":"Fransa Schengen Vizesi \u0130\u015flemleri - MyVize","og_description":"Fransa Schengen Vizesi Nas\u0131l Al\u0131n\u0131r? Fransa Schengen Vize \u015eartlar\u0131 Nelerdir? Fransa Schengen Vize Ba\u015fvurusu Nas\u0131l Al\u0131n\u0131r?","og_url":"https:\/\/www.myvize.com.tr\/fransa\/vize-islemleri\/fransa-schengen-vizesi\/","og_site_name":"Fransa Vizesi","article_modified_time":"2022-10-04T09:44:23+00:00","og_image":[{"url":"https:\/\/www.myvize.com.tr\/fransa\/wp-content\/uploads\/2021\/09\/29.jpg","type":"","width":"","height":""}],"twitter_card":"summary_large_image","twitter_misc":{"Tahmini okuma s\u00fcresi":"5 dakika"},"schema":{"@context":"https:\/\/schema.org","@graph":[{"@type":"WebPage","@id":"https:\/\/www.myvize.com.tr\/fransa\/vize-islemleri\/fransa-schengen-vizesi\/","url":"https:\/\/www.myvize.com.tr\/fransa\/vize-islemleri\/fransa-schengen-vizesi\/","name":"Fransa Schengen Vizesi \u0130\u015flemleri - MyVize","isPartOf":{"@id":"https:\/\/www.myvize.com.tr\/fransa\/#website"},"primaryImageOfPage":{"@id":"https:\/\/www.myvize.com.tr\/fransa\/vize-islemleri\/fransa-schengen-vizesi\/#primaryimage"},"image":{"@id":"https:\/\/www.myvize.com.tr\/fransa\/vize-islemleri\/fransa-schengen-vizesi\/#primaryimage"},"thumbnailUrl":"https:\/\/www.myvize.com.tr\/fransa\/wp-content\/uploads\/2021\/09\/29.jpg","datePublished":"2021-06-28T18:48:05+00:00","dateModified":"2022-10-04T09:44:23+00:00","description":"Fransa Schengen Vizesi Nas\u0131l Al\u0131n\u0131r? Fransa Schengen Vize \u015eartlar\u0131 Nelerdir? Fransa Schengen Vize Ba\u015fvurusu Nas\u0131l Al\u0131n\u0131r?","breadcrumb":{"@id":"https:\/\/www.myvize.com.tr\/fransa\/vize-islemleri\/fransa-schengen-vizesi\/#breadcrumb"},"inLanguage":"tr","potentialAction":[{"@type":"ReadAction","target":["https:\/\/www.myvize.com.tr\/fransa\/vize-islemleri\/fransa-schengen-vizesi\/"]}]},{"@type":"ImageObject","inLanguage":"tr","@id":"https:\/\/www.myvize.com.tr\/fransa\/vize-islemleri\/fransa-schengen-vizesi\/#primaryimage","url":"https:\/\/www.myvize.com.tr\/fransa\/wp-content\/uploads\/2021\/09\/29.jpg","contentUrl":"https:\/\/www.myvize.com.tr\/fransa\/wp-content\/uploads\/2021\/09\/29.jpg","width":800,"height":500,"caption":"Fransa Schengen Vizesi"},{"@type":"BreadcrumbList","@id":"https:\/\/www.myvize.com.tr\/fransa\/vize-islemleri\/fransa-schengen-vizesi\/#breadcrumb","itemListElement":[{"@type":"ListItem","position":1,"name":"Anasayfa","item":"https:\/\/www.myvize.com.tr\/fransa\/"},{"@type":"ListItem","position":2,"name":"Fransa Vize \u0130\u015flemleri","item":"https:\/\/www.myvize.com.tr\/fransa\/vize-islemleri\/"},{"@type":"ListItem","position":3,"name":"Fransa Schengen Vizesi"}]},{"@type":"WebSite","@id":"https:\/\/www.myvize.com.tr\/fransa\/#website","url":"https:\/\/www.myvize.com.tr\/fransa\/","name":"Fransa Vizesi","description":"","potentialAction":[{"@type":"SearchAction","target":{"@type":"EntryPoint","urlTemplate":"https:\/\/www.myvize.com.tr\/fransa\/?s={search_term_string}"},"query-input":{"@type":"PropertyValueSpecification","valueRequired":true,"valueName":"search_term_string"}}],"inLanguage":"tr"}]}},"_links":{"self":[{"href":"https:\/\/www.myvize.com.tr\/fransa\/wp-json\/wp\/v2\/pages\/357","targetHints":{"allow":["GET"]}}],"collection":[{"href":"https:\/\/www.myvize.com.tr\/fransa\/wp-json\/wp\/v2\/pages"}],"about":[{"href":"https:\/\/www.myvize.com.tr\/fransa\/wp-json\/wp\/v2\/types\/page"}],"author":[{"embeddable":true,"href":"https:\/\/www.myvize.com.tr\/fransa\/wp-json\/wp\/v2\/users\/1"}],"replies":[{"embeddable":true,"href":"https:\/\/www.myvize.com.tr\/fransa\/wp-json\/wp\/v2\/comments?post=357"}],"version-history":[{"count":5,"href":"https:\/\/www.myvize.com.tr\/fransa\/wp-json\/wp\/v2\/pages\/357\/revisions"}],"predecessor-version":[{"id":1450,"href":"https:\/\/www.myvize.com.tr\/fransa\/wp-json\/wp\/v2\/pages\/357\/revisions\/1450"}],"up":[{"embeddable":true,"href":"https:\/\/www.myvize.com.tr\/fransa\/wp-json\/wp\/v2\/pages\/18"}],"wp:attachment":[{"href":"https:\/\/www.myvize.com.tr\/fransa\/wp-json\/wp\/v2\/media?parent=357"}],"curies":[{"name":"wp","href":"https:\/\/api.w.org\/{rel}","templated":true}]}}