{"id":82,"date":"2020-11-30T13:04:43","date_gmt":"2020-11-30T10:04:43","guid":{"rendered":"https:\/\/www.myvize.com.tr\/fransa\/?page_id=82"},"modified":"2022-12-20T20:49:51","modified_gmt":"2022-12-20T17:49:51","slug":"bursa-fahri-konsoloslugu","status":"publish","type":"page","link":"https:\/\/www.myvize.com.tr\/fransa\/konsolosluklar\/bursa-fahri-konsoloslugu\/","title":{"rendered":"Fransa Bursa Konsoloslu\u011fu"},"content":{"rendered":"<p><span style=\"font-family: Roboto;\"><\/span><\/p>\r\n<h2 class=\"wp-block-heading\"><strong><span style=\"font-family: Roboto; font-size: 27px;\">Fransa Bursa Konsolosu Kimdir?<\/span><\/strong><\/h2>\r\n<p><span style=\"font-family: Roboto; font-size: 14px;\"><strong>Fransa Bursa Konsoloslu\u011fu<\/strong> T\u00fcrkiye\u2019de bulunan Fransa h\u00fck\u00fcmetinin bir temsilcisidir. Diplomatik bir yetkisi yoktur. Fransa&#8217;n\u0131n Bursa Fahri Konsoloslu\u011fu Frans\u0131zca ve T\u00fcrk\u00e7e olarak hizmet vermektedir. <strong>Fransa Bursa Konsolosu kimdir?<\/strong>\u00a0Bursa&#8217;da bulunan Frans\u0131z Konsolosu Mehmet ERBAK&#8217;t\u0131r. Kendisine +90 224 738 15 00 numaral\u0131 telefondan veya mehmeterbak@gmail.com adresinden e-posta ile ula\u015f\u0131labilir. Konsolosluk Yenice Sanayi Bol. Turgut \u00d6zal Mah. Kad\u0131mova Cad. Yenice \u0130neg\u00f6l BURSA adresinde hizmet vermektedir. Konsolosluk Pazartesi-Cuma 08:30-18:00 saatleri aras\u0131nda a\u00e7\u0131kt\u0131r. Cumartesi ve Pazar g\u00fcnleri kapal\u0131d\u0131r. Konsoloslu\u011fa +90 224 738 15 00 numaral\u0131 telefondan veya +90 224 738 08 88 numaral\u0131 fakstan ula\u015f\u0131labilir. Bursa veya \u00e7evre illerde ya\u015fayan bir Frans\u0131z vatanda\u015f\u0131 iseniz, pasaport, vize, do\u011fum kayd\u0131, evlilik kayd\u0131, \u00f6l\u00fcm kayd\u0131 ve daha fazlas\u0131 gibi konsolosluk hizmetleri i\u00e7in Fransa&#8217;n\u0131n Bursa Fahri Konsoloslu\u011fu size yard\u0131mc\u0131 olur. Konsolosluk ayr\u0131ca Fransa&#8217;da okumak, Fransa&#8217;da \u00e7al\u0131\u015fmak ve Fransa&#8217;da i\u015f yapmak gibi durumlarda T\u00fcrk vatanda\u015flar\u0131na vize ba\u015fvurusunda yard\u0131mc\u0131 olmaktad\u0131r.<\/span><\/p>\r\n<h2><strong><span style=\"font-family: Roboto; font-size: 27px;\">Fransa Bursa Konsoloslu\u011fu Vize \u0130\u015flemleri<\/span><\/strong><\/h2>\r\n<p><span style=\"font-family: Roboto; font-size: 14px;\">Umuma mahsus pasaportu olan T\u00fcrk vatanda\u015f\u0131 Fransa seyahatini Bursa ilinden yapmak isterse ilk \u00f6nce Fransa seyahatinin nedenini belirlemesi gerekir. Daha sonra seyahatin nedenine uygun olan vize t\u00fcr\u00fcne ba\u015fvuru yap\u0131l\u0131r.\u00a0<strong>Fransa Bursa Konsoloslu\u011fu vize i\u015flemleri<\/strong>\u00a0bu i\u015flemle ba\u015flam\u0131\u015f olur. Belirlenen vize t\u00fcr\u00fcn\u00fcn evraklar\u0131 haz\u0131rlan\u0131r. Haz\u0131rlanacak evrak \u00e7e\u015fidi mesleki durumlar\u0131na g\u00f6re farkl\u0131 olabilmektedir. <strong>Fransa vize<\/strong> ba\u015fvurular\u0131nda b\u00f6lge ayr\u0131m\u0131 olmas\u0131 nedeniyle Fransa vizesine ba\u015fvuru yapacak ki\u015fi oturdu\u011fu yere yak\u0131n Fransa Konsoloslu\u011fu\u2019na yapmas\u0131 gerekir. Fransa seyahatinde bulunacak ki\u015fi Fransa Bursa Konsoloslu\u011fu internet sitesinden veya vize merkezlerinden vize ba\u015fvurular\u0131n\u0131 yapabilirler. Fransa vizesi i\u00e7in ilk olarak Fransa Bursa Konsoloslu\u011fu taraf\u0131ndan haz\u0131rlanan vize ba\u015fvuru formunu doldurarak vize ba\u015fvurusuna devam eder. Gerekli evraklar haz\u0131rland\u0131ktan sonra Fransa Bursa Konsoloslu\u011fu\u2019ndan vize randevusu al\u0131n\u0131r. Randevu tarihinde Fransa Bursa Konsoloslu\u011fu\u2019na gidilerek evraklar teslim edilir ve vize ba\u015fvurunuz sonlanm\u0131\u015f olur. Fransa Bursa Konsoloslu\u011fu vize ba\u015fvurular\u0131nda karar veremez. Karar verme yetkisi Fransa B\u00fcy\u00fckel\u00e7ili\u011fi ve Fransa Ba\u015fkonsoloslu\u011fu\u2019nda olmaktad\u0131r.<\/span><\/p>\r\n<h2><span style=\"font-family: Roboto; font-size: 27px;\"><strong>Fransa Bursa Konsoloslu\u011fundan Yap\u0131lacak \u0130\u015flemler Nelerdir?<\/strong><\/span><\/h2>\r\n<p><span style=\"font-family: Roboto; font-size: 14px;\">\r\n\r\n<\/span><\/p>\r\n<p><span style=\"font-family: Roboto; font-size: 14px;\"><strong>Fransa Bursa Fahri Konsoloslu\u011fu<\/strong> ve di\u011fer<strong> Fransa Konsolosluklar\u0131 g\u00f6rev alanlar\u0131<\/strong>, yak\u0131n b\u00f6lgeler\u00a0ikametg\u00e2h\u0131 olan ki\u015filerin yapaca\u011f\u0131 i\u015flemler \u015funlard\u0131r.<span style=\"color: #2acec2;\"><strong><a style=\"color: #2acec2;\" href=\"https:\/\/www.myvize.com.tr\/fransa\/vize-islemleri\/fransa-vizesi\/\" target=\"_blank\" rel=\"noopener\"> Fransa Vizesi<\/a><\/strong><\/span> veya pasaport i\u015flemi, noterlik i\u015flemi, do\u011fum belgesi, \u00f6l\u00fcm belge, sertifikalar, evrak\u00a0tasdik gibi i\u015flemlerde Fransa Bursa Fahri Konsoloslu\u011fu yetkilidir.<\/span><\/p>\r\n<h2><strong><span style=\"font-family: Roboto; font-size: 27px;\">Fransa Bursa Konsoloslu\u011fu Vize Ba\u015fvurusu<\/span><\/strong><\/h2>\r\n<p><span style=\"font-family: Roboto; font-size: 14px;\">Fransa seyahatini d\u00fc\u015f\u00fcnen ki\u015fi seyahatin amac\u0131n\u0131 belirleyip ona uygun olan vize t\u00fcr\u00fcne ba\u015fvuru yapmas\u0131 zorunludur.\u00a0<strong>Fransa Bursa Konsoloslu\u011fu vize ba\u015fvurusu<\/strong>\u00a0ilk \u00f6nce vize ba\u015fvuru formu doldurularak ba\u015flan\u0131r. Fransa seyahatinin nedeni belirlendikten sonra seyahatin nedenine g\u00f6re formdaki sorulara cevap verilir. Fransa vize ba\u015fvuru formu doldurulduktan sonra Fransa vizesi i\u00e7in gerekecek evraklar\u0131n haz\u0131rlanmas\u0131na ba\u015flan\u0131l\u0131r. Fransa vize ba\u015fvurunuzu vize merkezleri arac\u0131l\u0131\u011f\u0131yla yap\u0131yorsan\u0131z size gerekecek evraklar\u0131n listesini verirler. Bu evraklar haz\u0131rland\u0131ktan sonra Fransa Bursa Konsoloslu\u011fu\u2019ndan vize randevusu al\u0131n\u0131r. Randevu tarihi gelince haz\u0131rlanan evraklar Fransa Bursa Konsoloslu\u011fu\u2019na teslim edilir. Randevu g\u00fcn\u00fc vize ba\u015fvurusunda bulunacak ki\u015finin parmak izleri al\u0131n\u0131r. Bu i\u015flemlerden sonra vize ba\u015fvurunuzu tamamlam\u0131\u015f olursunuz. Ba\u015fvurunuzun sonu\u00e7lanmas\u0131 durumunda adresinize gerekli cevap g\u00f6nderilir. Fransa vize ba\u015fvurunuz 15 g\u00fcn i\u00e7erisinde sonu\u00e7lan\u0131r. Fransa vizesinde gereken evraklar \u015funlard\u0131r.<\/span><\/p>\r\n<ul>\r\n<li><span style=\"font-family: Roboto; font-size: 14px;\">Vize ba\u015fvurusunu yapan ki\u015finin pasaportu<\/span><\/li>\r\n<li><span style=\"font-family: Roboto; font-size: 14px;\">Fransa vizesine ba\u015fvuran ki\u015fiye ait Kimli\u011fin fotokopisi<\/span><\/li>\r\n<li><span style=\"font-family: Roboto; font-size: 14px;\">Fransa seyahat sa\u011fl\u0131k sigortas\u0131<\/span><\/li>\r\n<li><span style=\"font-family: Roboto; font-size: 14px;\">N\u00fcfus m\u00fcd\u00fcrl\u00fc\u011f\u00fcnden al\u0131nan n\u00fcfus kay\u0131t \u00f6rne\u011fi<\/span><\/li>\r\n<li><span style=\"font-family: Roboto; font-size: 14px;\">Vize alacak ki\u015finin ikamet belgesi<\/span><\/li>\r\n<li><span style=\"font-family: Roboto; font-size: 14px;\">U\u00e7ak ve otele ait rezervasyon belgeleri<\/span><\/li>\r\n<li><span style=\"font-family: Roboto; font-size: 14px;\">Son 3 ayl\u0131k maa\u015f bordrosu<\/span><\/li>\r\n<li><span style=\"font-family: Roboto; font-size: 14px;\">\u00d6\u011frenciler i\u00e7in \u00f6\u011frenci belgesi<\/span><\/li>\r\n<\/ul>\r\n<p><span style=\"font-family: Roboto; font-size: 14px;\">\r\n\r\n<\/span><\/p>\r\n<h3 class=\"wp-block-heading\"><span style=\"font-family: Roboto; font-size: 24px;\"><strong>Fransa Bursa Konsoloslu\u011fundan Vize Ba\u015fvurusu Nas\u0131l Yap\u0131l\u0131r?<\/strong><\/span><\/h3>\r\n<p><span style=\"font-family: Roboto; font-size: 14px;\">\r\n\r\n<\/span><\/p>\r\n<p><span style=\"font-family: Roboto; font-size: 14px;\"><strong>Fransa Bursa Fahri Konsoloslu\u011fu<\/strong> vize b\u00f6l\u00fcm\u00fc Schengen vize uygulama \u00fcye olan \u00fclkelerdeki gibi vize i\u015flemi al\u0131nabilmesi parmak izi al\u0131nm\u0131\u015f olmas\u0131 gerekmektedir. Veya vize ba\u015fvurusunda bulunacak ki\u015filer konsolosluktan, <strong>Seyahat\/ Turizm acenteleri<\/strong> arac\u0131l\u0131\u011f\u0131yla da yapabilirler. Fransa Bursa Fahri Konsoloslu\u011fu&#8217;na vize ba\u015fvurusunda bulunan ki\u015filer doldurulmu\u015f vize ba\u015fvuru formuyla beraber ba\u015fvuru yapacaklard\u0131r.<\/span><\/p>\r\n<p><span style=\"font-family: Roboto; font-size: 14px;\"><\/span><\/p>\r\n<p><span style=\"font-family: Roboto; font-size: 14px;\"><img decoding=\"async\" src=\"https:\/\/www.myvize.com.tr\/fransa\/wp-content\/uploads\/2021\/09\/92.jpg\" \/><\/span><\/p>\r\n<p><span style=\"font-family: Roboto; font-size: 14px;\"><\/span><\/p>\r\n<p><span style=\"font-family: Roboto; font-size: 20px;\"><strong>Fransa Bursa Konsoloslu\u011fu \u00c7al\u0131\u015fma Saatleri:<\/strong>\u00a0<\/span><\/p>\r\n<p><span style=\"font-family: Roboto; font-size: 14px;\">\r\n\r\n<\/span><\/p>\r\n<p><span style=\"font-family: Roboto; font-size: 14px;\">Pazartesi- Cuma g\u00fcnleri 08.30 &#8211; 18.00 aras\u0131 konsolosluk i\u015flemleri ger\u00e7ekle\u015ftirilebilir.<\/span><\/p>\r\n<p><span style=\"font-family: Roboto; font-size: 14px;\">\r\n\r\n<\/span><\/p>\r\n<p><span style=\"font-family: Roboto; font-size: 20px;\"><strong>Fransa Bursa Konsoloslu\u011fu G\u00f6rev B\u00f6lgesi Nerelerdir?<\/strong><\/span><\/p>\r\n<p><span style=\"font-family: Roboto; font-size: 14px;\">\r\n\r\n<\/span><\/p>\r\n<p><span style=\"font-family: Roboto; font-size: 14px;\"><strong>Bursa\u2019da ve Bursa \u00e7evresi<\/strong> illerinden ikametg\u00e2h\u0131 bulunan T\u00fcrkiye Cumhuriyeti vatanda\u015flar\u0131, vize i\u015flemlerini Fransa Bursa Fahri Konsoloslu\u011fu\u2019ndan yapabilirler.<\/span><\/p>\r\n<p><span style=\"font-family: Roboto;\"><\/span><\/p>","protected":false},"excerpt":{"rendered":"<p>Fransa Bursa Konsolosu Kimdir? Fransa Bursa Konsoloslu\u011fu T\u00fcrkiye\u2019de bulunan Fransa h\u00fck\u00fcmetinin bir temsilcisidir. Diplomatik bir yetkisi yoktur. Fransa&#8217;n\u0131n Bursa Fahri Konsoloslu\u011fu Frans\u0131zca ve T\u00fcrk\u00e7e olarak hizmet vermektedir. Fransa Bursa Konsolosu kimdir?\u00a0Bursa&#8217;da bulunan Frans\u0131z Konsolosu Mehmet ERBAK&#8217;t\u0131r. Kendisine +90 224 738 15 00 numaral\u0131 telefondan veya mehmeterbak@gmail.com adresinden e-posta ile ula\u015f\u0131labilir. Konsolosluk Yenice Sanayi Bol. Turgut<\/p>\n","protected":false},"author":1,"featured_media":0,"parent":69,"menu_order":0,"comment_status":"open","ping_status":"closed","template":"","meta":{"footnotes":""},"class_list":["post-82","page","type-page","status-publish","hentry"],"yoast_head":"<!-- This site is optimized with the Yoast SEO plugin v24.0 - https:\/\/yoast.com\/wordpress\/plugins\/seo\/ -->\n<title>Fransa Bursa Konsoloslu\u011fu Vize \u0130\u015flemleri - MyVize<\/title>\n<meta name=\"description\" content=\"Fransa Bursa Fahri Konsoloslu\u011fu Vize \u0130\u015flemleri. Fransa Bursa Fahri Konsoloslu\u011funa Ula\u015fmak \u0130\u00e7in Hemen Bizi Aray\u0131n.\" \/>\n<meta name=\"robots\" content=\"index, follow, max-snippet:-1, max-image-preview:large, max-video-preview:-1\" \/>\n<link rel=\"canonical\" href=\"https:\/\/www.myvize.com.tr\/fransa\/konsolosluklar\/bursa-fahri-konsoloslugu\/\" \/>\n<meta property=\"og:locale\" content=\"tr_TR\" \/>\n<meta property=\"og:type\" content=\"article\" \/>\n<meta property=\"og:title\" content=\"Fransa Bursa Konsoloslu\u011fu Vize \u0130\u015flemleri - MyVize\" \/>\n<meta property=\"og:description\" content=\"Fransa Bursa Fahri Konsoloslu\u011fu Vize \u0130\u015flemleri. Fransa Bursa Fahri Konsoloslu\u011funa Ula\u015fmak \u0130\u00e7in Hemen Bizi Aray\u0131n.\" \/>\n<meta property=\"og:url\" content=\"https:\/\/www.myvize.com.tr\/fransa\/konsolosluklar\/bursa-fahri-konsoloslugu\/\" \/>\n<meta property=\"og:site_name\" content=\"Fransa Vizesi\" \/>\n<meta property=\"article:modified_time\" content=\"2022-12-20T17:49:51+00:00\" \/>\n<meta property=\"og:image\" content=\"https:\/\/www.myvize.com.tr\/fransa\/wp-content\/uploads\/2021\/09\/92.jpg\" \/>\n<meta name=\"twitter:card\" content=\"summary_large_image\" \/>\n<meta name=\"twitter:label1\" content=\"Tahmini okuma s\u00fcresi\" \/>\n\t<meta name=\"twitter:data1\" content=\"4 dakika\" \/>\n<script type=\"application\/ld+json\" class=\"yoast-schema-graph\">{\"@context\":\"https:\/\/schema.org\",\"@graph\":[{\"@type\":\"WebPage\",\"@id\":\"https:\/\/www.myvize.com.tr\/fransa\/konsolosluklar\/bursa-fahri-konsoloslugu\/\",\"url\":\"https:\/\/www.myvize.com.tr\/fransa\/konsolosluklar\/bursa-fahri-konsoloslugu\/\",\"name\":\"Fransa Bursa Konsoloslu\u011fu Vize \u0130\u015flemleri - MyVize\",\"isPartOf\":{\"@id\":\"https:\/\/www.myvize.com.tr\/fransa\/#website\"},\"primaryImageOfPage\":{\"@id\":\"https:\/\/www.myvize.com.tr\/fransa\/konsolosluklar\/bursa-fahri-konsoloslugu\/#primaryimage\"},\"image\":{\"@id\":\"https:\/\/www.myvize.com.tr\/fransa\/konsolosluklar\/bursa-fahri-konsoloslugu\/#primaryimage\"},\"thumbnailUrl\":\"https:\/\/www.myvize.com.tr\/fransa\/wp-content\/uploads\/2021\/09\/92.jpg\",\"datePublished\":\"2020-11-30T10:04:43+00:00\",\"dateModified\":\"2022-12-20T17:49:51+00:00\",\"description\":\"Fransa Bursa Fahri Konsoloslu\u011fu Vize \u0130\u015flemleri. Fransa Bursa Fahri Konsoloslu\u011funa Ula\u015fmak \u0130\u00e7in Hemen Bizi Aray\u0131n.\",\"breadcrumb\":{\"@id\":\"https:\/\/www.myvize.com.tr\/fransa\/konsolosluklar\/bursa-fahri-konsoloslugu\/#breadcrumb\"},\"inLanguage\":\"tr\",\"potentialAction\":[{\"@type\":\"ReadAction\",\"target\":[\"https:\/\/www.myvize.com.tr\/fransa\/konsolosluklar\/bursa-fahri-konsoloslugu\/\"]}]},{\"@type\":\"ImageObject\",\"inLanguage\":\"tr\",\"@id\":\"https:\/\/www.myvize.com.tr\/fransa\/konsolosluklar\/bursa-fahri-konsoloslugu\/#primaryimage\",\"url\":\"https:\/\/www.myvize.com.tr\/fransa\/wp-content\/uploads\/2021\/09\/92.jpg\",\"contentUrl\":\"https:\/\/www.myvize.com.tr\/fransa\/wp-content\/uploads\/2021\/09\/92.jpg\",\"width\":800,\"height\":500,\"caption\":\"Fransa Bursa Fahri Konsoloslu\u011fu\"},{\"@type\":\"BreadcrumbList\",\"@id\":\"https:\/\/www.myvize.com.tr\/fransa\/konsolosluklar\/bursa-fahri-konsoloslugu\/#breadcrumb\",\"itemListElement\":[{\"@type\":\"ListItem\",\"position\":1,\"name\":\"Anasayfa\",\"item\":\"https:\/\/www.myvize.com.tr\/fransa\/\"},{\"@type\":\"ListItem\",\"position\":2,\"name\":\"KONSOLOSLUKLAR\",\"item\":\"https:\/\/www.myvize.com.tr\/fransa\/konsolosluklar\/\"},{\"@type\":\"ListItem\",\"position\":3,\"name\":\"Fransa Bursa Konsoloslu\u011fu\"}]},{\"@type\":\"WebSite\",\"@id\":\"https:\/\/www.myvize.com.tr\/fransa\/#website\",\"url\":\"https:\/\/www.myvize.com.tr\/fransa\/\",\"name\":\"Fransa Vizesi\",\"description\":\"\",\"potentialAction\":[{\"@type\":\"SearchAction\",\"target\":{\"@type\":\"EntryPoint\",\"urlTemplate\":\"https:\/\/www.myvize.com.tr\/fransa\/?s={search_term_string}\"},\"query-input\":{\"@type\":\"PropertyValueSpecification\",\"valueRequired\":true,\"valueName\":\"search_term_string\"}}],\"inLanguage\":\"tr\"}]}<\/script>\n<!-- \/ Yoast SEO plugin. -->","yoast_head_json":{"title":"Fransa Bursa Konsoloslu\u011fu Vize \u0130\u015flemleri - MyVize","description":"Fransa Bursa Fahri Konsoloslu\u011fu Vize \u0130\u015flemleri. Fransa Bursa Fahri Konsoloslu\u011funa Ula\u015fmak \u0130\u00e7in Hemen Bizi Aray\u0131n.","robots":{"index":"index","follow":"follow","max-snippet":"max-snippet:-1","max-image-preview":"max-image-preview:large","max-video-preview":"max-video-preview:-1"},"canonical":"https:\/\/www.myvize.com.tr\/fransa\/konsolosluklar\/bursa-fahri-konsoloslugu\/","og_locale":"tr_TR","og_type":"article","og_title":"Fransa Bursa Konsoloslu\u011fu Vize \u0130\u015flemleri - MyVize","og_description":"Fransa Bursa Fahri Konsoloslu\u011fu Vize \u0130\u015flemleri. Fransa Bursa Fahri Konsoloslu\u011funa Ula\u015fmak \u0130\u00e7in Hemen Bizi Aray\u0131n.","og_url":"https:\/\/www.myvize.com.tr\/fransa\/konsolosluklar\/bursa-fahri-konsoloslugu\/","og_site_name":"Fransa Vizesi","article_modified_time":"2022-12-20T17:49:51+00:00","og_image":[{"url":"https:\/\/www.myvize.com.tr\/fransa\/wp-content\/uploads\/2021\/09\/92.jpg","type":"","width":"","height":""}],"twitter_card":"summary_large_image","twitter_misc":{"Tahmini okuma s\u00fcresi":"4 dakika"},"schema":{"@context":"https:\/\/schema.org","@graph":[{"@type":"WebPage","@id":"https:\/\/www.myvize.com.tr\/fransa\/konsolosluklar\/bursa-fahri-konsoloslugu\/","url":"https:\/\/www.myvize.com.tr\/fransa\/konsolosluklar\/bursa-fahri-konsoloslugu\/","name":"Fransa Bursa Konsoloslu\u011fu Vize \u0130\u015flemleri - MyVize","isPartOf":{"@id":"https:\/\/www.myvize.com.tr\/fransa\/#website"},"primaryImageOfPage":{"@id":"https:\/\/www.myvize.com.tr\/fransa\/konsolosluklar\/bursa-fahri-konsoloslugu\/#primaryimage"},"image":{"@id":"https:\/\/www.myvize.com.tr\/fransa\/konsolosluklar\/bursa-fahri-konsoloslugu\/#primaryimage"},"thumbnailUrl":"https:\/\/www.myvize.com.tr\/fransa\/wp-content\/uploads\/2021\/09\/92.jpg","datePublished":"2020-11-30T10:04:43+00:00","dateModified":"2022-12-20T17:49:51+00:00","description":"Fransa Bursa Fahri Konsoloslu\u011fu Vize \u0130\u015flemleri. Fransa Bursa Fahri Konsoloslu\u011funa Ula\u015fmak \u0130\u00e7in Hemen Bizi Aray\u0131n.","breadcrumb":{"@id":"https:\/\/www.myvize.com.tr\/fransa\/konsolosluklar\/bursa-fahri-konsoloslugu\/#breadcrumb"},"inLanguage":"tr","potentialAction":[{"@type":"ReadAction","target":["https:\/\/www.myvize.com.tr\/fransa\/konsolosluklar\/bursa-fahri-konsoloslugu\/"]}]},{"@type":"ImageObject","inLanguage":"tr","@id":"https:\/\/www.myvize.com.tr\/fransa\/konsolosluklar\/bursa-fahri-konsoloslugu\/#primaryimage","url":"https:\/\/www.myvize.com.tr\/fransa\/wp-content\/uploads\/2021\/09\/92.jpg","contentUrl":"https:\/\/www.myvize.com.tr\/fransa\/wp-content\/uploads\/2021\/09\/92.jpg","width":800,"height":500,"caption":"Fransa Bursa Fahri Konsoloslu\u011fu"},{"@type":"BreadcrumbList","@id":"https:\/\/www.myvize.com.tr\/fransa\/konsolosluklar\/bursa-fahri-konsoloslugu\/#breadcrumb","itemListElement":[{"@type":"ListItem","position":1,"name":"Anasayfa","item":"https:\/\/www.myvize.com.tr\/fransa\/"},{"@type":"ListItem","position":2,"name":"KONSOLOSLUKLAR","item":"https:\/\/www.myvize.com.tr\/fransa\/konsolosluklar\/"},{"@type":"ListItem","position":3,"name":"Fransa Bursa Konsoloslu\u011fu"}]},{"@type":"WebSite","@id":"https:\/\/www.myvize.com.tr\/fransa\/#website","url":"https:\/\/www.myvize.com.tr\/fransa\/","name":"Fransa Vizesi","description":"","potentialAction":[{"@type":"SearchAction","target":{"@type":"EntryPoint","urlTemplate":"https:\/\/www.myvize.com.tr\/fransa\/?s={search_term_string}"},"query-input":{"@type":"PropertyValueSpecification","valueRequired":true,"valueName":"search_term_string"}}],"inLanguage":"tr"}]}},"_links":{"self":[{"href":"https:\/\/www.myvize.com.tr\/fransa\/wp-json\/wp\/v2\/pages\/82","targetHints":{"allow":["GET"]}}],"collection":[{"href":"https:\/\/www.myvize.com.tr\/fransa\/wp-json\/wp\/v2\/pages"}],"about":[{"href":"https:\/\/www.myvize.com.tr\/fransa\/wp-json\/wp\/v2\/types\/page"}],"author":[{"embeddable":true,"href":"https:\/\/www.myvize.com.tr\/fransa\/wp-json\/wp\/v2\/users\/1"}],"replies":[{"embeddable":true,"href":"https:\/\/www.myvize.com.tr\/fransa\/wp-json\/wp\/v2\/comments?post=82"}],"version-history":[{"count":10,"href":"https:\/\/www.myvize.com.tr\/fransa\/wp-json\/wp\/v2\/pages\/82\/revisions"}],"predecessor-version":[{"id":1469,"href":"https:\/\/www.myvize.com.tr\/fransa\/wp-json\/wp\/v2\/pages\/82\/revisions\/1469"}],"up":[{"embeddable":true,"href":"https:\/\/www.myvize.com.tr\/fransa\/wp-json\/wp\/v2\/pages\/69"}],"wp:attachment":[{"href":"https:\/\/www.myvize.com.tr\/fransa\/wp-json\/wp\/v2\/media?parent=82"}],"curies":[{"name":"wp","href":"https:\/\/api.w.org\/{rel}","templated":true}]}}