{"id":160,"date":"2020-12-29T16:14:15","date_gmt":"2020-12-29T13:14:15","guid":{"rendered":"https:\/\/www.myvize.com.tr\/gana\/?page_id=160"},"modified":"2022-05-07T13:32:39","modified_gmt":"2022-05-07T10:32:39","slug":"oturum-2","status":"publish","type":"page","link":"https:\/\/www.myvize.com.tr\/gana\/oturum-2\/","title":{"rendered":"OTURUM"},"content":{"rendered":"\r\n<p><span style=\"font-family: Roboto; font-size: 14px;\">Gana\u2019da uzun s\u00fcre kalmak isteyen ki\u015filerin oturum vizesi alma \u015fans\u0131 vard\u0131r. Bu \u00fclkenin oturum ve vatanda\u015fl\u0131k yasalar\u0131 genel olarak ba\u015fka \u00fclkelerle benzerlik g\u00f6stermektedir. Ancak yine de \u00e7e\u015fitli \u015fekillerde farkl\u0131l\u0131klar\u0131 da bulunmaktad\u0131r. Gana\u2019da <strong>oturum izni<\/strong> alabilmek i\u00e7in ki\u015filer i\u015f\u00e7i stat\u00fcs\u00fcnde ba\u015fvurabilecekleri gibi yat\u0131r\u0131m ve i\u015f kurmak i\u00e7in ya da orada ya\u015famak i\u00e7in ba\u015fvuru yapabilirler. Her grubun da haz\u0131rlamas\u0131 gereken evrak t\u00fcr\u00fc farkl\u0131l\u0131k g\u00f6stermektedir.<\/span><\/p>\r\n\r\n\r\n\r\n<h2><span style=\"font-size: 27px;\"><strong>\u0130\u015f\u00e7i Olarak Oturum Evraklar\u0131<\/strong><\/span><\/h2>\r\n\r\n\r\n\r\n<p><span style=\"font-family: Roboto; font-size: 14px;\">\u0130\u015f\u00e7i olarak Gana\u2019ya gitmeyi d\u00fc\u015f\u00fcn\u00fcyorsan\u0131z \u015firketten ikamet izni ba\u015fvuru mektubu alman\u0131z gereklidir. Bu belgenin hem asl\u0131n\u0131 hem de fotokopisini dosyan\u0131zda bulundurmal\u0131s\u0131n\u0131z. <span style=\"color: #2acec2;\"><strong><a style=\"color: #2acec2;\" href=\"https:\/\/www.myvize.com.tr\/gana\/vize-islemleri\/gana-vize-basvuru-formu\/\" target=\"_blank\" rel=\"noopener\">Gana Vize Ba\u015fvuru Formu<\/a><\/strong><\/span> eksiksiz doldurulmal\u0131d\u0131r. 3 tane biyometrik foto\u011fraf haz\u0131rlaman\u0131z gereklidir. \u00d6zge\u00e7mi\u015f yazman\u0131z gereklidir. Kendi \u00fclkenizin polisinden rapor alman\u0131z gereklidir. \u0130\u015fveren s\u00f6zle\u015fmesi ve \u015firketinizin vergi akreditifi belgesi gereklidir. T\u00fcm belgeleri eksiksiz olarak haz\u0131rlayarak gerekli yerlere sunman\u0131z gerekmektedir.<\/span><\/p>\r\n\r\n\r\n\r\n<h2><span style=\"font-size: 27px;\"><strong>Gana\u2019da Oturum ve Ya\u015fama Evraklar\u0131<\/strong><\/span><\/h2>\r\n\r\n\r\n\r\n<p><span style=\"font-family: Roboto; font-size: 14px;\">Gana\u2019da oturum ve ya\u015fam i\u00e7in de evraklar haz\u0131rlamak gereklidir. \u00c7al\u0131\u015ft\u0131\u011f\u0131n\u0131z \u015firketten ikamet izni ba\u015fvuru mektubu alman\u0131z gerekiyor. \u015eirketiniz ile ilgili belgelerinizi bulundurman\u0131z gereklidir. G\u00f6\u00e7menlik i\u00e7in <strong>ba\u015fvuru formu<\/strong> doldurmal\u0131s\u0131n\u0131z. \u00dc\u00e7 tane biyometrik foto\u011fraf dosyan\u0131zda yer almal\u0131d\u0131r. G\u00f6\u00e7men kotas\u0131 komitesinin onay mektubu olmal\u0131d\u0131r. \u00d6zge\u00e7mi\u015f bulundurmal\u0131s\u0131n\u0131z. Uyru\u011fu oldu\u011fu \u00fclkeden al\u0131nan bir polis raporu olmas\u0131 da \u00f6nemlidir. Gana\u2019da iyi bir hastaneden bir t\u0131bbi rapor da bulundurman\u0131z gerekli evraklar aras\u0131ndad\u0131r. Ayn\u0131 zamanda i\u015fverenle bir i\u015f s\u00f6zle\u015fmesi de gereklidir.<\/span><\/p>\r\n\r\n\r\n\r\n<h2><span style=\"font-size: 27px;\"><strong>Gana\u2019da Yat\u0131r\u0131m Yapmak isteyenler \u0130\u00e7in Oturum \u0130zni<\/strong><\/span><\/h2>\r\n\r\n\r\n\r\n<p><span style=\"font-family: Roboto; font-size: 14px;\">E\u011fer Gana\u2019da yat\u0131r\u0131m yapmak istiyorsan\u0131z oturum iznini daha kolay \u015fekilde alma \u015fans\u0131n\u0131z bulunmaktad\u0131r. \u015eirketten al\u0131nm\u0131\u015f ikamet izni ba\u015fvuru mektubu \u00f6nemli evraklardan biridir. \u015eirket belgeleriniz, <strong>oturum ba\u015fvuru formu<\/strong>, 3 biyometrik foto\u011fraf, \u00f6zge\u00e7mi\u015f ve polis raporu bulundurman\u0131z gereklidir. Ayn\u0131 zamanda GYMP\u2019den onayl\u0131 bir mektubunuz da olmak durumundad\u0131r.<\/span><\/p>\r\n<h2><strong><span style=\"font-family: Roboto; font-size: 27px;\">Gana Oturum \u0130\u015flemleri<\/span><\/strong><\/h2>\r\n<p><span style=\"font-family: Roboto; font-size: 14px;\">Gana\u2019da 90 g\u00fcnden daha fazla s\u00fcre konaklamak isteyen T\u00fcrkiye Cumhuriyeti vatanda\u015flar\u0131 bunun i\u00e7in Gana oturum izni almal\u0131d\u0131r. <strong>Gana oturum izni<\/strong> ba\u015fvurusu <span style=\"color: #2acec2;\"><strong><a style=\"color: #2acec2;\" href=\"https:\/\/www.myvize.com.tr\/gana\/konsolosluklar\/ankara-buyukelciligi\/\" target=\"_blank\" rel=\"noopener\">Gana Ankara B\u00fcy\u00fckel\u00e7ili\u011fi<\/a><\/strong><\/span> ve Gana \u0130stanbul Ba\u015fkonsoloslu\u011fu\u2019na yap\u0131lmaktad\u0131r. Bunun i\u00e7in \u00f6ncelikle <strong>oturum izni<\/strong> ba\u015fvuru formu doldurulmal\u0131 ve oturum izni dilek\u00e7esi yaz\u0131lmal\u0131d\u0131r. Daha sonra vize ba\u015fvurusu yap\u0131lacak yerden randevu al\u0131nmal\u0131d\u0131r. Randevu g\u00fcn\u00fc ve tarihine kadar gerekli belgeler haz\u0131rlanmal\u0131d\u0131r.<\/span><\/p>\r\n<p><span style=\"font-family: Roboto; font-size: 14px;\"><strong>Gana oturum izni<\/strong> i\u00e7in gerekli bir \u015fart\u0131n\u0131z olmal\u0131d\u0131r. Bu \u015fart Gana\u2019da \u00e7al\u0131\u015fmak, e\u011fitim almak, ailesi beraber oturmak gibi nedenler olmal\u0131d\u0131r. <strong>Gana oturum izni<\/strong> i\u00e7in gerekli belgeler a\u015fa\u011f\u0131da verilmi\u015ftir.<\/span><\/p>\r\n<ul>\r\n<li><span style=\"font-family: Roboto; font-size: 14px;\">10 y\u0131l i\u00e7erisinde \u00e7\u0131kar\u0131lm\u0131\u015f, oturum s\u00fcresini kapsayan, y\u0131pranmam\u0131\u015f pasaport<\/span><\/li>\r\n<li><span style=\"font-family: Roboto; font-size: 14px;\">Oturum izni <span style=\"color: #2acec2;\"><strong><a style=\"color: #2acec2;\" href=\"https:\/\/www.myvize.com.tr\/gana\/form-ve-dilekce\/vize-basvuru-formu\/\" target=\"_blank\" rel=\"noopener\">vize ba\u015fvuru formu<\/a><\/strong><\/span><\/span><\/li>\r\n<li><span style=\"font-family: Roboto; font-size: 14px;\">Oturum izni dilek\u00e7esi<\/span><\/li>\r\n<li><span style=\"font-family: Roboto; font-size: 14px;\">Son alt\u0131 aya ait banka hesap d\u00f6k\u00fcm\u00fc<\/span><\/li>\r\n<li><span style=\"font-family: Roboto; font-size: 14px;\">Kimlik fotokopisi<\/span><\/li>\r\n<li><span style=\"font-family: Roboto; font-size: 14px;\"><strong>Oturum izni<\/strong> ba\u015fvurusunun nedenini kan\u0131tlayan gerekli belgeler<\/span><\/li>\r\n<li><span style=\"font-family: Roboto; font-size: 14px;\">3 ay i\u00e7erisinde \u00e7\u0131kar\u0131lm\u0131\u015f adli sicil kayd\u0131<\/span><\/li>\r\n<li><span style=\"font-family: Roboto; font-size: 14px;\">Tam vukuatl\u0131 n\u00fcfus kay\u0131t \u00f6rne\u011fi<\/span><\/li>\r\n<li><span style=\"font-family: Roboto; font-size: 14px;\">Gana\u2019da konaklayaca\u011f\u0131n\u0131z yerin adresi<\/span><\/li>\r\n<li><span style=\"font-family: Roboto; font-size: 14px;\">En az 30.000 Euro teminatl\u0131 Seyahat Sa\u011fl\u0131k Sigortas\u0131<\/span><\/li>\r\n<li><span style=\"font-family: Roboto; font-size: 14px;\">U\u00e7u\u015f bilgileri<\/span><\/li>\r\n<li><span style=\"font-family: Roboto; font-size: 14px;\">Var ise tapu ve ara\u00e7 ruhsat\u0131 fotokopisi<\/span><\/li>\r\n<li><span style=\"font-family: Roboto; font-size: 14px;\">Var ise ek gelirleri g\u00f6steren belgeler<\/span><\/li>\r\n<\/ul>\r\n<h3><span style=\"font-family: Roboto; font-size: 24px;\"><b>Gana Oturum<\/b><\/span><\/h3>\r\n<p><span style=\"font-family: Roboto; font-size: 14px;\"><strong>Gana oturum izni<\/strong> alabilmesi i\u00e7in ba\u015fvuru yapacak ki\u015finin, \u00f6ncelikle \u00fclkeye giri\u015f yapmas\u0131 olduk\u00e7a \u00f6nemli kurallardan biridir. Gana vize i\u015flemlerinde ki\u015fi Gana oturum kart\u0131n\u0131 kullanma hakk\u0131na sahiptir. Ayr\u0131ca\u00a0<strong>Gana vize i\u015flemleri<\/strong>\u00a0i\u00e7in ba\u015fvuru sahibinin \u00f6zellikle pasaportunun en az alt\u0131 ay ge\u00e7erlilik g\u00f6stermesi \u00f6nemli hususlar aras\u0131ndad\u0131r.<\/span><\/p>\r\n<p><span style=\"font-family: Roboto; font-size: 14px;\">Gana oturum izni almak isteyen ki\u015finin\u00a0<strong>Gana vizesi<\/strong>\u00a0ba\u015fvurusunda bunu belirtmesi ve istenen evraklar\u0131 d\u00fczenlemesi gerekmektedir. Ayr\u0131ca gerekli\u00a0<strong>Gana vizesi \u00fccreti<\/strong>\u00a0de yat\u0131r\u0131lmal\u0131, kar\u015f\u0131l\u0131\u011f\u0131nda dekont al\u0131nmal\u0131d\u0131r. Ba\u015fvuru yapan vatanda\u015f\u0131n sab\u0131kas\u0131n\u0131n temiz olmas\u0131 gerekmektedir. Ki\u015fi i\u015f\u00e7i olarak gidecek ise ba\u011fl\u0131 oldu\u011fu \u015firketten, \u015firket ikamet izni ba\u015fvuru mektubunun asl\u0131 ve fotokopisi yan\u0131nda olmal\u0131d\u0131r. \u015eirket i\u015fe ba\u015flama sertifikalar\u0131n\u0131n, \u015firket kurulu\u015f belgelerinin ve \u015firket kodunun tam olmas\u0131 olduk\u00e7a \u00f6nemli kurallardan biridir. Bunun d\u0131\u015f\u0131nda Gana oturum i\u015flemlerinde ki\u015filerden 3 adet biyometrik foto\u011fraf ve \u0130\u00e7 i\u015fleri Bakanl\u0131\u011f\u0131\u2019ndan al\u0131nm\u0131\u015f olan onay mektubunun asl\u0131 talep edilmektedir.<\/span><\/p>\r\n<p><span style=\"font-family: Roboto; font-size: 14px;\">T\u00fcm \u015fartlar\u0131 sa\u011flayan ba\u015fvuru sahiplerinin\u00a0<strong>Gana oturum izni\u00a0<\/strong>ba\u015fvurular\u0131, Gana G\u00f6\u00e7menlik B\u00fcrosu taraf\u0131ndan yap\u0131lan de\u011ferlendirmeler sonucunda ba\u015fvuru sahiplerine bildirilmektedir. Ba\u015fvuru yapan ki\u015fi, ba\u015fvuru esnas\u0131nda \u00f6zellikle g\u00fcncel telefon numaras\u0131n\u0131 belirtmek zorundad\u0131r. Aksi taktirde <strong>Gana oturum izni<\/strong> i\u015flemleri<strong>\u00a0<\/strong>yap\u0131l\u0131rken herhangi bir sorun ya\u015fan\u0131rsa, yetkililer direkt olarak ileti\u015fime ge\u00e7ip sorunu \u00e7\u00f6zmeye odaklanmaktad\u0131r.<\/span><\/p>\r\n","protected":false},"excerpt":{"rendered":"<p>Gana\u2019da uzun s\u00fcre kalmak isteyen ki\u015filerin oturum vizesi alma \u015fans\u0131 vard\u0131r. Bu \u00fclkenin oturum ve vatanda\u015fl\u0131k yasalar\u0131 genel olarak ba\u015fka \u00fclkelerle benzerlik g\u00f6stermektedir. Ancak yine de \u00e7e\u015fitli \u015fekillerde farkl\u0131l\u0131klar\u0131 da bulunmaktad\u0131r. Gana\u2019da oturum izni alabilmek i\u00e7in ki\u015filer i\u015f\u00e7i stat\u00fcs\u00fcnde ba\u015fvurabilecekleri gibi yat\u0131r\u0131m ve i\u015f kurmak i\u00e7in ya da orada ya\u015famak i\u00e7in ba\u015fvuru yapabilirler. Her grubun<\/p>\n","protected":false},"author":1,"featured_media":0,"parent":0,"menu_order":0,"comment_status":"open","ping_status":"closed","template":"","meta":{"footnotes":""},"class_list":["post-160","page","type-page","status-publish","hentry"],"yoast_head":"<!-- This site is optimized with the Yoast SEO plugin v24.0 - https:\/\/yoast.com\/wordpress\/plugins\/seo\/ -->\n<title>Gana Oturum Vizesi - Gana Oturum \u0130zni \u0130\u015flemi - MyVize<\/title>\n<meta name=\"description\" content=\"Gana oturum vizesi i\u00e7in gerekli evraklar ve \u015fartlar g\u00fcncel. Gana oturum vizesi ba\u015fvurusunda dikkat edilmesi gerekenler.\" \/>\n<meta name=\"robots\" content=\"index, follow, max-snippet:-1, max-image-preview:large, max-video-preview:-1\" \/>\n<link rel=\"canonical\" href=\"https:\/\/www.myvize.com.tr\/gana\/oturum-2\/\" \/>\n<meta property=\"og:locale\" content=\"tr_TR\" \/>\n<meta property=\"og:type\" content=\"article\" \/>\n<meta property=\"og:title\" content=\"Gana Oturum Vizesi - Gana Oturum \u0130zni \u0130\u015flemi - MyVize\" \/>\n<meta property=\"og:description\" content=\"Gana oturum vizesi i\u00e7in gerekli evraklar ve \u015fartlar g\u00fcncel. Gana oturum vizesi ba\u015fvurusunda dikkat edilmesi gerekenler.\" \/>\n<meta property=\"og:url\" content=\"https:\/\/www.myvize.com.tr\/gana\/oturum-2\/\" \/>\n<meta property=\"og:site_name\" content=\"Gana Vizesi\" \/>\n<meta property=\"article:modified_time\" content=\"2022-05-07T10:32:39+00:00\" \/>\n<meta name=\"twitter:card\" content=\"summary_large_image\" \/>\n<meta name=\"twitter:label1\" content=\"Tahmini okuma s\u00fcresi\" \/>\n\t<meta name=\"twitter:data1\" content=\"3 dakika\" \/>\n<script type=\"application\/ld+json\" class=\"yoast-schema-graph\">{\"@context\":\"https:\/\/schema.org\",\"@graph\":[{\"@type\":\"WebPage\",\"@id\":\"https:\/\/www.myvize.com.tr\/gana\/oturum-2\/\",\"url\":\"https:\/\/www.myvize.com.tr\/gana\/oturum-2\/\",\"name\":\"Gana Oturum Vizesi - Gana Oturum \u0130zni \u0130\u015flemi - MyVize\",\"isPartOf\":{\"@id\":\"https:\/\/www.myvize.com.tr\/gana\/#website\"},\"datePublished\":\"2020-12-29T13:14:15+00:00\",\"dateModified\":\"2022-05-07T10:32:39+00:00\",\"description\":\"Gana oturum vizesi i\u00e7in gerekli evraklar ve \u015fartlar g\u00fcncel. Gana oturum vizesi ba\u015fvurusunda dikkat edilmesi gerekenler.\",\"breadcrumb\":{\"@id\":\"https:\/\/www.myvize.com.tr\/gana\/oturum-2\/#breadcrumb\"},\"inLanguage\":\"tr\",\"potentialAction\":[{\"@type\":\"ReadAction\",\"target\":[\"https:\/\/www.myvize.com.tr\/gana\/oturum-2\/\"]}]},{\"@type\":\"BreadcrumbList\",\"@id\":\"https:\/\/www.myvize.com.tr\/gana\/oturum-2\/#breadcrumb\",\"itemListElement\":[{\"@type\":\"ListItem\",\"position\":1,\"name\":\"Anasayfa\",\"item\":\"https:\/\/www.myvize.com.tr\/gana\/\"},{\"@type\":\"ListItem\",\"position\":2,\"name\":\"OTURUM\"}]},{\"@type\":\"WebSite\",\"@id\":\"https:\/\/www.myvize.com.tr\/gana\/#website\",\"url\":\"https:\/\/www.myvize.com.tr\/gana\/\",\"name\":\"Gana Vizesi\",\"description\":\"\",\"potentialAction\":[{\"@type\":\"SearchAction\",\"target\":{\"@type\":\"EntryPoint\",\"urlTemplate\":\"https:\/\/www.myvize.com.tr\/gana\/?s={search_term_string}\"},\"query-input\":{\"@type\":\"PropertyValueSpecification\",\"valueRequired\":true,\"valueName\":\"search_term_string\"}}],\"inLanguage\":\"tr\"}]}<\/script>\n<!-- \/ Yoast SEO plugin. -->","yoast_head_json":{"title":"Gana Oturum Vizesi - Gana Oturum \u0130zni \u0130\u015flemi - MyVize","description":"Gana oturum vizesi i\u00e7in gerekli evraklar ve \u015fartlar g\u00fcncel. Gana oturum vizesi ba\u015fvurusunda dikkat edilmesi gerekenler.","robots":{"index":"index","follow":"follow","max-snippet":"max-snippet:-1","max-image-preview":"max-image-preview:large","max-video-preview":"max-video-preview:-1"},"canonical":"https:\/\/www.myvize.com.tr\/gana\/oturum-2\/","og_locale":"tr_TR","og_type":"article","og_title":"Gana Oturum Vizesi - Gana Oturum \u0130zni \u0130\u015flemi - MyVize","og_description":"Gana oturum vizesi i\u00e7in gerekli evraklar ve \u015fartlar g\u00fcncel. Gana oturum vizesi ba\u015fvurusunda dikkat edilmesi gerekenler.","og_url":"https:\/\/www.myvize.com.tr\/gana\/oturum-2\/","og_site_name":"Gana Vizesi","article_modified_time":"2022-05-07T10:32:39+00:00","twitter_card":"summary_large_image","twitter_misc":{"Tahmini okuma s\u00fcresi":"3 dakika"},"schema":{"@context":"https:\/\/schema.org","@graph":[{"@type":"WebPage","@id":"https:\/\/www.myvize.com.tr\/gana\/oturum-2\/","url":"https:\/\/www.myvize.com.tr\/gana\/oturum-2\/","name":"Gana Oturum Vizesi - Gana Oturum \u0130zni \u0130\u015flemi - MyVize","isPartOf":{"@id":"https:\/\/www.myvize.com.tr\/gana\/#website"},"datePublished":"2020-12-29T13:14:15+00:00","dateModified":"2022-05-07T10:32:39+00:00","description":"Gana oturum vizesi i\u00e7in gerekli evraklar ve \u015fartlar g\u00fcncel. Gana oturum vizesi ba\u015fvurusunda dikkat edilmesi gerekenler.","breadcrumb":{"@id":"https:\/\/www.myvize.com.tr\/gana\/oturum-2\/#breadcrumb"},"inLanguage":"tr","potentialAction":[{"@type":"ReadAction","target":["https:\/\/www.myvize.com.tr\/gana\/oturum-2\/"]}]},{"@type":"BreadcrumbList","@id":"https:\/\/www.myvize.com.tr\/gana\/oturum-2\/#breadcrumb","itemListElement":[{"@type":"ListItem","position":1,"name":"Anasayfa","item":"https:\/\/www.myvize.com.tr\/gana\/"},{"@type":"ListItem","position":2,"name":"OTURUM"}]},{"@type":"WebSite","@id":"https:\/\/www.myvize.com.tr\/gana\/#website","url":"https:\/\/www.myvize.com.tr\/gana\/","name":"Gana Vizesi","description":"","potentialAction":[{"@type":"SearchAction","target":{"@type":"EntryPoint","urlTemplate":"https:\/\/www.myvize.com.tr\/gana\/?s={search_term_string}"},"query-input":{"@type":"PropertyValueSpecification","valueRequired":true,"valueName":"search_term_string"}}],"inLanguage":"tr"}]}},"_links":{"self":[{"href":"https:\/\/www.myvize.com.tr\/gana\/wp-json\/wp\/v2\/pages\/160","targetHints":{"allow":["GET"]}}],"collection":[{"href":"https:\/\/www.myvize.com.tr\/gana\/wp-json\/wp\/v2\/pages"}],"about":[{"href":"https:\/\/www.myvize.com.tr\/gana\/wp-json\/wp\/v2\/types\/page"}],"author":[{"embeddable":true,"href":"https:\/\/www.myvize.com.tr\/gana\/wp-json\/wp\/v2\/users\/1"}],"replies":[{"embeddable":true,"href":"https:\/\/www.myvize.com.tr\/gana\/wp-json\/wp\/v2\/comments?post=160"}],"version-history":[{"count":5,"href":"https:\/\/www.myvize.com.tr\/gana\/wp-json\/wp\/v2\/pages\/160\/revisions"}],"predecessor-version":[{"id":696,"href":"https:\/\/www.myvize.com.tr\/gana\/wp-json\/wp\/v2\/pages\/160\/revisions\/696"}],"wp:attachment":[{"href":"https:\/\/www.myvize.com.tr\/gana\/wp-json\/wp\/v2\/media?parent=160"}],"curies":[{"name":"wp","href":"https:\/\/api.w.org\/{rel}","templated":true}]}}